{"id":108374,"date":"2024-05-28T13:02:08","date_gmt":"2024-05-28T13:02:08","guid":{"rendered":"https:\/\/ebenezer-oe.org\/ebis-abenteuer\/"},"modified":"2026-01-07T07:51:33","modified_gmt":"2026-01-07T07:51:33","slug":"ebis-abenteuer","status":"publish","type":"page","link":"https:\/\/ebenezer-oe.org\/de\/ebis-abenteuer\/","title":{"rendered":"Ebi\u2019s Abenteuer"},"content":{"rendered":"\n\n\t\t\t\t<img decoding=\"async\" data-src=\"https:\/\/ebenezer-oe.org\/wp-content\/uploads\/2024\/03\/Ebi-Name-Font-1.png\" alt=\"Ebi - Name Font\" itemprop=\"image\" height=\"1080\" width=\"1920\" title=\"Ebi - Name Font\" onerror=\"this.style.display='none'\" src=\"data:image\/svg+xml;base64,PHN2ZyB3aWR0aD0iMSIgaGVpZ2h0PSIxIiB4bWxucz0iaHR0cDovL3d3dy53My5vcmcvMjAwMC9zdmciPjwvc3ZnPg==\" class=\"lazyload\" style=\"--smush-placeholder-width: 1920px; --smush-placeholder-aspect-ratio: 1920\/1080;\" \/>\n\t<h2>Hallo ich bin Ebi!<\/h2>\n\t<p>Mein bester Freund, David, ist j\u00fcdisch. Er hat mir gesagt, dass seine Familie plant, nach Israel zu ziehen, und dass dies eine wichtige Entscheidung nach Gottes Willen sei!<\/p>\n<p>Ich habe so viele Fragen&#8230; Darum hat David mir gesagt, dass er mir viele seiner Freunde vorstellen wird. Darunter sind auch einige Christen, die seiner Familie beim Umzug helfen. Ich m\u00f6chte herausfinden, warum das alles so wichtig ist.<\/p>\n<p>Das wird ein Abenteuer sein!<\/p>\n\t\t\t\t<img decoding=\"async\" data-src=\"https:\/\/ebenezer-oe.org\/wp-content\/uploads\/2024\/03\/Ebi-David.jpg\" alt=\"Ebi &amp; David\" itemprop=\"image\" height=\"1080\" width=\"1080\" title=\"Ebi &amp; David\" onerror=\"this.style.display='none'\" src=\"data:image\/svg+xml;base64,PHN2ZyB3aWR0aD0iMSIgaGVpZ2h0PSIxIiB4bWxucz0iaHR0cDovL3d3dy53My5vcmcvMjAwMC9zdmciPjwvc3ZnPg==\" class=\"lazyload\" style=\"--smush-placeholder-width: 1080px; --smush-placeholder-aspect-ratio: 1080\/1080;\" \/>\n\t<h2>Bereit f\u00fcr ein Abenteuer?<\/h2>\n\t\t<iframe title=\"Hallo, ich bin Ebi | Ebi&#039;s Abenteuer\" width=\"500\" height=\"281\" data-src=\"https:\/\/www.youtube.com\/embed\/09Ux9D8hEM4?feature=oembed\" frameborder=\"0\" allow=\"accelerometer; autoplay; clipboard-write; encrypted-media; gyroscope; picture-in-picture; web-share\" referrerpolicy=\"strict-origin-when-cross-origin\" allowfullscreen src=\"data:image\/svg+xml;base64,PHN2ZyB3aWR0aD0iMSIgaGVpZ2h0PSIxIiB4bWxucz0iaHR0cDovL3d3dy53My5vcmcvMjAwMC9zdmciPjwvc3ZnPg==\" class=\"lazyload\" data-load-mode=\"1\"><\/iframe>\t\n\t<h2><b>Vom Hirtenjungen zum K\u00f6nig<\/b><\/h2>\n\t\t<iframe title=\"From Shepherd boy to King - The story of David | Ebi&#039;s Adventures\" width=\"500\" height=\"281\" data-src=\"https:\/\/www.youtube.com\/embed\/i5rzPmuxWrw?feature=oembed\" frameborder=\"0\" allow=\"accelerometer; autoplay; clipboard-write; encrypted-media; gyroscope; picture-in-picture; web-share\" referrerpolicy=\"strict-origin-when-cross-origin\" allowfullscreen src=\"data:image\/svg+xml;base64,PHN2ZyB3aWR0aD0iMSIgaGVpZ2h0PSIxIiB4bWxucz0iaHR0cDovL3d3dy53My5vcmcvMjAwMC9zdmciPjwvc3ZnPg==\" class=\"lazyload\" data-load-mode=\"1\"><\/iframe>\t\n\t<p>Geschichtenstunde<\/p>\n\t\t\t\t<a href=\"https:\/\/ebenezer-oe.org\/wp-content\/uploads\/2026\/01\/GER-EBI-Issue-4-2025.pdf\"  target=\"_blank\" rel=\"noopener\"  itemprop=\"url\">\n\t\t\t\t<img decoding=\"async\" data-src=\"https:\/\/ebenezer-oe.org\/wp-content\/uploads\/2025\/10\/background-3.jpg\" alt=\"background-3\" itemprop=\"image\" height=\"2000\" width=\"1414\" title=\"background-3\" onerror=\"this.style.display='none'\" src=\"data:image\/svg+xml;base64,PHN2ZyB3aWR0aD0iMSIgaGVpZ2h0PSIxIiB4bWxucz0iaHR0cDovL3d3dy53My5vcmcvMjAwMC9zdmciPjwvc3ZnPg==\" class=\"lazyload\" style=\"--smush-placeholder-width: 1414px; --smush-placeholder-aspect-ratio: 1414\/2000;\" \/>\n\t\t\t\t<\/a>\n\t<p>PDF herunterladen<\/p>\n\t<p><i>Sobald das PDF auf einer separaten Seite des Internet-Browsers ge\u00f6ffnet ist, kann es gedruckt oder gespeichert werden. <\/i><\/p>\n\t<h2><b>Rahab und die Spione<\/b><\/h2>\n\t\t<iframe title=\"Rahab and the Spies | Ebi&#039;s Adventures\" width=\"500\" height=\"281\" data-src=\"https:\/\/www.youtube.com\/embed\/gPRjglFNFCA?start=1&#038;feature=oembed\" frameborder=\"0\" allow=\"accelerometer; autoplay; clipboard-write; encrypted-media; gyroscope; picture-in-picture; web-share\" referrerpolicy=\"strict-origin-when-cross-origin\" allowfullscreen src=\"data:image\/svg+xml;base64,PHN2ZyB3aWR0aD0iMSIgaGVpZ2h0PSIxIiB4bWxucz0iaHR0cDovL3d3dy53My5vcmcvMjAwMC9zdmciPjwvc3ZnPg==\" class=\"lazyload\" data-load-mode=\"1\"><\/iframe>\t\n\t<p>Geschichtenstunde<\/p>\n\t\t\t\t<a href=\"https:\/\/ebenezer-oe.org\/wp-content\/uploads\/2026\/01\/GER-EBI-Issue-03-Storytime.pdf\"  target=\"_blank\" rel=\"noopener\"  itemprop=\"url\">\n\t\t\t\t<img decoding=\"async\" data-src=\"https:\/\/ebenezer-oe.org\/wp-content\/uploads\/2025\/07\/Childrens-Issue-3-2025.jpg\" alt=\"Childrens Issue 3 2025\" itemprop=\"image\" height=\"2000\" width=\"1414\" title=\"Childrens Issue 3 2025\" onerror=\"this.style.display='none'\" src=\"data:image\/svg+xml;base64,PHN2ZyB3aWR0aD0iMSIgaGVpZ2h0PSIxIiB4bWxucz0iaHR0cDovL3d3dy53My5vcmcvMjAwMC9zdmciPjwvc3ZnPg==\" class=\"lazyload\" style=\"--smush-placeholder-width: 1414px; --smush-placeholder-aspect-ratio: 1414\/2000;\" \/>\n\t\t\t\t<\/a>\n\t<p>PDF herunterladen<\/p>\n\t<p><i>Sobald das PDF auf einer separaten Seite des Internet-Browsers ge\u00f6ffnet ist, kann es gedruckt oder gespeichert werden. <\/i><\/p>\n\t<h2>Umzug In Eine Neue Heimat<\/h2>\n\t\t<iframe title=\"Abraham moves to a new home! | Ebi&#039;s Adventures\" width=\"500\" height=\"281\" data-src=\"https:\/\/www.youtube.com\/embed\/khkQoLWY-Wg?feature=oembed\" frameborder=\"0\" allow=\"accelerometer; autoplay; clipboard-write; encrypted-media; gyroscope; picture-in-picture; web-share\" referrerpolicy=\"strict-origin-when-cross-origin\" allowfullscreen src=\"data:image\/svg+xml;base64,PHN2ZyB3aWR0aD0iMSIgaGVpZ2h0PSIxIiB4bWxucz0iaHR0cDovL3d3dy53My5vcmcvMjAwMC9zdmciPjwvc3ZnPg==\" class=\"lazyload\" data-load-mode=\"1\"><\/iframe> \t\n\t<p>Geschichtenstunde<\/p>\n\t\t\t\t<a href=\"https:\/\/ebenezer-oe.org\/wp-content\/uploads\/2025\/06\/Ebi-Issue-2-2025-GER.pdf%20\"  target=\"_blank\" rel=\"noopener\"  itemprop=\"url\">\n\t\t\t\t<img decoding=\"async\" data-src=\"https:\/\/ebenezer-oe.org\/wp-content\/uploads\/2025\/06\/GER-2-2025.jpg\" alt=\"GER 2 2025\" itemprop=\"image\" height=\"2000\" width=\"1414\" title=\"GER 2 2025\" onerror=\"this.style.display='none'\" src=\"data:image\/svg+xml;base64,PHN2ZyB3aWR0aD0iMSIgaGVpZ2h0PSIxIiB4bWxucz0iaHR0cDovL3d3dy53My5vcmcvMjAwMC9zdmciPjwvc3ZnPg==\" class=\"lazyload\" style=\"--smush-placeholder-width: 1414px; --smush-placeholder-aspect-ratio: 1414\/2000;\" \/>\n\t\t\t\t<\/a>\n\t<p>PDF herunterladen<\/p>\n\t<p><i>Sobald das PDF auf einer separaten Seite des Internet-Browsers ge\u00f6ffnet ist, kann es gedruckt oder gespeichert werden. <\/i><\/p>\n\t<h2>Stephens Busch In Israel<\/h2>\n\t\t<iframe title=\"Stephen&#039;s visit to Israel | Ebi&#039;s Adventures\" width=\"500\" height=\"281\" data-src=\"https:\/\/www.youtube.com\/embed\/gMfGRwg4E3E?feature=oembed\" frameborder=\"0\" allow=\"accelerometer; autoplay; clipboard-write; encrypted-media; gyroscope; picture-in-picture; web-share\" referrerpolicy=\"strict-origin-when-cross-origin\" allowfullscreen src=\"data:image\/svg+xml;base64,PHN2ZyB3aWR0aD0iMSIgaGVpZ2h0PSIxIiB4bWxucz0iaHR0cDovL3d3dy53My5vcmcvMjAwMC9zdmciPjwvc3ZnPg==\" class=\"lazyload\" data-load-mode=\"1\"><\/iframe>\t\n\t<p>Geschichtenstunde<\/p>\n\t\t\t\t<a href=\"https:\/\/ebenezer-oe.org\/wp-content\/uploads\/2025\/06\/Ebi-Issue-1-2025-GER.pdf%20\"  target=\"_blank\" rel=\"noopener\"  itemprop=\"url\">\n\t\t\t\t<img decoding=\"async\" data-src=\"https:\/\/ebenezer-oe.org\/wp-content\/uploads\/2025\/06\/Ger-1-2025.jpg\" alt=\"Ger 1 2025\" itemprop=\"image\" height=\"2000\" width=\"1414\" title=\"Ger 1 2025\" onerror=\"this.style.display='none'\" src=\"data:image\/svg+xml;base64,PHN2ZyB3aWR0aD0iMSIgaGVpZ2h0PSIxIiB4bWxucz0iaHR0cDovL3d3dy53My5vcmcvMjAwMC9zdmciPjwvc3ZnPg==\" class=\"lazyload\" style=\"--smush-placeholder-width: 1414px; --smush-placeholder-aspect-ratio: 1414\/2000;\" \/>\n\t\t\t\t<\/a>\n\t<p>PDF herunterladen<\/p>\n\t<p><i>Sobald das PDF auf einer separaten Seite des Internet-Browsers ge\u00f6ffnet ist, kann es gedruckt oder gespeichert werden. <\/i><\/p>\n\t<h2>Davids Freunde<\/h2>\n\t\t<iframe title=\"David&#039;s Freunde | Ebi&#039;s Abenteuer\" width=\"500\" height=\"281\" data-src=\"https:\/\/www.youtube.com\/embed\/bjMLKyjHZcg?feature=oembed\" frameborder=\"0\" allow=\"accelerometer; autoplay; clipboard-write; encrypted-media; gyroscope; picture-in-picture; web-share\" referrerpolicy=\"strict-origin-when-cross-origin\" allowfullscreen src=\"data:image\/svg+xml;base64,PHN2ZyB3aWR0aD0iMSIgaGVpZ2h0PSIxIiB4bWxucz0iaHR0cDovL3d3dy53My5vcmcvMjAwMC9zdmciPjwvc3ZnPg==\" class=\"lazyload\" data-load-mode=\"1\"><\/iframe>\t\n\t<p>Geschichtenstunde<\/p>\n\t\t\t\t<a href=\"https:\/\/ebenezer-oe.org\/wp-content\/uploads\/2024\/10\/Ebi-Issue-2-GER.pdf\"  target=\"_blank\" rel=\"noopener\"  itemprop=\"url\">\n\t\t\t\t<img decoding=\"async\" data-src=\"https:\/\/ebenezer-oe.org\/wp-content\/uploads\/2024\/10\/Bulletins-Compressed-Cover-8.jpg\" alt=\"Bulletins Compressed Cover-8\" itemprop=\"image\" height=\"2000\" width=\"1414\" title=\"Bulletins Compressed Cover-8\" onerror=\"this.style.display='none'\" src=\"data:image\/svg+xml;base64,PHN2ZyB3aWR0aD0iMSIgaGVpZ2h0PSIxIiB4bWxucz0iaHR0cDovL3d3dy53My5vcmcvMjAwMC9zdmciPjwvc3ZnPg==\" class=\"lazyload\" style=\"--smush-placeholder-width: 1414px; --smush-placeholder-aspect-ratio: 1414\/2000;\" \/>\n\t\t\t\t<\/a>\n\t<p>PDF herunterladen<\/p>\n\t<p><i>Sobald das PDF auf einer separaten Seite des Internet-Browsers ge\u00f6ffnet ist, kann es gedruckt oder gespeichert werden. <\/i><\/p>\n\t<h2>Talias Traum<\/h2>\n\t\t<iframe title=\"Talia macht Aliyah | Ebi&#039;s Abenteuer\" width=\"500\" height=\"281\" data-src=\"https:\/\/www.youtube.com\/embed\/vJ7U-MNLl4w?feature=oembed\" frameborder=\"0\" allow=\"accelerometer; autoplay; clipboard-write; encrypted-media; gyroscope; picture-in-picture; web-share\" referrerpolicy=\"strict-origin-when-cross-origin\" allowfullscreen src=\"data:image\/svg+xml;base64,PHN2ZyB3aWR0aD0iMSIgaGVpZ2h0PSIxIiB4bWxucz0iaHR0cDovL3d3dy53My5vcmcvMjAwMC9zdmciPjwvc3ZnPg==\" class=\"lazyload\" data-load-mode=\"1\"><\/iframe>\t\n\t<p>Geschichtenstunde<\/p>\n\t\t\t\t<a href=\"https:\/\/ebenezer-oe.org\/wp-content\/uploads\/2024\/05\/EOE-Ebi-Kids-Issue-1-GER.pdf\"  target=\"_blank\" rel=\"noopener\"  itemprop=\"url\">\n\t\t\t\t<img decoding=\"async\" data-src=\"https:\/\/ebenezer-oe.org\/wp-content\/uploads\/2024\/05\/de-Ebi.jpg\" alt=\"de - Ebi\" itemprop=\"image\" height=\"2000\" width=\"1414\" title=\"de - Ebi\" onerror=\"this.style.display='none'\" src=\"data:image\/svg+xml;base64,PHN2ZyB3aWR0aD0iMSIgaGVpZ2h0PSIxIiB4bWxucz0iaHR0cDovL3d3dy53My5vcmcvMjAwMC9zdmciPjwvc3ZnPg==\" class=\"lazyload\" style=\"--smush-placeholder-width: 1414px; --smush-placeholder-aspect-ratio: 1414\/2000;\" \/>\n\t\t\t\t<\/a>\n\t<p>PDF herunterladen<\/p>\n\t<p><i>Sobald das PDF auf einer separaten Seite des Internet-Browsers ge\u00f6ffnet ist, kann es gedruckt oder gespeichert werden. <\/i><\/p>\n\t<h2>Ebi&#8217;s YouTube-Kanal abonnieren<\/h2>\n\t\t\t<a href=\"https:\/\/www.youtube.com\/@ebisadventures\" target=\"_blank\" rel=\"noopener\">\n\t\t\t\t\t\tBesuchen Sie unseren Kanal\n\t\t\t\t\t<\/a>\n\t\t\t\t<img decoding=\"async\" data-src=\"https:\/\/ebenezer-oe.org\/wp-content\/uploads\/2024\/04\/Finnish-2.png\" alt=\"Finnish-2\" itemprop=\"image\" height=\"1080\" width=\"1080\" title=\"Finnish-2\" onerror=\"this.style.display='none'\" src=\"data:image\/svg+xml;base64,PHN2ZyB3aWR0aD0iMSIgaGVpZ2h0PSIxIiB4bWxucz0iaHR0cDovL3d3dy53My5vcmcvMjAwMC9zdmciPjwvc3ZnPg==\" class=\"lazyload\" style=\"--smush-placeholder-width: 1080px; --smush-placeholder-aspect-ratio: 1080\/1080;\" \/>\n\t<h2>Wo ist Ebi?<\/h2>\n\t<p>Ebi versteckt sich irgendwo in diesen Bildern. Kannst du ihn finden?<\/p>\n\t\t\t\t<img decoding=\"async\" data-src=\"https:\/\/ebenezer-oe.org\/wp-content\/uploads\/2024\/03\/1-2-scaled.jpg\" alt=\"1\" itemprop=\"image\" height=\"2560\" width=\"1810\" title=\"1\" onerror=\"this.style.display='none'\" src=\"data:image\/svg+xml;base64,PHN2ZyB3aWR0aD0iMSIgaGVpZ2h0PSIxIiB4bWxucz0iaHR0cDovL3d3dy53My5vcmcvMjAwMC9zdmciPjwvc3ZnPg==\" class=\"lazyload\" style=\"--smush-placeholder-width: 1810px; --smush-placeholder-aspect-ratio: 1810\/2560;\" \/>\n\t\t\t\t<img decoding=\"async\" data-src=\"https:\/\/ebenezer-oe.org\/wp-content\/uploads\/2024\/03\/3-2-scaled.jpg\" alt=\"3\" itemprop=\"image\" height=\"2560\" width=\"1810\" title=\"3\" onerror=\"this.style.display='none'\" src=\"data:image\/svg+xml;base64,PHN2ZyB3aWR0aD0iMSIgaGVpZ2h0PSIxIiB4bWxucz0iaHR0cDovL3d3dy53My5vcmcvMjAwMC9zdmciPjwvc3ZnPg==\" class=\"lazyload\" style=\"--smush-placeholder-width: 1810px; --smush-placeholder-aspect-ratio: 1810\/2560;\" \/>\n\t\t\t\t<img decoding=\"async\" data-src=\"https:\/\/ebenezer-oe.org\/wp-content\/uploads\/2024\/03\/2-2-scaled.jpg\" alt=\"2\" itemprop=\"image\" height=\"2560\" width=\"1810\" title=\"2\" onerror=\"this.style.display='none'\" src=\"data:image\/svg+xml;base64,PHN2ZyB3aWR0aD0iMSIgaGVpZ2h0PSIxIiB4bWxucz0iaHR0cDovL3d3dy53My5vcmcvMjAwMC9zdmciPjwvc3ZnPg==\" class=\"lazyload\" style=\"--smush-placeholder-width: 1810px; --smush-placeholder-aspect-ratio: 1810\/2560;\" \/>\n\t<p><em>Um diese Arbeitsbl\u00e4tter herunterzuladen, klicken Sie mit der rechten Maustaste auf das Bild und w\u00e4hlen Sie &#8218;herunterladen&#8216; or &#8217;speichern als&#8216;. Sie k\u00f6nnen diese<\/em><\/p>\n\t<p>Haben Sie Schwierigkeiten beim Herunterladen der Materialien?<\/p>\n\t<p>Bitte senden Sie uns eine E-Mail und teilen Sie uns mit, auf welche Materialien Sie zugreifen m\u00f6chten. Wir k\u00f6nnen Ihnen diese dann direkt zusenden.<\/p>\n\t\t\t<a href=\"mailto:ruth.linnell@ebeneze-oe.org\" target=\"_self\">\n\t\t\t\t\t\t\tE-Mail f\u00fcr Materialien\n\t\t\t\t\t<\/a>\n\n","protected":false},"excerpt":{"rendered":"<p>Hallo ich bin Ebi! Mein bester Freund, David, ist j\u00fcdisch. Er hat mir gesagt, dass seine Familie plant, nach Israel zu ziehen, und dass dies eine wichtige Entscheidung nach Gottes Willen sei! Ich habe so viele Fragen&#8230; Darum hat David mir gesagt, dass er mir viele seiner Freunde vorstellen wird. Darunter sind auch einige Christen,&hellip;<\/p>\n","protected":false},"author":2,"featured_media":0,"parent":0,"menu_order":0,"comment_status":"closed","ping_status":"closed","template":"","meta":{"footnotes":""},"class_list":["post-108374","page","type-page","status-publish","hentry"],"yoast_head":"<!-- This site is optimized with the Yoast SEO plugin v27.4 - https:\/\/yoast.com\/product\/yoast-seo-wordpress\/ -->\n<title>Ebi\u2019s Abenteuer - Ebenezer Operation Exodus<\/title>\n<meta name=\"description\" content=\"Begleiten Sie Ebi bei seinen Abenteuern und erfahren Sie mehr \u00fcber Gottes Liebe zu Israel und warum das j\u00fcdische Volk nach Israel zieht!\" \/>\n<meta name=\"robots\" content=\"index, follow, max-snippet:-1, max-image-preview:large, max-video-preview:-1\" \/>\n<link rel=\"canonical\" href=\"https:\/\/ebenezer-oe.org\/de\/ebis-abenteuer\/\" \/>\n<meta property=\"og:locale\" content=\"de_DE\" \/>\n<meta property=\"og:type\" content=\"article\" \/>\n<meta property=\"og:title\" content=\"Ebi\u2019s Abenteuer - Ebenezer Operation Exodus\" \/>\n<meta property=\"og:description\" content=\"Begleiten Sie Ebi bei seinen Abenteuern und erfahren Sie mehr \u00fcber Gottes Liebe zu Israel und warum das j\u00fcdische Volk nach Israel zieht!\" \/>\n<meta property=\"og:url\" content=\"https:\/\/ebenezer-oe.org\/de\/ebis-abenteuer\/\" \/>\n<meta property=\"og:site_name\" content=\"Ebenezer Operation Exodus\" \/>\n<meta property=\"article:publisher\" content=\"https:\/\/www.facebook.com\/EbenezerInt\" \/>\n<meta property=\"article:modified_time\" content=\"2026-01-07T07:51:33+00:00\" \/>\n<meta property=\"og:image\" content=\"https:\/\/ebenezer-oe.org\/wp-content\/uploads\/2024\/03\/Ebi-Name-Font-1.png\" \/>\n<meta name=\"twitter:card\" content=\"summary_large_image\" \/>\n<meta name=\"twitter:label1\" content=\"Gesch\u00e4tzte Lesezeit\" \/>\n\t<meta name=\"twitter:data1\" content=\"2 Minuten\" \/>\n<script type=\"application\/ld+json\" class=\"yoast-schema-graph\">{\"@context\":\"https:\\\/\\\/schema.org\",\"@graph\":[{\"@type\":\"WebPage\",\"@id\":\"https:\\\/\\\/ebenezer-oe.org\\\/de\\\/ebis-abenteuer\\\/\",\"url\":\"https:\\\/\\\/ebenezer-oe.org\\\/de\\\/ebis-abenteuer\\\/\",\"name\":\"Ebi\u2019s Abenteuer - Ebenezer Operation Exodus\",\"isPartOf\":{\"@id\":\"https:\\\/\\\/ebenezer-oe.org\\\/#website\"},\"primaryImageOfPage\":{\"@id\":\"https:\\\/\\\/ebenezer-oe.org\\\/de\\\/ebis-abenteuer\\\/#primaryimage\"},\"image\":{\"@id\":\"https:\\\/\\\/ebenezer-oe.org\\\/de\\\/ebis-abenteuer\\\/#primaryimage\"},\"thumbnailUrl\":\"https:\\\/\\\/ebenezer-oe.org\\\/wp-content\\\/uploads\\\/2024\\\/03\\\/Ebi-Name-Font-1.png\",\"datePublished\":\"2024-05-28T13:02:08+00:00\",\"dateModified\":\"2026-01-07T07:51:33+00:00\",\"description\":\"Begleiten Sie Ebi bei seinen Abenteuern und erfahren Sie mehr \u00fcber Gottes Liebe zu Israel und warum das j\u00fcdische Volk nach Israel zieht!\",\"breadcrumb\":{\"@id\":\"https:\\\/\\\/ebenezer-oe.org\\\/de\\\/ebis-abenteuer\\\/#breadcrumb\"},\"inLanguage\":\"de-DE\",\"potentialAction\":[{\"@type\":\"ReadAction\",\"target\":[\"https:\\\/\\\/ebenezer-oe.org\\\/de\\\/ebis-abenteuer\\\/\"]}]},{\"@type\":\"ImageObject\",\"inLanguage\":\"de-DE\",\"@id\":\"https:\\\/\\\/ebenezer-oe.org\\\/de\\\/ebis-abenteuer\\\/#primaryimage\",\"url\":\"https:\\\/\\\/ebenezer-oe.org\\\/wp-content\\\/uploads\\\/2024\\\/03\\\/Ebi-Name-Font-1.png\",\"contentUrl\":\"https:\\\/\\\/ebenezer-oe.org\\\/wp-content\\\/uploads\\\/2024\\\/03\\\/Ebi-Name-Font-1.png\"},{\"@type\":\"BreadcrumbList\",\"@id\":\"https:\\\/\\\/ebenezer-oe.org\\\/de\\\/ebis-abenteuer\\\/#breadcrumb\",\"itemListElement\":[{\"@type\":\"ListItem\",\"position\":1,\"name\":\"Home\",\"item\":\"https:\\\/\\\/ebenezer-oe.org\\\/de\\\/\"},{\"@type\":\"ListItem\",\"position\":2,\"name\":\"Ebi\u2019s Abenteuer\"}]},{\"@type\":\"WebSite\",\"@id\":\"https:\\\/\\\/ebenezer-oe.org\\\/#website\",\"url\":\"https:\\\/\\\/ebenezer-oe.org\\\/\",\"name\":\"Ebenezer - Operation Exodus\",\"description\":\"\",\"publisher\":{\"@id\":\"https:\\\/\\\/ebenezer-oe.org\\\/#organization\"},\"potentialAction\":[{\"@type\":\"SearchAction\",\"target\":{\"@type\":\"EntryPoint\",\"urlTemplate\":\"https:\\\/\\\/ebenezer-oe.org\\\/?s={search_term_string}\"},\"query-input\":{\"@type\":\"PropertyValueSpecification\",\"valueRequired\":true,\"valueName\":\"search_term_string\"}}],\"inLanguage\":\"de-DE\"},{\"@type\":\"Organization\",\"@id\":\"https:\\\/\\\/ebenezer-oe.org\\\/#organization\",\"name\":\"Ebenezer - Operation Exodus\",\"url\":\"https:\\\/\\\/ebenezer-oe.org\\\/\",\"logo\":{\"@type\":\"ImageObject\",\"inLanguage\":\"de-DE\",\"@id\":\"https:\\\/\\\/ebenezer-oe.org\\\/#\\\/schema\\\/logo\\\/image\\\/\",\"url\":\"https:\\\/\\\/ebenezeroe.wpengine.com\\\/wp-content\\\/uploads\\\/2020\\\/09\\\/Logo_EOE_EN_Colour-Horizontal.png\",\"contentUrl\":\"https:\\\/\\\/ebenezeroe.wpengine.com\\\/wp-content\\\/uploads\\\/2020\\\/09\\\/Logo_EOE_EN_Colour-Horizontal.png\",\"width\":1922,\"height\":928,\"caption\":\"Ebenezer - Operation Exodus\"},\"image\":{\"@id\":\"https:\\\/\\\/ebenezer-oe.org\\\/#\\\/schema\\\/logo\\\/image\\\/\"},\"sameAs\":[\"https:\\\/\\\/www.facebook.com\\\/EbenezerInt\",\"https:\\\/\\\/www.instagram.com\\\/ebenezer_oe_eng\\\/\",\"https:\\\/\\\/www.youtube.com\\\/channel\\\/UC6qGHrKKeamFVz95Vd8LR1g\"]}]}<\/script>\n<!-- \/ Yoast SEO plugin. -->","yoast_head_json":{"title":"Ebi\u2019s Abenteuer - Ebenezer Operation Exodus","description":"Begleiten Sie Ebi bei seinen Abenteuern und erfahren Sie mehr \u00fcber Gottes Liebe zu Israel und warum das j\u00fcdische Volk nach Israel zieht!","robots":{"index":"index","follow":"follow","max-snippet":"max-snippet:-1","max-image-preview":"max-image-preview:large","max-video-preview":"max-video-preview:-1"},"canonical":"https:\/\/ebenezer-oe.org\/de\/ebis-abenteuer\/","og_locale":"de_DE","og_type":"article","og_title":"Ebi\u2019s Abenteuer - Ebenezer Operation Exodus","og_description":"Begleiten Sie Ebi bei seinen Abenteuern und erfahren Sie mehr \u00fcber Gottes Liebe zu Israel und warum das j\u00fcdische Volk nach Israel zieht!","og_url":"https:\/\/ebenezer-oe.org\/de\/ebis-abenteuer\/","og_site_name":"Ebenezer Operation Exodus","article_publisher":"https:\/\/www.facebook.com\/EbenezerInt","article_modified_time":"2026-01-07T07:51:33+00:00","og_image":[{"url":"https:\/\/ebenezer-oe.org\/wp-content\/uploads\/2024\/03\/Ebi-Name-Font-1.png","type":"","width":"","height":""}],"twitter_card":"summary_large_image","twitter_misc":{"Gesch\u00e4tzte Lesezeit":"2 Minuten"},"schema":{"@context":"https:\/\/schema.org","@graph":[{"@type":"WebPage","@id":"https:\/\/ebenezer-oe.org\/de\/ebis-abenteuer\/","url":"https:\/\/ebenezer-oe.org\/de\/ebis-abenteuer\/","name":"Ebi\u2019s Abenteuer - Ebenezer Operation Exodus","isPartOf":{"@id":"https:\/\/ebenezer-oe.org\/#website"},"primaryImageOfPage":{"@id":"https:\/\/ebenezer-oe.org\/de\/ebis-abenteuer\/#primaryimage"},"image":{"@id":"https:\/\/ebenezer-oe.org\/de\/ebis-abenteuer\/#primaryimage"},"thumbnailUrl":"https:\/\/ebenezer-oe.org\/wp-content\/uploads\/2024\/03\/Ebi-Name-Font-1.png","datePublished":"2024-05-28T13:02:08+00:00","dateModified":"2026-01-07T07:51:33+00:00","description":"Begleiten Sie Ebi bei seinen Abenteuern und erfahren Sie mehr \u00fcber Gottes Liebe zu Israel und warum das j\u00fcdische Volk nach Israel zieht!","breadcrumb":{"@id":"https:\/\/ebenezer-oe.org\/de\/ebis-abenteuer\/#breadcrumb"},"inLanguage":"de-DE","potentialAction":[{"@type":"ReadAction","target":["https:\/\/ebenezer-oe.org\/de\/ebis-abenteuer\/"]}]},{"@type":"ImageObject","inLanguage":"de-DE","@id":"https:\/\/ebenezer-oe.org\/de\/ebis-abenteuer\/#primaryimage","url":"https:\/\/ebenezer-oe.org\/wp-content\/uploads\/2024\/03\/Ebi-Name-Font-1.png","contentUrl":"https:\/\/ebenezer-oe.org\/wp-content\/uploads\/2024\/03\/Ebi-Name-Font-1.png"},{"@type":"BreadcrumbList","@id":"https:\/\/ebenezer-oe.org\/de\/ebis-abenteuer\/#breadcrumb","itemListElement":[{"@type":"ListItem","position":1,"name":"Home","item":"https:\/\/ebenezer-oe.org\/de\/"},{"@type":"ListItem","position":2,"name":"Ebi\u2019s Abenteuer"}]},{"@type":"WebSite","@id":"https:\/\/ebenezer-oe.org\/#website","url":"https:\/\/ebenezer-oe.org\/","name":"Ebenezer - Operation Exodus","description":"","publisher":{"@id":"https:\/\/ebenezer-oe.org\/#organization"},"potentialAction":[{"@type":"SearchAction","target":{"@type":"EntryPoint","urlTemplate":"https:\/\/ebenezer-oe.org\/?s={search_term_string}"},"query-input":{"@type":"PropertyValueSpecification","valueRequired":true,"valueName":"search_term_string"}}],"inLanguage":"de-DE"},{"@type":"Organization","@id":"https:\/\/ebenezer-oe.org\/#organization","name":"Ebenezer - Operation Exodus","url":"https:\/\/ebenezer-oe.org\/","logo":{"@type":"ImageObject","inLanguage":"de-DE","@id":"https:\/\/ebenezer-oe.org\/#\/schema\/logo\/image\/","url":"https:\/\/ebenezeroe.wpengine.com\/wp-content\/uploads\/2020\/09\/Logo_EOE_EN_Colour-Horizontal.png","contentUrl":"https:\/\/ebenezeroe.wpengine.com\/wp-content\/uploads\/2020\/09\/Logo_EOE_EN_Colour-Horizontal.png","width":1922,"height":928,"caption":"Ebenezer - Operation Exodus"},"image":{"@id":"https:\/\/ebenezer-oe.org\/#\/schema\/logo\/image\/"},"sameAs":["https:\/\/www.facebook.com\/EbenezerInt","https:\/\/www.instagram.com\/ebenezer_oe_eng\/","https:\/\/www.youtube.com\/channel\/UC6qGHrKKeamFVz95Vd8LR1g"]}]}},"_links":{"self":[{"href":"https:\/\/ebenezer-oe.org\/de\/wp-json\/wp\/v2\/pages\/108374","targetHints":{"allow":["GET"]}}],"collection":[{"href":"https:\/\/ebenezer-oe.org\/de\/wp-json\/wp\/v2\/pages"}],"about":[{"href":"https:\/\/ebenezer-oe.org\/de\/wp-json\/wp\/v2\/types\/page"}],"author":[{"embeddable":true,"href":"https:\/\/ebenezer-oe.org\/de\/wp-json\/wp\/v2\/users\/2"}],"replies":[{"embeddable":true,"href":"https:\/\/ebenezer-oe.org\/de\/wp-json\/wp\/v2\/comments?post=108374"}],"version-history":[{"count":0,"href":"https:\/\/ebenezer-oe.org\/de\/wp-json\/wp\/v2\/pages\/108374\/revisions"}],"wp:attachment":[{"href":"https:\/\/ebenezer-oe.org\/de\/wp-json\/wp\/v2\/media?parent=108374"}],"curies":[{"name":"wp","href":"https:\/\/api.w.org\/{rel}","templated":true}]}}