{"id":111376,"date":"2025-10-27T10:37:20","date_gmt":"2025-10-27T10:37:20","guid":{"rendered":"https:\/\/ebenezer-oe.org\/pfingsten-2026\/"},"modified":"2026-01-15T14:58:01","modified_gmt":"2026-01-15T14:58:01","slug":"pfingsten-2026","status":"publish","type":"page","link":"https:\/\/ebenezer-oe.org\/de\/pfingsten-2026\/","title":{"rendered":"Pfingsten 2026"},"content":{"rendered":"\n\n\t<h2>Europa Konferenz 2026<\/h2>\n\t<p>ALIYAH AWAKENING<\/p>\n\t<h2>Der Heilige Geist, das Wort und die Wiederherstellung Zions<\/h2>\n<p>Daten:<\/p>\n<p>21-24 Mai 2026<\/p>\n<p>Ort:<\/p>\n\t<p>Nordic Hotel Forum <\/p>\n<p>Tallinn, Estonia<\/p>\n<p>Konferenz Preis:<\/p>\n<ul>\n<li>Nur die Konferenzgeb\u00fchr \n<ul>\n<li><em>100 Euro\/ 85 GBP\/ 95 CHF<\/em><\/li>\n<\/ul>\n<\/li>\n<li> Doppelzimmer (Halbpension &amp; Konferenzgeb\u00fchr) \n<ul>\n<li><em>395 Euro\/ 340 GBP\/ 370 CHF (per person)<\/em><\/li>\n<\/ul>\n<\/li>\n<li>Einzelzimmer (Halbpension &amp; Konferenzgeb\u00fchr)\n<ul>\n<li><em>618 Euro\/ 530 GBP\/ 580 CHF<\/em><\/li>\n<\/ul>\n<\/li>\n<\/ul>\n<p><b>SEI DABEI IM MAI 2026 BEI UNSERER EUROP\u00c4ISCHEN KONFERENZ!<\/b><\/p>\n<p>Gott hat verhei\u00dfen, dass er eines Tages seinen Geist \u00fcber das Volk Israel ausgie\u00dfen wird. Vor fast 2.000 Jahren erlebten die ersten Gl\u00e4ubigen an Jesus, den Messias, die Kraft des Heiligen Geistes, die sie bef\u00e4higte, die Botschaft des Heils in eine verlorene Welt zu tragen. <\/p>\n<p>Im Jahr 2026 beginnt das hebr\u00e4ische Wochenfest (Schawuot) am Abend des 21. Mai, w\u00e4hrend das christliche Pfingstfest auf Sonntag, den 24. Mai f\u00e4llt. In dieser Zeit haben wir eine besondere Gelegenheit, uns in Tallinn als internationale F\u00fcrbitter, Unterst\u00fctzer und Teammitglieder von Ebenezer zu versammeln. <\/p>\n<p>Ein Schwerpunkt wird darauf liegen, die Kirche mit der Botschaft der Alijah zu erreichen.. Wir glauben, dass Gott uns ermutigen m\u00f6chte, nicht aufzugeben, wenn es darum geht, dem Leib Christi in den Nationen die gute Nachricht von der Wiederherstellung Israels gem\u00e4\u00df den biblischen Prophezeiungen zu verk\u00fcnden.<\/p>\n<p>Wie immer, wenn sich die Ebenezer-Familie versammelt, wollen wir gezielt f\u00fcr die Alijah-Wege aus dem Land des Nordens beten. Unsere Konferenz findet an einem strategischen Ort statt, nur wenige Kilometer vom Land mit der zweitgr\u00f6\u00dften j\u00fcdischen Gemeinschaft entfernt. Hunderttausende Juden jenseits dieser Grenze warten noch darauf,   <i>Alijah zu machen.<\/i>. Wie wir in den letzten Jahren gesehen haben, k\u00f6nnte die Baltische Region schnell zu einer wichtigen Alijah-Route werden.<\/p>\n<p>Wir planen, direkt im Anschluss an die Konferenz verschiedene Outreach-M\u00f6glichkeiten anzubieten. Derzeit sind unter anderem folgende M\u00f6glichkeiten vorgesehen: eine Gruppe reist in die Ukraine, eine weitere nimmt an einem Survival-Training in Finnland teil, und andere engagieren sich mit Kirchen und j\u00fcdischen Gemeinden in den baltischen Staaten.  <\/p>\n<p><b>Was ist inklusive?<\/b><\/p>\n<p>Wir haben Zimmer im Nordic Hotel Forum reserviert. Der Konferenz-Preis beinhaltet die Teilnahmegeb\u00fchr, drei Fr\u00fchst\u00fccke, vier Kaffeepausen sowie Abendessen am Freitag und Samstag. Alle Zimmer sind modern und hochwertig renoviert. Au\u00dferdem haben die Teilnehmer Zugang zum Pool und zu den weiteren Hoteleinrichtungen.  <\/p>\n<p>Teilnehmer, die nicht im Hotel \u00fcbernachten, zahlen eine Konferenzgeb\u00fchr von 100\u202f\u20ac, die die Kaffeepausen am Freitag und Samstag umfasst, jedoch kein Fr\u00fchst\u00fcck oder Abendessen. Viele Restaurants in der N\u00e4he bieten weitere Verpflegungsm\u00f6glichkeiten. <\/p>\n<p>Das Hotel liegt nur wenige Gehminuten vom Hafen sowie vom Bus- und Bahnhof entfernt. Die Altstadt ist in wenigen Minuten zu erreichen. <\/p>\n<p>Visitors from Finland or Sweden can easily arrive as foot passengers and Besucher aus Finnland oder Schweden k\u00f6nnen problemlos als Fu\u00dfpassagiere anreisen und zum Hotel zu Fu\u00df gelangen.<\/p>\n\t\t<iframe title=\"European Ebenezer Pentecost Conference 2026\" width=\"500\" height=\"281\" data-src=\"https:\/\/www.youtube.com\/embed\/Zc1CyHfQ1s0?feature=oembed\" frameborder=\"0\" allow=\"accelerometer; autoplay; clipboard-write; encrypted-media; gyroscope; picture-in-picture; web-share\" referrerpolicy=\"strict-origin-when-cross-origin\" allowfullscreen src=\"data:image\/svg+xml;base64,PHN2ZyB3aWR0aD0iMSIgaGVpZ2h0PSIxIiB4bWxucz0iaHR0cDovL3d3dy53My5vcmcvMjAwMC9zdmciPjwvc3ZnPg==\" class=\"lazyload\" data-load-mode=\"1\"><\/iframe>\t\n<p><b>Details<\/b><\/p>\n<ul>\n<li aria-level=\"1\">Konferenzdaten:\n<ul>\n<li aria-level=\"1\">21-24 Mai 2026 <\/li>\n<\/ul>\n<\/li>\n<li aria-level=\"1\">Nicht erstattungsf\u00e4hige Anzahlung:\n<ul>\n<li aria-level=\"1\">50 Euro \/ 43 GBP \/ 48 CHF<\/li>\n<\/ul>\n<\/li>\n<li aria-level=\"1\">Restzahlung f\u00e4llig bis: \n<ul>\n<li aria-level=\"1\">1 M\u00e4rz 2026<\/li>\n<\/ul>\n<\/li>\n<\/ul>\n<p><em>Die Zahlungen sollten \u00fcber Ihr nationales B\u00fcro erfolgen. Wenn Sie diese Informationen nicht kennen, kontaktieren Sie uns bitte unter: <a href=\"mailto:conference@ebenezer-oe.org\">conference@ebenezer-oe.org.<\/a> <\/em><\/p>\n<p><b>Payments<\/b><\/p>\n<p><em>Die Zahlungen sollten \u00fcber Ihr nationales B\u00fcro erfolgen. Wenn Sie diese Informationen nicht kennen, kontaktieren Sie uns bitte unter: <a href=\"mailto:conference@ebenezer-oe.org\">conference@ebenezer-oe.org.<\/a> <\/em><\/p>\n\t<p>Jetzt Anmelden<\/p>\n\t<iframe data-src=\"https:\/\/docs.google.com\/forms\/d\/e\/1FAIpQLScguuE2OsyAnT008jKTVQbksT4a80CoWRqRnMsu3AvxgtSidA\/viewform?embedded=true\" width=\"640\" height=\"3000\" frameborder=\"0\" marginheight=\"0\" marginwidth=\"0\" src=\"data:image\/svg+xml;base64,PHN2ZyB3aWR0aD0iMSIgaGVpZ2h0PSIxIiB4bWxucz0iaHR0cDovL3d3dy53My5vcmcvMjAwMC9zdmciPjwvc3ZnPg==\" class=\"lazyload\" data-load-mode=\"1\">Loading&#8230;<\/iframe>\n\t\t\t<a href=\"mailto:conference@ebenezer-oe.org\" target=\"_self\">\n\t\t\t\t\t\t\tJetzt eine E-Mail senden!\n\t\t\t\t\t<\/a>\n\t<h2><strong>Questions<\/strong><\/h2>\n<p>Bitte senden Sie eine E-Mail an: <a href=\"mailto:conference@ebenezer-oe.org\">conference@ebenezer-oe.org <\/a><\/p>\n\n","protected":false},"excerpt":{"rendered":"<p>Europa Konferenz 2026 ALIYAH AWAKENING Der Heilige Geist, das Wort und die Wiederherstellung Zions Daten: 21-24 Mai 2026 Ort: Nordic Hotel Forum Tallinn, Estonia Konferenz Preis: Nur die Konferenzgeb\u00fchr 100 Euro\/ 85 GBP\/ 95 CHF Doppelzimmer (Halbpension &amp; Konferenzgeb\u00fchr) 395 Euro\/ 340 GBP\/ 370 CHF (per person) Einzelzimmer (Halbpension &amp; Konferenzgeb\u00fchr) 618 Euro\/ 530 GBP\/&hellip;<\/p>\n","protected":false},"author":2,"featured_media":0,"parent":0,"menu_order":0,"comment_status":"closed","ping_status":"closed","template":"","meta":{"footnotes":""},"class_list":["post-111376","page","type-page","status-publish","hentry"],"yoast_head":"<!-- This site is optimized with the Yoast SEO plugin v27.4 - https:\/\/yoast.com\/product\/yoast-seo-wordpress\/ -->\n<title>Pfingsten 2026 - Ebenezer Operation Exodus<\/title>\n<meta name=\"robots\" content=\"index, follow, max-snippet:-1, max-image-preview:large, max-video-preview:-1\" \/>\n<link rel=\"canonical\" href=\"https:\/\/ebenezer-oe.org\/de\/pfingsten-2026\/\" \/>\n<meta property=\"og:locale\" content=\"de_DE\" \/>\n<meta property=\"og:type\" content=\"article\" \/>\n<meta property=\"og:title\" content=\"Pfingsten 2026 - Ebenezer Operation Exodus\" \/>\n<meta property=\"og:description\" content=\"Europa Konferenz 2026 ALIYAH AWAKENING Der Heilige Geist, das Wort und die Wiederherstellung Zions Daten: 21-24 Mai 2026 Ort: Nordic Hotel Forum Tallinn, Estonia Konferenz Preis: Nur die Konferenzgeb\u00fchr 100 Euro\/ 85 GBP\/ 95 CHF Doppelzimmer (Halbpension &amp; Konferenzgeb\u00fchr) 395 Euro\/ 340 GBP\/ 370 CHF (per person) Einzelzimmer (Halbpension &amp; Konferenzgeb\u00fchr) 618 Euro\/ 530 GBP\/&hellip;\" \/>\n<meta property=\"og:url\" content=\"https:\/\/ebenezer-oe.org\/de\/pfingsten-2026\/\" \/>\n<meta property=\"og:site_name\" content=\"Ebenezer Operation Exodus\" \/>\n<meta property=\"article:publisher\" content=\"https:\/\/www.facebook.com\/EbenezerInt\" \/>\n<meta property=\"article:modified_time\" content=\"2026-01-15T14:58:01+00:00\" \/>\n<meta name=\"twitter:card\" content=\"summary_large_image\" \/>\n<meta name=\"twitter:label1\" content=\"Gesch\u00e4tzte Lesezeit\" \/>\n\t<meta name=\"twitter:data1\" content=\"3 Minuten\" \/>\n<script type=\"application\/ld+json\" class=\"yoast-schema-graph\">{\"@context\":\"https:\\\/\\\/schema.org\",\"@graph\":[{\"@type\":\"WebPage\",\"@id\":\"https:\\\/\\\/ebenezer-oe.org\\\/de\\\/pfingsten-2026\\\/\",\"url\":\"https:\\\/\\\/ebenezer-oe.org\\\/de\\\/pfingsten-2026\\\/\",\"name\":\"Pfingsten 2026 - Ebenezer Operation Exodus\",\"isPartOf\":{\"@id\":\"https:\\\/\\\/ebenezer-oe.org\\\/#website\"},\"datePublished\":\"2025-10-27T10:37:20+00:00\",\"dateModified\":\"2026-01-15T14:58:01+00:00\",\"breadcrumb\":{\"@id\":\"https:\\\/\\\/ebenezer-oe.org\\\/de\\\/pfingsten-2026\\\/#breadcrumb\"},\"inLanguage\":\"de-DE\",\"potentialAction\":[{\"@type\":\"ReadAction\",\"target\":[\"https:\\\/\\\/ebenezer-oe.org\\\/de\\\/pfingsten-2026\\\/\"]}]},{\"@type\":\"BreadcrumbList\",\"@id\":\"https:\\\/\\\/ebenezer-oe.org\\\/de\\\/pfingsten-2026\\\/#breadcrumb\",\"itemListElement\":[{\"@type\":\"ListItem\",\"position\":1,\"name\":\"Home\",\"item\":\"https:\\\/\\\/ebenezer-oe.org\\\/de\\\/\"},{\"@type\":\"ListItem\",\"position\":2,\"name\":\"Pfingsten 2026\"}]},{\"@type\":\"WebSite\",\"@id\":\"https:\\\/\\\/ebenezer-oe.org\\\/#website\",\"url\":\"https:\\\/\\\/ebenezer-oe.org\\\/\",\"name\":\"Ebenezer - Operation Exodus\",\"description\":\"\",\"publisher\":{\"@id\":\"https:\\\/\\\/ebenezer-oe.org\\\/#organization\"},\"potentialAction\":[{\"@type\":\"SearchAction\",\"target\":{\"@type\":\"EntryPoint\",\"urlTemplate\":\"https:\\\/\\\/ebenezer-oe.org\\\/?s={search_term_string}\"},\"query-input\":{\"@type\":\"PropertyValueSpecification\",\"valueRequired\":true,\"valueName\":\"search_term_string\"}}],\"inLanguage\":\"de-DE\"},{\"@type\":\"Organization\",\"@id\":\"https:\\\/\\\/ebenezer-oe.org\\\/#organization\",\"name\":\"Ebenezer - Operation Exodus\",\"url\":\"https:\\\/\\\/ebenezer-oe.org\\\/\",\"logo\":{\"@type\":\"ImageObject\",\"inLanguage\":\"de-DE\",\"@id\":\"https:\\\/\\\/ebenezer-oe.org\\\/#\\\/schema\\\/logo\\\/image\\\/\",\"url\":\"https:\\\/\\\/ebenezeroe.wpengine.com\\\/wp-content\\\/uploads\\\/2020\\\/09\\\/Logo_EOE_EN_Colour-Horizontal.png\",\"contentUrl\":\"https:\\\/\\\/ebenezeroe.wpengine.com\\\/wp-content\\\/uploads\\\/2020\\\/09\\\/Logo_EOE_EN_Colour-Horizontal.png\",\"width\":1922,\"height\":928,\"caption\":\"Ebenezer - Operation Exodus\"},\"image\":{\"@id\":\"https:\\\/\\\/ebenezer-oe.org\\\/#\\\/schema\\\/logo\\\/image\\\/\"},\"sameAs\":[\"https:\\\/\\\/www.facebook.com\\\/EbenezerInt\",\"https:\\\/\\\/www.instagram.com\\\/ebenezer_oe_eng\\\/\",\"https:\\\/\\\/www.youtube.com\\\/channel\\\/UC6qGHrKKeamFVz95Vd8LR1g\"]}]}<\/script>\n<!-- \/ Yoast SEO plugin. -->","yoast_head_json":{"title":"Pfingsten 2026 - Ebenezer Operation Exodus","robots":{"index":"index","follow":"follow","max-snippet":"max-snippet:-1","max-image-preview":"max-image-preview:large","max-video-preview":"max-video-preview:-1"},"canonical":"https:\/\/ebenezer-oe.org\/de\/pfingsten-2026\/","og_locale":"de_DE","og_type":"article","og_title":"Pfingsten 2026 - Ebenezer Operation Exodus","og_description":"Europa Konferenz 2026 ALIYAH AWAKENING Der Heilige Geist, das Wort und die Wiederherstellung Zions Daten: 21-24 Mai 2026 Ort: Nordic Hotel Forum Tallinn, Estonia Konferenz Preis: Nur die Konferenzgeb\u00fchr 100 Euro\/ 85 GBP\/ 95 CHF Doppelzimmer (Halbpension &amp; Konferenzgeb\u00fchr) 395 Euro\/ 340 GBP\/ 370 CHF (per person) Einzelzimmer (Halbpension &amp; Konferenzgeb\u00fchr) 618 Euro\/ 530 GBP\/&hellip;","og_url":"https:\/\/ebenezer-oe.org\/de\/pfingsten-2026\/","og_site_name":"Ebenezer Operation Exodus","article_publisher":"https:\/\/www.facebook.com\/EbenezerInt","article_modified_time":"2026-01-15T14:58:01+00:00","twitter_card":"summary_large_image","twitter_misc":{"Gesch\u00e4tzte Lesezeit":"3 Minuten"},"schema":{"@context":"https:\/\/schema.org","@graph":[{"@type":"WebPage","@id":"https:\/\/ebenezer-oe.org\/de\/pfingsten-2026\/","url":"https:\/\/ebenezer-oe.org\/de\/pfingsten-2026\/","name":"Pfingsten 2026 - Ebenezer Operation Exodus","isPartOf":{"@id":"https:\/\/ebenezer-oe.org\/#website"},"datePublished":"2025-10-27T10:37:20+00:00","dateModified":"2026-01-15T14:58:01+00:00","breadcrumb":{"@id":"https:\/\/ebenezer-oe.org\/de\/pfingsten-2026\/#breadcrumb"},"inLanguage":"de-DE","potentialAction":[{"@type":"ReadAction","target":["https:\/\/ebenezer-oe.org\/de\/pfingsten-2026\/"]}]},{"@type":"BreadcrumbList","@id":"https:\/\/ebenezer-oe.org\/de\/pfingsten-2026\/#breadcrumb","itemListElement":[{"@type":"ListItem","position":1,"name":"Home","item":"https:\/\/ebenezer-oe.org\/de\/"},{"@type":"ListItem","position":2,"name":"Pfingsten 2026"}]},{"@type":"WebSite","@id":"https:\/\/ebenezer-oe.org\/#website","url":"https:\/\/ebenezer-oe.org\/","name":"Ebenezer - Operation Exodus","description":"","publisher":{"@id":"https:\/\/ebenezer-oe.org\/#organization"},"potentialAction":[{"@type":"SearchAction","target":{"@type":"EntryPoint","urlTemplate":"https:\/\/ebenezer-oe.org\/?s={search_term_string}"},"query-input":{"@type":"PropertyValueSpecification","valueRequired":true,"valueName":"search_term_string"}}],"inLanguage":"de-DE"},{"@type":"Organization","@id":"https:\/\/ebenezer-oe.org\/#organization","name":"Ebenezer - Operation Exodus","url":"https:\/\/ebenezer-oe.org\/","logo":{"@type":"ImageObject","inLanguage":"de-DE","@id":"https:\/\/ebenezer-oe.org\/#\/schema\/logo\/image\/","url":"https:\/\/ebenezeroe.wpengine.com\/wp-content\/uploads\/2020\/09\/Logo_EOE_EN_Colour-Horizontal.png","contentUrl":"https:\/\/ebenezeroe.wpengine.com\/wp-content\/uploads\/2020\/09\/Logo_EOE_EN_Colour-Horizontal.png","width":1922,"height":928,"caption":"Ebenezer - Operation Exodus"},"image":{"@id":"https:\/\/ebenezer-oe.org\/#\/schema\/logo\/image\/"},"sameAs":["https:\/\/www.facebook.com\/EbenezerInt","https:\/\/www.instagram.com\/ebenezer_oe_eng\/","https:\/\/www.youtube.com\/channel\/UC6qGHrKKeamFVz95Vd8LR1g"]}]}},"_links":{"self":[{"href":"https:\/\/ebenezer-oe.org\/de\/wp-json\/wp\/v2\/pages\/111376","targetHints":{"allow":["GET"]}}],"collection":[{"href":"https:\/\/ebenezer-oe.org\/de\/wp-json\/wp\/v2\/pages"}],"about":[{"href":"https:\/\/ebenezer-oe.org\/de\/wp-json\/wp\/v2\/types\/page"}],"author":[{"embeddable":true,"href":"https:\/\/ebenezer-oe.org\/de\/wp-json\/wp\/v2\/users\/2"}],"replies":[{"embeddable":true,"href":"https:\/\/ebenezer-oe.org\/de\/wp-json\/wp\/v2\/comments?post=111376"}],"version-history":[{"count":0,"href":"https:\/\/ebenezer-oe.org\/de\/wp-json\/wp\/v2\/pages\/111376\/revisions"}],"wp:attachment":[{"href":"https:\/\/ebenezer-oe.org\/de\/wp-json\/wp\/v2\/media?parent=111376"}],"curies":[{"name":"wp","href":"https:\/\/api.w.org\/{rel}","templated":true}]}}