{"id":53830,"date":"2022-02-08T12:29:21","date_gmt":"2022-02-08T12:29:21","guid":{"rendered":"https:\/\/ebenezer-oe.org\/unsere-geschichte\/"},"modified":"2023-05-02T15:52:40","modified_gmt":"2023-05-02T15:52:40","slug":"unsere-geschichte","status":"publish","type":"page","link":"https:\/\/ebenezer-oe.org\/de\/wer-wir-sind\/unsere-geschichte\/","title":{"rendered":"Unsere Geschichte"},"content":{"rendered":"\n<h2>\n\t\tUnsere Geschichte\n\t<\/h2>\n\t<p>W\u00e4hrend des Golfkriegs im Januar 1991, als Skud-Raketen \u00fcber die D\u00e4cher Israels flogen, traf sich eine Gruppe von 120 F\u00fcrbittern aus vielen Nationen zu einer Gebetskonferenz in Jerusalem. Inmitten dieser Umst\u00e4nde wurde der Dienst von Ebenezer Operation Exodus durch Gottes F\u00fchrung geboren .<\/p>\n\t<p>Gustav Scheller, gemeinsam mit den Teilnehmern der dortigen Gebetskonferenz empf\u00e4ngt Gottes F\u00fchrung, das Er <strong>jetzt Sein Volk nach Hause bringt und Christen dazu beruft, dabei behilflich zu sein<\/strong> Die Konferenzleitung und die 120 F\u00fcrbitter best\u00e4tigten einstimmig, dass dies ein souver\u00e4nes Wirken Gottes war. (mehr dazu im Buch \u201eOperation Exodus&#8220; von Gustav Scheller).<\/p>\n<h2>\n\t\tEbenezer Chronik\n\t<\/h2>\n\n","protected":false},"excerpt":{"rendered":"<p>Unsere Geschichte W\u00e4hrend des Golfkriegs im Januar 1991, als Skud-Raketen \u00fcber die D\u00e4cher Israels flogen, traf sich eine Gruppe von 120 F\u00fcrbittern aus vielen Nationen zu einer Gebetskonferenz in Jerusalem. Inmitten dieser Umst\u00e4nde wurde der Dienst von Ebenezer Operation Exodus durch Gottes F\u00fchrung geboren . Gustav Scheller, gemeinsam mit den Teilnehmern der dortigen Gebetskonferenz empf\u00e4ngt&hellip;<\/p>\n","protected":false},"author":1,"featured_media":0,"parent":54008,"menu_order":1,"comment_status":"closed","ping_status":"closed","template":"","meta":{"footnotes":""},"class_list":["post-53830","page","type-page","status-publish","hentry"],"yoast_head":"<!-- This site is optimized with the Yoast SEO plugin v27.4 - https:\/\/yoast.com\/product\/yoast-seo-wordpress\/ -->\n<title>Unsere Geschichte - Ebenezer Operation Exodus<\/title>\n<meta name=\"robots\" content=\"index, follow, max-snippet:-1, max-image-preview:large, max-video-preview:-1\" \/>\n<link rel=\"canonical\" href=\"https:\/\/ebenezer-oe.org\/de\/wer-wir-sind\/unsere-geschichte\/\" \/>\n<meta property=\"og:locale\" content=\"de_DE\" \/>\n<meta property=\"og:type\" content=\"article\" \/>\n<meta property=\"og:title\" content=\"Unsere Geschichte - Ebenezer Operation Exodus\" \/>\n<meta property=\"og:description\" content=\"Unsere Geschichte W\u00e4hrend des Golfkriegs im Januar 1991, als Skud-Raketen \u00fcber die D\u00e4cher Israels flogen, traf sich eine Gruppe von 120 F\u00fcrbittern aus vielen Nationen zu einer Gebetskonferenz in Jerusalem. Inmitten dieser Umst\u00e4nde wurde der Dienst von Ebenezer Operation Exodus durch Gottes F\u00fchrung geboren . Gustav Scheller, gemeinsam mit den Teilnehmern der dortigen Gebetskonferenz empf\u00e4ngt&hellip;\" \/>\n<meta property=\"og:url\" content=\"https:\/\/ebenezer-oe.org\/de\/wer-wir-sind\/unsere-geschichte\/\" \/>\n<meta property=\"og:site_name\" content=\"Ebenezer Operation Exodus\" \/>\n<meta property=\"article:publisher\" content=\"https:\/\/www.facebook.com\/EbenezerInt\" \/>\n<meta property=\"article:modified_time\" content=\"2023-05-02T15:52:40+00:00\" \/>\n<meta name=\"twitter:card\" content=\"summary_large_image\" \/>\n<meta name=\"twitter:label1\" content=\"Gesch\u00e4tzte Lesezeit\" \/>\n\t<meta name=\"twitter:data1\" content=\"1 Minute\" \/>\n<script type=\"application\/ld+json\" class=\"yoast-schema-graph\">{\"@context\":\"https:\\\/\\\/schema.org\",\"@graph\":[{\"@type\":\"WebPage\",\"@id\":\"https:\\\/\\\/ebenezer-oe.org\\\/de\\\/wer-wir-sind\\\/unsere-geschichte\\\/\",\"url\":\"https:\\\/\\\/ebenezer-oe.org\\\/de\\\/wer-wir-sind\\\/unsere-geschichte\\\/\",\"name\":\"Unsere Geschichte - Ebenezer Operation Exodus\",\"isPartOf\":{\"@id\":\"https:\\\/\\\/ebenezer-oe.org\\\/#website\"},\"datePublished\":\"2022-02-08T12:29:21+00:00\",\"dateModified\":\"2023-05-02T15:52:40+00:00\",\"breadcrumb\":{\"@id\":\"https:\\\/\\\/ebenezer-oe.org\\\/de\\\/wer-wir-sind\\\/unsere-geschichte\\\/#breadcrumb\"},\"inLanguage\":\"de-DE\",\"potentialAction\":[{\"@type\":\"ReadAction\",\"target\":[\"https:\\\/\\\/ebenezer-oe.org\\\/de\\\/wer-wir-sind\\\/unsere-geschichte\\\/\"]}]},{\"@type\":\"BreadcrumbList\",\"@id\":\"https:\\\/\\\/ebenezer-oe.org\\\/de\\\/wer-wir-sind\\\/unsere-geschichte\\\/#breadcrumb\",\"itemListElement\":[{\"@type\":\"ListItem\",\"position\":1,\"name\":\"Home\",\"item\":\"https:\\\/\\\/ebenezer-oe.org\\\/de\\\/\"},{\"@type\":\"ListItem\",\"position\":2,\"name\":\"Wer wir sind\",\"item\":\"https:\\\/\\\/ebenezer-oe.org\\\/de\\\/wer-wir-sind\\\/\"},{\"@type\":\"ListItem\",\"position\":3,\"name\":\"Unsere Geschichte\"}]},{\"@type\":\"WebSite\",\"@id\":\"https:\\\/\\\/ebenezer-oe.org\\\/#website\",\"url\":\"https:\\\/\\\/ebenezer-oe.org\\\/\",\"name\":\"Ebenezer - Operation Exodus\",\"description\":\"\",\"publisher\":{\"@id\":\"https:\\\/\\\/ebenezer-oe.org\\\/#organization\"},\"potentialAction\":[{\"@type\":\"SearchAction\",\"target\":{\"@type\":\"EntryPoint\",\"urlTemplate\":\"https:\\\/\\\/ebenezer-oe.org\\\/?s={search_term_string}\"},\"query-input\":{\"@type\":\"PropertyValueSpecification\",\"valueRequired\":true,\"valueName\":\"search_term_string\"}}],\"inLanguage\":\"de-DE\"},{\"@type\":\"Organization\",\"@id\":\"https:\\\/\\\/ebenezer-oe.org\\\/#organization\",\"name\":\"Ebenezer - Operation Exodus\",\"url\":\"https:\\\/\\\/ebenezer-oe.org\\\/\",\"logo\":{\"@type\":\"ImageObject\",\"inLanguage\":\"de-DE\",\"@id\":\"https:\\\/\\\/ebenezer-oe.org\\\/#\\\/schema\\\/logo\\\/image\\\/\",\"url\":\"https:\\\/\\\/ebenezeroe.wpengine.com\\\/wp-content\\\/uploads\\\/2020\\\/09\\\/Logo_EOE_EN_Colour-Horizontal.png\",\"contentUrl\":\"https:\\\/\\\/ebenezeroe.wpengine.com\\\/wp-content\\\/uploads\\\/2020\\\/09\\\/Logo_EOE_EN_Colour-Horizontal.png\",\"width\":1922,\"height\":928,\"caption\":\"Ebenezer - Operation Exodus\"},\"image\":{\"@id\":\"https:\\\/\\\/ebenezer-oe.org\\\/#\\\/schema\\\/logo\\\/image\\\/\"},\"sameAs\":[\"https:\\\/\\\/www.facebook.com\\\/EbenezerInt\",\"https:\\\/\\\/www.instagram.com\\\/ebenezer_oe_eng\\\/\",\"https:\\\/\\\/www.youtube.com\\\/channel\\\/UC6qGHrKKeamFVz95Vd8LR1g\"]}]}<\/script>\n<!-- \/ Yoast SEO plugin. -->","yoast_head_json":{"title":"Unsere Geschichte - Ebenezer Operation Exodus","robots":{"index":"index","follow":"follow","max-snippet":"max-snippet:-1","max-image-preview":"max-image-preview:large","max-video-preview":"max-video-preview:-1"},"canonical":"https:\/\/ebenezer-oe.org\/de\/wer-wir-sind\/unsere-geschichte\/","og_locale":"de_DE","og_type":"article","og_title":"Unsere Geschichte - Ebenezer Operation Exodus","og_description":"Unsere Geschichte W\u00e4hrend des Golfkriegs im Januar 1991, als Skud-Raketen \u00fcber die D\u00e4cher Israels flogen, traf sich eine Gruppe von 120 F\u00fcrbittern aus vielen Nationen zu einer Gebetskonferenz in Jerusalem. Inmitten dieser Umst\u00e4nde wurde der Dienst von Ebenezer Operation Exodus durch Gottes F\u00fchrung geboren . Gustav Scheller, gemeinsam mit den Teilnehmern der dortigen Gebetskonferenz empf\u00e4ngt&hellip;","og_url":"https:\/\/ebenezer-oe.org\/de\/wer-wir-sind\/unsere-geschichte\/","og_site_name":"Ebenezer Operation Exodus","article_publisher":"https:\/\/www.facebook.com\/EbenezerInt","article_modified_time":"2023-05-02T15:52:40+00:00","twitter_card":"summary_large_image","twitter_misc":{"Gesch\u00e4tzte Lesezeit":"1 Minute"},"schema":{"@context":"https:\/\/schema.org","@graph":[{"@type":"WebPage","@id":"https:\/\/ebenezer-oe.org\/de\/wer-wir-sind\/unsere-geschichte\/","url":"https:\/\/ebenezer-oe.org\/de\/wer-wir-sind\/unsere-geschichte\/","name":"Unsere Geschichte - Ebenezer Operation Exodus","isPartOf":{"@id":"https:\/\/ebenezer-oe.org\/#website"},"datePublished":"2022-02-08T12:29:21+00:00","dateModified":"2023-05-02T15:52:40+00:00","breadcrumb":{"@id":"https:\/\/ebenezer-oe.org\/de\/wer-wir-sind\/unsere-geschichte\/#breadcrumb"},"inLanguage":"de-DE","potentialAction":[{"@type":"ReadAction","target":["https:\/\/ebenezer-oe.org\/de\/wer-wir-sind\/unsere-geschichte\/"]}]},{"@type":"BreadcrumbList","@id":"https:\/\/ebenezer-oe.org\/de\/wer-wir-sind\/unsere-geschichte\/#breadcrumb","itemListElement":[{"@type":"ListItem","position":1,"name":"Home","item":"https:\/\/ebenezer-oe.org\/de\/"},{"@type":"ListItem","position":2,"name":"Wer wir sind","item":"https:\/\/ebenezer-oe.org\/de\/wer-wir-sind\/"},{"@type":"ListItem","position":3,"name":"Unsere Geschichte"}]},{"@type":"WebSite","@id":"https:\/\/ebenezer-oe.org\/#website","url":"https:\/\/ebenezer-oe.org\/","name":"Ebenezer - Operation Exodus","description":"","publisher":{"@id":"https:\/\/ebenezer-oe.org\/#organization"},"potentialAction":[{"@type":"SearchAction","target":{"@type":"EntryPoint","urlTemplate":"https:\/\/ebenezer-oe.org\/?s={search_term_string}"},"query-input":{"@type":"PropertyValueSpecification","valueRequired":true,"valueName":"search_term_string"}}],"inLanguage":"de-DE"},{"@type":"Organization","@id":"https:\/\/ebenezer-oe.org\/#organization","name":"Ebenezer - Operation Exodus","url":"https:\/\/ebenezer-oe.org\/","logo":{"@type":"ImageObject","inLanguage":"de-DE","@id":"https:\/\/ebenezer-oe.org\/#\/schema\/logo\/image\/","url":"https:\/\/ebenezeroe.wpengine.com\/wp-content\/uploads\/2020\/09\/Logo_EOE_EN_Colour-Horizontal.png","contentUrl":"https:\/\/ebenezeroe.wpengine.com\/wp-content\/uploads\/2020\/09\/Logo_EOE_EN_Colour-Horizontal.png","width":1922,"height":928,"caption":"Ebenezer - Operation Exodus"},"image":{"@id":"https:\/\/ebenezer-oe.org\/#\/schema\/logo\/image\/"},"sameAs":["https:\/\/www.facebook.com\/EbenezerInt","https:\/\/www.instagram.com\/ebenezer_oe_eng\/","https:\/\/www.youtube.com\/channel\/UC6qGHrKKeamFVz95Vd8LR1g"]}]}},"_links":{"self":[{"href":"https:\/\/ebenezer-oe.org\/de\/wp-json\/wp\/v2\/pages\/53830","targetHints":{"allow":["GET"]}}],"collection":[{"href":"https:\/\/ebenezer-oe.org\/de\/wp-json\/wp\/v2\/pages"}],"about":[{"href":"https:\/\/ebenezer-oe.org\/de\/wp-json\/wp\/v2\/types\/page"}],"author":[{"embeddable":true,"href":"https:\/\/ebenezer-oe.org\/de\/wp-json\/wp\/v2\/users\/1"}],"replies":[{"embeddable":true,"href":"https:\/\/ebenezer-oe.org\/de\/wp-json\/wp\/v2\/comments?post=53830"}],"version-history":[{"count":0,"href":"https:\/\/ebenezer-oe.org\/de\/wp-json\/wp\/v2\/pages\/53830\/revisions"}],"up":[{"embeddable":true,"href":"https:\/\/ebenezer-oe.org\/de\/wp-json\/wp\/v2\/pages\/54008"}],"wp:attachment":[{"href":"https:\/\/ebenezer-oe.org\/de\/wp-json\/wp\/v2\/media?parent=53830"}],"curies":[{"name":"wp","href":"https:\/\/api.w.org\/{rel}","templated":true}]}}