{"id":53836,"date":"2022-02-08T15:02:40","date_gmt":"2022-02-08T15:02:40","guid":{"rendered":"https:\/\/ebenezer-oe.org\/aliyah-machen\/"},"modified":"2023-07-26T09:32:03","modified_gmt":"2023-07-26T09:32:03","slug":"aliyah-machen","status":"publish","type":"page","link":"https:\/\/ebenezer-oe.org\/de\/aliyah-machen\/","title":{"rendered":"Aliyah machen"},"content":{"rendered":"\n<h2>\n\t\tAliyah machen\n\t<\/h2>\n\t<p>Wir helfen Ihnen auf Ihrem Weg nach Hause.<\/p>\n\t<p>Seit 1991 durften wir \u00fcber 200.000 Olim aus vielen verschiedenen Nationen bei ihrer Aliyah begleiten.<\/p>\n<p>Wir m\u00f6chten dabei helfen, den Prozess der Aliyah so angenehm wie m\u00f6glich zu gestalten.<\/p>\n<p>&nbsp;<\/p>\n\t<p>In der ehemaligen Sowjetunion und anderen Nationen besuchen und ermutigen unsere Teams j\u00fcdische Einzelpersonen und Familien, in Erf\u00fcllung der biblischen Prophetie nach Israel zur\u00fcckzukehren. Wir sprechen mit ihnen \u00fcber die Hoffnung der Verhei\u00dfungen G-ttes und Seines Bundes mit Abraham, Isaak und Jakob. In enger Zusammenarbeit mit der Jewish Agency for Israel bieten wir Beratung und praktische Hilfe bei Dokumentenbeschaffung Wohnungsaufl\u00f6sung, Fahrten zum Flughafen, Paketversand, etc. an.<\/p>\n\t\t\t<a href=\"https:\/\/ebenezer-oe.org\/de\/kontakt\/\" target=\"_self\" rel=\"noopener\">\n\t\t\t\t\t\t\tWeitere Infos erhalten\n\t\t\t\t\t<\/a>\n\t<p><i>\u201eJeder Jude hat das Recht, ins Land einzuwandern.&#8220;<\/i><\/p>\n<p><b><\/b><i>&#8211; <\/i>Auszug aus dem R\u00fcckkehrgesetz, 1950.<\/p>\n\t<p>Sie planen Ihre Aliyah und ben\u00f6tigen eine erste Adresse in Israel?:<\/p>\n<h2>\n\t\tHaifa Haus\n\t<\/h2>\n\t<p>Unser Haus in Haifa bietet Olim eine erste Adresse, um vorerst ankommen zu k\u00f6nnen. Hier haben mehrere Familien und Einzelpersonen Zeit und Raum, kosteng\u00fcnstig ein Zimmer anzumieten. Das Haus im Norden Israels liegt verkehrsg\u00fcnstig, verf\u00fcgt \u00fcber 3 Etagen und besteht aus Einzel- und Familienzimmern, sowie einer Gemeinschaftsk\u00fcche und einem Gemeinschaftsbereich.<\/p>\n<p>Wir stehen Ihnen w\u00e4hrend Ihrer gesamten Aliyah mit praktischer Hilfe zur Seite. Unsere Unterst\u00fctzung richtet sich ganz nach Ihren Bed\u00fcrfnissen und unseren M\u00f6glichkeiten, Ihnen zu helfen. Bitte f\u00fcllen Sie das untenstehende Kontaktformular aus. Wir werden Sie mit Mitarbeitenden aus Ihrem Land in Verbindung setzen.<\/p>\n\t\t\t<a href=\"https:\/\/ebenezer-oe.org\/de\/kontakt\/\" target=\"_self\" rel=\"noopener\">\n\t\t\t\t\t\t\tMehr Informationen\n\t\t\t\t\t<\/a>\n\t<iframe title=\"Do you want to make Aliyah? | Haifa House\" width=\"500\" height=\"281\" data-src=\"https:\/\/www.youtube.com\/embed\/6PbGqj5upK4?feature=oembed\" frameborder=\"0\" allow=\"accelerometer; autoplay; clipboard-write; encrypted-media; gyroscope; picture-in-picture; web-share\" allowfullscreen src=\"data:image\/svg+xml;base64,PHN2ZyB3aWR0aD0iMSIgaGVpZ2h0PSIxIiB4bWxucz0iaHR0cDovL3d3dy53My5vcmcvMjAwMC9zdmciPjwvc3ZnPg==\" class=\"lazyload\" data-load-mode=\"1\"><\/iframe>\n\t<p>\u201e<em>F\u00fcrchte dich nicht, denn ich bin bei dir. Ich will deinen Samen vom Osten herf\u00fchren und dich vom Westen her sammeln. Ich will zum Norden sagen: Gib heraus! und zum S\u00fcden: Halte nicht zur\u00fcck! Bringe meine S\u00f6hne aus der Ferne herbei und meine T\u00f6chter vom Ende der Welt, einen jeden, der mit meinem Namen genannt ist und den ich zu meiner Ehre geschaffen habe&#8230;&#8220; <\/em><\/p>\n<p>Jesaja 43, 5-7a<\/p>\n<h2>\n\t\tM\u00f6chten Sie weitere Informationen?\n\t<\/h2>\n\t<p>Kontaktieren Sie uns und lassen Sie uns wissen, wie wir Sie unterst\u00fctzen k\u00f6nnen.<\/p>\n\t\t\t<a href=\"https:\/\/ebenezer-oe.org\/de\/kontakt\/\" target=\"_self\" rel=\"noopener\">\n\t\t\t\t\t\t\tWeitere Informationen\n\t\t\t\t\t<\/a>\n<h2>\n\t\tErfahrungen\n\t<\/h2>\n\t\t\t\t<img decoding=\"async\" data-src=\"https:\/\/ebenezeroe.wpengine.com\/wp-content\/uploads\/2022\/02\/Volunteer.png\" alt=\"Volunteer\" itemprop=\"image\" title=\"Volunteer\" onerror=\"this.style.display='none'\" src=\"data:image\/svg+xml;base64,PHN2ZyB3aWR0aD0iMSIgaGVpZ2h0PSIxIiB4bWxucz0iaHR0cDovL3d3dy53My5vcmcvMjAwMC9zdmciPjwvc3ZnPg==\" class=\"lazyload\" \/>\n\t<p>Naftali &amp; Familie<\/p>\n\t<p>Deutschland<\/p>\n\t<p><i>\u201eWarum wir Aliyah gemacht haben? Es ist eine Mitzwa. In unserer Synagoge wurde gesagt, dass man eines Tages nach Israel gehen sollte, wenn man die M\u00f6glichkeit dazu hat. Au\u00dferdem sehen wir, dass der Antisemitismus auf den Stra\u00dfen Europas angekommen ist. Mit der Kippa durch die Stra\u00dfen Berlins zu laufen, ist gef\u00e4hrlich. Hier gibt es viele b\u00fcrokratische H\u00fcrden, jedoch hatten wir innerhalb eines Tages einen Schulplatz f\u00fcr unseren Sohn. Nun leben wir im Haus f\u00fcr Olim in Haifa und sind sehr dankbar. Es ist ein gutes Haus. Das Team in Berlin hat uns zum Flughafen gebracht. Das war eine gro\u00dfe Hilfe. Wir hatten unser Auto bereits verkauft und mit 3 Koffern pro Person- wie soll man diese zum Flughafen bringen? Pl\u00e4ne haben wir viele, aber es gibt ein rabbinisches Sprichwort: \u201eDer Mensch macht Pl\u00e4ne, damit G-tt dar\u00fcber lachen kann.&#8220; Wir schauen, was uns hier erwartet.&#8220;<\/i><\/p>\n\t\t\t\t<img decoding=\"async\" data-src=\"https:\/\/ebenezeroe.wpengine.com\/wp-content\/uploads\/2021\/05\/47.png\" alt=\"47\" itemprop=\"image\" title=\"47\" onerror=\"this.style.display='none'\" src=\"data:image\/svg+xml;base64,PHN2ZyB3aWR0aD0iMSIgaGVpZ2h0PSIxIiB4bWxucz0iaHR0cDovL3d3dy53My5vcmcvMjAwMC9zdmciPjwvc3ZnPg==\" class=\"lazyload\" \/>\n\tBoris &amp; Tamara<strong><br \/>\n<\/strong>\n\t<p>Georgien<\/p>\n\t<p><i>\u201eIch (Tamara) habe selbst einige Jahre f\u00fcr die Jewish Agency im Bereich der Aliyah gearbeitet. Unser Sohn ist bereits vor einiger Zeit nach Israel gegangen, hat in der IDF gedient[Israeli Defense Force], sein Studium abgeschlossen, geheiratet und eine Familie gegr\u00fcndet. Wir m\u00f6chten den Rest unseres Lebens auch in Israel verbringen, zusammen mit unserem Sohn und unseren Enkeln. Ebenezer Operation Exodus hat uns dabei geholfen. Wir sind so dankbar f\u00fcr die Arbeit, die sie leisten, und f\u00fcr unsere langj\u00e4hrige Zusammenarbeit mit ihnen, um anderen Olim zu helfen. Wir sind so aufgeregt, denn jetzt sind wir an der Reihe. Wir k\u00f6nnen es kaum erwarten!&#8220;<\/i><\/p>\n\t\t\t\t<img decoding=\"async\" data-src=\"https:\/\/ebenezeroe.wpengine.com\/wp-content\/uploads\/2021\/05\/48.png\" alt=\"48\" itemprop=\"image\" title=\"48\" onerror=\"this.style.display='none'\" src=\"data:image\/svg+xml;base64,PHN2ZyB3aWR0aD0iMSIgaGVpZ2h0PSIxIiB4bWxucz0iaHR0cDovL3d3dy53My5vcmcvMjAwMC9zdmciPjwvc3ZnPg==\" class=\"lazyload\" \/>\n\tSaray<strong><br \/>\n<\/strong>\n\t<p>Kolumbien<\/p>\n\t<p>\u201eMeine Familie hat mir beigebracht, dass Israel mein Land ist. Kolumbien hat mich gro\u00dfgezogen und mir gezeigt, wohin ich geh\u00f6re. Und dass ich nicht frustriert sein muss, wenn die Reise nach Israel schwierig wird, denn es wird zur richtigen Zeit geschehen. Alles, was ich in Kolumbien tat, tat ich mit dem Gedanken an meine Aliyah. Unglaublicherweise tauchte Ebenezer Operation Exodus aus dem Nichts auf und gab uns all die Unterst\u00fctzung, die uns fehlte, besonders f\u00fcr die vielen Fahrten und Termine. Und sie machten die Reise f\u00fcr meine Gro\u00dfmutter, die 93 Jahre alt war, so sicher und angenehm wie m\u00f6glich!&#8220;<\/p>\n\t\t\t\t<img decoding=\"async\" data-src=\"https:\/\/ebenezeroe.wpengine.com\/wp-content\/uploads\/2021\/05\/45.png\" alt=\"45\" itemprop=\"image\" title=\"45\" onerror=\"this.style.display='none'\" src=\"data:image\/svg+xml;base64,PHN2ZyB3aWR0aD0iMSIgaGVpZ2h0PSIxIiB4bWxucz0iaHR0cDovL3d3dy53My5vcmcvMjAwMC9zdmciPjwvc3ZnPg==\" class=\"lazyload\" \/>\n\tJerret &amp; Familie<strong><br \/>\n<\/strong>\n\t<p>USA<\/p>\n\t<p><i>\u201e<\/i>So viele Gedanken gehen uns durch den Kopf! Wir machen Aliyah, weil wir glauben, dass es unsere Pflicht ist, nach Israel zu gehen. Wir werden nicht alle Annehmlichkeiten haben wie hier &#8230; das gleiche Unterst\u00fctzungssystem usw, aber wir tun das Richtige! Wir leben dann mit unseren &#8222;Br\u00fcdern&#8220; und &#8222;Schwestern&#8220; gemeinsam in unserem Heiligen Land. Wir atmen die ganze Spiritualit\u00e4t und die reiche Geschichte unseres Landes ein und sind auf neue Art mit Israel verbunden, einem \u201elebendigen Land&#8220;, von dem wir glauben, dass es eine unglaubliche F\u00e4higkeit hat, uns auf spirituelle Ebenen zu erheben.&#8220;<\/p>\n\n","protected":false},"excerpt":{"rendered":"<p>Aliyah machen Wir helfen Ihnen auf Ihrem Weg nach Hause. Seit 1991 durften wir \u00fcber 200.000 Olim aus vielen verschiedenen Nationen bei ihrer Aliyah begleiten. Wir m\u00f6chten dabei helfen, den Prozess der Aliyah so angenehm wie m\u00f6glich zu gestalten. &nbsp; In der ehemaligen Sowjetunion und anderen Nationen besuchen und ermutigen unsere Teams j\u00fcdische Einzelpersonen und&hellip;<\/p>\n","protected":false},"author":1,"featured_media":0,"parent":0,"menu_order":0,"comment_status":"closed","ping_status":"closed","template":"","meta":{"footnotes":""},"class_list":["post-53836","page","type-page","status-publish","hentry"],"yoast_head":"<!-- This site is optimized with the Yoast SEO plugin v27.2 - https:\/\/yoast.com\/product\/yoast-seo-wordpress\/ -->\n<title>Aliyah machen - Ebenezer Operation Exodus<\/title>\n<meta name=\"robots\" content=\"index, follow, max-snippet:-1, max-image-preview:large, max-video-preview:-1\" \/>\n<link rel=\"canonical\" href=\"https:\/\/ebenezer-oe.org\/de\/aliyah-machen\/\" \/>\n<meta property=\"og:locale\" content=\"de_DE\" \/>\n<meta property=\"og:type\" content=\"article\" \/>\n<meta property=\"og:title\" content=\"Aliyah machen - Ebenezer Operation Exodus\" \/>\n<meta property=\"og:description\" content=\"Aliyah machen Wir helfen Ihnen auf Ihrem Weg nach Hause. Seit 1991 durften wir \u00fcber 200.000 Olim aus vielen verschiedenen Nationen bei ihrer Aliyah begleiten. Wir m\u00f6chten dabei helfen, den Prozess der Aliyah so angenehm wie m\u00f6glich zu gestalten. &nbsp; In der ehemaligen Sowjetunion und anderen Nationen besuchen und ermutigen unsere Teams j\u00fcdische Einzelpersonen und&hellip;\" \/>\n<meta property=\"og:url\" content=\"https:\/\/ebenezer-oe.org\/de\/aliyah-machen\/\" \/>\n<meta property=\"og:site_name\" content=\"Ebenezer Operation Exodus\" \/>\n<meta property=\"article:publisher\" content=\"https:\/\/www.facebook.com\/EbenezerInt\" \/>\n<meta property=\"article:modified_time\" content=\"2023-07-26T09:32:03+00:00\" \/>\n<meta property=\"og:image\" content=\"https:\/\/ebenezeroe.wpengine.com\/wp-content\/uploads\/2022\/02\/Volunteer.png\" \/>\n<meta name=\"twitter:card\" content=\"summary_large_image\" \/>\n<meta name=\"twitter:label1\" content=\"Gesch\u00e4tzte Lesezeit\" \/>\n\t<meta name=\"twitter:data1\" content=\"4 Minuten\" \/>\n<script type=\"application\/ld+json\" class=\"yoast-schema-graph\">{\"@context\":\"https:\/\/schema.org\",\"@graph\":[{\"@type\":\"WebPage\",\"@id\":\"https:\/\/ebenezer-oe.org\/de\/aliyah-machen\/\",\"url\":\"https:\/\/ebenezer-oe.org\/de\/aliyah-machen\/\",\"name\":\"Aliyah machen - Ebenezer Operation Exodus\",\"isPartOf\":{\"@id\":\"https:\/\/ebenezer-oe.org\/#website\"},\"primaryImageOfPage\":{\"@id\":\"https:\/\/ebenezer-oe.org\/de\/aliyah-machen\/#primaryimage\"},\"image\":{\"@id\":\"https:\/\/ebenezer-oe.org\/de\/aliyah-machen\/#primaryimage\"},\"thumbnailUrl\":\"https:\/\/ebenezeroe.wpengine.com\/wp-content\/uploads\/2022\/02\/Volunteer.png\",\"datePublished\":\"2022-02-08T15:02:40+00:00\",\"dateModified\":\"2023-07-26T09:32:03+00:00\",\"breadcrumb\":{\"@id\":\"https:\/\/ebenezer-oe.org\/de\/aliyah-machen\/#breadcrumb\"},\"inLanguage\":\"de-DE\",\"potentialAction\":[{\"@type\":\"ReadAction\",\"target\":[\"https:\/\/ebenezer-oe.org\/de\/aliyah-machen\/\"]}]},{\"@type\":\"ImageObject\",\"inLanguage\":\"de-DE\",\"@id\":\"https:\/\/ebenezer-oe.org\/de\/aliyah-machen\/#primaryimage\",\"url\":\"https:\/\/ebenezeroe.wpengine.com\/wp-content\/uploads\/2022\/02\/Volunteer.png\",\"contentUrl\":\"https:\/\/ebenezeroe.wpengine.com\/wp-content\/uploads\/2022\/02\/Volunteer.png\"},{\"@type\":\"BreadcrumbList\",\"@id\":\"https:\/\/ebenezer-oe.org\/de\/aliyah-machen\/#breadcrumb\",\"itemListElement\":[{\"@type\":\"ListItem\",\"position\":1,\"name\":\"Home\",\"item\":\"https:\/\/ebenezer-oe.org\/de\/\"},{\"@type\":\"ListItem\",\"position\":2,\"name\":\"Aliyah machen\"}]},{\"@type\":\"WebSite\",\"@id\":\"https:\/\/ebenezer-oe.org\/#website\",\"url\":\"https:\/\/ebenezer-oe.org\/\",\"name\":\"Ebenezer - Operation Exodus\",\"description\":\"\",\"publisher\":{\"@id\":\"https:\/\/ebenezer-oe.org\/#organization\"},\"potentialAction\":[{\"@type\":\"SearchAction\",\"target\":{\"@type\":\"EntryPoint\",\"urlTemplate\":\"https:\/\/ebenezer-oe.org\/?s={search_term_string}\"},\"query-input\":{\"@type\":\"PropertyValueSpecification\",\"valueRequired\":true,\"valueName\":\"search_term_string\"}}],\"inLanguage\":\"de-DE\"},{\"@type\":\"Organization\",\"@id\":\"https:\/\/ebenezer-oe.org\/#organization\",\"name\":\"Ebenezer - Operation Exodus\",\"url\":\"https:\/\/ebenezer-oe.org\/\",\"logo\":{\"@type\":\"ImageObject\",\"inLanguage\":\"de-DE\",\"@id\":\"https:\/\/ebenezer-oe.org\/#\/schema\/logo\/image\/\",\"url\":\"https:\/\/ebenezeroe.wpengine.com\/wp-content\/uploads\/2020\/09\/Logo_EOE_EN_Colour-Horizontal.png\",\"contentUrl\":\"https:\/\/ebenezeroe.wpengine.com\/wp-content\/uploads\/2020\/09\/Logo_EOE_EN_Colour-Horizontal.png\",\"width\":1922,\"height\":928,\"caption\":\"Ebenezer - Operation Exodus\"},\"image\":{\"@id\":\"https:\/\/ebenezer-oe.org\/#\/schema\/logo\/image\/\"},\"sameAs\":[\"https:\/\/www.facebook.com\/EbenezerInt\",\"https:\/\/www.instagram.com\/ebenezer_oe_eng\/\",\"https:\/\/www.youtube.com\/channel\/UC6qGHrKKeamFVz95Vd8LR1g\"]}]}<\/script>\n<!-- \/ Yoast SEO plugin. -->","yoast_head_json":{"title":"Aliyah machen - Ebenezer Operation Exodus","robots":{"index":"index","follow":"follow","max-snippet":"max-snippet:-1","max-image-preview":"max-image-preview:large","max-video-preview":"max-video-preview:-1"},"canonical":"https:\/\/ebenezer-oe.org\/de\/aliyah-machen\/","og_locale":"de_DE","og_type":"article","og_title":"Aliyah machen - Ebenezer Operation Exodus","og_description":"Aliyah machen Wir helfen Ihnen auf Ihrem Weg nach Hause. Seit 1991 durften wir \u00fcber 200.000 Olim aus vielen verschiedenen Nationen bei ihrer Aliyah begleiten. Wir m\u00f6chten dabei helfen, den Prozess der Aliyah so angenehm wie m\u00f6glich zu gestalten. &nbsp; In der ehemaligen Sowjetunion und anderen Nationen besuchen und ermutigen unsere Teams j\u00fcdische Einzelpersonen und&hellip;","og_url":"https:\/\/ebenezer-oe.org\/de\/aliyah-machen\/","og_site_name":"Ebenezer Operation Exodus","article_publisher":"https:\/\/www.facebook.com\/EbenezerInt","article_modified_time":"2023-07-26T09:32:03+00:00","og_image":[{"url":"https:\/\/ebenezeroe.wpengine.com\/wp-content\/uploads\/2022\/02\/Volunteer.png","type":"","width":"","height":""}],"twitter_card":"summary_large_image","twitter_misc":{"Gesch\u00e4tzte Lesezeit":"4 Minuten"},"schema":{"@context":"https:\/\/schema.org","@graph":[{"@type":"WebPage","@id":"https:\/\/ebenezer-oe.org\/de\/aliyah-machen\/","url":"https:\/\/ebenezer-oe.org\/de\/aliyah-machen\/","name":"Aliyah machen - Ebenezer Operation Exodus","isPartOf":{"@id":"https:\/\/ebenezer-oe.org\/#website"},"primaryImageOfPage":{"@id":"https:\/\/ebenezer-oe.org\/de\/aliyah-machen\/#primaryimage"},"image":{"@id":"https:\/\/ebenezer-oe.org\/de\/aliyah-machen\/#primaryimage"},"thumbnailUrl":"https:\/\/ebenezeroe.wpengine.com\/wp-content\/uploads\/2022\/02\/Volunteer.png","datePublished":"2022-02-08T15:02:40+00:00","dateModified":"2023-07-26T09:32:03+00:00","breadcrumb":{"@id":"https:\/\/ebenezer-oe.org\/de\/aliyah-machen\/#breadcrumb"},"inLanguage":"de-DE","potentialAction":[{"@type":"ReadAction","target":["https:\/\/ebenezer-oe.org\/de\/aliyah-machen\/"]}]},{"@type":"ImageObject","inLanguage":"de-DE","@id":"https:\/\/ebenezer-oe.org\/de\/aliyah-machen\/#primaryimage","url":"https:\/\/ebenezeroe.wpengine.com\/wp-content\/uploads\/2022\/02\/Volunteer.png","contentUrl":"https:\/\/ebenezeroe.wpengine.com\/wp-content\/uploads\/2022\/02\/Volunteer.png"},{"@type":"BreadcrumbList","@id":"https:\/\/ebenezer-oe.org\/de\/aliyah-machen\/#breadcrumb","itemListElement":[{"@type":"ListItem","position":1,"name":"Home","item":"https:\/\/ebenezer-oe.org\/de\/"},{"@type":"ListItem","position":2,"name":"Aliyah machen"}]},{"@type":"WebSite","@id":"https:\/\/ebenezer-oe.org\/#website","url":"https:\/\/ebenezer-oe.org\/","name":"Ebenezer - Operation Exodus","description":"","publisher":{"@id":"https:\/\/ebenezer-oe.org\/#organization"},"potentialAction":[{"@type":"SearchAction","target":{"@type":"EntryPoint","urlTemplate":"https:\/\/ebenezer-oe.org\/?s={search_term_string}"},"query-input":{"@type":"PropertyValueSpecification","valueRequired":true,"valueName":"search_term_string"}}],"inLanguage":"de-DE"},{"@type":"Organization","@id":"https:\/\/ebenezer-oe.org\/#organization","name":"Ebenezer - Operation Exodus","url":"https:\/\/ebenezer-oe.org\/","logo":{"@type":"ImageObject","inLanguage":"de-DE","@id":"https:\/\/ebenezer-oe.org\/#\/schema\/logo\/image\/","url":"https:\/\/ebenezeroe.wpengine.com\/wp-content\/uploads\/2020\/09\/Logo_EOE_EN_Colour-Horizontal.png","contentUrl":"https:\/\/ebenezeroe.wpengine.com\/wp-content\/uploads\/2020\/09\/Logo_EOE_EN_Colour-Horizontal.png","width":1922,"height":928,"caption":"Ebenezer - Operation Exodus"},"image":{"@id":"https:\/\/ebenezer-oe.org\/#\/schema\/logo\/image\/"},"sameAs":["https:\/\/www.facebook.com\/EbenezerInt","https:\/\/www.instagram.com\/ebenezer_oe_eng\/","https:\/\/www.youtube.com\/channel\/UC6qGHrKKeamFVz95Vd8LR1g"]}]}},"_links":{"self":[{"href":"https:\/\/ebenezer-oe.org\/de\/wp-json\/wp\/v2\/pages\/53836","targetHints":{"allow":["GET"]}}],"collection":[{"href":"https:\/\/ebenezer-oe.org\/de\/wp-json\/wp\/v2\/pages"}],"about":[{"href":"https:\/\/ebenezer-oe.org\/de\/wp-json\/wp\/v2\/types\/page"}],"author":[{"embeddable":true,"href":"https:\/\/ebenezer-oe.org\/de\/wp-json\/wp\/v2\/users\/1"}],"replies":[{"embeddable":true,"href":"https:\/\/ebenezer-oe.org\/de\/wp-json\/wp\/v2\/comments?post=53836"}],"version-history":[{"count":0,"href":"https:\/\/ebenezer-oe.org\/de\/wp-json\/wp\/v2\/pages\/53836\/revisions"}],"wp:attachment":[{"href":"https:\/\/ebenezer-oe.org\/de\/wp-json\/wp\/v2\/media?parent=53836"}],"curies":[{"name":"wp","href":"https:\/\/api.w.org\/{rel}","templated":true}]}}