{"id":53838,"date":"2022-02-08T15:37:04","date_gmt":"2022-02-08T15:37:04","guid":{"rendered":"https:\/\/ebenezer-oe.org\/partner-werden\/praktische-hilfe\/"},"modified":"2025-12-09T13:45:11","modified_gmt":"2025-12-09T13:45:11","slug":"praktische-hilfe","status":"publish","type":"page","link":"https:\/\/ebenezer-oe.org\/de\/partner-werden\/praktische-hilfe\/","title":{"rendered":"Praktische Hilfe"},"content":{"rendered":"\n<h1>\n\t\t\tEhrenamtliche Mitarbeit\t<\/h1>\n\t<p><em>&#8218;Jeder soll den anderen mit der Gabe dienen, die er von Gott bekommen hat. Wenn ihr das tut, erweist ihr euch als gute Verwalter der Gnade, die Gott uns in so vielf\u00e4ltiger Weise schenkt.&#8216; <\/em><\/p>\n<p><em>1. Petrus 4,10<\/em><\/p>\n\t<h2>Arbeiten Sie bei Ebenezer mit und unterst\u00fctzen Sie die Teams in Ihrem Land, in Israel oder in anderen Regionen der Welt ganz praktisch&#8230;<\/h2>\n\t<p>Jedes Jahr treffen zehntausende Juden aus aller Welt die bedeutsame Entscheidung, ihr Land zu verlassen und nach Israel zu ziehen.<\/p>\n<p>Um Olim bei diesem weitreichenden Vorhaben den Weg zu erleichtern, stehen unsere Teams weltweit bereit. Werden Sie kurz- oder langfristig Teil unseres Teams und erleben Sie das Wunder der Aliyah hautnah mit. <\/p>\n\t<p>W\u00e4hrend eines Einsatzes mit Ebenezer Operation Exodus k\u00f6nnen Sie Ihre Gaben und F\u00e4higkeiten einbringen, um das j\u00fcdische Volk ganz praktisch bei der Aliyah zu unterst\u00fctzen: ob im Haifa-Haus f\u00fcr Olim in Israel, bei den Teams in Osteuropa und S\u00fcdamerika oder bei der Begleitung einer Person \/ Familie aus Ihrer Region; ob bei der Fahrt zum Flughafen oder Hilfe bei der Unterbringung bis zum Abflug. Die Einsatzm\u00f6glichkeiten sind vielseitig und oft f\u00fcr die Helfer ein unvergessliches Erlebnis.<\/p>\n<p>Gehen Sie unseren Teams vor Ort zur Hand, z. B. im Bereich Medien, \u00dcbersetzung oder begleiten Sie uns bei Gemeindebesuchen. Wir erleben, dass, wenn wir dem j\u00fcdischen Volk in Demut und Liebe begegnen, sich Gott zu uns stellt und wie \u201eEr segnet, die Israel segnen&#8220; (vgl. 1. Mose 12,3).<\/p>\n<h2>\n\t\t\tErfahrungsberichte\t<\/h2>\n\t\t\t\t<img decoding=\"async\" data-src=\"https:\/\/ebenezeroe.wpengine.com\/wp-content\/uploads\/2021\/05\/vol-mex-daniela-150x150.jpg\" alt=\"vol-mex-daniela\" itemprop=\"image\" title=\"vol-mex-daniela\" onerror=\"this.style.display='none'\" src=\"data:image\/svg+xml;base64,PHN2ZyB3aWR0aD0iMSIgaGVpZ2h0PSIxIiB4bWxucz0iaHR0cDovL3d3dy53My5vcmcvMjAwMC9zdmciPjwvc3ZnPg==\" class=\"lazyload\" style=\"--smush-placeholder-width: 150px; --smush-placeholder-aspect-ratio: 150\/150;\" \/>\n\t<p>Daniela<\/p>\n\t<p>Volont\u00e4rin in Argentinien<\/p>\n\t<p>\u201e<i>Ich war mit Ebenezer 6 Monate im sch\u00f6nen Argentinien. Dort habe ich in Kirchen und mit j\u00fcdischen Familien \u00fcber Aliyah gesprochen. Ich gewann an Verst\u00e4ndnis f\u00fcr Gottes Liebe zu Seinem Volk. Ich bin Mexikanerin, also dachte ich, in einem spanischsprachigen Land zu sein, w\u00fcrde mir leicht fallen &#8211; doch es gab einige Herausforderungen und Situationen, mit denen ich nicht gerechnet h\u00e4tte. Aber genau diese lie\u00dfen mich erkennen, dass praktische Liebe Menschen ver\u00e4ndert. Gottes Liebe f\u00fcr das j\u00fcdische Volk hat auch mich ver\u00e4ndert. Daf\u00fcr bin ich Gott und Ebenezer sehr dankbar.&#8220;<\/i><\/p>\n\t\t\t\t<img decoding=\"async\" data-src=\"https:\/\/ebenezeroe.wpengine.com\/wp-content\/uploads\/2021\/05\/vol-scot-guy-150x150.jpg\" alt=\"vol-scot-guy\" itemprop=\"image\" title=\"vol-scot-guy\" onerror=\"this.style.display='none'\" src=\"data:image\/svg+xml;base64,PHN2ZyB3aWR0aD0iMSIgaGVpZ2h0PSIxIiB4bWxucz0iaHR0cDovL3d3dy53My5vcmcvMjAwMC9zdmciPjwvc3ZnPg==\" class=\"lazyload\" style=\"--smush-placeholder-width: 150px; --smush-placeholder-aspect-ratio: 150\/150;\" \/>\n\t<p>Guy<\/p>\n\t<p>Volont\u00e4r in der Ukraine<\/p>\n\t<p>\u201e<i>Meine Zeit als Volont\u00e4r offenbarte mir die Heiligkeit Gottes und wie Er geistlich in mir wirkte, w\u00e4hrend ich praktische, scheinbar gew\u00f6hnliche, allt\u00e4gliche Aufgaben \u00fcbernahm; wie zum Beispiel j\u00fcdischen Menschen am Flughafen zu helfen. Ich hab erfahren, wie es einen Unterschied f\u00fcr Andere macht, wenn ich mich einfach nur als ein Gef\u00e4\u00df Gottes gebrauchen lasse. Wir zeigen Seine Liebe und Seinen Charakter durch unsere Handlungen. Einfach nur ,da zu sein&#8216;, ist alles, was der Herr zum Wirken braucht.<\/i>&#8222;<\/p>\n\t\t\t\t<img decoding=\"async\" data-src=\"https:\/\/ebenezeroe.wpengine.com\/wp-content\/uploads\/2022\/02\/Website-2021-150x150.png\" alt=\"Website 2021\" itemprop=\"image\" title=\"Website 2021\" onerror=\"this.style.display='none'\" src=\"data:image\/svg+xml;base64,PHN2ZyB3aWR0aD0iMSIgaGVpZ2h0PSIxIiB4bWxucz0iaHR0cDovL3d3dy53My5vcmcvMjAwMC9zdmciPjwvc3ZnPg==\" class=\"lazyload\" style=\"--smush-placeholder-width: 150px; --smush-placeholder-aspect-ratio: 150\/150;\" \/>\n\t<p>Doreen<\/p>\n\t<p>Volont\u00e4rin in der Ukraine\/Deutschland<\/p>\n\t<p>\u201e<i>F\u00fcr mich war es ein Privileg, mit einem internationalen Team f\u00fcr drei Monate die unterschiedlichen Regionen der Ukraine zu bereisen. Wir kamen aus Frankreich, S\u00fcdafrika, Australien und der Slowakei, der Schweiz&#8230; und Gott brachte uns mit demselben Herzensanliegen zusammen, j\u00fcdische Familien praktisch auf ihrem Weg nach Israel zu begleiten. Es bewegte mich zutiefst, als ich im Wohnzimmer der j\u00fcdischen Familien sa\u00df und sie sich f\u00fcr unsere Unterst\u00fctzung bedankten oder ihnen beim Koffertragen am Bahnhof ein L\u00e4cheln aufs Gesicht kam, weil sie sich ermutigt wussten. F\u00fcr mich wurde es ganz klar: Gottes Herz schl\u00e4gt f\u00fcr sein Volk.<\/i><i>&#8222;<\/i><\/p>\n<h2>\n\t\t\tOb jung oder alt &#8211; unsere Ebenezer Teams freuen sich auf Sie!\t<\/h2>\n\t<p>Wenn Sie es auf dem Herzen haben, sich in die Aliyah mit einzubringen, schreiben Sie uns gerne ein kurzes Statement dazu, was Gott auf ihr Herz gelegt hat und wie Sie sich einbringen m\u00f6chten.<\/p>\n\t\t\t<a href=\"https:\/\/ebenezer-oe.org\/de\/kontakt\/\" target=\"_self\">\n\t\t\t\t\t\t\tWeitere Informationen\n\t\t\t\t\t<\/a>\n\n","protected":false},"excerpt":{"rendered":"<p>Ehrenamtliche Mitarbeit &#8218;Jeder soll den anderen mit der Gabe dienen, die er von Gott bekommen hat. Wenn ihr das tut, erweist ihr euch als gute Verwalter der Gnade, die Gott uns in so vielf\u00e4ltiger Weise schenkt.&#8216; 1. Petrus 4,10 Arbeiten Sie bei Ebenezer mit und unterst\u00fctzen Sie die Teams in Ihrem Land, in Israel oder&hellip;<\/p>\n","protected":false},"author":1,"featured_media":0,"parent":53837,"menu_order":2,"comment_status":"closed","ping_status":"closed","template":"","meta":{"footnotes":""},"class_list":["post-53838","page","type-page","status-publish","hentry"],"yoast_head":"<!-- This site is optimized with the Yoast SEO plugin v27.2 - https:\/\/yoast.com\/product\/yoast-seo-wordpress\/ -->\n<title>Praktische Hilfe - Ebenezer Operation Exodus<\/title>\n<meta name=\"robots\" content=\"index, follow, max-snippet:-1, max-image-preview:large, max-video-preview:-1\" \/>\n<link rel=\"canonical\" href=\"https:\/\/ebenezer-oe.org\/de\/partner-werden\/praktische-hilfe\/\" \/>\n<meta property=\"og:locale\" content=\"de_DE\" \/>\n<meta property=\"og:type\" content=\"article\" \/>\n<meta property=\"og:title\" content=\"Praktische Hilfe - Ebenezer Operation Exodus\" \/>\n<meta property=\"og:description\" content=\"Ehrenamtliche Mitarbeit &#8218;Jeder soll den anderen mit der Gabe dienen, die er von Gott bekommen hat. Wenn ihr das tut, erweist ihr euch als gute Verwalter der Gnade, die Gott uns in so vielf\u00e4ltiger Weise schenkt.&#8216; 1. Petrus 4,10 Arbeiten Sie bei Ebenezer mit und unterst\u00fctzen Sie die Teams in Ihrem Land, in Israel oder&hellip;\" \/>\n<meta property=\"og:url\" content=\"https:\/\/ebenezer-oe.org\/de\/partner-werden\/praktische-hilfe\/\" \/>\n<meta property=\"og:site_name\" content=\"Ebenezer Operation Exodus\" \/>\n<meta property=\"article:publisher\" content=\"https:\/\/www.facebook.com\/EbenezerInt\" \/>\n<meta property=\"article:modified_time\" content=\"2025-12-09T13:45:11+00:00\" \/>\n<meta property=\"og:image\" content=\"https:\/\/ebenezeroe.wpengine.com\/wp-content\/uploads\/2021\/05\/vol-mex-daniela-150x150.jpg\" \/>\n<meta name=\"twitter:card\" content=\"summary_large_image\" \/>\n<meta name=\"twitter:label1\" content=\"Gesch\u00e4tzte Lesezeit\" \/>\n\t<meta name=\"twitter:data1\" content=\"3 Minuten\" \/>\n<script type=\"application\/ld+json\" class=\"yoast-schema-graph\">{\"@context\":\"https:\/\/schema.org\",\"@graph\":[{\"@type\":\"WebPage\",\"@id\":\"https:\/\/ebenezer-oe.org\/de\/partner-werden\/praktische-hilfe\/\",\"url\":\"https:\/\/ebenezer-oe.org\/de\/partner-werden\/praktische-hilfe\/\",\"name\":\"Praktische Hilfe - Ebenezer Operation Exodus\",\"isPartOf\":{\"@id\":\"https:\/\/ebenezer-oe.org\/#website\"},\"primaryImageOfPage\":{\"@id\":\"https:\/\/ebenezer-oe.org\/de\/partner-werden\/praktische-hilfe\/#primaryimage\"},\"image\":{\"@id\":\"https:\/\/ebenezer-oe.org\/de\/partner-werden\/praktische-hilfe\/#primaryimage\"},\"thumbnailUrl\":\"https:\/\/ebenezeroe.wpengine.com\/wp-content\/uploads\/2021\/05\/vol-mex-daniela-150x150.jpg\",\"datePublished\":\"2022-02-08T15:37:04+00:00\",\"dateModified\":\"2025-12-09T13:45:11+00:00\",\"breadcrumb\":{\"@id\":\"https:\/\/ebenezer-oe.org\/de\/partner-werden\/praktische-hilfe\/#breadcrumb\"},\"inLanguage\":\"de-DE\",\"potentialAction\":[{\"@type\":\"ReadAction\",\"target\":[\"https:\/\/ebenezer-oe.org\/de\/partner-werden\/praktische-hilfe\/\"]}]},{\"@type\":\"ImageObject\",\"inLanguage\":\"de-DE\",\"@id\":\"https:\/\/ebenezer-oe.org\/de\/partner-werden\/praktische-hilfe\/#primaryimage\",\"url\":\"https:\/\/ebenezeroe.wpengine.com\/wp-content\/uploads\/2021\/05\/vol-mex-daniela-150x150.jpg\",\"contentUrl\":\"https:\/\/ebenezeroe.wpengine.com\/wp-content\/uploads\/2021\/05\/vol-mex-daniela-150x150.jpg\"},{\"@type\":\"BreadcrumbList\",\"@id\":\"https:\/\/ebenezer-oe.org\/de\/partner-werden\/praktische-hilfe\/#breadcrumb\",\"itemListElement\":[{\"@type\":\"ListItem\",\"position\":1,\"name\":\"Home\",\"item\":\"https:\/\/ebenezer-oe.org\/de\/\"},{\"@type\":\"ListItem\",\"position\":2,\"name\":\"Partner werden\",\"item\":\"https:\/\/ebenezer-oe.org\/de\/partner-werden\/\"},{\"@type\":\"ListItem\",\"position\":3,\"name\":\"Praktische Hilfe\"}]},{\"@type\":\"WebSite\",\"@id\":\"https:\/\/ebenezer-oe.org\/#website\",\"url\":\"https:\/\/ebenezer-oe.org\/\",\"name\":\"Ebenezer - Operation Exodus\",\"description\":\"\",\"publisher\":{\"@id\":\"https:\/\/ebenezer-oe.org\/#organization\"},\"potentialAction\":[{\"@type\":\"SearchAction\",\"target\":{\"@type\":\"EntryPoint\",\"urlTemplate\":\"https:\/\/ebenezer-oe.org\/?s={search_term_string}\"},\"query-input\":{\"@type\":\"PropertyValueSpecification\",\"valueRequired\":true,\"valueName\":\"search_term_string\"}}],\"inLanguage\":\"de-DE\"},{\"@type\":\"Organization\",\"@id\":\"https:\/\/ebenezer-oe.org\/#organization\",\"name\":\"Ebenezer - Operation Exodus\",\"url\":\"https:\/\/ebenezer-oe.org\/\",\"logo\":{\"@type\":\"ImageObject\",\"inLanguage\":\"de-DE\",\"@id\":\"https:\/\/ebenezer-oe.org\/#\/schema\/logo\/image\/\",\"url\":\"https:\/\/ebenezeroe.wpengine.com\/wp-content\/uploads\/2020\/09\/Logo_EOE_EN_Colour-Horizontal.png\",\"contentUrl\":\"https:\/\/ebenezeroe.wpengine.com\/wp-content\/uploads\/2020\/09\/Logo_EOE_EN_Colour-Horizontal.png\",\"width\":1922,\"height\":928,\"caption\":\"Ebenezer - Operation Exodus\"},\"image\":{\"@id\":\"https:\/\/ebenezer-oe.org\/#\/schema\/logo\/image\/\"},\"sameAs\":[\"https:\/\/www.facebook.com\/EbenezerInt\",\"https:\/\/www.instagram.com\/ebenezer_oe_eng\/\",\"https:\/\/www.youtube.com\/channel\/UC6qGHrKKeamFVz95Vd8LR1g\"]}]}<\/script>\n<!-- \/ Yoast SEO plugin. -->","yoast_head_json":{"title":"Praktische Hilfe - Ebenezer Operation Exodus","robots":{"index":"index","follow":"follow","max-snippet":"max-snippet:-1","max-image-preview":"max-image-preview:large","max-video-preview":"max-video-preview:-1"},"canonical":"https:\/\/ebenezer-oe.org\/de\/partner-werden\/praktische-hilfe\/","og_locale":"de_DE","og_type":"article","og_title":"Praktische Hilfe - Ebenezer Operation Exodus","og_description":"Ehrenamtliche Mitarbeit &#8218;Jeder soll den anderen mit der Gabe dienen, die er von Gott bekommen hat. Wenn ihr das tut, erweist ihr euch als gute Verwalter der Gnade, die Gott uns in so vielf\u00e4ltiger Weise schenkt.&#8216; 1. Petrus 4,10 Arbeiten Sie bei Ebenezer mit und unterst\u00fctzen Sie die Teams in Ihrem Land, in Israel oder&hellip;","og_url":"https:\/\/ebenezer-oe.org\/de\/partner-werden\/praktische-hilfe\/","og_site_name":"Ebenezer Operation Exodus","article_publisher":"https:\/\/www.facebook.com\/EbenezerInt","article_modified_time":"2025-12-09T13:45:11+00:00","og_image":[{"url":"https:\/\/ebenezeroe.wpengine.com\/wp-content\/uploads\/2021\/05\/vol-mex-daniela-150x150.jpg","type":"","width":"","height":""}],"twitter_card":"summary_large_image","twitter_misc":{"Gesch\u00e4tzte Lesezeit":"3 Minuten"},"schema":{"@context":"https:\/\/schema.org","@graph":[{"@type":"WebPage","@id":"https:\/\/ebenezer-oe.org\/de\/partner-werden\/praktische-hilfe\/","url":"https:\/\/ebenezer-oe.org\/de\/partner-werden\/praktische-hilfe\/","name":"Praktische Hilfe - Ebenezer Operation Exodus","isPartOf":{"@id":"https:\/\/ebenezer-oe.org\/#website"},"primaryImageOfPage":{"@id":"https:\/\/ebenezer-oe.org\/de\/partner-werden\/praktische-hilfe\/#primaryimage"},"image":{"@id":"https:\/\/ebenezer-oe.org\/de\/partner-werden\/praktische-hilfe\/#primaryimage"},"thumbnailUrl":"https:\/\/ebenezeroe.wpengine.com\/wp-content\/uploads\/2021\/05\/vol-mex-daniela-150x150.jpg","datePublished":"2022-02-08T15:37:04+00:00","dateModified":"2025-12-09T13:45:11+00:00","breadcrumb":{"@id":"https:\/\/ebenezer-oe.org\/de\/partner-werden\/praktische-hilfe\/#breadcrumb"},"inLanguage":"de-DE","potentialAction":[{"@type":"ReadAction","target":["https:\/\/ebenezer-oe.org\/de\/partner-werden\/praktische-hilfe\/"]}]},{"@type":"ImageObject","inLanguage":"de-DE","@id":"https:\/\/ebenezer-oe.org\/de\/partner-werden\/praktische-hilfe\/#primaryimage","url":"https:\/\/ebenezeroe.wpengine.com\/wp-content\/uploads\/2021\/05\/vol-mex-daniela-150x150.jpg","contentUrl":"https:\/\/ebenezeroe.wpengine.com\/wp-content\/uploads\/2021\/05\/vol-mex-daniela-150x150.jpg"},{"@type":"BreadcrumbList","@id":"https:\/\/ebenezer-oe.org\/de\/partner-werden\/praktische-hilfe\/#breadcrumb","itemListElement":[{"@type":"ListItem","position":1,"name":"Home","item":"https:\/\/ebenezer-oe.org\/de\/"},{"@type":"ListItem","position":2,"name":"Partner werden","item":"https:\/\/ebenezer-oe.org\/de\/partner-werden\/"},{"@type":"ListItem","position":3,"name":"Praktische Hilfe"}]},{"@type":"WebSite","@id":"https:\/\/ebenezer-oe.org\/#website","url":"https:\/\/ebenezer-oe.org\/","name":"Ebenezer - Operation Exodus","description":"","publisher":{"@id":"https:\/\/ebenezer-oe.org\/#organization"},"potentialAction":[{"@type":"SearchAction","target":{"@type":"EntryPoint","urlTemplate":"https:\/\/ebenezer-oe.org\/?s={search_term_string}"},"query-input":{"@type":"PropertyValueSpecification","valueRequired":true,"valueName":"search_term_string"}}],"inLanguage":"de-DE"},{"@type":"Organization","@id":"https:\/\/ebenezer-oe.org\/#organization","name":"Ebenezer - Operation Exodus","url":"https:\/\/ebenezer-oe.org\/","logo":{"@type":"ImageObject","inLanguage":"de-DE","@id":"https:\/\/ebenezer-oe.org\/#\/schema\/logo\/image\/","url":"https:\/\/ebenezeroe.wpengine.com\/wp-content\/uploads\/2020\/09\/Logo_EOE_EN_Colour-Horizontal.png","contentUrl":"https:\/\/ebenezeroe.wpengine.com\/wp-content\/uploads\/2020\/09\/Logo_EOE_EN_Colour-Horizontal.png","width":1922,"height":928,"caption":"Ebenezer - Operation Exodus"},"image":{"@id":"https:\/\/ebenezer-oe.org\/#\/schema\/logo\/image\/"},"sameAs":["https:\/\/www.facebook.com\/EbenezerInt","https:\/\/www.instagram.com\/ebenezer_oe_eng\/","https:\/\/www.youtube.com\/channel\/UC6qGHrKKeamFVz95Vd8LR1g"]}]}},"_links":{"self":[{"href":"https:\/\/ebenezer-oe.org\/de\/wp-json\/wp\/v2\/pages\/53838","targetHints":{"allow":["GET"]}}],"collection":[{"href":"https:\/\/ebenezer-oe.org\/de\/wp-json\/wp\/v2\/pages"}],"about":[{"href":"https:\/\/ebenezer-oe.org\/de\/wp-json\/wp\/v2\/types\/page"}],"author":[{"embeddable":true,"href":"https:\/\/ebenezer-oe.org\/de\/wp-json\/wp\/v2\/users\/1"}],"replies":[{"embeddable":true,"href":"https:\/\/ebenezer-oe.org\/de\/wp-json\/wp\/v2\/comments?post=53838"}],"version-history":[{"count":0,"href":"https:\/\/ebenezer-oe.org\/de\/wp-json\/wp\/v2\/pages\/53838\/revisions"}],"up":[{"embeddable":true,"href":"https:\/\/ebenezer-oe.org\/de\/wp-json\/wp\/v2\/pages\/53837"}],"wp:attachment":[{"href":"https:\/\/ebenezer-oe.org\/de\/wp-json\/wp\/v2\/media?parent=53838"}],"curies":[{"name":"wp","href":"https:\/\/api.w.org\/{rel}","templated":true}]}}