{"id":53839,"date":"2022-02-08T15:59:59","date_gmt":"2022-02-08T15:59:59","guid":{"rendered":"https:\/\/ebenezer-oe.org\/warum-aliyah\/"},"modified":"2023-04-17T14:33:58","modified_gmt":"2023-04-17T14:33:58","slug":"warum-aliyah","status":"publish","type":"page","link":"https:\/\/ebenezer-oe.org\/de\/wer-wir-sind\/warum-aliyah\/","title":{"rendered":"WARUM ALIYAH?"},"content":{"rendered":"\n<h1>\n\t\tWarum Aliyah?\n\t<\/h1>\n\t<p>Der Begriff \u201eAliyah&#8220; beschreibt die R\u00fcckkehr des j\u00fcdischen Volkes aus der Diaspora nach Israel. \u201eN\u00e4chstes Jahr in Jerusalem&#8220;. Dies sprechen sich j\u00fcdische Freunde und Familien jedes Jahr zum Passahfest zu. Wir sehen es als unsere Aufgabe, j\u00fcdische Auswanderer bei ihrer Aliyah zu unterst\u00fctzen.<\/p>\n\t\t\t\t<img decoding=\"async\" data-src=\"https:\/\/ebenezeroe.wpengine.com\/wp-content\/uploads\/2021\/05\/Website-Transparent-background.png\" alt=\"Website Transparent background\" itemprop=\"image\" height=\"2160\" width=\"2160\" title=\"Website Transparent background\" onerror=\"this.style.display='none'\" src=\"data:image\/svg+xml;base64,PHN2ZyB3aWR0aD0iMSIgaGVpZ2h0PSIxIiB4bWxucz0iaHR0cDovL3d3dy53My5vcmcvMjAwMC9zdmciPjwvc3ZnPg==\" class=\"lazyload\" style=\"--smush-placeholder-width: 2160px; --smush-placeholder-aspect-ratio: 2160\/2160;\" \/>\n\t<p><em>\u201eUnd der Herr sprach zu Abram: ,Zieh aus deinem Land und von deinen Verwandten und aus deinem Vaterhaus in das Land, das ich dir zeigen werde; und ich will dich zu einem gro\u00dfen Volk machen und will dich segnen&#8230;'&#8220;<\/em><\/p>\n<h4>\n\t\t1. Mose 12,1-2a \n\t<\/h4>\n\t\t\t\t<img decoding=\"async\" data-src=\"https:\/\/ebenezeroe.wpengine.com\/wp-content\/plugins\/bb-plugin\/img\/pixel.png\" alt=\"\" itemprop=\"image\" onerror=\"this.style.display='none'\" src=\"data:image\/svg+xml;base64,PHN2ZyB3aWR0aD0iMSIgaGVpZ2h0PSIxIiB4bWxucz0iaHR0cDovL3d3dy53My5vcmcvMjAwMC9zdmciPjwvc3ZnPg==\" class=\"lazyload\" \/>\n\t<p>Dieser Vers ist eine der ersten Stellen in der Bibel, in der Gott deutlich macht, dass Er von jeher eine besondere Beziehung zum j\u00fcdischen Volk hat und eine spezifische Bestimmung f\u00fcr sie bereith\u00e4lt. Er hat sie dazu berufen, ein Licht f\u00fcr die Welt zu sein. Als Teil dieser Bestimmung wurde ihnen ein Land gegeben, das sie ihr Eigen nennen d\u00fcrfen. Durch Seine Propheten versicherte Gott Seinem Volk immer wieder, dass Er sie liebt und sie schlie\u00dflich in das Land zur\u00fcckf\u00fchren w\u00fcrde &#8211; auch wenn Er sie als Konsequenz ihres Ungehorsams ins Exil verbannt hatte.<\/p>\n\t<p>Der Prophet Hesekiel sprach selbst im babylonischen Exil Gottes Absichten \u00fcber Israels Zukunft aus: <em>\u201eDenn ich will euch aus den V\u00f6lkern nehmen und euch aus allen L\u00e4ndern sammeln und euch in euer eigenes Land bringen.&#8220;<\/em><\/p>\n<p>Hesekiel 36,24<\/p>\n\t<h3>Olim<\/h3>\t\t\n\t\t\t<p><em>Olim ist das hebr\u00e4ische Wort f\u00fcr j\u00fcdische Neueinwanderer nach Israel, also f\u00fcr diejenigen, die Aliyah machen.<\/em><\/p>\n\t<h3>Oleh<\/h3>\t\t\n\t\t\t<p><em>Im Singular ist die m\u00e4nnliche Form Oleh. <\/em><\/p>\n\t<h3>Olah<\/h3>\t\t\n\t\t\t<p><em>Im Singular ist die weibliche Form Olah <\/em><\/p>\n\t<p>Durch den Propheten Jesaja fordert Gott die Nationen auf, bei der R\u00fcckkehr des j\u00fcdischen Volkes mitzuhelfen:\u00a0<em>\u201eSo spricht Gott, der Herr: ,Siehe, ich will meine Hand zu den\u00a0<\/em><i>Nationen\u00a0<\/i><em>hin erheben und f\u00fcr die V\u00f6lker mein Banner aufrichten; und sie werden dir deine S\u00f6hne im Gewandbausch herbringen, und deine T\u00f6chter werden auf der Schulter herbei getragen werden.'&#8220; Jesaja 49,22. Der\u00a0<\/em>Apostel Paulus spricht sogar davon, dass wir dem j\u00fcdischen Volk zur Hilfe verpflichtet sind:<\/p>\n\t<p>\u201e&#8230;<em>wenn die\u00a0<\/em><i>Nationen<\/i><em>\u00a0an ihren geistlichen G\u00fctern Anteil erhalten haben, so sind sie auch verpflichtet, ihnen in den leiblichen Dingen zu dienen.<\/em><i>&#8220; <\/i><\/p>\n<p><em>R\u00f6mer 15,27<\/em><\/p>\n<p><em>Aus Dankbarkeit f\u00fcr die geistlichen Segnungen, die wir vom j\u00fcdischen Volk erhalten haben, soll die Gemeinde helfen, ihre praktischen Bed\u00fcrfnisse zu erf\u00fcllen.<\/em><\/p>\n\n","protected":false},"excerpt":{"rendered":"<p>Warum Aliyah? Der Begriff \u201eAliyah&#8220; beschreibt die R\u00fcckkehr des j\u00fcdischen Volkes aus der Diaspora nach Israel. \u201eN\u00e4chstes Jahr in Jerusalem&#8220;. Dies sprechen sich j\u00fcdische Freunde und Familien jedes Jahr zum Passahfest zu. Wir sehen es als unsere Aufgabe, j\u00fcdische Auswanderer bei ihrer Aliyah zu unterst\u00fctzen. \u201eUnd der Herr sprach zu Abram: ,Zieh aus deinem Land&hellip;<\/p>\n","protected":false},"author":1,"featured_media":0,"parent":54008,"menu_order":2,"comment_status":"closed","ping_status":"closed","template":"","meta":{"footnotes":""},"class_list":["post-53839","page","type-page","status-publish","hentry"],"yoast_head":"<!-- This site is optimized with the Yoast SEO plugin v27.4 - https:\/\/yoast.com\/product\/yoast-seo-wordpress\/ -->\n<title>WARUM ALIYAH? - Ebenezer Operation Exodus<\/title>\n<meta name=\"robots\" content=\"index, follow, max-snippet:-1, max-image-preview:large, max-video-preview:-1\" \/>\n<link rel=\"canonical\" href=\"https:\/\/ebenezer-oe.org\/de\/wer-wir-sind\/warum-aliyah\/\" \/>\n<meta property=\"og:locale\" content=\"de_DE\" \/>\n<meta property=\"og:type\" content=\"article\" \/>\n<meta property=\"og:title\" content=\"WARUM ALIYAH? - Ebenezer Operation Exodus\" \/>\n<meta property=\"og:description\" content=\"Warum Aliyah? Der Begriff \u201eAliyah&#8220; beschreibt die R\u00fcckkehr des j\u00fcdischen Volkes aus der Diaspora nach Israel. \u201eN\u00e4chstes Jahr in Jerusalem&#8220;. Dies sprechen sich j\u00fcdische Freunde und Familien jedes Jahr zum Passahfest zu. Wir sehen es als unsere Aufgabe, j\u00fcdische Auswanderer bei ihrer Aliyah zu unterst\u00fctzen. \u201eUnd der Herr sprach zu Abram: ,Zieh aus deinem Land&hellip;\" \/>\n<meta property=\"og:url\" content=\"https:\/\/ebenezer-oe.org\/de\/wer-wir-sind\/warum-aliyah\/\" \/>\n<meta property=\"og:site_name\" content=\"Ebenezer Operation Exodus\" \/>\n<meta property=\"article:publisher\" content=\"https:\/\/www.facebook.com\/EbenezerInt\" \/>\n<meta property=\"article:modified_time\" content=\"2023-04-17T14:33:58+00:00\" \/>\n<meta property=\"og:image\" content=\"https:\/\/ebenezeroe.wpengine.com\/wp-content\/uploads\/2021\/05\/Website-Transparent-background.png\" \/>\n<meta name=\"twitter:card\" content=\"summary_large_image\" \/>\n<meta name=\"twitter:label1\" content=\"Gesch\u00e4tzte Lesezeit\" \/>\n\t<meta name=\"twitter:data1\" content=\"2 Minuten\" \/>\n<script type=\"application\/ld+json\" class=\"yoast-schema-graph\">{\"@context\":\"https:\\\/\\\/schema.org\",\"@graph\":[{\"@type\":\"WebPage\",\"@id\":\"https:\\\/\\\/ebenezer-oe.org\\\/de\\\/wer-wir-sind\\\/warum-aliyah\\\/\",\"url\":\"https:\\\/\\\/ebenezer-oe.org\\\/de\\\/wer-wir-sind\\\/warum-aliyah\\\/\",\"name\":\"WARUM ALIYAH? - Ebenezer Operation Exodus\",\"isPartOf\":{\"@id\":\"https:\\\/\\\/ebenezer-oe.org\\\/#website\"},\"primaryImageOfPage\":{\"@id\":\"https:\\\/\\\/ebenezer-oe.org\\\/de\\\/wer-wir-sind\\\/warum-aliyah\\\/#primaryimage\"},\"image\":{\"@id\":\"https:\\\/\\\/ebenezer-oe.org\\\/de\\\/wer-wir-sind\\\/warum-aliyah\\\/#primaryimage\"},\"thumbnailUrl\":\"https:\\\/\\\/ebenezeroe.wpengine.com\\\/wp-content\\\/uploads\\\/2021\\\/05\\\/Website-Transparent-background.png\",\"datePublished\":\"2022-02-08T15:59:59+00:00\",\"dateModified\":\"2023-04-17T14:33:58+00:00\",\"breadcrumb\":{\"@id\":\"https:\\\/\\\/ebenezer-oe.org\\\/de\\\/wer-wir-sind\\\/warum-aliyah\\\/#breadcrumb\"},\"inLanguage\":\"de-DE\",\"potentialAction\":[{\"@type\":\"ReadAction\",\"target\":[\"https:\\\/\\\/ebenezer-oe.org\\\/de\\\/wer-wir-sind\\\/warum-aliyah\\\/\"]}]},{\"@type\":\"ImageObject\",\"inLanguage\":\"de-DE\",\"@id\":\"https:\\\/\\\/ebenezer-oe.org\\\/de\\\/wer-wir-sind\\\/warum-aliyah\\\/#primaryimage\",\"url\":\"https:\\\/\\\/ebenezeroe.wpengine.com\\\/wp-content\\\/uploads\\\/2021\\\/05\\\/Website-Transparent-background.png\",\"contentUrl\":\"https:\\\/\\\/ebenezeroe.wpengine.com\\\/wp-content\\\/uploads\\\/2021\\\/05\\\/Website-Transparent-background.png\"},{\"@type\":\"BreadcrumbList\",\"@id\":\"https:\\\/\\\/ebenezer-oe.org\\\/de\\\/wer-wir-sind\\\/warum-aliyah\\\/#breadcrumb\",\"itemListElement\":[{\"@type\":\"ListItem\",\"position\":1,\"name\":\"Home\",\"item\":\"https:\\\/\\\/ebenezer-oe.org\\\/de\\\/\"},{\"@type\":\"ListItem\",\"position\":2,\"name\":\"Wer wir sind\",\"item\":\"https:\\\/\\\/ebenezer-oe.org\\\/de\\\/wer-wir-sind\\\/\"},{\"@type\":\"ListItem\",\"position\":3,\"name\":\"WARUM ALIYAH?\"}]},{\"@type\":\"WebSite\",\"@id\":\"https:\\\/\\\/ebenezer-oe.org\\\/#website\",\"url\":\"https:\\\/\\\/ebenezer-oe.org\\\/\",\"name\":\"Ebenezer - Operation Exodus\",\"description\":\"\",\"publisher\":{\"@id\":\"https:\\\/\\\/ebenezer-oe.org\\\/#organization\"},\"potentialAction\":[{\"@type\":\"SearchAction\",\"target\":{\"@type\":\"EntryPoint\",\"urlTemplate\":\"https:\\\/\\\/ebenezer-oe.org\\\/?s={search_term_string}\"},\"query-input\":{\"@type\":\"PropertyValueSpecification\",\"valueRequired\":true,\"valueName\":\"search_term_string\"}}],\"inLanguage\":\"de-DE\"},{\"@type\":\"Organization\",\"@id\":\"https:\\\/\\\/ebenezer-oe.org\\\/#organization\",\"name\":\"Ebenezer - Operation Exodus\",\"url\":\"https:\\\/\\\/ebenezer-oe.org\\\/\",\"logo\":{\"@type\":\"ImageObject\",\"inLanguage\":\"de-DE\",\"@id\":\"https:\\\/\\\/ebenezer-oe.org\\\/#\\\/schema\\\/logo\\\/image\\\/\",\"url\":\"https:\\\/\\\/ebenezeroe.wpengine.com\\\/wp-content\\\/uploads\\\/2020\\\/09\\\/Logo_EOE_EN_Colour-Horizontal.png\",\"contentUrl\":\"https:\\\/\\\/ebenezeroe.wpengine.com\\\/wp-content\\\/uploads\\\/2020\\\/09\\\/Logo_EOE_EN_Colour-Horizontal.png\",\"width\":1922,\"height\":928,\"caption\":\"Ebenezer - Operation Exodus\"},\"image\":{\"@id\":\"https:\\\/\\\/ebenezer-oe.org\\\/#\\\/schema\\\/logo\\\/image\\\/\"},\"sameAs\":[\"https:\\\/\\\/www.facebook.com\\\/EbenezerInt\",\"https:\\\/\\\/www.instagram.com\\\/ebenezer_oe_eng\\\/\",\"https:\\\/\\\/www.youtube.com\\\/channel\\\/UC6qGHrKKeamFVz95Vd8LR1g\"]}]}<\/script>\n<!-- \/ Yoast SEO plugin. -->","yoast_head_json":{"title":"WARUM ALIYAH? - Ebenezer Operation Exodus","robots":{"index":"index","follow":"follow","max-snippet":"max-snippet:-1","max-image-preview":"max-image-preview:large","max-video-preview":"max-video-preview:-1"},"canonical":"https:\/\/ebenezer-oe.org\/de\/wer-wir-sind\/warum-aliyah\/","og_locale":"de_DE","og_type":"article","og_title":"WARUM ALIYAH? - Ebenezer Operation Exodus","og_description":"Warum Aliyah? Der Begriff \u201eAliyah&#8220; beschreibt die R\u00fcckkehr des j\u00fcdischen Volkes aus der Diaspora nach Israel. \u201eN\u00e4chstes Jahr in Jerusalem&#8220;. Dies sprechen sich j\u00fcdische Freunde und Familien jedes Jahr zum Passahfest zu. Wir sehen es als unsere Aufgabe, j\u00fcdische Auswanderer bei ihrer Aliyah zu unterst\u00fctzen. \u201eUnd der Herr sprach zu Abram: ,Zieh aus deinem Land&hellip;","og_url":"https:\/\/ebenezer-oe.org\/de\/wer-wir-sind\/warum-aliyah\/","og_site_name":"Ebenezer Operation Exodus","article_publisher":"https:\/\/www.facebook.com\/EbenezerInt","article_modified_time":"2023-04-17T14:33:58+00:00","og_image":[{"url":"https:\/\/ebenezeroe.wpengine.com\/wp-content\/uploads\/2021\/05\/Website-Transparent-background.png","type":"","width":"","height":""}],"twitter_card":"summary_large_image","twitter_misc":{"Gesch\u00e4tzte Lesezeit":"2 Minuten"},"schema":{"@context":"https:\/\/schema.org","@graph":[{"@type":"WebPage","@id":"https:\/\/ebenezer-oe.org\/de\/wer-wir-sind\/warum-aliyah\/","url":"https:\/\/ebenezer-oe.org\/de\/wer-wir-sind\/warum-aliyah\/","name":"WARUM ALIYAH? - Ebenezer Operation Exodus","isPartOf":{"@id":"https:\/\/ebenezer-oe.org\/#website"},"primaryImageOfPage":{"@id":"https:\/\/ebenezer-oe.org\/de\/wer-wir-sind\/warum-aliyah\/#primaryimage"},"image":{"@id":"https:\/\/ebenezer-oe.org\/de\/wer-wir-sind\/warum-aliyah\/#primaryimage"},"thumbnailUrl":"https:\/\/ebenezeroe.wpengine.com\/wp-content\/uploads\/2021\/05\/Website-Transparent-background.png","datePublished":"2022-02-08T15:59:59+00:00","dateModified":"2023-04-17T14:33:58+00:00","breadcrumb":{"@id":"https:\/\/ebenezer-oe.org\/de\/wer-wir-sind\/warum-aliyah\/#breadcrumb"},"inLanguage":"de-DE","potentialAction":[{"@type":"ReadAction","target":["https:\/\/ebenezer-oe.org\/de\/wer-wir-sind\/warum-aliyah\/"]}]},{"@type":"ImageObject","inLanguage":"de-DE","@id":"https:\/\/ebenezer-oe.org\/de\/wer-wir-sind\/warum-aliyah\/#primaryimage","url":"https:\/\/ebenezeroe.wpengine.com\/wp-content\/uploads\/2021\/05\/Website-Transparent-background.png","contentUrl":"https:\/\/ebenezeroe.wpengine.com\/wp-content\/uploads\/2021\/05\/Website-Transparent-background.png"},{"@type":"BreadcrumbList","@id":"https:\/\/ebenezer-oe.org\/de\/wer-wir-sind\/warum-aliyah\/#breadcrumb","itemListElement":[{"@type":"ListItem","position":1,"name":"Home","item":"https:\/\/ebenezer-oe.org\/de\/"},{"@type":"ListItem","position":2,"name":"Wer wir sind","item":"https:\/\/ebenezer-oe.org\/de\/wer-wir-sind\/"},{"@type":"ListItem","position":3,"name":"WARUM ALIYAH?"}]},{"@type":"WebSite","@id":"https:\/\/ebenezer-oe.org\/#website","url":"https:\/\/ebenezer-oe.org\/","name":"Ebenezer - Operation Exodus","description":"","publisher":{"@id":"https:\/\/ebenezer-oe.org\/#organization"},"potentialAction":[{"@type":"SearchAction","target":{"@type":"EntryPoint","urlTemplate":"https:\/\/ebenezer-oe.org\/?s={search_term_string}"},"query-input":{"@type":"PropertyValueSpecification","valueRequired":true,"valueName":"search_term_string"}}],"inLanguage":"de-DE"},{"@type":"Organization","@id":"https:\/\/ebenezer-oe.org\/#organization","name":"Ebenezer - Operation Exodus","url":"https:\/\/ebenezer-oe.org\/","logo":{"@type":"ImageObject","inLanguage":"de-DE","@id":"https:\/\/ebenezer-oe.org\/#\/schema\/logo\/image\/","url":"https:\/\/ebenezeroe.wpengine.com\/wp-content\/uploads\/2020\/09\/Logo_EOE_EN_Colour-Horizontal.png","contentUrl":"https:\/\/ebenezeroe.wpengine.com\/wp-content\/uploads\/2020\/09\/Logo_EOE_EN_Colour-Horizontal.png","width":1922,"height":928,"caption":"Ebenezer - Operation Exodus"},"image":{"@id":"https:\/\/ebenezer-oe.org\/#\/schema\/logo\/image\/"},"sameAs":["https:\/\/www.facebook.com\/EbenezerInt","https:\/\/www.instagram.com\/ebenezer_oe_eng\/","https:\/\/www.youtube.com\/channel\/UC6qGHrKKeamFVz95Vd8LR1g"]}]}},"_links":{"self":[{"href":"https:\/\/ebenezer-oe.org\/de\/wp-json\/wp\/v2\/pages\/53839","targetHints":{"allow":["GET"]}}],"collection":[{"href":"https:\/\/ebenezer-oe.org\/de\/wp-json\/wp\/v2\/pages"}],"about":[{"href":"https:\/\/ebenezer-oe.org\/de\/wp-json\/wp\/v2\/types\/page"}],"author":[{"embeddable":true,"href":"https:\/\/ebenezer-oe.org\/de\/wp-json\/wp\/v2\/users\/1"}],"replies":[{"embeddable":true,"href":"https:\/\/ebenezer-oe.org\/de\/wp-json\/wp\/v2\/comments?post=53839"}],"version-history":[{"count":0,"href":"https:\/\/ebenezer-oe.org\/de\/wp-json\/wp\/v2\/pages\/53839\/revisions"}],"up":[{"embeddable":true,"href":"https:\/\/ebenezer-oe.org\/de\/wp-json\/wp\/v2\/pages\/54008"}],"wp:attachment":[{"href":"https:\/\/ebenezer-oe.org\/de\/wp-json\/wp\/v2\/media?parent=53839"}],"curies":[{"name":"wp","href":"https:\/\/api.w.org\/{rel}","templated":true}]}}