{"id":53840,"date":"2020-08-13T15:50:32","date_gmt":"2020-08-13T15:50:32","guid":{"rendered":"https:\/\/ebenezer-oe.org\/resources\/"},"modified":"2026-03-09T08:21:32","modified_gmt":"2026-03-09T08:21:32","slug":"publikationen","status":"publish","type":"page","link":"https:\/\/ebenezer-oe.org\/de\/publikationen\/","title":{"rendered":"Publikationen"},"content":{"rendered":"\n<h1>\n\t\t\tWillkommen in der Mediathek\t<\/h1>\n\t<p>Hier finden Sie eine aktuelle Sammlung unserer neuesten Videos und Reports, sowie weitere Brosch\u00fcren und Infos \u00fcber unseren Dienst von Ebenezer Operation Exodus.<\/p>\n<figure itemscope itemtype=\"https:\/\/schema.org\/ImageObject\">\n\t\t\t\t<img decoding=\"async\" data-src=\"https:\/\/ebenezeroe.wpengine.com\/wp-content\/uploads\/2021\/05\/Untitled-design-42.png\" alt=\"Untitled design-42\" title=\"Untitled design-42\" onerror=\"this.style.display='none'\" src=\"data:image\/svg+xml;base64,PHN2ZyB3aWR0aD0iMSIgaGVpZ2h0PSIxIiB4bWxucz0iaHR0cDovL3d3dy53My5vcmcvMjAwMC9zdmciPjwvc3ZnPg==\" class=\"lazyload\" \/>\n\t<\/figure>\n\t<h2>Videos<\/h2>\n\t\t<iframe title=\"Ebenezer Vorstellungsvideo (kurze Version)\" width=\"500\" height=\"281\" data-src=\"https:\/\/www.youtube.com\/embed\/Jn7BpztW0E8?start=1&#038;feature=oembed\" frameborder=\"0\" allow=\"accelerometer; autoplay; clipboard-write; encrypted-media; gyroscope; picture-in-picture; web-share\" referrerpolicy=\"strict-origin-when-cross-origin\" allowfullscreen src=\"data:image\/svg+xml;base64,PHN2ZyB3aWR0aD0iMSIgaGVpZ2h0PSIxIiB4bWxucz0iaHR0cDovL3d3dy53My5vcmcvMjAwMC9zdmciPjwvc3ZnPg==\" class=\"lazyload\" data-load-mode=\"1\"><\/iframe>\t\n\t\t<iframe title=\"Ebenezer Interviews in Israel [Deutsch]\" width=\"500\" height=\"281\" data-src=\"https:\/\/www.youtube.com\/embed\/S5XsKABgzNs?feature=oembed\" frameborder=\"0\" allow=\"accelerometer; autoplay; clipboard-write; encrypted-media; gyroscope; picture-in-picture; web-share\" referrerpolicy=\"strict-origin-when-cross-origin\" allowfullscreen src=\"data:image\/svg+xml;base64,PHN2ZyB3aWR0aD0iMSIgaGVpZ2h0PSIxIiB4bWxucz0iaHR0cDovL3d3dy53My5vcmcvMjAwMC9zdmciPjwvc3ZnPg==\" class=\"lazyload\" data-load-mode=\"1\"><\/iframe>\t\n\t\t<iframe title=\"Naale aus Deutschland - Juden und Christen arbeiten zusammen\" width=\"500\" height=\"281\" data-src=\"https:\/\/www.youtube.com\/embed\/JKVSzLkCqgQ?start=2&#038;feature=oembed\" frameborder=\"0\" allow=\"accelerometer; autoplay; clipboard-write; encrypted-media; gyroscope; picture-in-picture; web-share\" referrerpolicy=\"strict-origin-when-cross-origin\" allowfullscreen src=\"data:image\/svg+xml;base64,PHN2ZyB3aWR0aD0iMSIgaGVpZ2h0PSIxIiB4bWxucz0iaHR0cDovL3d3dy53My5vcmcvMjAwMC9zdmciPjwvc3ZnPg==\" class=\"lazyload\" data-load-mode=\"1\"><\/iframe> \t\n\t<h2>Ebenezer Report<\/h2>\n\t<p>Unser internationaler Report enth\u00e4lt aktuelle Inputs, Updates und Geschichten von Olim und Mitarbeitern.\u00a0<\/p>\n<p>Wenn Sie sich regelm\u00e4\u00dfig \u00fcber die Aliyah weltweit und unseren Dienst informieren m\u00f6chten, abonnieren Sie unseren Report (4x im Jahr, kostenlos) per Post oder per E-Mail. <\/p>\n\t\t\t<a href=\"https:\/\/ebenezer-oe.org\/de\/kontakt\/\"  target=\"_self\">\n\t\t\t\t\t\t\tKontakt\n\t\t\t\t\t<\/a>\n<figure data-animation-delay=\"0.2\" data-animation-duration=\"1\" itemscope itemtype=\"https:\/\/schema.org\/ImageObject\">\n\t\t\t\t<a href=\"https:\/\/ebenezer-oe.org\/GER_IB_1_2026\/\"  target=\"_blank\" rel=\"noopener\"  itemprop=\"url\">\n\t\t\t\t<img decoding=\"async\" data-src=\"https:\/\/ebenezer-oe.org\/wp-content\/uploads\/2026\/03\/Ger-IB-1-2026.jpg\" alt=\"Ger IB 1 2026\" height=\"2000\" width=\"1414\" title=\"Ger IB 1 2026\" onerror=\"this.style.display='none'\" src=\"data:image\/svg+xml;base64,PHN2ZyB3aWR0aD0iMSIgaGVpZ2h0PSIxIiB4bWxucz0iaHR0cDovL3d3dy53My5vcmcvMjAwMC9zdmciPjwvc3ZnPg==\" class=\"lazyload\" style=\"--smush-placeholder-width: 1414px; --smush-placeholder-aspect-ratio: 1414\/2000;\" \/>\n\t\t\t\t<\/a>\n\t<\/figure>\n<h3>&#8218;Aliyah&#8216; Das Heilige Werk Des Herrn<\/h3>\n<p>Int. Bulletin 1\/2026<\/p>\n<figure data-animation-delay=\"0.2\" data-animation-duration=\"1\" itemscope itemtype=\"https:\/\/schema.org\/ImageObject\">\n\t\t\t\t<a href=\"https:\/\/ebenezer-oe.org\/GER_IB_03_2025\/\"  target=\"_blank\" rel=\"noopener\"  itemprop=\"url\">\n\t\t\t\t<img decoding=\"async\" data-src=\"https:\/\/ebenezer-oe.org\/wp-content\/uploads\/2025\/10\/GER-IB-3-2025.jpg\" alt=\"GER IB 3 2025\" height=\"2000\" width=\"1414\" title=\"GER IB 3 2025\" onerror=\"this.style.display='none'\" src=\"data:image\/svg+xml;base64,PHN2ZyB3aWR0aD0iMSIgaGVpZ2h0PSIxIiB4bWxucz0iaHR0cDovL3d3dy53My5vcmcvMjAwMC9zdmciPjwvc3ZnPg==\" class=\"lazyload\" style=\"--smush-placeholder-width: 1414px; --smush-placeholder-aspect-ratio: 1414\/2000;\" \/>\n\t\t\t\t<\/a>\n\t<\/figure>\n<h3>Hoffnung in Zeiten der Ersch\u00fctterungen<\/h3>\n<p>Int. Bulletin 3\/2025<\/p>\n<figure data-animation-delay=\"0.1\" data-animation-duration=\"1\" itemscope itemtype=\"https:\/\/schema.org\/ImageObject\">\n\t\t\t\t<a href=\"https:\/\/ebenezer-oe.org\/GER_IB_2_2025\/\"  target=\"_blank\" rel=\"noopener\"  itemprop=\"url\">\n\t\t\t\t<img decoding=\"async\" data-src=\"https:\/\/ebenezer-oe.org\/wp-content\/uploads\/2025\/08\/Israel-mit-Gotted-Augen-Sehen-1.jpg\" alt=\"Israel mit Gotted Augen Sehen\" height=\"2000\" width=\"1414\" title=\"Israel mit Gotted Augen Sehen\" onerror=\"this.style.display='none'\" src=\"data:image\/svg+xml;base64,PHN2ZyB3aWR0aD0iMSIgaGVpZ2h0PSIxIiB4bWxucz0iaHR0cDovL3d3dy53My5vcmcvMjAwMC9zdmciPjwvc3ZnPg==\" class=\"lazyload\" style=\"--smush-placeholder-width: 1414px; --smush-placeholder-aspect-ratio: 1414\/2000;\" \/>\n\t\t\t\t<\/a>\n\t<\/figure>\n<h3>Die Herrlichkeit von Adonai<\/h3>\n<p>Int. Bulletin 2\/2025<\/p>\n<figure data-animation-delay=\"0.2\" data-animation-duration=\"1\" itemscope itemtype=\"https:\/\/schema.org\/ImageObject\">\n\t\t\t\t<a href=\"https:\/\/ebenezer-oe.org\/GER_IB_1_2025\/\"  target=\"_blank\" rel=\"noopener\"  itemprop=\"url\">\n\t\t\t\t<img decoding=\"async\" data-src=\"https:\/\/ebenezer-oe.org\/wp-content\/uploads\/2025\/02\/german-IB-1-2025.jpg\" alt=\"german IB 1 2025\" height=\"2000\" width=\"1414\" title=\"german IB 1 2025\" onerror=\"this.style.display='none'\" src=\"data:image\/svg+xml;base64,PHN2ZyB3aWR0aD0iMSIgaGVpZ2h0PSIxIiB4bWxucz0iaHR0cDovL3d3dy53My5vcmcvMjAwMC9zdmciPjwvc3ZnPg==\" class=\"lazyload\" style=\"--smush-placeholder-width: 1414px; --smush-placeholder-aspect-ratio: 1414\/2000;\" \/>\n\t\t\t\t<\/a>\n\t<\/figure>\n<h3>Ein geistlicher Kampf f\u00fcr das Land<\/h3>\n<p>Int. Bulletin 1\/2025<\/p>\n<h2>\n\t\t\tEntdecken Sie unsere Arbeit f\u00fcr Kinder!\t<\/h2>\n<figure itemscope itemtype=\"https:\/\/schema.org\/ImageObject\">\n\t\t\t\t<img decoding=\"async\" data-src=\"https:\/\/ebenezer-oe.org\/wp-content\/uploads\/2024\/03\/Ebi-Name-Font-1.png\" alt=\"Ebi - Name Font\" height=\"1080\" width=\"1920\" title=\"Ebi - Name Font\" onerror=\"this.style.display='none'\" src=\"data:image\/svg+xml;base64,PHN2ZyB3aWR0aD0iMSIgaGVpZ2h0PSIxIiB4bWxucz0iaHR0cDovL3d3dy53My5vcmcvMjAwMC9zdmciPjwvc3ZnPg==\" class=\"lazyload\" style=\"--smush-placeholder-width: 1920px; --smush-placeholder-aspect-ratio: 1920\/1080;\" \/>\n\t<\/figure>\n\t<p>Viermal im Jahr ver\u00f6ffentlichen wir neue Geschichten und Aktivit\u00e4ten, um Kindern die Liebe Gottes zum j\u00fcdischen Volk n\u00e4her zu bringen und ihnen zu erkl\u00e4ren, warum es nach Israel zur\u00fcckkehrt.<\/p>\n\t\t\t<a href=\"http:\/\/www.ebenezer-oe.org\/de\/children\"  target=\"_self\">\n\t\t\t\t\t\t\tMach mit beim Abenteuer!\n\t\t\t\t\t<\/a>\n<figure itemscope itemtype=\"https:\/\/schema.org\/ImageObject\">\n\t\t\t\t<img decoding=\"async\" data-src=\"https:\/\/ebenezer-oe.org\/wp-content\/uploads\/2024\/04\/Finnish-2.png\" alt=\"Finnish-2\" height=\"1080\" width=\"1080\" title=\"Finnish-2\" onerror=\"this.style.display='none'\" src=\"data:image\/svg+xml;base64,PHN2ZyB3aWR0aD0iMSIgaGVpZ2h0PSIxIiB4bWxucz0iaHR0cDovL3d3dy53My5vcmcvMjAwMC9zdmciPjwvc3ZnPg==\" class=\"lazyload\" style=\"--smush-placeholder-width: 1080px; --smush-placeholder-aspect-ratio: 1080\/1080;\" \/>\n\t<\/figure>\n\t<h2>Publikationen<\/h2>\n\t<p>Wir haben einige Brosch\u00fcren und Lehrmaterialien rund um die Themen Gebet, Israel und die Aliyah erarbeitet und mit viel Leben und Erfahrungsberichten gef\u00fcllt.<\/p>\n\t\t<figure itemscope itemtype=\"https:\/\/schema.org\/ImageObject\">\n\t\t\t\t<a href=\"http:\/\/ebenezer-oe.org\/Operation_Exodus\/\"  target=\"_blank\" rel=\"noopener\"  itemprop=\"url\">\n\t\t\t\t<img decoding=\"async\" data-src=\"https:\/\/ebenezer-oe.org\/wp-content\/uploads\/bb-plugin\/cache\/OE-Book-Cover-2018-image-web-portrait-92255dc0e3f4b4e116998d05eb31ea48-.jpg\" alt=\"OE-Book-Cover-2018-image-web\" height=\"687\" width=\"531\" title=\"OE-Book-Cover-2018-image-web\" onerror=\"this.style.display='none'\" src=\"data:image\/svg+xml;base64,PHN2ZyB3aWR0aD0iMSIgaGVpZ2h0PSIxIiB4bWxucz0iaHR0cDovL3d3dy53My5vcmcvMjAwMC9zdmciPjwvc3ZnPg==\" class=\"lazyload\" style=\"--smush-placeholder-width: 531px; --smush-placeholder-aspect-ratio: 531\/687;\" \/>\n\t\t\t\t<\/a>\n\t<\/figure>\n<h3><a href=\"http:\/\/ebenezer-oe.org\/Operation_Exodus\/\" target=\"_blank\"  rel=\"noopener\">Operation Exodus &#8211; Gustav Scheller<\/a><\/h3><a href=\"http:\/\/ebenezer-oe.org\/Operation_Exodus\/\"  rel=\"noopener\"  target=\"_blank\">derzeit nur auf Englisch <\/a>\t\n\t\t<figure itemscope itemtype=\"https:\/\/schema.org\/ImageObject\">\n\t\t\t\t<a href=\"https:\/\/ebenezer-oe.org\/Aliyah_Book_German\/\"  target=\"_blank\" rel=\"noopener\"  itemprop=\"url\">\n\t\t\t\t<img decoding=\"async\" data-src=\"https:\/\/ebenezer-oe.org\/wp-content\/uploads\/bb-plugin\/cache\/Aliyah-German-portrait-c7c271202edf6ebb5094f2c9809625da-.jpg\" alt=\"Aliyah - German\" height=\"2000\" width=\"1414\" title=\"Aliyah - German\" onerror=\"this.style.display='none'\" src=\"data:image\/svg+xml;base64,PHN2ZyB3aWR0aD0iMSIgaGVpZ2h0PSIxIiB4bWxucz0iaHR0cDovL3d3dy53My5vcmcvMjAwMC9zdmciPjwvc3ZnPg==\" class=\"lazyload\" style=\"--smush-placeholder-width: 1414px; --smush-placeholder-aspect-ratio: 1414\/2000;\" \/>\n\t\t\t\t<\/a>\n\t<\/figure>\n<h3><a href=\"https:\/\/ebenezer-oe.org\/Aliyah_Book_German\/\" target=\"_blank\"  rel=\"noopener\">Aliyah: Das Wunder der R\u00fcckkehr<\/a><\/h3><a href=\"https:\/\/ebenezer-oe.org\/Aliyah_Book_German\/\"  rel=\"noopener\"  target=\"_blank\">Jetzt lesen<\/a>\t\n\t\t<figure itemscope itemtype=\"https:\/\/schema.org\/ImageObject\">\n\t\t\t\t<a href=\"https:\/\/ebenezer-oe.org\/Biblische_Prophetie\/\"  target=\"_blank\" rel=\"noopener\"  itemprop=\"url\">\n\t\t\t\t<img decoding=\"async\" data-src=\"https:\/\/ebenezer-oe.org\/wp-content\/uploads\/bb-plugin\/cache\/Biblische-Prophetie-portrait-2c6445d836dd24ab6f85842a5c1a2c64-.jpg\" alt=\"Biblische Prophetie\" height=\"2000\" width=\"1414\" title=\"Biblische Prophetie\" onerror=\"this.style.display='none'\" src=\"data:image\/svg+xml;base64,PHN2ZyB3aWR0aD0iMSIgaGVpZ2h0PSIxIiB4bWxucz0iaHR0cDovL3d3dy53My5vcmcvMjAwMC9zdmciPjwvc3ZnPg==\" class=\"lazyload\" style=\"--smush-placeholder-width: 1414px; --smush-placeholder-aspect-ratio: 1414\/2000;\" \/>\n\t\t\t\t<\/a>\n\t<\/figure>\n<h3><a href=\"https:\/\/ebenezer-oe.org\/Biblische_Prophetie\/\" target=\"_blank\"  rel=\"noopener\">Biblische Prophetie<\/a><\/h3><a href=\"https:\/\/ebenezer-oe.org\/Biblische_Prophetie\/\"  rel=\"noopener\"  target=\"_blank\">Jetzt lesen<\/a>\t\n\t\t<figure itemscope itemtype=\"https:\/\/schema.org\/ImageObject\">\n\t\t\t\t<a href=\"https:\/\/ebenezer-oe.org\/Hat_Die_Gemeinde_Israel_Ersetzt\/\"  target=\"_blank\" rel=\"noopener\"  itemprop=\"url\">\n\t\t\t\t<img decoding=\"async\" data-src=\"https:\/\/ebenezer-oe.org\/wp-content\/uploads\/bb-plugin\/cache\/Hat-Die-Gemeinde-Israel-Ersetzt-portrait-aea299f3830fb341fe2712bcfd2a8d0f-.jpg\" alt=\"Hat Die Gemeinde Israel Ersetzt\" height=\"2000\" width=\"1414\" title=\"Hat Die Gemeinde Israel Ersetzt\" onerror=\"this.style.display='none'\" src=\"data:image\/svg+xml;base64,PHN2ZyB3aWR0aD0iMSIgaGVpZ2h0PSIxIiB4bWxucz0iaHR0cDovL3d3dy53My5vcmcvMjAwMC9zdmciPjwvc3ZnPg==\" class=\"lazyload\" style=\"--smush-placeholder-width: 1414px; --smush-placeholder-aspect-ratio: 1414\/2000;\" \/>\n\t\t\t\t<\/a>\n\t<\/figure>\n<h3><a href=\"https:\/\/ebenezer-oe.org\/Hat_Die_Gemeinde_Israel_Ersetzt\/\" target=\"_blank\"  rel=\"noopener\">Hat die Gemeinde Israel ersetzt<\/a><\/h3><a href=\"https:\/\/ebenezer-oe.org\/Hat_Die_Gemeinde_Israel_Ersetzt\/\"  rel=\"noopener\"  target=\"_blank\">Jetzt lesen<\/a>\t\n\t\t<figure itemscope itemtype=\"https:\/\/schema.org\/ImageObject\">\n\t\t\t\t<a href=\"https:\/\/ebenezer-oe.org\/Eine_Kritische_Zeit\/\"  target=\"_blank\" rel=\"noopener\"  itemprop=\"url\">\n\t\t\t\t<img decoding=\"async\" data-src=\"https:\/\/ebenezer-oe.org\/wp-content\/uploads\/bb-plugin\/cache\/A-Critical-time-German-portrait-7b39ea0c6e764a1211fe52d9b5130cd2-.jpg\" alt=\"A Critical time - German\" height=\"2000\" width=\"1414\" title=\"A Critical time - German\" onerror=\"this.style.display='none'\" src=\"data:image\/svg+xml;base64,PHN2ZyB3aWR0aD0iMSIgaGVpZ2h0PSIxIiB4bWxucz0iaHR0cDovL3d3dy53My5vcmcvMjAwMC9zdmciPjwvc3ZnPg==\" class=\"lazyload\" style=\"--smush-placeholder-width: 1414px; --smush-placeholder-aspect-ratio: 1414\/2000;\" \/>\n\t\t\t\t<\/a>\n\t<\/figure>\n<h3><a href=\"https:\/\/ebenezer-oe.org\/Eine_Kritische_Zeit\/\" target=\"_blank\"  rel=\"noopener\">Eine kritische Zeit zu handeln und zu beten<\/a><\/h3><a href=\"https:\/\/ebenezer-oe.org\/Eine_Kritische_Zeit\/\"  rel=\"noopener\"  target=\"_blank\">Jetzt lesen<\/a>\t\n\t\t<figure itemscope itemtype=\"https:\/\/schema.org\/ImageObject\">\n\t\t\t\t<a href=\"https:\/\/ebenezer-oe.org\/Israel_mit_Gotted_Augen_Sehen\/\"  target=\"_blank\" rel=\"noopener\"  itemprop=\"url\">\n\t\t\t\t<img decoding=\"async\" data-src=\"https:\/\/ebenezer-oe.org\/wp-content\/uploads\/bb-plugin\/cache\/Israel-mit-Gotted-Augen-Sehen-portrait-4a23af8095ef68ee07cc6386e8525dcf-.jpg\" alt=\"Israel mit Gotted Augen Sehen\" height=\"2000\" width=\"1414\" title=\"Israel mit Gotted Augen Sehen\" onerror=\"this.style.display='none'\" src=\"data:image\/svg+xml;base64,PHN2ZyB3aWR0aD0iMSIgaGVpZ2h0PSIxIiB4bWxucz0iaHR0cDovL3d3dy53My5vcmcvMjAwMC9zdmciPjwvc3ZnPg==\" class=\"lazyload\" style=\"--smush-placeholder-width: 1414px; --smush-placeholder-aspect-ratio: 1414\/2000;\" \/>\n\t\t\t\t<\/a>\n\t<\/figure>\n<h3><a href=\"https:\/\/ebenezer-oe.org\/Israel_mit_Gotted_Augen_Sehen\/\" target=\"_blank\"  rel=\"noopener\">Israel mit Gottes Augen sehen<\/a><\/h3><a href=\"https:\/\/ebenezer-oe.org\/Israel_mit_Gotted_Augen_Sehen\/\"  rel=\"noopener\"  target=\"_blank\">Jetzt lesen<\/a>\t\n\t<p>Wenn Sie diese erhalten m\u00f6chten, wenden Sie sich bitte an <a href=\"https:\/\/ebenezer-oe.org\/de\/in-ihrer-region\/\">Ihr <\/a>nationales B\u00fcro.<\/p>\n\n","protected":false},"excerpt":{"rendered":"<p>Willkommen in der Mediathek Hier finden Sie eine aktuelle Sammlung unserer neuesten Videos und Reports, sowie weitere Brosch\u00fcren und Infos \u00fcber unseren Dienst von Ebenezer Operation Exodus. Videos Ebenezer Report Unser internationaler Report enth\u00e4lt aktuelle Inputs, Updates und Geschichten von Olim und Mitarbeitern.\u00a0 Wenn Sie sich regelm\u00e4\u00dfig \u00fcber die Aliyah weltweit und unseren Dienst informieren&hellip;<\/p>\n","protected":false},"author":1,"featured_media":0,"parent":0,"menu_order":0,"comment_status":"closed","ping_status":"closed","template":"","meta":{"footnotes":""},"class_list":["post-53840","page","type-page","status-publish","hentry"],"yoast_head":"<!-- This site is optimized with the Yoast SEO plugin v27.2 - https:\/\/yoast.com\/product\/yoast-seo-wordpress\/ -->\n<title>Publikationen - Ebenezer Operation Exodus<\/title>\n<meta name=\"robots\" content=\"index, follow, max-snippet:-1, max-image-preview:large, max-video-preview:-1\" \/>\n<link rel=\"canonical\" href=\"https:\/\/ebenezer-oe.org\/de\/publikationen\/\" \/>\n<meta property=\"og:locale\" content=\"de_DE\" \/>\n<meta property=\"og:type\" content=\"article\" \/>\n<meta property=\"og:title\" content=\"Publikationen - Ebenezer Operation Exodus\" \/>\n<meta property=\"og:description\" content=\"Willkommen in der Mediathek Hier finden Sie eine aktuelle Sammlung unserer neuesten Videos und Reports, sowie weitere Brosch\u00fcren und Infos \u00fcber unseren Dienst von Ebenezer Operation Exodus. Videos Ebenezer Report Unser internationaler Report enth\u00e4lt aktuelle Inputs, Updates und Geschichten von Olim und Mitarbeitern.\u00a0 Wenn Sie sich regelm\u00e4\u00dfig \u00fcber die Aliyah weltweit und unseren Dienst informieren&hellip;\" \/>\n<meta property=\"og:url\" content=\"https:\/\/ebenezer-oe.org\/de\/publikationen\/\" \/>\n<meta property=\"og:site_name\" content=\"Ebenezer Operation Exodus\" \/>\n<meta property=\"article:publisher\" content=\"https:\/\/www.facebook.com\/EbenezerInt\" \/>\n<meta property=\"article:modified_time\" content=\"2026-03-09T08:21:32+00:00\" \/>\n<meta property=\"og:image\" content=\"https:\/\/ebenezeroe.wpengine.com\/wp-content\/uploads\/2021\/05\/Untitled-design-42.png\" \/>\n<meta name=\"twitter:card\" content=\"summary_large_image\" \/>\n<meta name=\"twitter:label1\" content=\"Gesch\u00e4tzte Lesezeit\" \/>\n\t<meta name=\"twitter:data1\" content=\"4 Minuten\" \/>\n<script type=\"application\/ld+json\" class=\"yoast-schema-graph\">{\"@context\":\"https:\/\/schema.org\",\"@graph\":[{\"@type\":\"WebPage\",\"@id\":\"https:\/\/ebenezer-oe.org\/de\/publikationen\/\",\"url\":\"https:\/\/ebenezer-oe.org\/de\/publikationen\/\",\"name\":\"Publikationen - Ebenezer Operation Exodus\",\"isPartOf\":{\"@id\":\"https:\/\/ebenezer-oe.org\/#website\"},\"primaryImageOfPage\":{\"@id\":\"https:\/\/ebenezer-oe.org\/de\/publikationen\/#primaryimage\"},\"image\":{\"@id\":\"https:\/\/ebenezer-oe.org\/de\/publikationen\/#primaryimage\"},\"thumbnailUrl\":\"https:\/\/ebenezeroe.wpengine.com\/wp-content\/uploads\/2021\/05\/Untitled-design-42.png\",\"datePublished\":\"2020-08-13T15:50:32+00:00\",\"dateModified\":\"2026-03-09T08:21:32+00:00\",\"breadcrumb\":{\"@id\":\"https:\/\/ebenezer-oe.org\/de\/publikationen\/#breadcrumb\"},\"inLanguage\":\"de-DE\",\"potentialAction\":[{\"@type\":\"ReadAction\",\"target\":[\"https:\/\/ebenezer-oe.org\/de\/publikationen\/\"]}]},{\"@type\":\"ImageObject\",\"inLanguage\":\"de-DE\",\"@id\":\"https:\/\/ebenezer-oe.org\/de\/publikationen\/#primaryimage\",\"url\":\"https:\/\/ebenezeroe.wpengine.com\/wp-content\/uploads\/2021\/05\/Untitled-design-42.png\",\"contentUrl\":\"https:\/\/ebenezeroe.wpengine.com\/wp-content\/uploads\/2021\/05\/Untitled-design-42.png\"},{\"@type\":\"BreadcrumbList\",\"@id\":\"https:\/\/ebenezer-oe.org\/de\/publikationen\/#breadcrumb\",\"itemListElement\":[{\"@type\":\"ListItem\",\"position\":1,\"name\":\"Home\",\"item\":\"https:\/\/ebenezer-oe.org\/de\/\"},{\"@type\":\"ListItem\",\"position\":2,\"name\":\"Publikationen\"}]},{\"@type\":\"WebSite\",\"@id\":\"https:\/\/ebenezer-oe.org\/#website\",\"url\":\"https:\/\/ebenezer-oe.org\/\",\"name\":\"Ebenezer - Operation Exodus\",\"description\":\"\",\"publisher\":{\"@id\":\"https:\/\/ebenezer-oe.org\/#organization\"},\"potentialAction\":[{\"@type\":\"SearchAction\",\"target\":{\"@type\":\"EntryPoint\",\"urlTemplate\":\"https:\/\/ebenezer-oe.org\/?s={search_term_string}\"},\"query-input\":{\"@type\":\"PropertyValueSpecification\",\"valueRequired\":true,\"valueName\":\"search_term_string\"}}],\"inLanguage\":\"de-DE\"},{\"@type\":\"Organization\",\"@id\":\"https:\/\/ebenezer-oe.org\/#organization\",\"name\":\"Ebenezer - Operation Exodus\",\"url\":\"https:\/\/ebenezer-oe.org\/\",\"logo\":{\"@type\":\"ImageObject\",\"inLanguage\":\"de-DE\",\"@id\":\"https:\/\/ebenezer-oe.org\/#\/schema\/logo\/image\/\",\"url\":\"https:\/\/ebenezeroe.wpengine.com\/wp-content\/uploads\/2020\/09\/Logo_EOE_EN_Colour-Horizontal.png\",\"contentUrl\":\"https:\/\/ebenezeroe.wpengine.com\/wp-content\/uploads\/2020\/09\/Logo_EOE_EN_Colour-Horizontal.png\",\"width\":1922,\"height\":928,\"caption\":\"Ebenezer - Operation Exodus\"},\"image\":{\"@id\":\"https:\/\/ebenezer-oe.org\/#\/schema\/logo\/image\/\"},\"sameAs\":[\"https:\/\/www.facebook.com\/EbenezerInt\",\"https:\/\/www.instagram.com\/ebenezer_oe_eng\/\",\"https:\/\/www.youtube.com\/channel\/UC6qGHrKKeamFVz95Vd8LR1g\"]}]}<\/script>\n<!-- \/ Yoast SEO plugin. -->","yoast_head_json":{"title":"Publikationen - Ebenezer Operation Exodus","robots":{"index":"index","follow":"follow","max-snippet":"max-snippet:-1","max-image-preview":"max-image-preview:large","max-video-preview":"max-video-preview:-1"},"canonical":"https:\/\/ebenezer-oe.org\/de\/publikationen\/","og_locale":"de_DE","og_type":"article","og_title":"Publikationen - Ebenezer Operation Exodus","og_description":"Willkommen in der Mediathek Hier finden Sie eine aktuelle Sammlung unserer neuesten Videos und Reports, sowie weitere Brosch\u00fcren und Infos \u00fcber unseren Dienst von Ebenezer Operation Exodus. Videos Ebenezer Report Unser internationaler Report enth\u00e4lt aktuelle Inputs, Updates und Geschichten von Olim und Mitarbeitern.\u00a0 Wenn Sie sich regelm\u00e4\u00dfig \u00fcber die Aliyah weltweit und unseren Dienst informieren&hellip;","og_url":"https:\/\/ebenezer-oe.org\/de\/publikationen\/","og_site_name":"Ebenezer Operation Exodus","article_publisher":"https:\/\/www.facebook.com\/EbenezerInt","article_modified_time":"2026-03-09T08:21:32+00:00","og_image":[{"url":"https:\/\/ebenezeroe.wpengine.com\/wp-content\/uploads\/2021\/05\/Untitled-design-42.png","type":"","width":"","height":""}],"twitter_card":"summary_large_image","twitter_misc":{"Gesch\u00e4tzte Lesezeit":"4 Minuten"},"schema":{"@context":"https:\/\/schema.org","@graph":[{"@type":"WebPage","@id":"https:\/\/ebenezer-oe.org\/de\/publikationen\/","url":"https:\/\/ebenezer-oe.org\/de\/publikationen\/","name":"Publikationen - Ebenezer Operation Exodus","isPartOf":{"@id":"https:\/\/ebenezer-oe.org\/#website"},"primaryImageOfPage":{"@id":"https:\/\/ebenezer-oe.org\/de\/publikationen\/#primaryimage"},"image":{"@id":"https:\/\/ebenezer-oe.org\/de\/publikationen\/#primaryimage"},"thumbnailUrl":"https:\/\/ebenezeroe.wpengine.com\/wp-content\/uploads\/2021\/05\/Untitled-design-42.png","datePublished":"2020-08-13T15:50:32+00:00","dateModified":"2026-03-09T08:21:32+00:00","breadcrumb":{"@id":"https:\/\/ebenezer-oe.org\/de\/publikationen\/#breadcrumb"},"inLanguage":"de-DE","potentialAction":[{"@type":"ReadAction","target":["https:\/\/ebenezer-oe.org\/de\/publikationen\/"]}]},{"@type":"ImageObject","inLanguage":"de-DE","@id":"https:\/\/ebenezer-oe.org\/de\/publikationen\/#primaryimage","url":"https:\/\/ebenezeroe.wpengine.com\/wp-content\/uploads\/2021\/05\/Untitled-design-42.png","contentUrl":"https:\/\/ebenezeroe.wpengine.com\/wp-content\/uploads\/2021\/05\/Untitled-design-42.png"},{"@type":"BreadcrumbList","@id":"https:\/\/ebenezer-oe.org\/de\/publikationen\/#breadcrumb","itemListElement":[{"@type":"ListItem","position":1,"name":"Home","item":"https:\/\/ebenezer-oe.org\/de\/"},{"@type":"ListItem","position":2,"name":"Publikationen"}]},{"@type":"WebSite","@id":"https:\/\/ebenezer-oe.org\/#website","url":"https:\/\/ebenezer-oe.org\/","name":"Ebenezer - Operation Exodus","description":"","publisher":{"@id":"https:\/\/ebenezer-oe.org\/#organization"},"potentialAction":[{"@type":"SearchAction","target":{"@type":"EntryPoint","urlTemplate":"https:\/\/ebenezer-oe.org\/?s={search_term_string}"},"query-input":{"@type":"PropertyValueSpecification","valueRequired":true,"valueName":"search_term_string"}}],"inLanguage":"de-DE"},{"@type":"Organization","@id":"https:\/\/ebenezer-oe.org\/#organization","name":"Ebenezer - Operation Exodus","url":"https:\/\/ebenezer-oe.org\/","logo":{"@type":"ImageObject","inLanguage":"de-DE","@id":"https:\/\/ebenezer-oe.org\/#\/schema\/logo\/image\/","url":"https:\/\/ebenezeroe.wpengine.com\/wp-content\/uploads\/2020\/09\/Logo_EOE_EN_Colour-Horizontal.png","contentUrl":"https:\/\/ebenezeroe.wpengine.com\/wp-content\/uploads\/2020\/09\/Logo_EOE_EN_Colour-Horizontal.png","width":1922,"height":928,"caption":"Ebenezer - Operation Exodus"},"image":{"@id":"https:\/\/ebenezer-oe.org\/#\/schema\/logo\/image\/"},"sameAs":["https:\/\/www.facebook.com\/EbenezerInt","https:\/\/www.instagram.com\/ebenezer_oe_eng\/","https:\/\/www.youtube.com\/channel\/UC6qGHrKKeamFVz95Vd8LR1g"]}]}},"_links":{"self":[{"href":"https:\/\/ebenezer-oe.org\/de\/wp-json\/wp\/v2\/pages\/53840","targetHints":{"allow":["GET"]}}],"collection":[{"href":"https:\/\/ebenezer-oe.org\/de\/wp-json\/wp\/v2\/pages"}],"about":[{"href":"https:\/\/ebenezer-oe.org\/de\/wp-json\/wp\/v2\/types\/page"}],"author":[{"embeddable":true,"href":"https:\/\/ebenezer-oe.org\/de\/wp-json\/wp\/v2\/users\/1"}],"replies":[{"embeddable":true,"href":"https:\/\/ebenezer-oe.org\/de\/wp-json\/wp\/v2\/comments?post=53840"}],"version-history":[{"count":0,"href":"https:\/\/ebenezer-oe.org\/de\/wp-json\/wp\/v2\/pages\/53840\/revisions"}],"wp:attachment":[{"href":"https:\/\/ebenezer-oe.org\/de\/wp-json\/wp\/v2\/media?parent=53840"}],"curies":[{"name":"wp","href":"https:\/\/api.w.org\/{rel}","templated":true}]}}