{"id":54008,"date":"2022-02-10T17:47:10","date_gmt":"2022-02-10T17:47:10","guid":{"rendered":"https:\/\/ebenezer-oe.org\/wer-wir-sind\/"},"modified":"2023-07-26T09:22:26","modified_gmt":"2023-07-26T09:22:26","slug":"wer-wir-sind","status":"publish","type":"page","link":"https:\/\/ebenezer-oe.org\/de\/wer-wir-sind\/","title":{"rendered":"Wer wir sind"},"content":{"rendered":"\n<h2>\n\t\tWer wir sind\n\t<\/h2>\n\t<p>Unsere Vision ist es, Diener und F\u00fcrbitter des Herrn zu sein, dem j\u00fcdischen Volk bei seiner R\u00fcckkehr aus aller Welt nach Israel zu helfen und die Prinzipien des Reiches Gottes bekannt zu machen.<\/p>\n\t\t\t\t\t<a href=\"#\" id=\"fl-accordion--label-0\" tabindex=\"0\" aria-controls=\"fl-accordion--panel-0\">Lesen Sie unser Glaubensbekenntnis<\/a>\n\t\t\t\t\t\t\t\t\t\t\t<a href=\"#\" id=\"fl-accordion--icon-0\" tabindex=\"0\" aria-controls=\"fl-accordion--panel-0\"><i>Expand<\/i><\/a>\n\t\t\t\t\t<p><strong>WIR GLAUBEN:<\/strong><\/p>\n<ul>\n<li>An den einen Gott, als Vater, Sohn und Heiliger Geist. <em>Markus 12,29; Matth\u00e4us 28,19<\/em><\/li>\n<li>Jesus ist der eingeborene Sohn Gottes.<em> Psalm 2,7; Johannes 3,16<\/em><\/li>\n<li>Durch den Glauben an das vers\u00f6hnende Opfer von Jesus Christus werden wir vor Gott gerecht und erl\u00f6st.<em>Epheser 2,8; Lukas 24,46-47<\/em><\/li>\n<li>Der Heilige Geist wohnt in allen Gl\u00e4ubigen und gibt uns die Kraft zum Dienst. <em>Johannes 14,23b; Apostelgeschichte 1,8<\/em><\/li>\n<li>Die heilige Schrift ist von Gott gegeben.<em>2. Timotheus 3,16-17 <\/em><\/li>\n<li>Zur Gemeinde, dem Leib Christi, geh\u00f6ren diejenigen, die durch den Geist Gottes aus Gnade durch Glauben wiedergeboren sind. <em>Epheser 2,8; 13-22<\/em><\/li>\n<li>Gott hat geistliche und prophetische Absichten f\u00fcr die R\u00fcckkehr des j\u00fcdischen Volkes in ihr verhei\u00dfenes Land.<em> Jeremia 32,37-41; Hesekiel 37,14<\/em><\/li>\n<li>Der Messias wird eines Tages zur\u00fcck auf die Erde kommen und von Jerusalem aus regieren. <em>Sacharja 14,4; Apostelgeschichte 1,11<\/em><\/li>\n<\/ul>\n\t\t\t\t<a href=\"https:\/\/ebenezer-oe.org\/de\/wer-wir-sind\/unsere-geschichte\/\" target=\"_self\" itemprop=\"url\" rel=\"noopener\">\n\t\t\t\t<img decoding=\"async\" data-src=\"https:\/\/ebenezer-oe.org\/wp-content\/uploads\/2021\/04\/Untitled-design-27.png\" alt=\"Untitled design-27\" itemprop=\"image\" height=\"800\" width=\"1200\" title=\"Untitled design-27\" onerror=\"this.style.display='none'\" src=\"data:image\/svg+xml;base64,PHN2ZyB3aWR0aD0iMSIgaGVpZ2h0PSIxIiB4bWxucz0iaHR0cDovL3d3dy53My5vcmcvMjAwMC9zdmciPjwvc3ZnPg==\" class=\"lazyload\" style=\"--smush-placeholder-width: 1200px; --smush-placeholder-aspect-ratio: 1200\/800;\" \/>\n\t\t\t\t<\/a>\n<h3>\n\t\t<a href=\"https:\/\/ebenezeroe.wpengine.com\/de\/wer-wir-sind\/unsere-geschichte\/\" title=\"Unsere Geschichte\" target=\"_self\" rel=\"noopener\">\n\t\tUnsere Geschichte\n\t\t<\/a>\n\t<\/h3>\n\t<p>W\u00e4hrend des Golfkriegs im Januar 1991, als Skud-Raketen \u00fcber die D\u00e4cher Israels flogen, traf sich eine Gruppe von 120 F\u00fcrbittern aus vielen Nationen zu einer Gebetskonferenz in Jerusalem. Inmitten dieser Umst\u00e4nde wurde der Dienst von Ebenezer Operation Exodus durch Gottes F\u00fchrung geboren<\/p>\n<p>.<\/p>\n\t\t\t<a href=\"https:\/\/ebenezer-oe.org\/de\/wer-wir-sind\/unsere-geschichte\/\" target=\"_self\" rel=\"noopener\">\n\t\t\t\t\t\t\tMehr erfahren\n\t\t\t\t\t<\/a>\n\t\t\t\t<a href=\"https:\/\/ebenezer-oe.org\/de\/wer-wir-sind\/warum-aliyah\/\" target=\"_self\" itemprop=\"url\" rel=\"noopener\">\n\t\t\t\t<img decoding=\"async\" data-src=\"https:\/\/ebenezer-oe.org\/wp-content\/uploads\/2021\/02\/BringingHisPeopleHome-opt.png\" alt=\"BringingHisPeopleHome-opt\" itemprop=\"image\" height=\"800\" width=\"1200\" title=\"BringingHisPeopleHome-opt\" onerror=\"this.style.display='none'\" src=\"data:image\/svg+xml;base64,PHN2ZyB3aWR0aD0iMSIgaGVpZ2h0PSIxIiB4bWxucz0iaHR0cDovL3d3dy53My5vcmcvMjAwMC9zdmciPjwvc3ZnPg==\" class=\"lazyload\" style=\"--smush-placeholder-width: 1200px; --smush-placeholder-aspect-ratio: 1200\/800;\" \/>\n\t\t\t\t<\/a>\n<h4>\n\t\t<a href=\"https:\/\/ebenezeroe.wpengine.com\/de\/wer-wir-sind\/warum-aliyah\/\" title=\"Warum Aliyah?\" target=\"_self\" rel=\"noopener\">\n\t\tWarum Aliyah?\n\t\t<\/a>\n\t<\/h4>\n\t<p>Der Begriff \u201eAliyah&#8220; beschreibt die R\u00fcckkehr des j\u00fcdischen Volkes aus der Diaspora nach Israel. \u201eN\u00e4chstes Jahr in Jerusalem&#8220; &#8211; dies sprechen sich j\u00fcdische Freunde und Familien jedes Jahr zum Passahfest zu. <\/p>\n<p>Unser Dienst besteht darin, weltweit j\u00fcdische Auswanderer bei ihrer Aliyah zu unterst\u00fctzen.<\/p>\n\t\t\t<a href=\"https:\/\/ebenezer-oe.org\/de\/wer-wir-sind\/warum-aliyah\/\" target=\"_self\" rel=\"noopener\">\n\t\t\t\t\t\t\tMehr erfahren\n\t\t\t\t\t<\/a>\n\t\t\t\t<a href=\"https:\/\/ebenezer-oe.org\/de\/wer-wir-sind\/gebet-als-basis\/\" target=\"_self\" itemprop=\"url\" rel=\"noopener\">\n\t\t\t\t<img decoding=\"async\" data-src=\"https:\/\/ebenezer-oe.org\/wp-content\/uploads\/2021\/02\/Gebet-als-Grundlage-opt.png\" alt=\"Gebet-als-Grundlage-opt\" itemprop=\"image\" height=\"800\" width=\"1200\" title=\"Gebet-als-Grundlage-opt\" onerror=\"this.style.display='none'\" src=\"data:image\/svg+xml;base64,PHN2ZyB3aWR0aD0iMSIgaGVpZ2h0PSIxIiB4bWxucz0iaHR0cDovL3d3dy53My5vcmcvMjAwMC9zdmciPjwvc3ZnPg==\" class=\"lazyload\" style=\"--smush-placeholder-width: 1200px; --smush-placeholder-aspect-ratio: 1200\/800;\" \/>\n\t\t\t\t<\/a>\n<h3>\n\t\t<a href=\"https:\/\/ebenezeroe.wpengine.com\/de\/wer-wir-sind\/gebet-als-basis\/\" title=\"Gebet als Basis\" target=\"_self\" rel=\"noopener\">\n\t\tGebet als Basis\n\t\t<\/a>\n\t<\/h3>\n\t<p>Ebenezer Operation Exodus ist ein F\u00fcrbittedienst, der sich eins macht mit Gottes Plan, das j\u00fcdische Volk von den vier Enden der Erde nach Hause zu bringen.<\/p>\n\t\t\t<a href=\"https:\/\/ebenezer-oe.org\/de\/wer-wir-sind\/gebet-als-basis\/\" target=\"_self\" rel=\"noopener\">\n\t\t\t\t\t\t\tMehr erfahren\n\t\t\t\t\t<\/a>\n\t\t\t\t<a href=\"https:\/\/ebenezer-oe.org\/de\/wer-wir-sind\/unsere-arbeit\/\" target=\"_self\" itemprop=\"url\" rel=\"noopener\">\n\t\t\t\t<img decoding=\"async\" data-src=\"https:\/\/ebenezer-oe.org\/wp-content\/uploads\/2021\/02\/haifa-house.png\" alt=\"haifa-house\" itemprop=\"image\" height=\"800\" width=\"1200\" title=\"haifa-house\" onerror=\"this.style.display='none'\" src=\"data:image\/svg+xml;base64,PHN2ZyB3aWR0aD0iMSIgaGVpZ2h0PSIxIiB4bWxucz0iaHR0cDovL3d3dy53My5vcmcvMjAwMC9zdmciPjwvc3ZnPg==\" class=\"lazyload\" style=\"--smush-placeholder-width: 1200px; --smush-placeholder-aspect-ratio: 1200\/800;\" \/>\n\t\t\t\t<\/a>\n<h3>\n\t\t<a href=\"https:\/\/ebenezeroe.wpengine.com\/de\/wer-wir-sind\/unsere-arbeit\/\" title=\"Unsere Arbeit\" target=\"_self\" rel=\"noopener\">\n\t\tUnsere Arbeit\n\t\t<\/a>\n\t<\/h3>\n\t<p>Unser Herzensanliegen ist es, an der Seite Israel und des j\u00fcdischen Volkes zu stehen. Hierbei sehen wir unseren Hauptauftrag darin, j\u00fcdische Familien auf ihrem Weg nach Israel zu begleiten. Jede Aliyah-Geschichte ist einzigartig und bringt zum Teil gro\u00dfe Herausforderungen mit sich. Genau daf\u00fcr stehen wir im Gebet ein und erfahren immer wieder, dass mit Gottes Hilfe scheinbar Unm\u00f6gliches m\u00f6glich wird.<\/p>\n\t\t\t<a href=\"https:\/\/ebenezer-oe.org\/de\/wer-wir-sind\/unsere-arbeit\/\" target=\"_self\" rel=\"noopener\">\n\t\t\t\t\t\t\tMehr erfahren\n\t\t\t\t\t<\/a>\n\t\t\t\t<a href=\"https:\/\/ebenezer-oe.org\/de\/wer-wir-sind\/lehre\/\" target=\"_self\" itemprop=\"url\" rel=\"noopener\">\n\t\t\t\t<img decoding=\"async\" data-src=\"https:\/\/ebenezer-oe.org\/wp-content\/uploads\/2022\/08\/Website-Images-7.png\" alt=\"Website Images-7\" itemprop=\"image\" height=\"800\" width=\"1200\" title=\"Website Images-7\" onerror=\"this.style.display='none'\" src=\"data:image\/svg+xml;base64,PHN2ZyB3aWR0aD0iMSIgaGVpZ2h0PSIxIiB4bWxucz0iaHR0cDovL3d3dy53My5vcmcvMjAwMC9zdmciPjwvc3ZnPg==\" class=\"lazyload\" style=\"--smush-placeholder-width: 1200px; --smush-placeholder-aspect-ratio: 1200\/800;\" \/>\n\t\t\t\t<\/a>\n<h3>\n\t\t<a href=\"https:\/\/ebenezeroe.wpengine.com\/de\/wer-wir-sind\/lehre\/\" title=\"Lehre\" target=\"_self\" rel=\"noopener\">\n\t\tLehre\n\t\t<\/a>\n\t<\/h3>\n\t<p>Laut Paulus steckt ein Geheimnis darin, dass Gott Sich das Volk Israel berufen hat und wir aus den Nationen durch Christus Anteil haben am Erbe und an den Verhei\u00dfungen (Epheser 3). Die Heilige Schrift bezeugt klar, dass Gottes Bund mit Israel nicht ver\u00e4ndert wurde.<\/p>\n\t\t\t<a href=\"https:\/\/ebenezer-oe.org\/de\/wer-wir-sind\/lehre\/\" target=\"_self\" rel=\"noopener\">\n\t\t\t\t\t\t\tMehr erfahren\n\t\t\t\t\t<\/a>\n\n","protected":false},"excerpt":{"rendered":"<p>Wer wir sind Unsere Vision ist es, Diener und F\u00fcrbitter des Herrn zu sein, dem j\u00fcdischen Volk bei seiner R\u00fcckkehr aus aller Welt nach Israel zu helfen und die Prinzipien des Reiches Gottes bekannt zu machen. Lesen Sie unser Glaubensbekenntnis Expand WIR GLAUBEN: An den einen Gott, als Vater, Sohn und Heiliger Geist. Markus 12,29;&hellip;<\/p>\n","protected":false},"author":1,"featured_media":0,"parent":0,"menu_order":0,"comment_status":"closed","ping_status":"closed","template":"","meta":{"footnotes":""},"class_list":["post-54008","page","type-page","status-publish","hentry"],"yoast_head":"<!-- This site is optimized with the Yoast SEO plugin v27.2 - https:\/\/yoast.com\/product\/yoast-seo-wordpress\/ -->\n<title>Wer wir sind - Ebenezer Operation Exodus<\/title>\n<meta name=\"robots\" content=\"index, follow, max-snippet:-1, max-image-preview:large, max-video-preview:-1\" \/>\n<link rel=\"canonical\" href=\"https:\/\/ebenezer-oe.org\/de\/wer-wir-sind\/\" \/>\n<meta property=\"og:locale\" content=\"de_DE\" \/>\n<meta property=\"og:type\" content=\"article\" \/>\n<meta property=\"og:title\" content=\"Wer wir sind - Ebenezer Operation Exodus\" \/>\n<meta property=\"og:description\" content=\"Wer wir sind Unsere Vision ist es, Diener und F\u00fcrbitter des Herrn zu sein, dem j\u00fcdischen Volk bei seiner R\u00fcckkehr aus aller Welt nach Israel zu helfen und die Prinzipien des Reiches Gottes bekannt zu machen. Lesen Sie unser Glaubensbekenntnis Expand WIR GLAUBEN: An den einen Gott, als Vater, Sohn und Heiliger Geist. Markus 12,29;&hellip;\" \/>\n<meta property=\"og:url\" content=\"https:\/\/ebenezer-oe.org\/de\/wer-wir-sind\/\" \/>\n<meta property=\"og:site_name\" content=\"Ebenezer Operation Exodus\" \/>\n<meta property=\"article:publisher\" content=\"https:\/\/www.facebook.com\/EbenezerInt\" \/>\n<meta property=\"article:modified_time\" content=\"2023-07-26T09:22:26+00:00\" \/>\n<meta property=\"og:image\" content=\"https:\/\/ebenezer-oe.org\/wp-content\/uploads\/2021\/04\/Untitled-design-27.png\" \/>\n<meta name=\"twitter:card\" content=\"summary_large_image\" \/>\n<meta name=\"twitter:label1\" content=\"Gesch\u00e4tzte Lesezeit\" \/>\n\t<meta name=\"twitter:data1\" content=\"2 Minuten\" \/>\n<script type=\"application\/ld+json\" class=\"yoast-schema-graph\">{\"@context\":\"https:\/\/schema.org\",\"@graph\":[{\"@type\":\"WebPage\",\"@id\":\"https:\/\/ebenezer-oe.org\/de\/wer-wir-sind\/\",\"url\":\"https:\/\/ebenezer-oe.org\/de\/wer-wir-sind\/\",\"name\":\"Wer wir sind - Ebenezer Operation Exodus\",\"isPartOf\":{\"@id\":\"https:\/\/ebenezer-oe.org\/#website\"},\"primaryImageOfPage\":{\"@id\":\"https:\/\/ebenezer-oe.org\/de\/wer-wir-sind\/#primaryimage\"},\"image\":{\"@id\":\"https:\/\/ebenezer-oe.org\/de\/wer-wir-sind\/#primaryimage\"},\"thumbnailUrl\":\"https:\/\/ebenezer-oe.org\/wp-content\/uploads\/2021\/04\/Untitled-design-27.png\",\"datePublished\":\"2022-02-10T17:47:10+00:00\",\"dateModified\":\"2023-07-26T09:22:26+00:00\",\"breadcrumb\":{\"@id\":\"https:\/\/ebenezer-oe.org\/de\/wer-wir-sind\/#breadcrumb\"},\"inLanguage\":\"de-DE\",\"potentialAction\":[{\"@type\":\"ReadAction\",\"target\":[\"https:\/\/ebenezer-oe.org\/de\/wer-wir-sind\/\"]}]},{\"@type\":\"ImageObject\",\"inLanguage\":\"de-DE\",\"@id\":\"https:\/\/ebenezer-oe.org\/de\/wer-wir-sind\/#primaryimage\",\"url\":\"https:\/\/ebenezer-oe.org\/wp-content\/uploads\/2021\/04\/Untitled-design-27.png\",\"contentUrl\":\"https:\/\/ebenezer-oe.org\/wp-content\/uploads\/2021\/04\/Untitled-design-27.png\"},{\"@type\":\"BreadcrumbList\",\"@id\":\"https:\/\/ebenezer-oe.org\/de\/wer-wir-sind\/#breadcrumb\",\"itemListElement\":[{\"@type\":\"ListItem\",\"position\":1,\"name\":\"Home\",\"item\":\"https:\/\/ebenezer-oe.org\/de\/\"},{\"@type\":\"ListItem\",\"position\":2,\"name\":\"Wer wir sind\"}]},{\"@type\":\"WebSite\",\"@id\":\"https:\/\/ebenezer-oe.org\/#website\",\"url\":\"https:\/\/ebenezer-oe.org\/\",\"name\":\"Ebenezer - Operation Exodus\",\"description\":\"\",\"publisher\":{\"@id\":\"https:\/\/ebenezer-oe.org\/#organization\"},\"potentialAction\":[{\"@type\":\"SearchAction\",\"target\":{\"@type\":\"EntryPoint\",\"urlTemplate\":\"https:\/\/ebenezer-oe.org\/?s={search_term_string}\"},\"query-input\":{\"@type\":\"PropertyValueSpecification\",\"valueRequired\":true,\"valueName\":\"search_term_string\"}}],\"inLanguage\":\"de-DE\"},{\"@type\":\"Organization\",\"@id\":\"https:\/\/ebenezer-oe.org\/#organization\",\"name\":\"Ebenezer - Operation Exodus\",\"url\":\"https:\/\/ebenezer-oe.org\/\",\"logo\":{\"@type\":\"ImageObject\",\"inLanguage\":\"de-DE\",\"@id\":\"https:\/\/ebenezer-oe.org\/#\/schema\/logo\/image\/\",\"url\":\"https:\/\/ebenezeroe.wpengine.com\/wp-content\/uploads\/2020\/09\/Logo_EOE_EN_Colour-Horizontal.png\",\"contentUrl\":\"https:\/\/ebenezeroe.wpengine.com\/wp-content\/uploads\/2020\/09\/Logo_EOE_EN_Colour-Horizontal.png\",\"width\":1922,\"height\":928,\"caption\":\"Ebenezer - Operation Exodus\"},\"image\":{\"@id\":\"https:\/\/ebenezer-oe.org\/#\/schema\/logo\/image\/\"},\"sameAs\":[\"https:\/\/www.facebook.com\/EbenezerInt\",\"https:\/\/www.instagram.com\/ebenezer_oe_eng\/\",\"https:\/\/www.youtube.com\/channel\/UC6qGHrKKeamFVz95Vd8LR1g\"]}]}<\/script>\n<!-- \/ Yoast SEO plugin. -->","yoast_head_json":{"title":"Wer wir sind - Ebenezer Operation Exodus","robots":{"index":"index","follow":"follow","max-snippet":"max-snippet:-1","max-image-preview":"max-image-preview:large","max-video-preview":"max-video-preview:-1"},"canonical":"https:\/\/ebenezer-oe.org\/de\/wer-wir-sind\/","og_locale":"de_DE","og_type":"article","og_title":"Wer wir sind - Ebenezer Operation Exodus","og_description":"Wer wir sind Unsere Vision ist es, Diener und F\u00fcrbitter des Herrn zu sein, dem j\u00fcdischen Volk bei seiner R\u00fcckkehr aus aller Welt nach Israel zu helfen und die Prinzipien des Reiches Gottes bekannt zu machen. Lesen Sie unser Glaubensbekenntnis Expand WIR GLAUBEN: An den einen Gott, als Vater, Sohn und Heiliger Geist. Markus 12,29;&hellip;","og_url":"https:\/\/ebenezer-oe.org\/de\/wer-wir-sind\/","og_site_name":"Ebenezer Operation Exodus","article_publisher":"https:\/\/www.facebook.com\/EbenezerInt","article_modified_time":"2023-07-26T09:22:26+00:00","og_image":[{"url":"https:\/\/ebenezer-oe.org\/wp-content\/uploads\/2021\/04\/Untitled-design-27.png","type":"","width":"","height":""}],"twitter_card":"summary_large_image","twitter_misc":{"Gesch\u00e4tzte Lesezeit":"2 Minuten"},"schema":{"@context":"https:\/\/schema.org","@graph":[{"@type":"WebPage","@id":"https:\/\/ebenezer-oe.org\/de\/wer-wir-sind\/","url":"https:\/\/ebenezer-oe.org\/de\/wer-wir-sind\/","name":"Wer wir sind - Ebenezer Operation Exodus","isPartOf":{"@id":"https:\/\/ebenezer-oe.org\/#website"},"primaryImageOfPage":{"@id":"https:\/\/ebenezer-oe.org\/de\/wer-wir-sind\/#primaryimage"},"image":{"@id":"https:\/\/ebenezer-oe.org\/de\/wer-wir-sind\/#primaryimage"},"thumbnailUrl":"https:\/\/ebenezer-oe.org\/wp-content\/uploads\/2021\/04\/Untitled-design-27.png","datePublished":"2022-02-10T17:47:10+00:00","dateModified":"2023-07-26T09:22:26+00:00","breadcrumb":{"@id":"https:\/\/ebenezer-oe.org\/de\/wer-wir-sind\/#breadcrumb"},"inLanguage":"de-DE","potentialAction":[{"@type":"ReadAction","target":["https:\/\/ebenezer-oe.org\/de\/wer-wir-sind\/"]}]},{"@type":"ImageObject","inLanguage":"de-DE","@id":"https:\/\/ebenezer-oe.org\/de\/wer-wir-sind\/#primaryimage","url":"https:\/\/ebenezer-oe.org\/wp-content\/uploads\/2021\/04\/Untitled-design-27.png","contentUrl":"https:\/\/ebenezer-oe.org\/wp-content\/uploads\/2021\/04\/Untitled-design-27.png"},{"@type":"BreadcrumbList","@id":"https:\/\/ebenezer-oe.org\/de\/wer-wir-sind\/#breadcrumb","itemListElement":[{"@type":"ListItem","position":1,"name":"Home","item":"https:\/\/ebenezer-oe.org\/de\/"},{"@type":"ListItem","position":2,"name":"Wer wir sind"}]},{"@type":"WebSite","@id":"https:\/\/ebenezer-oe.org\/#website","url":"https:\/\/ebenezer-oe.org\/","name":"Ebenezer - Operation Exodus","description":"","publisher":{"@id":"https:\/\/ebenezer-oe.org\/#organization"},"potentialAction":[{"@type":"SearchAction","target":{"@type":"EntryPoint","urlTemplate":"https:\/\/ebenezer-oe.org\/?s={search_term_string}"},"query-input":{"@type":"PropertyValueSpecification","valueRequired":true,"valueName":"search_term_string"}}],"inLanguage":"de-DE"},{"@type":"Organization","@id":"https:\/\/ebenezer-oe.org\/#organization","name":"Ebenezer - Operation Exodus","url":"https:\/\/ebenezer-oe.org\/","logo":{"@type":"ImageObject","inLanguage":"de-DE","@id":"https:\/\/ebenezer-oe.org\/#\/schema\/logo\/image\/","url":"https:\/\/ebenezeroe.wpengine.com\/wp-content\/uploads\/2020\/09\/Logo_EOE_EN_Colour-Horizontal.png","contentUrl":"https:\/\/ebenezeroe.wpengine.com\/wp-content\/uploads\/2020\/09\/Logo_EOE_EN_Colour-Horizontal.png","width":1922,"height":928,"caption":"Ebenezer - Operation Exodus"},"image":{"@id":"https:\/\/ebenezer-oe.org\/#\/schema\/logo\/image\/"},"sameAs":["https:\/\/www.facebook.com\/EbenezerInt","https:\/\/www.instagram.com\/ebenezer_oe_eng\/","https:\/\/www.youtube.com\/channel\/UC6qGHrKKeamFVz95Vd8LR1g"]}]}},"_links":{"self":[{"href":"https:\/\/ebenezer-oe.org\/de\/wp-json\/wp\/v2\/pages\/54008","targetHints":{"allow":["GET"]}}],"collection":[{"href":"https:\/\/ebenezer-oe.org\/de\/wp-json\/wp\/v2\/pages"}],"about":[{"href":"https:\/\/ebenezer-oe.org\/de\/wp-json\/wp\/v2\/types\/page"}],"author":[{"embeddable":true,"href":"https:\/\/ebenezer-oe.org\/de\/wp-json\/wp\/v2\/users\/1"}],"replies":[{"embeddable":true,"href":"https:\/\/ebenezer-oe.org\/de\/wp-json\/wp\/v2\/comments?post=54008"}],"version-history":[{"count":0,"href":"https:\/\/ebenezer-oe.org\/de\/wp-json\/wp\/v2\/pages\/54008\/revisions"}],"wp:attachment":[{"href":"https:\/\/ebenezer-oe.org\/de\/wp-json\/wp\/v2\/media?parent=54008"}],"curies":[{"name":"wp","href":"https:\/\/api.w.org\/{rel}","templated":true}]}}