{"id":54011,"date":"2022-02-10T17:52:24","date_gmt":"2022-02-10T17:52:24","guid":{"rendered":"https:\/\/ebenezer-oe.org\/wer-wir-sind\/gebet-als-basis\/"},"modified":"2023-07-26T09:23:04","modified_gmt":"2023-07-26T09:23:04","slug":"gebet-als-basis","status":"publish","type":"page","link":"https:\/\/ebenezer-oe.org\/de\/wer-wir-sind\/gebet-als-basis\/","title":{"rendered":"Gebet als Basis"},"content":{"rendered":"\n<h1>\n\t\tGebet als Basis\n\t<\/h1>\n\t<p>Wir treten in Gebet und F\u00fcrbitte f\u00fcr Gottes Volk und die Anliegen der Aliyah ein und nehmen dabei eine prophetische Aufgabe wahr.<\/p>\n\t<p><em>\u201eO Jerusalem, ich habe W\u00e4chter auf deine Mauern gestellt, die den ganzen Tag und die ganze Nacht nicht einen Augenblick schweigen sollen. Die ihr den HERRN erinnern sollt, g\u00f6nnt euch keine Ruhe! Und lasst ihm keine Ruhe, bis er Jerusalem [wieder] aufrichtet, und bis er es zum Ruhm auf Erden setzt!&#8220;<\/em><\/p>\n<p>Jesaja 62: 6-7<\/p>\n<h4>\n\t\tDie F\u00fcrbitte ist eine besondere Art des Gebets.\n\t<\/h4>\n\t<p>In der F\u00fcrbitte identifiziert sich der Betende mit der Sache oder den Personen, f\u00fcr die gebetet wird. Es ist ein Reagieren auf die F\u00fchrung des Heiligen Geistes, ein Identifizieren mit Seinen Pl\u00e4nen und mit dem, was auf Gottes Herzen liegt. <\/p>\n<p>Auch Daniel war ein F\u00fcrbitter. <i>Er erkannte aus der Prophetie Jeremias, dass die 70 Jahre babylonischer Gefangenschaft bald enden w\u00fcrden<\/i>.<\/p>\n\t<meta itemprop=\"url\" content=\"https:\/\/ebenezer-oe.org\/wp-content\/uploads\/2021\/05\/Prayer.mp4\" \/><div style=\"width: 640px;\" class=\"wp-video\"><video muted class=\"wp-video-shortcode\" id=\"video-54011-1\" width=\"640\" height=\"360\" poster=\"https:\/\/ebenezeroe.wpengine.com\/wp-content\/uploads\/2021\/02\/pray.png\" loop autoplay preload=\"none\" controls=\"controls\"><source type=\"video\/mp4\" src=\"https:\/\/ebenezer-oe.org\/wp-content\/uploads\/2021\/05\/Prayer.mp4?_=1\" \/><a href=\"https:\/\/ebenezer-oe.org\/wp-content\/uploads\/2021\/05\/Prayer.mp4\">https:\/\/ebenezer-oe.org\/wp-content\/uploads\/2021\/05\/Prayer.mp4<\/a><\/video><\/div>\n\t\t\t<img decoding=\"async\" data-src=\"https:\/\/ebenezeroe.wpengine.com\/wp-content\/uploads\/2021\/05\/13.png\" alt=\"\" src=\"data:image\/svg+xml;base64,PHN2ZyB3aWR0aD0iMSIgaGVpZ2h0PSIxIiB4bWxucz0iaHR0cDovL3d3dy53My5vcmcvMjAwMC9zdmciPjwvc3ZnPg==\" class=\"lazyload\" \/>\t\t\t\n\t\t\t<img decoding=\"async\" data-src=\"https:\/\/ebenezeroe.wpengine.com\/wp-content\/uploads\/2021\/05\/14.png\" alt=\"\" src=\"data:image\/svg+xml;base64,PHN2ZyB3aWR0aD0iMSIgaGVpZ2h0PSIxIiB4bWxucz0iaHR0cDovL3d3dy53My5vcmcvMjAwMC9zdmciPjwvc3ZnPg==\" class=\"lazyload\" \/>\t\t\t\n\t<p>So identifizierte er sich mit der Nation Israel und flehte im Gebet um ihre Freiheit und Wiederherstellung (Daniel 9,1-3). Daniel verstand das Herz Gottes, wusste aber, dass Gebet n\u00f6tig war, damit sich die Prophetie erf\u00fcllen w\u00fcrde. Jesus best\u00e4tigte dies, indem Er lehrte, dass es unser Ziel sein solle, daf\u00fcr zu beten, dass Gottes Wille getan und Er dadurch verherrlicht wird (Matth\u00e4us 6,9-10).<\/p>\n\t<p>Das ist es, wozu der Herr uns berufen hat &#8211; uns auf die Verhei\u00dfungen in Gottes Wort \u00fcber Israel und das j\u00fcdische Volk zu st\u00fctzen und f\u00fcr ihre Erf\u00fcllung zu beten. Deshalb wollen wir uns vom Heiligen Geist in hingebungsvollem Gebet und engagierter F\u00fcrbitte f\u00fcr die Aliyah leiten lassen.<\/p>\n<p>&nbsp;<\/p>\n<h2>\n\t\tSchl\u00fcssel-Bibelstellen\n\t<\/h2>\n<h3>\n\t\t01\n\t<\/h3>\n<h3>\n\t\tJesaja 62,10\n\t<\/h3>\n\t<p><em>\u201eBereitet dem Volk den Weg; macht Bahn, macht Bahn! R\u00e4umt die Steine weg! Hebt das Banner hoch empor \u00fcber die V\u00f6lker!&#8220;<\/em> <\/p>\n<h3>\n\t\t02\n\t<\/h3>\n<h3>\n\t\tJesaja 62,6-7\n\t<\/h3>\n\t<p><em>\u201eO Jerusalem, ich habe W\u00e4chter auf deine Mauern gestellt, die den ganzen Tag und die ganze Nacht nicht einen Augenblick schweigen sollen. Die ihr den Herrn erinnern sollt, g\u00f6nnt euch keine Ruhe! Und lasst ihm keine Ruhe, bis er Jerusalem [wieder] aufrichtet, und bis er es zum Ruhm auf Erden setzt!&#8220;<\/em><\/p>\n<h3>\n\t\t03\n\t<\/h3>\n<h3>\n\t\tJeremia 32,41\n\t<\/h3>\n\t<p><em>\u201eUnd damit ich mich \u00fcber sie freuen kann, ihnen wohlzutun; und ich werde sie einpflanzen in dieses Land in Wahrheit, mit meinem ganzen Herzen und mit meiner ganzen Seele.&#8220;<\/em><\/p>\n<h2>\n\t\tAnleitung zu effektiven Gebetszeiten\n\t<\/h2>\n\t<p><em>Bevor wir zusammenkommen sollten wir uns selbst pr\u00fcfen, ob es etwas in unserer Beziehung zu Gott und anderen gibt, das wir bereinigen sollten.<\/em><\/p>\n\t<p><em>Wir beginnen und beenden unsere Gebetszeiten mit Lobpreis, Anbetung und Dank. <\/em><\/p>\n\t<p><em>Wir lassen pers\u00f6nliche Anliegen beiseite, um uns ganz auf die Anliegen zu konzentrieren, die Gott uns aufs Herz legt.<\/em><\/p>\n\t<p><em>Wir nehmen uns Zeit, auf den Herrn zu h\u00f6ren und achten darauf, wie der Heilige Geist unsere Gebete leiten will.<\/em><\/p>\n\t<p><em>Die Gebetszeit soll von jemandem geleitet werden, der f\u00fcr das Reden Gottes sensibel ist, und wir als Beter unterstellen uns seiner Leitung.<\/em><\/p>\n\t<p><em>Gemeinsam erkl\u00e4ren wir die Herrschaft Jesu \u00fcber unserer Gebetszeit.<\/em><\/p>\n\t<p><em>Wir sind sensibel f\u00fcr die F\u00fchrung des Herrn und mutig, das auszubeten, zu proklamieren und miteinander zu teilen, was der Heilige Geist mitteilt.<\/em><\/p>\n\t<p><em>Unser Gebet ist wirksam, wenn wir in Einheit beten.<\/em><\/p>\n\t<p>Gebetspartner werden<\/p>\n\t<p>Wenn Sie Gebetspartner von Ebenezer werden m\u00f6chten, dann senden Sie uns bitte Ihre Kontaktdaten zusammen mit einem kurzen Zeugnis zu. Vielen Dank!<\/p>\n\t\t\t<a href=\"https:\/\/ebenezer-oe.org\/de\/kontakt\/\" target=\"_self\" rel=\"noopener\">\n\t\t\t\t\t\t\tMehr Informationen\n\t\t\t\t\t<\/a>\n\n","protected":false},"excerpt":{"rendered":"<p>Gebet als Basis Wir treten in Gebet und F\u00fcrbitte f\u00fcr Gottes Volk und die Anliegen der Aliyah ein und nehmen dabei eine prophetische Aufgabe wahr. \u201eO Jerusalem, ich habe W\u00e4chter auf deine Mauern gestellt, die den ganzen Tag und die ganze Nacht nicht einen Augenblick schweigen sollen. Die ihr den HERRN erinnern sollt, g\u00f6nnt euch&hellip;<\/p>\n","protected":false},"author":1,"featured_media":0,"parent":54008,"menu_order":3,"comment_status":"closed","ping_status":"closed","template":"","meta":{"footnotes":""},"class_list":["post-54011","page","type-page","status-publish","hentry"],"yoast_head":"<!-- This site is optimized with the Yoast SEO plugin v27.4 - https:\/\/yoast.com\/product\/yoast-seo-wordpress\/ -->\n<title>Gebet als Basis - Ebenezer Operation Exodus<\/title>\n<meta name=\"robots\" content=\"index, follow, max-snippet:-1, max-image-preview:large, max-video-preview:-1\" \/>\n<link rel=\"canonical\" href=\"https:\/\/ebenezer-oe.org\/de\/wer-wir-sind\/gebet-als-basis\/\" \/>\n<meta property=\"og:locale\" content=\"de_DE\" \/>\n<meta property=\"og:type\" content=\"article\" \/>\n<meta property=\"og:title\" content=\"Gebet als Basis - Ebenezer Operation Exodus\" \/>\n<meta property=\"og:description\" content=\"Gebet als Basis Wir treten in Gebet und F\u00fcrbitte f\u00fcr Gottes Volk und die Anliegen der Aliyah ein und nehmen dabei eine prophetische Aufgabe wahr. \u201eO Jerusalem, ich habe W\u00e4chter auf deine Mauern gestellt, die den ganzen Tag und die ganze Nacht nicht einen Augenblick schweigen sollen. Die ihr den HERRN erinnern sollt, g\u00f6nnt euch&hellip;\" \/>\n<meta property=\"og:url\" content=\"https:\/\/ebenezer-oe.org\/de\/wer-wir-sind\/gebet-als-basis\/\" \/>\n<meta property=\"og:site_name\" content=\"Ebenezer Operation Exodus\" \/>\n<meta property=\"article:publisher\" content=\"https:\/\/www.facebook.com\/EbenezerInt\" \/>\n<meta property=\"article:modified_time\" content=\"2023-07-26T09:23:04+00:00\" \/>\n<meta property=\"og:image\" content=\"https:\/\/ebenezeroe.wpengine.com\/wp-content\/uploads\/2021\/05\/13.png\" \/>\n<meta name=\"twitter:card\" content=\"summary_large_image\" \/>\n<meta name=\"twitter:label1\" content=\"Gesch\u00e4tzte Lesezeit\" \/>\n\t<meta name=\"twitter:data1\" content=\"3 Minuten\" \/>\n<script type=\"application\/ld+json\" class=\"yoast-schema-graph\">{\"@context\":\"https:\\\/\\\/schema.org\",\"@graph\":[{\"@type\":\"WebPage\",\"@id\":\"https:\\\/\\\/ebenezer-oe.org\\\/de\\\/wer-wir-sind\\\/gebet-als-basis\\\/\",\"url\":\"https:\\\/\\\/ebenezer-oe.org\\\/de\\\/wer-wir-sind\\\/gebet-als-basis\\\/\",\"name\":\"Gebet als Basis - Ebenezer Operation Exodus\",\"isPartOf\":{\"@id\":\"https:\\\/\\\/ebenezer-oe.org\\\/#website\"},\"primaryImageOfPage\":{\"@id\":\"https:\\\/\\\/ebenezer-oe.org\\\/de\\\/wer-wir-sind\\\/gebet-als-basis\\\/#primaryimage\"},\"image\":{\"@id\":\"https:\\\/\\\/ebenezer-oe.org\\\/de\\\/wer-wir-sind\\\/gebet-als-basis\\\/#primaryimage\"},\"thumbnailUrl\":\"https:\\\/\\\/ebenezeroe.wpengine.com\\\/wp-content\\\/uploads\\\/2021\\\/05\\\/13.png\",\"datePublished\":\"2022-02-10T17:52:24+00:00\",\"dateModified\":\"2023-07-26T09:23:04+00:00\",\"breadcrumb\":{\"@id\":\"https:\\\/\\\/ebenezer-oe.org\\\/de\\\/wer-wir-sind\\\/gebet-als-basis\\\/#breadcrumb\"},\"inLanguage\":\"de-DE\",\"potentialAction\":[{\"@type\":\"ReadAction\",\"target\":[\"https:\\\/\\\/ebenezer-oe.org\\\/de\\\/wer-wir-sind\\\/gebet-als-basis\\\/\"]}]},{\"@type\":\"ImageObject\",\"inLanguage\":\"de-DE\",\"@id\":\"https:\\\/\\\/ebenezer-oe.org\\\/de\\\/wer-wir-sind\\\/gebet-als-basis\\\/#primaryimage\",\"url\":\"https:\\\/\\\/ebenezeroe.wpengine.com\\\/wp-content\\\/uploads\\\/2021\\\/05\\\/13.png\",\"contentUrl\":\"https:\\\/\\\/ebenezeroe.wpengine.com\\\/wp-content\\\/uploads\\\/2021\\\/05\\\/13.png\"},{\"@type\":\"BreadcrumbList\",\"@id\":\"https:\\\/\\\/ebenezer-oe.org\\\/de\\\/wer-wir-sind\\\/gebet-als-basis\\\/#breadcrumb\",\"itemListElement\":[{\"@type\":\"ListItem\",\"position\":1,\"name\":\"Home\",\"item\":\"https:\\\/\\\/ebenezer-oe.org\\\/de\\\/\"},{\"@type\":\"ListItem\",\"position\":2,\"name\":\"Wer wir sind\",\"item\":\"https:\\\/\\\/ebenezer-oe.org\\\/de\\\/wer-wir-sind\\\/\"},{\"@type\":\"ListItem\",\"position\":3,\"name\":\"Gebet als Basis\"}]},{\"@type\":\"WebSite\",\"@id\":\"https:\\\/\\\/ebenezer-oe.org\\\/#website\",\"url\":\"https:\\\/\\\/ebenezer-oe.org\\\/\",\"name\":\"Ebenezer - Operation Exodus\",\"description\":\"\",\"publisher\":{\"@id\":\"https:\\\/\\\/ebenezer-oe.org\\\/#organization\"},\"potentialAction\":[{\"@type\":\"SearchAction\",\"target\":{\"@type\":\"EntryPoint\",\"urlTemplate\":\"https:\\\/\\\/ebenezer-oe.org\\\/?s={search_term_string}\"},\"query-input\":{\"@type\":\"PropertyValueSpecification\",\"valueRequired\":true,\"valueName\":\"search_term_string\"}}],\"inLanguage\":\"de-DE\"},{\"@type\":\"Organization\",\"@id\":\"https:\\\/\\\/ebenezer-oe.org\\\/#organization\",\"name\":\"Ebenezer - Operation Exodus\",\"url\":\"https:\\\/\\\/ebenezer-oe.org\\\/\",\"logo\":{\"@type\":\"ImageObject\",\"inLanguage\":\"de-DE\",\"@id\":\"https:\\\/\\\/ebenezer-oe.org\\\/#\\\/schema\\\/logo\\\/image\\\/\",\"url\":\"https:\\\/\\\/ebenezeroe.wpengine.com\\\/wp-content\\\/uploads\\\/2020\\\/09\\\/Logo_EOE_EN_Colour-Horizontal.png\",\"contentUrl\":\"https:\\\/\\\/ebenezeroe.wpengine.com\\\/wp-content\\\/uploads\\\/2020\\\/09\\\/Logo_EOE_EN_Colour-Horizontal.png\",\"width\":1922,\"height\":928,\"caption\":\"Ebenezer - Operation Exodus\"},\"image\":{\"@id\":\"https:\\\/\\\/ebenezer-oe.org\\\/#\\\/schema\\\/logo\\\/image\\\/\"},\"sameAs\":[\"https:\\\/\\\/www.facebook.com\\\/EbenezerInt\",\"https:\\\/\\\/www.instagram.com\\\/ebenezer_oe_eng\\\/\",\"https:\\\/\\\/www.youtube.com\\\/channel\\\/UC6qGHrKKeamFVz95Vd8LR1g\"]}]}<\/script>\n<!-- \/ Yoast SEO plugin. -->","yoast_head_json":{"title":"Gebet als Basis - Ebenezer Operation Exodus","robots":{"index":"index","follow":"follow","max-snippet":"max-snippet:-1","max-image-preview":"max-image-preview:large","max-video-preview":"max-video-preview:-1"},"canonical":"https:\/\/ebenezer-oe.org\/de\/wer-wir-sind\/gebet-als-basis\/","og_locale":"de_DE","og_type":"article","og_title":"Gebet als Basis - Ebenezer Operation Exodus","og_description":"Gebet als Basis Wir treten in Gebet und F\u00fcrbitte f\u00fcr Gottes Volk und die Anliegen der Aliyah ein und nehmen dabei eine prophetische Aufgabe wahr. \u201eO Jerusalem, ich habe W\u00e4chter auf deine Mauern gestellt, die den ganzen Tag und die ganze Nacht nicht einen Augenblick schweigen sollen. Die ihr den HERRN erinnern sollt, g\u00f6nnt euch&hellip;","og_url":"https:\/\/ebenezer-oe.org\/de\/wer-wir-sind\/gebet-als-basis\/","og_site_name":"Ebenezer Operation Exodus","article_publisher":"https:\/\/www.facebook.com\/EbenezerInt","article_modified_time":"2023-07-26T09:23:04+00:00","og_image":[{"url":"https:\/\/ebenezeroe.wpengine.com\/wp-content\/uploads\/2021\/05\/13.png","type":"","width":"","height":""}],"twitter_card":"summary_large_image","twitter_misc":{"Gesch\u00e4tzte Lesezeit":"3 Minuten"},"schema":{"@context":"https:\/\/schema.org","@graph":[{"@type":"WebPage","@id":"https:\/\/ebenezer-oe.org\/de\/wer-wir-sind\/gebet-als-basis\/","url":"https:\/\/ebenezer-oe.org\/de\/wer-wir-sind\/gebet-als-basis\/","name":"Gebet als Basis - Ebenezer Operation Exodus","isPartOf":{"@id":"https:\/\/ebenezer-oe.org\/#website"},"primaryImageOfPage":{"@id":"https:\/\/ebenezer-oe.org\/de\/wer-wir-sind\/gebet-als-basis\/#primaryimage"},"image":{"@id":"https:\/\/ebenezer-oe.org\/de\/wer-wir-sind\/gebet-als-basis\/#primaryimage"},"thumbnailUrl":"https:\/\/ebenezeroe.wpengine.com\/wp-content\/uploads\/2021\/05\/13.png","datePublished":"2022-02-10T17:52:24+00:00","dateModified":"2023-07-26T09:23:04+00:00","breadcrumb":{"@id":"https:\/\/ebenezer-oe.org\/de\/wer-wir-sind\/gebet-als-basis\/#breadcrumb"},"inLanguage":"de-DE","potentialAction":[{"@type":"ReadAction","target":["https:\/\/ebenezer-oe.org\/de\/wer-wir-sind\/gebet-als-basis\/"]}]},{"@type":"ImageObject","inLanguage":"de-DE","@id":"https:\/\/ebenezer-oe.org\/de\/wer-wir-sind\/gebet-als-basis\/#primaryimage","url":"https:\/\/ebenezeroe.wpengine.com\/wp-content\/uploads\/2021\/05\/13.png","contentUrl":"https:\/\/ebenezeroe.wpengine.com\/wp-content\/uploads\/2021\/05\/13.png"},{"@type":"BreadcrumbList","@id":"https:\/\/ebenezer-oe.org\/de\/wer-wir-sind\/gebet-als-basis\/#breadcrumb","itemListElement":[{"@type":"ListItem","position":1,"name":"Home","item":"https:\/\/ebenezer-oe.org\/de\/"},{"@type":"ListItem","position":2,"name":"Wer wir sind","item":"https:\/\/ebenezer-oe.org\/de\/wer-wir-sind\/"},{"@type":"ListItem","position":3,"name":"Gebet als Basis"}]},{"@type":"WebSite","@id":"https:\/\/ebenezer-oe.org\/#website","url":"https:\/\/ebenezer-oe.org\/","name":"Ebenezer - Operation Exodus","description":"","publisher":{"@id":"https:\/\/ebenezer-oe.org\/#organization"},"potentialAction":[{"@type":"SearchAction","target":{"@type":"EntryPoint","urlTemplate":"https:\/\/ebenezer-oe.org\/?s={search_term_string}"},"query-input":{"@type":"PropertyValueSpecification","valueRequired":true,"valueName":"search_term_string"}}],"inLanguage":"de-DE"},{"@type":"Organization","@id":"https:\/\/ebenezer-oe.org\/#organization","name":"Ebenezer - Operation Exodus","url":"https:\/\/ebenezer-oe.org\/","logo":{"@type":"ImageObject","inLanguage":"de-DE","@id":"https:\/\/ebenezer-oe.org\/#\/schema\/logo\/image\/","url":"https:\/\/ebenezeroe.wpengine.com\/wp-content\/uploads\/2020\/09\/Logo_EOE_EN_Colour-Horizontal.png","contentUrl":"https:\/\/ebenezeroe.wpengine.com\/wp-content\/uploads\/2020\/09\/Logo_EOE_EN_Colour-Horizontal.png","width":1922,"height":928,"caption":"Ebenezer - Operation Exodus"},"image":{"@id":"https:\/\/ebenezer-oe.org\/#\/schema\/logo\/image\/"},"sameAs":["https:\/\/www.facebook.com\/EbenezerInt","https:\/\/www.instagram.com\/ebenezer_oe_eng\/","https:\/\/www.youtube.com\/channel\/UC6qGHrKKeamFVz95Vd8LR1g"]}]}},"_links":{"self":[{"href":"https:\/\/ebenezer-oe.org\/de\/wp-json\/wp\/v2\/pages\/54011","targetHints":{"allow":["GET"]}}],"collection":[{"href":"https:\/\/ebenezer-oe.org\/de\/wp-json\/wp\/v2\/pages"}],"about":[{"href":"https:\/\/ebenezer-oe.org\/de\/wp-json\/wp\/v2\/types\/page"}],"author":[{"embeddable":true,"href":"https:\/\/ebenezer-oe.org\/de\/wp-json\/wp\/v2\/users\/1"}],"replies":[{"embeddable":true,"href":"https:\/\/ebenezer-oe.org\/de\/wp-json\/wp\/v2\/comments?post=54011"}],"version-history":[{"count":0,"href":"https:\/\/ebenezer-oe.org\/de\/wp-json\/wp\/v2\/pages\/54011\/revisions"}],"up":[{"embeddable":true,"href":"https:\/\/ebenezer-oe.org\/de\/wp-json\/wp\/v2\/pages\/54008"}],"wp:attachment":[{"href":"https:\/\/ebenezer-oe.org\/de\/wp-json\/wp\/v2\/media?parent=54011"}],"curies":[{"name":"wp","href":"https:\/\/api.w.org\/{rel}","templated":true}]}}