{"id":54013,"date":"2022-02-10T17:54:52","date_gmt":"2022-02-10T17:54:52","guid":{"rendered":"https:\/\/ebenezer-oe.org\/wer-wir-sind\/lehre\/"},"modified":"2023-04-17T14:15:47","modified_gmt":"2023-04-17T14:15:47","slug":"lehre","status":"publish","type":"page","link":"https:\/\/ebenezer-oe.org\/de\/wer-wir-sind\/lehre\/","title":{"rendered":"Lehre"},"content":{"rendered":"\n<h3>\n\t\tUnser Lehrdienst begr\u00fcndet biblisch: \n\t<\/h3>\n\t\t\t\t\t\t\t\t<a href=\"#\" target=\"_self\" rel=\"noopener\">\n\t\t\t\t\t\t<\/a>\n\t<h3><a href=\"#\" target=\"_self\" rel=\"noopener\">Dass die Aliyah eine Erf\u00fcllung der biblischen Prophetie ist.<\/a><\/h3>\t\t\n\t\t\t\t\t\t\t\t<a href=\"#\" target=\"_self\" rel=\"noopener\">\n\t\t\t\t\t\t<\/a>\n\t<h3><a href=\"#\" target=\"_self\" rel=\"noopener\">Dass die Gemeinde aufgerufen ist, das j\u00fcdische Volk zu segnen und es zu unterst\u00fctzen.<\/a><\/h3>\t\t\n\t\t\t\t\t\t\t\t<a href=\"#\" target=\"_self\" rel=\"noopener\">\n\t\t\t\t\t\t<\/a>\n\t<h3><a href=\"#\" target=\"_self\" rel=\"noopener\">Warum die Wiederherstellung Israels f\u00fcr Gott wichtig ist.<\/a><\/h3>\t\t\n\t\t\t\t\t\t\t\t<a href=\"#\" target=\"_self\" rel=\"noopener\">\n\t\t\t\t\t\t<\/a>\n\t<h3><a href=\"#\" target=\"_self\" rel=\"noopener\">Dass Ersatztheologie eine Irrlehre ist und wir als Gemeinde Antisemitismus, Ignoranz und Arroganz gegen\u00fcber Gottes Volk entschieden entgegentreten sollten.<\/a><\/h3>\t\t\n\t<p>Laut Paulus steckt ein Geheimnis darin, dass Gott Sich das Volk Israel berufen hat und wir aus den Nationen durch Christus Anteil haben am Erbe und an den Verhei\u00dfungen (Epheser 3). Die Heilige Schrift bezeugt klar, dass Gottes Bund mit Israel nicht ver\u00e4ndert wurde. Wir m\u00f6chten diese grundlegenden Prinzipien des Reiches Gottes in Kirchen und Gemeinden verk\u00fcndigen und zur praktischen Umsetzung einladen.<\/p>\n\t<p>Die Aliyah ist eine Erf\u00fcllung der biblischen Prophetie.<\/p>\n\t<p>Die R\u00fcckkehr des j\u00fcdischen Volkes in ein Land, aus dem es vor knapp 2.000 Jahren vertrieben wurde, ist eines der erstaunlichsten Wunder unseres 20 Jahrhunderts. Die Tatsache, dass hebr\u00e4ische Propheten dies bereits vor tausenden von Jahren vorausgesagt haben, ist noch erstaunlicher! In Hesekiel hei\u00dft es: \u201e<em>Denn ich will euch aus den Heidenv\u00f6lkern herausholen und euch aus allen L\u00e4ndern sammeln und euch in euer Land bringen.&#8220; (Hesekiel 36,24).<\/em> Es blieb dabei nicht bei der R\u00fcckkehr und erneuten Ansiedlung im Ursprungsland, sondern mit der Deklaration am 14. Mai 1948 wird Israel zum j\u00fcdischen Staat erkl\u00e4rt. Jesaja fragte: <em>\u201eWurde je ein Land an einem Tag zur Welt gebracht?&#8220;<\/em><\/p>\n\t<p>Die Gemeinde ist aufgerufen, das j\u00fcdische Volk zu segnen und es zu unterst\u00fctzen.<\/p>\n\t<p>Jesaja teilt uns mit, dass wir in den Nationen aufgerufen sind, bei der gro\u00dfen R\u00fcckkehr des j\u00fcdischen Volkes mitzuhelfen: \u201e<em>So spricht Gott, der Herr: ,Siehe, ich will meine Hand zu den Nationen hin erheben und f\u00fcr die V\u00f6lker mein Banner aufrichten; und sie werden dir deine S\u00f6hne im Gewandbausch herbringen, und deine T\u00f6chter werden auf der Schulter herbei getragen werden.'&#8220; (Jesaja 49,22). Der Apostel Paulus spricht<\/em> sogar davon, dass wir als Heiden dem j\u00fcdischen Volk etwas schuldig sind. Er schreibt: <em>\u201e&#8230; denn wenn die Heiden an ihren geistlichen G\u00fctern Anteil erhalten haben, so sind sie auch verpflichtet, ihnen in den leiblichen zu dienen.&#8220; (R\u00f6mer 15,27).\u00a0<\/em>Und wenn die Kirche den Auftrag hat, allen V\u00f6lkern zu dienen, dann sollte dies, schon allein aus Liebe zum Wort Gottes, auch f\u00fcr Israel gelten.<\/p>\n\t<p>Warum die Wiederherstellung Israels f\u00fcr Gott wichtig ist.<\/p>\n\t<p>Die Wiederherstellung des Volkes zum Ursprungsland ihrer Vorv\u00e4ter ist ein wesentlicher und integraler Bestandteil Seiner Verheissungen.<\/p>\n<p>Gott macht an vielen Stellen der Bibel deutlich, dass die Wiederherstellung Israels Sein Wille ist und zu Seiner Herrlichkeit geschieht.<\/p>\n<p><em>\u201eDarum sprich zu dem Haus Israel: So spricht Gott, der Herr: Nicht um euretwillen tue ich dies, Haus Israel, sondern wegen meines heiligen Namens&#8230;&#8220;<\/em> (Hesekiel 36,22)<\/p>\n<p>Gott hat versprochen, Israel zur\u00fcckzubringen. Er h\u00e4lt Sein Wort und Er meint, was Er sagt.<\/p>\n<p>Der Prophet Jeremia dr\u00fcckt die Liebe Gottes zu Seinem Volk so aus:<\/p>\n\n\t<p><em>\u201e&#8230;Mit ewiger Liebe habe ich dich geliebt;<\/em><\/p>\n<p><em>darum habe ich dich zu mir gezogen aus lauter Gnade.<\/em><\/p>\n<p><em>Ich will dich wieder aufbauen, ja, du wirst aufgebaut dastehen, du Jungfrau Israel;<\/em><\/p>\n<p><em>du sollst dich wieder mit deinen Handpauken<\/em><\/p>\n<p><em>schm\u00fccken und ausziehen in fr\u00f6hlichem Reigen.<\/em><\/p>\n<p><em>Du wirst auf den H\u00f6hen Samarias wieder Weinberge pflanzen;<\/em><\/p>\n<p><em>die sie angelegt haben, sollen sie auch genie\u00dfen.<\/em><\/p>\n<p><em>Denn es kommt ein Tag, da die W\u00e4chter auf dem Bergland von Ephraim rufen werden:<\/em><\/p>\n<p><em>Macht euch auf, lasst uns nach Zion gehen, <\/em><\/p>\n<p><em>zu dem Herrn, unserem Gott!&#8220;<\/em><\/p>\n<h5>Jeremia 31,3-6<\/h5>\n\t<p>Die Ersatztheologie ist ein Irrtum.<\/p>\n\t<p>Leider sind vielen Kirchen und Gemeinden die Absichten Gottes f\u00fcr Sein Volk bisher nicht ersichtlich. W\u00e4hrend einige um dieses Thema einen gro\u00dfen Bogen machen oder ihm mit Gleichg\u00fcltigkeit begegnen, wird in vielen Gemeinden die Ersatztheologie gelehrt. Diese besagt, dass Gott das j\u00fcdische Volk durch die Kirche ersetzt hat, um Seine Zwecke auf der Erde zu vollenden.<\/p>\n<p>Somit werden alle Verhei\u00dfungen Gottes an Sein Volk Israel ung\u00fcltig und auf die Kirche \u00fcbertragen. Bereits der Apostel Paulus adressiert diese Lehre und macht klar, dass es sich um eine Irrlehre handelt: \u201eGott hat sein Volk nicht verworfen&#8220; (R\u00f6mer 11,1), hiermit ist klar das j\u00fcdische Volk gemeint. In den n\u00e4chsten Kapiteln erkl\u00e4rt er, dass wir aus den Nationen durch Christus eingepfropft sind in den \u00d6lbaum und somit Anteil haben, jedoch das j\u00fcdische Volk nicht ersetzen.<\/p>\n\n","protected":false},"excerpt":{"rendered":"<p>Unser Lehrdienst begr\u00fcndet biblisch: Dass die Aliyah eine Erf\u00fcllung der biblischen Prophetie ist. Dass die Gemeinde aufgerufen ist, das j\u00fcdische Volk zu segnen und es zu unterst\u00fctzen. Warum die Wiederherstellung Israels f\u00fcr Gott wichtig ist. Dass Ersatztheologie eine Irrlehre ist und wir als Gemeinde Antisemitismus, Ignoranz und Arroganz gegen\u00fcber Gottes Volk entschieden entgegentreten sollten. Laut&hellip;<\/p>\n","protected":false},"author":1,"featured_media":0,"parent":54008,"menu_order":6,"comment_status":"closed","ping_status":"closed","template":"","meta":{"footnotes":""},"class_list":["post-54013","page","type-page","status-publish","hentry"],"yoast_head":"<!-- This site is optimized with the Yoast SEO plugin v27.2 - https:\/\/yoast.com\/product\/yoast-seo-wordpress\/ -->\n<title>Lehre - Ebenezer Operation Exodus<\/title>\n<meta name=\"robots\" content=\"index, follow, max-snippet:-1, max-image-preview:large, max-video-preview:-1\" \/>\n<link rel=\"canonical\" href=\"https:\/\/ebenezer-oe.org\/de\/wer-wir-sind\/lehre\/\" \/>\n<meta property=\"og:locale\" content=\"de_DE\" \/>\n<meta property=\"og:type\" content=\"article\" \/>\n<meta property=\"og:title\" content=\"Lehre - Ebenezer Operation Exodus\" \/>\n<meta property=\"og:description\" content=\"Unser Lehrdienst begr\u00fcndet biblisch: Dass die Aliyah eine Erf\u00fcllung der biblischen Prophetie ist. Dass die Gemeinde aufgerufen ist, das j\u00fcdische Volk zu segnen und es zu unterst\u00fctzen. Warum die Wiederherstellung Israels f\u00fcr Gott wichtig ist. Dass Ersatztheologie eine Irrlehre ist und wir als Gemeinde Antisemitismus, Ignoranz und Arroganz gegen\u00fcber Gottes Volk entschieden entgegentreten sollten. Laut&hellip;\" \/>\n<meta property=\"og:url\" content=\"https:\/\/ebenezer-oe.org\/de\/wer-wir-sind\/lehre\/\" \/>\n<meta property=\"og:site_name\" content=\"Ebenezer Operation Exodus\" \/>\n<meta property=\"article:publisher\" content=\"https:\/\/www.facebook.com\/EbenezerInt\" \/>\n<meta property=\"article:modified_time\" content=\"2023-04-17T14:15:47+00:00\" \/>\n<meta name=\"twitter:card\" content=\"summary_large_image\" \/>\n<meta name=\"twitter:label1\" content=\"Gesch\u00e4tzte Lesezeit\" \/>\n\t<meta name=\"twitter:data1\" content=\"4 Minuten\" \/>\n<script type=\"application\/ld+json\" class=\"yoast-schema-graph\">{\"@context\":\"https:\/\/schema.org\",\"@graph\":[{\"@type\":\"WebPage\",\"@id\":\"https:\/\/ebenezer-oe.org\/de\/wer-wir-sind\/lehre\/\",\"url\":\"https:\/\/ebenezer-oe.org\/de\/wer-wir-sind\/lehre\/\",\"name\":\"Lehre - Ebenezer Operation Exodus\",\"isPartOf\":{\"@id\":\"https:\/\/ebenezer-oe.org\/#website\"},\"datePublished\":\"2022-02-10T17:54:52+00:00\",\"dateModified\":\"2023-04-17T14:15:47+00:00\",\"breadcrumb\":{\"@id\":\"https:\/\/ebenezer-oe.org\/de\/wer-wir-sind\/lehre\/#breadcrumb\"},\"inLanguage\":\"de-DE\",\"potentialAction\":[{\"@type\":\"ReadAction\",\"target\":[\"https:\/\/ebenezer-oe.org\/de\/wer-wir-sind\/lehre\/\"]}]},{\"@type\":\"BreadcrumbList\",\"@id\":\"https:\/\/ebenezer-oe.org\/de\/wer-wir-sind\/lehre\/#breadcrumb\",\"itemListElement\":[{\"@type\":\"ListItem\",\"position\":1,\"name\":\"Home\",\"item\":\"https:\/\/ebenezer-oe.org\/de\/\"},{\"@type\":\"ListItem\",\"position\":2,\"name\":\"Wer wir sind\",\"item\":\"https:\/\/ebenezer-oe.org\/de\/wer-wir-sind\/\"},{\"@type\":\"ListItem\",\"position\":3,\"name\":\"Lehre\"}]},{\"@type\":\"WebSite\",\"@id\":\"https:\/\/ebenezer-oe.org\/#website\",\"url\":\"https:\/\/ebenezer-oe.org\/\",\"name\":\"Ebenezer - Operation Exodus\",\"description\":\"\",\"publisher\":{\"@id\":\"https:\/\/ebenezer-oe.org\/#organization\"},\"potentialAction\":[{\"@type\":\"SearchAction\",\"target\":{\"@type\":\"EntryPoint\",\"urlTemplate\":\"https:\/\/ebenezer-oe.org\/?s={search_term_string}\"},\"query-input\":{\"@type\":\"PropertyValueSpecification\",\"valueRequired\":true,\"valueName\":\"search_term_string\"}}],\"inLanguage\":\"de-DE\"},{\"@type\":\"Organization\",\"@id\":\"https:\/\/ebenezer-oe.org\/#organization\",\"name\":\"Ebenezer - Operation Exodus\",\"url\":\"https:\/\/ebenezer-oe.org\/\",\"logo\":{\"@type\":\"ImageObject\",\"inLanguage\":\"de-DE\",\"@id\":\"https:\/\/ebenezer-oe.org\/#\/schema\/logo\/image\/\",\"url\":\"https:\/\/ebenezeroe.wpengine.com\/wp-content\/uploads\/2020\/09\/Logo_EOE_EN_Colour-Horizontal.png\",\"contentUrl\":\"https:\/\/ebenezeroe.wpengine.com\/wp-content\/uploads\/2020\/09\/Logo_EOE_EN_Colour-Horizontal.png\",\"width\":1922,\"height\":928,\"caption\":\"Ebenezer - Operation Exodus\"},\"image\":{\"@id\":\"https:\/\/ebenezer-oe.org\/#\/schema\/logo\/image\/\"},\"sameAs\":[\"https:\/\/www.facebook.com\/EbenezerInt\",\"https:\/\/www.instagram.com\/ebenezer_oe_eng\/\",\"https:\/\/www.youtube.com\/channel\/UC6qGHrKKeamFVz95Vd8LR1g\"]}]}<\/script>\n<!-- \/ Yoast SEO plugin. -->","yoast_head_json":{"title":"Lehre - Ebenezer Operation Exodus","robots":{"index":"index","follow":"follow","max-snippet":"max-snippet:-1","max-image-preview":"max-image-preview:large","max-video-preview":"max-video-preview:-1"},"canonical":"https:\/\/ebenezer-oe.org\/de\/wer-wir-sind\/lehre\/","og_locale":"de_DE","og_type":"article","og_title":"Lehre - Ebenezer Operation Exodus","og_description":"Unser Lehrdienst begr\u00fcndet biblisch: Dass die Aliyah eine Erf\u00fcllung der biblischen Prophetie ist. Dass die Gemeinde aufgerufen ist, das j\u00fcdische Volk zu segnen und es zu unterst\u00fctzen. Warum die Wiederherstellung Israels f\u00fcr Gott wichtig ist. Dass Ersatztheologie eine Irrlehre ist und wir als Gemeinde Antisemitismus, Ignoranz und Arroganz gegen\u00fcber Gottes Volk entschieden entgegentreten sollten. Laut&hellip;","og_url":"https:\/\/ebenezer-oe.org\/de\/wer-wir-sind\/lehre\/","og_site_name":"Ebenezer Operation Exodus","article_publisher":"https:\/\/www.facebook.com\/EbenezerInt","article_modified_time":"2023-04-17T14:15:47+00:00","twitter_card":"summary_large_image","twitter_misc":{"Gesch\u00e4tzte Lesezeit":"4 Minuten"},"schema":{"@context":"https:\/\/schema.org","@graph":[{"@type":"WebPage","@id":"https:\/\/ebenezer-oe.org\/de\/wer-wir-sind\/lehre\/","url":"https:\/\/ebenezer-oe.org\/de\/wer-wir-sind\/lehre\/","name":"Lehre - Ebenezer Operation Exodus","isPartOf":{"@id":"https:\/\/ebenezer-oe.org\/#website"},"datePublished":"2022-02-10T17:54:52+00:00","dateModified":"2023-04-17T14:15:47+00:00","breadcrumb":{"@id":"https:\/\/ebenezer-oe.org\/de\/wer-wir-sind\/lehre\/#breadcrumb"},"inLanguage":"de-DE","potentialAction":[{"@type":"ReadAction","target":["https:\/\/ebenezer-oe.org\/de\/wer-wir-sind\/lehre\/"]}]},{"@type":"BreadcrumbList","@id":"https:\/\/ebenezer-oe.org\/de\/wer-wir-sind\/lehre\/#breadcrumb","itemListElement":[{"@type":"ListItem","position":1,"name":"Home","item":"https:\/\/ebenezer-oe.org\/de\/"},{"@type":"ListItem","position":2,"name":"Wer wir sind","item":"https:\/\/ebenezer-oe.org\/de\/wer-wir-sind\/"},{"@type":"ListItem","position":3,"name":"Lehre"}]},{"@type":"WebSite","@id":"https:\/\/ebenezer-oe.org\/#website","url":"https:\/\/ebenezer-oe.org\/","name":"Ebenezer - Operation Exodus","description":"","publisher":{"@id":"https:\/\/ebenezer-oe.org\/#organization"},"potentialAction":[{"@type":"SearchAction","target":{"@type":"EntryPoint","urlTemplate":"https:\/\/ebenezer-oe.org\/?s={search_term_string}"},"query-input":{"@type":"PropertyValueSpecification","valueRequired":true,"valueName":"search_term_string"}}],"inLanguage":"de-DE"},{"@type":"Organization","@id":"https:\/\/ebenezer-oe.org\/#organization","name":"Ebenezer - Operation Exodus","url":"https:\/\/ebenezer-oe.org\/","logo":{"@type":"ImageObject","inLanguage":"de-DE","@id":"https:\/\/ebenezer-oe.org\/#\/schema\/logo\/image\/","url":"https:\/\/ebenezeroe.wpengine.com\/wp-content\/uploads\/2020\/09\/Logo_EOE_EN_Colour-Horizontal.png","contentUrl":"https:\/\/ebenezeroe.wpengine.com\/wp-content\/uploads\/2020\/09\/Logo_EOE_EN_Colour-Horizontal.png","width":1922,"height":928,"caption":"Ebenezer - Operation Exodus"},"image":{"@id":"https:\/\/ebenezer-oe.org\/#\/schema\/logo\/image\/"},"sameAs":["https:\/\/www.facebook.com\/EbenezerInt","https:\/\/www.instagram.com\/ebenezer_oe_eng\/","https:\/\/www.youtube.com\/channel\/UC6qGHrKKeamFVz95Vd8LR1g"]}]}},"_links":{"self":[{"href":"https:\/\/ebenezer-oe.org\/de\/wp-json\/wp\/v2\/pages\/54013","targetHints":{"allow":["GET"]}}],"collection":[{"href":"https:\/\/ebenezer-oe.org\/de\/wp-json\/wp\/v2\/pages"}],"about":[{"href":"https:\/\/ebenezer-oe.org\/de\/wp-json\/wp\/v2\/types\/page"}],"author":[{"embeddable":true,"href":"https:\/\/ebenezer-oe.org\/de\/wp-json\/wp\/v2\/users\/1"}],"replies":[{"embeddable":true,"href":"https:\/\/ebenezer-oe.org\/de\/wp-json\/wp\/v2\/comments?post=54013"}],"version-history":[{"count":0,"href":"https:\/\/ebenezer-oe.org\/de\/wp-json\/wp\/v2\/pages\/54013\/revisions"}],"up":[{"embeddable":true,"href":"https:\/\/ebenezer-oe.org\/de\/wp-json\/wp\/v2\/pages\/54008"}],"wp:attachment":[{"href":"https:\/\/ebenezer-oe.org\/de\/wp-json\/wp\/v2\/media?parent=54013"}],"curies":[{"name":"wp","href":"https:\/\/api.w.org\/{rel}","templated":true}]}}