{"id":54020,"date":"2022-02-10T18:09:30","date_gmt":"2022-02-10T18:09:30","guid":{"rendered":"https:\/\/ebenezer-oe.org\/resources\/glossar\/"},"modified":"2022-02-10T18:11:14","modified_gmt":"2022-02-10T18:11:14","slug":"glossar","status":"publish","type":"page","link":"https:\/\/ebenezer-oe.org\/de\/publikationen\/glossar\/","title":{"rendered":"Glossar"},"content":{"rendered":"\n<h2>\n\t\tGlossar\n\t<\/h2>\n\t\t<h3>Aliyah \u05e2\u05dc\u05d9\u05d4<\/h3>\t\t\n\t\t\t<p>Aliyah nennt man die Einwanderung von Juden aus der Diaspora (\u201eZersteuung&#8220;) nach Israel. Das hebr\u00e4ische Wort bedeutet \u201eAufstieg&#8220; (aus den Psalmen: Hinaufgehen nach Jerusalem). <\/p>\n<p>&nbsp;<\/p>\n<p>&nbsp;<\/p>\n\t\t<h3>Ebenezer Emergency Fund International (EEFI)<\/h3>\t\t\n\t\t\t<p>Eine internationale christliche Organisation, die mit der Jewish Agency of Israel zusammenarbeitet, um Juden aus aller Welt bei der R\u00fcckkehr nach Israel zu helfen. Das Wort &#8222;Ebenezer&#8220; bedeutet im Hebr\u00e4ischen &#8222;Stein der Hilfe&#8220; (1. Samuel 7,12). &#8222;Bis hierher hat der Herr uns geholfen&#8220;, und genau das ist unser Zeugnis bei EEFI.<\/p>\n\t\t<h3>Diaspora \u05ea\u05e4\u05d5\u05e6\u05d4<\/h3>\t\t\n\t\t\t<p>In Bezug auf das j\u00fcdische Volk: 1. die Zerstreuung des j\u00fcdischen Volkes in L\u00e4nder au\u00dferhalb des (verhei\u00dfenen) Landes. 2. Die Gesamtheit des j\u00fcdischen Volkes, das in L\u00e4ndern au\u00dferhalb Israels lebt. 3. Alle anderen L\u00e4nder der Welt zusammen, au\u00dfer Israel, in die das j\u00fcdische Volk verstreut wurde: &#8222;die R\u00fcckkehr der Juden aus der Diaspora&#8220;.<\/p>\n\t\t<h3>Ebenezer Operation Exodus<\/h3>\t\t\n\t\t\t<p>Ein anderer Name f\u00fcr den Ebenezer Emergency Fund International, der den &#8222;operativen&#8220; Zweck des Fonds angibt: Das j\u00fcdische Volk zu ermutigen, ihm beizustehen und ihm zu helfen, aus allen V\u00f6lkern in das Land Israel zur\u00fcckzukehren sowie Gottes Ziele f\u00fcr dessen R\u00fcckkehr zu verk\u00fcnden.<\/p>\n<p>&nbsp;<\/p>\n\t\t<h3>Ehemalige Sowjetunion<\/h3>\t\t\n\t\t\t<p>Die &#8222;ehemalige Sowjetunion&#8220; (Russland und alle anderen Republiken, die 1991\/92 von der Sowjetunion unabh\u00e4ngig wurden).<\/p>\n\t\t<h3>Das R\u00fcckkehrgesetz<\/h3>\t\t\n\t\t\t<p>Gesetzgebung, die j\u00fcdischen Menschen das Recht auf unterst\u00fctzte Einwanderung und Niederlassung in Israel sowie die automatische israelische Staatsb\u00fcrgerschaft gew\u00e4hrt. Diese Rechte gelten auch f\u00fcr Kinder bzw. Enkelkinder j\u00fcdischer Eltern bzw. Gro\u00dfeltern, Personen mit j\u00fcdischem Ehepartner, sowie deren Kinder und Enkel.<\/p>\n\t\t<h3>Jewish Agency (JA)<\/h3>\t\t\n\t\t\t<p>Die JA war wesentlich beteiligt an der Gr\u00fcndung des Staates Israel und hat viel zum Aufbau der humanen und physischen Infrastruktur beigetragen. Als gemeinn\u00fctzige Organisation dient sie als Bindeglied zwischen dem j\u00fcdischen Staat und j\u00fcdischen Gemeinden in den Nationen.<\/p>\n<p>&nbsp;<\/p>\n\t\t<h3>Klitah<\/h3>\t\t\n\t\t\t<p>Klitah bezeichnet die Eingliederung von Olim nach ihrer Ankunft in Israel. Sie umfasst alle Aspekte der Integration in die Gesellschaft, einschlie\u00dflich des Erlernens der hebr\u00e4ischen Sprache, der Arbeits- und Wohnungssuche, der Einschulung und des Dienstes in den Israelischen Verteidigungsstreitkr\u00e4ften (IDF).<\/p>\n\n","protected":false},"excerpt":{"rendered":"<p>Glossar Aliyah \u05e2\u05dc\u05d9\u05d4 Aliyah nennt man die Einwanderung von Juden aus der Diaspora (\u201eZersteuung&#8220;) nach Israel. Das hebr\u00e4ische Wort bedeutet \u201eAufstieg&#8220; (aus den Psalmen: Hinaufgehen nach Jerusalem). &nbsp; &nbsp; Ebenezer Emergency Fund International (EEFI) Eine internationale christliche Organisation, die mit der Jewish Agency of Israel zusammenarbeitet, um Juden aus aller Welt bei der R\u00fcckkehr nach&hellip;<\/p>\n","protected":false},"author":1,"featured_media":0,"parent":53840,"menu_order":0,"comment_status":"closed","ping_status":"closed","template":"","meta":{"footnotes":""},"class_list":["post-54020","page","type-page","status-publish","hentry"],"yoast_head":"<!-- This site is optimized with the Yoast SEO plugin v27.2 - https:\/\/yoast.com\/product\/yoast-seo-wordpress\/ -->\n<title>Glossar - Ebenezer Operation Exodus<\/title>\n<meta name=\"robots\" content=\"index, follow, max-snippet:-1, max-image-preview:large, max-video-preview:-1\" \/>\n<link rel=\"canonical\" href=\"https:\/\/ebenezer-oe.org\/de\/publikationen\/glossar\/\" \/>\n<meta property=\"og:locale\" content=\"de_DE\" \/>\n<meta property=\"og:type\" content=\"article\" \/>\n<meta property=\"og:title\" content=\"Glossar - Ebenezer Operation Exodus\" \/>\n<meta property=\"og:description\" content=\"Glossar Aliyah \u05e2\u05dc\u05d9\u05d4 Aliyah nennt man die Einwanderung von Juden aus der Diaspora (\u201eZersteuung&#8220;) nach Israel. Das hebr\u00e4ische Wort bedeutet \u201eAufstieg&#8220; (aus den Psalmen: Hinaufgehen nach Jerusalem). &nbsp; &nbsp; Ebenezer Emergency Fund International (EEFI) Eine internationale christliche Organisation, die mit der Jewish Agency of Israel zusammenarbeitet, um Juden aus aller Welt bei der R\u00fcckkehr nach&hellip;\" \/>\n<meta property=\"og:url\" content=\"https:\/\/ebenezer-oe.org\/de\/publikationen\/glossar\/\" \/>\n<meta property=\"og:site_name\" content=\"Ebenezer Operation Exodus\" \/>\n<meta property=\"article:publisher\" content=\"https:\/\/www.facebook.com\/EbenezerInt\" \/>\n<meta property=\"article:modified_time\" content=\"2022-02-10T18:11:14+00:00\" \/>\n<meta name=\"twitter:card\" content=\"summary_large_image\" \/>\n<meta name=\"twitter:label1\" content=\"Gesch\u00e4tzte Lesezeit\" \/>\n\t<meta name=\"twitter:data1\" content=\"2 Minuten\" \/>\n<script type=\"application\/ld+json\" class=\"yoast-schema-graph\">{\"@context\":\"https:\/\/schema.org\",\"@graph\":[{\"@type\":\"WebPage\",\"@id\":\"https:\/\/ebenezer-oe.org\/de\/publikationen\/glossar\/\",\"url\":\"https:\/\/ebenezer-oe.org\/de\/publikationen\/glossar\/\",\"name\":\"Glossar - Ebenezer Operation Exodus\",\"isPartOf\":{\"@id\":\"https:\/\/ebenezer-oe.org\/#website\"},\"datePublished\":\"2022-02-10T18:09:30+00:00\",\"dateModified\":\"2022-02-10T18:11:14+00:00\",\"breadcrumb\":{\"@id\":\"https:\/\/ebenezer-oe.org\/de\/publikationen\/glossar\/#breadcrumb\"},\"inLanguage\":\"de-DE\",\"potentialAction\":[{\"@type\":\"ReadAction\",\"target\":[\"https:\/\/ebenezer-oe.org\/de\/publikationen\/glossar\/\"]}]},{\"@type\":\"BreadcrumbList\",\"@id\":\"https:\/\/ebenezer-oe.org\/de\/publikationen\/glossar\/#breadcrumb\",\"itemListElement\":[{\"@type\":\"ListItem\",\"position\":1,\"name\":\"Home\",\"item\":\"https:\/\/ebenezer-oe.org\/de\/\"},{\"@type\":\"ListItem\",\"position\":2,\"name\":\"Publikationen\",\"item\":\"https:\/\/ebenezer-oe.org\/de\/publikationen\/\"},{\"@type\":\"ListItem\",\"position\":3,\"name\":\"Glossar\"}]},{\"@type\":\"WebSite\",\"@id\":\"https:\/\/ebenezer-oe.org\/#website\",\"url\":\"https:\/\/ebenezer-oe.org\/\",\"name\":\"Ebenezer - Operation Exodus\",\"description\":\"\",\"publisher\":{\"@id\":\"https:\/\/ebenezer-oe.org\/#organization\"},\"potentialAction\":[{\"@type\":\"SearchAction\",\"target\":{\"@type\":\"EntryPoint\",\"urlTemplate\":\"https:\/\/ebenezer-oe.org\/?s={search_term_string}\"},\"query-input\":{\"@type\":\"PropertyValueSpecification\",\"valueRequired\":true,\"valueName\":\"search_term_string\"}}],\"inLanguage\":\"de-DE\"},{\"@type\":\"Organization\",\"@id\":\"https:\/\/ebenezer-oe.org\/#organization\",\"name\":\"Ebenezer - Operation Exodus\",\"url\":\"https:\/\/ebenezer-oe.org\/\",\"logo\":{\"@type\":\"ImageObject\",\"inLanguage\":\"de-DE\",\"@id\":\"https:\/\/ebenezer-oe.org\/#\/schema\/logo\/image\/\",\"url\":\"https:\/\/ebenezeroe.wpengine.com\/wp-content\/uploads\/2020\/09\/Logo_EOE_EN_Colour-Horizontal.png\",\"contentUrl\":\"https:\/\/ebenezeroe.wpengine.com\/wp-content\/uploads\/2020\/09\/Logo_EOE_EN_Colour-Horizontal.png\",\"width\":1922,\"height\":928,\"caption\":\"Ebenezer - Operation Exodus\"},\"image\":{\"@id\":\"https:\/\/ebenezer-oe.org\/#\/schema\/logo\/image\/\"},\"sameAs\":[\"https:\/\/www.facebook.com\/EbenezerInt\",\"https:\/\/www.instagram.com\/ebenezer_oe_eng\/\",\"https:\/\/www.youtube.com\/channel\/UC6qGHrKKeamFVz95Vd8LR1g\"]}]}<\/script>\n<!-- \/ Yoast SEO plugin. -->","yoast_head_json":{"title":"Glossar - Ebenezer Operation Exodus","robots":{"index":"index","follow":"follow","max-snippet":"max-snippet:-1","max-image-preview":"max-image-preview:large","max-video-preview":"max-video-preview:-1"},"canonical":"https:\/\/ebenezer-oe.org\/de\/publikationen\/glossar\/","og_locale":"de_DE","og_type":"article","og_title":"Glossar - Ebenezer Operation Exodus","og_description":"Glossar Aliyah \u05e2\u05dc\u05d9\u05d4 Aliyah nennt man die Einwanderung von Juden aus der Diaspora (\u201eZersteuung&#8220;) nach Israel. Das hebr\u00e4ische Wort bedeutet \u201eAufstieg&#8220; (aus den Psalmen: Hinaufgehen nach Jerusalem). &nbsp; &nbsp; Ebenezer Emergency Fund International (EEFI) Eine internationale christliche Organisation, die mit der Jewish Agency of Israel zusammenarbeitet, um Juden aus aller Welt bei der R\u00fcckkehr nach&hellip;","og_url":"https:\/\/ebenezer-oe.org\/de\/publikationen\/glossar\/","og_site_name":"Ebenezer Operation Exodus","article_publisher":"https:\/\/www.facebook.com\/EbenezerInt","article_modified_time":"2022-02-10T18:11:14+00:00","twitter_card":"summary_large_image","twitter_misc":{"Gesch\u00e4tzte Lesezeit":"2 Minuten"},"schema":{"@context":"https:\/\/schema.org","@graph":[{"@type":"WebPage","@id":"https:\/\/ebenezer-oe.org\/de\/publikationen\/glossar\/","url":"https:\/\/ebenezer-oe.org\/de\/publikationen\/glossar\/","name":"Glossar - Ebenezer Operation Exodus","isPartOf":{"@id":"https:\/\/ebenezer-oe.org\/#website"},"datePublished":"2022-02-10T18:09:30+00:00","dateModified":"2022-02-10T18:11:14+00:00","breadcrumb":{"@id":"https:\/\/ebenezer-oe.org\/de\/publikationen\/glossar\/#breadcrumb"},"inLanguage":"de-DE","potentialAction":[{"@type":"ReadAction","target":["https:\/\/ebenezer-oe.org\/de\/publikationen\/glossar\/"]}]},{"@type":"BreadcrumbList","@id":"https:\/\/ebenezer-oe.org\/de\/publikationen\/glossar\/#breadcrumb","itemListElement":[{"@type":"ListItem","position":1,"name":"Home","item":"https:\/\/ebenezer-oe.org\/de\/"},{"@type":"ListItem","position":2,"name":"Publikationen","item":"https:\/\/ebenezer-oe.org\/de\/publikationen\/"},{"@type":"ListItem","position":3,"name":"Glossar"}]},{"@type":"WebSite","@id":"https:\/\/ebenezer-oe.org\/#website","url":"https:\/\/ebenezer-oe.org\/","name":"Ebenezer - Operation Exodus","description":"","publisher":{"@id":"https:\/\/ebenezer-oe.org\/#organization"},"potentialAction":[{"@type":"SearchAction","target":{"@type":"EntryPoint","urlTemplate":"https:\/\/ebenezer-oe.org\/?s={search_term_string}"},"query-input":{"@type":"PropertyValueSpecification","valueRequired":true,"valueName":"search_term_string"}}],"inLanguage":"de-DE"},{"@type":"Organization","@id":"https:\/\/ebenezer-oe.org\/#organization","name":"Ebenezer - Operation Exodus","url":"https:\/\/ebenezer-oe.org\/","logo":{"@type":"ImageObject","inLanguage":"de-DE","@id":"https:\/\/ebenezer-oe.org\/#\/schema\/logo\/image\/","url":"https:\/\/ebenezeroe.wpengine.com\/wp-content\/uploads\/2020\/09\/Logo_EOE_EN_Colour-Horizontal.png","contentUrl":"https:\/\/ebenezeroe.wpengine.com\/wp-content\/uploads\/2020\/09\/Logo_EOE_EN_Colour-Horizontal.png","width":1922,"height":928,"caption":"Ebenezer - Operation Exodus"},"image":{"@id":"https:\/\/ebenezer-oe.org\/#\/schema\/logo\/image\/"},"sameAs":["https:\/\/www.facebook.com\/EbenezerInt","https:\/\/www.instagram.com\/ebenezer_oe_eng\/","https:\/\/www.youtube.com\/channel\/UC6qGHrKKeamFVz95Vd8LR1g"]}]}},"_links":{"self":[{"href":"https:\/\/ebenezer-oe.org\/de\/wp-json\/wp\/v2\/pages\/54020","targetHints":{"allow":["GET"]}}],"collection":[{"href":"https:\/\/ebenezer-oe.org\/de\/wp-json\/wp\/v2\/pages"}],"about":[{"href":"https:\/\/ebenezer-oe.org\/de\/wp-json\/wp\/v2\/types\/page"}],"author":[{"embeddable":true,"href":"https:\/\/ebenezer-oe.org\/de\/wp-json\/wp\/v2\/users\/1"}],"replies":[{"embeddable":true,"href":"https:\/\/ebenezer-oe.org\/de\/wp-json\/wp\/v2\/comments?post=54020"}],"version-history":[{"count":0,"href":"https:\/\/ebenezer-oe.org\/de\/wp-json\/wp\/v2\/pages\/54020\/revisions"}],"up":[{"embeddable":true,"href":"https:\/\/ebenezer-oe.org\/de\/wp-json\/wp\/v2\/pages\/53840"}],"wp:attachment":[{"href":"https:\/\/ebenezer-oe.org\/de\/wp-json\/wp\/v2\/media?parent=54020"}],"curies":[{"name":"wp","href":"https:\/\/api.w.org\/{rel}","templated":true}]}}