{"id":54022,"date":"2022-02-10T18:16:44","date_gmt":"2022-02-10T18:16:44","guid":{"rendered":"https:\/\/ebenezer-oe.org\/wer-wir-sind\/unsere-arbeit\/"},"modified":"2023-07-26T09:24:17","modified_gmt":"2023-07-26T09:24:17","slug":"unsere-arbeit","status":"publish","type":"page","link":"https:\/\/ebenezer-oe.org\/de\/wer-wir-sind\/unsere-arbeit\/","title":{"rendered":"Unsere Arbeit"},"content":{"rendered":"\n<h1>\n\t\tUnsere Arbeit\n\t<\/h1>\n<h2>\n\t\tUnser Herzensanliegen ist es, an der Seite Israels und des j\u00fcdischen Volkes zu stehen.\n\t<\/h2>\n\t<p>Nebst Gebet sehen wir unseren Hauptauftrag darin, j\u00fcdische Familien auf ihrem Weg nach Israel zu begleiten.<\/p>\n<p>Wir helfen auch mit humanit\u00e4ren G\u00fctern oder wo n\u00f6tig mit finanzieller Unterst\u00fctzung im Aliyah Prozess. In Israel stehen wir Olim zur Seite, welche Schwierigkeiten erleben, sich im Land zu integrieren.<\/p>\n\t\t\t\t<img decoding=\"async\" data-src=\"https:\/\/ebenezeroe.wpengine.com\/wp-content\/uploads\/2021\/05\/Untitled-design-34.png\" alt=\"Untitled design-34\" itemprop=\"image\" title=\"Untitled design-34\" onerror=\"this.style.display='none'\" src=\"data:image\/svg+xml;base64,PHN2ZyB3aWR0aD0iMSIgaGVpZ2h0PSIxIiB4bWxucz0iaHR0cDovL3d3dy53My5vcmcvMjAwMC9zdmciPjwvc3ZnPg==\" class=\"lazyload\" \/>\n\t<p>In den verschiedenen L\u00e4ndern sind wir in Kontakt mit den j\u00fcdischen Gemeinschaften und erkl\u00e4ren ihnen unsere vielf\u00e4ltige Unterst\u00fctzung f\u00fcr ihre Heimkehr in das verheissene Land Israel. <\/p>\n<p>Jede Aliyah-Geschichte ist einzigartig und bringt zum Teil gro\u00dfe Herausforderungen mit sich. Genau daf\u00fcr stehen wir im Gebet ein und erfahren immer wieder,<\/p>\n<h2>\n\t\t&#8222;Wir sehen die Erf\u00fcllung der biblischen Prophezeiung!&#8220;\n\t<\/h2>\n<h2>\n\t\tWenn der Tag der Abreise gekommen ist, bieten wir Fahrdienste zum Flughafen an.\n\t<\/h2>\n\t<p>Ein wichtiger Teil ist auch die Unterst\u00fctzung durch Gebet f\u00fcr die vielen Aspekte im Prozess der Aliyah und besonders dort, wo konkrete Probleme auftreten. Wir arbeiten eng mit der Jewish Agency zusammen, der israelischen Beh\u00f6rde zur F\u00f6rderung der Aliyah. Unser gemeinsames Ziel ist es, die Einwanderung nach Israel zu f\u00f6rdern.<\/p>\n\t<p>In jedem Land, in welchem Ebenezer Operation Exodus vertreten ist, sind wir nicht nur in Kontakt mit den j\u00fcdischen Gemeinschaften. Wir arbeiten auch mit christlichen Gemeinden zusammen, um ihnen von Gottes Wort her unsere Verantwortlichkeit zu Freundschaft und praktischer Unterst\u00fctzung f\u00fcr das j\u00fcdische Volk aufzuzeigen. <\/p>\n<p>Wir werden an die Ermahnung Jesajas erinnert: <i>\u201e,Tr\u00f6stet, tr\u00f6stet mein Volk'&#8220;, sagt euer Gott. &#8218;Redet freundlich zu Jerusalem'&#8220;&#8230;&#8220; (Kapitel 40).<\/i><\/p>\n<h2>\n\t\tHilfe f\u00fcr Holocaust-\u00dcberlebende\n\t<\/h2>\n\t<p>Viele der j\u00fcdischen Gemeinden in Europa und der ehemaligen Sowjetunion haben unter dem Holocaust gelitten und einige ihrer \u00e4lteren Einwohner leben mit \u00e4u\u00dferst schmerzhaften Erinnerungen an den Verlust von Eltern und Geschwistern, als die Nazis ihr Land \u00fcberrannten. Manchmal sind diese Erinnerungen f\u00fcr die Menschen zu schmerzhaft, um dar\u00fcber zu sprechen und es bedarf einfach, tr\u00f6stend den Arm um ihre Schultern zu legen oder ihnen dringend ben\u00f6tigte Lebensmittel, Kleidung oder Medikamente zu bringen. Mit ihnen \u00fcber die M\u00f6glichkeit zu sprechen, nach Israel zu gehen, kann neue Perspektiven und Hoffnung wecken. Verwandte, die ebenfalls gehen m\u00f6chten, k\u00f6nnen sie darin ermutigen. Wir stehen ihnen bei einer m\u00f6glichen Aliyah vollumf\u00e4nglich zur Seite.<\/p>\n<h2>\n\t\tB\u00fcro in Jerusalem\n\t<\/h2>\n\t<p>In Israel angekommen, bieten wir weiterhin Unterst\u00fctzung an, wo sie ben\u00f6tigt wird. Wir haben unser B\u00fcro in Jerusalem im Jahr 2006 genau zu diesem Zweck er\u00f6ffnet. Aliyah zu machen bedeutet eine Zeit tiefgreifenden Umbruchs im Leben der Olim. Besonders wenn sie sich in ihrer neuen Heimat, in der vieles unbekannt ist, Herausforderungen gegen\u00fcber sehen, wie z.B. eine Unterkunft und einen Job zu finden, bietet das Team von freundlichen, kompetenten und mehrsprachigen Mitarbeitern praktische Hilfestellung. Bei Bedarf k\u00f6nnen wir auch Unterst\u00fctzung in Form von Lebensmittelpaketen, Schulausr\u00fcstung oder Schuhen f\u00fcr Kinder sowie Finanzierungen f\u00fcr die ersten Zahlungen von Nebenkosten leisten.<\/p>\n<h2>\n\t\tDas Haifa Haus\n\t<\/h2>\n\t<p>Im Jahr 2019 er\u00f6ffneten wir unser Haus in Haifa. Es bietet Olim eine erste Adresse, um ankommen zu k\u00f6nnen. Hier haben mehrere Familien und Einzelpersonen Zeit und Raum, kosteng\u00fcnstig ein Zimmer anzumieten. Das Haus liegt verkehrsg\u00fcnstig und verf\u00fcgt \u00fcber Privat- und Gemeinschaftsr\u00e4ume auf drei Etagen.<\/p>\n\t\t\t<a href=\"https:\/\/ebenezer-oe.org\/de\/aliyah-machen\/\" target=\"_self\" rel=\"noopener\">\n\t\t\t\t\t\t\tMehr erfahren\n\t\t\t\t\t<\/a>\n<h2>\n\t\tM\u00f6chten Sie Teil von Ebenezer werden?\n\t<\/h2>\n\t<p>So k\u00f6nnen Sie sich einbringen:<\/p>\n\t\t\t\t\t\t\t\t<a href=\"https:\/\/ebenezeroe.wpengine.com\/de\/partner-werden\/gebet\/\" target=\"_self\" rel=\"noopener\">\n\t\t\t\t\t\t<\/a>\n\t<h3><a href=\"https:\/\/ebenezeroe.wpengine.com\/de\/partner-werden\/gebet\/\" target=\"_self\" rel=\"noopener\">Beten<\/a><\/h3>\t\t\n\t\t\tGebet ist die Basis unserer Arbeit. Wir haben regelm\u00e4\u00dfige Online- Gebetstreffen und unterst\u00fctzen lokale Israel- Gebetsgruppen. Zudem versenden wir monatlich einen Gebetsbrief, den Sie gerne f\u00fcr Ihre privaten Gebetszeiten bzw. in ihrer lokalen Gebetsgruppe mit hineinbringen k\u00f6nnen.<br \/>\n\n\t\t\t<a href=\"https:\/\/ebenezer-oe.org\/de\/partner-werden\/gebet\/\" target=\"_self\" rel=\"noopener\">\n\t\t\t\t\t\t\tMehr erfahren\n\t\t\t\t\t<\/a>\n\t\t<h3>Spenden<\/h3>\t\t\n\t\t\t<p>Wir sind ein gemeinn\u00fctziger Dienst, der sich rein \u00fcber Spenden finanziert. Durch Gottes Gnade durften wir bisher vielen Einzelpersonen und Familien bei ihrer Aliyah helfen, sowie verschiedene Projekte durchf\u00fchren und Dienste aufbauen. Wenn Sie es auf dem Herzen haben, den Dienst von Ebenezer finanziell zu unterst\u00fctzen, finden Sie hier weitere Angaben.<\/p>\n\t\t\t<a href=\"https:\/\/ebenezer-oe.org\/de\/spenden\/\" target=\"_self\" rel=\"noopener\">\n\t\t\t\t\t\t\tHeute spenden \n\t\t\t\t\t<\/a>\n\t\t\t\t\t\t\t\t<a href=\"https:\/\/ebenezeroe.wpengine.com\/partner-with-us\/serve-with-ebenezer\/\" target=\"_self\" rel=\"noopener\">\n\t\t\t\t\t\t<\/a>\n\t\t<h3><a href=\"https:\/\/ebenezeroe.wpengine.com\/partner-with-us\/serve-with-ebenezer\/\" target=\"_self\" rel=\"noopener\">Mithelfen<\/a><\/h3>\t\t\n\t\t\t<p>Sie haben die M\u00f6glichkeit, als Volont\u00e4rln unseren Teams in Ihrem Land, in Israel oder in anderen Regionen der Welt zusammenzuarbeiten.<\/p>\n\t\t\t<a href=\"https:\/\/ebenezer-oe.org\/de\/partner-werden\/praktische-hilfe\/\" target=\"_self\" rel=\"noopener\">\n\t\t\t\t\t\t\tMehr erfahren\n\t\t\t\t\t<\/a>\n\n","protected":false},"excerpt":{"rendered":"<p>Unsere Arbeit Unser Herzensanliegen ist es, an der Seite Israels und des j\u00fcdischen Volkes zu stehen. Nebst Gebet sehen wir unseren Hauptauftrag darin, j\u00fcdische Familien auf ihrem Weg nach Israel zu begleiten. Wir helfen auch mit humanit\u00e4ren G\u00fctern oder wo n\u00f6tig mit finanzieller Unterst\u00fctzung im Aliyah Prozess. In Israel stehen wir Olim zur Seite, welche&hellip;<\/p>\n","protected":false},"author":1,"featured_media":0,"parent":54008,"menu_order":4,"comment_status":"closed","ping_status":"closed","template":"","meta":{"footnotes":""},"class_list":["post-54022","page","type-page","status-publish","hentry"],"yoast_head":"<!-- This site is optimized with the Yoast SEO plugin v27.2 - https:\/\/yoast.com\/product\/yoast-seo-wordpress\/ -->\n<title>Unsere Arbeit - Ebenezer Operation Exodus<\/title>\n<meta name=\"robots\" content=\"index, follow, max-snippet:-1, max-image-preview:large, max-video-preview:-1\" \/>\n<link rel=\"canonical\" href=\"https:\/\/ebenezer-oe.org\/de\/wer-wir-sind\/unsere-arbeit\/\" \/>\n<meta property=\"og:locale\" content=\"de_DE\" \/>\n<meta property=\"og:type\" content=\"article\" \/>\n<meta property=\"og:title\" content=\"Unsere Arbeit - Ebenezer Operation Exodus\" \/>\n<meta property=\"og:description\" content=\"Unsere Arbeit Unser Herzensanliegen ist es, an der Seite Israels und des j\u00fcdischen Volkes zu stehen. Nebst Gebet sehen wir unseren Hauptauftrag darin, j\u00fcdische Familien auf ihrem Weg nach Israel zu begleiten. Wir helfen auch mit humanit\u00e4ren G\u00fctern oder wo n\u00f6tig mit finanzieller Unterst\u00fctzung im Aliyah Prozess. In Israel stehen wir Olim zur Seite, welche&hellip;\" \/>\n<meta property=\"og:url\" content=\"https:\/\/ebenezer-oe.org\/de\/wer-wir-sind\/unsere-arbeit\/\" \/>\n<meta property=\"og:site_name\" content=\"Ebenezer Operation Exodus\" \/>\n<meta property=\"article:publisher\" content=\"https:\/\/www.facebook.com\/EbenezerInt\" \/>\n<meta property=\"article:modified_time\" content=\"2023-07-26T09:24:17+00:00\" \/>\n<meta property=\"og:image\" content=\"https:\/\/ebenezeroe.wpengine.com\/wp-content\/uploads\/2021\/05\/Untitled-design-34.png\" \/>\n<meta name=\"twitter:card\" content=\"summary_large_image\" \/>\n<meta name=\"twitter:label1\" content=\"Gesch\u00e4tzte Lesezeit\" \/>\n\t<meta name=\"twitter:data1\" content=\"4 Minuten\" \/>\n<script type=\"application\/ld+json\" class=\"yoast-schema-graph\">{\"@context\":\"https:\/\/schema.org\",\"@graph\":[{\"@type\":\"WebPage\",\"@id\":\"https:\/\/ebenezer-oe.org\/de\/wer-wir-sind\/unsere-arbeit\/\",\"url\":\"https:\/\/ebenezer-oe.org\/de\/wer-wir-sind\/unsere-arbeit\/\",\"name\":\"Unsere Arbeit - Ebenezer Operation Exodus\",\"isPartOf\":{\"@id\":\"https:\/\/ebenezer-oe.org\/#website\"},\"primaryImageOfPage\":{\"@id\":\"https:\/\/ebenezer-oe.org\/de\/wer-wir-sind\/unsere-arbeit\/#primaryimage\"},\"image\":{\"@id\":\"https:\/\/ebenezer-oe.org\/de\/wer-wir-sind\/unsere-arbeit\/#primaryimage\"},\"thumbnailUrl\":\"https:\/\/ebenezeroe.wpengine.com\/wp-content\/uploads\/2021\/05\/Untitled-design-34.png\",\"datePublished\":\"2022-02-10T18:16:44+00:00\",\"dateModified\":\"2023-07-26T09:24:17+00:00\",\"breadcrumb\":{\"@id\":\"https:\/\/ebenezer-oe.org\/de\/wer-wir-sind\/unsere-arbeit\/#breadcrumb\"},\"inLanguage\":\"de-DE\",\"potentialAction\":[{\"@type\":\"ReadAction\",\"target\":[\"https:\/\/ebenezer-oe.org\/de\/wer-wir-sind\/unsere-arbeit\/\"]}]},{\"@type\":\"ImageObject\",\"inLanguage\":\"de-DE\",\"@id\":\"https:\/\/ebenezer-oe.org\/de\/wer-wir-sind\/unsere-arbeit\/#primaryimage\",\"url\":\"https:\/\/ebenezeroe.wpengine.com\/wp-content\/uploads\/2021\/05\/Untitled-design-34.png\",\"contentUrl\":\"https:\/\/ebenezeroe.wpengine.com\/wp-content\/uploads\/2021\/05\/Untitled-design-34.png\"},{\"@type\":\"BreadcrumbList\",\"@id\":\"https:\/\/ebenezer-oe.org\/de\/wer-wir-sind\/unsere-arbeit\/#breadcrumb\",\"itemListElement\":[{\"@type\":\"ListItem\",\"position\":1,\"name\":\"Home\",\"item\":\"https:\/\/ebenezer-oe.org\/de\/\"},{\"@type\":\"ListItem\",\"position\":2,\"name\":\"Wer wir sind\",\"item\":\"https:\/\/ebenezer-oe.org\/de\/wer-wir-sind\/\"},{\"@type\":\"ListItem\",\"position\":3,\"name\":\"Unsere Arbeit\"}]},{\"@type\":\"WebSite\",\"@id\":\"https:\/\/ebenezer-oe.org\/#website\",\"url\":\"https:\/\/ebenezer-oe.org\/\",\"name\":\"Ebenezer - Operation Exodus\",\"description\":\"\",\"publisher\":{\"@id\":\"https:\/\/ebenezer-oe.org\/#organization\"},\"potentialAction\":[{\"@type\":\"SearchAction\",\"target\":{\"@type\":\"EntryPoint\",\"urlTemplate\":\"https:\/\/ebenezer-oe.org\/?s={search_term_string}\"},\"query-input\":{\"@type\":\"PropertyValueSpecification\",\"valueRequired\":true,\"valueName\":\"search_term_string\"}}],\"inLanguage\":\"de-DE\"},{\"@type\":\"Organization\",\"@id\":\"https:\/\/ebenezer-oe.org\/#organization\",\"name\":\"Ebenezer - Operation Exodus\",\"url\":\"https:\/\/ebenezer-oe.org\/\",\"logo\":{\"@type\":\"ImageObject\",\"inLanguage\":\"de-DE\",\"@id\":\"https:\/\/ebenezer-oe.org\/#\/schema\/logo\/image\/\",\"url\":\"https:\/\/ebenezeroe.wpengine.com\/wp-content\/uploads\/2020\/09\/Logo_EOE_EN_Colour-Horizontal.png\",\"contentUrl\":\"https:\/\/ebenezeroe.wpengine.com\/wp-content\/uploads\/2020\/09\/Logo_EOE_EN_Colour-Horizontal.png\",\"width\":1922,\"height\":928,\"caption\":\"Ebenezer - Operation Exodus\"},\"image\":{\"@id\":\"https:\/\/ebenezer-oe.org\/#\/schema\/logo\/image\/\"},\"sameAs\":[\"https:\/\/www.facebook.com\/EbenezerInt\",\"https:\/\/www.instagram.com\/ebenezer_oe_eng\/\",\"https:\/\/www.youtube.com\/channel\/UC6qGHrKKeamFVz95Vd8LR1g\"]}]}<\/script>\n<!-- \/ Yoast SEO plugin. -->","yoast_head_json":{"title":"Unsere Arbeit - Ebenezer Operation Exodus","robots":{"index":"index","follow":"follow","max-snippet":"max-snippet:-1","max-image-preview":"max-image-preview:large","max-video-preview":"max-video-preview:-1"},"canonical":"https:\/\/ebenezer-oe.org\/de\/wer-wir-sind\/unsere-arbeit\/","og_locale":"de_DE","og_type":"article","og_title":"Unsere Arbeit - Ebenezer Operation Exodus","og_description":"Unsere Arbeit Unser Herzensanliegen ist es, an der Seite Israels und des j\u00fcdischen Volkes zu stehen. Nebst Gebet sehen wir unseren Hauptauftrag darin, j\u00fcdische Familien auf ihrem Weg nach Israel zu begleiten. Wir helfen auch mit humanit\u00e4ren G\u00fctern oder wo n\u00f6tig mit finanzieller Unterst\u00fctzung im Aliyah Prozess. In Israel stehen wir Olim zur Seite, welche&hellip;","og_url":"https:\/\/ebenezer-oe.org\/de\/wer-wir-sind\/unsere-arbeit\/","og_site_name":"Ebenezer Operation Exodus","article_publisher":"https:\/\/www.facebook.com\/EbenezerInt","article_modified_time":"2023-07-26T09:24:17+00:00","og_image":[{"url":"https:\/\/ebenezeroe.wpengine.com\/wp-content\/uploads\/2021\/05\/Untitled-design-34.png","type":"","width":"","height":""}],"twitter_card":"summary_large_image","twitter_misc":{"Gesch\u00e4tzte Lesezeit":"4 Minuten"},"schema":{"@context":"https:\/\/schema.org","@graph":[{"@type":"WebPage","@id":"https:\/\/ebenezer-oe.org\/de\/wer-wir-sind\/unsere-arbeit\/","url":"https:\/\/ebenezer-oe.org\/de\/wer-wir-sind\/unsere-arbeit\/","name":"Unsere Arbeit - Ebenezer Operation Exodus","isPartOf":{"@id":"https:\/\/ebenezer-oe.org\/#website"},"primaryImageOfPage":{"@id":"https:\/\/ebenezer-oe.org\/de\/wer-wir-sind\/unsere-arbeit\/#primaryimage"},"image":{"@id":"https:\/\/ebenezer-oe.org\/de\/wer-wir-sind\/unsere-arbeit\/#primaryimage"},"thumbnailUrl":"https:\/\/ebenezeroe.wpengine.com\/wp-content\/uploads\/2021\/05\/Untitled-design-34.png","datePublished":"2022-02-10T18:16:44+00:00","dateModified":"2023-07-26T09:24:17+00:00","breadcrumb":{"@id":"https:\/\/ebenezer-oe.org\/de\/wer-wir-sind\/unsere-arbeit\/#breadcrumb"},"inLanguage":"de-DE","potentialAction":[{"@type":"ReadAction","target":["https:\/\/ebenezer-oe.org\/de\/wer-wir-sind\/unsere-arbeit\/"]}]},{"@type":"ImageObject","inLanguage":"de-DE","@id":"https:\/\/ebenezer-oe.org\/de\/wer-wir-sind\/unsere-arbeit\/#primaryimage","url":"https:\/\/ebenezeroe.wpengine.com\/wp-content\/uploads\/2021\/05\/Untitled-design-34.png","contentUrl":"https:\/\/ebenezeroe.wpengine.com\/wp-content\/uploads\/2021\/05\/Untitled-design-34.png"},{"@type":"BreadcrumbList","@id":"https:\/\/ebenezer-oe.org\/de\/wer-wir-sind\/unsere-arbeit\/#breadcrumb","itemListElement":[{"@type":"ListItem","position":1,"name":"Home","item":"https:\/\/ebenezer-oe.org\/de\/"},{"@type":"ListItem","position":2,"name":"Wer wir sind","item":"https:\/\/ebenezer-oe.org\/de\/wer-wir-sind\/"},{"@type":"ListItem","position":3,"name":"Unsere Arbeit"}]},{"@type":"WebSite","@id":"https:\/\/ebenezer-oe.org\/#website","url":"https:\/\/ebenezer-oe.org\/","name":"Ebenezer - Operation Exodus","description":"","publisher":{"@id":"https:\/\/ebenezer-oe.org\/#organization"},"potentialAction":[{"@type":"SearchAction","target":{"@type":"EntryPoint","urlTemplate":"https:\/\/ebenezer-oe.org\/?s={search_term_string}"},"query-input":{"@type":"PropertyValueSpecification","valueRequired":true,"valueName":"search_term_string"}}],"inLanguage":"de-DE"},{"@type":"Organization","@id":"https:\/\/ebenezer-oe.org\/#organization","name":"Ebenezer - Operation Exodus","url":"https:\/\/ebenezer-oe.org\/","logo":{"@type":"ImageObject","inLanguage":"de-DE","@id":"https:\/\/ebenezer-oe.org\/#\/schema\/logo\/image\/","url":"https:\/\/ebenezeroe.wpengine.com\/wp-content\/uploads\/2020\/09\/Logo_EOE_EN_Colour-Horizontal.png","contentUrl":"https:\/\/ebenezeroe.wpengine.com\/wp-content\/uploads\/2020\/09\/Logo_EOE_EN_Colour-Horizontal.png","width":1922,"height":928,"caption":"Ebenezer - Operation Exodus"},"image":{"@id":"https:\/\/ebenezer-oe.org\/#\/schema\/logo\/image\/"},"sameAs":["https:\/\/www.facebook.com\/EbenezerInt","https:\/\/www.instagram.com\/ebenezer_oe_eng\/","https:\/\/www.youtube.com\/channel\/UC6qGHrKKeamFVz95Vd8LR1g"]}]}},"_links":{"self":[{"href":"https:\/\/ebenezer-oe.org\/de\/wp-json\/wp\/v2\/pages\/54022","targetHints":{"allow":["GET"]}}],"collection":[{"href":"https:\/\/ebenezer-oe.org\/de\/wp-json\/wp\/v2\/pages"}],"about":[{"href":"https:\/\/ebenezer-oe.org\/de\/wp-json\/wp\/v2\/types\/page"}],"author":[{"embeddable":true,"href":"https:\/\/ebenezer-oe.org\/de\/wp-json\/wp\/v2\/users\/1"}],"replies":[{"embeddable":true,"href":"https:\/\/ebenezer-oe.org\/de\/wp-json\/wp\/v2\/comments?post=54022"}],"version-history":[{"count":0,"href":"https:\/\/ebenezer-oe.org\/de\/wp-json\/wp\/v2\/pages\/54022\/revisions"}],"up":[{"embeddable":true,"href":"https:\/\/ebenezer-oe.org\/de\/wp-json\/wp\/v2\/pages\/54008"}],"wp:attachment":[{"href":"https:\/\/ebenezer-oe.org\/de\/wp-json\/wp\/v2\/media?parent=54022"}],"curies":[{"name":"wp","href":"https:\/\/api.w.org\/{rel}","templated":true}]}}