{"id":54237,"date":"2022-02-14T14:12:58","date_gmt":"2022-02-14T14:12:58","guid":{"rendered":"https:\/\/ebenezer-oe.org\/homepage\/"},"modified":"2026-03-09T16:27:37","modified_gmt":"2026-03-09T16:27:37","slug":"homepage","status":"publish","type":"page","link":"https:\/\/ebenezer-oe.org\/de\/","title":{"rendered":"Homepage"},"content":{"rendered":"\n<h2>\n\t\t\tSein Volk Nach Hause Bringen\t<\/h2>\n<h4>\n\t\t\tEine christliche Organisation, die Juden aus aller Welt bei ihrer R\u00fcckkehr nach Israel unterst\u00fctzt.\t<\/h4>\n\t<h2><b>Europa Konferenz 2026<\/b><\/h2>\n\t<p>ALIYAH AWAKENING<\/p>\n\t<h2><strong>Der Heilige Geist, das Wort und die Wiederherstellung Zions<\/strong> <\/h2>\n\t\t\t<a href=\"https:\/\/ebenezer-oe.org\/de\/pfingsten-2026\/\"  target=\"_self\">\n\t\t\t\t\t\t\tErfahren Sie mehr\n\t\t\t\t\t<\/a>\n<h2>\n\t\t\tAliyah\t<\/h2>\n\t<p>Unsere Arbeit dreht sich um ein Wort &#8211; das hebr\u00e4ische Wort &#8222;Aliyah&#8220;. W\u00f6rtlich bedeutet es &#8218;hinaufgehen&#8216;. Damals zogen j\u00fcdische Familien zu den biblischen Festen die H\u00fcgel Jerusalems hinauf, um im Tempel ihre Opfer zu bringen.<\/p>\n<p>Heute beschreibt der Begriff &#8222;Aliyah&#8220; die R\u00fcckkehr des j\u00fcdischen Volkes in das Land Israel.<\/p>\n\t\t\t<a href=\"https:\/\/ebenezer-oe.org\/de\/wer-wir-sind\/warum-aliyah\/\"  target=\"_self\">\n\t\t\t\t\t\t\tWarum ist Aliyah so wichtig?\n\t\t\t\t\t<\/a>\n<h2>\n\t\t\tWir stehen mit Israel\t<\/h2>\n\t<p>In Zeiten des Krieges<\/p>\n\t<p>Jetzt ist es an der Zeit, zu Israel zu stehen. Jetzt ist es an der Zeit, Israel und das j\u00fcdische Volk zu unterst\u00fctzen. Jetzt ist es an der Zeit, das Volk Israel zu tr\u00f6sten und zu st\u00e4rken. Und jetzt ist es an der Zeit, f\u00fcr Israel zu beten.<\/p>\n\t\t\t<a href=\"https:\/\/ebenezer-oe.org\/de\/israel-im-krieg\/\"  target=\"_self\">\n\t\t\t\t\t\t\tMehr erfahren\n\t\t\t\t\t<\/a>\n<h2>\n\t\t\tWas Wir Tun \t<\/h2>\n\t<h3>Aliyah<\/h3><p>Erkennen und praktisch darauf reagieren, dass Gottes Sein Volk in Sein Land zur\u00fcckbringen m\u00f6chte. <\/p>\n\t<h3>Gebet<\/h3><p>Wir unterst\u00fctzen diejenigen, die f\u00fcr die Aliyah beten wollen, mit aktuellen Gebetsanliegen und bringen sie mit anderen Betern in Kontakt.<\/p>\n\t<h3>Lehre<\/h3><p>Verk\u00fcndigung der Absichten Gottes mit dem j\u00fcdischen Volk. <\/p>\n\t\t\t<h3> 5.Mose 30,4:<\/h3> <p><i>&#8218;Und wenn du auch bis an das Ende des Himmels versto\u00dfen w\u00e4rst, so wird dich doch der HERR, dein Gott, von dort sammeln und dich von dort holen.&#8216;<\/i><\/p>\t\t\n\t\t\t<h3> Jesaja 49,22<\/h3> <p><i>So spricht GOTT, der Herr: `Siehe, ich will meine Hand zu den Heiden hin erheben und f\u00fcr die V\u00f6lker mein Banner aufrichten; und sie werden dir deine S\u00f6hne im Gewandbausch herbringen, und deine T\u00f6chter werden auf der Schulter herbeigetragen werden.`<\/i><\/p>\t\t\n\t\t\t<h3> Jesaja 62,1<\/h3> <p><i>&#8218;Um Zions willen schweige ich nicht, und um Jerusalems willen lasse ich nicht ab, bis seine Gerechtigkeit hervorbricht wie Lichtglanz und sein Heil wie eine brennende Fackel.&#8216;<\/i><\/p>\t\t\n\t\t\t<h3> Jesaja 62,6-7<\/h3> <p>&#8218;<i>O Jerusalem, ich habe W\u00e4chter auf deine Mauern gestellt, die den ganzen Tag und die ganze Nacht nicht einen Augenblick schweigen sollen. Die ihr den HERRN erinnern sollt, g\u00f6nnt euch keine Ruhe! Und lasst ihm keine Ruhe, bis er Jerusalem [wieder] aufrichtet, und bis er es zum Ruhm auf Erden setzt!&#8220;<\/i><\/p>\t\t\n\t\t\t<h3> R\u00f6mer 11,29<\/h3> <p><i>&#8218;Denn Gottes Gnadengaben und Berufung k\u00f6nnen ihn nicht reuen.&#8216;<\/i><\/p>\t\t\n\t\t\t<h3> Amos 9,14-15<\/h3> <p><em>&#8222;Und ich will das Geschick meines Volkes Israel wenden, und sie werden die verw\u00fcsteten St\u00e4dte wieder aufbauen und bewohnen, Weinberge pflanzen und deren Wein trinken, G\u00e4rten anlegen und deren Fr\u00fcchte genie\u00dfen. 15 Und ich werde sie einpflanzen in ihr Land; und sie sollen aus ihrem Land, das ich ihnen gegeben habe, nicht mehr herausgerissen werden!, spricht der HERR, dein Gott.<\/em><\/p>\t\t\n\t<h2>\n\t\t\tWir sind auch in Ihrem Land aktiv.\t<\/h2>\n\t\t\t<a href=\"https:\/\/ebenezer-oe.org\/de\/in-ihrer-region\/\"  target=\"_self\">\n\t\t\t\t\t\t\tErfahren Sie mehr\n\t\t\t\t\t<\/a>\n\t<p>Wir stehen dem j\u00fcdischen Volk seit mehr als drei Jahrzehnten zur Seite.<\/p>\n<h2>\n\t\t\tEin weltweites Netzwerk\t<\/h2>\n\t<p>Ebenezer Operation Exodus wurde w\u00e4hrend des ersten Golfkriegs gegr\u00fcndet, w\u00e4hrend der Gr\u00fcnder Gustav Scheller 1991 an der Internationalen Gebetskonferenz in Jerusalem teilnahm. Er glaubte fest an die Absicht Gottes, dass das j\u00fcdische Volk in sein Heimatland zur\u00fcckkehren sollte und sich so die biblischen Prophezeiungen erf\u00fcllen w\u00fcrden. Als sich gerade die Delegierten der Gebetskonferenz aufgrund von Bombenangriffen in einem Luftschutzbunker befanden und beteten, sp\u00fcrte Gustav, wie Gott ihn dr\u00e4ngte, etwas Praktisches zu tun, um die Heimkehr des Volkes zu unterst\u00fctzen.<\/p>\n<figure itemscope itemtype=\"https:\/\/schema.org\/ImageObject\">\n\t\t\t\t<img decoding=\"async\" data-src=\"https:\/\/ebenezeroe.wpengine.com\/wp-content\/uploads\/2021\/04\/Untitled-design-24-1024x527.png\" alt=\"Untitled design-24\" title=\"Untitled design-24\" onerror=\"this.style.display='none'\" src=\"data:image\/svg+xml;base64,PHN2ZyB3aWR0aD0iMSIgaGVpZ2h0PSIxIiB4bWxucz0iaHR0cDovL3d3dy53My5vcmcvMjAwMC9zdmciPjwvc3ZnPg==\" class=\"lazyload\" style=\"--smush-placeholder-width: 1024px; --smush-placeholder-aspect-ratio: 1024\/527;\" \/>\n\t<\/figure>\n\t<p>Der Herr nutzte Gustavs F\u00e4higkeiten als Gesch\u00e4ftsmann und die gro\u00dfz\u00fcgigen Gaben derer, die seine Vision teilten, um drei Fl\u00fcge der Jewish Agency von Budapest nach Tel Aviv zu finanzieren, die 720 Olim nach Israel brachten. Es war ein bedeutendes Ereignis. Im folgenden Jahr charterten Gustav und sein Team ein Schiff f\u00fcr drei Fahrten von Odessa in der Ukraine nach Haifa. Es war das erste Mal, dass eine direkte Schiffsverbindung zwischen der Ukraine und Israel eingerichtet wurde, und es folgten viele weitere Fahrten \u00fcber mehrere Jahre.<\/p>\n\t<p>Im Jahr 1995 wurden Fl\u00fcge von Kasachstan aus durchgef\u00fchrt, und 1999 z\u00e4hlte Ebenezer 100 \u00dcberfahrten, die Olim aus der ehemaligen Sowjetunion nach Israel brachten. Bis 2006 kehrten 100.000 Olim zur\u00fcck. Um den Neueinwanderern beim Ankommen in ihrer neuen Heimat zu helfen, wurde in Jerusalem ein neues B\u00fcro er\u00f6ffnet.<\/p>\n<p>Im Jahr 2007 wurden regionale Beratungsgremien in S\u00fcdamerika, S\u00fcdostasien und Ozeanien sowie ein kirchliches Beratungsgremium in der ehemaligen Sowjetunion eingerichtet, um den Gemeinden zu einem Verst\u00e4ndnis der prophetischen Schriften zu verhelfen und das j\u00fcdische Volk zu unterst\u00fctzen.<\/p>\n<p>Bis Ende 2010 hatten wir \u00fcber 130.000 Olim unterst\u00fctzt. 2016 feierte Ebenezer sein 25-j\u00e4hriges Bestehen und er\u00f6ffnete B\u00fcros in Buenos Aires, New York und Paris.  <\/p>\n<p>Bereits bis 2019 hatten wir \u00fcber 185.000 j\u00fcdischen Familien bei der R\u00fcckkehr nach Israel geholfen. Durch viele unserer Projekte konnten wir bed\u00fcrftige j\u00fcdische Gemeinden in der ehemaligen Sowjetunion mit Lebensmitteln und anderer humanit\u00e4rer Hilfe versorgen.<\/p>\n<h3>\n\t\t\tEbenezer Operation Exodus begann 1991 mit nur drei Personen.\t<\/h3>\n\t<p>Inzwischen gibt es Vertreter in \u00fcber f\u00fcnfundf\u00fcnfzig L\u00e4ndern weltweit. Die Organisation leistet nicht nur praktische und finanzielle Hilfe f\u00fcr Olim, sondern bringt Kirchen und Gemeinden die biblischen Wahrheiten \u00fcber Gottes Absichten mit dem j\u00fcdischen Volk n\u00e4her.<\/p>\n<h2>\n\t\t\tUnterst\u00fctzen Sie die Arbeit von Ebenezer\t<\/h2>\n\t\t\t<a href=\"https:\/\/ebenezer-oe.org\/de\/spenden\/\"  target=\"_self\">\n\t\t\t\t\t\t\tSpenden\n\t\t\t\t\t<\/a>\n<h2>\n\t\t\tGebet Als Basis\t<\/h2>\n\t<p>Gebet und F\u00fcrbitte sind von entscheidender Bedeutung, sie sind das Herzst\u00fcck unseres Dienstes. Dr. Kingsley Priddy unterscheidet zwischen F\u00fcrbitte und Gebet und schrieb dazu Gustav Scheller, dem Mitbegr\u00fcnder von Ebenezer: <em>F\u00fcrbitte ist nicht einfach nur Gebet, auch nicht unbedingt sehr intensives Gebet. Jeder kann ernsthaft beten. Jedoch f\u00fchlt sich der F\u00fcrbitter verpflichtet, solange im Gebet f\u00fcr die Sache Gottes einzutreten, unwiderruflich und um jeden Preis, bis diese in Erf\u00fcllung kommt.&#8216;<\/em> Kingsley Priddy selbst war gepr\u00e4gt von Rees Howells. Dieser wurde von Gott m\u00e4chtig gebraucht, um durch F\u00fcrbitte eine der strategisch wichtigsten K\u00e4mpfe des Zweiten Weltkriegs entscheidend mitzupr\u00e4gen: der Schlacht um Gro\u00dfbritannien im Jahr 1940.<\/p>\n<p>Dr. Priddy wusste um die prophetischen Absichten Gottes f\u00fcr das j\u00fcdische Volk und versicherte Gustav Scheller: <em>&#8222;&#8218;Gott gebraucht&#8216;<\/em>Operation Exodus&#8216; auf einzigartige Weise. Er hat es sich als Werkzeug erw\u00e4hlt, um das j\u00fcdische Volk durch F\u00fcrbitte nach Israel zur\u00fcckzuf\u00fchren.&#8220;<\/p>\n\t\t\t<a href=\"https:\/\/ebenezer-oe.org\/de\/kontakt\/\"  target=\"_self\">\n\t\t\t\t\t\t\tWerden Sie Gebetspartner\n\t\t\t\t\t<\/a>\n<h2>\n\t\t\tM\u00f6chten Sie Aliyah machen?\t<\/h2>\n\t\t\t<a href=\"https:\/\/ebenezer-oe.org\/de\/aliyah-machen\/\"  target=\"_self\">\n\t\t\t\t\t\t\tMehr erfahren\n\t\t\t\t\t<\/a>\n\n","protected":false},"excerpt":{"rendered":"<p>Sein Volk Nach Hause Bringen Eine christliche Organisation, die Juden aus aller Welt bei ihrer R\u00fcckkehr nach Israel unterst\u00fctzt. Europa Konferenz 2026 ALIYAH AWAKENING Der Heilige Geist, das Wort und die Wiederherstellung Zions Erfahren Sie mehr Aliyah Unsere Arbeit dreht sich um ein Wort &#8211; das hebr\u00e4ische Wort &#8222;Aliyah&#8220;. W\u00f6rtlich bedeutet es &#8218;hinaufgehen&#8216;. Damals zogen&hellip;<\/p>\n","protected":false},"author":1,"featured_media":0,"parent":0,"menu_order":0,"comment_status":"closed","ping_status":"closed","template":"","meta":{"footnotes":""},"class_list":["post-54237","page","type-page","status-publish","hentry"],"yoast_head":"<!-- This site is optimized with the Yoast SEO plugin v27.2 - https:\/\/yoast.com\/product\/yoast-seo-wordpress\/ -->\n<title>Homepage - Ebenezer Operation Exodus<\/title>\n<meta name=\"robots\" content=\"index, follow, max-snippet:-1, max-image-preview:large, max-video-preview:-1\" \/>\n<link rel=\"canonical\" href=\"https:\/\/ebenezer-oe.org\/de\/\" \/>\n<meta property=\"og:locale\" content=\"de_DE\" \/>\n<meta property=\"og:type\" content=\"article\" \/>\n<meta property=\"og:title\" content=\"Homepage - Ebenezer Operation Exodus\" \/>\n<meta property=\"og:description\" content=\"Sein Volk Nach Hause Bringen Eine christliche Organisation, die Juden aus aller Welt bei ihrer R\u00fcckkehr nach Israel unterst\u00fctzt. Europa Konferenz 2026 ALIYAH AWAKENING Der Heilige Geist, das Wort und die Wiederherstellung Zions Erfahren Sie mehr Aliyah Unsere Arbeit dreht sich um ein Wort &#8211; das hebr\u00e4ische Wort &#8222;Aliyah&#8220;. W\u00f6rtlich bedeutet es &#8218;hinaufgehen&#8216;. Damals zogen&hellip;\" \/>\n<meta property=\"og:url\" content=\"https:\/\/ebenezer-oe.org\/de\/\" \/>\n<meta property=\"og:site_name\" content=\"Ebenezer Operation Exodus\" \/>\n<meta property=\"article:publisher\" content=\"https:\/\/www.facebook.com\/EbenezerInt\" \/>\n<meta property=\"article:modified_time\" content=\"2026-03-09T16:27:37+00:00\" \/>\n<meta property=\"og:image\" content=\"https:\/\/ebenezeroe.wpengine.com\/wp-content\/uploads\/2021\/04\/Untitled-design-24-1024x527.png\" \/>\n<meta name=\"twitter:card\" content=\"summary_large_image\" \/>\n<meta name=\"twitter:label1\" content=\"Gesch\u00e4tzte Lesezeit\" \/>\n\t<meta name=\"twitter:data1\" content=\"5 Minuten\" \/>\n<script type=\"application\/ld+json\" class=\"yoast-schema-graph\">{\"@context\":\"https:\/\/schema.org\",\"@graph\":[{\"@type\":\"WebPage\",\"@id\":\"https:\/\/ebenezer-oe.org\/de\/\",\"url\":\"https:\/\/ebenezer-oe.org\/de\/\",\"name\":\"Homepage - Ebenezer Operation Exodus\",\"isPartOf\":{\"@id\":\"https:\/\/ebenezer-oe.org\/#website\"},\"primaryImageOfPage\":{\"@id\":\"https:\/\/ebenezer-oe.org\/de\/#primaryimage\"},\"image\":{\"@id\":\"https:\/\/ebenezer-oe.org\/de\/#primaryimage\"},\"thumbnailUrl\":\"https:\/\/ebenezeroe.wpengine.com\/wp-content\/uploads\/2021\/04\/Untitled-design-24-1024x527.png\",\"datePublished\":\"2022-02-14T14:12:58+00:00\",\"dateModified\":\"2026-03-09T16:27:37+00:00\",\"breadcrumb\":{\"@id\":\"https:\/\/ebenezer-oe.org\/de\/#breadcrumb\"},\"inLanguage\":\"de-DE\",\"potentialAction\":[{\"@type\":\"ReadAction\",\"target\":[\"https:\/\/ebenezer-oe.org\/de\/\"]}]},{\"@type\":\"ImageObject\",\"inLanguage\":\"de-DE\",\"@id\":\"https:\/\/ebenezer-oe.org\/de\/#primaryimage\",\"url\":\"https:\/\/ebenezeroe.wpengine.com\/wp-content\/uploads\/2021\/04\/Untitled-design-24-1024x527.png\",\"contentUrl\":\"https:\/\/ebenezeroe.wpengine.com\/wp-content\/uploads\/2021\/04\/Untitled-design-24-1024x527.png\"},{\"@type\":\"BreadcrumbList\",\"@id\":\"https:\/\/ebenezer-oe.org\/de\/#breadcrumb\",\"itemListElement\":[{\"@type\":\"ListItem\",\"position\":1,\"name\":\"Home\",\"item\":\"https:\/\/ebenezer-oe.org\/de\/\"},{\"@type\":\"ListItem\",\"position\":2,\"name\":\"Homepage\"}]},{\"@type\":\"WebSite\",\"@id\":\"https:\/\/ebenezer-oe.org\/#website\",\"url\":\"https:\/\/ebenezer-oe.org\/\",\"name\":\"Ebenezer - Operation Exodus\",\"description\":\"\",\"publisher\":{\"@id\":\"https:\/\/ebenezer-oe.org\/#organization\"},\"potentialAction\":[{\"@type\":\"SearchAction\",\"target\":{\"@type\":\"EntryPoint\",\"urlTemplate\":\"https:\/\/ebenezer-oe.org\/?s={search_term_string}\"},\"query-input\":{\"@type\":\"PropertyValueSpecification\",\"valueRequired\":true,\"valueName\":\"search_term_string\"}}],\"inLanguage\":\"de-DE\"},{\"@type\":\"Organization\",\"@id\":\"https:\/\/ebenezer-oe.org\/#organization\",\"name\":\"Ebenezer - Operation Exodus\",\"url\":\"https:\/\/ebenezer-oe.org\/\",\"logo\":{\"@type\":\"ImageObject\",\"inLanguage\":\"de-DE\",\"@id\":\"https:\/\/ebenezer-oe.org\/#\/schema\/logo\/image\/\",\"url\":\"https:\/\/ebenezeroe.wpengine.com\/wp-content\/uploads\/2020\/09\/Logo_EOE_EN_Colour-Horizontal.png\",\"contentUrl\":\"https:\/\/ebenezeroe.wpengine.com\/wp-content\/uploads\/2020\/09\/Logo_EOE_EN_Colour-Horizontal.png\",\"width\":1922,\"height\":928,\"caption\":\"Ebenezer - Operation Exodus\"},\"image\":{\"@id\":\"https:\/\/ebenezer-oe.org\/#\/schema\/logo\/image\/\"},\"sameAs\":[\"https:\/\/www.facebook.com\/EbenezerInt\",\"https:\/\/www.instagram.com\/ebenezer_oe_eng\/\",\"https:\/\/www.youtube.com\/channel\/UC6qGHrKKeamFVz95Vd8LR1g\"]}]}<\/script>\n<!-- \/ Yoast SEO plugin. -->","yoast_head_json":{"title":"Homepage - Ebenezer Operation Exodus","robots":{"index":"index","follow":"follow","max-snippet":"max-snippet:-1","max-image-preview":"max-image-preview:large","max-video-preview":"max-video-preview:-1"},"canonical":"https:\/\/ebenezer-oe.org\/de\/","og_locale":"de_DE","og_type":"article","og_title":"Homepage - Ebenezer Operation Exodus","og_description":"Sein Volk Nach Hause Bringen Eine christliche Organisation, die Juden aus aller Welt bei ihrer R\u00fcckkehr nach Israel unterst\u00fctzt. Europa Konferenz 2026 ALIYAH AWAKENING Der Heilige Geist, das Wort und die Wiederherstellung Zions Erfahren Sie mehr Aliyah Unsere Arbeit dreht sich um ein Wort &#8211; das hebr\u00e4ische Wort &#8222;Aliyah&#8220;. W\u00f6rtlich bedeutet es &#8218;hinaufgehen&#8216;. Damals zogen&hellip;","og_url":"https:\/\/ebenezer-oe.org\/de\/","og_site_name":"Ebenezer Operation Exodus","article_publisher":"https:\/\/www.facebook.com\/EbenezerInt","article_modified_time":"2026-03-09T16:27:37+00:00","og_image":[{"url":"https:\/\/ebenezeroe.wpengine.com\/wp-content\/uploads\/2021\/04\/Untitled-design-24-1024x527.png","type":"","width":"","height":""}],"twitter_card":"summary_large_image","twitter_misc":{"Gesch\u00e4tzte Lesezeit":"5 Minuten"},"schema":{"@context":"https:\/\/schema.org","@graph":[{"@type":"WebPage","@id":"https:\/\/ebenezer-oe.org\/de\/","url":"https:\/\/ebenezer-oe.org\/de\/","name":"Homepage - Ebenezer Operation Exodus","isPartOf":{"@id":"https:\/\/ebenezer-oe.org\/#website"},"primaryImageOfPage":{"@id":"https:\/\/ebenezer-oe.org\/de\/#primaryimage"},"image":{"@id":"https:\/\/ebenezer-oe.org\/de\/#primaryimage"},"thumbnailUrl":"https:\/\/ebenezeroe.wpengine.com\/wp-content\/uploads\/2021\/04\/Untitled-design-24-1024x527.png","datePublished":"2022-02-14T14:12:58+00:00","dateModified":"2026-03-09T16:27:37+00:00","breadcrumb":{"@id":"https:\/\/ebenezer-oe.org\/de\/#breadcrumb"},"inLanguage":"de-DE","potentialAction":[{"@type":"ReadAction","target":["https:\/\/ebenezer-oe.org\/de\/"]}]},{"@type":"ImageObject","inLanguage":"de-DE","@id":"https:\/\/ebenezer-oe.org\/de\/#primaryimage","url":"https:\/\/ebenezeroe.wpengine.com\/wp-content\/uploads\/2021\/04\/Untitled-design-24-1024x527.png","contentUrl":"https:\/\/ebenezeroe.wpengine.com\/wp-content\/uploads\/2021\/04\/Untitled-design-24-1024x527.png"},{"@type":"BreadcrumbList","@id":"https:\/\/ebenezer-oe.org\/de\/#breadcrumb","itemListElement":[{"@type":"ListItem","position":1,"name":"Home","item":"https:\/\/ebenezer-oe.org\/de\/"},{"@type":"ListItem","position":2,"name":"Homepage"}]},{"@type":"WebSite","@id":"https:\/\/ebenezer-oe.org\/#website","url":"https:\/\/ebenezer-oe.org\/","name":"Ebenezer - Operation Exodus","description":"","publisher":{"@id":"https:\/\/ebenezer-oe.org\/#organization"},"potentialAction":[{"@type":"SearchAction","target":{"@type":"EntryPoint","urlTemplate":"https:\/\/ebenezer-oe.org\/?s={search_term_string}"},"query-input":{"@type":"PropertyValueSpecification","valueRequired":true,"valueName":"search_term_string"}}],"inLanguage":"de-DE"},{"@type":"Organization","@id":"https:\/\/ebenezer-oe.org\/#organization","name":"Ebenezer - Operation Exodus","url":"https:\/\/ebenezer-oe.org\/","logo":{"@type":"ImageObject","inLanguage":"de-DE","@id":"https:\/\/ebenezer-oe.org\/#\/schema\/logo\/image\/","url":"https:\/\/ebenezeroe.wpengine.com\/wp-content\/uploads\/2020\/09\/Logo_EOE_EN_Colour-Horizontal.png","contentUrl":"https:\/\/ebenezeroe.wpengine.com\/wp-content\/uploads\/2020\/09\/Logo_EOE_EN_Colour-Horizontal.png","width":1922,"height":928,"caption":"Ebenezer - Operation Exodus"},"image":{"@id":"https:\/\/ebenezer-oe.org\/#\/schema\/logo\/image\/"},"sameAs":["https:\/\/www.facebook.com\/EbenezerInt","https:\/\/www.instagram.com\/ebenezer_oe_eng\/","https:\/\/www.youtube.com\/channel\/UC6qGHrKKeamFVz95Vd8LR1g"]}]}},"_links":{"self":[{"href":"https:\/\/ebenezer-oe.org\/de\/wp-json\/wp\/v2\/pages\/54237","targetHints":{"allow":["GET"]}}],"collection":[{"href":"https:\/\/ebenezer-oe.org\/de\/wp-json\/wp\/v2\/pages"}],"about":[{"href":"https:\/\/ebenezer-oe.org\/de\/wp-json\/wp\/v2\/types\/page"}],"author":[{"embeddable":true,"href":"https:\/\/ebenezer-oe.org\/de\/wp-json\/wp\/v2\/users\/1"}],"replies":[{"embeddable":true,"href":"https:\/\/ebenezer-oe.org\/de\/wp-json\/wp\/v2\/comments?post=54237"}],"version-history":[{"count":0,"href":"https:\/\/ebenezer-oe.org\/de\/wp-json\/wp\/v2\/pages\/54237\/revisions"}],"wp:attachment":[{"href":"https:\/\/ebenezer-oe.org\/de\/wp-json\/wp\/v2\/media?parent=54237"}],"curies":[{"name":"wp","href":"https:\/\/api.w.org\/{rel}","templated":true}]}}