{"id":108380,"date":"2024-05-28T13:45:05","date_gmt":"2024-05-28T13:45:05","guid":{"rendered":"https:\/\/ebenezer-oe.org\/las-aventuras-de-ebi\/"},"modified":"2026-01-07T05:32:34","modified_gmt":"2026-01-07T05:32:34","slug":"las-aventuras-de-ebi","status":"publish","type":"page","link":"https:\/\/ebenezer-oe.org\/es\/las-aventuras-de-ebi\/","title":{"rendered":"Las aventuras de Ebi"},"content":{"rendered":"\n\n\t\t\t\t<img decoding=\"async\" data-src=\"https:\/\/ebenezer-oe.org\/wp-content\/uploads\/2024\/03\/Ebi-Name-Font-1.png\" alt=\"Ebi - Name Font\" itemprop=\"image\" height=\"1080\" width=\"1920\" title=\"Ebi - Name Font\" onerror=\"this.style.display='none'\" src=\"data:image\/svg+xml;base64,PHN2ZyB3aWR0aD0iMSIgaGVpZ2h0PSIxIiB4bWxucz0iaHR0cDovL3d3dy53My5vcmcvMjAwMC9zdmciPjwvc3ZnPg==\" class=\"lazyload\" style=\"--smush-placeholder-width: 1920px; --smush-placeholder-aspect-ratio: 1920\/1080;\" \/>\n\t<h2>Hola soy Ebi<\/h2>\n\t<p>Mi mejor amigo, David, es jud\u00edo. \u00a1Me dijo que su familia est\u00e1 planeando mudarse a Israel y que es una decisi\u00f3n importante que es de Dios! Tengo tantas preguntas que hacer&#8230; As\u00ed que David ha dicho que me presentar\u00e1 a muchos de sus amigos y tambi\u00e9n a algunos cristianos que est\u00e1n ayudando a su familia a mudarse, para que pueda descubrir por qu\u00e9 es algo tan especial. \u00a1Ser\u00e1 una aventura!<\/p>\n\t\t\t\t<img decoding=\"async\" data-src=\"https:\/\/ebenezer-oe.org\/wp-content\/uploads\/2024\/03\/Ebi-David.jpg\" alt=\"Ebi &amp; David\" itemprop=\"image\" height=\"1080\" width=\"1080\" title=\"Ebi &amp; David\" onerror=\"this.style.display='none'\" src=\"data:image\/svg+xml;base64,PHN2ZyB3aWR0aD0iMSIgaGVpZ2h0PSIxIiB4bWxucz0iaHR0cDovL3d3dy53My5vcmcvMjAwMC9zdmciPjwvc3ZnPg==\" class=\"lazyload\" style=\"--smush-placeholder-width: 1080px; --smush-placeholder-aspect-ratio: 1080\/1080;\" \/>\n\t<h2>\u00bfListo para la aventura?<\/h2>\n\t\t<iframe title=\"My name is Ebi! | God loves Israel\" width=\"500\" height=\"281\" data-src=\"https:\/\/www.youtube.com\/embed\/po8AWV32Z5g?feature=oembed\" frameborder=\"0\" allow=\"accelerometer; autoplay; clipboard-write; encrypted-media; gyroscope; picture-in-picture; web-share\" referrerpolicy=\"strict-origin-when-cross-origin\" allowfullscreen src=\"data:image\/svg+xml;base64,PHN2ZyB3aWR0aD0iMSIgaGVpZ2h0PSIxIiB4bWxucz0iaHR0cDovL3d3dy53My5vcmcvMjAwMC9zdmciPjwvc3ZnPg==\" class=\"lazyload\" data-load-mode=\"1\"><\/iframe>\t\n\t<h2><b>De Pastorcillo a Rey<\/b><\/h2>\n\t\t<iframe title=\"From Shepherd boy to King - The story of David | Ebi&#039;s Adventures\" width=\"500\" height=\"281\" data-src=\"https:\/\/www.youtube.com\/embed\/i5rzPmuxWrw?feature=oembed\" frameborder=\"0\" allow=\"accelerometer; autoplay; clipboard-write; encrypted-media; gyroscope; picture-in-picture; web-share\" referrerpolicy=\"strict-origin-when-cross-origin\" allowfullscreen src=\"data:image\/svg+xml;base64,PHN2ZyB3aWR0aD0iMSIgaGVpZ2h0PSIxIiB4bWxucz0iaHR0cDovL3d3dy53My5vcmcvMjAwMC9zdmciPjwvc3ZnPg==\" class=\"lazyload\" data-load-mode=\"1\"><\/iframe>\t\n\t<p>La Hora de Cuentos<\/p>\n\t\t\t\t<a href=\"https:\/\/ebenezer-oe.org\/wp-content\/uploads\/2026\/01\/SPA-EBI-Issue-4-2025.pdf\"  target=\"_blank\" rel=\"noopener\"  itemprop=\"url\">\n\t\t\t\t<img decoding=\"async\" data-src=\"https:\/\/ebenezer-oe.org\/wp-content\/uploads\/2025\/10\/background-3.jpg\" alt=\"background-3\" itemprop=\"image\" height=\"2000\" width=\"1414\" title=\"background-3\" onerror=\"this.style.display='none'\" src=\"data:image\/svg+xml;base64,PHN2ZyB3aWR0aD0iMSIgaGVpZ2h0PSIxIiB4bWxucz0iaHR0cDovL3d3dy53My5vcmcvMjAwMC9zdmciPjwvc3ZnPg==\" class=\"lazyload\" style=\"--smush-placeholder-width: 1414px; --smush-placeholder-aspect-ratio: 1414\/2000;\" \/>\n\t\t\t\t<\/a>\n\t<p>Descarga las actividades!<\/p>\n\t<p><i>Una vez que el PDF se haya abierto en una p\u00e1gina separada de tu navegador de Internet, impr\u00edmelo o gu\u00e1rdalo. <\/i><\/p>\n\t<h2><b>Rahab y los esp\u00edas<\/b><\/h2>\n\t\t<iframe title=\"Rahab and the Spies | Ebi&#039;s Adventures\" width=\"500\" height=\"281\" data-src=\"https:\/\/www.youtube.com\/embed\/gPRjglFNFCA?feature=oembed\" frameborder=\"0\" allow=\"accelerometer; autoplay; clipboard-write; encrypted-media; gyroscope; picture-in-picture; web-share\" referrerpolicy=\"strict-origin-when-cross-origin\" allowfullscreen src=\"data:image\/svg+xml;base64,PHN2ZyB3aWR0aD0iMSIgaGVpZ2h0PSIxIiB4bWxucz0iaHR0cDovL3d3dy53My5vcmcvMjAwMC9zdmciPjwvc3ZnPg==\" class=\"lazyload\" data-load-mode=\"1\"><\/iframe>\t\n\t<p>La Hora de Cuentos<\/p>\n\t\t\t\t<a href=\"https:\/\/ebenezer-oe.org\/wp-content\/uploads\/2026\/01\/Spanish-Language-EBI-Issue-03-2025.pdf\"  target=\"_blank\" rel=\"noopener\"  itemprop=\"url\">\n\t\t\t\t<img decoding=\"async\" data-src=\"https:\/\/ebenezer-oe.org\/wp-content\/uploads\/2025\/07\/Childrens-Issue-3-2025.jpg\" alt=\"Childrens Issue 3 2025\" itemprop=\"image\" height=\"2000\" width=\"1414\" title=\"Childrens Issue 3 2025\" onerror=\"this.style.display='none'\" src=\"data:image\/svg+xml;base64,PHN2ZyB3aWR0aD0iMSIgaGVpZ2h0PSIxIiB4bWxucz0iaHR0cDovL3d3dy53My5vcmcvMjAwMC9zdmciPjwvc3ZnPg==\" class=\"lazyload\" style=\"--smush-placeholder-width: 1414px; --smush-placeholder-aspect-ratio: 1414\/2000;\" \/>\n\t\t\t\t<\/a>\n\t<p>Descarga las actividades!<\/p>\n\t<p><i>Una vez que el PDF se haya abierto en una p\u00e1gina separada de tu navegador de Internet, impr\u00edmelo o gu\u00e1rdalo. <\/i><\/p>\n\t<h2>Mudarse A Una Nueva Casa<\/h2>\n\t\t<iframe title=\"Abraham moves to a new home! | Ebi&#039;s Adventures\" width=\"500\" height=\"281\" data-src=\"https:\/\/www.youtube.com\/embed\/khkQoLWY-Wg?feature=oembed\" frameborder=\"0\" allow=\"accelerometer; autoplay; clipboard-write; encrypted-media; gyroscope; picture-in-picture; web-share\" referrerpolicy=\"strict-origin-when-cross-origin\" allowfullscreen src=\"data:image\/svg+xml;base64,PHN2ZyB3aWR0aD0iMSIgaGVpZ2h0PSIxIiB4bWxucz0iaHR0cDovL3d3dy53My5vcmcvMjAwMC9zdmciPjwvc3ZnPg==\" class=\"lazyload\" data-load-mode=\"1\"><\/iframe>\t\n\t<p>La Hora de Cuentos<\/p>\n\t\t\t\t<a href=\"https:\/\/ebenezer-oe.org\/wp-content\/uploads\/2025\/06\/Ebi-Issue-2-2025-SPA.pdf\"  target=\"_blank\" rel=\"noopener\"  itemprop=\"url\">\n\t\t\t\t<img decoding=\"async\" data-src=\"https:\/\/ebenezer-oe.org\/wp-content\/uploads\/2025\/06\/ESP-2-2025.jpg\" alt=\"ESP 2 2025\" itemprop=\"image\" height=\"2000\" width=\"1414\" title=\"ESP 2 2025\" onerror=\"this.style.display='none'\" src=\"data:image\/svg+xml;base64,PHN2ZyB3aWR0aD0iMSIgaGVpZ2h0PSIxIiB4bWxucz0iaHR0cDovL3d3dy53My5vcmcvMjAwMC9zdmciPjwvc3ZnPg==\" class=\"lazyload\" style=\"--smush-placeholder-width: 1414px; --smush-placeholder-aspect-ratio: 1414\/2000;\" \/>\n\t\t\t\t<\/a>\n\t<p>Descarga las actividades!<\/p>\n\t<p><i>Una vez que el PDF se haya abierto en una p\u00e1gina separada de tu navegador de Internet, impr\u00edmelo o gu\u00e1rdalo. <\/i><\/p>\n\t<h2>Visita de Stephens a Israel<\/h2>\n\t\t<iframe title=\"Stephen&#039;s visit to Israel | Ebi&#039;s Adventures\" width=\"500\" height=\"281\" data-src=\"https:\/\/www.youtube.com\/embed\/gMfGRwg4E3E?feature=oembed\" frameborder=\"0\" allow=\"accelerometer; autoplay; clipboard-write; encrypted-media; gyroscope; picture-in-picture; web-share\" referrerpolicy=\"strict-origin-when-cross-origin\" allowfullscreen src=\"data:image\/svg+xml;base64,PHN2ZyB3aWR0aD0iMSIgaGVpZ2h0PSIxIiB4bWxucz0iaHR0cDovL3d3dy53My5vcmcvMjAwMC9zdmciPjwvc3ZnPg==\" class=\"lazyload\" data-load-mode=\"1\"><\/iframe>\t\n\t<p>La Hora de Cuentos<\/p>\n\t\t\t\t<a href=\"https:\/\/ebenezer-oe.org\/wp-content\/uploads\/2025\/03\/Ebi-Issue-1-2025-SPA.pdf%20\"  target=\"_blank\" rel=\"noopener\"  itemprop=\"url\">\n\t\t\t\t<img decoding=\"async\" data-src=\"https:\/\/ebenezer-oe.org\/wp-content\/uploads\/2025\/03\/spanish-childrens-2-2025.png\" alt=\"spanish - childrens 2 2025\" itemprop=\"image\" height=\"1486\" width=\"1046\" title=\"spanish - childrens 2 2025\" onerror=\"this.style.display='none'\" src=\"data:image\/svg+xml;base64,PHN2ZyB3aWR0aD0iMSIgaGVpZ2h0PSIxIiB4bWxucz0iaHR0cDovL3d3dy53My5vcmcvMjAwMC9zdmciPjwvc3ZnPg==\" class=\"lazyload\" style=\"--smush-placeholder-width: 1046px; --smush-placeholder-aspect-ratio: 1046\/1486;\" \/>\n\t\t\t\t<\/a>\n\t<p>Descarga las actividades!<\/p>\n\t<p><i>Una vez que el PDF se haya abierto en una p\u00e1gina separada de tu navegador de Internet, impr\u00edmelo o gu\u00e1rdalo. <\/i><\/p>\n\t<h2>Nuevos Amigos En Israel<\/h2>\n\t\t<iframe title=\"New friends in Israel! | Ebi&#039;s Adventures\" width=\"500\" height=\"281\" data-src=\"https:\/\/www.youtube.com\/embed\/xquEjC22ICk?feature=oembed\" frameborder=\"0\" allow=\"accelerometer; autoplay; clipboard-write; encrypted-media; gyroscope; picture-in-picture; web-share\" referrerpolicy=\"strict-origin-when-cross-origin\" allowfullscreen src=\"data:image\/svg+xml;base64,PHN2ZyB3aWR0aD0iMSIgaGVpZ2h0PSIxIiB4bWxucz0iaHR0cDovL3d3dy53My5vcmcvMjAwMC9zdmciPjwvc3ZnPg==\" class=\"lazyload\" data-load-mode=\"1\"><\/iframe>\t\n\t<p>La Hora de Cuentos<\/p>\n\t\t\t\t<a href=\"https:\/\/ebenezer-oe.org\/wp-content\/uploads\/2024\/12\/Ebi-Issue-4-SPA.pdf%20\"  target=\"_blank\" rel=\"noopener\"  itemprop=\"url\">\n\t\t\t\t<img decoding=\"async\" data-src=\"https:\/\/ebenezer-oe.org\/wp-content\/uploads\/2024\/12\/Spanish-1.jpg\" alt=\"Spanish\" itemprop=\"image\" height=\"2000\" width=\"1414\" title=\"Spanish\" onerror=\"this.style.display='none'\" src=\"data:image\/svg+xml;base64,PHN2ZyB3aWR0aD0iMSIgaGVpZ2h0PSIxIiB4bWxucz0iaHR0cDovL3d3dy53My5vcmcvMjAwMC9zdmciPjwvc3ZnPg==\" class=\"lazyload\" style=\"--smush-placeholder-width: 1414px; --smush-placeholder-aspect-ratio: 1414\/2000;\" \/>\n\t\t\t\t<\/a>\n\t<p>Descarga las actividades!<\/p>\n\t<p><i>Una vez que el PDF se haya abierto en una p\u00e1gina separada de tu navegador de Internet, impr\u00edmelo o gu\u00e1rdalo. <\/i><\/p>\n\t<h2>Los Amigos de David<\/h2>\n\t\t<iframe title=\"David&#039;s Friends | Ebi&#039;s Adventures\" width=\"500\" height=\"281\" data-src=\"https:\/\/www.youtube.com\/embed\/f6kPM2lEwMs?feature=oembed\" frameborder=\"0\" allow=\"accelerometer; autoplay; clipboard-write; encrypted-media; gyroscope; picture-in-picture; web-share\" referrerpolicy=\"strict-origin-when-cross-origin\" allowfullscreen src=\"data:image\/svg+xml;base64,PHN2ZyB3aWR0aD0iMSIgaGVpZ2h0PSIxIiB4bWxucz0iaHR0cDovL3d3dy53My5vcmcvMjAwMC9zdmciPjwvc3ZnPg==\" class=\"lazyload\" data-load-mode=\"1\"><\/iframe>\t\n\t<p>La Hora de Cuentos<\/p>\n\t\t\t\t<a href=\"https:\/\/ebenezer-oe.org\/wp-content\/uploads\/2024\/09\/Ebi-Issue-2-SPA.pdf%20\"  target=\"_blank\" rel=\"noopener\"  itemprop=\"url\">\n\t\t\t\t<img decoding=\"async\" data-src=\"https:\/\/ebenezer-oe.org\/wp-content\/uploads\/2024\/09\/2-2.jpg\" alt=\"2\" itemprop=\"image\" height=\"2000\" width=\"1414\" title=\"2\" onerror=\"this.style.display='none'\" src=\"data:image\/svg+xml;base64,PHN2ZyB3aWR0aD0iMSIgaGVpZ2h0PSIxIiB4bWxucz0iaHR0cDovL3d3dy53My5vcmcvMjAwMC9zdmciPjwvc3ZnPg==\" class=\"lazyload\" style=\"--smush-placeholder-width: 1414px; --smush-placeholder-aspect-ratio: 1414\/2000;\" \/>\n\t\t\t\t<\/a>\n\t<p>Descarga las actividades!<\/p>\n\t<p><i>Una vez que el PDF se haya abierto en una p\u00e1gina separada de tu navegador de Internet, impr\u00edmelo o gu\u00e1rdalo. <\/i><\/p>\n\t<h2>El sue\u00f1o de Tal\u00eda<\/h2>\n\t\t<iframe title=\"Talia&#039;s Dream | Making Aliyah to Israel!\" width=\"500\" height=\"281\" data-src=\"https:\/\/www.youtube.com\/embed\/7kDzz2Fz2GU?feature=oembed\" frameborder=\"0\" allow=\"accelerometer; autoplay; clipboard-write; encrypted-media; gyroscope; picture-in-picture; web-share\" referrerpolicy=\"strict-origin-when-cross-origin\" allowfullscreen src=\"data:image\/svg+xml;base64,PHN2ZyB3aWR0aD0iMSIgaGVpZ2h0PSIxIiB4bWxucz0iaHR0cDovL3d3dy53My5vcmcvMjAwMC9zdmciPjwvc3ZnPg==\" class=\"lazyload\" data-load-mode=\"1\"><\/iframe>\t\n\t<p>La Hora de Cuentos<\/p>\n\t\t\t\t<a href=\"https:\/\/ebenezer-oe.org\/wp-content\/uploads\/2024\/05\/EOE-Ebi-Kids-Issue-1-SPA.pdf%20\"  target=\"_blank\" rel=\"noopener\"  itemprop=\"url\">\n\t\t\t\t<img decoding=\"async\" data-src=\"https:\/\/ebenezer-oe.org\/wp-content\/uploads\/2024\/05\/esp-Ebi.jpg\" alt=\"esp- Ebi\" itemprop=\"image\" height=\"2000\" width=\"1414\" title=\"esp- Ebi\" onerror=\"this.style.display='none'\" src=\"data:image\/svg+xml;base64,PHN2ZyB3aWR0aD0iMSIgaGVpZ2h0PSIxIiB4bWxucz0iaHR0cDovL3d3dy53My5vcmcvMjAwMC9zdmciPjwvc3ZnPg==\" class=\"lazyload\" style=\"--smush-placeholder-width: 1414px; --smush-placeholder-aspect-ratio: 1414\/2000;\" \/>\n\t\t\t\t<\/a>\n\t<p>Descarga las actividades!<\/p>\n\t<p><i>Una vez que el PDF se haya abierto en una p\u00e1gina separada de tu navegador de Internet, impr\u00edmelo o gu\u00e1rdalo. <\/i><\/p>\n\t<h2>Suscribirse al canal YouTube de Ebi<\/h2>\n\t\t\t<a href=\"https:\/\/www.youtube.com\/@ebisadventures\" target=\"_blank\" rel=\"noopener\">\n\t\t\t\t\t\tVisite nuestro canal\n\t\t\t\t\t<\/a>\n\t\t\t\t<img decoding=\"async\" data-src=\"https:\/\/ebenezer-oe.org\/wp-content\/uploads\/2024\/04\/Finnish-2.png\" alt=\"Finnish-2\" itemprop=\"image\" height=\"1080\" width=\"1080\" title=\"Finnish-2\" onerror=\"this.style.display='none'\" src=\"data:image\/svg+xml;base64,PHN2ZyB3aWR0aD0iMSIgaGVpZ2h0PSIxIiB4bWxucz0iaHR0cDovL3d3dy53My5vcmcvMjAwMC9zdmciPjwvc3ZnPg==\" class=\"lazyload\" style=\"--smush-placeholder-width: 1080px; --smush-placeholder-aspect-ratio: 1080\/1080;\" \/>\n\t<h2>\u00bfD\u00f3nde est\u00e1 Ebi?<\/h2>\n\t<p>Ebi se esconde en alg\u00fan lugar de estas im\u00e1genes, \u00bfpuedes encontrarlo?<\/p>\n\t\t\t\t<img decoding=\"async\" data-src=\"https:\/\/ebenezer-oe.org\/wp-content\/uploads\/2024\/03\/1-2-scaled.jpg\" alt=\"1\" itemprop=\"image\" height=\"2560\" width=\"1810\" title=\"1\" onerror=\"this.style.display='none'\" src=\"data:image\/svg+xml;base64,PHN2ZyB3aWR0aD0iMSIgaGVpZ2h0PSIxIiB4bWxucz0iaHR0cDovL3d3dy53My5vcmcvMjAwMC9zdmciPjwvc3ZnPg==\" class=\"lazyload\" style=\"--smush-placeholder-width: 1810px; --smush-placeholder-aspect-ratio: 1810\/2560;\" \/>\n\t\t\t\t<img decoding=\"async\" data-src=\"https:\/\/ebenezer-oe.org\/wp-content\/uploads\/2024\/03\/3-2-scaled.jpg\" alt=\"3\" itemprop=\"image\" height=\"2560\" width=\"1810\" title=\"3\" onerror=\"this.style.display='none'\" src=\"data:image\/svg+xml;base64,PHN2ZyB3aWR0aD0iMSIgaGVpZ2h0PSIxIiB4bWxucz0iaHR0cDovL3d3dy53My5vcmcvMjAwMC9zdmciPjwvc3ZnPg==\" class=\"lazyload\" style=\"--smush-placeholder-width: 1810px; --smush-placeholder-aspect-ratio: 1810\/2560;\" \/>\n\t\t\t\t<img decoding=\"async\" data-src=\"https:\/\/ebenezer-oe.org\/wp-content\/uploads\/2024\/03\/2-2-scaled.jpg\" alt=\"2\" itemprop=\"image\" height=\"2560\" width=\"1810\" title=\"2\" onerror=\"this.style.display='none'\" src=\"data:image\/svg+xml;base64,PHN2ZyB3aWR0aD0iMSIgaGVpZ2h0PSIxIiB4bWxucz0iaHR0cDovL3d3dy53My5vcmcvMjAwMC9zdmciPjwvc3ZnPg==\" class=\"lazyload\" style=\"--smush-placeholder-width: 1810px; --smush-placeholder-aspect-ratio: 1810\/2560;\" \/>\n\t<p><em>Para descargar estas hojas de trabajo, haz clic derecho en la imagen y selecciona \u00abdescargar\u00bb o \u00abguardar como\u00bb. Luego puedes guardar<\/em><\/p>\n\t<p>\u00bfNecesitas ayuda para descargar los recursos?<\/p>\n\t<p>Env\u00edanos un correo electr\u00f3nico e inf\u00f3rmanos a qu\u00e9 recursos desea acceder. Podremos envi\u00e1rselos directamente.<\/p>\n\t\t\t<a href=\"mailto:ruth.linnell@ebeneze-oe.org\" target=\"_self\">\n\t\t\t\t\t\t\tCorreo electr\u00f3nico para recursos\n\t\t\t\t\t<\/a>\n\n","protected":false},"excerpt":{"rendered":"<p>Hola soy Ebi Mi mejor amigo, David, es jud\u00edo. \u00a1Me dijo que su familia est\u00e1 planeando mudarse a Israel y que es una decisi\u00f3n importante que es de Dios! Tengo tantas preguntas que hacer&#8230; As\u00ed que David ha dicho que me presentar\u00e1 a muchos de sus amigos y tambi\u00e9n a algunos cristianos que est\u00e1n ayudando&hellip;<\/p>\n","protected":false},"author":2,"featured_media":0,"parent":0,"menu_order":0,"comment_status":"closed","ping_status":"closed","template":"","meta":{"footnotes":""},"class_list":["post-108380","page","type-page","status-publish","hentry"],"yoast_head":"<!-- This site is optimized with the Yoast SEO plugin v27.2 - https:\/\/yoast.com\/product\/yoast-seo-wordpress\/ -->\n<title>Las aventuras de Ebi - Ebenezer Operation Exodus<\/title>\n<meta name=\"description\" content=\"Translation results \u00danete a las aventuras de Ebi mientras aprende sobre el amor de Dios por Israel y por qu\u00e9 el pueblo jud\u00edo se traslada a Israel.\" \/>\n<meta name=\"robots\" content=\"index, follow, max-snippet:-1, max-image-preview:large, max-video-preview:-1\" \/>\n<link rel=\"canonical\" href=\"https:\/\/ebenezer-oe.org\/es\/las-aventuras-de-ebi\/\" \/>\n<meta property=\"og:locale\" content=\"es_ES\" \/>\n<meta property=\"og:type\" content=\"article\" \/>\n<meta property=\"og:title\" content=\"Las aventuras de Ebi - Ebenezer Operation Exodus\" \/>\n<meta property=\"og:description\" content=\"Translation results \u00danete a las aventuras de Ebi mientras aprende sobre el amor de Dios por Israel y por qu\u00e9 el pueblo jud\u00edo se traslada a Israel.\" \/>\n<meta property=\"og:url\" content=\"https:\/\/ebenezer-oe.org\/es\/las-aventuras-de-ebi\/\" \/>\n<meta property=\"og:site_name\" content=\"Ebenezer Operation Exodus\" \/>\n<meta property=\"article:publisher\" content=\"https:\/\/www.facebook.com\/EbenezerInt\" \/>\n<meta property=\"article:modified_time\" content=\"2026-01-07T05:32:34+00:00\" \/>\n<meta property=\"og:image\" content=\"https:\/\/ebenezer-oe.org\/wp-content\/uploads\/2024\/03\/Ebi-Name-Font-1.png\" \/>\n<meta name=\"twitter:card\" content=\"summary_large_image\" \/>\n<meta name=\"twitter:label1\" content=\"Tiempo de lectura\" \/>\n\t<meta name=\"twitter:data1\" content=\"2 minutos\" \/>\n<script type=\"application\/ld+json\" class=\"yoast-schema-graph\">{\"@context\":\"https:\/\/schema.org\",\"@graph\":[{\"@type\":\"WebPage\",\"@id\":\"https:\/\/ebenezer-oe.org\/es\/las-aventuras-de-ebi\/\",\"url\":\"https:\/\/ebenezer-oe.org\/es\/las-aventuras-de-ebi\/\",\"name\":\"Las aventuras de Ebi - Ebenezer Operation Exodus\",\"isPartOf\":{\"@id\":\"https:\/\/ebenezer-oe.org\/#website\"},\"primaryImageOfPage\":{\"@id\":\"https:\/\/ebenezer-oe.org\/es\/las-aventuras-de-ebi\/#primaryimage\"},\"image\":{\"@id\":\"https:\/\/ebenezer-oe.org\/es\/las-aventuras-de-ebi\/#primaryimage\"},\"thumbnailUrl\":\"https:\/\/ebenezer-oe.org\/wp-content\/uploads\/2024\/03\/Ebi-Name-Font-1.png\",\"datePublished\":\"2024-05-28T13:45:05+00:00\",\"dateModified\":\"2026-01-07T05:32:34+00:00\",\"description\":\"Translation results \u00danete a las aventuras de Ebi mientras aprende sobre el amor de Dios por Israel y por qu\u00e9 el pueblo jud\u00edo se traslada a Israel.\",\"breadcrumb\":{\"@id\":\"https:\/\/ebenezer-oe.org\/es\/las-aventuras-de-ebi\/#breadcrumb\"},\"inLanguage\":\"es\",\"potentialAction\":[{\"@type\":\"ReadAction\",\"target\":[\"https:\/\/ebenezer-oe.org\/es\/las-aventuras-de-ebi\/\"]}]},{\"@type\":\"ImageObject\",\"inLanguage\":\"es\",\"@id\":\"https:\/\/ebenezer-oe.org\/es\/las-aventuras-de-ebi\/#primaryimage\",\"url\":\"https:\/\/ebenezer-oe.org\/wp-content\/uploads\/2024\/03\/Ebi-Name-Font-1.png\",\"contentUrl\":\"https:\/\/ebenezer-oe.org\/wp-content\/uploads\/2024\/03\/Ebi-Name-Font-1.png\"},{\"@type\":\"BreadcrumbList\",\"@id\":\"https:\/\/ebenezer-oe.org\/es\/las-aventuras-de-ebi\/#breadcrumb\",\"itemListElement\":[{\"@type\":\"ListItem\",\"position\":1,\"name\":\"Home\",\"item\":\"https:\/\/ebenezer-oe.org\/es\/\"},{\"@type\":\"ListItem\",\"position\":2,\"name\":\"Las aventuras de Ebi\"}]},{\"@type\":\"WebSite\",\"@id\":\"https:\/\/ebenezer-oe.org\/#website\",\"url\":\"https:\/\/ebenezer-oe.org\/\",\"name\":\"Ebenezer - Operation Exodus\",\"description\":\"\",\"publisher\":{\"@id\":\"https:\/\/ebenezer-oe.org\/#organization\"},\"potentialAction\":[{\"@type\":\"SearchAction\",\"target\":{\"@type\":\"EntryPoint\",\"urlTemplate\":\"https:\/\/ebenezer-oe.org\/?s={search_term_string}\"},\"query-input\":{\"@type\":\"PropertyValueSpecification\",\"valueRequired\":true,\"valueName\":\"search_term_string\"}}],\"inLanguage\":\"es\"},{\"@type\":\"Organization\",\"@id\":\"https:\/\/ebenezer-oe.org\/#organization\",\"name\":\"Ebenezer - Operation Exodus\",\"url\":\"https:\/\/ebenezer-oe.org\/\",\"logo\":{\"@type\":\"ImageObject\",\"inLanguage\":\"es\",\"@id\":\"https:\/\/ebenezer-oe.org\/#\/schema\/logo\/image\/\",\"url\":\"https:\/\/ebenezeroe.wpengine.com\/wp-content\/uploads\/2020\/09\/Logo_EOE_EN_Colour-Horizontal.png\",\"contentUrl\":\"https:\/\/ebenezeroe.wpengine.com\/wp-content\/uploads\/2020\/09\/Logo_EOE_EN_Colour-Horizontal.png\",\"width\":1922,\"height\":928,\"caption\":\"Ebenezer - Operation Exodus\"},\"image\":{\"@id\":\"https:\/\/ebenezer-oe.org\/#\/schema\/logo\/image\/\"},\"sameAs\":[\"https:\/\/www.facebook.com\/EbenezerInt\",\"https:\/\/www.instagram.com\/ebenezer_oe_eng\/\",\"https:\/\/www.youtube.com\/channel\/UC6qGHrKKeamFVz95Vd8LR1g\"]}]}<\/script>\n<!-- \/ Yoast SEO plugin. -->","yoast_head_json":{"title":"Las aventuras de Ebi - Ebenezer Operation Exodus","description":"Translation results \u00danete a las aventuras de Ebi mientras aprende sobre el amor de Dios por Israel y por qu\u00e9 el pueblo jud\u00edo se traslada a Israel.","robots":{"index":"index","follow":"follow","max-snippet":"max-snippet:-1","max-image-preview":"max-image-preview:large","max-video-preview":"max-video-preview:-1"},"canonical":"https:\/\/ebenezer-oe.org\/es\/las-aventuras-de-ebi\/","og_locale":"es_ES","og_type":"article","og_title":"Las aventuras de Ebi - Ebenezer Operation Exodus","og_description":"Translation results \u00danete a las aventuras de Ebi mientras aprende sobre el amor de Dios por Israel y por qu\u00e9 el pueblo jud\u00edo se traslada a Israel.","og_url":"https:\/\/ebenezer-oe.org\/es\/las-aventuras-de-ebi\/","og_site_name":"Ebenezer Operation Exodus","article_publisher":"https:\/\/www.facebook.com\/EbenezerInt","article_modified_time":"2026-01-07T05:32:34+00:00","og_image":[{"url":"https:\/\/ebenezer-oe.org\/wp-content\/uploads\/2024\/03\/Ebi-Name-Font-1.png","type":"","width":"","height":""}],"twitter_card":"summary_large_image","twitter_misc":{"Tiempo de lectura":"2 minutos"},"schema":{"@context":"https:\/\/schema.org","@graph":[{"@type":"WebPage","@id":"https:\/\/ebenezer-oe.org\/es\/las-aventuras-de-ebi\/","url":"https:\/\/ebenezer-oe.org\/es\/las-aventuras-de-ebi\/","name":"Las aventuras de Ebi - Ebenezer Operation Exodus","isPartOf":{"@id":"https:\/\/ebenezer-oe.org\/#website"},"primaryImageOfPage":{"@id":"https:\/\/ebenezer-oe.org\/es\/las-aventuras-de-ebi\/#primaryimage"},"image":{"@id":"https:\/\/ebenezer-oe.org\/es\/las-aventuras-de-ebi\/#primaryimage"},"thumbnailUrl":"https:\/\/ebenezer-oe.org\/wp-content\/uploads\/2024\/03\/Ebi-Name-Font-1.png","datePublished":"2024-05-28T13:45:05+00:00","dateModified":"2026-01-07T05:32:34+00:00","description":"Translation results \u00danete a las aventuras de Ebi mientras aprende sobre el amor de Dios por Israel y por qu\u00e9 el pueblo jud\u00edo se traslada a Israel.","breadcrumb":{"@id":"https:\/\/ebenezer-oe.org\/es\/las-aventuras-de-ebi\/#breadcrumb"},"inLanguage":"es","potentialAction":[{"@type":"ReadAction","target":["https:\/\/ebenezer-oe.org\/es\/las-aventuras-de-ebi\/"]}]},{"@type":"ImageObject","inLanguage":"es","@id":"https:\/\/ebenezer-oe.org\/es\/las-aventuras-de-ebi\/#primaryimage","url":"https:\/\/ebenezer-oe.org\/wp-content\/uploads\/2024\/03\/Ebi-Name-Font-1.png","contentUrl":"https:\/\/ebenezer-oe.org\/wp-content\/uploads\/2024\/03\/Ebi-Name-Font-1.png"},{"@type":"BreadcrumbList","@id":"https:\/\/ebenezer-oe.org\/es\/las-aventuras-de-ebi\/#breadcrumb","itemListElement":[{"@type":"ListItem","position":1,"name":"Home","item":"https:\/\/ebenezer-oe.org\/es\/"},{"@type":"ListItem","position":2,"name":"Las aventuras de Ebi"}]},{"@type":"WebSite","@id":"https:\/\/ebenezer-oe.org\/#website","url":"https:\/\/ebenezer-oe.org\/","name":"Ebenezer - Operation Exodus","description":"","publisher":{"@id":"https:\/\/ebenezer-oe.org\/#organization"},"potentialAction":[{"@type":"SearchAction","target":{"@type":"EntryPoint","urlTemplate":"https:\/\/ebenezer-oe.org\/?s={search_term_string}"},"query-input":{"@type":"PropertyValueSpecification","valueRequired":true,"valueName":"search_term_string"}}],"inLanguage":"es"},{"@type":"Organization","@id":"https:\/\/ebenezer-oe.org\/#organization","name":"Ebenezer - Operation Exodus","url":"https:\/\/ebenezer-oe.org\/","logo":{"@type":"ImageObject","inLanguage":"es","@id":"https:\/\/ebenezer-oe.org\/#\/schema\/logo\/image\/","url":"https:\/\/ebenezeroe.wpengine.com\/wp-content\/uploads\/2020\/09\/Logo_EOE_EN_Colour-Horizontal.png","contentUrl":"https:\/\/ebenezeroe.wpengine.com\/wp-content\/uploads\/2020\/09\/Logo_EOE_EN_Colour-Horizontal.png","width":1922,"height":928,"caption":"Ebenezer - Operation Exodus"},"image":{"@id":"https:\/\/ebenezer-oe.org\/#\/schema\/logo\/image\/"},"sameAs":["https:\/\/www.facebook.com\/EbenezerInt","https:\/\/www.instagram.com\/ebenezer_oe_eng\/","https:\/\/www.youtube.com\/channel\/UC6qGHrKKeamFVz95Vd8LR1g"]}]}},"_links":{"self":[{"href":"https:\/\/ebenezer-oe.org\/es\/wp-json\/wp\/v2\/pages\/108380","targetHints":{"allow":["GET"]}}],"collection":[{"href":"https:\/\/ebenezer-oe.org\/es\/wp-json\/wp\/v2\/pages"}],"about":[{"href":"https:\/\/ebenezer-oe.org\/es\/wp-json\/wp\/v2\/types\/page"}],"author":[{"embeddable":true,"href":"https:\/\/ebenezer-oe.org\/es\/wp-json\/wp\/v2\/users\/2"}],"replies":[{"embeddable":true,"href":"https:\/\/ebenezer-oe.org\/es\/wp-json\/wp\/v2\/comments?post=108380"}],"version-history":[{"count":0,"href":"https:\/\/ebenezer-oe.org\/es\/wp-json\/wp\/v2\/pages\/108380\/revisions"}],"wp:attachment":[{"href":"https:\/\/ebenezer-oe.org\/es\/wp-json\/wp\/v2\/media?parent=108380"}],"curies":[{"name":"wp","href":"https:\/\/api.w.org\/{rel}","templated":true}]}}