{"id":26558,"date":"2021-07-30T14:53:04","date_gmt":"2021-07-30T14:53:04","guid":{"rendered":"https:\/\/ebenezer-oe.org\/nuestro-trabajo\/"},"modified":"2023-07-25T16:10:13","modified_gmt":"2023-07-25T16:10:13","slug":"nuestro-trabajo","status":"publish","type":"page","link":"https:\/\/ebenezer-oe.org\/es\/sobre-nosotros\/nuestro-trabajo\/","title":{"rendered":"Nuestro Trabajo"},"content":{"rendered":"\n<h1>\n\t\tNuestro trabajo\n\t<\/h1>\n<h2>\n\t\tDespu\u00e9s de la oraci\u00f3n, nuestro papel principal es ayudar al mayor n\u00famero posible de jud\u00edos a emigrar a Israel o \u00abhacer ali\u00e1\u00bb, como se le conoce en hebreo.\n\t<\/h2>\n\t<p>&nbsp;<\/p>\n<p>Tambi\u00e9n proporcionamos ayuda humanitaria cuando es necesario, y ayuda financiera y pr\u00e1ctica en el proceso de ali\u00e1. En Israel brindamos ayuda a aquellos olim que puedan tener dificultades para establecerse en la tierra.<\/p>\n\t\t\t\t<img decoding=\"async\" data-src=\"https:\/\/ebenezeroe.wpengine.com\/wp-content\/uploads\/2021\/05\/Untitled-design-34.png\" alt=\"Untitled design-34\" itemprop=\"image\" title=\"Untitled design-34\" onerror=\"this.style.display='none'\" src=\"data:image\/svg+xml;base64,PHN2ZyB3aWR0aD0iMSIgaGVpZ2h0PSIxIiB4bWxucz0iaHR0cDovL3d3dy53My5vcmcvMjAwMC9zdmciPjwvc3ZnPg==\" class=\"lazyload\" \/>\n\t<p>En las naciones donde hay comunidades jud\u00edas, les contactamos y explicamos la oportunidad de hacer ali\u00e1, brindando ayuda humanitaria, medicamentos y asistencia seg\u00fan sea necesario. <\/p>\n<p>Hacemos esto formando equipos de trabajadores locales, estableciendo oficinas en las naciones, brindando apoyo y asistencia pr\u00e1ctica cuando sea necesario, ayuda financiera a las personas que preparan documentos y asisten a las citas consulares<\/p>\n<h2>\n\t\t\u00abEstamos viendo el cumplimiento de la profec\u00eda b\u00edblica\u00bb.\n\t<\/h2>\n<h2>\n\t\tTambi\u00e9n proporcionamos transporte a los aeropuertos para aquellos que lo necesiten.\n\t<\/h2>\n\t<p>Una parte importante del trabajo es la cobertura de oraci\u00f3n para los muchos aspectos del ministerio y especialmente cuando surgen problemas espec\u00edficos. A menudo nos relacionamos con la Agencia Jud\u00eda, un organismo israel\u00ed creado para promover la ali\u00e1, y los ayudamos en nuestro objetivo com\u00fan de fomentar la inmigraci\u00f3n a Israel.<\/p>\n\t<p>En cada pa\u00eds donde est\u00e1 representado Ebenezer Operaci\u00f3n \u00c9xodo, no solo nos acercamos a las comunidades jud\u00edas locales, sino que tambi\u00e9n ense\u00f1amos a las iglesias cristianas la responsabilidad que tenemos de brindar amor y asistencia pr\u00e1ctica al pueblo jud\u00edo. <\/p>\n<p>Recordamos la exhortaci\u00f3n de Isa\u00edas: \u00ab<i>Consolad, consolad a Mi pueblo\u00bb, dice vuestro Dios. \u00abHabla con bondad a Jerusal\u00e9n&#8230;\u00bb (cap\u00edtulo 40).<\/i><\/p>\n<h2>\n\t\tAyudando a sobrevivientes del Holocausto\n\t<\/h2>\n\t<p>Muchas de las comunidades jud\u00edas en Europa y la antigua Uni\u00f3n Sovi\u00e9tica se han visto afectadas por el Holocausto y algunos de sus habitantes mayores viven con recuerdos extremadamente dolorosos de la p\u00e9rdida de padres y hermanos cuando los nazis invadieron su pa\u00eds. A veces, estos recuerdos son demasiado dolorosos para que la gente hable de ellos y solo tenemos que poner un brazo reconfortante alrededor de sus hombros, traer algo de comida, ropa o medicinas que tanto necesitan y hablar gentilmente de la posibilidad de ir a Israel. Esto se hace m\u00e1s f\u00e1cil si hay familiares que tambi\u00e9n desean ir, pero si los sobrevivientes del Holocausto est\u00e1n solos, se debe mostrar una gran cantidad de consuelo y amor para alentarlos a hacer un cambio tan trascendental en sus vidas.<\/p>\n<h2>\n\t\tUna vez en Israel&#8230;\n\t<\/h2>\n\t<p>continuamos brindando apoyo en donde sea necesario. Abrimos nuestra oficina en Jerusal\u00e9n en el 2006 precisamente con ese prop\u00f3sito. Hacer ali\u00e1 es un momento de gran transici\u00f3n en la vida de las personas y tener una oficina atendida por personal amable, informado y multiling\u00fce hace toda la diferencia cuando los olim se encuentran con problemas iniciales para encontrar alojamiento y trabajo, entre otros problemas, en un nuevo pa\u00eds donde no conocen el sistema. Cuando es necesario, podemos brindar ayuda dando paquetes de alimentos, equipo escolar y zapatos para ni\u00f1os, as\u00ed como financiamiento para los pagos iniciales de recibos de servicios p\u00fablicos.<\/p>\n<h2>\n\t\tCasa Haifa\n\t<\/h2>\n\t<p>En el a\u00f1o 2019 abrimos una casa en Haifa que funciona como un pelda\u00f1o para los olim reci\u00e9n llegados con problemas particularmente dif\u00edciles, como aquellos con enfermedades agudas o prolongadas; olim con problemas de movilidad; olim mayores, incluidos los sobrevivientes del Holocausto; y olim sin familiares o sin amigos en Israel.<\/p>\n\t\t\t<a href=\"https:\/\/ebenezer-oe.org\/es\/haciendo-alia\/\" target=\"_self\" rel=\"noopener\">\n\t\t\t\t\t\t\tDescubre m\u00e1s\n\t\t\t\t\t<\/a>\n<h2>\n\t\t\u00bfTe sientes llamado a ayudarnos en este trabajo?\n\t<\/h2>\n\t<p>Descubre c\u00f3mo participar a continuaci\u00f3n:<\/p>\n\t\t\t\t\t\t\t\t<a href=\"https:\/\/ebenezeroe.wpengine.com\/partner-with-us\/commit-to-pray\/\" target=\"_self\" rel=\"noopener\">\n\t\t\t\t\t\t<\/a>\n\t<h3><a href=\"https:\/\/ebenezeroe.wpengine.com\/partner-with-us\/commit-to-pray\/\" target=\"_self\" rel=\"noopener\">Oraci\u00f3n<\/a><\/h3>\t\t\n\t\t\tNuestro ministerio naci\u00f3 en la oraci\u00f3n y el liderazgo considera que la oraci\u00f3n debe ser la base de todas sus actividades &#8230;<br \/>\n\n\t\t\t<a href=\"https:\/\/ebenezer-oe.org\/es\/asociate-con-nosotros\/unete-en-oracion\/\" target=\"_self\" rel=\"noopener\">\n\t\t\t\t\t\t\tDescubre m\u00e1s\n\t\t\t\t\t<\/a>\n\t\t<h3>Donar<\/h3>\t\t\n\t\t\t<p>Nuestro trabajo funciona en todos los continentes y en m\u00e1s de 55 pa\u00edses. Si deseas asociarte con nosotros contribuyendo financieramente, te estaremos muy agradecidos. Hay varias formas de hacerlo &#8230;<\/p>\n\t\t\t<a href=\"https:\/\/ebenezer-oe.org\/es\/donar\" target=\"_self\" rel=\"noopener\">\n\t\t\t\t\t\t\tDona hoy \n\t\t\t\t\t<\/a>\n\t\t\t\t\t\t\t\t<a href=\"https:\/\/ebenezeroe.wpengine.com\/partner-with-us\/serve-with-ebenezer\/\" target=\"_self\" rel=\"noopener\">\n\t\t\t\t\t\t<\/a>\n\t\t<h3><a href=\"https:\/\/ebenezeroe.wpengine.com\/partner-with-us\/serve-with-ebenezer\/\" target=\"_self\" rel=\"noopener\">Voluntariado<\/a><\/h3>\t\t\n\t\t\t<p>Tenemos muchas oportunidades en diferentes partes del mundo para aquellos llamados a servir como voluntarios &#8230;<\/p>\n\t\t\t<a href=\"https:\/\/ebenezer-oe.org\/es\/asociate-con-nosotros\/voluntariado\/\" target=\"_self\" rel=\"noopener\">\n\t\t\t\t\t\t\tDescubre M\u00e1s\n\t\t\t\t\t<\/a>\n\n","protected":false},"excerpt":{"rendered":"<p>Nuestro trabajo Despu\u00e9s de la oraci\u00f3n, nuestro papel principal es ayudar al mayor n\u00famero posible de jud\u00edos a emigrar a Israel o \u00abhacer ali\u00e1\u00bb, como se le conoce en hebreo. &nbsp; Tambi\u00e9n proporcionamos ayuda humanitaria cuando es necesario, y ayuda financiera y pr\u00e1ctica en el proceso de ali\u00e1. En Israel brindamos ayuda a aquellos olim&hellip;<\/p>\n","protected":false},"author":1,"featured_media":0,"parent":34951,"menu_order":4,"comment_status":"closed","ping_status":"closed","template":"","meta":{"footnotes":""},"class_list":["post-26558","page","type-page","status-publish","hentry"],"yoast_head":"<!-- This site is optimized with the Yoast SEO plugin v27.4 - https:\/\/yoast.com\/product\/yoast-seo-wordpress\/ -->\n<title>Nuestro Trabajo - Ebenezer Operation Exodus<\/title>\n<meta name=\"robots\" content=\"index, follow, max-snippet:-1, max-image-preview:large, max-video-preview:-1\" \/>\n<link rel=\"canonical\" href=\"https:\/\/ebenezer-oe.org\/es\/sobre-nosotros\/nuestro-trabajo\/\" \/>\n<meta property=\"og:locale\" content=\"es_ES\" \/>\n<meta property=\"og:type\" content=\"article\" \/>\n<meta property=\"og:title\" content=\"Nuestro Trabajo - Ebenezer Operation Exodus\" \/>\n<meta property=\"og:description\" content=\"Nuestro trabajo Despu\u00e9s de la oraci\u00f3n, nuestro papel principal es ayudar al mayor n\u00famero posible de jud\u00edos a emigrar a Israel o \u00abhacer ali\u00e1\u00bb, como se le conoce en hebreo. &nbsp; Tambi\u00e9n proporcionamos ayuda humanitaria cuando es necesario, y ayuda financiera y pr\u00e1ctica en el proceso de ali\u00e1. En Israel brindamos ayuda a aquellos olim&hellip;\" \/>\n<meta property=\"og:url\" content=\"https:\/\/ebenezer-oe.org\/es\/sobre-nosotros\/nuestro-trabajo\/\" \/>\n<meta property=\"og:site_name\" content=\"Ebenezer Operation Exodus\" \/>\n<meta property=\"article:publisher\" content=\"https:\/\/www.facebook.com\/EbenezerInt\" \/>\n<meta property=\"article:modified_time\" content=\"2023-07-25T16:10:13+00:00\" \/>\n<meta property=\"og:image\" content=\"https:\/\/ebenezeroe.wpengine.com\/wp-content\/uploads\/2021\/05\/Untitled-design-34.png\" \/>\n<meta name=\"twitter:card\" content=\"summary_large_image\" \/>\n<meta name=\"twitter:label1\" content=\"Tiempo de lectura\" \/>\n\t<meta name=\"twitter:data1\" content=\"3 minutos\" \/>\n<script type=\"application\/ld+json\" class=\"yoast-schema-graph\">{\"@context\":\"https:\\\/\\\/schema.org\",\"@graph\":[{\"@type\":\"WebPage\",\"@id\":\"https:\\\/\\\/ebenezer-oe.org\\\/es\\\/sobre-nosotros\\\/nuestro-trabajo\\\/\",\"url\":\"https:\\\/\\\/ebenezer-oe.org\\\/es\\\/sobre-nosotros\\\/nuestro-trabajo\\\/\",\"name\":\"Nuestro Trabajo - Ebenezer Operation Exodus\",\"isPartOf\":{\"@id\":\"https:\\\/\\\/ebenezer-oe.org\\\/#website\"},\"primaryImageOfPage\":{\"@id\":\"https:\\\/\\\/ebenezer-oe.org\\\/es\\\/sobre-nosotros\\\/nuestro-trabajo\\\/#primaryimage\"},\"image\":{\"@id\":\"https:\\\/\\\/ebenezer-oe.org\\\/es\\\/sobre-nosotros\\\/nuestro-trabajo\\\/#primaryimage\"},\"thumbnailUrl\":\"https:\\\/\\\/ebenezeroe.wpengine.com\\\/wp-content\\\/uploads\\\/2021\\\/05\\\/Untitled-design-34.png\",\"datePublished\":\"2021-07-30T14:53:04+00:00\",\"dateModified\":\"2023-07-25T16:10:13+00:00\",\"breadcrumb\":{\"@id\":\"https:\\\/\\\/ebenezer-oe.org\\\/es\\\/sobre-nosotros\\\/nuestro-trabajo\\\/#breadcrumb\"},\"inLanguage\":\"es\",\"potentialAction\":[{\"@type\":\"ReadAction\",\"target\":[\"https:\\\/\\\/ebenezer-oe.org\\\/es\\\/sobre-nosotros\\\/nuestro-trabajo\\\/\"]}]},{\"@type\":\"ImageObject\",\"inLanguage\":\"es\",\"@id\":\"https:\\\/\\\/ebenezer-oe.org\\\/es\\\/sobre-nosotros\\\/nuestro-trabajo\\\/#primaryimage\",\"url\":\"https:\\\/\\\/ebenezeroe.wpengine.com\\\/wp-content\\\/uploads\\\/2021\\\/05\\\/Untitled-design-34.png\",\"contentUrl\":\"https:\\\/\\\/ebenezeroe.wpengine.com\\\/wp-content\\\/uploads\\\/2021\\\/05\\\/Untitled-design-34.png\"},{\"@type\":\"BreadcrumbList\",\"@id\":\"https:\\\/\\\/ebenezer-oe.org\\\/es\\\/sobre-nosotros\\\/nuestro-trabajo\\\/#breadcrumb\",\"itemListElement\":[{\"@type\":\"ListItem\",\"position\":1,\"name\":\"Home\",\"item\":\"https:\\\/\\\/ebenezer-oe.org\\\/es\\\/\"},{\"@type\":\"ListItem\",\"position\":2,\"name\":\"Sobre nosotros\",\"item\":\"https:\\\/\\\/ebenezer-oe.org\\\/es\\\/sobre-nosotros\\\/\"},{\"@type\":\"ListItem\",\"position\":3,\"name\":\"Nuestro Trabajo\"}]},{\"@type\":\"WebSite\",\"@id\":\"https:\\\/\\\/ebenezer-oe.org\\\/#website\",\"url\":\"https:\\\/\\\/ebenezer-oe.org\\\/\",\"name\":\"Ebenezer - Operation Exodus\",\"description\":\"\",\"publisher\":{\"@id\":\"https:\\\/\\\/ebenezer-oe.org\\\/#organization\"},\"potentialAction\":[{\"@type\":\"SearchAction\",\"target\":{\"@type\":\"EntryPoint\",\"urlTemplate\":\"https:\\\/\\\/ebenezer-oe.org\\\/?s={search_term_string}\"},\"query-input\":{\"@type\":\"PropertyValueSpecification\",\"valueRequired\":true,\"valueName\":\"search_term_string\"}}],\"inLanguage\":\"es\"},{\"@type\":\"Organization\",\"@id\":\"https:\\\/\\\/ebenezer-oe.org\\\/#organization\",\"name\":\"Ebenezer - Operation Exodus\",\"url\":\"https:\\\/\\\/ebenezer-oe.org\\\/\",\"logo\":{\"@type\":\"ImageObject\",\"inLanguage\":\"es\",\"@id\":\"https:\\\/\\\/ebenezer-oe.org\\\/#\\\/schema\\\/logo\\\/image\\\/\",\"url\":\"https:\\\/\\\/ebenezeroe.wpengine.com\\\/wp-content\\\/uploads\\\/2020\\\/09\\\/Logo_EOE_EN_Colour-Horizontal.png\",\"contentUrl\":\"https:\\\/\\\/ebenezeroe.wpengine.com\\\/wp-content\\\/uploads\\\/2020\\\/09\\\/Logo_EOE_EN_Colour-Horizontal.png\",\"width\":1922,\"height\":928,\"caption\":\"Ebenezer - Operation Exodus\"},\"image\":{\"@id\":\"https:\\\/\\\/ebenezer-oe.org\\\/#\\\/schema\\\/logo\\\/image\\\/\"},\"sameAs\":[\"https:\\\/\\\/www.facebook.com\\\/EbenezerInt\",\"https:\\\/\\\/www.instagram.com\\\/ebenezer_oe_eng\\\/\",\"https:\\\/\\\/www.youtube.com\\\/channel\\\/UC6qGHrKKeamFVz95Vd8LR1g\"]}]}<\/script>\n<!-- \/ Yoast SEO plugin. -->","yoast_head_json":{"title":"Nuestro Trabajo - Ebenezer Operation Exodus","robots":{"index":"index","follow":"follow","max-snippet":"max-snippet:-1","max-image-preview":"max-image-preview:large","max-video-preview":"max-video-preview:-1"},"canonical":"https:\/\/ebenezer-oe.org\/es\/sobre-nosotros\/nuestro-trabajo\/","og_locale":"es_ES","og_type":"article","og_title":"Nuestro Trabajo - Ebenezer Operation Exodus","og_description":"Nuestro trabajo Despu\u00e9s de la oraci\u00f3n, nuestro papel principal es ayudar al mayor n\u00famero posible de jud\u00edos a emigrar a Israel o \u00abhacer ali\u00e1\u00bb, como se le conoce en hebreo. &nbsp; Tambi\u00e9n proporcionamos ayuda humanitaria cuando es necesario, y ayuda financiera y pr\u00e1ctica en el proceso de ali\u00e1. En Israel brindamos ayuda a aquellos olim&hellip;","og_url":"https:\/\/ebenezer-oe.org\/es\/sobre-nosotros\/nuestro-trabajo\/","og_site_name":"Ebenezer Operation Exodus","article_publisher":"https:\/\/www.facebook.com\/EbenezerInt","article_modified_time":"2023-07-25T16:10:13+00:00","og_image":[{"url":"https:\/\/ebenezeroe.wpengine.com\/wp-content\/uploads\/2021\/05\/Untitled-design-34.png","type":"","width":"","height":""}],"twitter_card":"summary_large_image","twitter_misc":{"Tiempo de lectura":"3 minutos"},"schema":{"@context":"https:\/\/schema.org","@graph":[{"@type":"WebPage","@id":"https:\/\/ebenezer-oe.org\/es\/sobre-nosotros\/nuestro-trabajo\/","url":"https:\/\/ebenezer-oe.org\/es\/sobre-nosotros\/nuestro-trabajo\/","name":"Nuestro Trabajo - Ebenezer Operation Exodus","isPartOf":{"@id":"https:\/\/ebenezer-oe.org\/#website"},"primaryImageOfPage":{"@id":"https:\/\/ebenezer-oe.org\/es\/sobre-nosotros\/nuestro-trabajo\/#primaryimage"},"image":{"@id":"https:\/\/ebenezer-oe.org\/es\/sobre-nosotros\/nuestro-trabajo\/#primaryimage"},"thumbnailUrl":"https:\/\/ebenezeroe.wpengine.com\/wp-content\/uploads\/2021\/05\/Untitled-design-34.png","datePublished":"2021-07-30T14:53:04+00:00","dateModified":"2023-07-25T16:10:13+00:00","breadcrumb":{"@id":"https:\/\/ebenezer-oe.org\/es\/sobre-nosotros\/nuestro-trabajo\/#breadcrumb"},"inLanguage":"es","potentialAction":[{"@type":"ReadAction","target":["https:\/\/ebenezer-oe.org\/es\/sobre-nosotros\/nuestro-trabajo\/"]}]},{"@type":"ImageObject","inLanguage":"es","@id":"https:\/\/ebenezer-oe.org\/es\/sobre-nosotros\/nuestro-trabajo\/#primaryimage","url":"https:\/\/ebenezeroe.wpengine.com\/wp-content\/uploads\/2021\/05\/Untitled-design-34.png","contentUrl":"https:\/\/ebenezeroe.wpengine.com\/wp-content\/uploads\/2021\/05\/Untitled-design-34.png"},{"@type":"BreadcrumbList","@id":"https:\/\/ebenezer-oe.org\/es\/sobre-nosotros\/nuestro-trabajo\/#breadcrumb","itemListElement":[{"@type":"ListItem","position":1,"name":"Home","item":"https:\/\/ebenezer-oe.org\/es\/"},{"@type":"ListItem","position":2,"name":"Sobre nosotros","item":"https:\/\/ebenezer-oe.org\/es\/sobre-nosotros\/"},{"@type":"ListItem","position":3,"name":"Nuestro Trabajo"}]},{"@type":"WebSite","@id":"https:\/\/ebenezer-oe.org\/#website","url":"https:\/\/ebenezer-oe.org\/","name":"Ebenezer - Operation Exodus","description":"","publisher":{"@id":"https:\/\/ebenezer-oe.org\/#organization"},"potentialAction":[{"@type":"SearchAction","target":{"@type":"EntryPoint","urlTemplate":"https:\/\/ebenezer-oe.org\/?s={search_term_string}"},"query-input":{"@type":"PropertyValueSpecification","valueRequired":true,"valueName":"search_term_string"}}],"inLanguage":"es"},{"@type":"Organization","@id":"https:\/\/ebenezer-oe.org\/#organization","name":"Ebenezer - Operation Exodus","url":"https:\/\/ebenezer-oe.org\/","logo":{"@type":"ImageObject","inLanguage":"es","@id":"https:\/\/ebenezer-oe.org\/#\/schema\/logo\/image\/","url":"https:\/\/ebenezeroe.wpengine.com\/wp-content\/uploads\/2020\/09\/Logo_EOE_EN_Colour-Horizontal.png","contentUrl":"https:\/\/ebenezeroe.wpengine.com\/wp-content\/uploads\/2020\/09\/Logo_EOE_EN_Colour-Horizontal.png","width":1922,"height":928,"caption":"Ebenezer - Operation Exodus"},"image":{"@id":"https:\/\/ebenezer-oe.org\/#\/schema\/logo\/image\/"},"sameAs":["https:\/\/www.facebook.com\/EbenezerInt","https:\/\/www.instagram.com\/ebenezer_oe_eng\/","https:\/\/www.youtube.com\/channel\/UC6qGHrKKeamFVz95Vd8LR1g"]}]}},"_links":{"self":[{"href":"https:\/\/ebenezer-oe.org\/es\/wp-json\/wp\/v2\/pages\/26558","targetHints":{"allow":["GET"]}}],"collection":[{"href":"https:\/\/ebenezer-oe.org\/es\/wp-json\/wp\/v2\/pages"}],"about":[{"href":"https:\/\/ebenezer-oe.org\/es\/wp-json\/wp\/v2\/types\/page"}],"author":[{"embeddable":true,"href":"https:\/\/ebenezer-oe.org\/es\/wp-json\/wp\/v2\/users\/1"}],"replies":[{"embeddable":true,"href":"https:\/\/ebenezer-oe.org\/es\/wp-json\/wp\/v2\/comments?post=26558"}],"version-history":[{"count":0,"href":"https:\/\/ebenezer-oe.org\/es\/wp-json\/wp\/v2\/pages\/26558\/revisions"}],"up":[{"embeddable":true,"href":"https:\/\/ebenezer-oe.org\/es\/wp-json\/wp\/v2\/pages\/34951"}],"wp:attachment":[{"href":"https:\/\/ebenezer-oe.org\/es\/wp-json\/wp\/v2\/media?parent=26558"}],"curies":[{"name":"wp","href":"https:\/\/api.w.org\/{rel}","templated":true}]}}