{"id":36148,"date":"2021-08-05T09:50:35","date_gmt":"2021-08-05T09:50:35","guid":{"rendered":"https:\/\/ebenezer-oe.org\/donar\/"},"modified":"2024-02-19T09:15:35","modified_gmt":"2024-02-19T09:15:35","slug":"donar","status":"publish","type":"page","link":"https:\/\/ebenezer-oe.org\/es\/donar\/","title":{"rendered":"Donar"},"content":{"rendered":"\n\n\t<h2>Donar<\/h2>\n\t<p>&nbsp;<\/p>\n<p>&nbsp;<\/p>\n\t<p>El ministerio de Ebenezer Operaci\u00f3n \u00c9xodo funciona en todos los continentes y en m\u00e1s de 55 pa\u00edses.<\/p>\n<p>Si deseas asociarte con nosotros contribuyendo financieramente, te estaremos muy agradecidos.<\/p>\n\t<p>Hay varias formas de hacerlo:<\/p>\n\t\t<h3><a href=\"https:\/\/www.paypal.com\/donate?token=VlI0Sg6zXkYiT2CSdhpZMff9szrsGZOzeOsavd6MzdVzp__VwgdIIdboSYnBS_EGM9vhCNVeD0VHCCDR\" target=\"_self\" rel=\"noopener\">Paypal<\/a><\/h3><p>Dona a trav\u00e9s de una cuenta de Paypal o con tu tarjeta bancaria. (No se requiere una cuenta de Paypal)<\/p>\n\t\t\t<a href=\"https:\/\/www.paypal.com\/donate?hosted_button_id=LYA8PTHMA4ZGN\" target=\"_blank\" rel=\"noopener\">\n\t\t\t\t\t\t\tDona hoy\n\t\t\t\t\t<\/a>\n\t\t<h3><a href=\"https:\/\/ebenezeroe.wpengine.com\/es\/contactanos\/\" target=\"_self\" rel=\"noopener\">Transferencia bancaria<\/a><\/h3><p>Solicita nuestra informaci\u00f3n bancaria<\/p>\n<p>&nbsp;<\/p>\n\t\t\t<a href=\"https:\/\/ebenezer-oe.org\/es\/contactanos\/\" target=\"_self\" rel=\"noopener\">\n\t\t\t\t\t\t\tSolicita Informaci\u00f3n\n\t\t\t\t\t<\/a>\n\t\t<h3><a href=\"https:\/\/secured.israelgives.org\/donate\/Operation_Exodus_Israel?_branch_match_id=486075015344824811\" target=\"_self\" rel=\"noopener\">Israel Gives<\/a><\/h3><p>Haga clic en el bot\u00f3n de abajo para ir al sitio web de Israel Gives.<\/p>\n\t\t\t<a href=\"https:\/\/secured.israelgives.org\/donate\/Operation_Exodus_Israel?_branch_match_id=486075015344824811\" target=\"_blank\" rel=\"noopener\">\n\t\t\t\t\t\t\tIsrael Gives\n\t\t\t\t\t<\/a>\n\n","protected":false},"excerpt":{"rendered":"<p>Donar &nbsp; &nbsp; El ministerio de Ebenezer Operaci\u00f3n \u00c9xodo funciona en todos los continentes y en m\u00e1s de 55 pa\u00edses. Si deseas asociarte con nosotros contribuyendo financieramente, te estaremos muy agradecidos. Hay varias formas de hacerlo: Paypal Dona a trav\u00e9s de una cuenta de Paypal o con tu tarjeta bancaria. (No se requiere una cuenta&hellip;<\/p>\n","protected":false},"author":1,"featured_media":0,"parent":0,"menu_order":0,"comment_status":"closed","ping_status":"closed","template":"","meta":{"footnotes":""},"class_list":["post-36148","page","type-page","status-publish","hentry"],"yoast_head":"<!-- This site is optimized with the Yoast SEO plugin v27.2 - https:\/\/yoast.com\/product\/yoast-seo-wordpress\/ -->\n<title>Donar - Ebenezer Operation Exodus<\/title>\n<meta name=\"robots\" content=\"index, follow, max-snippet:-1, max-image-preview:large, max-video-preview:-1\" \/>\n<link rel=\"canonical\" href=\"https:\/\/ebenezer-oe.org\/es\/donar\/\" \/>\n<meta property=\"og:locale\" content=\"es_ES\" \/>\n<meta property=\"og:type\" content=\"article\" \/>\n<meta property=\"og:title\" content=\"Donar - Ebenezer Operation Exodus\" \/>\n<meta property=\"og:description\" content=\"Donar &nbsp; &nbsp; El ministerio de Ebenezer Operaci\u00f3n \u00c9xodo funciona en todos los continentes y en m\u00e1s de 55 pa\u00edses. Si deseas asociarte con nosotros contribuyendo financieramente, te estaremos muy agradecidos. Hay varias formas de hacerlo: Paypal Dona a trav\u00e9s de una cuenta de Paypal o con tu tarjeta bancaria. (No se requiere una cuenta&hellip;\" \/>\n<meta property=\"og:url\" content=\"https:\/\/ebenezer-oe.org\/es\/donar\/\" \/>\n<meta property=\"og:site_name\" content=\"Ebenezer Operation Exodus\" \/>\n<meta property=\"article:publisher\" content=\"https:\/\/www.facebook.com\/EbenezerInt\" \/>\n<meta property=\"article:modified_time\" content=\"2024-02-19T09:15:35+00:00\" \/>\n<meta name=\"twitter:card\" content=\"summary_large_image\" \/>\n<script type=\"application\/ld+json\" class=\"yoast-schema-graph\">{\"@context\":\"https:\/\/schema.org\",\"@graph\":[{\"@type\":\"WebPage\",\"@id\":\"https:\/\/ebenezer-oe.org\/es\/donar\/\",\"url\":\"https:\/\/ebenezer-oe.org\/es\/donar\/\",\"name\":\"Donar - Ebenezer Operation Exodus\",\"isPartOf\":{\"@id\":\"https:\/\/ebenezer-oe.org\/#website\"},\"datePublished\":\"2021-08-05T09:50:35+00:00\",\"dateModified\":\"2024-02-19T09:15:35+00:00\",\"breadcrumb\":{\"@id\":\"https:\/\/ebenezer-oe.org\/es\/donar\/#breadcrumb\"},\"inLanguage\":\"es\",\"potentialAction\":[{\"@type\":\"ReadAction\",\"target\":[\"https:\/\/ebenezer-oe.org\/es\/donar\/\"]}]},{\"@type\":\"BreadcrumbList\",\"@id\":\"https:\/\/ebenezer-oe.org\/es\/donar\/#breadcrumb\",\"itemListElement\":[{\"@type\":\"ListItem\",\"position\":1,\"name\":\"Home\",\"item\":\"https:\/\/ebenezer-oe.org\/es\/\"},{\"@type\":\"ListItem\",\"position\":2,\"name\":\"Donar\"}]},{\"@type\":\"WebSite\",\"@id\":\"https:\/\/ebenezer-oe.org\/#website\",\"url\":\"https:\/\/ebenezer-oe.org\/\",\"name\":\"Ebenezer - Operation Exodus\",\"description\":\"\",\"publisher\":{\"@id\":\"https:\/\/ebenezer-oe.org\/#organization\"},\"potentialAction\":[{\"@type\":\"SearchAction\",\"target\":{\"@type\":\"EntryPoint\",\"urlTemplate\":\"https:\/\/ebenezer-oe.org\/?s={search_term_string}\"},\"query-input\":{\"@type\":\"PropertyValueSpecification\",\"valueRequired\":true,\"valueName\":\"search_term_string\"}}],\"inLanguage\":\"es\"},{\"@type\":\"Organization\",\"@id\":\"https:\/\/ebenezer-oe.org\/#organization\",\"name\":\"Ebenezer - Operation Exodus\",\"url\":\"https:\/\/ebenezer-oe.org\/\",\"logo\":{\"@type\":\"ImageObject\",\"inLanguage\":\"es\",\"@id\":\"https:\/\/ebenezer-oe.org\/#\/schema\/logo\/image\/\",\"url\":\"https:\/\/ebenezeroe.wpengine.com\/wp-content\/uploads\/2020\/09\/Logo_EOE_EN_Colour-Horizontal.png\",\"contentUrl\":\"https:\/\/ebenezeroe.wpengine.com\/wp-content\/uploads\/2020\/09\/Logo_EOE_EN_Colour-Horizontal.png\",\"width\":1922,\"height\":928,\"caption\":\"Ebenezer - Operation Exodus\"},\"image\":{\"@id\":\"https:\/\/ebenezer-oe.org\/#\/schema\/logo\/image\/\"},\"sameAs\":[\"https:\/\/www.facebook.com\/EbenezerInt\",\"https:\/\/www.instagram.com\/ebenezer_oe_eng\/\",\"https:\/\/www.youtube.com\/channel\/UC6qGHrKKeamFVz95Vd8LR1g\"]}]}<\/script>\n<!-- \/ Yoast SEO plugin. -->","yoast_head_json":{"title":"Donar - Ebenezer Operation Exodus","robots":{"index":"index","follow":"follow","max-snippet":"max-snippet:-1","max-image-preview":"max-image-preview:large","max-video-preview":"max-video-preview:-1"},"canonical":"https:\/\/ebenezer-oe.org\/es\/donar\/","og_locale":"es_ES","og_type":"article","og_title":"Donar - Ebenezer Operation Exodus","og_description":"Donar &nbsp; &nbsp; El ministerio de Ebenezer Operaci\u00f3n \u00c9xodo funciona en todos los continentes y en m\u00e1s de 55 pa\u00edses. Si deseas asociarte con nosotros contribuyendo financieramente, te estaremos muy agradecidos. Hay varias formas de hacerlo: Paypal Dona a trav\u00e9s de una cuenta de Paypal o con tu tarjeta bancaria. (No se requiere una cuenta&hellip;","og_url":"https:\/\/ebenezer-oe.org\/es\/donar\/","og_site_name":"Ebenezer Operation Exodus","article_publisher":"https:\/\/www.facebook.com\/EbenezerInt","article_modified_time":"2024-02-19T09:15:35+00:00","twitter_card":"summary_large_image","schema":{"@context":"https:\/\/schema.org","@graph":[{"@type":"WebPage","@id":"https:\/\/ebenezer-oe.org\/es\/donar\/","url":"https:\/\/ebenezer-oe.org\/es\/donar\/","name":"Donar - Ebenezer Operation Exodus","isPartOf":{"@id":"https:\/\/ebenezer-oe.org\/#website"},"datePublished":"2021-08-05T09:50:35+00:00","dateModified":"2024-02-19T09:15:35+00:00","breadcrumb":{"@id":"https:\/\/ebenezer-oe.org\/es\/donar\/#breadcrumb"},"inLanguage":"es","potentialAction":[{"@type":"ReadAction","target":["https:\/\/ebenezer-oe.org\/es\/donar\/"]}]},{"@type":"BreadcrumbList","@id":"https:\/\/ebenezer-oe.org\/es\/donar\/#breadcrumb","itemListElement":[{"@type":"ListItem","position":1,"name":"Home","item":"https:\/\/ebenezer-oe.org\/es\/"},{"@type":"ListItem","position":2,"name":"Donar"}]},{"@type":"WebSite","@id":"https:\/\/ebenezer-oe.org\/#website","url":"https:\/\/ebenezer-oe.org\/","name":"Ebenezer - Operation Exodus","description":"","publisher":{"@id":"https:\/\/ebenezer-oe.org\/#organization"},"potentialAction":[{"@type":"SearchAction","target":{"@type":"EntryPoint","urlTemplate":"https:\/\/ebenezer-oe.org\/?s={search_term_string}"},"query-input":{"@type":"PropertyValueSpecification","valueRequired":true,"valueName":"search_term_string"}}],"inLanguage":"es"},{"@type":"Organization","@id":"https:\/\/ebenezer-oe.org\/#organization","name":"Ebenezer - Operation Exodus","url":"https:\/\/ebenezer-oe.org\/","logo":{"@type":"ImageObject","inLanguage":"es","@id":"https:\/\/ebenezer-oe.org\/#\/schema\/logo\/image\/","url":"https:\/\/ebenezeroe.wpengine.com\/wp-content\/uploads\/2020\/09\/Logo_EOE_EN_Colour-Horizontal.png","contentUrl":"https:\/\/ebenezeroe.wpengine.com\/wp-content\/uploads\/2020\/09\/Logo_EOE_EN_Colour-Horizontal.png","width":1922,"height":928,"caption":"Ebenezer - Operation Exodus"},"image":{"@id":"https:\/\/ebenezer-oe.org\/#\/schema\/logo\/image\/"},"sameAs":["https:\/\/www.facebook.com\/EbenezerInt","https:\/\/www.instagram.com\/ebenezer_oe_eng\/","https:\/\/www.youtube.com\/channel\/UC6qGHrKKeamFVz95Vd8LR1g"]}]}},"_links":{"self":[{"href":"https:\/\/ebenezer-oe.org\/es\/wp-json\/wp\/v2\/pages\/36148","targetHints":{"allow":["GET"]}}],"collection":[{"href":"https:\/\/ebenezer-oe.org\/es\/wp-json\/wp\/v2\/pages"}],"about":[{"href":"https:\/\/ebenezer-oe.org\/es\/wp-json\/wp\/v2\/types\/page"}],"author":[{"embeddable":true,"href":"https:\/\/ebenezer-oe.org\/es\/wp-json\/wp\/v2\/users\/1"}],"replies":[{"embeddable":true,"href":"https:\/\/ebenezer-oe.org\/es\/wp-json\/wp\/v2\/comments?post=36148"}],"version-history":[{"count":0,"href":"https:\/\/ebenezer-oe.org\/es\/wp-json\/wp\/v2\/pages\/36148\/revisions"}],"wp:attachment":[{"href":"https:\/\/ebenezer-oe.org\/es\/wp-json\/wp\/v2\/media?parent=36148"}],"curies":[{"name":"wp","href":"https:\/\/api.w.org\/{rel}","templated":true}]}}