{"id":36150,"date":"2021-08-05T10:14:58","date_gmt":"2021-08-05T10:14:58","guid":{"rendered":"https:\/\/ebenezer-oe.org\/voluntariado\/"},"modified":"2025-12-09T12:45:27","modified_gmt":"2025-12-09T12:45:27","slug":"voluntariado","status":"publish","type":"page","link":"https:\/\/ebenezer-oe.org\/es\/asociate-con-nosotros\/voluntariado\/","title":{"rendered":"Voluntariado"},"content":{"rendered":"\n<h1>\n\t\t\tVoluntariado\t<\/h1>\n\t<p><em>\u00abSeg\u00fan cada uno ha recibido un don especial, \u00faselo sirvi\u00e9ndo los unos a los otros, como buenos administradores de la multiforme gracia de Dios\u00bb <\/em><\/p>\n<p><em>(1 Pedro 4:10)<\/em><\/p>\n\t<h2>Tenemos muchas oportunidades en diferentes partes del mundo para aquellos llamados a servir como voluntarios &#8230;<\/h2>\n\t<p>Cada a\u00f1o, decenas de miles de jud\u00edos de todas partes del mundo toman la trascendental decisi\u00f3n de dejar su pa\u00eds y mudarse a Israel o \u00abhacer ali\u00e1\u00bb, como se le conoce.<\/p>\n<p>Puede ser un proceso dif\u00edcil, especialmente en algunas partes del mundo. Para ayudarlos, nuestros voluntarios se unen a ellos y ayudan de varias maneras. <\/p>\n\t<p>Elegir servir con Ebenezer Operaci\u00f3n \u00c9xodo te dar\u00e1 la oportunidad de usar tus dones y habilidades dados por Dios para participar de primera mano en la ali\u00e1 del pueblo jud\u00edo. Es un momento asombroso y muchos descubren que sus vidas cambian de formas que apenas podr\u00edan haber imaginado, aunque a menudo existe la necesidad de perseverar cuando las tareas son agotadoras o el despertador suena en momentos inoportunos.<\/p>\n<p>Adem\u00e1s, no hace falta decir que si eliges servir con nosotros, debes poder y estar dispuesto a trabajar como miembro de un equipo.<\/p>\n<h2>\n\t\t\tTestimonios\t<\/h2>\n\t\t\t\t<img decoding=\"async\" data-src=\"https:\/\/ebenezeroe.wpengine.com\/wp-content\/uploads\/2021\/05\/vol-mex-daniela-150x150.jpg\" alt=\"vol-mex-daniela\" itemprop=\"image\" title=\"vol-mex-daniela\" onerror=\"this.style.display='none'\" src=\"data:image\/svg+xml;base64,PHN2ZyB3aWR0aD0iMSIgaGVpZ2h0PSIxIiB4bWxucz0iaHR0cDovL3d3dy53My5vcmcvMjAwMC9zdmciPjwvc3ZnPg==\" class=\"lazyload\" style=\"--smush-placeholder-width: 150px; --smush-placeholder-aspect-ratio: 150\/150;\" \/>\n\t<p>Daniela<\/p>\n\t<p>Voluntaria en Argentina<\/p>\n\t<p><i>\u00ab<\/i><i>Pas\u00e9 6 meses en la hermosa Argentina, hablando en iglesias y con el pueblo jud\u00edo sobre la ali\u00e1. Crec\u00ed en la comprensi\u00f3n del amor de Dios por Su pueblo. Soy mexicana, as\u00ed que pens\u00e9 que estar en un pa\u00eds de habla hispana ser\u00eda f\u00e1cil; a\u00fan as\u00ed hab\u00eda desaf\u00edos, pero los desaf\u00edos me hicieron darme cuenta de que el amor pr\u00e1ctico cambia a las personas, Su amor por el pueblo jud\u00edo tambi\u00e9n me cambi\u00f3 a m\u00ed\u00bb.<\/i><\/p>\n\t\t\t\t<img decoding=\"async\" data-src=\"https:\/\/ebenezeroe.wpengine.com\/wp-content\/uploads\/2021\/05\/vol-scot-guy-150x150.jpg\" alt=\"vol-scot-guy\" itemprop=\"image\" title=\"vol-scot-guy\" onerror=\"this.style.display='none'\" src=\"data:image\/svg+xml;base64,PHN2ZyB3aWR0aD0iMSIgaGVpZ2h0PSIxIiB4bWxucz0iaHR0cDovL3d3dy53My5vcmcvMjAwMC9zdmciPjwvc3ZnPg==\" class=\"lazyload\" style=\"--smush-placeholder-width: 150px; --smush-placeholder-aspect-ratio: 150\/150;\" \/>\n\t<p>Guy<\/p>\n\t<p>Voluntario en Ucrania<\/p>\n\t<p><i>\u00ab<\/i><i>Mi tiempo como voluntario revel\u00f3 que la santidad y las cosas espirituales de Dios pueden ocurrir a trav\u00e9s de tareas cotidianas pr\u00e1cticas, aparentemente ordinarias; como ayudar a los jud\u00edos en un aeropuerto. Puedes impactar a los dem\u00e1s simplemente siendo un recipiente para que el Se\u00f1or muestre Su amor y car\u00e1cter a trav\u00e9s de ti y tus acciones. El simple hecho de estar &#8216;all\u00ed&#8217; es todo lo que el Se\u00f1or necesita para trabajar\u00bb.<\/i><\/p>\n\t\t\t\t<img decoding=\"async\" data-src=\"https:\/\/ebenezeroe.wpengine.com\/wp-content\/uploads\/2021\/05\/vol-fr-sarah-150x150.jpg\" alt=\"vol-fr-sarah\" itemprop=\"image\" title=\"vol-fr-sarah\" onerror=\"this.style.display='none'\" src=\"data:image\/svg+xml;base64,PHN2ZyB3aWR0aD0iMSIgaGVpZ2h0PSIxIiB4bWxucz0iaHR0cDovL3d3dy53My5vcmcvMjAwMC9zdmciPjwvc3ZnPg==\" class=\"lazyload\" style=\"--smush-placeholder-width: 150px; --smush-placeholder-aspect-ratio: 150\/150;\" \/>\n\t<p>Sarah<\/p>\n\t<p>Voluntaria en la FSU<\/p>\n\t<p><i>\u00ab<\/i><i>Escuch\u00e9 a un miembro del equipo de la FSU hablar de su trabajo con tanta alegr\u00eda y supe que ten\u00eda que ayudar. A pesar de muchas preguntas, sab\u00eda que esto era lo que quer\u00eda hacer y Dios lo confirm\u00f3. Cada d\u00eda me sent\u00eda m\u00e1s cerca de \u00c9l. Mi viaje cambi\u00f3 mi vida por completo: Dios se convirti\u00f3 en mi primera prioridad y ahora, cuando leo mi Biblia, entiendo Su plan para el pueblo jud\u00edo, \u00a1porque estuve all\u00ed para presenciarlo!\u00bb.<\/i><\/p>\n<h1>\n\t\t\tNos encantar\u00eda saber de ti.\t<\/h1>\n\t<p>Si deseas participar y sientes que Dios te est\u00e1 llamando para que dediques algo de tiempo como voluntario, por favor contacta con nosotros. D\u00e1nos un breve testimonio de c\u00f3mo Dios te ha hablado a tu coraz\u00f3n y qu\u00e9 habilidades y talentos tienes para ofrecer.<\/p>\n\t\t\t<a href=\"https:\/\/ebenezer-oe.org\/es\/contactanos\/\" target=\"_self\">\n\t\t\t\t\t\t\tVoluntariado\n\t\t\t\t\t<\/a>\n\t<p>(Es probable, debido a las restricciones de viaje impuestas por la pandemia de Covid, que inicialmente solo podamos ofrecerte una ubicaci\u00f3n en tu pa\u00eds de origen, aunque esperamos que eso cambie pronto. Consulta la situaci\u00f3n actual con nosotros cuando nos <a href=\"https:\/\/ebenezeroe.wpengine.com\/es\/contactanos\/\">contacte<\/a>.)<\/p>\n\n","protected":false},"excerpt":{"rendered":"<p>Voluntariado \u00abSeg\u00fan cada uno ha recibido un don especial, \u00faselo sirvi\u00e9ndo los unos a los otros, como buenos administradores de la multiforme gracia de Dios\u00bb (1 Pedro 4:10) Tenemos muchas oportunidades en diferentes partes del mundo para aquellos llamados a servir como voluntarios &#8230; Cada a\u00f1o, decenas de miles de jud\u00edos de todas partes del&hellip;<\/p>\n","protected":false},"author":1,"featured_media":0,"parent":36511,"menu_order":2,"comment_status":"closed","ping_status":"closed","template":"","meta":{"footnotes":""},"class_list":["post-36150","page","type-page","status-publish","hentry"],"yoast_head":"<!-- This site is optimized with the Yoast SEO plugin v27.4 - https:\/\/yoast.com\/product\/yoast-seo-wordpress\/ -->\n<title>Voluntariado - Ebenezer Operation Exodus<\/title>\n<meta name=\"robots\" content=\"index, follow, max-snippet:-1, max-image-preview:large, max-video-preview:-1\" \/>\n<link rel=\"canonical\" href=\"https:\/\/ebenezer-oe.org\/es\/asociate-con-nosotros\/voluntariado\/\" \/>\n<meta property=\"og:locale\" content=\"es_ES\" \/>\n<meta property=\"og:type\" content=\"article\" \/>\n<meta property=\"og:title\" content=\"Voluntariado - Ebenezer Operation Exodus\" \/>\n<meta property=\"og:description\" content=\"Voluntariado \u00abSeg\u00fan cada uno ha recibido un don especial, \u00faselo sirvi\u00e9ndo los unos a los otros, como buenos administradores de la multiforme gracia de Dios\u00bb (1 Pedro 4:10) Tenemos muchas oportunidades en diferentes partes del mundo para aquellos llamados a servir como voluntarios &#8230; Cada a\u00f1o, decenas de miles de jud\u00edos de todas partes del&hellip;\" \/>\n<meta property=\"og:url\" content=\"https:\/\/ebenezer-oe.org\/es\/asociate-con-nosotros\/voluntariado\/\" \/>\n<meta property=\"og:site_name\" content=\"Ebenezer Operation Exodus\" \/>\n<meta property=\"article:publisher\" content=\"https:\/\/www.facebook.com\/EbenezerInt\" \/>\n<meta property=\"article:modified_time\" content=\"2025-12-09T12:45:27+00:00\" \/>\n<meta property=\"og:image\" content=\"https:\/\/ebenezeroe.wpengine.com\/wp-content\/uploads\/2021\/05\/vol-mex-daniela-150x150.jpg\" \/>\n<meta name=\"twitter:card\" content=\"summary_large_image\" \/>\n<meta name=\"twitter:label1\" content=\"Tiempo de lectura\" \/>\n\t<meta name=\"twitter:data1\" content=\"3 minutos\" \/>\n<script type=\"application\/ld+json\" class=\"yoast-schema-graph\">{\"@context\":\"https:\\\/\\\/schema.org\",\"@graph\":[{\"@type\":\"WebPage\",\"@id\":\"https:\\\/\\\/ebenezer-oe.org\\\/es\\\/asociate-con-nosotros\\\/voluntariado\\\/\",\"url\":\"https:\\\/\\\/ebenezer-oe.org\\\/es\\\/asociate-con-nosotros\\\/voluntariado\\\/\",\"name\":\"Voluntariado - Ebenezer Operation Exodus\",\"isPartOf\":{\"@id\":\"https:\\\/\\\/ebenezer-oe.org\\\/#website\"},\"primaryImageOfPage\":{\"@id\":\"https:\\\/\\\/ebenezer-oe.org\\\/es\\\/asociate-con-nosotros\\\/voluntariado\\\/#primaryimage\"},\"image\":{\"@id\":\"https:\\\/\\\/ebenezer-oe.org\\\/es\\\/asociate-con-nosotros\\\/voluntariado\\\/#primaryimage\"},\"thumbnailUrl\":\"https:\\\/\\\/ebenezeroe.wpengine.com\\\/wp-content\\\/uploads\\\/2021\\\/05\\\/vol-mex-daniela-150x150.jpg\",\"datePublished\":\"2021-08-05T10:14:58+00:00\",\"dateModified\":\"2025-12-09T12:45:27+00:00\",\"breadcrumb\":{\"@id\":\"https:\\\/\\\/ebenezer-oe.org\\\/es\\\/asociate-con-nosotros\\\/voluntariado\\\/#breadcrumb\"},\"inLanguage\":\"es\",\"potentialAction\":[{\"@type\":\"ReadAction\",\"target\":[\"https:\\\/\\\/ebenezer-oe.org\\\/es\\\/asociate-con-nosotros\\\/voluntariado\\\/\"]}]},{\"@type\":\"ImageObject\",\"inLanguage\":\"es\",\"@id\":\"https:\\\/\\\/ebenezer-oe.org\\\/es\\\/asociate-con-nosotros\\\/voluntariado\\\/#primaryimage\",\"url\":\"https:\\\/\\\/ebenezeroe.wpengine.com\\\/wp-content\\\/uploads\\\/2021\\\/05\\\/vol-mex-daniela-150x150.jpg\",\"contentUrl\":\"https:\\\/\\\/ebenezeroe.wpengine.com\\\/wp-content\\\/uploads\\\/2021\\\/05\\\/vol-mex-daniela-150x150.jpg\"},{\"@type\":\"BreadcrumbList\",\"@id\":\"https:\\\/\\\/ebenezer-oe.org\\\/es\\\/asociate-con-nosotros\\\/voluntariado\\\/#breadcrumb\",\"itemListElement\":[{\"@type\":\"ListItem\",\"position\":1,\"name\":\"Home\",\"item\":\"https:\\\/\\\/ebenezer-oe.org\\\/es\\\/\"},{\"@type\":\"ListItem\",\"position\":2,\"name\":\"As\u00f3ciate con nosotros\",\"item\":\"https:\\\/\\\/ebenezer-oe.org\\\/es\\\/asociate-con-nosotros\\\/\"},{\"@type\":\"ListItem\",\"position\":3,\"name\":\"Voluntariado\"}]},{\"@type\":\"WebSite\",\"@id\":\"https:\\\/\\\/ebenezer-oe.org\\\/#website\",\"url\":\"https:\\\/\\\/ebenezer-oe.org\\\/\",\"name\":\"Ebenezer - Operation Exodus\",\"description\":\"\",\"publisher\":{\"@id\":\"https:\\\/\\\/ebenezer-oe.org\\\/#organization\"},\"potentialAction\":[{\"@type\":\"SearchAction\",\"target\":{\"@type\":\"EntryPoint\",\"urlTemplate\":\"https:\\\/\\\/ebenezer-oe.org\\\/?s={search_term_string}\"},\"query-input\":{\"@type\":\"PropertyValueSpecification\",\"valueRequired\":true,\"valueName\":\"search_term_string\"}}],\"inLanguage\":\"es\"},{\"@type\":\"Organization\",\"@id\":\"https:\\\/\\\/ebenezer-oe.org\\\/#organization\",\"name\":\"Ebenezer - Operation Exodus\",\"url\":\"https:\\\/\\\/ebenezer-oe.org\\\/\",\"logo\":{\"@type\":\"ImageObject\",\"inLanguage\":\"es\",\"@id\":\"https:\\\/\\\/ebenezer-oe.org\\\/#\\\/schema\\\/logo\\\/image\\\/\",\"url\":\"https:\\\/\\\/ebenezeroe.wpengine.com\\\/wp-content\\\/uploads\\\/2020\\\/09\\\/Logo_EOE_EN_Colour-Horizontal.png\",\"contentUrl\":\"https:\\\/\\\/ebenezeroe.wpengine.com\\\/wp-content\\\/uploads\\\/2020\\\/09\\\/Logo_EOE_EN_Colour-Horizontal.png\",\"width\":1922,\"height\":928,\"caption\":\"Ebenezer - Operation Exodus\"},\"image\":{\"@id\":\"https:\\\/\\\/ebenezer-oe.org\\\/#\\\/schema\\\/logo\\\/image\\\/\"},\"sameAs\":[\"https:\\\/\\\/www.facebook.com\\\/EbenezerInt\",\"https:\\\/\\\/www.instagram.com\\\/ebenezer_oe_eng\\\/\",\"https:\\\/\\\/www.youtube.com\\\/channel\\\/UC6qGHrKKeamFVz95Vd8LR1g\"]}]}<\/script>\n<!-- \/ Yoast SEO plugin. -->","yoast_head_json":{"title":"Voluntariado - Ebenezer Operation Exodus","robots":{"index":"index","follow":"follow","max-snippet":"max-snippet:-1","max-image-preview":"max-image-preview:large","max-video-preview":"max-video-preview:-1"},"canonical":"https:\/\/ebenezer-oe.org\/es\/asociate-con-nosotros\/voluntariado\/","og_locale":"es_ES","og_type":"article","og_title":"Voluntariado - Ebenezer Operation Exodus","og_description":"Voluntariado \u00abSeg\u00fan cada uno ha recibido un don especial, \u00faselo sirvi\u00e9ndo los unos a los otros, como buenos administradores de la multiforme gracia de Dios\u00bb (1 Pedro 4:10) Tenemos muchas oportunidades en diferentes partes del mundo para aquellos llamados a servir como voluntarios &#8230; Cada a\u00f1o, decenas de miles de jud\u00edos de todas partes del&hellip;","og_url":"https:\/\/ebenezer-oe.org\/es\/asociate-con-nosotros\/voluntariado\/","og_site_name":"Ebenezer Operation Exodus","article_publisher":"https:\/\/www.facebook.com\/EbenezerInt","article_modified_time":"2025-12-09T12:45:27+00:00","og_image":[{"url":"https:\/\/ebenezeroe.wpengine.com\/wp-content\/uploads\/2021\/05\/vol-mex-daniela-150x150.jpg","type":"","width":"","height":""}],"twitter_card":"summary_large_image","twitter_misc":{"Tiempo de lectura":"3 minutos"},"schema":{"@context":"https:\/\/schema.org","@graph":[{"@type":"WebPage","@id":"https:\/\/ebenezer-oe.org\/es\/asociate-con-nosotros\/voluntariado\/","url":"https:\/\/ebenezer-oe.org\/es\/asociate-con-nosotros\/voluntariado\/","name":"Voluntariado - Ebenezer Operation Exodus","isPartOf":{"@id":"https:\/\/ebenezer-oe.org\/#website"},"primaryImageOfPage":{"@id":"https:\/\/ebenezer-oe.org\/es\/asociate-con-nosotros\/voluntariado\/#primaryimage"},"image":{"@id":"https:\/\/ebenezer-oe.org\/es\/asociate-con-nosotros\/voluntariado\/#primaryimage"},"thumbnailUrl":"https:\/\/ebenezeroe.wpengine.com\/wp-content\/uploads\/2021\/05\/vol-mex-daniela-150x150.jpg","datePublished":"2021-08-05T10:14:58+00:00","dateModified":"2025-12-09T12:45:27+00:00","breadcrumb":{"@id":"https:\/\/ebenezer-oe.org\/es\/asociate-con-nosotros\/voluntariado\/#breadcrumb"},"inLanguage":"es","potentialAction":[{"@type":"ReadAction","target":["https:\/\/ebenezer-oe.org\/es\/asociate-con-nosotros\/voluntariado\/"]}]},{"@type":"ImageObject","inLanguage":"es","@id":"https:\/\/ebenezer-oe.org\/es\/asociate-con-nosotros\/voluntariado\/#primaryimage","url":"https:\/\/ebenezeroe.wpengine.com\/wp-content\/uploads\/2021\/05\/vol-mex-daniela-150x150.jpg","contentUrl":"https:\/\/ebenezeroe.wpengine.com\/wp-content\/uploads\/2021\/05\/vol-mex-daniela-150x150.jpg"},{"@type":"BreadcrumbList","@id":"https:\/\/ebenezer-oe.org\/es\/asociate-con-nosotros\/voluntariado\/#breadcrumb","itemListElement":[{"@type":"ListItem","position":1,"name":"Home","item":"https:\/\/ebenezer-oe.org\/es\/"},{"@type":"ListItem","position":2,"name":"As\u00f3ciate con nosotros","item":"https:\/\/ebenezer-oe.org\/es\/asociate-con-nosotros\/"},{"@type":"ListItem","position":3,"name":"Voluntariado"}]},{"@type":"WebSite","@id":"https:\/\/ebenezer-oe.org\/#website","url":"https:\/\/ebenezer-oe.org\/","name":"Ebenezer - Operation Exodus","description":"","publisher":{"@id":"https:\/\/ebenezer-oe.org\/#organization"},"potentialAction":[{"@type":"SearchAction","target":{"@type":"EntryPoint","urlTemplate":"https:\/\/ebenezer-oe.org\/?s={search_term_string}"},"query-input":{"@type":"PropertyValueSpecification","valueRequired":true,"valueName":"search_term_string"}}],"inLanguage":"es"},{"@type":"Organization","@id":"https:\/\/ebenezer-oe.org\/#organization","name":"Ebenezer - Operation Exodus","url":"https:\/\/ebenezer-oe.org\/","logo":{"@type":"ImageObject","inLanguage":"es","@id":"https:\/\/ebenezer-oe.org\/#\/schema\/logo\/image\/","url":"https:\/\/ebenezeroe.wpengine.com\/wp-content\/uploads\/2020\/09\/Logo_EOE_EN_Colour-Horizontal.png","contentUrl":"https:\/\/ebenezeroe.wpengine.com\/wp-content\/uploads\/2020\/09\/Logo_EOE_EN_Colour-Horizontal.png","width":1922,"height":928,"caption":"Ebenezer - Operation Exodus"},"image":{"@id":"https:\/\/ebenezer-oe.org\/#\/schema\/logo\/image\/"},"sameAs":["https:\/\/www.facebook.com\/EbenezerInt","https:\/\/www.instagram.com\/ebenezer_oe_eng\/","https:\/\/www.youtube.com\/channel\/UC6qGHrKKeamFVz95Vd8LR1g"]}]}},"_links":{"self":[{"href":"https:\/\/ebenezer-oe.org\/es\/wp-json\/wp\/v2\/pages\/36150","targetHints":{"allow":["GET"]}}],"collection":[{"href":"https:\/\/ebenezer-oe.org\/es\/wp-json\/wp\/v2\/pages"}],"about":[{"href":"https:\/\/ebenezer-oe.org\/es\/wp-json\/wp\/v2\/types\/page"}],"author":[{"embeddable":true,"href":"https:\/\/ebenezer-oe.org\/es\/wp-json\/wp\/v2\/users\/1"}],"replies":[{"embeddable":true,"href":"https:\/\/ebenezer-oe.org\/es\/wp-json\/wp\/v2\/comments?post=36150"}],"version-history":[{"count":0,"href":"https:\/\/ebenezer-oe.org\/es\/wp-json\/wp\/v2\/pages\/36150\/revisions"}],"up":[{"embeddable":true,"href":"https:\/\/ebenezer-oe.org\/es\/wp-json\/wp\/v2\/pages\/36511"}],"wp:attachment":[{"href":"https:\/\/ebenezer-oe.org\/es\/wp-json\/wp\/v2\/media?parent=36150"}],"curies":[{"name":"wp","href":"https:\/\/api.w.org\/{rel}","templated":true}]}}