{"id":36497,"date":"2021-08-06T04:50:05","date_gmt":"2021-08-06T04:50:05","guid":{"rendered":"https:\/\/ebenezer-oe.org\/haciendo-alia\/"},"modified":"2023-07-25T16:18:37","modified_gmt":"2023-07-25T16:18:37","slug":"haciendo-alia","status":"publish","type":"page","link":"https:\/\/ebenezer-oe.org\/es\/haciendo-alia\/","title":{"rendered":"Haciendo Ali\u00e1"},"content":{"rendered":"\n<h2>\n\t\tHaciendo ali\u00e1\n\t<\/h2>\n\t<p>Ayud\u00e1ndote a llegar a casa.<\/p>\n\t<p>Desde 1991, hemos ayudado a m\u00e1s de 200 000 olim a hacer ali\u00e1 desde muchas naciones del mundo.<\/p>\n<p>Estamos aqu\u00ed para hacer que el proceso de ali\u00e1 sea m\u00e1s c\u00f3modo.<\/p>\n<p>&nbsp;<\/p>\n\t<p>En la antigua Uni\u00f3n Sovi\u00e9tica y en otras naciones, nuestros equipos encuentran y alientan al pueblo jud\u00edo a regresar a Israel en cumplimiento de la profec\u00eda b\u00edblica. Compartimos las Escrituras sobre los pactos de Dios y las promesas que \u00c9l les hizo. Brindamos apoyo, esperanza, ayuda pr\u00e1ctica y, en ocasiones, asistencia financiera.<\/p>\n\t\t\t<a href=\"https:\/\/ebenezer-oe.org\/es\/contactanos\/\" target=\"_self\" rel=\"noopener\">\n\t\t\t\t\t\t\tMe gustar\u00eda recibir m\u00e1s informaci\u00f3n\n\t\t\t\t\t<\/a>\n\t<p><i><b>\u00ab<\/b>Cada jud\u00edo tiene derecho a venir a este pa\u00eds como ol\u00e9<b>\u00bb<\/b><\/i><\/p>\n<p><b><\/b><i>&#8211; <\/i>Ley del Retorno del Gobierno israel\u00ed, 1950.<\/p>\n\t<p>Para los aspirantes a olim:<\/p>\n<h2>\n\t\tCasa Haifa\n\t<\/h2>\n\t<p>El proceso de solicitud de ali\u00e1 requiere que poseas una direcci\u00f3n de residencia en Israel antes de tu llegada. Nuestra Casa de Haifa para los olim, en el norte de Israel, ofrece a los nuevos inmigrantes un primer lugar para quedarse cuando hacen ali\u00e1.<\/p>\n<p>Estamos aqu\u00ed para ayudarte, brind\u00e1ndote ayuda pr\u00e1ctica a lo largo de tu viaje de ali\u00e1. Todo nuestro apoyo se adapta a tus necesidades y a nuestra capacidad de ayudar. Por favor, completa el formulario de contacto que est\u00e1 a continuaci\u00f3n y te pondremos en contacto con alguien de tu pa\u00eds.<\/p>\n\t\t\t<a href=\"https:\/\/ebenezer-oe.org\/es\/contactanos\/\" target=\"_self\" rel=\"noopener\">\n\t\t\t\t\t\t\tDescubre m\u00e1s\n\t\t\t\t\t<\/a>\n\t<iframe title=\"Do you want to make Aliyah? | Haifa House\" width=\"500\" height=\"281\" data-src=\"https:\/\/www.youtube.com\/embed\/chtVyv24xYc?feature=oembed\" frameborder=\"0\" allow=\"accelerometer; autoplay; clipboard-write; encrypted-media; gyroscope; picture-in-picture\" allowfullscreen src=\"data:image\/svg+xml;base64,PHN2ZyB3aWR0aD0iMSIgaGVpZ2h0PSIxIiB4bWxucz0iaHR0cDovL3d3dy53My5vcmcvMjAwMC9zdmciPjwvc3ZnPg==\" class=\"lazyload\" data-load-mode=\"1\"><\/iframe>\n\t<p><em><i>\u00ab<\/i>No temas, porque Yo estoy contigo; Traer\u00e9 a tu descendencia del oriente, Y te reunir\u00e1 desde el oeste. Le dir\u00e9 al norte: \u00ab\u00a1Entr\u00e9galos!\u00bb Y hacia el sur, \u00abNo los retengas\u00bb. \u00abTrae a Mis hijos de lejos, Y a Mis hijas desde los confines de la tierra, Todo aquel que es llamado por Mi nombre, Y a quien he creado para Mi gloria&#8230;<b><i>\u00bb.<\/i><\/b><\/em><\/p>\n<p>Isa\u00edas 43:5-7a<\/p>\n<h2>\n\t\t\u00bfTe gustar\u00eda recibir m\u00e1s informaci\u00f3n?\n\t<\/h2>\n\t<p>Cont\u00e1ctanos hoy si te gustar\u00eda recibir m\u00e1s informaci\u00f3n acerca de hacer ali\u00e1.<\/p>\n\t\t\t<a href=\"https:\/\/ebenezer-oe.org\/es\/contactanos\/\" target=\"_self\" rel=\"noopener\">\n\t\t\t\t\t\t\tMe gustar\u00eda recibir m\u00e1s informaci\u00f3n\n\t\t\t\t\t<\/a>\n<h2>\n\t\tTestimonios\n\t<\/h2>\n\t\t\t\t<img decoding=\"async\" data-src=\"https:\/\/ebenezeroe.wpengine.com\/wp-content\/uploads\/2021\/05\/46.png\" alt=\"46\" itemprop=\"image\" title=\"46\" onerror=\"this.style.display='none'\" src=\"data:image\/svg+xml;base64,PHN2ZyB3aWR0aD0iMSIgaGVpZ2h0PSIxIiB4bWxucz0iaHR0cDovL3d3dy53My5vcmcvMjAwMC9zdmciPjwvc3ZnPg==\" class=\"lazyload\" \/>\n\t<p>Shayan<\/p>\n\t<p>EUA<\/p>\n\t<p><i>\u00abNo hay lugar donde me sienta m\u00e1s conectado espiritualmente, m\u00e1s puro emocionalmente y m\u00e1s motivado. No hay lugar como el hogar. Mi misi\u00f3n es animar a todas las personas jud\u00edas que conozco a realizar el sue\u00f1o de hacer ali\u00e1, regresar a Israel para escribir juntos el pr\u00f3ximo cap\u00edtulo en la historia de nuestro pueblo&#8230; No puedo esperar para regresar al lugar donde mi coraz\u00f3n, cuerpo y alma pertenecen y hacer mi propio hogar en Eretz Yisrael. \u00a1El pueblo jud\u00edo nunca ha estado m\u00e1s vivo y pleno!\u00bb.<\/i><\/p>\n\t\t\t\t<img decoding=\"async\" data-src=\"https:\/\/ebenezeroe.wpengine.com\/wp-content\/uploads\/2021\/05\/47.png\" alt=\"47\" itemprop=\"image\" title=\"47\" onerror=\"this.style.display='none'\" src=\"data:image\/svg+xml;base64,PHN2ZyB3aWR0aD0iMSIgaGVpZ2h0PSIxIiB4bWxucz0iaHR0cDovL3d3dy53My5vcmcvMjAwMC9zdmciPjwvc3ZnPg==\" class=\"lazyload\" \/>\n\tBoris y Tamara<strong><br \/>\n<\/strong>\n\t<p>Georgia<\/p>\n\t<p><i>\u00abNuestro hijo sirvi\u00f3 en el FDI [Israeli Defense Force] , se gradu\u00f3 de la universidad, se cas\u00f3 y ahora tiene una familia. Queremos vivir el resto de nuestras vidas en Israel junto a nuestro hijo y nietos, y Ebenezer Operaci\u00f3n \u00c9xodo nos ayudar\u00e1. Estamos muy agradecidos por el trabajo que hacen y por nuestra relaci\u00f3n de largos a\u00f1os con ellos, ayudando a otros olim. Estamos muy emocionados, porque ahora es nuestro turno. \u00a1No podemos esperar!\u00bb.<\/i><\/p>\n\t\t\t\t<img decoding=\"async\" data-src=\"https:\/\/ebenezeroe.wpengine.com\/wp-content\/uploads\/2021\/05\/48.png\" alt=\"48\" itemprop=\"image\" title=\"48\" onerror=\"this.style.display='none'\" src=\"data:image\/svg+xml;base64,PHN2ZyB3aWR0aD0iMSIgaGVpZ2h0PSIxIiB4bWxucz0iaHR0cDovL3d3dy53My5vcmcvMjAwMC9zdmciPjwvc3ZnPg==\" class=\"lazyload\" \/>\n\tSaray<strong><br \/>\n<\/strong>\n\t<p>Colombia<\/p>\n\t<p><i>\u00ab<\/i>Mi familia me ense\u00f1\u00f3 que Israel era mi naci\u00f3n, y que Colombia me cri\u00f3 y me mostr\u00f3 a d\u00f3nde ir y que no ten\u00eda que sentir frustraci\u00f3n cuando regresar a Israel se volviera dif\u00edcil, que iba a suceder en el momento adecuado. Todo lo que hice en Colombia lo hice pensando en mi ali\u00e1. Incre\u00edblemente, apareci\u00f3 Ebenezer Operaci\u00f3n \u00c9xodo y nos brind\u00f3 todo el apoyo que faltaba, particularmente para los muchos traslados y las condiciones especiales requeridas para hacer el viaje m\u00e1s seguro para mi abuela, de \u00a193 a\u00f1os!\u00bb.<\/p>\n\t\t\t\t<img decoding=\"async\" data-src=\"https:\/\/ebenezeroe.wpengine.com\/wp-content\/uploads\/2021\/05\/45.png\" alt=\"45\" itemprop=\"image\" title=\"45\" onerror=\"this.style.display='none'\" src=\"data:image\/svg+xml;base64,PHN2ZyB3aWR0aD0iMSIgaGVpZ2h0PSIxIiB4bWxucz0iaHR0cDovL3d3dy53My5vcmcvMjAwMC9zdmciPjwvc3ZnPg==\" class=\"lazyload\" \/>\n\tJerret &amp; Familia<strong><br \/>\n<\/strong>\n\t<p>EU<\/p>\n\t<p><i>\u00ab<\/i>\u00a1Hay tanto en nuestra mente! Estamos haciendo ali\u00e1 porque creemos que es una obligaci\u00f3n el ir a Israel. No vamos a tener todas las comodidades; no vamos a tener el mismo sistema de apoyo, etc. Pero esto es lo correcto: estar con nuestros \u00abhermanos\u00bb y \u00abhermanas\u00bb en nuestra Tierra Santa, respirando toda la espiritualidad y la rica historia de nuestra tierra y conect\u00e1ndonos con la Tierra de Israel, \u00abuna Tierra viva\u00bb, que creemos que tiene una habilidad incre\u00edble para llevarnos a elevados niveles espirituales\u00bb.<\/p>\n\n","protected":false},"excerpt":{"rendered":"<p>Haciendo ali\u00e1 Ayud\u00e1ndote a llegar a casa. Desde 1991, hemos ayudado a m\u00e1s de 200 000 olim a hacer ali\u00e1 desde muchas naciones del mundo. Estamos aqu\u00ed para hacer que el proceso de ali\u00e1 sea m\u00e1s c\u00f3modo. &nbsp; En la antigua Uni\u00f3n Sovi\u00e9tica y en otras naciones, nuestros equipos encuentran y alientan al pueblo jud\u00edo&hellip;<\/p>\n","protected":false},"author":1,"featured_media":0,"parent":0,"menu_order":0,"comment_status":"closed","ping_status":"closed","template":"","meta":{"footnotes":""},"class_list":["post-36497","page","type-page","status-publish","hentry"],"yoast_head":"<!-- This site is optimized with the Yoast SEO plugin v27.2 - https:\/\/yoast.com\/product\/yoast-seo-wordpress\/ -->\n<title>Haciendo Ali\u00e1 - Ebenezer Operation Exodus<\/title>\n<meta name=\"robots\" content=\"index, follow, max-snippet:-1, max-image-preview:large, max-video-preview:-1\" \/>\n<link rel=\"canonical\" href=\"https:\/\/ebenezer-oe.org\/es\/haciendo-alia\/\" \/>\n<meta property=\"og:locale\" content=\"es_ES\" \/>\n<meta property=\"og:type\" content=\"article\" \/>\n<meta property=\"og:title\" content=\"Haciendo Ali\u00e1 - Ebenezer Operation Exodus\" \/>\n<meta property=\"og:description\" content=\"Haciendo ali\u00e1 Ayud\u00e1ndote a llegar a casa. Desde 1991, hemos ayudado a m\u00e1s de 200 000 olim a hacer ali\u00e1 desde muchas naciones del mundo. Estamos aqu\u00ed para hacer que el proceso de ali\u00e1 sea m\u00e1s c\u00f3modo. &nbsp; En la antigua Uni\u00f3n Sovi\u00e9tica y en otras naciones, nuestros equipos encuentran y alientan al pueblo jud\u00edo&hellip;\" \/>\n<meta property=\"og:url\" content=\"https:\/\/ebenezer-oe.org\/es\/haciendo-alia\/\" \/>\n<meta property=\"og:site_name\" content=\"Ebenezer Operation Exodus\" \/>\n<meta property=\"article:publisher\" content=\"https:\/\/www.facebook.com\/EbenezerInt\" \/>\n<meta property=\"article:modified_time\" content=\"2023-07-25T16:18:37+00:00\" \/>\n<meta property=\"og:image\" content=\"https:\/\/ebenezeroe.wpengine.com\/wp-content\/uploads\/2021\/05\/46.png\" \/>\n<meta name=\"twitter:card\" content=\"summary_large_image\" \/>\n<meta name=\"twitter:label1\" content=\"Tiempo de lectura\" \/>\n\t<meta name=\"twitter:data1\" content=\"4 minutos\" \/>\n<script type=\"application\/ld+json\" class=\"yoast-schema-graph\">{\"@context\":\"https:\/\/schema.org\",\"@graph\":[{\"@type\":\"WebPage\",\"@id\":\"https:\/\/ebenezer-oe.org\/es\/haciendo-alia\/\",\"url\":\"https:\/\/ebenezer-oe.org\/es\/haciendo-alia\/\",\"name\":\"Haciendo Ali\u00e1 - Ebenezer Operation Exodus\",\"isPartOf\":{\"@id\":\"https:\/\/ebenezer-oe.org\/#website\"},\"primaryImageOfPage\":{\"@id\":\"https:\/\/ebenezer-oe.org\/es\/haciendo-alia\/#primaryimage\"},\"image\":{\"@id\":\"https:\/\/ebenezer-oe.org\/es\/haciendo-alia\/#primaryimage\"},\"thumbnailUrl\":\"https:\/\/ebenezeroe.wpengine.com\/wp-content\/uploads\/2021\/05\/46.png\",\"datePublished\":\"2021-08-06T04:50:05+00:00\",\"dateModified\":\"2023-07-25T16:18:37+00:00\",\"breadcrumb\":{\"@id\":\"https:\/\/ebenezer-oe.org\/es\/haciendo-alia\/#breadcrumb\"},\"inLanguage\":\"es\",\"potentialAction\":[{\"@type\":\"ReadAction\",\"target\":[\"https:\/\/ebenezer-oe.org\/es\/haciendo-alia\/\"]}]},{\"@type\":\"ImageObject\",\"inLanguage\":\"es\",\"@id\":\"https:\/\/ebenezer-oe.org\/es\/haciendo-alia\/#primaryimage\",\"url\":\"https:\/\/ebenezeroe.wpengine.com\/wp-content\/uploads\/2021\/05\/46.png\",\"contentUrl\":\"https:\/\/ebenezeroe.wpengine.com\/wp-content\/uploads\/2021\/05\/46.png\"},{\"@type\":\"BreadcrumbList\",\"@id\":\"https:\/\/ebenezer-oe.org\/es\/haciendo-alia\/#breadcrumb\",\"itemListElement\":[{\"@type\":\"ListItem\",\"position\":1,\"name\":\"Home\",\"item\":\"https:\/\/ebenezer-oe.org\/es\/\"},{\"@type\":\"ListItem\",\"position\":2,\"name\":\"Haciendo Ali\u00e1\"}]},{\"@type\":\"WebSite\",\"@id\":\"https:\/\/ebenezer-oe.org\/#website\",\"url\":\"https:\/\/ebenezer-oe.org\/\",\"name\":\"Ebenezer - Operation Exodus\",\"description\":\"\",\"publisher\":{\"@id\":\"https:\/\/ebenezer-oe.org\/#organization\"},\"potentialAction\":[{\"@type\":\"SearchAction\",\"target\":{\"@type\":\"EntryPoint\",\"urlTemplate\":\"https:\/\/ebenezer-oe.org\/?s={search_term_string}\"},\"query-input\":{\"@type\":\"PropertyValueSpecification\",\"valueRequired\":true,\"valueName\":\"search_term_string\"}}],\"inLanguage\":\"es\"},{\"@type\":\"Organization\",\"@id\":\"https:\/\/ebenezer-oe.org\/#organization\",\"name\":\"Ebenezer - Operation Exodus\",\"url\":\"https:\/\/ebenezer-oe.org\/\",\"logo\":{\"@type\":\"ImageObject\",\"inLanguage\":\"es\",\"@id\":\"https:\/\/ebenezer-oe.org\/#\/schema\/logo\/image\/\",\"url\":\"https:\/\/ebenezeroe.wpengine.com\/wp-content\/uploads\/2020\/09\/Logo_EOE_EN_Colour-Horizontal.png\",\"contentUrl\":\"https:\/\/ebenezeroe.wpengine.com\/wp-content\/uploads\/2020\/09\/Logo_EOE_EN_Colour-Horizontal.png\",\"width\":1922,\"height\":928,\"caption\":\"Ebenezer - Operation Exodus\"},\"image\":{\"@id\":\"https:\/\/ebenezer-oe.org\/#\/schema\/logo\/image\/\"},\"sameAs\":[\"https:\/\/www.facebook.com\/EbenezerInt\",\"https:\/\/www.instagram.com\/ebenezer_oe_eng\/\",\"https:\/\/www.youtube.com\/channel\/UC6qGHrKKeamFVz95Vd8LR1g\"]}]}<\/script>\n<!-- \/ Yoast SEO plugin. -->","yoast_head_json":{"title":"Haciendo Ali\u00e1 - Ebenezer Operation Exodus","robots":{"index":"index","follow":"follow","max-snippet":"max-snippet:-1","max-image-preview":"max-image-preview:large","max-video-preview":"max-video-preview:-1"},"canonical":"https:\/\/ebenezer-oe.org\/es\/haciendo-alia\/","og_locale":"es_ES","og_type":"article","og_title":"Haciendo Ali\u00e1 - Ebenezer Operation Exodus","og_description":"Haciendo ali\u00e1 Ayud\u00e1ndote a llegar a casa. Desde 1991, hemos ayudado a m\u00e1s de 200 000 olim a hacer ali\u00e1 desde muchas naciones del mundo. Estamos aqu\u00ed para hacer que el proceso de ali\u00e1 sea m\u00e1s c\u00f3modo. &nbsp; En la antigua Uni\u00f3n Sovi\u00e9tica y en otras naciones, nuestros equipos encuentran y alientan al pueblo jud\u00edo&hellip;","og_url":"https:\/\/ebenezer-oe.org\/es\/haciendo-alia\/","og_site_name":"Ebenezer Operation Exodus","article_publisher":"https:\/\/www.facebook.com\/EbenezerInt","article_modified_time":"2023-07-25T16:18:37+00:00","og_image":[{"url":"https:\/\/ebenezeroe.wpengine.com\/wp-content\/uploads\/2021\/05\/46.png","type":"","width":"","height":""}],"twitter_card":"summary_large_image","twitter_misc":{"Tiempo de lectura":"4 minutos"},"schema":{"@context":"https:\/\/schema.org","@graph":[{"@type":"WebPage","@id":"https:\/\/ebenezer-oe.org\/es\/haciendo-alia\/","url":"https:\/\/ebenezer-oe.org\/es\/haciendo-alia\/","name":"Haciendo Ali\u00e1 - Ebenezer Operation Exodus","isPartOf":{"@id":"https:\/\/ebenezer-oe.org\/#website"},"primaryImageOfPage":{"@id":"https:\/\/ebenezer-oe.org\/es\/haciendo-alia\/#primaryimage"},"image":{"@id":"https:\/\/ebenezer-oe.org\/es\/haciendo-alia\/#primaryimage"},"thumbnailUrl":"https:\/\/ebenezeroe.wpengine.com\/wp-content\/uploads\/2021\/05\/46.png","datePublished":"2021-08-06T04:50:05+00:00","dateModified":"2023-07-25T16:18:37+00:00","breadcrumb":{"@id":"https:\/\/ebenezer-oe.org\/es\/haciendo-alia\/#breadcrumb"},"inLanguage":"es","potentialAction":[{"@type":"ReadAction","target":["https:\/\/ebenezer-oe.org\/es\/haciendo-alia\/"]}]},{"@type":"ImageObject","inLanguage":"es","@id":"https:\/\/ebenezer-oe.org\/es\/haciendo-alia\/#primaryimage","url":"https:\/\/ebenezeroe.wpengine.com\/wp-content\/uploads\/2021\/05\/46.png","contentUrl":"https:\/\/ebenezeroe.wpengine.com\/wp-content\/uploads\/2021\/05\/46.png"},{"@type":"BreadcrumbList","@id":"https:\/\/ebenezer-oe.org\/es\/haciendo-alia\/#breadcrumb","itemListElement":[{"@type":"ListItem","position":1,"name":"Home","item":"https:\/\/ebenezer-oe.org\/es\/"},{"@type":"ListItem","position":2,"name":"Haciendo Ali\u00e1"}]},{"@type":"WebSite","@id":"https:\/\/ebenezer-oe.org\/#website","url":"https:\/\/ebenezer-oe.org\/","name":"Ebenezer - Operation Exodus","description":"","publisher":{"@id":"https:\/\/ebenezer-oe.org\/#organization"},"potentialAction":[{"@type":"SearchAction","target":{"@type":"EntryPoint","urlTemplate":"https:\/\/ebenezer-oe.org\/?s={search_term_string}"},"query-input":{"@type":"PropertyValueSpecification","valueRequired":true,"valueName":"search_term_string"}}],"inLanguage":"es"},{"@type":"Organization","@id":"https:\/\/ebenezer-oe.org\/#organization","name":"Ebenezer - Operation Exodus","url":"https:\/\/ebenezer-oe.org\/","logo":{"@type":"ImageObject","inLanguage":"es","@id":"https:\/\/ebenezer-oe.org\/#\/schema\/logo\/image\/","url":"https:\/\/ebenezeroe.wpengine.com\/wp-content\/uploads\/2020\/09\/Logo_EOE_EN_Colour-Horizontal.png","contentUrl":"https:\/\/ebenezeroe.wpengine.com\/wp-content\/uploads\/2020\/09\/Logo_EOE_EN_Colour-Horizontal.png","width":1922,"height":928,"caption":"Ebenezer - Operation Exodus"},"image":{"@id":"https:\/\/ebenezer-oe.org\/#\/schema\/logo\/image\/"},"sameAs":["https:\/\/www.facebook.com\/EbenezerInt","https:\/\/www.instagram.com\/ebenezer_oe_eng\/","https:\/\/www.youtube.com\/channel\/UC6qGHrKKeamFVz95Vd8LR1g"]}]}},"_links":{"self":[{"href":"https:\/\/ebenezer-oe.org\/es\/wp-json\/wp\/v2\/pages\/36497","targetHints":{"allow":["GET"]}}],"collection":[{"href":"https:\/\/ebenezer-oe.org\/es\/wp-json\/wp\/v2\/pages"}],"about":[{"href":"https:\/\/ebenezer-oe.org\/es\/wp-json\/wp\/v2\/types\/page"}],"author":[{"embeddable":true,"href":"https:\/\/ebenezer-oe.org\/es\/wp-json\/wp\/v2\/users\/1"}],"replies":[{"embeddable":true,"href":"https:\/\/ebenezer-oe.org\/es\/wp-json\/wp\/v2\/comments?post=36497"}],"version-history":[{"count":0,"href":"https:\/\/ebenezer-oe.org\/es\/wp-json\/wp\/v2\/pages\/36497\/revisions"}],"wp:attachment":[{"href":"https:\/\/ebenezer-oe.org\/es\/wp-json\/wp\/v2\/media?parent=36497"}],"curies":[{"name":"wp","href":"https:\/\/api.w.org\/{rel}","templated":true}]}}