{"id":36511,"date":"2021-08-06T05:04:10","date_gmt":"2021-08-06T05:04:10","guid":{"rendered":"https:\/\/ebenezer-oe.org\/asociate-con-nosotros\/"},"modified":"2023-07-25T16:12:47","modified_gmt":"2023-07-25T16:12:47","slug":"asociate-con-nosotros","status":"publish","type":"page","link":"https:\/\/ebenezer-oe.org\/es\/asociate-con-nosotros\/","title":{"rendered":"As\u00f3ciate con nosotros"},"content":{"rendered":"\n<h2>\n\t\tAs\u00f3ciate con nosotros\n\t<\/h2>\n\t\t\t\t<a href=\"https:\/\/ebenezer-oe.org\/es\/sobre-nosotros\/nuestra-historia\/\" target=\"_self\" itemprop=\"url\" rel=\"noopener\">\n\t\t\t\t<img decoding=\"async\" data-src=\"https:\/\/ebenezer-oe.org\/wp-content\/uploads\/2021\/02\/give.png\" alt=\"Dona\" itemprop=\"image\" height=\"800\" width=\"1200\" title=\"Dona\" onerror=\"this.style.display='none'\" src=\"data:image\/svg+xml;base64,PHN2ZyB3aWR0aD0iMSIgaGVpZ2h0PSIxIiB4bWxucz0iaHR0cDovL3d3dy53My5vcmcvMjAwMC9zdmciPjwvc3ZnPg==\" class=\"lazyload\" style=\"--smush-placeholder-width: 1200px; --smush-placeholder-aspect-ratio: 1200\/800;\" \/>\n\t\t\t\t<\/a>\n<h3>\n\t\t<a href=\"https:\/\/ebenezeroe.wpengine.com\/es\/sobre-nosotros\/nuestra-historia\/\" title=\"Da financieramente\" target=\"_self\" rel=\"noopener\">\n\t\tDa financieramente\n\t\t<\/a>\n\t<\/h3>\n\t<p>Tu donaci\u00f3n nos permite ayudar a cumplir la profec\u00eda b\u00edblica del pueblo jud\u00edo regresando a Israel.<\/p>\n\t\t\t<a href=\"https:\/\/ebenezer-oe.org\/es\/donar\/\" target=\"_self\" rel=\"noopener\">\n\t\t\t\t\t\t\tDescubre m\u00e1s\n\t\t\t\t\t<\/a>\n\t\t\t\t<a href=\"https:\/\/ebenezer-oe.org\/es\/sobre-nosotros\/fundamento-de-oracion\/\" target=\"_self\" itemprop=\"url\" rel=\"noopener\">\n\t\t\t\t<img decoding=\"async\" data-src=\"https:\/\/ebenezer-oe.org\/wp-content\/uploads\/2021\/02\/pray.png\" alt=\"Oraci\u00f3n\" itemprop=\"image\" height=\"800\" width=\"1200\" title=\"Oraci\u00f3n\" onerror=\"this.style.display='none'\" src=\"data:image\/svg+xml;base64,PHN2ZyB3aWR0aD0iMSIgaGVpZ2h0PSIxIiB4bWxucz0iaHR0cDovL3d3dy53My5vcmcvMjAwMC9zdmciPjwvc3ZnPg==\" class=\"lazyload\" style=\"--smush-placeholder-width: 1200px; --smush-placeholder-aspect-ratio: 1200\/800;\" \/>\n\t\t\t\t<\/a>\n<h4>\n\t\t<a href=\"https:\/\/ebenezeroe.wpengine.com\/es\/sobre-nosotros\/porque-alia\/\" title=\"Ora por nosotros\" target=\"_self\" rel=\"noopener\">\n\t\tOra por nosotros\n\t\t<\/a>\n\t<\/h4>\n\t<p>No todos pueden ayudar en la pr\u00e1ctica, pero todos pueden orar.<\/p>\n\t\t\t<a href=\"https:\/\/ebenezer-oe.org\/es\/asociate-con-nosotros\/unete-en-oracion\/\" target=\"_self\" rel=\"noopener\">\n\t\t\t\t\t\t\tDescubre m\u00e1s\n\t\t\t\t\t<\/a>\n\t\t\t\t<a href=\"https:\/\/ebenezer-oe.org\/es\/sobre-nosotros\/porque-alia\/\" target=\"_self\" itemprop=\"url\" rel=\"noopener\">\n\t\t\t\t<img decoding=\"async\" data-src=\"https:\/\/ebenezer-oe.org\/wp-content\/uploads\/2021\/02\/volunteer1.png\" alt=\"Voluntariado1\" itemprop=\"image\" height=\"800\" width=\"1200\" title=\"Voluntariado1\" onerror=\"this.style.display='none'\" src=\"data:image\/svg+xml;base64,PHN2ZyB3aWR0aD0iMSIgaGVpZ2h0PSIxIiB4bWxucz0iaHR0cDovL3d3dy53My5vcmcvMjAwMC9zdmciPjwvc3ZnPg==\" class=\"lazyload\" style=\"--smush-placeholder-width: 1200px; --smush-placeholder-aspect-ratio: 1200\/800;\" \/>\n\t\t\t\t<\/a>\n<h3>\n\t\t<a href=\"https:\/\/ebenezeroe.wpengine.com\/es\/sobre-nosotros\/fundamento-de-oracion\/\" title=\"\u00danete a nosotros\" target=\"_self\" rel=\"noopener\">\n\t\t\u00danete a nosotros\n\t\t<\/a>\n\t<\/h3>\n\t<p>Ya sea en casa o en el extranjero, te necesitamos.<\/p>\n\t\t\t<a href=\"https:\/\/ebenezer-oe.org\/es\/voluntariado\/\" target=\"_self\" rel=\"noopener\">\n\t\t\t\t\t\t\tDescubre m\u00e1s\n\t\t\t\t\t<\/a>\n<h2>\n\t\tEventos\n\t<\/h2>\n\t<p>A lo largo del a\u00f1o hay muchos eventos como conferencias de un d\u00eda, tours y reuniones de oraci\u00f3n a las que los seguidores pueden asistir en diferentes partes del mundo &#8230;<\/p>\n<h2>\n\t\tEn tu pa\u00eds\n\t<\/h2>\n\t<p>Visita nuestra secci\u00f3n \u00ab<a href=\"https:\/\/ebenezeroe.wpengine.com\/in-your-area\/\">En Tu Pa\u00eds\u00bb<\/a> para saber si hay alg\u00fan evento en tu pa\u00eds.<\/p>\n\t\t\t<a href=\"https:\/\/ebenezer-oe.org\/es\/en-tu-pais\/\" target=\"_self\" rel=\"noopener\">\n\t\t\t\t\t\t\tDescubre m\u00e1s\n\t\t\t\t\t<\/a>\n<h2>\n\t\tInternacional\n\t<\/h2>\n\t<p>Visita nuestra \u00ab<a href=\"https:\/\/ebenezeroe.wpengine.com\/es\/eventos\/\">p\u00e1gina de eventos\u00bb<\/a> para ver qu\u00e9 eventos internacionales se avecinan.<\/p>\n\t\t\t<a href=\"https:\/\/ebenezer-oe.org\/es\/eventos\/\" target=\"_self\" rel=\"noopener\">\n\t\t\t\t\t\t\tDescubre m\u00e1s\n\t\t\t\t\t<\/a>\n\n","protected":false},"excerpt":{"rendered":"<p>As\u00f3ciate con nosotros Da financieramente Tu donaci\u00f3n nos permite ayudar a cumplir la profec\u00eda b\u00edblica del pueblo jud\u00edo regresando a Israel. Descubre m\u00e1s Ora por nosotros No todos pueden ayudar en la pr\u00e1ctica, pero todos pueden orar. Descubre m\u00e1s \u00danete a nosotros Ya sea en casa o en el extranjero, te necesitamos. Descubre m\u00e1s Eventos&hellip;<\/p>\n","protected":false},"author":1,"featured_media":0,"parent":0,"menu_order":0,"comment_status":"closed","ping_status":"closed","template":"","meta":{"footnotes":""},"class_list":["post-36511","page","type-page","status-publish","hentry"],"yoast_head":"<!-- This site is optimized with the Yoast SEO plugin v27.2 - https:\/\/yoast.com\/product\/yoast-seo-wordpress\/ -->\n<title>As\u00f3ciate con nosotros - Ebenezer Operation Exodus<\/title>\n<meta name=\"robots\" content=\"index, follow, max-snippet:-1, max-image-preview:large, max-video-preview:-1\" \/>\n<link rel=\"canonical\" href=\"https:\/\/ebenezer-oe.org\/es\/asociate-con-nosotros\/\" \/>\n<meta property=\"og:locale\" content=\"es_ES\" \/>\n<meta property=\"og:type\" content=\"article\" \/>\n<meta property=\"og:title\" content=\"As\u00f3ciate con nosotros - Ebenezer Operation Exodus\" \/>\n<meta property=\"og:description\" content=\"As\u00f3ciate con nosotros Da financieramente Tu donaci\u00f3n nos permite ayudar a cumplir la profec\u00eda b\u00edblica del pueblo jud\u00edo regresando a Israel. Descubre m\u00e1s Ora por nosotros No todos pueden ayudar en la pr\u00e1ctica, pero todos pueden orar. Descubre m\u00e1s \u00danete a nosotros Ya sea en casa o en el extranjero, te necesitamos. Descubre m\u00e1s Eventos&hellip;\" \/>\n<meta property=\"og:url\" content=\"https:\/\/ebenezer-oe.org\/es\/asociate-con-nosotros\/\" \/>\n<meta property=\"og:site_name\" content=\"Ebenezer Operation Exodus\" \/>\n<meta property=\"article:publisher\" content=\"https:\/\/www.facebook.com\/EbenezerInt\" \/>\n<meta property=\"article:modified_time\" content=\"2023-07-25T16:12:47+00:00\" \/>\n<meta property=\"og:image\" content=\"https:\/\/ebenezer-oe.org\/wp-content\/uploads\/2021\/02\/give.png\" \/>\n<meta name=\"twitter:card\" content=\"summary_large_image\" \/>\n<meta name=\"twitter:label1\" content=\"Tiempo de lectura\" \/>\n\t<meta name=\"twitter:data1\" content=\"1 minuto\" \/>\n<script type=\"application\/ld+json\" class=\"yoast-schema-graph\">{\"@context\":\"https:\/\/schema.org\",\"@graph\":[{\"@type\":\"WebPage\",\"@id\":\"https:\/\/ebenezer-oe.org\/es\/asociate-con-nosotros\/\",\"url\":\"https:\/\/ebenezer-oe.org\/es\/asociate-con-nosotros\/\",\"name\":\"As\u00f3ciate con nosotros - Ebenezer Operation Exodus\",\"isPartOf\":{\"@id\":\"https:\/\/ebenezer-oe.org\/#website\"},\"primaryImageOfPage\":{\"@id\":\"https:\/\/ebenezer-oe.org\/es\/asociate-con-nosotros\/#primaryimage\"},\"image\":{\"@id\":\"https:\/\/ebenezer-oe.org\/es\/asociate-con-nosotros\/#primaryimage\"},\"thumbnailUrl\":\"https:\/\/ebenezer-oe.org\/wp-content\/uploads\/2021\/02\/give.png\",\"datePublished\":\"2021-08-06T05:04:10+00:00\",\"dateModified\":\"2023-07-25T16:12:47+00:00\",\"breadcrumb\":{\"@id\":\"https:\/\/ebenezer-oe.org\/es\/asociate-con-nosotros\/#breadcrumb\"},\"inLanguage\":\"es\",\"potentialAction\":[{\"@type\":\"ReadAction\",\"target\":[\"https:\/\/ebenezer-oe.org\/es\/asociate-con-nosotros\/\"]}]},{\"@type\":\"ImageObject\",\"inLanguage\":\"es\",\"@id\":\"https:\/\/ebenezer-oe.org\/es\/asociate-con-nosotros\/#primaryimage\",\"url\":\"https:\/\/ebenezer-oe.org\/wp-content\/uploads\/2021\/02\/give.png\",\"contentUrl\":\"https:\/\/ebenezer-oe.org\/wp-content\/uploads\/2021\/02\/give.png\"},{\"@type\":\"BreadcrumbList\",\"@id\":\"https:\/\/ebenezer-oe.org\/es\/asociate-con-nosotros\/#breadcrumb\",\"itemListElement\":[{\"@type\":\"ListItem\",\"position\":1,\"name\":\"Home\",\"item\":\"https:\/\/ebenezer-oe.org\/es\/\"},{\"@type\":\"ListItem\",\"position\":2,\"name\":\"As\u00f3ciate con nosotros\"}]},{\"@type\":\"WebSite\",\"@id\":\"https:\/\/ebenezer-oe.org\/#website\",\"url\":\"https:\/\/ebenezer-oe.org\/\",\"name\":\"Ebenezer - Operation Exodus\",\"description\":\"\",\"publisher\":{\"@id\":\"https:\/\/ebenezer-oe.org\/#organization\"},\"potentialAction\":[{\"@type\":\"SearchAction\",\"target\":{\"@type\":\"EntryPoint\",\"urlTemplate\":\"https:\/\/ebenezer-oe.org\/?s={search_term_string}\"},\"query-input\":{\"@type\":\"PropertyValueSpecification\",\"valueRequired\":true,\"valueName\":\"search_term_string\"}}],\"inLanguage\":\"es\"},{\"@type\":\"Organization\",\"@id\":\"https:\/\/ebenezer-oe.org\/#organization\",\"name\":\"Ebenezer - Operation Exodus\",\"url\":\"https:\/\/ebenezer-oe.org\/\",\"logo\":{\"@type\":\"ImageObject\",\"inLanguage\":\"es\",\"@id\":\"https:\/\/ebenezer-oe.org\/#\/schema\/logo\/image\/\",\"url\":\"https:\/\/ebenezeroe.wpengine.com\/wp-content\/uploads\/2020\/09\/Logo_EOE_EN_Colour-Horizontal.png\",\"contentUrl\":\"https:\/\/ebenezeroe.wpengine.com\/wp-content\/uploads\/2020\/09\/Logo_EOE_EN_Colour-Horizontal.png\",\"width\":1922,\"height\":928,\"caption\":\"Ebenezer - Operation Exodus\"},\"image\":{\"@id\":\"https:\/\/ebenezer-oe.org\/#\/schema\/logo\/image\/\"},\"sameAs\":[\"https:\/\/www.facebook.com\/EbenezerInt\",\"https:\/\/www.instagram.com\/ebenezer_oe_eng\/\",\"https:\/\/www.youtube.com\/channel\/UC6qGHrKKeamFVz95Vd8LR1g\"]}]}<\/script>\n<!-- \/ Yoast SEO plugin. -->","yoast_head_json":{"title":"As\u00f3ciate con nosotros - Ebenezer Operation Exodus","robots":{"index":"index","follow":"follow","max-snippet":"max-snippet:-1","max-image-preview":"max-image-preview:large","max-video-preview":"max-video-preview:-1"},"canonical":"https:\/\/ebenezer-oe.org\/es\/asociate-con-nosotros\/","og_locale":"es_ES","og_type":"article","og_title":"As\u00f3ciate con nosotros - Ebenezer Operation Exodus","og_description":"As\u00f3ciate con nosotros Da financieramente Tu donaci\u00f3n nos permite ayudar a cumplir la profec\u00eda b\u00edblica del pueblo jud\u00edo regresando a Israel. Descubre m\u00e1s Ora por nosotros No todos pueden ayudar en la pr\u00e1ctica, pero todos pueden orar. Descubre m\u00e1s \u00danete a nosotros Ya sea en casa o en el extranjero, te necesitamos. Descubre m\u00e1s Eventos&hellip;","og_url":"https:\/\/ebenezer-oe.org\/es\/asociate-con-nosotros\/","og_site_name":"Ebenezer Operation Exodus","article_publisher":"https:\/\/www.facebook.com\/EbenezerInt","article_modified_time":"2023-07-25T16:12:47+00:00","og_image":[{"url":"https:\/\/ebenezer-oe.org\/wp-content\/uploads\/2021\/02\/give.png","type":"","width":"","height":""}],"twitter_card":"summary_large_image","twitter_misc":{"Tiempo de lectura":"1 minuto"},"schema":{"@context":"https:\/\/schema.org","@graph":[{"@type":"WebPage","@id":"https:\/\/ebenezer-oe.org\/es\/asociate-con-nosotros\/","url":"https:\/\/ebenezer-oe.org\/es\/asociate-con-nosotros\/","name":"As\u00f3ciate con nosotros - Ebenezer Operation Exodus","isPartOf":{"@id":"https:\/\/ebenezer-oe.org\/#website"},"primaryImageOfPage":{"@id":"https:\/\/ebenezer-oe.org\/es\/asociate-con-nosotros\/#primaryimage"},"image":{"@id":"https:\/\/ebenezer-oe.org\/es\/asociate-con-nosotros\/#primaryimage"},"thumbnailUrl":"https:\/\/ebenezer-oe.org\/wp-content\/uploads\/2021\/02\/give.png","datePublished":"2021-08-06T05:04:10+00:00","dateModified":"2023-07-25T16:12:47+00:00","breadcrumb":{"@id":"https:\/\/ebenezer-oe.org\/es\/asociate-con-nosotros\/#breadcrumb"},"inLanguage":"es","potentialAction":[{"@type":"ReadAction","target":["https:\/\/ebenezer-oe.org\/es\/asociate-con-nosotros\/"]}]},{"@type":"ImageObject","inLanguage":"es","@id":"https:\/\/ebenezer-oe.org\/es\/asociate-con-nosotros\/#primaryimage","url":"https:\/\/ebenezer-oe.org\/wp-content\/uploads\/2021\/02\/give.png","contentUrl":"https:\/\/ebenezer-oe.org\/wp-content\/uploads\/2021\/02\/give.png"},{"@type":"BreadcrumbList","@id":"https:\/\/ebenezer-oe.org\/es\/asociate-con-nosotros\/#breadcrumb","itemListElement":[{"@type":"ListItem","position":1,"name":"Home","item":"https:\/\/ebenezer-oe.org\/es\/"},{"@type":"ListItem","position":2,"name":"As\u00f3ciate con nosotros"}]},{"@type":"WebSite","@id":"https:\/\/ebenezer-oe.org\/#website","url":"https:\/\/ebenezer-oe.org\/","name":"Ebenezer - Operation Exodus","description":"","publisher":{"@id":"https:\/\/ebenezer-oe.org\/#organization"},"potentialAction":[{"@type":"SearchAction","target":{"@type":"EntryPoint","urlTemplate":"https:\/\/ebenezer-oe.org\/?s={search_term_string}"},"query-input":{"@type":"PropertyValueSpecification","valueRequired":true,"valueName":"search_term_string"}}],"inLanguage":"es"},{"@type":"Organization","@id":"https:\/\/ebenezer-oe.org\/#organization","name":"Ebenezer - Operation Exodus","url":"https:\/\/ebenezer-oe.org\/","logo":{"@type":"ImageObject","inLanguage":"es","@id":"https:\/\/ebenezer-oe.org\/#\/schema\/logo\/image\/","url":"https:\/\/ebenezeroe.wpengine.com\/wp-content\/uploads\/2020\/09\/Logo_EOE_EN_Colour-Horizontal.png","contentUrl":"https:\/\/ebenezeroe.wpengine.com\/wp-content\/uploads\/2020\/09\/Logo_EOE_EN_Colour-Horizontal.png","width":1922,"height":928,"caption":"Ebenezer - Operation Exodus"},"image":{"@id":"https:\/\/ebenezer-oe.org\/#\/schema\/logo\/image\/"},"sameAs":["https:\/\/www.facebook.com\/EbenezerInt","https:\/\/www.instagram.com\/ebenezer_oe_eng\/","https:\/\/www.youtube.com\/channel\/UC6qGHrKKeamFVz95Vd8LR1g"]}]}},"_links":{"self":[{"href":"https:\/\/ebenezer-oe.org\/es\/wp-json\/wp\/v2\/pages\/36511","targetHints":{"allow":["GET"]}}],"collection":[{"href":"https:\/\/ebenezer-oe.org\/es\/wp-json\/wp\/v2\/pages"}],"about":[{"href":"https:\/\/ebenezer-oe.org\/es\/wp-json\/wp\/v2\/types\/page"}],"author":[{"embeddable":true,"href":"https:\/\/ebenezer-oe.org\/es\/wp-json\/wp\/v2\/users\/1"}],"replies":[{"embeddable":true,"href":"https:\/\/ebenezer-oe.org\/es\/wp-json\/wp\/v2\/comments?post=36511"}],"version-history":[{"count":0,"href":"https:\/\/ebenezer-oe.org\/es\/wp-json\/wp\/v2\/pages\/36511\/revisions"}],"wp:attachment":[{"href":"https:\/\/ebenezer-oe.org\/es\/wp-json\/wp\/v2\/media?parent=36511"}],"curies":[{"name":"wp","href":"https:\/\/api.w.org\/{rel}","templated":true}]}}