{"id":36544,"date":"2021-08-06T05:29:27","date_gmt":"2021-08-06T05:29:27","guid":{"rendered":"https:\/\/ebenezer-oe.org\/resources\/glosario\/"},"modified":"2021-08-18T10:38:27","modified_gmt":"2021-08-18T10:38:27","slug":"glosario","status":"publish","type":"page","link":"https:\/\/ebenezer-oe.org\/es\/recursos\/glosario\/","title":{"rendered":"Glosario"},"content":{"rendered":"\n<h2>\n\t\tGlosario De T\u00e9rminos\n\t<\/h2>\n\t\t<h3>Ali\u00e1 \u05e2\u05dc\u05d9\u05d4<\/h3>\t\t\n\t\t\t<p>Ali\u00e1 es la palabra para la inmigraci\u00f3n de jud\u00edos de la Di\u00e1spora a la Tierra de Israel. La palabra en hebreo significa \u00abascenso\u00bb y se define como \u00absubir\u00bb &#8211; progresando hacia Jerusal\u00e9n. <\/p>\n<p>&nbsp;<\/p>\n<p>&nbsp;<\/p>\n\t\t<h3>Fondo de Emergencia Ebenezer Internacional (FEEI)<\/h3>\t\t\n\t\t\t<p>Una organizaci\u00f3n Cristiana Internacional que trabaja en cooperaci\u00f3n con la Agencia Jud\u00eda de Israel para ayudar al pueblo jud\u00edo a regresar a Israel. La palabra \u00abEbenezer\u00bb\u00a0significa \u00abpiedra de ayuda\u00bb en hebreo (I Samuel 7:12). \u00abHasta aqu\u00ed el Se\u00f1or nos ha ayudado\u00bb\u00a0es el testimonio de FEEI.<\/p>\n\t\t<h3>Di\u00e1spora \u05ea\u05e4\u05d5\u05e6\u05d4<\/h3>\t\t\n\t\t\t<p>En relaci\u00f3n con el pueblo jud\u00edo; 1. La dispersi\u00f3n del pueblo jud\u00edo a pa\u00edses fuera de la Tierra del Pacto (prometida). 2. El cuerpo de jud\u00edos que viven en pa\u00edses fuera de Israel. 3. Todos los dem\u00e1s pa\u00edses del mundo colectivamente, exceptuando a Israel, donde el pueblo jud\u00edo ha sido dispersado: <i>\u00ab<\/i>el regreso de los jud\u00edos de la Di\u00e1spora\u00bb.<\/p>\n\t\t<h3>Ebenezer Operaci\u00f3n \u00c9xodo<\/h3>\t\t\n\t\t\t<p>Otro nombre del Fondo de Emergencia Ebenezer, que denota su prop\u00f3sito operativo: Alentar y ayudar al pueblo jud\u00edo a regresar a la Tierra de Israel desde todas las naciones, y proclamar los prop\u00f3sitos del Reino de Dios para su regreso.<\/p>\n<p>&nbsp;<\/p>\n\t\t<h3>Jud\u00edos sefard\u00edes (Sephardim)<\/h3>\t\t\n\t\t\t<p>Literalmente \u00abjud\u00edos espa\u00f1oles\u00bb, expulsados y ampliamente dispersos de la Pen\u00ednsula Ib\u00e9rica (Espa\u00f1a y Portugal), \u00abSefard\u00ed\u00bb se usa a veces en un sentido m\u00e1s amplio para referirse a cualquier jud\u00edo de origen no asquenaz\u00ed. Los sefard\u00edes constituyen el segundo grupo m\u00e1s grande de jud\u00edos del mundo.<\/p>\n<p>&nbsp;<\/p>\n\t\t<h3>Ley del Retorno<\/h3>\t\t\n\t\t\t<p>Legislaci\u00f3n que otorga al pueblo jud\u00edo el derecho a la inmigraci\u00f3n asistida y al asentamiento en Israel, as\u00ed como la ciudadan\u00eda israel\u00ed autom\u00e1tica. Estos derechos tambi\u00e9n se extienden a un hijo de un jud\u00edo, un nieto de un jud\u00edo, un c\u00f3nyuge de un jud\u00edo, el c\u00f3nyuge de un hijo de un jud\u00edo y el c\u00f3nyuge de un nieto de un jud\u00edo.<\/p>\n\t\t<h3>aUS<\/h3>\t\t\n\t\t\t<p>La \u00abantigua Uni\u00f3n Sovi\u00e9tica\u00bb (Rusia y todas las dem\u00e1s rep\u00fablicas que se independizaron de la Uni\u00f3n Sovi\u00e9tica entre 1991 y 1992).<\/p>\n\t\t<h3>Olim (plural), Ol\u00e9 (singular m.) \u05e2\u05d5\u05dc\u05d4, Ol\u00e1 (singular f.)<\/h3>\t\t\n\t\t\t<p>Las palabras hebreas para los jud\u00edos que emigran a Israel.<\/p>\n\t\t<h3>Repatriados<\/h3>\t\t\n\t\t\t<p>Jud\u00edos que se est\u00e1n preparando para hacer ali\u00e1 o han hecho ali\u00e1.<\/p>\n\t\t<h3>Jud\u00edos askenaz\u00edes (ashkenazim)<\/h3>\t\t\n\t\t\t<p>Literalmente \u00abjud\u00edos alemanes\u00bb, que tambi\u00e9n emigraron para formar comunidades en Hungr\u00eda, Polonia, Rusia, Europa del Este y otros lugares. En un sentido m\u00e1s amplio, \u00abaskenaz\u00ed\u00bb puede referirse a cualquier jud\u00edo de origen europeo. Aproximadamente el 80% de los jud\u00edos de todo el mundo son asquenaz\u00edes.<\/p>\n\t\t<h3>Nefesh B&#8217;Nefesh \u05e0\u05e4\u05e9 \u05d1\u05e0\u05e4\u05e9<\/h3>\t\t\n\t\t\t<p>Una organizaci\u00f3n jud\u00eda de ali\u00e1, que opera principalmente en Norteam\u00e9rica e Inglaterra, fomentando la inmigraci\u00f3n a Israel. Los vuelos ch\u00e1rter de NBN agrupan vuelos de ali\u00e1 y buscan aumentar la ali\u00e1 eliminando los obst\u00e1culos que se interponen en el camino de los posibles olim.<\/p>\n<p>&nbsp;<\/p>\n\t\t<h3>Agencia Jud\u00eda para Israel (AJ)<\/h3>\t\t\n\t\t\t<p>La AJ, estrechamente vinculada con el gobierno israel\u00ed, ha ayudado a 3 millones de jud\u00edos a hacer ali\u00e1 e integrarlos a la vida israel\u00ed. La AJ es la \u00fanica entidad legal fuera de Israel que puede autorizar a un individuo a hacer ali\u00e1, de acuerdo con la Ley de Retorno de Israel.<\/p>\n<p>&nbsp;<\/p>\n\t\t<h3>Sojnut<\/h3>\t\t\n\t\t\t<p>Sin\u00f3nimo de la AJ, la Sojnut tiene oficinas en todo la aUS y, en general, provee vuelos para jud\u00edos que hacen ali\u00e1. Ebenezer Operaci\u00f3n \u00c9xodo trabaja en cooperaci\u00f3n con la Sojnut &#8211; \u00abpescando\u00bb a los jud\u00edos que regresar\u00e1n a Israel, proporcionando transporte a los aeropuertos y brindando otros medios de apoyo.<\/p>\n\t\t<h3>Klit\u00e1<\/h3>\t\t\n\t\t\t<p>Klit\u00e1 se refiere a la absorci\u00f3n de olim despu\u00e9s de su llegada a Israel. Incluye todos los aspectos de integraci\u00f3n en la sociedad, abarcando el aprendizaje del hebreo, la b\u00fasqueda de empleo y vivienda, el registro escolar y el servicio en las Fuerzas de Defensa de Israel (FDI).<\/p>\n\t\t<h3>Shaliach, Shlichim (plural)<\/h3>\t\t\n\t\t\t<p>Representantes de la Agencia Jud\u00eda fuera de Israel, que ofrecen informaci\u00f3n y asistencia a los interesados en hacer ali\u00e1.<\/p>\n\t\t<h3>Eretz Israel \u05d0\u05e8\u05e5 \u05d9\u05e9\u05e8\u05d0\u05dc<\/h3>\t\t\n\t\t\t<p>\u00abLa Tierra de Israel\u00bb en hebreo.<\/p>\n\t\t<h3>JOINT<\/h3>\t\t\n\t\t\t<p>Una organizaci\u00f3n jud\u00eda estadounidense de beneficiencia que financ\u00eda ampliamente la ayuda humanitaria a los jud\u00edos en toda la aUS. JOINT trabaja en estrecha colaboraci\u00f3n con J\u00e9sed.<\/p>\n\t\t<h3>J\u00e9sed (\u00abgracia\u00bb en hebreo) \u05d7\u05e1\u05d3<\/h3>\t\t\n\t\t\t<p>Una organizaci\u00f3n jud\u00eda de beneficiencia que trabaja extensamente en toda la antigua Uni\u00f3n Sovi\u00e9tica para establecer centros comunitarios jud\u00edos. J\u00e9sed hace un gran trabajo al atender en particular las necesidades de ancianos jud\u00edos.<\/p>\n\n","protected":false},"excerpt":{"rendered":"<p>Glosario De T\u00e9rminos Ali\u00e1 \u05e2\u05dc\u05d9\u05d4 Ali\u00e1 es la palabra para la inmigraci\u00f3n de jud\u00edos de la Di\u00e1spora a la Tierra de Israel. La palabra en hebreo significa \u00abascenso\u00bb y se define como \u00absubir\u00bb &#8211; progresando hacia Jerusal\u00e9n. &nbsp; &nbsp; Fondo de Emergencia Ebenezer Internacional (FEEI) Una organizaci\u00f3n Cristiana Internacional que trabaja en cooperaci\u00f3n con la&hellip;<\/p>\n","protected":false},"author":1,"featured_media":0,"parent":69071,"menu_order":0,"comment_status":"closed","ping_status":"closed","template":"","meta":{"footnotes":""},"class_list":["post-36544","page","type-page","status-publish","hentry"],"yoast_head":"<!-- This site is optimized with the Yoast SEO plugin v27.2 - https:\/\/yoast.com\/product\/yoast-seo-wordpress\/ -->\n<title>Glosario - Ebenezer Operation Exodus<\/title>\n<meta name=\"robots\" content=\"index, follow, max-snippet:-1, max-image-preview:large, max-video-preview:-1\" \/>\n<link rel=\"canonical\" href=\"https:\/\/ebenezer-oe.org\/es\/recursos\/glosario\/\" \/>\n<meta property=\"og:locale\" content=\"es_ES\" \/>\n<meta property=\"og:type\" content=\"article\" \/>\n<meta property=\"og:title\" content=\"Glosario - Ebenezer Operation Exodus\" \/>\n<meta property=\"og:description\" content=\"Glosario De T\u00e9rminos Ali\u00e1 \u05e2\u05dc\u05d9\u05d4 Ali\u00e1 es la palabra para la inmigraci\u00f3n de jud\u00edos de la Di\u00e1spora a la Tierra de Israel. La palabra en hebreo significa \u00abascenso\u00bb y se define como \u00absubir\u00bb &#8211; progresando hacia Jerusal\u00e9n. &nbsp; &nbsp; Fondo de Emergencia Ebenezer Internacional (FEEI) Una organizaci\u00f3n Cristiana Internacional que trabaja en cooperaci\u00f3n con la&hellip;\" \/>\n<meta property=\"og:url\" content=\"https:\/\/ebenezer-oe.org\/es\/recursos\/glosario\/\" \/>\n<meta property=\"og:site_name\" content=\"Ebenezer Operation Exodus\" \/>\n<meta property=\"article:publisher\" content=\"https:\/\/www.facebook.com\/EbenezerInt\" \/>\n<meta property=\"article:modified_time\" content=\"2021-08-18T10:38:27+00:00\" \/>\n<meta name=\"twitter:card\" content=\"summary_large_image\" \/>\n<meta name=\"twitter:label1\" content=\"Tiempo de lectura\" \/>\n\t<meta name=\"twitter:data1\" content=\"4 minutos\" \/>\n<script type=\"application\/ld+json\" class=\"yoast-schema-graph\">{\"@context\":\"https:\/\/schema.org\",\"@graph\":[{\"@type\":\"WebPage\",\"@id\":\"https:\/\/ebenezer-oe.org\/es\/recursos\/glosario\/\",\"url\":\"https:\/\/ebenezer-oe.org\/es\/recursos\/glosario\/\",\"name\":\"Glosario - Ebenezer Operation Exodus\",\"isPartOf\":{\"@id\":\"https:\/\/ebenezer-oe.org\/#website\"},\"datePublished\":\"2021-08-06T05:29:27+00:00\",\"dateModified\":\"2021-08-18T10:38:27+00:00\",\"breadcrumb\":{\"@id\":\"https:\/\/ebenezer-oe.org\/es\/recursos\/glosario\/#breadcrumb\"},\"inLanguage\":\"es\",\"potentialAction\":[{\"@type\":\"ReadAction\",\"target\":[\"https:\/\/ebenezer-oe.org\/es\/recursos\/glosario\/\"]}]},{\"@type\":\"BreadcrumbList\",\"@id\":\"https:\/\/ebenezer-oe.org\/es\/recursos\/glosario\/#breadcrumb\",\"itemListElement\":[{\"@type\":\"ListItem\",\"position\":1,\"name\":\"Home\",\"item\":\"https:\/\/ebenezer-oe.org\/es\/\"},{\"@type\":\"ListItem\",\"position\":2,\"name\":\"Recursos\",\"item\":\"https:\/\/ebenezer-oe.org\/es\/recursos\/\"},{\"@type\":\"ListItem\",\"position\":3,\"name\":\"Glosario\"}]},{\"@type\":\"WebSite\",\"@id\":\"https:\/\/ebenezer-oe.org\/#website\",\"url\":\"https:\/\/ebenezer-oe.org\/\",\"name\":\"Ebenezer - Operation Exodus\",\"description\":\"\",\"publisher\":{\"@id\":\"https:\/\/ebenezer-oe.org\/#organization\"},\"potentialAction\":[{\"@type\":\"SearchAction\",\"target\":{\"@type\":\"EntryPoint\",\"urlTemplate\":\"https:\/\/ebenezer-oe.org\/?s={search_term_string}\"},\"query-input\":{\"@type\":\"PropertyValueSpecification\",\"valueRequired\":true,\"valueName\":\"search_term_string\"}}],\"inLanguage\":\"es\"},{\"@type\":\"Organization\",\"@id\":\"https:\/\/ebenezer-oe.org\/#organization\",\"name\":\"Ebenezer - Operation Exodus\",\"url\":\"https:\/\/ebenezer-oe.org\/\",\"logo\":{\"@type\":\"ImageObject\",\"inLanguage\":\"es\",\"@id\":\"https:\/\/ebenezer-oe.org\/#\/schema\/logo\/image\/\",\"url\":\"https:\/\/ebenezeroe.wpengine.com\/wp-content\/uploads\/2020\/09\/Logo_EOE_EN_Colour-Horizontal.png\",\"contentUrl\":\"https:\/\/ebenezeroe.wpengine.com\/wp-content\/uploads\/2020\/09\/Logo_EOE_EN_Colour-Horizontal.png\",\"width\":1922,\"height\":928,\"caption\":\"Ebenezer - Operation Exodus\"},\"image\":{\"@id\":\"https:\/\/ebenezer-oe.org\/#\/schema\/logo\/image\/\"},\"sameAs\":[\"https:\/\/www.facebook.com\/EbenezerInt\",\"https:\/\/www.instagram.com\/ebenezer_oe_eng\/\",\"https:\/\/www.youtube.com\/channel\/UC6qGHrKKeamFVz95Vd8LR1g\"]}]}<\/script>\n<!-- \/ Yoast SEO plugin. -->","yoast_head_json":{"title":"Glosario - Ebenezer Operation Exodus","robots":{"index":"index","follow":"follow","max-snippet":"max-snippet:-1","max-image-preview":"max-image-preview:large","max-video-preview":"max-video-preview:-1"},"canonical":"https:\/\/ebenezer-oe.org\/es\/recursos\/glosario\/","og_locale":"es_ES","og_type":"article","og_title":"Glosario - Ebenezer Operation Exodus","og_description":"Glosario De T\u00e9rminos Ali\u00e1 \u05e2\u05dc\u05d9\u05d4 Ali\u00e1 es la palabra para la inmigraci\u00f3n de jud\u00edos de la Di\u00e1spora a la Tierra de Israel. La palabra en hebreo significa \u00abascenso\u00bb y se define como \u00absubir\u00bb &#8211; progresando hacia Jerusal\u00e9n. &nbsp; &nbsp; Fondo de Emergencia Ebenezer Internacional (FEEI) Una organizaci\u00f3n Cristiana Internacional que trabaja en cooperaci\u00f3n con la&hellip;","og_url":"https:\/\/ebenezer-oe.org\/es\/recursos\/glosario\/","og_site_name":"Ebenezer Operation Exodus","article_publisher":"https:\/\/www.facebook.com\/EbenezerInt","article_modified_time":"2021-08-18T10:38:27+00:00","twitter_card":"summary_large_image","twitter_misc":{"Tiempo de lectura":"4 minutos"},"schema":{"@context":"https:\/\/schema.org","@graph":[{"@type":"WebPage","@id":"https:\/\/ebenezer-oe.org\/es\/recursos\/glosario\/","url":"https:\/\/ebenezer-oe.org\/es\/recursos\/glosario\/","name":"Glosario - Ebenezer Operation Exodus","isPartOf":{"@id":"https:\/\/ebenezer-oe.org\/#website"},"datePublished":"2021-08-06T05:29:27+00:00","dateModified":"2021-08-18T10:38:27+00:00","breadcrumb":{"@id":"https:\/\/ebenezer-oe.org\/es\/recursos\/glosario\/#breadcrumb"},"inLanguage":"es","potentialAction":[{"@type":"ReadAction","target":["https:\/\/ebenezer-oe.org\/es\/recursos\/glosario\/"]}]},{"@type":"BreadcrumbList","@id":"https:\/\/ebenezer-oe.org\/es\/recursos\/glosario\/#breadcrumb","itemListElement":[{"@type":"ListItem","position":1,"name":"Home","item":"https:\/\/ebenezer-oe.org\/es\/"},{"@type":"ListItem","position":2,"name":"Recursos","item":"https:\/\/ebenezer-oe.org\/es\/recursos\/"},{"@type":"ListItem","position":3,"name":"Glosario"}]},{"@type":"WebSite","@id":"https:\/\/ebenezer-oe.org\/#website","url":"https:\/\/ebenezer-oe.org\/","name":"Ebenezer - Operation Exodus","description":"","publisher":{"@id":"https:\/\/ebenezer-oe.org\/#organization"},"potentialAction":[{"@type":"SearchAction","target":{"@type":"EntryPoint","urlTemplate":"https:\/\/ebenezer-oe.org\/?s={search_term_string}"},"query-input":{"@type":"PropertyValueSpecification","valueRequired":true,"valueName":"search_term_string"}}],"inLanguage":"es"},{"@type":"Organization","@id":"https:\/\/ebenezer-oe.org\/#organization","name":"Ebenezer - Operation Exodus","url":"https:\/\/ebenezer-oe.org\/","logo":{"@type":"ImageObject","inLanguage":"es","@id":"https:\/\/ebenezer-oe.org\/#\/schema\/logo\/image\/","url":"https:\/\/ebenezeroe.wpengine.com\/wp-content\/uploads\/2020\/09\/Logo_EOE_EN_Colour-Horizontal.png","contentUrl":"https:\/\/ebenezeroe.wpengine.com\/wp-content\/uploads\/2020\/09\/Logo_EOE_EN_Colour-Horizontal.png","width":1922,"height":928,"caption":"Ebenezer - Operation Exodus"},"image":{"@id":"https:\/\/ebenezer-oe.org\/#\/schema\/logo\/image\/"},"sameAs":["https:\/\/www.facebook.com\/EbenezerInt","https:\/\/www.instagram.com\/ebenezer_oe_eng\/","https:\/\/www.youtube.com\/channel\/UC6qGHrKKeamFVz95Vd8LR1g"]}]}},"_links":{"self":[{"href":"https:\/\/ebenezer-oe.org\/es\/wp-json\/wp\/v2\/pages\/36544","targetHints":{"allow":["GET"]}}],"collection":[{"href":"https:\/\/ebenezer-oe.org\/es\/wp-json\/wp\/v2\/pages"}],"about":[{"href":"https:\/\/ebenezer-oe.org\/es\/wp-json\/wp\/v2\/types\/page"}],"author":[{"embeddable":true,"href":"https:\/\/ebenezer-oe.org\/es\/wp-json\/wp\/v2\/users\/1"}],"replies":[{"embeddable":true,"href":"https:\/\/ebenezer-oe.org\/es\/wp-json\/wp\/v2\/comments?post=36544"}],"version-history":[{"count":0,"href":"https:\/\/ebenezer-oe.org\/es\/wp-json\/wp\/v2\/pages\/36544\/revisions"}],"up":[{"embeddable":true,"href":"https:\/\/ebenezer-oe.org\/es\/wp-json\/wp\/v2\/pages\/69071"}],"wp:attachment":[{"href":"https:\/\/ebenezer-oe.org\/es\/wp-json\/wp\/v2\/media?parent=36544"}],"curies":[{"name":"wp","href":"https:\/\/api.w.org\/{rel}","templated":true}]}}