{"id":74774,"date":"2022-10-27T16:42:11","date_gmt":"2022-10-27T16:42:11","guid":{"rendered":"https:\/\/ebenezer-oe.org\/america-latina\/"},"modified":"2022-11-01T10:44:40","modified_gmt":"2022-11-01T10:44:40","slug":"america-latina","status":"publish","type":"page","link":"https:\/\/ebenezer-oe.org\/es\/america-latina\/","title":{"rendered":"Am\u00e9rica Latina"},"content":{"rendered":"\n<h2>\n\t\tAm\u00e9rica Latina\n\t<\/h2>\n<h4>\n\t\tP\u00e1gina regional de Ebenezer Operaci\u00f3n \u00c9xodo\n\t<\/h4>\n<h2>\n\t\tRecursos\n\t<\/h2>\n\t<p>Conozca m\u00e1s sobre la ali\u00e1, la teolog\u00eda del reemplazo, el papel de la Iglesia y la historia de la Operaci\u00f3n \u00c9xodo de Ebenezer&#8230;<\/p>\n\t\t\t<a href=\"https:\/\/ebenezeroe.wpengine.com\/es\/recursos\/\" target=\"_self\" role=\"button\" rel=\"noopener\">\n\t\t\t\t\t\t\tM\u00e1s informaci\u00f3n \n\t\t\t\t\t<\/a>\n\t\t\t\t<img decoding=\"async\" data-src=\"https:\/\/ebenezeroe.wpengine.com\/wp-content\/uploads\/2021\/05\/Untitled-design-42.png\" alt=\"Untitled design-42\" itemprop=\"image\" height=\"1080\" width=\"1080\" title=\"Untitled design-42\" onerror=\"this.style.display='none'\" src=\"data:image\/svg+xml;base64,PHN2ZyB3aWR0aD0iMSIgaGVpZ2h0PSIxIiB4bWxucz0iaHR0cDovL3d3dy53My5vcmcvMjAwMC9zdmciPjwvc3ZnPg==\" class=\"lazyload\" style=\"--smush-placeholder-width: 1080px; --smush-placeholder-aspect-ratio: 1080\/1080;\" \/>\n<h2>\n\t\tCont\u00e1ctanos\n\t<\/h2>\n\t\t\t\t\t\t\t\t<a href=\"https:\/\/ebenezeroe.wpengine.com\/es\/asociate-con-nosotros\/unete-en-oracion\/\" target=\"_self\" rel=\"noopener\">\n\t\t\t\t\t\t<\/a>\n\t<h3><a href=\"https:\/\/ebenezeroe.wpengine.com\/es\/asociate-con-nosotros\/unete-en-oracion\/\" target=\"_self\" rel=\"noopener\">Direcci\u00f3n<\/a><\/h3>\t\t\n\t\t\t<p>Ave Francisco I Madero 2137 Pte. Col. Mitras Sur Monterrey N L Me\u0301xico CP 64020<\/p>\n\t\t<h3> Correo Administraci\u00f3n oficina MTY<\/h3>\t\t\n\t\t\t<p><a href=\"mailto:learsi.ebenezer@gmail.com\">learsi.ebenezer@gmail.com<\/a><\/p>\n<p><a href=\"mailto:feebenezermexico@gmail.com\">feebenezermexico@gmail.com<\/a><\/p>\n\t\t\t\t\t\t\t\t<a href=\"https:\/\/ebenezeroe.wpengine.com\/partner-with-us\/serve-with-ebenezer\/\" target=\"_self\" rel=\"noopener\">\n\t\t\t\t\t\t<\/a>\n\t\t<h3><a href=\"https:\/\/ebenezeroe.wpengine.com\/partner-with-us\/serve-with-ebenezer\/\" target=\"_self\" rel=\"noopener\">Datos Bancarios<\/a><\/h3>\t\t\n\t\t\tBanco: BBVA Bancomer<br \/>\nSucursal: 4725 Mitras Centro<br \/>\nDomicilio del Banco: Ave Francisco I Madero 2137 Pte. Col. Mitras Sur Monterrey N L M\u00e9xico CP 64020 Tel. (52) 8183479436\nNombre de Cliente Bancario: Fondo de Emergencia Ebenezer A. C.<br \/>\nN\u00famero de Cuenta del Cliente: 0118431760<br \/>\nNo. Cuenta CLABE Interbancaria: 012580001184317605<br \/>\nSWIFT: BCMRMXMMPYM<br \/>\nABA: 021000021<br \/>\nDomicilio del Cuenta: Ave. Francisco I Madero 2902 Pte. Col. Mitras Sur.Monterrey N. L. M\u00e9xico CP 64020 Tel\u00e9fono (52) 818 252 5527\nOperaci\u00f2n \u00c9xodo Argentina<br \/>\nFUNDACI\u00d3N ASISTENCIAL EBENEZER<br \/>\nBanco Santander Rio # cuenta 195-118040<br \/>\nCBU 0720195620000001180404\n\n","protected":false},"excerpt":{"rendered":"<p>Am\u00e9rica Latina P\u00e1gina regional de Ebenezer Operaci\u00f3n \u00c9xodo Recursos Conozca m\u00e1s sobre la ali\u00e1, la teolog\u00eda del reemplazo, el papel de la Iglesia y la historia de la Operaci\u00f3n \u00c9xodo de Ebenezer&#8230; M\u00e1s informaci\u00f3n Cont\u00e1ctanos Direcci\u00f3n Ave Francisco I Madero 2137 Pte. Col. Mitras Sur Monterrey N L Me\u0301xico CP 64020 Correo Administraci\u00f3n oficina MTY&hellip;<\/p>\n","protected":false},"author":2,"featured_media":0,"parent":0,"menu_order":0,"comment_status":"closed","ping_status":"closed","template":"","meta":{"footnotes":""},"class_list":["post-74774","page","type-page","status-publish","hentry"],"yoast_head":"<!-- This site is optimized with the Yoast SEO plugin v27.4 - https:\/\/yoast.com\/product\/yoast-seo-wordpress\/ -->\n<title>Am\u00e9rica Latina - Ebenezer Operation Exodus<\/title>\n<meta name=\"robots\" content=\"index, follow, max-snippet:-1, max-image-preview:large, max-video-preview:-1\" \/>\n<link rel=\"canonical\" href=\"https:\/\/ebenezer-oe.org\/es\/america-latina\/\" \/>\n<meta property=\"og:locale\" content=\"es_ES\" \/>\n<meta property=\"og:type\" content=\"article\" \/>\n<meta property=\"og:title\" content=\"Am\u00e9rica Latina - Ebenezer Operation Exodus\" \/>\n<meta property=\"og:description\" content=\"Am\u00e9rica Latina P\u00e1gina regional de Ebenezer Operaci\u00f3n \u00c9xodo Recursos Conozca m\u00e1s sobre la ali\u00e1, la teolog\u00eda del reemplazo, el papel de la Iglesia y la historia de la Operaci\u00f3n \u00c9xodo de Ebenezer&#8230; M\u00e1s informaci\u00f3n Cont\u00e1ctanos Direcci\u00f3n Ave Francisco I Madero 2137 Pte. Col. Mitras Sur Monterrey N L Me\u0301xico CP 64020 Correo Administraci\u00f3n oficina MTY&hellip;\" \/>\n<meta property=\"og:url\" content=\"https:\/\/ebenezer-oe.org\/es\/america-latina\/\" \/>\n<meta property=\"og:site_name\" content=\"Ebenezer Operation Exodus\" \/>\n<meta property=\"article:publisher\" content=\"https:\/\/www.facebook.com\/EbenezerInt\" \/>\n<meta property=\"article:modified_time\" content=\"2022-11-01T10:44:40+00:00\" \/>\n<meta property=\"og:image\" content=\"https:\/\/ebenezeroe.wpengine.com\/wp-content\/uploads\/2021\/05\/Untitled-design-42.png\" \/>\n<meta name=\"twitter:card\" content=\"summary_large_image\" \/>\n<meta name=\"twitter:label1\" content=\"Tiempo de lectura\" \/>\n\t<meta name=\"twitter:data1\" content=\"1 minuto\" \/>\n<script type=\"application\/ld+json\" class=\"yoast-schema-graph\">{\"@context\":\"https:\\\/\\\/schema.org\",\"@graph\":[{\"@type\":\"WebPage\",\"@id\":\"https:\\\/\\\/ebenezer-oe.org\\\/es\\\/america-latina\\\/\",\"url\":\"https:\\\/\\\/ebenezer-oe.org\\\/es\\\/america-latina\\\/\",\"name\":\"Am\u00e9rica Latina - Ebenezer Operation Exodus\",\"isPartOf\":{\"@id\":\"https:\\\/\\\/ebenezer-oe.org\\\/#website\"},\"primaryImageOfPage\":{\"@id\":\"https:\\\/\\\/ebenezer-oe.org\\\/es\\\/america-latina\\\/#primaryimage\"},\"image\":{\"@id\":\"https:\\\/\\\/ebenezer-oe.org\\\/es\\\/america-latina\\\/#primaryimage\"},\"thumbnailUrl\":\"https:\\\/\\\/ebenezeroe.wpengine.com\\\/wp-content\\\/uploads\\\/2021\\\/05\\\/Untitled-design-42.png\",\"datePublished\":\"2022-10-27T16:42:11+00:00\",\"dateModified\":\"2022-11-01T10:44:40+00:00\",\"breadcrumb\":{\"@id\":\"https:\\\/\\\/ebenezer-oe.org\\\/es\\\/america-latina\\\/#breadcrumb\"},\"inLanguage\":\"es\",\"potentialAction\":[{\"@type\":\"ReadAction\",\"target\":[\"https:\\\/\\\/ebenezer-oe.org\\\/es\\\/america-latina\\\/\"]}]},{\"@type\":\"ImageObject\",\"inLanguage\":\"es\",\"@id\":\"https:\\\/\\\/ebenezer-oe.org\\\/es\\\/america-latina\\\/#primaryimage\",\"url\":\"https:\\\/\\\/ebenezeroe.wpengine.com\\\/wp-content\\\/uploads\\\/2021\\\/05\\\/Untitled-design-42.png\",\"contentUrl\":\"https:\\\/\\\/ebenezeroe.wpengine.com\\\/wp-content\\\/uploads\\\/2021\\\/05\\\/Untitled-design-42.png\"},{\"@type\":\"BreadcrumbList\",\"@id\":\"https:\\\/\\\/ebenezer-oe.org\\\/es\\\/america-latina\\\/#breadcrumb\",\"itemListElement\":[{\"@type\":\"ListItem\",\"position\":1,\"name\":\"Home\",\"item\":\"https:\\\/\\\/ebenezer-oe.org\\\/es\\\/\"},{\"@type\":\"ListItem\",\"position\":2,\"name\":\"Am\u00e9rica Latina\"}]},{\"@type\":\"WebSite\",\"@id\":\"https:\\\/\\\/ebenezer-oe.org\\\/#website\",\"url\":\"https:\\\/\\\/ebenezer-oe.org\\\/\",\"name\":\"Ebenezer - Operation Exodus\",\"description\":\"\",\"publisher\":{\"@id\":\"https:\\\/\\\/ebenezer-oe.org\\\/#organization\"},\"potentialAction\":[{\"@type\":\"SearchAction\",\"target\":{\"@type\":\"EntryPoint\",\"urlTemplate\":\"https:\\\/\\\/ebenezer-oe.org\\\/?s={search_term_string}\"},\"query-input\":{\"@type\":\"PropertyValueSpecification\",\"valueRequired\":true,\"valueName\":\"search_term_string\"}}],\"inLanguage\":\"es\"},{\"@type\":\"Organization\",\"@id\":\"https:\\\/\\\/ebenezer-oe.org\\\/#organization\",\"name\":\"Ebenezer - Operation Exodus\",\"url\":\"https:\\\/\\\/ebenezer-oe.org\\\/\",\"logo\":{\"@type\":\"ImageObject\",\"inLanguage\":\"es\",\"@id\":\"https:\\\/\\\/ebenezer-oe.org\\\/#\\\/schema\\\/logo\\\/image\\\/\",\"url\":\"https:\\\/\\\/ebenezeroe.wpengine.com\\\/wp-content\\\/uploads\\\/2020\\\/09\\\/Logo_EOE_EN_Colour-Horizontal.png\",\"contentUrl\":\"https:\\\/\\\/ebenezeroe.wpengine.com\\\/wp-content\\\/uploads\\\/2020\\\/09\\\/Logo_EOE_EN_Colour-Horizontal.png\",\"width\":1922,\"height\":928,\"caption\":\"Ebenezer - Operation Exodus\"},\"image\":{\"@id\":\"https:\\\/\\\/ebenezer-oe.org\\\/#\\\/schema\\\/logo\\\/image\\\/\"},\"sameAs\":[\"https:\\\/\\\/www.facebook.com\\\/EbenezerInt\",\"https:\\\/\\\/www.instagram.com\\\/ebenezer_oe_eng\\\/\",\"https:\\\/\\\/www.youtube.com\\\/channel\\\/UC6qGHrKKeamFVz95Vd8LR1g\"]}]}<\/script>\n<!-- \/ Yoast SEO plugin. -->","yoast_head_json":{"title":"Am\u00e9rica Latina - Ebenezer Operation Exodus","robots":{"index":"index","follow":"follow","max-snippet":"max-snippet:-1","max-image-preview":"max-image-preview:large","max-video-preview":"max-video-preview:-1"},"canonical":"https:\/\/ebenezer-oe.org\/es\/america-latina\/","og_locale":"es_ES","og_type":"article","og_title":"Am\u00e9rica Latina - Ebenezer Operation Exodus","og_description":"Am\u00e9rica Latina P\u00e1gina regional de Ebenezer Operaci\u00f3n \u00c9xodo Recursos Conozca m\u00e1s sobre la ali\u00e1, la teolog\u00eda del reemplazo, el papel de la Iglesia y la historia de la Operaci\u00f3n \u00c9xodo de Ebenezer&#8230; M\u00e1s informaci\u00f3n Cont\u00e1ctanos Direcci\u00f3n Ave Francisco I Madero 2137 Pte. Col. Mitras Sur Monterrey N L Me\u0301xico CP 64020 Correo Administraci\u00f3n oficina MTY&hellip;","og_url":"https:\/\/ebenezer-oe.org\/es\/america-latina\/","og_site_name":"Ebenezer Operation Exodus","article_publisher":"https:\/\/www.facebook.com\/EbenezerInt","article_modified_time":"2022-11-01T10:44:40+00:00","og_image":[{"url":"https:\/\/ebenezeroe.wpengine.com\/wp-content\/uploads\/2021\/05\/Untitled-design-42.png","type":"","width":"","height":""}],"twitter_card":"summary_large_image","twitter_misc":{"Tiempo de lectura":"1 minuto"},"schema":{"@context":"https:\/\/schema.org","@graph":[{"@type":"WebPage","@id":"https:\/\/ebenezer-oe.org\/es\/america-latina\/","url":"https:\/\/ebenezer-oe.org\/es\/america-latina\/","name":"Am\u00e9rica Latina - Ebenezer Operation Exodus","isPartOf":{"@id":"https:\/\/ebenezer-oe.org\/#website"},"primaryImageOfPage":{"@id":"https:\/\/ebenezer-oe.org\/es\/america-latina\/#primaryimage"},"image":{"@id":"https:\/\/ebenezer-oe.org\/es\/america-latina\/#primaryimage"},"thumbnailUrl":"https:\/\/ebenezeroe.wpengine.com\/wp-content\/uploads\/2021\/05\/Untitled-design-42.png","datePublished":"2022-10-27T16:42:11+00:00","dateModified":"2022-11-01T10:44:40+00:00","breadcrumb":{"@id":"https:\/\/ebenezer-oe.org\/es\/america-latina\/#breadcrumb"},"inLanguage":"es","potentialAction":[{"@type":"ReadAction","target":["https:\/\/ebenezer-oe.org\/es\/america-latina\/"]}]},{"@type":"ImageObject","inLanguage":"es","@id":"https:\/\/ebenezer-oe.org\/es\/america-latina\/#primaryimage","url":"https:\/\/ebenezeroe.wpengine.com\/wp-content\/uploads\/2021\/05\/Untitled-design-42.png","contentUrl":"https:\/\/ebenezeroe.wpengine.com\/wp-content\/uploads\/2021\/05\/Untitled-design-42.png"},{"@type":"BreadcrumbList","@id":"https:\/\/ebenezer-oe.org\/es\/america-latina\/#breadcrumb","itemListElement":[{"@type":"ListItem","position":1,"name":"Home","item":"https:\/\/ebenezer-oe.org\/es\/"},{"@type":"ListItem","position":2,"name":"Am\u00e9rica Latina"}]},{"@type":"WebSite","@id":"https:\/\/ebenezer-oe.org\/#website","url":"https:\/\/ebenezer-oe.org\/","name":"Ebenezer - Operation Exodus","description":"","publisher":{"@id":"https:\/\/ebenezer-oe.org\/#organization"},"potentialAction":[{"@type":"SearchAction","target":{"@type":"EntryPoint","urlTemplate":"https:\/\/ebenezer-oe.org\/?s={search_term_string}"},"query-input":{"@type":"PropertyValueSpecification","valueRequired":true,"valueName":"search_term_string"}}],"inLanguage":"es"},{"@type":"Organization","@id":"https:\/\/ebenezer-oe.org\/#organization","name":"Ebenezer - Operation Exodus","url":"https:\/\/ebenezer-oe.org\/","logo":{"@type":"ImageObject","inLanguage":"es","@id":"https:\/\/ebenezer-oe.org\/#\/schema\/logo\/image\/","url":"https:\/\/ebenezeroe.wpengine.com\/wp-content\/uploads\/2020\/09\/Logo_EOE_EN_Colour-Horizontal.png","contentUrl":"https:\/\/ebenezeroe.wpengine.com\/wp-content\/uploads\/2020\/09\/Logo_EOE_EN_Colour-Horizontal.png","width":1922,"height":928,"caption":"Ebenezer - Operation Exodus"},"image":{"@id":"https:\/\/ebenezer-oe.org\/#\/schema\/logo\/image\/"},"sameAs":["https:\/\/www.facebook.com\/EbenezerInt","https:\/\/www.instagram.com\/ebenezer_oe_eng\/","https:\/\/www.youtube.com\/channel\/UC6qGHrKKeamFVz95Vd8LR1g"]}]}},"_links":{"self":[{"href":"https:\/\/ebenezer-oe.org\/es\/wp-json\/wp\/v2\/pages\/74774","targetHints":{"allow":["GET"]}}],"collection":[{"href":"https:\/\/ebenezer-oe.org\/es\/wp-json\/wp\/v2\/pages"}],"about":[{"href":"https:\/\/ebenezer-oe.org\/es\/wp-json\/wp\/v2\/types\/page"}],"author":[{"embeddable":true,"href":"https:\/\/ebenezer-oe.org\/es\/wp-json\/wp\/v2\/users\/2"}],"replies":[{"embeddable":true,"href":"https:\/\/ebenezer-oe.org\/es\/wp-json\/wp\/v2\/comments?post=74774"}],"version-history":[{"count":0,"href":"https:\/\/ebenezer-oe.org\/es\/wp-json\/wp\/v2\/pages\/74774\/revisions"}],"wp:attachment":[{"href":"https:\/\/ebenezer-oe.org\/es\/wp-json\/wp\/v2\/media?parent=74774"}],"curies":[{"name":"wp","href":"https:\/\/api.w.org\/{rel}","templated":true}]}}