{"id":38613,"date":"2021-08-30T05:49:09","date_gmt":"2021-08-30T05:49:09","guid":{"rendered":"https:\/\/ebenezer-oe.org\/lahjoita\/"},"modified":"2024-02-19T09:17:41","modified_gmt":"2024-02-19T09:17:41","slug":"lahjoita","status":"publish","type":"page","link":"https:\/\/ebenezer-oe.org\/fi\/lahjoita\/","title":{"rendered":"Lahjoita"},"content":{"rendered":"\n\n\t<h2>Lahjoita<\/h2>\n\t<p>&nbsp;<\/p>\n<p>&nbsp;<\/p>\n\t<p>Ebenezer Operation Exodus toimii kaikilla mantereilla ja yli 55 maassa.<\/p>\n<p>Jos haluaisit osallistua lahjoittamalla taloudellisesti, olisimme hyvin kiitollisia.<\/p>\n\t<p>On useita eri tapoja lahjoittaa:<\/p>\n\t\t<h3><a href=\"https:\/\/www.paypal.com\/donate?token=VlI0Sg6zXkYiT2CSdhpZMff9szrsGZOzeOsavd6MzdVzp__VwgdIIdboSYnBS_EGM9vhCNVeD0VHCCDR\" target=\"_self\" rel=\"noopener\">Paypal<\/a><\/h3><p>Lahjoita Paypal-tilin kautta tai k\u00e4ytt\u00e4m\u00e4ll\u00e4 pankkikorttiasi. (Ei vaadi Paypal-tili\u00e4.)<\/p>\n\t\t\t<a href=\"https:\/\/www.paypal.com\/donate?hosted_button_id=LYA8PTHMA4ZGN\" target=\"_blank\" rel=\"noopener\">\n\t\t\t\t\t\t\tLahjoita nyt\n\t\t\t\t\t<\/a>\n\t\t<h3><a href=\"https:\/\/ebenezeroe.wpengine.com\/fi\/ota-yhteytta\/\" target=\"_self\" rel=\"noopener\">Pankkisiirto<\/a><\/h3><p>Pyyd\u00e4 pankkitietojamme.<\/p>\n<p>&nbsp;<\/p>\n\t\t\t<a href=\"https:\/\/ebenezer-oe.org\/fi\/ota-yhteytta\/\" target=\"_self\" rel=\"noopener\">\n\t\t\t\t\t\t\tPyyd\u00e4 tietoja\n\t\t\t\t\t<\/a>\n\t\t<h3><a href=\"https:\/\/secured.israelgives.org\/donate\/Operation_Exodus_Israel?_branch_match_id=486075015344824811\" target=\"_self\" rel=\"noopener\">Israel Gives<\/a><\/h3><p>Klikkaa alla olevaa nappulaa siirty\u00e4ksesi Israel Gives -nettisivulle.<\/p>\n\t\t\t<a href=\"https:\/\/secured.israelgives.org\/donate\/Operation_Exodus_Israel?_branch_match_id=486075015344824811\" target=\"_blank\" rel=\"noopener\">\n\t\t\t\t\t\t\tIsrael Gives\n\t\t\t\t\t<\/a>\n\n","protected":false},"excerpt":{"rendered":"<p>Lahjoita &nbsp; &nbsp; Ebenezer Operation Exodus toimii kaikilla mantereilla ja yli 55 maassa. Jos haluaisit osallistua lahjoittamalla taloudellisesti, olisimme hyvin kiitollisia. On useita eri tapoja lahjoittaa: Paypal Lahjoita Paypal-tilin kautta tai k\u00e4ytt\u00e4m\u00e4ll\u00e4 pankkikorttiasi. (Ei vaadi Paypal-tili\u00e4.) Lahjoita nyt Pankkisiirto Pyyd\u00e4 pankkitietojamme. &nbsp; Pyyd\u00e4 tietoja Israel Gives Klikkaa alla olevaa nappulaa siirty\u00e4ksesi Israel Gives -nettisivulle. Israel&hellip;<\/p>\n","protected":false},"author":1,"featured_media":0,"parent":0,"menu_order":0,"comment_status":"closed","ping_status":"closed","template":"","meta":{"footnotes":""},"class_list":["post-38613","page","type-page","status-publish","hentry"],"yoast_head":"<!-- This site is optimized with the Yoast SEO plugin v27.2 - https:\/\/yoast.com\/product\/yoast-seo-wordpress\/ -->\n<title>Lahjoita - Ebenezer Operation Exodus<\/title>\n<meta name=\"robots\" content=\"index, follow, max-snippet:-1, max-image-preview:large, max-video-preview:-1\" \/>\n<link rel=\"canonical\" href=\"https:\/\/ebenezer-oe.org\/fi\/lahjoita\/\" \/>\n<meta property=\"og:locale\" content=\"fi_FI\" \/>\n<meta property=\"og:type\" content=\"article\" \/>\n<meta property=\"og:title\" content=\"Lahjoita - Ebenezer Operation Exodus\" \/>\n<meta property=\"og:description\" content=\"Lahjoita &nbsp; &nbsp; Ebenezer Operation Exodus toimii kaikilla mantereilla ja yli 55 maassa. Jos haluaisit osallistua lahjoittamalla taloudellisesti, olisimme hyvin kiitollisia. On useita eri tapoja lahjoittaa: Paypal Lahjoita Paypal-tilin kautta tai k\u00e4ytt\u00e4m\u00e4ll\u00e4 pankkikorttiasi. (Ei vaadi Paypal-tili\u00e4.) Lahjoita nyt Pankkisiirto Pyyd\u00e4 pankkitietojamme. &nbsp; Pyyd\u00e4 tietoja Israel Gives Klikkaa alla olevaa nappulaa siirty\u00e4ksesi Israel Gives -nettisivulle. Israel&hellip;\" \/>\n<meta property=\"og:url\" content=\"https:\/\/ebenezer-oe.org\/fi\/lahjoita\/\" \/>\n<meta property=\"og:site_name\" content=\"Ebenezer Operation Exodus\" \/>\n<meta property=\"article:publisher\" content=\"https:\/\/www.facebook.com\/EbenezerInt\" \/>\n<meta property=\"article:modified_time\" content=\"2024-02-19T09:17:41+00:00\" \/>\n<meta name=\"twitter:card\" content=\"summary_large_image\" \/>\n<script type=\"application\/ld+json\" class=\"yoast-schema-graph\">{\"@context\":\"https:\/\/schema.org\",\"@graph\":[{\"@type\":\"WebPage\",\"@id\":\"https:\/\/ebenezer-oe.org\/fi\/lahjoita\/\",\"url\":\"https:\/\/ebenezer-oe.org\/fi\/lahjoita\/\",\"name\":\"Lahjoita - Ebenezer Operation Exodus\",\"isPartOf\":{\"@id\":\"https:\/\/ebenezer-oe.org\/#website\"},\"datePublished\":\"2021-08-30T05:49:09+00:00\",\"dateModified\":\"2024-02-19T09:17:41+00:00\",\"breadcrumb\":{\"@id\":\"https:\/\/ebenezer-oe.org\/fi\/lahjoita\/#breadcrumb\"},\"inLanguage\":\"fi\",\"potentialAction\":[{\"@type\":\"ReadAction\",\"target\":[\"https:\/\/ebenezer-oe.org\/fi\/lahjoita\/\"]}]},{\"@type\":\"BreadcrumbList\",\"@id\":\"https:\/\/ebenezer-oe.org\/fi\/lahjoita\/#breadcrumb\",\"itemListElement\":[{\"@type\":\"ListItem\",\"position\":1,\"name\":\"Home\",\"item\":\"https:\/\/ebenezer-oe.org\/fi\/\"},{\"@type\":\"ListItem\",\"position\":2,\"name\":\"Lahjoita\"}]},{\"@type\":\"WebSite\",\"@id\":\"https:\/\/ebenezer-oe.org\/#website\",\"url\":\"https:\/\/ebenezer-oe.org\/\",\"name\":\"Ebenezer - Operation Exodus\",\"description\":\"\",\"publisher\":{\"@id\":\"https:\/\/ebenezer-oe.org\/#organization\"},\"potentialAction\":[{\"@type\":\"SearchAction\",\"target\":{\"@type\":\"EntryPoint\",\"urlTemplate\":\"https:\/\/ebenezer-oe.org\/?s={search_term_string}\"},\"query-input\":{\"@type\":\"PropertyValueSpecification\",\"valueRequired\":true,\"valueName\":\"search_term_string\"}}],\"inLanguage\":\"fi\"},{\"@type\":\"Organization\",\"@id\":\"https:\/\/ebenezer-oe.org\/#organization\",\"name\":\"Ebenezer - Operation Exodus\",\"url\":\"https:\/\/ebenezer-oe.org\/\",\"logo\":{\"@type\":\"ImageObject\",\"inLanguage\":\"fi\",\"@id\":\"https:\/\/ebenezer-oe.org\/#\/schema\/logo\/image\/\",\"url\":\"https:\/\/ebenezeroe.wpengine.com\/wp-content\/uploads\/2020\/09\/Logo_EOE_EN_Colour-Horizontal.png\",\"contentUrl\":\"https:\/\/ebenezeroe.wpengine.com\/wp-content\/uploads\/2020\/09\/Logo_EOE_EN_Colour-Horizontal.png\",\"width\":1922,\"height\":928,\"caption\":\"Ebenezer - Operation Exodus\"},\"image\":{\"@id\":\"https:\/\/ebenezer-oe.org\/#\/schema\/logo\/image\/\"},\"sameAs\":[\"https:\/\/www.facebook.com\/EbenezerInt\",\"https:\/\/www.instagram.com\/ebenezer_oe_eng\/\",\"https:\/\/www.youtube.com\/channel\/UC6qGHrKKeamFVz95Vd8LR1g\"]}]}<\/script>\n<!-- \/ Yoast SEO plugin. -->","yoast_head_json":{"title":"Lahjoita - Ebenezer Operation Exodus","robots":{"index":"index","follow":"follow","max-snippet":"max-snippet:-1","max-image-preview":"max-image-preview:large","max-video-preview":"max-video-preview:-1"},"canonical":"https:\/\/ebenezer-oe.org\/fi\/lahjoita\/","og_locale":"fi_FI","og_type":"article","og_title":"Lahjoita - Ebenezer Operation Exodus","og_description":"Lahjoita &nbsp; &nbsp; Ebenezer Operation Exodus toimii kaikilla mantereilla ja yli 55 maassa. Jos haluaisit osallistua lahjoittamalla taloudellisesti, olisimme hyvin kiitollisia. On useita eri tapoja lahjoittaa: Paypal Lahjoita Paypal-tilin kautta tai k\u00e4ytt\u00e4m\u00e4ll\u00e4 pankkikorttiasi. (Ei vaadi Paypal-tili\u00e4.) Lahjoita nyt Pankkisiirto Pyyd\u00e4 pankkitietojamme. &nbsp; Pyyd\u00e4 tietoja Israel Gives Klikkaa alla olevaa nappulaa siirty\u00e4ksesi Israel Gives -nettisivulle. Israel&hellip;","og_url":"https:\/\/ebenezer-oe.org\/fi\/lahjoita\/","og_site_name":"Ebenezer Operation Exodus","article_publisher":"https:\/\/www.facebook.com\/EbenezerInt","article_modified_time":"2024-02-19T09:17:41+00:00","twitter_card":"summary_large_image","schema":{"@context":"https:\/\/schema.org","@graph":[{"@type":"WebPage","@id":"https:\/\/ebenezer-oe.org\/fi\/lahjoita\/","url":"https:\/\/ebenezer-oe.org\/fi\/lahjoita\/","name":"Lahjoita - Ebenezer Operation Exodus","isPartOf":{"@id":"https:\/\/ebenezer-oe.org\/#website"},"datePublished":"2021-08-30T05:49:09+00:00","dateModified":"2024-02-19T09:17:41+00:00","breadcrumb":{"@id":"https:\/\/ebenezer-oe.org\/fi\/lahjoita\/#breadcrumb"},"inLanguage":"fi","potentialAction":[{"@type":"ReadAction","target":["https:\/\/ebenezer-oe.org\/fi\/lahjoita\/"]}]},{"@type":"BreadcrumbList","@id":"https:\/\/ebenezer-oe.org\/fi\/lahjoita\/#breadcrumb","itemListElement":[{"@type":"ListItem","position":1,"name":"Home","item":"https:\/\/ebenezer-oe.org\/fi\/"},{"@type":"ListItem","position":2,"name":"Lahjoita"}]},{"@type":"WebSite","@id":"https:\/\/ebenezer-oe.org\/#website","url":"https:\/\/ebenezer-oe.org\/","name":"Ebenezer - Operation Exodus","description":"","publisher":{"@id":"https:\/\/ebenezer-oe.org\/#organization"},"potentialAction":[{"@type":"SearchAction","target":{"@type":"EntryPoint","urlTemplate":"https:\/\/ebenezer-oe.org\/?s={search_term_string}"},"query-input":{"@type":"PropertyValueSpecification","valueRequired":true,"valueName":"search_term_string"}}],"inLanguage":"fi"},{"@type":"Organization","@id":"https:\/\/ebenezer-oe.org\/#organization","name":"Ebenezer - Operation Exodus","url":"https:\/\/ebenezer-oe.org\/","logo":{"@type":"ImageObject","inLanguage":"fi","@id":"https:\/\/ebenezer-oe.org\/#\/schema\/logo\/image\/","url":"https:\/\/ebenezeroe.wpengine.com\/wp-content\/uploads\/2020\/09\/Logo_EOE_EN_Colour-Horizontal.png","contentUrl":"https:\/\/ebenezeroe.wpengine.com\/wp-content\/uploads\/2020\/09\/Logo_EOE_EN_Colour-Horizontal.png","width":1922,"height":928,"caption":"Ebenezer - Operation Exodus"},"image":{"@id":"https:\/\/ebenezer-oe.org\/#\/schema\/logo\/image\/"},"sameAs":["https:\/\/www.facebook.com\/EbenezerInt","https:\/\/www.instagram.com\/ebenezer_oe_eng\/","https:\/\/www.youtube.com\/channel\/UC6qGHrKKeamFVz95Vd8LR1g"]}]}},"_links":{"self":[{"href":"https:\/\/ebenezer-oe.org\/fi\/wp-json\/wp\/v2\/pages\/38613","targetHints":{"allow":["GET"]}}],"collection":[{"href":"https:\/\/ebenezer-oe.org\/fi\/wp-json\/wp\/v2\/pages"}],"about":[{"href":"https:\/\/ebenezer-oe.org\/fi\/wp-json\/wp\/v2\/types\/page"}],"author":[{"embeddable":true,"href":"https:\/\/ebenezer-oe.org\/fi\/wp-json\/wp\/v2\/users\/1"}],"replies":[{"embeddable":true,"href":"https:\/\/ebenezer-oe.org\/fi\/wp-json\/wp\/v2\/comments?post=38613"}],"version-history":[{"count":0,"href":"https:\/\/ebenezer-oe.org\/fi\/wp-json\/wp\/v2\/pages\/38613\/revisions"}],"wp:attachment":[{"href":"https:\/\/ebenezer-oe.org\/fi\/wp-json\/wp\/v2\/media?parent=38613"}],"curies":[{"name":"wp","href":"https:\/\/api.w.org\/{rel}","templated":true}]}}