{"id":38619,"date":"2021-08-30T07:18:16","date_gmt":"2021-08-30T07:18:16","guid":{"rendered":"https:\/\/ebenezer-oe.org\/kotiin\/"},"modified":"2025-12-09T12:15:13","modified_gmt":"2025-12-09T12:15:13","slug":"kotiin","status":"publish","type":"page","link":"https:\/\/ebenezer-oe.org\/fi\/","title":{"rendered":"Kotiin"},"content":{"rendered":"\n<h2>\n\t\t\tAuttamassa H\u00e4nen Kansaansa Kotiin\t<\/h2>\n<h4>\n\t\t\tKristitty organisaatio kutsuttu avustamaan juutalaisen kansan paluuta Israeliin.\t<\/h4>\n<h2>\n\t\t\tAlija\t<\/h2>\n\t<p>Toimintamme keskittyy yhteen hepreankieliseen sanaan: Aliyah (alija). Kirjaimellisesti se tarkoittaa &#8217;nousta, menn\u00e4 yl\u00f6s&#8217;. Jerusalemiin matkustaminen vaatii &#8217;nousemista&#8217; ymp\u00e4r\u00f6ivilt\u00e4 alangoilta vuoristoon.<\/p>\n<p>Siksi juutalaiset ovat valinneet t\u00e4m\u00e4n sanan kuvaamaan prosessia, jossa kansan j\u00e4lkel\u00e4iset palaavat Israeliin kaikista ilmansuunnista.<\/p>\n\t\t\t<a href=\"https:\/\/ebenezer-oe.org\/fi\/tietoa-meista\/miksi-alija\/\" target=\"_self\">\n\t\t\t\t\t\t\tMiksi alija on t\u00e4rke\u00e4\u00e4?\n\t\t\t\t\t<\/a>\n<h2>\n\t\t\tIsraelin tukena\t<\/h2>\n\t<p>sodan aikana<\/p>\n\t<p>Nyt on aika seist\u00e4 Israelin rinnalla. Nyt on aika tukea Israelia ja juutalaista kansaa. Nyt on aika lohduttaa ja vahvistaa Israelin kansaa. Ja nyt on aika rukoilla Israelin puolesta.<\/p>\n\t\t\t<a href=\"https:\/\/ebenezer-oe.org\/fi\/israel-sodassa\/\" target=\"_self\">\n\t\t\t\t\t\t\tlis\u00e4tietoja\n\t\t\t\t\t<\/a>\n<h2>\n\t\t\tMit\u00e4 Me Teemme: \t<\/h2>\n\t<h3>Alija<\/h3><p>My\u00f6nnymme ja vastaamme k\u00e4yt\u00e4nn\u00f6n tavoilla Jumalan tahtoon, ett\u00e4 juutalaiset palaavat H\u00e4nen maahansa. <\/p>\n\t<h3>Rukous<\/h3><p>Tuemme ajantasaisilla rukousaiheilla niit\u00e4, joilla on syd\u00e4mell\u00e4\u00e4n rukoilla alijan puolesta, ja yhdist\u00e4mme heit\u00e4 toisiin rukoilijoihin.<\/p>\n\t<h3>Opettaminen<\/h3><p>Julistamme Jumalan lupauksia juutalaisia koskien. <\/p>\n\t\t\t<h3> 5.Moos.30:4 (RK)<\/h3> <p><i>&#8217;Vaikka sinut olisi karkotettu maan \u00e4\u00e4riin, Herra, sinun Jumalasi, kokoaa ja noutaa sinut sielt\u00e4kin.&#8217;<\/i><\/p>\t\t\n\t\t\t<h3> Jes.49:22 (RK)<\/h3> <p><i>&#8217;N\u00e4in sanoo Herra, Herra: Katso, min\u00e4 nostan k\u00e4teni kansakuntien puoleen, kohotan lippuni kansoja kohti. He tuovat sinun poikasi syliss\u00e4\u00e4n ja kantavat tytt\u00e4ri\u00e4si olallaan.&#8217;<\/i><\/p>\t\t\n\t\t\t<h3> Jes.62:1 (RK)<\/h3> <p><i>&#8217;Siionin t\u00e4hden en voi vaieta, Jerusalemin t\u00e4hden en saa rauhaa, ennen kuin sen vanhurskaus nousee kuin kirkas valo ja sen pelastus kuin leimuava soihtu.&#8217;<\/i><\/p>\t\t\n\t\t\t<h3> Jes.62:6-7 RK<\/h3> <p>&#8217;<i>Sinun muureillesi, Jerusalem, min\u00e4 olen asettanut vartijat. \u00c4lk\u00f6\u00f6t he vaietko hetkeksik\u00e4\u00e4n, ei p\u00e4iv\u00e4ll\u00e4 eik\u00e4 y\u00f6ll\u00e4. Te, jotka muistutatte Herraa, \u00e4lk\u00e4\u00e4 suoko itsellenne lepoa. \u00c4lk\u00e4\u00e4 suoko h\u00e4nelle lepoa, ennen kuin h\u00e4n on lujittanut Jerusalemin, tehnyt sen ylistyslauluksi maassa.&#8221;<\/i><\/p>\t\t\n\t\t\t<h3> Room.11:29 (RK)<\/h3> <p><i>&#8217;&#8230;sill\u00e4 Jumala ei kadu armolahjojaan eik\u00e4 kutsuaan.&#8217;<\/i><\/p>\t\t\n\t\t\t<h3> Aam.9:14-15 (RK)<\/h3> <p><em>&#8217;Silloin min\u00e4 k\u00e4\u00e4nn\u00e4n kansani Israelin kohtalon. He rakentavat j\u00e4lleen autiot kaupungit ja asuvat niiss\u00e4, he istuttavat viinitarhoja ja juovat niiden viini\u00e4, hankkivat itselleen puutarhoja ja sy\u00f6v\u00e4t niiden hedelmi\u00e4. Min\u00e4 istutan heid\u00e4t heid\u00e4n omaan maahansa, eik\u00e4 heit\u00e4 en\u00e4\u00e4 revit\u00e4 irti maasta, jonka min\u00e4 olen heille antanut, sanoo Herra, sinun Jumalasi.&#8217;<\/em><\/p>\t\t\n\t<h2>\n\t\t\tToimimme my\u00f6s sinun kotimaassasi.\t<\/h2>\n\t\t\t<a href=\"https:\/\/ebenezer-oe.org\/fi\/omassa-maassasi\/\" target=\"_self\">\n\t\t\t\t\t\t\tLue lis\u00e4\u00e4\n\t\t\t\t\t<\/a>\n\t<p>Juutalaisten rinnalla seisomista jo yli kolmekymment\u00e4 vuotta.<\/p>\n<h2>\n\t\t\tMaailmanlaajuinen verkosto\t<\/h2>\n\t<p>Ebenezer Operation Exodus perustettiin ensimm\u00e4isen Persianlahden sodan aikana, kun sen perustaja Gustav Scheller otti osaa kansainv\u00e4liseen rukouskonferenssiin Jerusalemissa 1991. H\u00e4n oli jo ymm\u00e4rrys siit\u00e4, ett\u00e4 Jumala haluaa juutalaisten palaavan kotimaahansa t\u00e4ytt\u00e4\u00e4kseen ikiaikaiset raamatulliset profetiat. Kun konferenssin osanottajat olivat hy\u00f6kk\u00e4yksen takia rukoilemassa pommisuojassa, Gustav tunsi, ett\u00e4 Jumala kehotti h\u00e4nt\u00e4 voimakkaasti aloittamaan pikaiset k\u00e4yt\u00e4nn\u00f6n toimet auttaakseen heit\u00e4 palaamaan kotiin Israeliin.<\/p>\n\t\t\t\t<img decoding=\"async\" data-src=\"https:\/\/ebenezeroe.wpengine.com\/wp-content\/uploads\/2021\/04\/Untitled-design-24-1024x527.png\" alt=\"Untitled design-24\" itemprop=\"image\" title=\"Untitled design-24\" onerror=\"this.style.display='none'\" src=\"data:image\/svg+xml;base64,PHN2ZyB3aWR0aD0iMSIgaGVpZ2h0PSIxIiB4bWxucz0iaHR0cDovL3d3dy53My5vcmcvMjAwMC9zdmciPjwvc3ZnPg==\" class=\"lazyload\" style=\"--smush-placeholder-width: 1024px; --smush-placeholder-aspect-ratio: 1024\/527;\" \/>\n\t<p>Herra k\u00e4ytti Gustavin liikemiestaitoja ja niiden anteliaita lahjoja, jotka jakoivat saman n\u00e4yn, rahoittaakseen kolme Juutalaistoimiston (Jewish Agency) j\u00e4rjest\u00e4m\u00e4\u00e4 lentoa Budapestista Tel Aviviin. N\u00e4ill\u00e4 lennoilla tuotiin 720 olimia (paluumuuttajaa) Israeliin. It was a momentous occasion. Seuraavana vuonna Gustav ja h\u00e4nen ryhm\u00e4ns\u00e4 vuokrasivat laivan kolmea matkaa varten Ukrainan Odessasta Israelin Haifaan. Ensimm\u00e4ist\u00e4 kertaa avattiin suora laivareitti Ukrainan ja Israelin v\u00e4lille. Sit\u00e4 seurasivat useat muut purjehdukset seuraavien vuosien aikana.<\/p>\n\t<p>Vuonna 1995 alkoivat lennot Kazakstanista, ja vuonna 1999 organisaatio juhli sadatta laivamatkaa, jolla vietiin olimeja entisen Neuvostoliiton alueilta kotiin Israeliin. . Toiminta laajeni edelleen, ja kun 100 000 olimia oli jo autettu Israeliin vuoteen 2003 menness\u00e4, Jerusalemiin avattiin toimisto auttamaan heit\u00e4 asettumaan uuteen kotimaahansa.<\/p>\n<p>Vuonna 2007 perustettiin alueelliset neuvottelukunnat Etel\u00e4-Afrikkaan sek\u00e4 Kaakkois-Aasiaan ja Oseaniaan. Lis\u00e4ksi entisen Neuvostoliiton alueelle perustettiin neuvottelukunta avustamaan juutalaisia sek\u00e4 auttamaan kristillisi\u00e4 seurakuntia ymm\u00e4rt\u00e4m\u00e4\u00e4n profeetallisia kirjoituksia.<\/p>\n<p>Vuoden 2010 loppuun menness\u00e4 olimme avustaneet yli 130 000 paluumuuttajaa. Vuonna 2016 organisaatio vietti 25-vuotisjuhlaa ja avasi toimistot Buenos Airesiin, New Yorkiin ja Pariisiin.  <\/p>\n<p>Vuoteen 2019 menness\u00e4 yli 185 000 juutalaista oli autettu palaamaan Israeliin. Entisen Neuvostoliiton alueella olevia avun tarpeessa olevia juutalaisyhteis\u00f6j\u00e4 autettiin jakamalla ruoka-apua ja humanitaarista apua useiden projektien kautta.<\/p>\n<h3>\n\t\t\tEbenezer Operation Exodus alkoi vain kolmen ihmisen voimin vuonna 1991.\t<\/h3>\n\t<p>Nyt edustajia on yli 55 maassa ymp\u00e4ri maailman. Organisaatio ei pelk\u00e4st\u00e4\u00e4n tarjoa k\u00e4yt\u00e4nn\u00f6llist\u00e4 ja taloudellista apua niille juutalaisille, jotka haluavat muuttaa Israeliin, vaan julistaa my\u00f6s totuutta maailmanlaajuiselle kristilliselle kirkolle koskien Jumalan profeetallisia suunnitelmia juutalaisten suhteen.<\/p>\n<h2>\n\t\t\tTue Ebenezerin ty\u00f6t\u00e4\t<\/h2>\n\t\t\t<a href=\"https:\/\/ebenezer-oe.org\/fi\/lahjoita\/\" target=\"_self\">\n\t\t\t\t\t\t\tLahjoita\n\t\t\t\t\t<\/a>\n<h2>\n\t\t\tRukouksesta Syntynyt\t<\/h2>\n\t<p>Rukous on ollut koko organisaation toiminnan syd\u00e4n siit\u00e4 saakka, kun Jumala puhui toiminnan aloittamisesta kansainv\u00e4lisess\u00e4 rukouskonferenssissa Jerusalemissa 1991. Tavallisen rukoilemisen lis\u00e4ksi toiminta sis\u00e4lt\u00e4\u00e4 syvemm\u00e4lle menev\u00e4\u00e4 esirukousta. Tri Kingsley Priddy, joka siihen aikaan ty\u00f6skenteli Walesin Raamattuopistossa, kirjoitti n\u00e4in perustajallemme Gustav Schellerille: <em>&#8221;Esirukous ei ole vain rukousta, ei edes hyvin intensiivist\u00e4 rukousta. Kuka hyv\u00e4ns\u00e4 voi rukoilla tosissaankin jonkin asian puolesta, eik\u00e4 kuitenkaan ole sitoutunut kantamaan &#8211; hinnalla mill\u00e4 hyv\u00e4ns\u00e4 &#8211; vastuuta loppuun saakka siit\u00e4, ett\u00e4 rukous saisi t\u00e4ydellisen vastauksen. Esirukoilija sitoutuu teht\u00e4v\u00e4\u00e4ns\u00e4.&#8221;<\/em> Kingsley Priddy tiesi mist\u00e4 puhui. Walesin Raamattuopisto oli koti kaikkein tunnetuimmalle esirukoilijalle Rees Howellsille, jota Jumala k\u00e4ytti voimallisesti esirukoilijana toisen maailmansodan aikana yhdess\u00e4 strategisesti t\u00e4rkeimmist\u00e4 taisteluista, taistelussa Britanniasta 1940.<\/p>\n<p>Walesin Raamattuopiston henkil\u00f6kunta ymm\u00e4rsi Jumalan profeetalliset suunnitelmat juutalaisia varten. . Tri Priddy vakuutti Gustav Schellerille: <em>&#8221;Jumalan Pyh\u00e4 Henki toimii &#8217;Operaatio Exoduksessa&#8217; <\/em> ainutlaatuisella tavalla. Se on H\u00e4nen oma esirukousorganisaationsa maailman juutalaisten Israeliin palaamista varten. Jumala itse saa t\u00e4m\u00e4n organisaation kautta aikaan esirukoustilanteen, joka vaikuttaa voittoisasti kaikkialta maailmasta palaavan lopullisen j\u00e4\u00e4nn\u00f6ksen tuomiseksi takaisin&#8230;&#8221;<\/p>\n\t\t\t<a href=\"https:\/\/ebenezer-oe.org\/fi\/ota-yhteytta\/\" target=\"_self\">\n\t\t\t\t\t\t\tTule Rukouskumppaniksi\n\t\t\t\t\t<\/a>\n<h2>\n\t\t\tHaluatko tehd\u00e4 alijan?\t<\/h2>\n\t\t\t<a href=\"https:\/\/ebeneze-oe.org\/making-aliyah\/\" target=\"_self\">\n\t\t\t\t\t\t\tlis\u00e4tietoja\n\t\t\t\t\t<\/a>\n\n","protected":false},"excerpt":{"rendered":"<p>Auttamassa H\u00e4nen Kansaansa Kotiin Kristitty organisaatio kutsuttu avustamaan juutalaisen kansan paluuta Israeliin. Alija Toimintamme keskittyy yhteen hepreankieliseen sanaan: Aliyah (alija). Kirjaimellisesti se tarkoittaa &#8217;nousta, menn\u00e4 yl\u00f6s&#8217;. Jerusalemiin matkustaminen vaatii &#8217;nousemista&#8217; ymp\u00e4r\u00f6ivilt\u00e4 alangoilta vuoristoon. Siksi juutalaiset ovat valinneet t\u00e4m\u00e4n sanan kuvaamaan prosessia, jossa kansan j\u00e4lkel\u00e4iset palaavat Israeliin kaikista ilmansuunnista. Miksi alija on t\u00e4rke\u00e4\u00e4? Israelin tukena sodan&hellip;<\/p>\n","protected":false},"author":1,"featured_media":0,"parent":0,"menu_order":0,"comment_status":"closed","ping_status":"closed","template":"","meta":{"footnotes":""},"class_list":["post-38619","page","type-page","status-publish","hentry"],"yoast_head":"<!-- This site is optimized with the Yoast SEO plugin v27.2 - https:\/\/yoast.com\/product\/yoast-seo-wordpress\/ -->\n<title>Kotiin - Ebenezer Operation Exodus<\/title>\n<meta name=\"robots\" content=\"index, follow, max-snippet:-1, max-image-preview:large, max-video-preview:-1\" \/>\n<link rel=\"canonical\" href=\"https:\/\/ebenezer-oe.org\/fi\/\" \/>\n<meta property=\"og:locale\" content=\"fi_FI\" \/>\n<meta property=\"og:type\" content=\"article\" \/>\n<meta property=\"og:title\" content=\"Kotiin - Ebenezer Operation Exodus\" \/>\n<meta property=\"og:description\" content=\"Auttamassa H\u00e4nen Kansaansa Kotiin Kristitty organisaatio kutsuttu avustamaan juutalaisen kansan paluuta Israeliin. Alija Toimintamme keskittyy yhteen hepreankieliseen sanaan: Aliyah (alija). Kirjaimellisesti se tarkoittaa &#8217;nousta, menn\u00e4 yl\u00f6s&#8217;. Jerusalemiin matkustaminen vaatii &#8217;nousemista&#8217; ymp\u00e4r\u00f6ivilt\u00e4 alangoilta vuoristoon. Siksi juutalaiset ovat valinneet t\u00e4m\u00e4n sanan kuvaamaan prosessia, jossa kansan j\u00e4lkel\u00e4iset palaavat Israeliin kaikista ilmansuunnista. Miksi alija on t\u00e4rke\u00e4\u00e4? Israelin tukena sodan&hellip;\" \/>\n<meta property=\"og:url\" content=\"https:\/\/ebenezer-oe.org\/fi\/\" \/>\n<meta property=\"og:site_name\" content=\"Ebenezer Operation Exodus\" \/>\n<meta property=\"article:publisher\" content=\"https:\/\/www.facebook.com\/EbenezerInt\" \/>\n<meta property=\"article:modified_time\" content=\"2025-12-09T12:15:13+00:00\" \/>\n<meta property=\"og:image\" content=\"https:\/\/ebenezeroe.wpengine.com\/wp-content\/uploads\/2021\/04\/Untitled-design-24-1024x527.png\" \/>\n<meta name=\"twitter:card\" content=\"summary_large_image\" \/>\n<meta name=\"twitter:label1\" content=\"Arvioitu lukuaika\" \/>\n\t<meta name=\"twitter:data1\" content=\"4 minuuttia\" \/>\n<script type=\"application\/ld+json\" class=\"yoast-schema-graph\">{\"@context\":\"https:\/\/schema.org\",\"@graph\":[{\"@type\":\"WebPage\",\"@id\":\"https:\/\/ebenezer-oe.org\/fi\/\",\"url\":\"https:\/\/ebenezer-oe.org\/fi\/\",\"name\":\"Kotiin - Ebenezer Operation Exodus\",\"isPartOf\":{\"@id\":\"https:\/\/ebenezer-oe.org\/#website\"},\"primaryImageOfPage\":{\"@id\":\"https:\/\/ebenezer-oe.org\/fi\/#primaryimage\"},\"image\":{\"@id\":\"https:\/\/ebenezer-oe.org\/fi\/#primaryimage\"},\"thumbnailUrl\":\"https:\/\/ebenezeroe.wpengine.com\/wp-content\/uploads\/2021\/04\/Untitled-design-24-1024x527.png\",\"datePublished\":\"2021-08-30T07:18:16+00:00\",\"dateModified\":\"2025-12-09T12:15:13+00:00\",\"breadcrumb\":{\"@id\":\"https:\/\/ebenezer-oe.org\/fi\/#breadcrumb\"},\"inLanguage\":\"fi\",\"potentialAction\":[{\"@type\":\"ReadAction\",\"target\":[\"https:\/\/ebenezer-oe.org\/fi\/\"]}]},{\"@type\":\"ImageObject\",\"inLanguage\":\"fi\",\"@id\":\"https:\/\/ebenezer-oe.org\/fi\/#primaryimage\",\"url\":\"https:\/\/ebenezeroe.wpengine.com\/wp-content\/uploads\/2021\/04\/Untitled-design-24-1024x527.png\",\"contentUrl\":\"https:\/\/ebenezeroe.wpengine.com\/wp-content\/uploads\/2021\/04\/Untitled-design-24-1024x527.png\"},{\"@type\":\"BreadcrumbList\",\"@id\":\"https:\/\/ebenezer-oe.org\/fi\/#breadcrumb\",\"itemListElement\":[{\"@type\":\"ListItem\",\"position\":1,\"name\":\"Home\",\"item\":\"https:\/\/ebenezer-oe.org\/fi\/\"},{\"@type\":\"ListItem\",\"position\":2,\"name\":\"Kotiin\"}]},{\"@type\":\"WebSite\",\"@id\":\"https:\/\/ebenezer-oe.org\/#website\",\"url\":\"https:\/\/ebenezer-oe.org\/\",\"name\":\"Ebenezer - Operation Exodus\",\"description\":\"\",\"publisher\":{\"@id\":\"https:\/\/ebenezer-oe.org\/#organization\"},\"potentialAction\":[{\"@type\":\"SearchAction\",\"target\":{\"@type\":\"EntryPoint\",\"urlTemplate\":\"https:\/\/ebenezer-oe.org\/?s={search_term_string}\"},\"query-input\":{\"@type\":\"PropertyValueSpecification\",\"valueRequired\":true,\"valueName\":\"search_term_string\"}}],\"inLanguage\":\"fi\"},{\"@type\":\"Organization\",\"@id\":\"https:\/\/ebenezer-oe.org\/#organization\",\"name\":\"Ebenezer - Operation Exodus\",\"url\":\"https:\/\/ebenezer-oe.org\/\",\"logo\":{\"@type\":\"ImageObject\",\"inLanguage\":\"fi\",\"@id\":\"https:\/\/ebenezer-oe.org\/#\/schema\/logo\/image\/\",\"url\":\"https:\/\/ebenezeroe.wpengine.com\/wp-content\/uploads\/2020\/09\/Logo_EOE_EN_Colour-Horizontal.png\",\"contentUrl\":\"https:\/\/ebenezeroe.wpengine.com\/wp-content\/uploads\/2020\/09\/Logo_EOE_EN_Colour-Horizontal.png\",\"width\":1922,\"height\":928,\"caption\":\"Ebenezer - Operation Exodus\"},\"image\":{\"@id\":\"https:\/\/ebenezer-oe.org\/#\/schema\/logo\/image\/\"},\"sameAs\":[\"https:\/\/www.facebook.com\/EbenezerInt\",\"https:\/\/www.instagram.com\/ebenezer_oe_eng\/\",\"https:\/\/www.youtube.com\/channel\/UC6qGHrKKeamFVz95Vd8LR1g\"]}]}<\/script>\n<!-- \/ Yoast SEO plugin. -->","yoast_head_json":{"title":"Kotiin - Ebenezer Operation Exodus","robots":{"index":"index","follow":"follow","max-snippet":"max-snippet:-1","max-image-preview":"max-image-preview:large","max-video-preview":"max-video-preview:-1"},"canonical":"https:\/\/ebenezer-oe.org\/fi\/","og_locale":"fi_FI","og_type":"article","og_title":"Kotiin - Ebenezer Operation Exodus","og_description":"Auttamassa H\u00e4nen Kansaansa Kotiin Kristitty organisaatio kutsuttu avustamaan juutalaisen kansan paluuta Israeliin. Alija Toimintamme keskittyy yhteen hepreankieliseen sanaan: Aliyah (alija). Kirjaimellisesti se tarkoittaa &#8217;nousta, menn\u00e4 yl\u00f6s&#8217;. Jerusalemiin matkustaminen vaatii &#8217;nousemista&#8217; ymp\u00e4r\u00f6ivilt\u00e4 alangoilta vuoristoon. Siksi juutalaiset ovat valinneet t\u00e4m\u00e4n sanan kuvaamaan prosessia, jossa kansan j\u00e4lkel\u00e4iset palaavat Israeliin kaikista ilmansuunnista. Miksi alija on t\u00e4rke\u00e4\u00e4? Israelin tukena sodan&hellip;","og_url":"https:\/\/ebenezer-oe.org\/fi\/","og_site_name":"Ebenezer Operation Exodus","article_publisher":"https:\/\/www.facebook.com\/EbenezerInt","article_modified_time":"2025-12-09T12:15:13+00:00","og_image":[{"url":"https:\/\/ebenezeroe.wpengine.com\/wp-content\/uploads\/2021\/04\/Untitled-design-24-1024x527.png","type":"","width":"","height":""}],"twitter_card":"summary_large_image","twitter_misc":{"Arvioitu lukuaika":"4 minuuttia"},"schema":{"@context":"https:\/\/schema.org","@graph":[{"@type":"WebPage","@id":"https:\/\/ebenezer-oe.org\/fi\/","url":"https:\/\/ebenezer-oe.org\/fi\/","name":"Kotiin - Ebenezer Operation Exodus","isPartOf":{"@id":"https:\/\/ebenezer-oe.org\/#website"},"primaryImageOfPage":{"@id":"https:\/\/ebenezer-oe.org\/fi\/#primaryimage"},"image":{"@id":"https:\/\/ebenezer-oe.org\/fi\/#primaryimage"},"thumbnailUrl":"https:\/\/ebenezeroe.wpengine.com\/wp-content\/uploads\/2021\/04\/Untitled-design-24-1024x527.png","datePublished":"2021-08-30T07:18:16+00:00","dateModified":"2025-12-09T12:15:13+00:00","breadcrumb":{"@id":"https:\/\/ebenezer-oe.org\/fi\/#breadcrumb"},"inLanguage":"fi","potentialAction":[{"@type":"ReadAction","target":["https:\/\/ebenezer-oe.org\/fi\/"]}]},{"@type":"ImageObject","inLanguage":"fi","@id":"https:\/\/ebenezer-oe.org\/fi\/#primaryimage","url":"https:\/\/ebenezeroe.wpengine.com\/wp-content\/uploads\/2021\/04\/Untitled-design-24-1024x527.png","contentUrl":"https:\/\/ebenezeroe.wpengine.com\/wp-content\/uploads\/2021\/04\/Untitled-design-24-1024x527.png"},{"@type":"BreadcrumbList","@id":"https:\/\/ebenezer-oe.org\/fi\/#breadcrumb","itemListElement":[{"@type":"ListItem","position":1,"name":"Home","item":"https:\/\/ebenezer-oe.org\/fi\/"},{"@type":"ListItem","position":2,"name":"Kotiin"}]},{"@type":"WebSite","@id":"https:\/\/ebenezer-oe.org\/#website","url":"https:\/\/ebenezer-oe.org\/","name":"Ebenezer - Operation Exodus","description":"","publisher":{"@id":"https:\/\/ebenezer-oe.org\/#organization"},"potentialAction":[{"@type":"SearchAction","target":{"@type":"EntryPoint","urlTemplate":"https:\/\/ebenezer-oe.org\/?s={search_term_string}"},"query-input":{"@type":"PropertyValueSpecification","valueRequired":true,"valueName":"search_term_string"}}],"inLanguage":"fi"},{"@type":"Organization","@id":"https:\/\/ebenezer-oe.org\/#organization","name":"Ebenezer - Operation Exodus","url":"https:\/\/ebenezer-oe.org\/","logo":{"@type":"ImageObject","inLanguage":"fi","@id":"https:\/\/ebenezer-oe.org\/#\/schema\/logo\/image\/","url":"https:\/\/ebenezeroe.wpengine.com\/wp-content\/uploads\/2020\/09\/Logo_EOE_EN_Colour-Horizontal.png","contentUrl":"https:\/\/ebenezeroe.wpengine.com\/wp-content\/uploads\/2020\/09\/Logo_EOE_EN_Colour-Horizontal.png","width":1922,"height":928,"caption":"Ebenezer - Operation Exodus"},"image":{"@id":"https:\/\/ebenezer-oe.org\/#\/schema\/logo\/image\/"},"sameAs":["https:\/\/www.facebook.com\/EbenezerInt","https:\/\/www.instagram.com\/ebenezer_oe_eng\/","https:\/\/www.youtube.com\/channel\/UC6qGHrKKeamFVz95Vd8LR1g"]}]}},"_links":{"self":[{"href":"https:\/\/ebenezer-oe.org\/fi\/wp-json\/wp\/v2\/pages\/38619","targetHints":{"allow":["GET"]}}],"collection":[{"href":"https:\/\/ebenezer-oe.org\/fi\/wp-json\/wp\/v2\/pages"}],"about":[{"href":"https:\/\/ebenezer-oe.org\/fi\/wp-json\/wp\/v2\/types\/page"}],"author":[{"embeddable":true,"href":"https:\/\/ebenezer-oe.org\/fi\/wp-json\/wp\/v2\/users\/1"}],"replies":[{"embeddable":true,"href":"https:\/\/ebenezer-oe.org\/fi\/wp-json\/wp\/v2\/comments?post=38619"}],"version-history":[{"count":0,"href":"https:\/\/ebenezer-oe.org\/fi\/wp-json\/wp\/v2\/pages\/38619\/revisions"}],"wp:attachment":[{"href":"https:\/\/ebenezer-oe.org\/fi\/wp-json\/wp\/v2\/media?parent=38619"}],"curies":[{"name":"wp","href":"https:\/\/api.w.org\/{rel}","templated":true}]}}