{"id":38922,"date":"2021-08-30T09:15:19","date_gmt":"2021-08-30T09:15:19","guid":{"rendered":"https:\/\/ebenezer-oe.org\/tule-kumppaniksemme\/"},"modified":"2023-07-25T16:29:53","modified_gmt":"2023-07-25T16:29:53","slug":"tule-kumppaniksemme","status":"publish","type":"page","link":"https:\/\/ebenezer-oe.org\/fi\/tule-kumppaniksemme\/","title":{"rendered":"Tule kumppaniksemme"},"content":{"rendered":"\n<h2>\n\t\tTule kumppaniksemme\n\t<\/h2>\n\t\t\t\t<a href=\"https:\/\/ebenezer-oe.org\/fi\/historiamme\/\" target=\"_self\" itemprop=\"url\" rel=\"noopener\">\n\t\t\t\t<img decoding=\"async\" data-src=\"https:\/\/ebenezer-oe.org\/wp-content\/uploads\/2021\/02\/give.png\" alt=\"Lahjoita\" itemprop=\"image\" height=\"800\" width=\"1200\" title=\"Lahjoita\" onerror=\"this.style.display='none'\" src=\"data:image\/svg+xml;base64,PHN2ZyB3aWR0aD0iMSIgaGVpZ2h0PSIxIiB4bWxucz0iaHR0cDovL3d3dy53My5vcmcvMjAwMC9zdmciPjwvc3ZnPg==\" class=\"lazyload\" style=\"--smush-placeholder-width: 1200px; --smush-placeholder-aspect-ratio: 1200\/800;\" \/>\n\t\t\t\t<\/a>\n<h3>\n\t\t<a href=\"https:\/\/ebenezeroe.wpengine.com\/fi\/historiamme\/\" title=\"Tue taloudellisesti\" target=\"_self\" rel=\"noopener\">\n\t\tTue taloudellisesti\n\t\t<\/a>\n\t<\/h3>\n\t<p>Lahjasi avulla voimme t\u00e4ytt\u00e4\u00e4 juutalaisten Israeliin paluuta koskevan ennustuksen.<\/p>\n\t\t\t<a href=\"https:\/\/ebenezer-oe.org\/fi\/lahjoita\/\" target=\"_self\" rel=\"noopener\">\n\t\t\t\t\t\t\tLue lis\u00e4\u00e4\n\t\t\t\t\t<\/a>\n\t\t\t\t<a href=\"https:\/\/ebenezer-oe.org\/fi\/perustuksena-rukous\/\" target=\"_self\" itemprop=\"url\" rel=\"noopener\">\n\t\t\t\t<img decoding=\"async\" data-src=\"https:\/\/ebenezer-oe.org\/wp-content\/uploads\/2021\/02\/pray.png\" alt=\"Rukoile\" itemprop=\"image\" height=\"800\" width=\"1200\" title=\"Rukoile\" onerror=\"this.style.display='none'\" src=\"data:image\/svg+xml;base64,PHN2ZyB3aWR0aD0iMSIgaGVpZ2h0PSIxIiB4bWxucz0iaHR0cDovL3d3dy53My5vcmcvMjAwMC9zdmciPjwvc3ZnPg==\" class=\"lazyload\" style=\"--smush-placeholder-width: 1200px; --smush-placeholder-aspect-ratio: 1200\/800;\" \/>\n\t\t\t\t<\/a>\n<h4>\n\t\t<a href=\"https:\/\/ebenezeroe.wpengine.com\/fi\/miksi-alija\/\" title=\"Rukoile puolestamme\" target=\"_self\" rel=\"noopener\">\n\t\tRukoile puolestamme\n\t\t<\/a>\n\t<\/h4>\n\t<p>Kaikki eiv\u00e4t voi auttaa k\u00e4yt\u00e4nn\u00f6n tavoin, mutta jokainen voi rukoilla&#8230;<\/p>\n\t\t\t<a href=\"https:\/\/ebenezer-oe.org\/fi\/tule-kumppaniksemme\/liity-rukoukseen\/\" target=\"_self\" rel=\"noopener\">\n\t\t\t\t\t\t\tLue lis\u00e4\u00e4\n\t\t\t\t\t<\/a>\n\t\t\t\t<a href=\"https:\/\/ebenezer-oe.org\/fi\/miksi-alija\/\" target=\"_self\" itemprop=\"url\" rel=\"noopener\">\n\t\t\t\t<img decoding=\"async\" data-src=\"https:\/\/ebenezer-oe.org\/wp-content\/uploads\/2021\/02\/volunteer1.png\" alt=\"volunteer1\" itemprop=\"image\" height=\"800\" width=\"1200\" title=\"volunteer1\" onerror=\"this.style.display='none'\" src=\"data:image\/svg+xml;base64,PHN2ZyB3aWR0aD0iMSIgaGVpZ2h0PSIxIiB4bWxucz0iaHR0cDovL3d3dy53My5vcmcvMjAwMC9zdmciPjwvc3ZnPg==\" class=\"lazyload\" style=\"--smush-placeholder-width: 1200px; --smush-placeholder-aspect-ratio: 1200\/800;\" \/>\n\t\t\t\t<\/a>\n<h3>\n\t\t<a href=\"https:\/\/ebenezeroe.wpengine.com\/fi\/perustuksena-rukous\/\" title=\"Tule mukaan\" target=\"_self\" rel=\"noopener\">\n\t\tTule mukaan\n\t\t<\/a>\n\t<\/h3>\n\t<p>kotimaassa tai ulkomailla, tarvitsemme sinua&#8230;<\/p>\n\t\t\t<a href=\"https:\/\/ebenezer-oe.org\/fi\/tule-kumppaniksemme\/tule-vapaaehtoiseksi\/\" target=\"_self\" rel=\"noopener\">\n\t\t\t\t\t\t\tLue lis\u00e4\u00e4\n\t\t\t\t\t<\/a>\n<h2>\n\t\tTapahtumat\n\t<\/h2>\n\t<p>Vuoden mittaan j\u00e4rjestet\u00e4\u00e4n monia tapahtumia, kuten p\u00e4iv\u00e4n mittaisia konferensseja, matkoja ja rukoustapaamisia, joihin tukijat voivat osallistua eri puolilla maailmaa&#8230;<\/p>\n<h2>\n\t\tOmassa Maassasi\n\t<\/h2>\n\t<p>K\u00e4y katsomassa <a href=\"https:\/\/ebenezeroe.wpengine.com\/in-your-area\/\">&#8221;Omassa maassasi&#8221;<\/a> -osiota n\u00e4hd\u00e4ksesi, onko alueellasi tapahtumia.<\/p>\n\t\t\t<a href=\"https:\/\/ebenezer-oe.org\/fi\/omassa-maassasi\/\" target=\"_self\" rel=\"noopener\">\n\t\t\t\t\t\t\tLue lis\u00e4\u00e4\n\t\t\t\t\t<\/a>\n<h2>\n\t\tInternational\n\t<\/h2>\n\t<p>K\u00e4y katsomassa <a href=\"https:\/\/ebenezeroe.wpengine.com\/sv\/evenemangen\/\">&#8221;tapahtumat&#8221;-<\/a> sivua n\u00e4hd\u00e4ksesi, mit\u00e4 kansainv\u00e4lisi\u00e4 tapahtumia on tulossa.<\/p>\n\t\t\t<a href=\"https:\/\/ebenezer-oe.org\/fi\/tapahtumat\/\" target=\"_self\" rel=\"noopener\">\n\t\t\t\t\t\t\tLue lis\u00e4\u00e4\n\t\t\t\t\t<\/a>\n\n","protected":false},"excerpt":{"rendered":"<p>Tule kumppaniksemme Tue taloudellisesti Lahjasi avulla voimme t\u00e4ytt\u00e4\u00e4 juutalaisten Israeliin paluuta koskevan ennustuksen. Lue lis\u00e4\u00e4 Rukoile puolestamme Kaikki eiv\u00e4t voi auttaa k\u00e4yt\u00e4nn\u00f6n tavoin, mutta jokainen voi rukoilla&#8230; Lue lis\u00e4\u00e4 Tule mukaan kotimaassa tai ulkomailla, tarvitsemme sinua&#8230; Lue lis\u00e4\u00e4 Tapahtumat Vuoden mittaan j\u00e4rjestet\u00e4\u00e4n monia tapahtumia, kuten p\u00e4iv\u00e4n mittaisia konferensseja, matkoja ja rukoustapaamisia, joihin tukijat voivat osallistua&hellip;<\/p>\n","protected":false},"author":1,"featured_media":0,"parent":0,"menu_order":0,"comment_status":"closed","ping_status":"closed","template":"","meta":{"footnotes":""},"class_list":["post-38922","page","type-page","status-publish","hentry"],"yoast_head":"<!-- This site is optimized with the Yoast SEO plugin v27.4 - https:\/\/yoast.com\/product\/yoast-seo-wordpress\/ -->\n<title>Tule kumppaniksemme - Ebenezer Operation Exodus<\/title>\n<meta name=\"robots\" content=\"index, follow, max-snippet:-1, max-image-preview:large, max-video-preview:-1\" \/>\n<link rel=\"canonical\" href=\"https:\/\/ebenezer-oe.org\/fi\/tule-kumppaniksemme\/\" \/>\n<meta property=\"og:locale\" content=\"fi_FI\" \/>\n<meta property=\"og:type\" content=\"article\" \/>\n<meta property=\"og:title\" content=\"Tule kumppaniksemme - Ebenezer Operation Exodus\" \/>\n<meta property=\"og:description\" content=\"Tule kumppaniksemme Tue taloudellisesti Lahjasi avulla voimme t\u00e4ytt\u00e4\u00e4 juutalaisten Israeliin paluuta koskevan ennustuksen. Lue lis\u00e4\u00e4 Rukoile puolestamme Kaikki eiv\u00e4t voi auttaa k\u00e4yt\u00e4nn\u00f6n tavoin, mutta jokainen voi rukoilla&#8230; Lue lis\u00e4\u00e4 Tule mukaan kotimaassa tai ulkomailla, tarvitsemme sinua&#8230; Lue lis\u00e4\u00e4 Tapahtumat Vuoden mittaan j\u00e4rjestet\u00e4\u00e4n monia tapahtumia, kuten p\u00e4iv\u00e4n mittaisia konferensseja, matkoja ja rukoustapaamisia, joihin tukijat voivat osallistua&hellip;\" \/>\n<meta property=\"og:url\" content=\"https:\/\/ebenezer-oe.org\/fi\/tule-kumppaniksemme\/\" \/>\n<meta property=\"og:site_name\" content=\"Ebenezer Operation Exodus\" \/>\n<meta property=\"article:publisher\" content=\"https:\/\/www.facebook.com\/EbenezerInt\" \/>\n<meta property=\"article:modified_time\" content=\"2023-07-25T16:29:53+00:00\" \/>\n<meta property=\"og:image\" content=\"https:\/\/ebenezer-oe.org\/wp-content\/uploads\/2021\/02\/give.png\" \/>\n<meta name=\"twitter:card\" content=\"summary_large_image\" \/>\n<meta name=\"twitter:label1\" content=\"Arvioitu lukuaika\" \/>\n\t<meta name=\"twitter:data1\" content=\"1 minuutti\" \/>\n<script type=\"application\/ld+json\" class=\"yoast-schema-graph\">{\"@context\":\"https:\\\/\\\/schema.org\",\"@graph\":[{\"@type\":\"WebPage\",\"@id\":\"https:\\\/\\\/ebenezer-oe.org\\\/fi\\\/tule-kumppaniksemme\\\/\",\"url\":\"https:\\\/\\\/ebenezer-oe.org\\\/fi\\\/tule-kumppaniksemme\\\/\",\"name\":\"Tule kumppaniksemme - Ebenezer Operation Exodus\",\"isPartOf\":{\"@id\":\"https:\\\/\\\/ebenezer-oe.org\\\/#website\"},\"primaryImageOfPage\":{\"@id\":\"https:\\\/\\\/ebenezer-oe.org\\\/fi\\\/tule-kumppaniksemme\\\/#primaryimage\"},\"image\":{\"@id\":\"https:\\\/\\\/ebenezer-oe.org\\\/fi\\\/tule-kumppaniksemme\\\/#primaryimage\"},\"thumbnailUrl\":\"https:\\\/\\\/ebenezer-oe.org\\\/wp-content\\\/uploads\\\/2021\\\/02\\\/give.png\",\"datePublished\":\"2021-08-30T09:15:19+00:00\",\"dateModified\":\"2023-07-25T16:29:53+00:00\",\"breadcrumb\":{\"@id\":\"https:\\\/\\\/ebenezer-oe.org\\\/fi\\\/tule-kumppaniksemme\\\/#breadcrumb\"},\"inLanguage\":\"fi\",\"potentialAction\":[{\"@type\":\"ReadAction\",\"target\":[\"https:\\\/\\\/ebenezer-oe.org\\\/fi\\\/tule-kumppaniksemme\\\/\"]}]},{\"@type\":\"ImageObject\",\"inLanguage\":\"fi\",\"@id\":\"https:\\\/\\\/ebenezer-oe.org\\\/fi\\\/tule-kumppaniksemme\\\/#primaryimage\",\"url\":\"https:\\\/\\\/ebenezer-oe.org\\\/wp-content\\\/uploads\\\/2021\\\/02\\\/give.png\",\"contentUrl\":\"https:\\\/\\\/ebenezer-oe.org\\\/wp-content\\\/uploads\\\/2021\\\/02\\\/give.png\"},{\"@type\":\"BreadcrumbList\",\"@id\":\"https:\\\/\\\/ebenezer-oe.org\\\/fi\\\/tule-kumppaniksemme\\\/#breadcrumb\",\"itemListElement\":[{\"@type\":\"ListItem\",\"position\":1,\"name\":\"Home\",\"item\":\"https:\\\/\\\/ebenezer-oe.org\\\/fi\\\/\"},{\"@type\":\"ListItem\",\"position\":2,\"name\":\"Tule kumppaniksemme\"}]},{\"@type\":\"WebSite\",\"@id\":\"https:\\\/\\\/ebenezer-oe.org\\\/#website\",\"url\":\"https:\\\/\\\/ebenezer-oe.org\\\/\",\"name\":\"Ebenezer - Operation Exodus\",\"description\":\"\",\"publisher\":{\"@id\":\"https:\\\/\\\/ebenezer-oe.org\\\/#organization\"},\"potentialAction\":[{\"@type\":\"SearchAction\",\"target\":{\"@type\":\"EntryPoint\",\"urlTemplate\":\"https:\\\/\\\/ebenezer-oe.org\\\/?s={search_term_string}\"},\"query-input\":{\"@type\":\"PropertyValueSpecification\",\"valueRequired\":true,\"valueName\":\"search_term_string\"}}],\"inLanguage\":\"fi\"},{\"@type\":\"Organization\",\"@id\":\"https:\\\/\\\/ebenezer-oe.org\\\/#organization\",\"name\":\"Ebenezer - Operation Exodus\",\"url\":\"https:\\\/\\\/ebenezer-oe.org\\\/\",\"logo\":{\"@type\":\"ImageObject\",\"inLanguage\":\"fi\",\"@id\":\"https:\\\/\\\/ebenezer-oe.org\\\/#\\\/schema\\\/logo\\\/image\\\/\",\"url\":\"https:\\\/\\\/ebenezeroe.wpengine.com\\\/wp-content\\\/uploads\\\/2020\\\/09\\\/Logo_EOE_EN_Colour-Horizontal.png\",\"contentUrl\":\"https:\\\/\\\/ebenezeroe.wpengine.com\\\/wp-content\\\/uploads\\\/2020\\\/09\\\/Logo_EOE_EN_Colour-Horizontal.png\",\"width\":1922,\"height\":928,\"caption\":\"Ebenezer - Operation Exodus\"},\"image\":{\"@id\":\"https:\\\/\\\/ebenezer-oe.org\\\/#\\\/schema\\\/logo\\\/image\\\/\"},\"sameAs\":[\"https:\\\/\\\/www.facebook.com\\\/EbenezerInt\",\"https:\\\/\\\/www.instagram.com\\\/ebenezer_oe_eng\\\/\",\"https:\\\/\\\/www.youtube.com\\\/channel\\\/UC6qGHrKKeamFVz95Vd8LR1g\"]}]}<\/script>\n<!-- \/ Yoast SEO plugin. -->","yoast_head_json":{"title":"Tule kumppaniksemme - Ebenezer Operation Exodus","robots":{"index":"index","follow":"follow","max-snippet":"max-snippet:-1","max-image-preview":"max-image-preview:large","max-video-preview":"max-video-preview:-1"},"canonical":"https:\/\/ebenezer-oe.org\/fi\/tule-kumppaniksemme\/","og_locale":"fi_FI","og_type":"article","og_title":"Tule kumppaniksemme - Ebenezer Operation Exodus","og_description":"Tule kumppaniksemme Tue taloudellisesti Lahjasi avulla voimme t\u00e4ytt\u00e4\u00e4 juutalaisten Israeliin paluuta koskevan ennustuksen. Lue lis\u00e4\u00e4 Rukoile puolestamme Kaikki eiv\u00e4t voi auttaa k\u00e4yt\u00e4nn\u00f6n tavoin, mutta jokainen voi rukoilla&#8230; Lue lis\u00e4\u00e4 Tule mukaan kotimaassa tai ulkomailla, tarvitsemme sinua&#8230; Lue lis\u00e4\u00e4 Tapahtumat Vuoden mittaan j\u00e4rjestet\u00e4\u00e4n monia tapahtumia, kuten p\u00e4iv\u00e4n mittaisia konferensseja, matkoja ja rukoustapaamisia, joihin tukijat voivat osallistua&hellip;","og_url":"https:\/\/ebenezer-oe.org\/fi\/tule-kumppaniksemme\/","og_site_name":"Ebenezer Operation Exodus","article_publisher":"https:\/\/www.facebook.com\/EbenezerInt","article_modified_time":"2023-07-25T16:29:53+00:00","og_image":[{"url":"https:\/\/ebenezer-oe.org\/wp-content\/uploads\/2021\/02\/give.png","type":"","width":"","height":""}],"twitter_card":"summary_large_image","twitter_misc":{"Arvioitu lukuaika":"1 minuutti"},"schema":{"@context":"https:\/\/schema.org","@graph":[{"@type":"WebPage","@id":"https:\/\/ebenezer-oe.org\/fi\/tule-kumppaniksemme\/","url":"https:\/\/ebenezer-oe.org\/fi\/tule-kumppaniksemme\/","name":"Tule kumppaniksemme - Ebenezer Operation Exodus","isPartOf":{"@id":"https:\/\/ebenezer-oe.org\/#website"},"primaryImageOfPage":{"@id":"https:\/\/ebenezer-oe.org\/fi\/tule-kumppaniksemme\/#primaryimage"},"image":{"@id":"https:\/\/ebenezer-oe.org\/fi\/tule-kumppaniksemme\/#primaryimage"},"thumbnailUrl":"https:\/\/ebenezer-oe.org\/wp-content\/uploads\/2021\/02\/give.png","datePublished":"2021-08-30T09:15:19+00:00","dateModified":"2023-07-25T16:29:53+00:00","breadcrumb":{"@id":"https:\/\/ebenezer-oe.org\/fi\/tule-kumppaniksemme\/#breadcrumb"},"inLanguage":"fi","potentialAction":[{"@type":"ReadAction","target":["https:\/\/ebenezer-oe.org\/fi\/tule-kumppaniksemme\/"]}]},{"@type":"ImageObject","inLanguage":"fi","@id":"https:\/\/ebenezer-oe.org\/fi\/tule-kumppaniksemme\/#primaryimage","url":"https:\/\/ebenezer-oe.org\/wp-content\/uploads\/2021\/02\/give.png","contentUrl":"https:\/\/ebenezer-oe.org\/wp-content\/uploads\/2021\/02\/give.png"},{"@type":"BreadcrumbList","@id":"https:\/\/ebenezer-oe.org\/fi\/tule-kumppaniksemme\/#breadcrumb","itemListElement":[{"@type":"ListItem","position":1,"name":"Home","item":"https:\/\/ebenezer-oe.org\/fi\/"},{"@type":"ListItem","position":2,"name":"Tule kumppaniksemme"}]},{"@type":"WebSite","@id":"https:\/\/ebenezer-oe.org\/#website","url":"https:\/\/ebenezer-oe.org\/","name":"Ebenezer - Operation Exodus","description":"","publisher":{"@id":"https:\/\/ebenezer-oe.org\/#organization"},"potentialAction":[{"@type":"SearchAction","target":{"@type":"EntryPoint","urlTemplate":"https:\/\/ebenezer-oe.org\/?s={search_term_string}"},"query-input":{"@type":"PropertyValueSpecification","valueRequired":true,"valueName":"search_term_string"}}],"inLanguage":"fi"},{"@type":"Organization","@id":"https:\/\/ebenezer-oe.org\/#organization","name":"Ebenezer - Operation Exodus","url":"https:\/\/ebenezer-oe.org\/","logo":{"@type":"ImageObject","inLanguage":"fi","@id":"https:\/\/ebenezer-oe.org\/#\/schema\/logo\/image\/","url":"https:\/\/ebenezeroe.wpengine.com\/wp-content\/uploads\/2020\/09\/Logo_EOE_EN_Colour-Horizontal.png","contentUrl":"https:\/\/ebenezeroe.wpengine.com\/wp-content\/uploads\/2020\/09\/Logo_EOE_EN_Colour-Horizontal.png","width":1922,"height":928,"caption":"Ebenezer - Operation Exodus"},"image":{"@id":"https:\/\/ebenezer-oe.org\/#\/schema\/logo\/image\/"},"sameAs":["https:\/\/www.facebook.com\/EbenezerInt","https:\/\/www.instagram.com\/ebenezer_oe_eng\/","https:\/\/www.youtube.com\/channel\/UC6qGHrKKeamFVz95Vd8LR1g"]}]}},"_links":{"self":[{"href":"https:\/\/ebenezer-oe.org\/fi\/wp-json\/wp\/v2\/pages\/38922","targetHints":{"allow":["GET"]}}],"collection":[{"href":"https:\/\/ebenezer-oe.org\/fi\/wp-json\/wp\/v2\/pages"}],"about":[{"href":"https:\/\/ebenezer-oe.org\/fi\/wp-json\/wp\/v2\/types\/page"}],"author":[{"embeddable":true,"href":"https:\/\/ebenezer-oe.org\/fi\/wp-json\/wp\/v2\/users\/1"}],"replies":[{"embeddable":true,"href":"https:\/\/ebenezer-oe.org\/fi\/wp-json\/wp\/v2\/comments?post=38922"}],"version-history":[{"count":0,"href":"https:\/\/ebenezer-oe.org\/fi\/wp-json\/wp\/v2\/pages\/38922\/revisions"}],"wp:attachment":[{"href":"https:\/\/ebenezer-oe.org\/fi\/wp-json\/wp\/v2\/media?parent=38922"}],"curies":[{"name":"wp","href":"https:\/\/api.w.org\/{rel}","templated":true}]}}