{"id":103533,"date":"2023-10-23T12:16:50","date_gmt":"2023-10-23T12:16:50","guid":{"rendered":"https:\/\/ebenezer-oe.org\/israel-en-guerre\/"},"modified":"2023-10-23T12:16:51","modified_gmt":"2023-10-23T12:16:51","slug":"israel-en-guerre","status":"publish","type":"page","link":"https:\/\/ebenezer-oe.org\/fr\/israel-en-guerre\/","title":{"rendered":"Isra\u00ebl en guerre"},"content":{"rendered":"","protected":false},"excerpt":{"rendered":"","protected":false},"author":2,"featured_media":0,"parent":0,"menu_order":0,"comment_status":"closed","ping_status":"closed","template":"","meta":{"footnotes":""},"class_list":["post-103533","page","type-page","status-publish","hentry"],"yoast_head":"<!-- This site is optimized with the Yoast SEO plugin v27.4 - https:\/\/yoast.com\/product\/yoast-seo-wordpress\/ -->\n<title>Isra\u00ebl en guerre - Ebenezer Operation Exodus<\/title>\n<meta name=\"description\" content=\"Le samedi 7 octobre, \u00e0 6h30, heure locale, les Isra\u00e9liens ont \u00e9t\u00e9 r\u00e9veill\u00e9s par le son des sir\u00e8nes. En tant que sympathisants d&#039;Ebenezer issus de plus de 50 pays, nous prions et nous nous tenons aux c\u00f4t\u00e9s d&#039;Isra\u00ebl...\" \/>\n<meta name=\"robots\" content=\"index, follow, max-snippet:-1, max-image-preview:large, max-video-preview:-1\" \/>\n<link rel=\"canonical\" href=\"https:\/\/ebenezer-oe.org\/fr\/israel-en-guerre\/\" \/>\n<meta property=\"og:locale\" content=\"fr_FR\" \/>\n<meta property=\"og:type\" content=\"article\" \/>\n<meta property=\"og:title\" content=\"Isra\u00ebl en guerre - Ebenezer Operation Exodus\" \/>\n<meta property=\"og:description\" content=\"Le samedi 7 octobre, \u00e0 6h30, heure locale, les Isra\u00e9liens ont \u00e9t\u00e9 r\u00e9veill\u00e9s par le son des sir\u00e8nes. En tant que sympathisants d&#039;Ebenezer issus de plus de 50 pays, nous prions et nous nous tenons aux c\u00f4t\u00e9s d&#039;Isra\u00ebl...\" \/>\n<meta property=\"og:url\" content=\"https:\/\/ebenezer-oe.org\/fr\/israel-en-guerre\/\" \/>\n<meta property=\"og:site_name\" content=\"Ebenezer Operation Exodus\" \/>\n<meta property=\"article:publisher\" content=\"https:\/\/www.facebook.com\/EbenezerInt\" \/>\n<meta property=\"article:modified_time\" content=\"2023-10-23T12:16:51+00:00\" \/>\n<meta name=\"twitter:card\" content=\"summary_large_image\" \/>\n<script type=\"application\/ld+json\" class=\"yoast-schema-graph\">{\"@context\":\"https:\\\/\\\/schema.org\",\"@graph\":[{\"@type\":\"WebPage\",\"@id\":\"https:\\\/\\\/ebenezer-oe.org\\\/fr\\\/israel-en-guerre\\\/\",\"url\":\"https:\\\/\\\/ebenezer-oe.org\\\/fr\\\/israel-en-guerre\\\/\",\"name\":\"Isra\u00ebl en guerre - Ebenezer Operation Exodus\",\"isPartOf\":{\"@id\":\"https:\\\/\\\/ebenezer-oe.org\\\/#website\"},\"datePublished\":\"2023-10-23T12:16:50+00:00\",\"dateModified\":\"2023-10-23T12:16:51+00:00\",\"description\":\"Le samedi 7 octobre, \u00e0 6h30, heure locale, les Isra\u00e9liens ont \u00e9t\u00e9 r\u00e9veill\u00e9s par le son des sir\u00e8nes. En tant que sympathisants d'Ebenezer issus de plus de 50 pays, nous prions et nous nous tenons aux c\u00f4t\u00e9s d'Isra\u00ebl...\",\"breadcrumb\":{\"@id\":\"https:\\\/\\\/ebenezer-oe.org\\\/fr\\\/israel-en-guerre\\\/#breadcrumb\"},\"inLanguage\":\"fr-FR\",\"potentialAction\":[{\"@type\":\"ReadAction\",\"target\":[\"https:\\\/\\\/ebenezer-oe.org\\\/fr\\\/israel-en-guerre\\\/\"]}]},{\"@type\":\"BreadcrumbList\",\"@id\":\"https:\\\/\\\/ebenezer-oe.org\\\/fr\\\/israel-en-guerre\\\/#breadcrumb\",\"itemListElement\":[{\"@type\":\"ListItem\",\"position\":1,\"name\":\"Home\",\"item\":\"https:\\\/\\\/ebenezer-oe.org\\\/fr\\\/\"},{\"@type\":\"ListItem\",\"position\":2,\"name\":\"Isra\u00ebl en guerre\"}]},{\"@type\":\"WebSite\",\"@id\":\"https:\\\/\\\/ebenezer-oe.org\\\/#website\",\"url\":\"https:\\\/\\\/ebenezer-oe.org\\\/\",\"name\":\"Ebenezer - Operation Exodus\",\"description\":\"\",\"publisher\":{\"@id\":\"https:\\\/\\\/ebenezer-oe.org\\\/#organization\"},\"potentialAction\":[{\"@type\":\"SearchAction\",\"target\":{\"@type\":\"EntryPoint\",\"urlTemplate\":\"https:\\\/\\\/ebenezer-oe.org\\\/?s={search_term_string}\"},\"query-input\":{\"@type\":\"PropertyValueSpecification\",\"valueRequired\":true,\"valueName\":\"search_term_string\"}}],\"inLanguage\":\"fr-FR\"},{\"@type\":\"Organization\",\"@id\":\"https:\\\/\\\/ebenezer-oe.org\\\/#organization\",\"name\":\"Ebenezer - Operation Exodus\",\"url\":\"https:\\\/\\\/ebenezer-oe.org\\\/\",\"logo\":{\"@type\":\"ImageObject\",\"inLanguage\":\"fr-FR\",\"@id\":\"https:\\\/\\\/ebenezer-oe.org\\\/#\\\/schema\\\/logo\\\/image\\\/\",\"url\":\"https:\\\/\\\/ebenezeroe.wpengine.com\\\/wp-content\\\/uploads\\\/2020\\\/09\\\/Logo_EOE_EN_Colour-Horizontal.png\",\"contentUrl\":\"https:\\\/\\\/ebenezeroe.wpengine.com\\\/wp-content\\\/uploads\\\/2020\\\/09\\\/Logo_EOE_EN_Colour-Horizontal.png\",\"width\":1922,\"height\":928,\"caption\":\"Ebenezer - Operation Exodus\"},\"image\":{\"@id\":\"https:\\\/\\\/ebenezer-oe.org\\\/#\\\/schema\\\/logo\\\/image\\\/\"},\"sameAs\":[\"https:\\\/\\\/www.facebook.com\\\/EbenezerInt\",\"https:\\\/\\\/www.instagram.com\\\/ebenezer_oe_eng\\\/\",\"https:\\\/\\\/www.youtube.com\\\/channel\\\/UC6qGHrKKeamFVz95Vd8LR1g\"]}]}<\/script>\n<!-- \/ Yoast SEO plugin. -->","yoast_head_json":{"title":"Isra\u00ebl en guerre - Ebenezer Operation Exodus","description":"Le samedi 7 octobre, \u00e0 6h30, heure locale, les Isra\u00e9liens ont \u00e9t\u00e9 r\u00e9veill\u00e9s par le son des sir\u00e8nes. En tant que sympathisants d'Ebenezer issus de plus de 50 pays, nous prions et nous nous tenons aux c\u00f4t\u00e9s d'Isra\u00ebl...","robots":{"index":"index","follow":"follow","max-snippet":"max-snippet:-1","max-image-preview":"max-image-preview:large","max-video-preview":"max-video-preview:-1"},"canonical":"https:\/\/ebenezer-oe.org\/fr\/israel-en-guerre\/","og_locale":"fr_FR","og_type":"article","og_title":"Isra\u00ebl en guerre - Ebenezer Operation Exodus","og_description":"Le samedi 7 octobre, \u00e0 6h30, heure locale, les Isra\u00e9liens ont \u00e9t\u00e9 r\u00e9veill\u00e9s par le son des sir\u00e8nes. En tant que sympathisants d'Ebenezer issus de plus de 50 pays, nous prions et nous nous tenons aux c\u00f4t\u00e9s d'Isra\u00ebl...","og_url":"https:\/\/ebenezer-oe.org\/fr\/israel-en-guerre\/","og_site_name":"Ebenezer Operation Exodus","article_publisher":"https:\/\/www.facebook.com\/EbenezerInt","article_modified_time":"2023-10-23T12:16:51+00:00","twitter_card":"summary_large_image","schema":{"@context":"https:\/\/schema.org","@graph":[{"@type":"WebPage","@id":"https:\/\/ebenezer-oe.org\/fr\/israel-en-guerre\/","url":"https:\/\/ebenezer-oe.org\/fr\/israel-en-guerre\/","name":"Isra\u00ebl en guerre - Ebenezer Operation Exodus","isPartOf":{"@id":"https:\/\/ebenezer-oe.org\/#website"},"datePublished":"2023-10-23T12:16:50+00:00","dateModified":"2023-10-23T12:16:51+00:00","description":"Le samedi 7 octobre, \u00e0 6h30, heure locale, les Isra\u00e9liens ont \u00e9t\u00e9 r\u00e9veill\u00e9s par le son des sir\u00e8nes. En tant que sympathisants d'Ebenezer issus de plus de 50 pays, nous prions et nous nous tenons aux c\u00f4t\u00e9s d'Isra\u00ebl...","breadcrumb":{"@id":"https:\/\/ebenezer-oe.org\/fr\/israel-en-guerre\/#breadcrumb"},"inLanguage":"fr-FR","potentialAction":[{"@type":"ReadAction","target":["https:\/\/ebenezer-oe.org\/fr\/israel-en-guerre\/"]}]},{"@type":"BreadcrumbList","@id":"https:\/\/ebenezer-oe.org\/fr\/israel-en-guerre\/#breadcrumb","itemListElement":[{"@type":"ListItem","position":1,"name":"Home","item":"https:\/\/ebenezer-oe.org\/fr\/"},{"@type":"ListItem","position":2,"name":"Isra\u00ebl en guerre"}]},{"@type":"WebSite","@id":"https:\/\/ebenezer-oe.org\/#website","url":"https:\/\/ebenezer-oe.org\/","name":"Ebenezer - Operation Exodus","description":"","publisher":{"@id":"https:\/\/ebenezer-oe.org\/#organization"},"potentialAction":[{"@type":"SearchAction","target":{"@type":"EntryPoint","urlTemplate":"https:\/\/ebenezer-oe.org\/?s={search_term_string}"},"query-input":{"@type":"PropertyValueSpecification","valueRequired":true,"valueName":"search_term_string"}}],"inLanguage":"fr-FR"},{"@type":"Organization","@id":"https:\/\/ebenezer-oe.org\/#organization","name":"Ebenezer - Operation Exodus","url":"https:\/\/ebenezer-oe.org\/","logo":{"@type":"ImageObject","inLanguage":"fr-FR","@id":"https:\/\/ebenezer-oe.org\/#\/schema\/logo\/image\/","url":"https:\/\/ebenezeroe.wpengine.com\/wp-content\/uploads\/2020\/09\/Logo_EOE_EN_Colour-Horizontal.png","contentUrl":"https:\/\/ebenezeroe.wpengine.com\/wp-content\/uploads\/2020\/09\/Logo_EOE_EN_Colour-Horizontal.png","width":1922,"height":928,"caption":"Ebenezer - Operation Exodus"},"image":{"@id":"https:\/\/ebenezer-oe.org\/#\/schema\/logo\/image\/"},"sameAs":["https:\/\/www.facebook.com\/EbenezerInt","https:\/\/www.instagram.com\/ebenezer_oe_eng\/","https:\/\/www.youtube.com\/channel\/UC6qGHrKKeamFVz95Vd8LR1g"]}]}},"_links":{"self":[{"href":"https:\/\/ebenezer-oe.org\/fr\/wp-json\/wp\/v2\/pages\/103533","targetHints":{"allow":["GET"]}}],"collection":[{"href":"https:\/\/ebenezer-oe.org\/fr\/wp-json\/wp\/v2\/pages"}],"about":[{"href":"https:\/\/ebenezer-oe.org\/fr\/wp-json\/wp\/v2\/types\/page"}],"author":[{"embeddable":true,"href":"https:\/\/ebenezer-oe.org\/fr\/wp-json\/wp\/v2\/users\/2"}],"replies":[{"embeddable":true,"href":"https:\/\/ebenezer-oe.org\/fr\/wp-json\/wp\/v2\/comments?post=103533"}],"version-history":[{"count":0,"href":"https:\/\/ebenezer-oe.org\/fr\/wp-json\/wp\/v2\/pages\/103533\/revisions"}],"wp:attachment":[{"href":"https:\/\/ebenezer-oe.org\/fr\/wp-json\/wp\/v2\/media?parent=103533"}],"curies":[{"name":"wp","href":"https:\/\/api.w.org\/{rel}","templated":true}]}}