{"id":5382,"date":"2021-07-20T07:28:35","date_gmt":"2021-07-20T07:28:35","guid":{"rendered":"https:\/\/ebenezer-oe.org\/a-propos-de-nous\/notre-histoire\/"},"modified":"2021-08-18T13:43:29","modified_gmt":"2021-08-18T13:43:29","slug":"notre-histoire","status":"publish","type":"page","link":"https:\/\/ebenezer-oe.org\/fr\/a-propos-de-nous\/notre-histoire\/","title":{"rendered":"Notre Histoire"},"content":{"rendered":"\n<h2>\n\t\tNotre Histoire\n\t<\/h2>\n\t<p>Notre minist\u00e8re a \u00e9t\u00e9 cr\u00e9\u00e9 lors d&rsquo;une conf\u00e9rence de pri\u00e8re \u00e0 J\u00e9rusalem, en pleine Guerre du Golfe en 1991. Les responsables de la conf\u00e9rence ont ressenti que Dieu leur disait qu&rsquo;il \u00e9tait maintenant le temps d&rsquo;aider le peuple juif \u00e0 rentrer \u00e0 la maison. C&rsquo;est ainsi que le minist\u00e8re a commenc\u00e9 et qu&rsquo;il continue &#8230;<\/p>\n\t<p>Ebenezer Operation Exodus a \u00e9t\u00e9 fond\u00e9 durant la premi\u00e8re Guerre du Golfe lors d&rsquo;une Conf\u00e9rence internationale de pri\u00e8re \u00e0 J\u00e9rusalem. Gustav Scheller avait le sentiment pressant que Dieu lui demandait d&rsquo;entrer en action: <strong>Tu peux maintenant commencer \u00e0 aider Mon peuple \u00e0 rentrer \u00e0 la maison.<\/strong> Ce fut unanimement confirm\u00e9 par les responsables et les 120 intercesseurs. (Voir p.46 du livre \u00abOperation Exodus\u00bb)<\/p>\n<h2>\n\t\tla chronologie d&rsquo;Ebenezer Operation Exodus\n\t<\/h2>\n\n","protected":false},"excerpt":{"rendered":"<p>Notre Histoire Notre minist\u00e8re a \u00e9t\u00e9 cr\u00e9\u00e9 lors d&rsquo;une conf\u00e9rence de pri\u00e8re \u00e0 J\u00e9rusalem, en pleine Guerre du Golfe en 1991. Les responsables de la conf\u00e9rence ont ressenti que Dieu leur disait qu&rsquo;il \u00e9tait maintenant le temps d&rsquo;aider le peuple juif \u00e0 rentrer \u00e0 la maison. C&rsquo;est ainsi que le minist\u00e8re a commenc\u00e9 et qu&rsquo;il&hellip;<\/p>\n","protected":false},"author":1,"featured_media":0,"parent":5226,"menu_order":1,"comment_status":"closed","ping_status":"closed","template":"","meta":{"footnotes":""},"class_list":["post-5382","page","type-page","status-publish","hentry"],"yoast_head":"<!-- This site is optimized with the Yoast SEO plugin v27.2 - https:\/\/yoast.com\/product\/yoast-seo-wordpress\/ -->\n<title>Notre Histoire - Ebenezer Operation Exodus<\/title>\n<meta name=\"robots\" content=\"index, follow, max-snippet:-1, max-image-preview:large, max-video-preview:-1\" \/>\n<link rel=\"canonical\" href=\"https:\/\/ebenezer-oe.org\/fr\/a-propos-de-nous\/notre-histoire\/\" \/>\n<meta property=\"og:locale\" content=\"fr_FR\" \/>\n<meta property=\"og:type\" content=\"article\" \/>\n<meta property=\"og:title\" content=\"Notre Histoire - Ebenezer Operation Exodus\" \/>\n<meta property=\"og:description\" content=\"Notre Histoire Notre minist\u00e8re a \u00e9t\u00e9 cr\u00e9\u00e9 lors d&rsquo;une conf\u00e9rence de pri\u00e8re \u00e0 J\u00e9rusalem, en pleine Guerre du Golfe en 1991. Les responsables de la conf\u00e9rence ont ressenti que Dieu leur disait qu&rsquo;il \u00e9tait maintenant le temps d&rsquo;aider le peuple juif \u00e0 rentrer \u00e0 la maison. C&rsquo;est ainsi que le minist\u00e8re a commenc\u00e9 et qu&rsquo;il&hellip;\" \/>\n<meta property=\"og:url\" content=\"https:\/\/ebenezer-oe.org\/fr\/a-propos-de-nous\/notre-histoire\/\" \/>\n<meta property=\"og:site_name\" content=\"Ebenezer Operation Exodus\" \/>\n<meta property=\"article:publisher\" content=\"https:\/\/www.facebook.com\/EbenezerInt\" \/>\n<meta property=\"article:modified_time\" content=\"2021-08-18T13:43:29+00:00\" \/>\n<meta name=\"twitter:card\" content=\"summary_large_image\" \/>\n<meta name=\"twitter:label1\" content=\"Dur\u00e9e de lecture estim\u00e9e\" \/>\n\t<meta name=\"twitter:data1\" content=\"1 minute\" \/>\n<script type=\"application\/ld+json\" class=\"yoast-schema-graph\">{\"@context\":\"https:\/\/schema.org\",\"@graph\":[{\"@type\":\"WebPage\",\"@id\":\"https:\/\/ebenezer-oe.org\/fr\/a-propos-de-nous\/notre-histoire\/\",\"url\":\"https:\/\/ebenezer-oe.org\/fr\/a-propos-de-nous\/notre-histoire\/\",\"name\":\"Notre Histoire - Ebenezer Operation Exodus\",\"isPartOf\":{\"@id\":\"https:\/\/ebenezer-oe.org\/#website\"},\"datePublished\":\"2021-07-20T07:28:35+00:00\",\"dateModified\":\"2021-08-18T13:43:29+00:00\",\"breadcrumb\":{\"@id\":\"https:\/\/ebenezer-oe.org\/fr\/a-propos-de-nous\/notre-histoire\/#breadcrumb\"},\"inLanguage\":\"fr-FR\",\"potentialAction\":[{\"@type\":\"ReadAction\",\"target\":[\"https:\/\/ebenezer-oe.org\/fr\/a-propos-de-nous\/notre-histoire\/\"]}]},{\"@type\":\"BreadcrumbList\",\"@id\":\"https:\/\/ebenezer-oe.org\/fr\/a-propos-de-nous\/notre-histoire\/#breadcrumb\",\"itemListElement\":[{\"@type\":\"ListItem\",\"position\":1,\"name\":\"Home\",\"item\":\"https:\/\/ebenezer-oe.org\/fr\/\"},{\"@type\":\"ListItem\",\"position\":2,\"name\":\"\u00c0 propos de nous\",\"item\":\"https:\/\/ebenezer-oe.org\/fr\/a-propos-de-nous\/\"},{\"@type\":\"ListItem\",\"position\":3,\"name\":\"Notre Histoire\"}]},{\"@type\":\"WebSite\",\"@id\":\"https:\/\/ebenezer-oe.org\/#website\",\"url\":\"https:\/\/ebenezer-oe.org\/\",\"name\":\"Ebenezer - Operation Exodus\",\"description\":\"\",\"publisher\":{\"@id\":\"https:\/\/ebenezer-oe.org\/#organization\"},\"potentialAction\":[{\"@type\":\"SearchAction\",\"target\":{\"@type\":\"EntryPoint\",\"urlTemplate\":\"https:\/\/ebenezer-oe.org\/?s={search_term_string}\"},\"query-input\":{\"@type\":\"PropertyValueSpecification\",\"valueRequired\":true,\"valueName\":\"search_term_string\"}}],\"inLanguage\":\"fr-FR\"},{\"@type\":\"Organization\",\"@id\":\"https:\/\/ebenezer-oe.org\/#organization\",\"name\":\"Ebenezer - Operation Exodus\",\"url\":\"https:\/\/ebenezer-oe.org\/\",\"logo\":{\"@type\":\"ImageObject\",\"inLanguage\":\"fr-FR\",\"@id\":\"https:\/\/ebenezer-oe.org\/#\/schema\/logo\/image\/\",\"url\":\"https:\/\/ebenezeroe.wpengine.com\/wp-content\/uploads\/2020\/09\/Logo_EOE_EN_Colour-Horizontal.png\",\"contentUrl\":\"https:\/\/ebenezeroe.wpengine.com\/wp-content\/uploads\/2020\/09\/Logo_EOE_EN_Colour-Horizontal.png\",\"width\":1922,\"height\":928,\"caption\":\"Ebenezer - Operation Exodus\"},\"image\":{\"@id\":\"https:\/\/ebenezer-oe.org\/#\/schema\/logo\/image\/\"},\"sameAs\":[\"https:\/\/www.facebook.com\/EbenezerInt\",\"https:\/\/www.instagram.com\/ebenezer_oe_eng\/\",\"https:\/\/www.youtube.com\/channel\/UC6qGHrKKeamFVz95Vd8LR1g\"]}]}<\/script>\n<!-- \/ Yoast SEO plugin. -->","yoast_head_json":{"title":"Notre Histoire - Ebenezer Operation Exodus","robots":{"index":"index","follow":"follow","max-snippet":"max-snippet:-1","max-image-preview":"max-image-preview:large","max-video-preview":"max-video-preview:-1"},"canonical":"https:\/\/ebenezer-oe.org\/fr\/a-propos-de-nous\/notre-histoire\/","og_locale":"fr_FR","og_type":"article","og_title":"Notre Histoire - Ebenezer Operation Exodus","og_description":"Notre Histoire Notre minist\u00e8re a \u00e9t\u00e9 cr\u00e9\u00e9 lors d&rsquo;une conf\u00e9rence de pri\u00e8re \u00e0 J\u00e9rusalem, en pleine Guerre du Golfe en 1991. Les responsables de la conf\u00e9rence ont ressenti que Dieu leur disait qu&rsquo;il \u00e9tait maintenant le temps d&rsquo;aider le peuple juif \u00e0 rentrer \u00e0 la maison. C&rsquo;est ainsi que le minist\u00e8re a commenc\u00e9 et qu&rsquo;il&hellip;","og_url":"https:\/\/ebenezer-oe.org\/fr\/a-propos-de-nous\/notre-histoire\/","og_site_name":"Ebenezer Operation Exodus","article_publisher":"https:\/\/www.facebook.com\/EbenezerInt","article_modified_time":"2021-08-18T13:43:29+00:00","twitter_card":"summary_large_image","twitter_misc":{"Dur\u00e9e de lecture estim\u00e9e":"1 minute"},"schema":{"@context":"https:\/\/schema.org","@graph":[{"@type":"WebPage","@id":"https:\/\/ebenezer-oe.org\/fr\/a-propos-de-nous\/notre-histoire\/","url":"https:\/\/ebenezer-oe.org\/fr\/a-propos-de-nous\/notre-histoire\/","name":"Notre Histoire - Ebenezer Operation Exodus","isPartOf":{"@id":"https:\/\/ebenezer-oe.org\/#website"},"datePublished":"2021-07-20T07:28:35+00:00","dateModified":"2021-08-18T13:43:29+00:00","breadcrumb":{"@id":"https:\/\/ebenezer-oe.org\/fr\/a-propos-de-nous\/notre-histoire\/#breadcrumb"},"inLanguage":"fr-FR","potentialAction":[{"@type":"ReadAction","target":["https:\/\/ebenezer-oe.org\/fr\/a-propos-de-nous\/notre-histoire\/"]}]},{"@type":"BreadcrumbList","@id":"https:\/\/ebenezer-oe.org\/fr\/a-propos-de-nous\/notre-histoire\/#breadcrumb","itemListElement":[{"@type":"ListItem","position":1,"name":"Home","item":"https:\/\/ebenezer-oe.org\/fr\/"},{"@type":"ListItem","position":2,"name":"\u00c0 propos de nous","item":"https:\/\/ebenezer-oe.org\/fr\/a-propos-de-nous\/"},{"@type":"ListItem","position":3,"name":"Notre Histoire"}]},{"@type":"WebSite","@id":"https:\/\/ebenezer-oe.org\/#website","url":"https:\/\/ebenezer-oe.org\/","name":"Ebenezer - Operation Exodus","description":"","publisher":{"@id":"https:\/\/ebenezer-oe.org\/#organization"},"potentialAction":[{"@type":"SearchAction","target":{"@type":"EntryPoint","urlTemplate":"https:\/\/ebenezer-oe.org\/?s={search_term_string}"},"query-input":{"@type":"PropertyValueSpecification","valueRequired":true,"valueName":"search_term_string"}}],"inLanguage":"fr-FR"},{"@type":"Organization","@id":"https:\/\/ebenezer-oe.org\/#organization","name":"Ebenezer - Operation Exodus","url":"https:\/\/ebenezer-oe.org\/","logo":{"@type":"ImageObject","inLanguage":"fr-FR","@id":"https:\/\/ebenezer-oe.org\/#\/schema\/logo\/image\/","url":"https:\/\/ebenezeroe.wpengine.com\/wp-content\/uploads\/2020\/09\/Logo_EOE_EN_Colour-Horizontal.png","contentUrl":"https:\/\/ebenezeroe.wpengine.com\/wp-content\/uploads\/2020\/09\/Logo_EOE_EN_Colour-Horizontal.png","width":1922,"height":928,"caption":"Ebenezer - Operation Exodus"},"image":{"@id":"https:\/\/ebenezer-oe.org\/#\/schema\/logo\/image\/"},"sameAs":["https:\/\/www.facebook.com\/EbenezerInt","https:\/\/www.instagram.com\/ebenezer_oe_eng\/","https:\/\/www.youtube.com\/channel\/UC6qGHrKKeamFVz95Vd8LR1g"]}]}},"_links":{"self":[{"href":"https:\/\/ebenezer-oe.org\/fr\/wp-json\/wp\/v2\/pages\/5382","targetHints":{"allow":["GET"]}}],"collection":[{"href":"https:\/\/ebenezer-oe.org\/fr\/wp-json\/wp\/v2\/pages"}],"about":[{"href":"https:\/\/ebenezer-oe.org\/fr\/wp-json\/wp\/v2\/types\/page"}],"author":[{"embeddable":true,"href":"https:\/\/ebenezer-oe.org\/fr\/wp-json\/wp\/v2\/users\/1"}],"replies":[{"embeddable":true,"href":"https:\/\/ebenezer-oe.org\/fr\/wp-json\/wp\/v2\/comments?post=5382"}],"version-history":[{"count":0,"href":"https:\/\/ebenezer-oe.org\/fr\/wp-json\/wp\/v2\/pages\/5382\/revisions"}],"up":[{"embeddable":true,"href":"https:\/\/ebenezer-oe.org\/fr\/wp-json\/wp\/v2\/pages\/5226"}],"wp:attachment":[{"href":"https:\/\/ebenezer-oe.org\/fr\/wp-json\/wp\/v2\/media?parent=5382"}],"curies":[{"name":"wp","href":"https:\/\/api.w.org\/{rel}","templated":true}]}}