{"id":5401,"date":"2021-07-20T08:54:50","date_gmt":"2021-07-20T08:54:50","guid":{"rendered":"https:\/\/ebenezer-oe.org\/a-propos-de-nous\/pourquoi-laliya\/"},"modified":"2021-07-22T12:07:31","modified_gmt":"2021-07-22T12:07:31","slug":"pourquoi-laliya","status":"publish","type":"page","link":"https:\/\/ebenezer-oe.org\/fr\/a-propos-de-nous\/pourquoi-laliya\/","title":{"rendered":"Pourquoi l&rsquo;aliya"},"content":{"rendered":"\n<h1>\n\t\tPourquoi l&rsquo;aliya?\n\t<\/h1>\n\t<p>L&rsquo;Aliya est le retour du peuple juif dans un pays auquel ils furent s\u00e9par\u00e9s pendant environ 2&rsquo;000 ans. Depuis ce temps, chaque ann\u00e9e, l&rsquo;expression \u00abL&rsquo;an prochain \u00e0 J\u00e9rusalem\u00bb exprime cet espoir et ce r\u00eave. Nous sommes appel\u00e9s \u00e0 aider pour plusieurs raisons &#8230;<\/p>\n\t\t\t\t<img decoding=\"async\" data-src=\"https:\/\/ebenezeroe.wpengine.com\/wp-content\/uploads\/2021\/05\/Website-Transparent-background.png\" alt=\"Website Transparent background\" itemprop=\"image\" height=\"2160\" width=\"2160\" title=\"Website Transparent background\" onerror=\"this.style.display='none'\" src=\"data:image\/svg+xml;base64,PHN2ZyB3aWR0aD0iMSIgaGVpZ2h0PSIxIiB4bWxucz0iaHR0cDovL3d3dy53My5vcmcvMjAwMC9zdmciPjwvc3ZnPg==\" class=\"lazyload\" style=\"--smush-placeholder-width: 2160px; --smush-placeholder-aspect-ratio: 2160\/2160;\" \/>\n\t\n<h4>\n\t\tGen\u00e8se 12:1-2a \n\t<\/h4>\n\t\t\t\t<img decoding=\"async\" data-src=\"https:\/\/ebenezeroe.wpengine.com\/wp-content\/plugins\/bb-plugin\/img\/pixel.png\" alt=\"\" itemprop=\"image\" onerror=\"this.style.display='none'\" src=\"data:image\/svg+xml;base64,PHN2ZyB3aWR0aD0iMSIgaGVpZ2h0PSIxIiB4bWxucz0iaHR0cDovL3d3dy53My5vcmcvMjAwMC9zdmciPjwvc3ZnPg==\" class=\"lazyload\" \/>\n\t<p>Gen\u00e8se 12:1-2 est le premier des nombreux versets dans la Bible qui indiquent que Dieu avait, et a encore, une relation sp\u00e9ciale avec le peuple juif et des projets pour eux. Ils \u00e9taient destin\u00e9s \u00e0 recevoir la r\u00e9v\u00e9lation de Dieu et \u00e0 \u00eatre une lumi\u00e8re pour le monde. Dans le cadre de cet objectif, ils ont re\u00e7u une terre qui leur appartient. Dieu les a aim\u00e9s et leur a assur\u00e9 que s&rsquo;ils d\u00e9sob\u00e9issaient et s&rsquo;ils \u00e9taient envoy\u00e9s en exil, Il finirait par les ramener.<\/p>\n\t\n<p>Ez\u00e9chiel 36:24<\/p>\n\t<h3>Olim<\/h3>\t\t\n\t\t\t\n\t<h3>Oleh<\/h3>\t\t\n\t\t\t\n\t<h3>Olah<\/h3>\t\t\n\t\t\t\n\t<p>Esa\u00efe d\u00e9clare l&rsquo;appel de Dieu aux Gentils d&rsquo;aider dans le retour du peuple juif en disant: <em>\u00ab\u00a0Ainsi a parl\u00e9 le Seigneur, l&rsquo;\u00c9ternel: Voici: Je l\u00e8verai ma main vers les nations, je dresserai ma banni\u00e8re vers les peuples; et ils ram\u00e8neront tes fils entre leurs bras, ils porteront tes filles sur les \u00e9paules.\u00a0\u00bb<\/em>(Esa\u00efe 49:22). L&rsquo;ap\u00f4tre Paul indique \u00e9galement que les Gentils sont redevables au peuple juif comme il \u00e9crit:<\/p>\n\t\n<p>Romains 15:27<\/p>\n\n","protected":false},"excerpt":{"rendered":"<p>Pourquoi l&rsquo;aliya? L&rsquo;Aliya est le retour du peuple juif dans un pays auquel ils furent s\u00e9par\u00e9s pendant environ 2&rsquo;000 ans. Depuis ce temps, chaque ann\u00e9e, l&rsquo;expression \u00abL&rsquo;an prochain \u00e0 J\u00e9rusalem\u00bb exprime cet espoir et ce r\u00eave. Nous sommes appel\u00e9s \u00e0 aider pour plusieurs raisons &#8230; Gen\u00e8se 12:1-2a Gen\u00e8se 12:1-2 est le premier des nombreux versets&hellip;<\/p>\n","protected":false},"author":1,"featured_media":0,"parent":5226,"menu_order":2,"comment_status":"closed","ping_status":"closed","template":"","meta":{"footnotes":""},"class_list":["post-5401","page","type-page","status-publish","hentry"],"yoast_head":"<!-- This site is optimized with the Yoast SEO plugin v27.2 - https:\/\/yoast.com\/product\/yoast-seo-wordpress\/ -->\n<title>Pourquoi l&#039;aliya - Ebenezer Operation Exodus<\/title>\n<meta name=\"robots\" content=\"index, follow, max-snippet:-1, max-image-preview:large, max-video-preview:-1\" \/>\n<link rel=\"canonical\" href=\"https:\/\/ebenezer-oe.org\/fr\/a-propos-de-nous\/pourquoi-laliya\/\" \/>\n<meta property=\"og:locale\" content=\"fr_FR\" \/>\n<meta property=\"og:type\" content=\"article\" \/>\n<meta property=\"og:title\" content=\"Pourquoi l&#039;aliya - Ebenezer Operation Exodus\" \/>\n<meta property=\"og:description\" content=\"Pourquoi l&rsquo;aliya? L&rsquo;Aliya est le retour du peuple juif dans un pays auquel ils furent s\u00e9par\u00e9s pendant environ 2&rsquo;000 ans. Depuis ce temps, chaque ann\u00e9e, l&rsquo;expression \u00abL&rsquo;an prochain \u00e0 J\u00e9rusalem\u00bb exprime cet espoir et ce r\u00eave. Nous sommes appel\u00e9s \u00e0 aider pour plusieurs raisons &#8230; Gen\u00e8se 12:1-2a Gen\u00e8se 12:1-2 est le premier des nombreux versets&hellip;\" \/>\n<meta property=\"og:url\" content=\"https:\/\/ebenezer-oe.org\/fr\/a-propos-de-nous\/pourquoi-laliya\/\" \/>\n<meta property=\"og:site_name\" content=\"Ebenezer Operation Exodus\" \/>\n<meta property=\"article:publisher\" content=\"https:\/\/www.facebook.com\/EbenezerInt\" \/>\n<meta property=\"article:modified_time\" content=\"2021-07-22T12:07:31+00:00\" \/>\n<meta property=\"og:image\" content=\"https:\/\/ebenezeroe.wpengine.com\/wp-content\/uploads\/2021\/05\/Website-Transparent-background.png\" \/>\n<meta name=\"twitter:card\" content=\"summary_large_image\" \/>\n<meta name=\"twitter:label1\" content=\"Dur\u00e9e de lecture estim\u00e9e\" \/>\n\t<meta name=\"twitter:data1\" content=\"1 minute\" \/>\n<script type=\"application\/ld+json\" class=\"yoast-schema-graph\">{\"@context\":\"https:\/\/schema.org\",\"@graph\":[{\"@type\":\"WebPage\",\"@id\":\"https:\/\/ebenezer-oe.org\/fr\/a-propos-de-nous\/pourquoi-laliya\/\",\"url\":\"https:\/\/ebenezer-oe.org\/fr\/a-propos-de-nous\/pourquoi-laliya\/\",\"name\":\"Pourquoi l'aliya - Ebenezer Operation Exodus\",\"isPartOf\":{\"@id\":\"https:\/\/ebenezer-oe.org\/#website\"},\"primaryImageOfPage\":{\"@id\":\"https:\/\/ebenezer-oe.org\/fr\/a-propos-de-nous\/pourquoi-laliya\/#primaryimage\"},\"image\":{\"@id\":\"https:\/\/ebenezer-oe.org\/fr\/a-propos-de-nous\/pourquoi-laliya\/#primaryimage\"},\"thumbnailUrl\":\"https:\/\/ebenezeroe.wpengine.com\/wp-content\/uploads\/2021\/05\/Website-Transparent-background.png\",\"datePublished\":\"2021-07-20T08:54:50+00:00\",\"dateModified\":\"2021-07-22T12:07:31+00:00\",\"breadcrumb\":{\"@id\":\"https:\/\/ebenezer-oe.org\/fr\/a-propos-de-nous\/pourquoi-laliya\/#breadcrumb\"},\"inLanguage\":\"fr-FR\",\"potentialAction\":[{\"@type\":\"ReadAction\",\"target\":[\"https:\/\/ebenezer-oe.org\/fr\/a-propos-de-nous\/pourquoi-laliya\/\"]}]},{\"@type\":\"ImageObject\",\"inLanguage\":\"fr-FR\",\"@id\":\"https:\/\/ebenezer-oe.org\/fr\/a-propos-de-nous\/pourquoi-laliya\/#primaryimage\",\"url\":\"https:\/\/ebenezeroe.wpengine.com\/wp-content\/uploads\/2021\/05\/Website-Transparent-background.png\",\"contentUrl\":\"https:\/\/ebenezeroe.wpengine.com\/wp-content\/uploads\/2021\/05\/Website-Transparent-background.png\"},{\"@type\":\"BreadcrumbList\",\"@id\":\"https:\/\/ebenezer-oe.org\/fr\/a-propos-de-nous\/pourquoi-laliya\/#breadcrumb\",\"itemListElement\":[{\"@type\":\"ListItem\",\"position\":1,\"name\":\"Home\",\"item\":\"https:\/\/ebenezer-oe.org\/fr\/\"},{\"@type\":\"ListItem\",\"position\":2,\"name\":\"\u00c0 propos de nous\",\"item\":\"https:\/\/ebenezer-oe.org\/fr\/a-propos-de-nous\/\"},{\"@type\":\"ListItem\",\"position\":3,\"name\":\"Pourquoi l&rsquo;aliya\"}]},{\"@type\":\"WebSite\",\"@id\":\"https:\/\/ebenezer-oe.org\/#website\",\"url\":\"https:\/\/ebenezer-oe.org\/\",\"name\":\"Ebenezer - Operation Exodus\",\"description\":\"\",\"publisher\":{\"@id\":\"https:\/\/ebenezer-oe.org\/#organization\"},\"potentialAction\":[{\"@type\":\"SearchAction\",\"target\":{\"@type\":\"EntryPoint\",\"urlTemplate\":\"https:\/\/ebenezer-oe.org\/?s={search_term_string}\"},\"query-input\":{\"@type\":\"PropertyValueSpecification\",\"valueRequired\":true,\"valueName\":\"search_term_string\"}}],\"inLanguage\":\"fr-FR\"},{\"@type\":\"Organization\",\"@id\":\"https:\/\/ebenezer-oe.org\/#organization\",\"name\":\"Ebenezer - Operation Exodus\",\"url\":\"https:\/\/ebenezer-oe.org\/\",\"logo\":{\"@type\":\"ImageObject\",\"inLanguage\":\"fr-FR\",\"@id\":\"https:\/\/ebenezer-oe.org\/#\/schema\/logo\/image\/\",\"url\":\"https:\/\/ebenezeroe.wpengine.com\/wp-content\/uploads\/2020\/09\/Logo_EOE_EN_Colour-Horizontal.png\",\"contentUrl\":\"https:\/\/ebenezeroe.wpengine.com\/wp-content\/uploads\/2020\/09\/Logo_EOE_EN_Colour-Horizontal.png\",\"width\":1922,\"height\":928,\"caption\":\"Ebenezer - Operation Exodus\"},\"image\":{\"@id\":\"https:\/\/ebenezer-oe.org\/#\/schema\/logo\/image\/\"},\"sameAs\":[\"https:\/\/www.facebook.com\/EbenezerInt\",\"https:\/\/www.instagram.com\/ebenezer_oe_eng\/\",\"https:\/\/www.youtube.com\/channel\/UC6qGHrKKeamFVz95Vd8LR1g\"]}]}<\/script>\n<!-- \/ Yoast SEO plugin. -->","yoast_head_json":{"title":"Pourquoi l'aliya - Ebenezer Operation Exodus","robots":{"index":"index","follow":"follow","max-snippet":"max-snippet:-1","max-image-preview":"max-image-preview:large","max-video-preview":"max-video-preview:-1"},"canonical":"https:\/\/ebenezer-oe.org\/fr\/a-propos-de-nous\/pourquoi-laliya\/","og_locale":"fr_FR","og_type":"article","og_title":"Pourquoi l'aliya - Ebenezer Operation Exodus","og_description":"Pourquoi l&rsquo;aliya? L&rsquo;Aliya est le retour du peuple juif dans un pays auquel ils furent s\u00e9par\u00e9s pendant environ 2&rsquo;000 ans. Depuis ce temps, chaque ann\u00e9e, l&rsquo;expression \u00abL&rsquo;an prochain \u00e0 J\u00e9rusalem\u00bb exprime cet espoir et ce r\u00eave. Nous sommes appel\u00e9s \u00e0 aider pour plusieurs raisons &#8230; Gen\u00e8se 12:1-2a Gen\u00e8se 12:1-2 est le premier des nombreux versets&hellip;","og_url":"https:\/\/ebenezer-oe.org\/fr\/a-propos-de-nous\/pourquoi-laliya\/","og_site_name":"Ebenezer Operation Exodus","article_publisher":"https:\/\/www.facebook.com\/EbenezerInt","article_modified_time":"2021-07-22T12:07:31+00:00","og_image":[{"url":"https:\/\/ebenezeroe.wpengine.com\/wp-content\/uploads\/2021\/05\/Website-Transparent-background.png","type":"","width":"","height":""}],"twitter_card":"summary_large_image","twitter_misc":{"Dur\u00e9e de lecture estim\u00e9e":"1 minute"},"schema":{"@context":"https:\/\/schema.org","@graph":[{"@type":"WebPage","@id":"https:\/\/ebenezer-oe.org\/fr\/a-propos-de-nous\/pourquoi-laliya\/","url":"https:\/\/ebenezer-oe.org\/fr\/a-propos-de-nous\/pourquoi-laliya\/","name":"Pourquoi l'aliya - Ebenezer Operation Exodus","isPartOf":{"@id":"https:\/\/ebenezer-oe.org\/#website"},"primaryImageOfPage":{"@id":"https:\/\/ebenezer-oe.org\/fr\/a-propos-de-nous\/pourquoi-laliya\/#primaryimage"},"image":{"@id":"https:\/\/ebenezer-oe.org\/fr\/a-propos-de-nous\/pourquoi-laliya\/#primaryimage"},"thumbnailUrl":"https:\/\/ebenezeroe.wpengine.com\/wp-content\/uploads\/2021\/05\/Website-Transparent-background.png","datePublished":"2021-07-20T08:54:50+00:00","dateModified":"2021-07-22T12:07:31+00:00","breadcrumb":{"@id":"https:\/\/ebenezer-oe.org\/fr\/a-propos-de-nous\/pourquoi-laliya\/#breadcrumb"},"inLanguage":"fr-FR","potentialAction":[{"@type":"ReadAction","target":["https:\/\/ebenezer-oe.org\/fr\/a-propos-de-nous\/pourquoi-laliya\/"]}]},{"@type":"ImageObject","inLanguage":"fr-FR","@id":"https:\/\/ebenezer-oe.org\/fr\/a-propos-de-nous\/pourquoi-laliya\/#primaryimage","url":"https:\/\/ebenezeroe.wpengine.com\/wp-content\/uploads\/2021\/05\/Website-Transparent-background.png","contentUrl":"https:\/\/ebenezeroe.wpengine.com\/wp-content\/uploads\/2021\/05\/Website-Transparent-background.png"},{"@type":"BreadcrumbList","@id":"https:\/\/ebenezer-oe.org\/fr\/a-propos-de-nous\/pourquoi-laliya\/#breadcrumb","itemListElement":[{"@type":"ListItem","position":1,"name":"Home","item":"https:\/\/ebenezer-oe.org\/fr\/"},{"@type":"ListItem","position":2,"name":"\u00c0 propos de nous","item":"https:\/\/ebenezer-oe.org\/fr\/a-propos-de-nous\/"},{"@type":"ListItem","position":3,"name":"Pourquoi l&rsquo;aliya"}]},{"@type":"WebSite","@id":"https:\/\/ebenezer-oe.org\/#website","url":"https:\/\/ebenezer-oe.org\/","name":"Ebenezer - Operation Exodus","description":"","publisher":{"@id":"https:\/\/ebenezer-oe.org\/#organization"},"potentialAction":[{"@type":"SearchAction","target":{"@type":"EntryPoint","urlTemplate":"https:\/\/ebenezer-oe.org\/?s={search_term_string}"},"query-input":{"@type":"PropertyValueSpecification","valueRequired":true,"valueName":"search_term_string"}}],"inLanguage":"fr-FR"},{"@type":"Organization","@id":"https:\/\/ebenezer-oe.org\/#organization","name":"Ebenezer - Operation Exodus","url":"https:\/\/ebenezer-oe.org\/","logo":{"@type":"ImageObject","inLanguage":"fr-FR","@id":"https:\/\/ebenezer-oe.org\/#\/schema\/logo\/image\/","url":"https:\/\/ebenezeroe.wpengine.com\/wp-content\/uploads\/2020\/09\/Logo_EOE_EN_Colour-Horizontal.png","contentUrl":"https:\/\/ebenezeroe.wpengine.com\/wp-content\/uploads\/2020\/09\/Logo_EOE_EN_Colour-Horizontal.png","width":1922,"height":928,"caption":"Ebenezer - Operation Exodus"},"image":{"@id":"https:\/\/ebenezer-oe.org\/#\/schema\/logo\/image\/"},"sameAs":["https:\/\/www.facebook.com\/EbenezerInt","https:\/\/www.instagram.com\/ebenezer_oe_eng\/","https:\/\/www.youtube.com\/channel\/UC6qGHrKKeamFVz95Vd8LR1g"]}]}},"_links":{"self":[{"href":"https:\/\/ebenezer-oe.org\/fr\/wp-json\/wp\/v2\/pages\/5401","targetHints":{"allow":["GET"]}}],"collection":[{"href":"https:\/\/ebenezer-oe.org\/fr\/wp-json\/wp\/v2\/pages"}],"about":[{"href":"https:\/\/ebenezer-oe.org\/fr\/wp-json\/wp\/v2\/types\/page"}],"author":[{"embeddable":true,"href":"https:\/\/ebenezer-oe.org\/fr\/wp-json\/wp\/v2\/users\/1"}],"replies":[{"embeddable":true,"href":"https:\/\/ebenezer-oe.org\/fr\/wp-json\/wp\/v2\/comments?post=5401"}],"version-history":[{"count":0,"href":"https:\/\/ebenezer-oe.org\/fr\/wp-json\/wp\/v2\/pages\/5401\/revisions"}],"up":[{"embeddable":true,"href":"https:\/\/ebenezer-oe.org\/fr\/wp-json\/wp\/v2\/pages\/5226"}],"wp:attachment":[{"href":"https:\/\/ebenezer-oe.org\/fr\/wp-json\/wp\/v2\/media?parent=5401"}],"curies":[{"name":"wp","href":"https:\/\/api.w.org\/{rel}","templated":true}]}}