{"id":6498,"date":"2021-07-22T12:36:19","date_gmt":"2021-07-22T12:36:19","guid":{"rendered":"https:\/\/ebenezer-oe.org\/accueil\/"},"modified":"2025-12-09T12:12:47","modified_gmt":"2025-12-09T12:12:47","slug":"accueil","status":"publish","type":"page","link":"https:\/\/ebenezer-oe.org\/fr\/","title":{"rendered":"Accueil"},"content":{"rendered":"\n<h2>\n\t\t\tAider \u00e0 ramener son peuple \u00e0 la maison\t<\/h2>\n<h4>\n\t\t\tUne organisation chr\u00e9tienne qui aide le peuple juif \u00e0 retourner en Isra\u00ebl.\t<\/h4>\n<h2>\n\t\t\tL&rsquo;aliya\t<\/h2>\n\t<p>Notre \u0153uvre est centr\u00e9e sur le mot h\u00e9breu &#8211; &lsquo;Aliya&rsquo;. Il signifie litt\u00e9ralement &lsquo;monter&rsquo;. Pour se rendre \u00e0 J\u00e9rusalem, il est n\u00e9cessaire de &lsquo;monter&rsquo; dans les collines depuis le plat pays en bas.<\/p>\n<p>C&rsquo;est pour cette raison que le peuple juif a adopt\u00e9 ce terme pour d\u00e9signer la proc\u00e9dure de retour sur la terre d&rsquo;Isra\u00ebl depuis les quatre coins du monde.<\/p>\n\t\t\t<a href=\"https:\/\/ebenezer-oe.org\/fr\/a-propos-de-nous\/pourquoi-laliya\/\" target=\"_self\">\n\t\t\t\t\t\t\tPourquoi l&rsquo;Aliya est importante?\n\t\t\t\t\t<\/a>\n<h2>\n\t\t\tSe tenir aux c\u00f4t\u00e9s d&rsquo;Isra\u00ebl\t<\/h2>\n\t<p>En temps de guerre<\/p>\n\t<p>Le moment est venu de se tenir aux c\u00f4t\u00e9s d&rsquo;Isra\u00ebl. Le moment est venu de soutenir Isra\u00ebl et le peuple juif. C&rsquo;est maintenant qu&rsquo;il faut r\u00e9conforter et soutenir le peuple d&rsquo;Isra\u00ebl. Et c&rsquo;est maintenant qu&rsquo;il faut prier pour Isra\u00ebl.<\/p>\n\t\t\t<a href=\"https:\/\/ebenezer-oe.org\/fr\/israel-en-guerre\/\" target=\"_self\">\n\t\t\t\t\t\t\tEn savoir plus\n\t\t\t\t\t<\/a>\n<h2>\n\t\t\tCe que nous faisons \t<\/h2>\n\t<h3>L&rsquo;aliya<\/h3><p>Reconna\u00eetre et r\u00e9pondre de mani\u00e8re pratique au d\u00e9sir de Dieu que le peuple juif retourne dans son pays. <\/p>\n\t<h3>Pri\u00e8re<\/h3><p>Soutenir ceux qui ont un c\u0153ur pour prier pour l&rsquo;Aliya avec des sujets actualis\u00e9s et les connecter avec d&rsquo;autres personnes qui prient.<\/p>\n\t<h3>Enseignement<\/h3><p>D\u00e9clarer les plans de Dieu concernant le peuple juif. <\/p>\n\t\t\t<h3> Deut\u00e9ronome 30:4<\/h3> <p><i>&lsquo;Quand tu serais exil\u00e9 \u00e0 l&rsquo;autre extr\u00e9mit\u00e9 du ciel, l&rsquo;\u00c9ternel, ton Dieu, te rassemblera de l\u00e0, et c&rsquo;est l\u00e0 qu&rsquo;il t&rsquo;ira chercher.&rsquo;<\/i><\/p>\t\t\n\t\t\t<h3> Esa\u00efe 49:22<\/h3> <p><i>&lsquo;Ainsi a parl\u00e9 le Seigneur, l&rsquo;\u00c9ternel: Voici: Je l\u00e8verai ma main vers les nations, je dresserai ma banni\u00e8re vers les peuples; et ils ram\u00e8neront tes fils entre leurs bras, ils porteront tes filles sur les \u00e9paules.&rsquo;<\/i><\/p>\t\t\n\t\t\t<h3> Esa\u00efe 62:1<\/h3> <p><i>&lsquo;Pour l&rsquo;amour de Sion je ne me tairai point, pour l&rsquo;amour de J\u00e9rusalem je ne prendrai point de repos, jusqu&rsquo;\u00e0 ce que son salut paraisse, comme l&rsquo;aurore, et sa d\u00e9livrance, comme un flambeau qui s&rsquo;allume.&rsquo;<\/i><\/p>\t\t\n\t\t\t<h3> Esa\u00efe 62:6-7<\/h3> <p>&lsquo;<i>Sur tes murs, J\u00e9rusalem, j&rsquo;ai plac\u00e9 des gardes; ils ne se tairont ni jour ni nuit. Vous qui la rappelez au souvenir de l&rsquo;\u00c9ternel, point de repos pour vous! Et ne lui laissez aucune rel\u00e2che, jusqu&rsquo;\u00e0 ce qu&rsquo;il r\u00e9tablisse J\u00e9rusalem et la rende glorieuse sur la terre.\u00a0\u00bb<\/i><\/p>\t\t\n\t\t\t<h3> Romains 11:29<\/h3> <p><i>&lsquo;Car Dieu ne se repent pas de ses dons et de son appel.&rsquo;<\/i><\/p>\t\t\n\t\t\t<h3> Amos 9:14-15<\/h3> <p><em>\u00ab\u00a0&#8230;Je ram\u00e8nerai les captifs de mon peuple d&rsquo;Isra\u00ebl; ils reb\u00e2tiront les villes d\u00e9vast\u00e9es et les habiteront, ils planteront des vignes et en boiront le vin, ils \u00e9tabliront des jardins et en mangeront les fruits. Je les planterai dans leur pays, et ils ne seront plus arrach\u00e9s du pays que je leur ai donn\u00e9, dit l&rsquo;\u00c9ternel, ton Dieu.<\/em><\/p>\t\t\n\t<h2>\n\t\t\tNous sommes \u00e9galement actifs dans votre pays.\t<\/h2>\n\t\t\t<a href=\"https:\/\/ebenezer-oe.org\/fr\/dans-votre-pays\/\" target=\"_self\">\n\t\t\t\t\t\t\tEn apprendre plus\n\t\t\t\t\t<\/a>\n\t<p>Aux c\u00f4t\u00e9s du peuple juif depuis plus de trente ans.<\/p>\n<h2>\n\t\t\tUn r\u00e9seau mondial\t<\/h2>\n\t<p>Ebenezer Operation Exodus a \u00e9t\u00e9 cr\u00e9\u00e9 durant la Premi\u00e8re Guerre du Golfe lorsque son fondateur, Gustav Scheller, participait \u00e0 la Conf\u00e9rence internationale de pri\u00e8re \u00e0 J\u00e9rusalem en 1991. Il croyait d\u00e9j\u00e0 que Dieu voulait que le peuple juif retourne dans leur patrie afin d&rsquo;accomplir les anciennes proph\u00e9ties bibliques. Lorsqu&rsquo;ils furent attaqu\u00e9s et que les participants \u00e9taient en train de prier dans un abri anti-a\u00e9rien, Gustav a ressenti que Dieu le pressait de commencer quelque chose pour les aider de mani\u00e8re pratique \u00e0 rentrer \u00e0 la maison.<\/p>\n\t\t\t\t<img decoding=\"async\" data-src=\"https:\/\/ebenezeroe.wpengine.com\/wp-content\/uploads\/2021\/04\/Untitled-design-24-1024x527.png\" alt=\"Untitled design-24\" itemprop=\"image\" title=\"Untitled design-24\" onerror=\"this.style.display='none'\" src=\"data:image\/svg+xml;base64,PHN2ZyB3aWR0aD0iMSIgaGVpZ2h0PSIxIiB4bWxucz0iaHR0cDovL3d3dy53My5vcmcvMjAwMC9zdmciPjwvc3ZnPg==\" class=\"lazyload\" style=\"--smush-placeholder-width: 1024px; --smush-placeholder-aspect-ratio: 1024\/527;\" \/>\n\t<p>L&rsquo;Eternel a utilis\u00e9 les comp\u00e9tences de Gustav en tant qu&rsquo;homme d&rsquo;affaires et les dons g\u00e9n\u00e9reux de ceux qui partageaient la vision afin de sponsoriser trois avions de l&rsquo;Agence Juive de Budapest jusqu&rsquo;\u00e0 Tel Aviv qui ramen\u00e8rent 720 Olim en Isra\u00ebl. Ce fut une occasion m\u00e9morable. L&rsquo;ann\u00e9e suivante, Gustav et son \u00e9quipe affr\u00e9t\u00e8rent un bateau pour trois travers\u00e9es depuis Odessa en Ukraine pour Ha\u00effa. Ce fut la premi\u00e8re fois qu&rsquo;une route maritime directe fut \u00e9tablie entre l&rsquo;Ukraine et Isra\u00ebl. Elle fut, par la suite, utilis\u00e9e par bien d&rsquo;autres navires pendant des ann\u00e9es.<\/p>\n\t<p>En 1995, des avions s&rsquo;envol\u00e8rent du Kazakhstan et, en 1999, l&rsquo;organisation c\u00e9l\u00e9bra la centi\u00e8me navigation qui transporta les Olim d&rsquo;ex-Union sovi\u00e9tique en Isra\u00ebl. Une nouvelle expansion permit le retour de 100&rsquo;000 Olim en 2006, lorsqu&rsquo;un bureau fut ouvert \u00e0 J\u00e9rusalem pour les aider \u00e0 s&rsquo;installer dans leur nouvelle patrie.<\/p>\n<p>In 2007, des comit\u00e9s consultatifs r\u00e9gionaux ont \u00e9t\u00e9 mis en place en Am\u00e9rique du Sud, Asie du sud-ouest et Oc\u00e9anie, ainsi qu&rsquo;un comit\u00e9 d&rsquo;\u00e9glise en ex-Union sovi\u00e9tique afin d&rsquo;encourager les congr\u00e9gations \u00e0 comprendre les \u00e9critures proph\u00e9tiques et aider le peuple juif.<\/p>\n<p>Fin 2010, nous avions aid\u00e9 plus de 130&rsquo;000 Olim. En 2016, l&rsquo;organisation c\u00e9l\u00e9bra son 25\u00e8me anniversaire et ouvrit des bureaux \u00e0 Buenos Aires, New York et Paris.  <\/p>\n<p>En 2019, le nombre de Juifs aid\u00e9s s&rsquo;\u00e9levait \u00e0 180&rsquo;000 personnes et nous avions de nombreux projets pour aider les communaut\u00e9s juives dans le besoin en ex-Union sovi\u00e9tique en distribuant des colis alimentaires et de l&rsquo;aide humanitaire.<\/p>\n<h3>\n\t\t\tEbenezer Operation Exodus a d\u00e9but\u00e9 en 1991 avec juste trois personnes.\t<\/h3>\n\t<p>Et a maintenant des repr\u00e9sentants dans plus de 55 pays. Nous offrons non seulement une aide pratique et financi\u00e8re \u00e0 ceux qui veulent immigrer en Isra\u00ebl, mais nous proclamons \u00e9galement la v\u00e9rit\u00e9 \u00e0 l&rsquo;\u00c9glise dans le monde entier \u00e0 propos des desseins proph\u00e9tiques de Dieu concernant le peuple juif.<\/p>\n<h2>\n\t\t\tFaire un don pour le travail d&rsquo;Ebenezer\t<\/h2>\n\t\t\t<a href=\"https:\/\/ebenezer-oe.org\/fr\/faire-un-don\/\" target=\"_self\">\n\t\t\t\t\t\t\tFaire un don\n\t\t\t\t\t<\/a>\n<h2>\n\t\t\tN\u00e9 dans la pri\u00e9re\t<\/h2>\n\t<p>Depuis que Dieu a cr\u00e9\u00e9 cette organisation lors d&rsquo;une Conf\u00e9rence internationale de pri\u00e8re \u00e0 J\u00e9rusalem en 1991, la pri\u00e8re a toujours \u00e9t\u00e9 au c\u0153ur du minist\u00e8re, pas seulement la pri\u00e8re mais l&rsquo;intercession intense. Le Dr Kingsley Priddy du Coll\u00e8ge biblique du Pays de Galles, \u00e0 cette \u00e9poque, \u00e9crivit \u00e0 notre fondateur, Gustav Scheller, <em>&lsquo;L&rsquo;intercession n&rsquo;est pas la pri\u00e8re, pas m\u00eame la pri\u00e8re intense. Tout le monde peut prier, m\u00eame avec ferveur, pour un sujet, sans pour autant s&rsquo;engager \u00e0 \u00eatre \u00e0 tout prix responsable de son exaucement. L&rsquo;intercesseur l&rsquo;est.&rsquo;<\/em> Kingsley Priddy savait de quoi il parlait, car le Coll\u00e8ge biblique est le foyer de l&rsquo;un des intercesseurs les plus connus, Rees Howells, qui a \u00e9t\u00e9 puissamment utilis\u00e9 par Dieu pour interc\u00e9der lors d&rsquo;un des plus grands conflits strat\u00e9giques de la Seconde Guerre mondiale: la Bataille d&rsquo;Angleterre en 1940.<\/p>\n<p>Le personnel du Coll\u00e8ge biblique du Pays de Galles avait compris les plans proph\u00e9tiques de Dieu envers le peuple juif. Le Dr Priddy partagea \u00e0 Gustav Scheller: <em>&lsquo;Dieu, le Saint-Esprit, est dans Operation Exodus&rsquo;<\/em> d&rsquo;une fa\u00e7on particuli\u00e8re C&rsquo;est Son propre minist\u00e8re d&rsquo;intercession pour le retour en Isra\u00ebl des Juifs dispers\u00e9s dans le monde. \u00c0 travers ce minist\u00e8re, Il acquiert une position d&rsquo;intercession qui sera le plus important pour le retour des derniers Juifs qui seront ramen\u00e9s des quatre coins de la Terre&#8230;&rsquo;<\/p>\n\t\t\t<a href=\"https:\/\/ebenezer-oe.org\/fr\/contactez-nous\/\" target=\"_self\">\n\t\t\t\t\t\t\tDevenir un partenaire de pri\u00e8re\n\t\t\t\t\t<\/a>\n<h2>\n\t\t\tSouhaitez-vous faire votre Aliya?\t<\/h2>\n\t\t\t<a href=\"https:\/\/ebeneze-oe.org\/making-aliyah\/\" target=\"_self\">\n\t\t\t\t\t\t\tEn savoir plus\n\t\t\t\t\t<\/a>\n\n","protected":false},"excerpt":{"rendered":"<p>Aider \u00e0 ramener son peuple \u00e0 la maison Une organisation chr\u00e9tienne qui aide le peuple juif \u00e0 retourner en Isra\u00ebl. L&rsquo;aliya Notre \u0153uvre est centr\u00e9e sur le mot h\u00e9breu &#8211; &lsquo;Aliya&rsquo;. Il signifie litt\u00e9ralement &lsquo;monter&rsquo;. Pour se rendre \u00e0 J\u00e9rusalem, il est n\u00e9cessaire de &lsquo;monter&rsquo; dans les collines depuis le plat pays en bas. C&rsquo;est&hellip;<\/p>\n","protected":false},"author":1,"featured_media":0,"parent":0,"menu_order":0,"comment_status":"closed","ping_status":"closed","template":"","meta":{"footnotes":""},"class_list":["post-6498","page","type-page","status-publish","hentry"],"yoast_head":"<!-- This site is optimized with the Yoast SEO plugin v27.2 - https:\/\/yoast.com\/product\/yoast-seo-wordpress\/ -->\n<title>Accueil - Ebenezer Operation Exodus<\/title>\n<meta name=\"robots\" content=\"index, follow, max-snippet:-1, max-image-preview:large, max-video-preview:-1\" \/>\n<link rel=\"canonical\" href=\"https:\/\/ebenezer-oe.org\/fr\/\" \/>\n<meta property=\"og:locale\" content=\"fr_FR\" \/>\n<meta property=\"og:type\" content=\"article\" \/>\n<meta property=\"og:title\" content=\"Accueil - Ebenezer Operation Exodus\" \/>\n<meta property=\"og:description\" content=\"Aider \u00e0 ramener son peuple \u00e0 la maison Une organisation chr\u00e9tienne qui aide le peuple juif \u00e0 retourner en Isra\u00ebl. L&rsquo;aliya Notre \u0153uvre est centr\u00e9e sur le mot h\u00e9breu &#8211; &lsquo;Aliya&rsquo;. Il signifie litt\u00e9ralement &lsquo;monter&rsquo;. Pour se rendre \u00e0 J\u00e9rusalem, il est n\u00e9cessaire de &lsquo;monter&rsquo; dans les collines depuis le plat pays en bas. C&rsquo;est&hellip;\" \/>\n<meta property=\"og:url\" content=\"https:\/\/ebenezer-oe.org\/fr\/\" \/>\n<meta property=\"og:site_name\" content=\"Ebenezer Operation Exodus\" \/>\n<meta property=\"article:publisher\" content=\"https:\/\/www.facebook.com\/EbenezerInt\" \/>\n<meta property=\"article:modified_time\" content=\"2025-12-09T12:12:47+00:00\" \/>\n<meta property=\"og:image\" content=\"https:\/\/ebenezeroe.wpengine.com\/wp-content\/uploads\/2021\/04\/Untitled-design-24-1024x527.png\" \/>\n<meta name=\"twitter:card\" content=\"summary_large_image\" \/>\n<meta name=\"twitter:label1\" content=\"Dur\u00e9e de lecture estim\u00e9e\" \/>\n\t<meta name=\"twitter:data1\" content=\"6 minutes\" \/>\n<script type=\"application\/ld+json\" class=\"yoast-schema-graph\">{\"@context\":\"https:\/\/schema.org\",\"@graph\":[{\"@type\":\"WebPage\",\"@id\":\"https:\/\/ebenezer-oe.org\/fr\/\",\"url\":\"https:\/\/ebenezer-oe.org\/fr\/\",\"name\":\"Accueil - Ebenezer Operation Exodus\",\"isPartOf\":{\"@id\":\"https:\/\/ebenezer-oe.org\/#website\"},\"primaryImageOfPage\":{\"@id\":\"https:\/\/ebenezer-oe.org\/fr\/#primaryimage\"},\"image\":{\"@id\":\"https:\/\/ebenezer-oe.org\/fr\/#primaryimage\"},\"thumbnailUrl\":\"https:\/\/ebenezeroe.wpengine.com\/wp-content\/uploads\/2021\/04\/Untitled-design-24-1024x527.png\",\"datePublished\":\"2021-07-22T12:36:19+00:00\",\"dateModified\":\"2025-12-09T12:12:47+00:00\",\"breadcrumb\":{\"@id\":\"https:\/\/ebenezer-oe.org\/fr\/#breadcrumb\"},\"inLanguage\":\"fr-FR\",\"potentialAction\":[{\"@type\":\"ReadAction\",\"target\":[\"https:\/\/ebenezer-oe.org\/fr\/\"]}]},{\"@type\":\"ImageObject\",\"inLanguage\":\"fr-FR\",\"@id\":\"https:\/\/ebenezer-oe.org\/fr\/#primaryimage\",\"url\":\"https:\/\/ebenezeroe.wpengine.com\/wp-content\/uploads\/2021\/04\/Untitled-design-24-1024x527.png\",\"contentUrl\":\"https:\/\/ebenezeroe.wpengine.com\/wp-content\/uploads\/2021\/04\/Untitled-design-24-1024x527.png\"},{\"@type\":\"BreadcrumbList\",\"@id\":\"https:\/\/ebenezer-oe.org\/fr\/#breadcrumb\",\"itemListElement\":[{\"@type\":\"ListItem\",\"position\":1,\"name\":\"Home\",\"item\":\"https:\/\/ebenezer-oe.org\/fr\/\"},{\"@type\":\"ListItem\",\"position\":2,\"name\":\"Accueil\"}]},{\"@type\":\"WebSite\",\"@id\":\"https:\/\/ebenezer-oe.org\/#website\",\"url\":\"https:\/\/ebenezer-oe.org\/\",\"name\":\"Ebenezer - Operation Exodus\",\"description\":\"\",\"publisher\":{\"@id\":\"https:\/\/ebenezer-oe.org\/#organization\"},\"potentialAction\":[{\"@type\":\"SearchAction\",\"target\":{\"@type\":\"EntryPoint\",\"urlTemplate\":\"https:\/\/ebenezer-oe.org\/?s={search_term_string}\"},\"query-input\":{\"@type\":\"PropertyValueSpecification\",\"valueRequired\":true,\"valueName\":\"search_term_string\"}}],\"inLanguage\":\"fr-FR\"},{\"@type\":\"Organization\",\"@id\":\"https:\/\/ebenezer-oe.org\/#organization\",\"name\":\"Ebenezer - Operation Exodus\",\"url\":\"https:\/\/ebenezer-oe.org\/\",\"logo\":{\"@type\":\"ImageObject\",\"inLanguage\":\"fr-FR\",\"@id\":\"https:\/\/ebenezer-oe.org\/#\/schema\/logo\/image\/\",\"url\":\"https:\/\/ebenezeroe.wpengine.com\/wp-content\/uploads\/2020\/09\/Logo_EOE_EN_Colour-Horizontal.png\",\"contentUrl\":\"https:\/\/ebenezeroe.wpengine.com\/wp-content\/uploads\/2020\/09\/Logo_EOE_EN_Colour-Horizontal.png\",\"width\":1922,\"height\":928,\"caption\":\"Ebenezer - Operation Exodus\"},\"image\":{\"@id\":\"https:\/\/ebenezer-oe.org\/#\/schema\/logo\/image\/\"},\"sameAs\":[\"https:\/\/www.facebook.com\/EbenezerInt\",\"https:\/\/www.instagram.com\/ebenezer_oe_eng\/\",\"https:\/\/www.youtube.com\/channel\/UC6qGHrKKeamFVz95Vd8LR1g\"]}]}<\/script>\n<!-- \/ Yoast SEO plugin. -->","yoast_head_json":{"title":"Accueil - Ebenezer Operation Exodus","robots":{"index":"index","follow":"follow","max-snippet":"max-snippet:-1","max-image-preview":"max-image-preview:large","max-video-preview":"max-video-preview:-1"},"canonical":"https:\/\/ebenezer-oe.org\/fr\/","og_locale":"fr_FR","og_type":"article","og_title":"Accueil - Ebenezer Operation Exodus","og_description":"Aider \u00e0 ramener son peuple \u00e0 la maison Une organisation chr\u00e9tienne qui aide le peuple juif \u00e0 retourner en Isra\u00ebl. L&rsquo;aliya Notre \u0153uvre est centr\u00e9e sur le mot h\u00e9breu &#8211; &lsquo;Aliya&rsquo;. Il signifie litt\u00e9ralement &lsquo;monter&rsquo;. Pour se rendre \u00e0 J\u00e9rusalem, il est n\u00e9cessaire de &lsquo;monter&rsquo; dans les collines depuis le plat pays en bas. C&rsquo;est&hellip;","og_url":"https:\/\/ebenezer-oe.org\/fr\/","og_site_name":"Ebenezer Operation Exodus","article_publisher":"https:\/\/www.facebook.com\/EbenezerInt","article_modified_time":"2025-12-09T12:12:47+00:00","og_image":[{"url":"https:\/\/ebenezeroe.wpengine.com\/wp-content\/uploads\/2021\/04\/Untitled-design-24-1024x527.png","type":"","width":"","height":""}],"twitter_card":"summary_large_image","twitter_misc":{"Dur\u00e9e de lecture estim\u00e9e":"6 minutes"},"schema":{"@context":"https:\/\/schema.org","@graph":[{"@type":"WebPage","@id":"https:\/\/ebenezer-oe.org\/fr\/","url":"https:\/\/ebenezer-oe.org\/fr\/","name":"Accueil - Ebenezer Operation Exodus","isPartOf":{"@id":"https:\/\/ebenezer-oe.org\/#website"},"primaryImageOfPage":{"@id":"https:\/\/ebenezer-oe.org\/fr\/#primaryimage"},"image":{"@id":"https:\/\/ebenezer-oe.org\/fr\/#primaryimage"},"thumbnailUrl":"https:\/\/ebenezeroe.wpengine.com\/wp-content\/uploads\/2021\/04\/Untitled-design-24-1024x527.png","datePublished":"2021-07-22T12:36:19+00:00","dateModified":"2025-12-09T12:12:47+00:00","breadcrumb":{"@id":"https:\/\/ebenezer-oe.org\/fr\/#breadcrumb"},"inLanguage":"fr-FR","potentialAction":[{"@type":"ReadAction","target":["https:\/\/ebenezer-oe.org\/fr\/"]}]},{"@type":"ImageObject","inLanguage":"fr-FR","@id":"https:\/\/ebenezer-oe.org\/fr\/#primaryimage","url":"https:\/\/ebenezeroe.wpengine.com\/wp-content\/uploads\/2021\/04\/Untitled-design-24-1024x527.png","contentUrl":"https:\/\/ebenezeroe.wpengine.com\/wp-content\/uploads\/2021\/04\/Untitled-design-24-1024x527.png"},{"@type":"BreadcrumbList","@id":"https:\/\/ebenezer-oe.org\/fr\/#breadcrumb","itemListElement":[{"@type":"ListItem","position":1,"name":"Home","item":"https:\/\/ebenezer-oe.org\/fr\/"},{"@type":"ListItem","position":2,"name":"Accueil"}]},{"@type":"WebSite","@id":"https:\/\/ebenezer-oe.org\/#website","url":"https:\/\/ebenezer-oe.org\/","name":"Ebenezer - Operation Exodus","description":"","publisher":{"@id":"https:\/\/ebenezer-oe.org\/#organization"},"potentialAction":[{"@type":"SearchAction","target":{"@type":"EntryPoint","urlTemplate":"https:\/\/ebenezer-oe.org\/?s={search_term_string}"},"query-input":{"@type":"PropertyValueSpecification","valueRequired":true,"valueName":"search_term_string"}}],"inLanguage":"fr-FR"},{"@type":"Organization","@id":"https:\/\/ebenezer-oe.org\/#organization","name":"Ebenezer - Operation Exodus","url":"https:\/\/ebenezer-oe.org\/","logo":{"@type":"ImageObject","inLanguage":"fr-FR","@id":"https:\/\/ebenezer-oe.org\/#\/schema\/logo\/image\/","url":"https:\/\/ebenezeroe.wpengine.com\/wp-content\/uploads\/2020\/09\/Logo_EOE_EN_Colour-Horizontal.png","contentUrl":"https:\/\/ebenezeroe.wpengine.com\/wp-content\/uploads\/2020\/09\/Logo_EOE_EN_Colour-Horizontal.png","width":1922,"height":928,"caption":"Ebenezer - Operation Exodus"},"image":{"@id":"https:\/\/ebenezer-oe.org\/#\/schema\/logo\/image\/"},"sameAs":["https:\/\/www.facebook.com\/EbenezerInt","https:\/\/www.instagram.com\/ebenezer_oe_eng\/","https:\/\/www.youtube.com\/channel\/UC6qGHrKKeamFVz95Vd8LR1g"]}]}},"_links":{"self":[{"href":"https:\/\/ebenezer-oe.org\/fr\/wp-json\/wp\/v2\/pages\/6498","targetHints":{"allow":["GET"]}}],"collection":[{"href":"https:\/\/ebenezer-oe.org\/fr\/wp-json\/wp\/v2\/pages"}],"about":[{"href":"https:\/\/ebenezer-oe.org\/fr\/wp-json\/wp\/v2\/types\/page"}],"author":[{"embeddable":true,"href":"https:\/\/ebenezer-oe.org\/fr\/wp-json\/wp\/v2\/users\/1"}],"replies":[{"embeddable":true,"href":"https:\/\/ebenezer-oe.org\/fr\/wp-json\/wp\/v2\/comments?post=6498"}],"version-history":[{"count":0,"href":"https:\/\/ebenezer-oe.org\/fr\/wp-json\/wp\/v2\/pages\/6498\/revisions"}],"wp:attachment":[{"href":"https:\/\/ebenezer-oe.org\/fr\/wp-json\/wp\/v2\/media?parent=6498"}],"curies":[{"name":"wp","href":"https:\/\/api.w.org\/{rel}","templated":true}]}}