{"id":6822,"date":"2021-07-22T12:58:04","date_gmt":"2021-07-22T12:58:04","guid":{"rendered":"https:\/\/ebenezer-oe.org\/faire-laliya\/"},"modified":"2023-07-25T13:28:22","modified_gmt":"2023-07-25T13:28:22","slug":"faire-laliya","status":"publish","type":"page","link":"https:\/\/ebenezer-oe.org\/fr\/faire-laliya\/","title":{"rendered":"Faire l\u2019Aliya"},"content":{"rendered":"\n<h2>\n\t\tFaire l&rsquo;Aliya\n\t<\/h2>\n\t<p><b>Vous aider \u00e0 rentrer \u00e0 la maison.<\/b><\/p>\n\t<p>Depuis 1991, nous avons aid\u00e9 plus de 200&rsquo;000 Olim \u00e0 faire leur Aliya depuis diff\u00e9rentes nations du monde.<\/p>\n<p>Nous sommes ici pour rendre le processus d&rsquo;Aliya le plus agr\u00e9able possible.<\/p>\n<p>&nbsp;<\/p>\n\t<p>Dans l&rsquo;ex-Union sovi\u00e9tique et d&rsquo;autres nations, nos \u00e9quipes cherchent et encouragent le peuple juif \u00e0 rentrer en Isra\u00ebl en accomplissant la proph\u00e9tie biblique. Nous partageons les \u00c9critures concernant les alliances de Dieu et Ses promesses envers eux. Nous apportons du soutien, de l&rsquo;espoir, de l&rsquo;aide pratique et parfois un soutien financier.<\/p>\n\t\t\t<a href=\"https:\/\/ebenezer-oe.org\/fr\/contactez-nous\/\" target=\"_self\" rel=\"noopener\">\n\t\t\t\t\t\t\tJe souhaite avoir plus d&rsquo;informations\n\t\t\t\t\t<\/a>\n\t<p><i>&lsquo;Chaque Juif a le droit de venir dans ce pays en tant qu&rsquo;Oleh&rsquo;<\/i><\/p>\n<p><b><\/b><i>&#8211; <\/i>Loi du Retour, Gouvernement isra\u00e9lien, 1950.<\/p>\n\t<p>Pour les Olim candidats:<\/p>\n<h2>\n\t\tMaison de Haifa\n\t<\/h2>\n\t<p>Le processus de demande d&rsquo;Aliya exige que vous ayez une adresse de r\u00e9sidence en Isra\u00ebl avant votre arriv\u00e9e. Notre maison pour les Olim \u00e0 Ha\u00effa, dans le nord d&rsquo;Isra\u00ebl, offre aux nouveaux immigrants un premier h\u00e9bergement.<\/p>\n<p>Nous sommes ici pour vous aider tout au long de votre Aliya en offrant une aide pratique. Notre aide est adapt\u00e9e \u00e0 vos besoins et \u00e0 notre capacit\u00e9 \u00e0 vous aider. Merci de remplir le formulaire de contact ci-dessous et nous vous mettrons en contact avec une personne de votre nation.<\/p>\n\t\t\t<a href=\"https:\/\/ebenezer-oe.org\/fr\/contactez-nous\/\" target=\"_self\" rel=\"noopener\">\n\t\t\t\t\t\t\tEn savoir plus\n\t\t\t\t\t<\/a>\n\t<iframe title=\"Do you want to make Aliyah? | Haifa House\" width=\"500\" height=\"281\" data-src=\"https:\/\/www.youtube.com\/embed\/chtVyv24xYc?feature=oembed\" frameborder=\"0\" allow=\"accelerometer; autoplay; clipboard-write; encrypted-media; gyroscope; picture-in-picture\" allowfullscreen src=\"data:image\/svg+xml;base64,PHN2ZyB3aWR0aD0iMSIgaGVpZ2h0PSIxIiB4bWxucz0iaHR0cDovL3d3dy53My5vcmcvMjAwMC9zdmciPjwvc3ZnPg==\" class=\"lazyload\" data-load-mode=\"1\"><\/iframe>\n\t<p><em>&lsquo;Sois sans crainte, car je suis avec toi; Je ram\u00e8nerai de l&rsquo;orient ta descendance Et je te rassemblerai de l&rsquo;occident. Je dirai au nord, \u00ab\u00a0Donne!\u00a0\u00bb Et au sud: Ne retiens pas! \u00ab\u00a0Fais venir mes fils de loin Et mes filles de l&rsquo;extr\u00e9mit\u00e9 de la terre, Quiconque s&rsquo;appelle de mon nom, Et que pour ma gloire j&rsquo;ai cr\u00e9\u00e9, form\u00e9 et fait&#8230;\u00a0\u00bb <\/em><\/p>\n<p>Esa\u00efe 43:5-7a<\/p>\n<h2>\n\t\tSouhaitez-vous davantage d&rsquo;informations?\n\t<\/h2>\n\t<p>Contactez-nous d\u00e8s aujourd&rsquo;hui pour obtenir plus de renseignements \u00e0 propos de l&rsquo;Aliya.<\/p>\n\t\t\t<a href=\"https:\/\/ebenezer-oe.org\/fr\/contactez-nous\/\" target=\"_self\" rel=\"noopener\">\n\t\t\t\t\t\t\tJe souhaite avoir plus d&rsquo;informations\n\t\t\t\t\t<\/a>\n<h2>\n\t\tT\u00e9moignages\n\t<\/h2>\n\t\t\t\t<img decoding=\"async\" data-src=\"https:\/\/ebenezeroe.wpengine.com\/wp-content\/uploads\/2021\/05\/46.png\" alt=\"46\" itemprop=\"image\" title=\"46\" onerror=\"this.style.display='none'\" src=\"data:image\/svg+xml;base64,PHN2ZyB3aWR0aD0iMSIgaGVpZ2h0PSIxIiB4bWxucz0iaHR0cDovL3d3dy53My5vcmcvMjAwMC9zdmciPjwvc3ZnPg==\" class=\"lazyload\" \/>\n\t<p>Shayan<\/p>\n\t<p>\u00c9tats-Unis<\/p>\n\t<p><i>\u00ab\u00a0Il n&rsquo;y a pas d&rsquo;endroit o\u00f9 je ne me sente plus spirituellement connect\u00e9, plus \u00e9motionnellement pure et conduit. Il n&rsquo;y a pas d&rsquo;endroit comme la maison. Je fais ma mission d&rsquo;encourager chaque personne juive que je connais \u00e0 actualiser le r\u00eave de faire l&rsquo;Aliya, de retourner en Isra\u00ebl pour \u00e9crire ensemble le prochain chapitre de l&rsquo;histoire de notre peuple &#8230; J&rsquo;ai h\u00e2te de rentrer sur la terre \u00e0 laquelle mon coeur, mon corps et mon \u00e2me appartiennent et de fonder un foyer en Eretz Isra\u00ebl. Le peuple juif n&rsquo;a jamais \u00e9t\u00e9 aussi bien et aussi en vie!\u00a0\u00bb<\/i><\/p>\n\t\t\t\t<img decoding=\"async\" data-src=\"https:\/\/ebenezeroe.wpengine.com\/wp-content\/uploads\/2021\/05\/47.png\" alt=\"47\" itemprop=\"image\" title=\"47\" onerror=\"this.style.display='none'\" src=\"data:image\/svg+xml;base64,PHN2ZyB3aWR0aD0iMSIgaGVpZ2h0PSIxIiB4bWxucz0iaHR0cDovL3d3dy53My5vcmcvMjAwMC9zdmciPjwvc3ZnPg==\" class=\"lazyload\" \/>\n\tBoris et Tamara<strong><br \/>\n<\/strong>\n\t<p>G\u00e9orgia<\/p>\n\t<p><i>Notre fils a servi dans l&rsquo;arm\u00e9e, [Israeli Defense Force], a fini ses \u00e9tudes, s&rsquo;est mari\u00e9 et a maintenant une famille Nous souhaitons ardemment vivre le reste de notre vie pr\u00e8s de notre fils et de nos petits-enfants et Ebenezer Operation Exodus nous y aide. Nous sommes si reconnaissants pour le travail qu&rsquo;ils font en aidant d&rsquo;autres Olim et pour notre relation de longue date avec eux. Nous sommes tellement enthousiastes, car maintenant c&rsquo;est notre tour. Nous avons h\u00e2te!\u00a0\u00bb<\/i><\/p>\n\t\t\t\t<img decoding=\"async\" data-src=\"https:\/\/ebenezeroe.wpengine.com\/wp-content\/uploads\/2021\/05\/48.png\" alt=\"48\" itemprop=\"image\" title=\"48\" onerror=\"this.style.display='none'\" src=\"data:image\/svg+xml;base64,PHN2ZyB3aWR0aD0iMSIgaGVpZ2h0PSIxIiB4bWxucz0iaHR0cDovL3d3dy53My5vcmcvMjAwMC9zdmciPjwvc3ZnPg==\" class=\"lazyload\" \/>\n\tSaray<strong><br \/>\n<\/strong>\n\t<p>Colombie<\/p>\n\t<p>\u00ab\u00a0Ma famille m&rsquo;a enseign\u00e9 qu&rsquo;Isra\u00ebl \u00e9tait ma nation, et que la Colombie m&rsquo;a \u00e9lev\u00e9e et m&rsquo;a montr\u00e9 o\u00f9 aller et que je ne ressentirais pas de frustrations lorsque le retour en Isra\u00ebl deviendrait difficile, que cela devait arriver au bon moment. Tout ce que j&rsquo;ai fait en Colombie, je l&rsquo;ai fait en pensant \u00e0 l&rsquo;Aliya. D&rsquo;une fa\u00e7on incroyable, Ebenezer Operation Exodus est apparu et nous a donn\u00e9 tout le soutien qu&rsquo;il nous manquait, particuli\u00e8rement les nombreux trajets et les conditions sp\u00e9ciales requises pour rendre le voyage plus s\u00fbr pour ma grand-m\u00e8re de 93 ans!\u00a0\u00bb<\/p>\n\t\t\t\t<img decoding=\"async\" data-src=\"https:\/\/ebenezeroe.wpengine.com\/wp-content\/uploads\/2021\/05\/45.png\" alt=\"45\" itemprop=\"image\" title=\"45\" onerror=\"this.style.display='none'\" src=\"data:image\/svg+xml;base64,PHN2ZyB3aWR0aD0iMSIgaGVpZ2h0PSIxIiB4bWxucz0iaHR0cDovL3d3dy53My5vcmcvMjAwMC9zdmciPjwvc3ZnPg==\" class=\"lazyload\" \/>\n\tJerret et sa famille<strong><br \/>\n<\/strong>\n\t<p>\u00c9tats-Unis<\/p>\n\t<p><i>\u00ab\u00a0<\/i>Tant de choses \u00e0 penser!! Nous faisons notre Aliya car nous croyons que c&rsquo;est une obligation d&rsquo;aller en Isra\u00ebl. Nous n&rsquo;aurons pas tout le confort que nous avons &#8230; Nous n&rsquo;aurons pas le m\u00eame r\u00e9seau de soutien, etc. Mais c&rsquo;est la bonne chose \u00e0 faire: \u00eatre avec nos \u00abfr\u00e8res\u00bb et nos \u00absoeurs\u00bb sur notre Terre Sainte, en respirant toute la spiritualit\u00e9 et l&rsquo;histoire riche de notre pays en se connectant avec notre terre, \u00abune terre vivante\u00bb, que nous croyons avoir la capacit\u00e9 incroyable de nous \u00e9lever \u00e0 des niveaux spirituels \u00e9lev\u00e9s.\u00a0\u00bb<\/p>\n\n","protected":false},"excerpt":{"rendered":"<p>Faire l&rsquo;Aliya Vous aider \u00e0 rentrer \u00e0 la maison. Depuis 1991, nous avons aid\u00e9 plus de 200&rsquo;000 Olim \u00e0 faire leur Aliya depuis diff\u00e9rentes nations du monde. Nous sommes ici pour rendre le processus d&rsquo;Aliya le plus agr\u00e9able possible. &nbsp; Dans l&rsquo;ex-Union sovi\u00e9tique et d&rsquo;autres nations, nos \u00e9quipes cherchent et encouragent le peuple juif \u00e0&hellip;<\/p>\n","protected":false},"author":1,"featured_media":0,"parent":0,"menu_order":0,"comment_status":"closed","ping_status":"closed","template":"","meta":{"footnotes":""},"class_list":["post-6822","page","type-page","status-publish","hentry"],"yoast_head":"<!-- This site is optimized with the Yoast SEO plugin v27.4 - https:\/\/yoast.com\/product\/yoast-seo-wordpress\/ -->\n<title>Faire l\u2019Aliya - Ebenezer Operation Exodus<\/title>\n<meta name=\"robots\" content=\"index, follow, max-snippet:-1, max-image-preview:large, max-video-preview:-1\" \/>\n<link rel=\"canonical\" href=\"https:\/\/ebenezer-oe.org\/fr\/faire-laliya\/\" \/>\n<meta property=\"og:locale\" content=\"fr_FR\" \/>\n<meta property=\"og:type\" content=\"article\" \/>\n<meta property=\"og:title\" content=\"Faire l\u2019Aliya - Ebenezer Operation Exodus\" \/>\n<meta property=\"og:description\" content=\"Faire l&rsquo;Aliya Vous aider \u00e0 rentrer \u00e0 la maison. Depuis 1991, nous avons aid\u00e9 plus de 200&rsquo;000 Olim \u00e0 faire leur Aliya depuis diff\u00e9rentes nations du monde. Nous sommes ici pour rendre le processus d&rsquo;Aliya le plus agr\u00e9able possible. &nbsp; Dans l&rsquo;ex-Union sovi\u00e9tique et d&rsquo;autres nations, nos \u00e9quipes cherchent et encouragent le peuple juif \u00e0&hellip;\" \/>\n<meta property=\"og:url\" content=\"https:\/\/ebenezer-oe.org\/fr\/faire-laliya\/\" \/>\n<meta property=\"og:site_name\" content=\"Ebenezer Operation Exodus\" \/>\n<meta property=\"article:publisher\" content=\"https:\/\/www.facebook.com\/EbenezerInt\" \/>\n<meta property=\"article:modified_time\" content=\"2023-07-25T13:28:22+00:00\" \/>\n<meta property=\"og:image\" content=\"https:\/\/ebenezeroe.wpengine.com\/wp-content\/uploads\/2021\/05\/46.png\" \/>\n<meta name=\"twitter:card\" content=\"summary_large_image\" \/>\n<meta name=\"twitter:label1\" content=\"Dur\u00e9e de lecture estim\u00e9e\" \/>\n\t<meta name=\"twitter:data1\" content=\"3 minutes\" \/>\n<script type=\"application\/ld+json\" class=\"yoast-schema-graph\">{\"@context\":\"https:\\\/\\\/schema.org\",\"@graph\":[{\"@type\":\"WebPage\",\"@id\":\"https:\\\/\\\/ebenezer-oe.org\\\/fr\\\/faire-laliya\\\/\",\"url\":\"https:\\\/\\\/ebenezer-oe.org\\\/fr\\\/faire-laliya\\\/\",\"name\":\"Faire l\u2019Aliya - Ebenezer Operation Exodus\",\"isPartOf\":{\"@id\":\"https:\\\/\\\/ebenezer-oe.org\\\/#website\"},\"primaryImageOfPage\":{\"@id\":\"https:\\\/\\\/ebenezer-oe.org\\\/fr\\\/faire-laliya\\\/#primaryimage\"},\"image\":{\"@id\":\"https:\\\/\\\/ebenezer-oe.org\\\/fr\\\/faire-laliya\\\/#primaryimage\"},\"thumbnailUrl\":\"https:\\\/\\\/ebenezeroe.wpengine.com\\\/wp-content\\\/uploads\\\/2021\\\/05\\\/46.png\",\"datePublished\":\"2021-07-22T12:58:04+00:00\",\"dateModified\":\"2023-07-25T13:28:22+00:00\",\"breadcrumb\":{\"@id\":\"https:\\\/\\\/ebenezer-oe.org\\\/fr\\\/faire-laliya\\\/#breadcrumb\"},\"inLanguage\":\"fr-FR\",\"potentialAction\":[{\"@type\":\"ReadAction\",\"target\":[\"https:\\\/\\\/ebenezer-oe.org\\\/fr\\\/faire-laliya\\\/\"]}]},{\"@type\":\"ImageObject\",\"inLanguage\":\"fr-FR\",\"@id\":\"https:\\\/\\\/ebenezer-oe.org\\\/fr\\\/faire-laliya\\\/#primaryimage\",\"url\":\"https:\\\/\\\/ebenezeroe.wpengine.com\\\/wp-content\\\/uploads\\\/2021\\\/05\\\/46.png\",\"contentUrl\":\"https:\\\/\\\/ebenezeroe.wpengine.com\\\/wp-content\\\/uploads\\\/2021\\\/05\\\/46.png\"},{\"@type\":\"BreadcrumbList\",\"@id\":\"https:\\\/\\\/ebenezer-oe.org\\\/fr\\\/faire-laliya\\\/#breadcrumb\",\"itemListElement\":[{\"@type\":\"ListItem\",\"position\":1,\"name\":\"Home\",\"item\":\"https:\\\/\\\/ebenezer-oe.org\\\/fr\\\/\"},{\"@type\":\"ListItem\",\"position\":2,\"name\":\"Faire l\u2019Aliya\"}]},{\"@type\":\"WebSite\",\"@id\":\"https:\\\/\\\/ebenezer-oe.org\\\/#website\",\"url\":\"https:\\\/\\\/ebenezer-oe.org\\\/\",\"name\":\"Ebenezer - Operation Exodus\",\"description\":\"\",\"publisher\":{\"@id\":\"https:\\\/\\\/ebenezer-oe.org\\\/#organization\"},\"potentialAction\":[{\"@type\":\"SearchAction\",\"target\":{\"@type\":\"EntryPoint\",\"urlTemplate\":\"https:\\\/\\\/ebenezer-oe.org\\\/?s={search_term_string}\"},\"query-input\":{\"@type\":\"PropertyValueSpecification\",\"valueRequired\":true,\"valueName\":\"search_term_string\"}}],\"inLanguage\":\"fr-FR\"},{\"@type\":\"Organization\",\"@id\":\"https:\\\/\\\/ebenezer-oe.org\\\/#organization\",\"name\":\"Ebenezer - Operation Exodus\",\"url\":\"https:\\\/\\\/ebenezer-oe.org\\\/\",\"logo\":{\"@type\":\"ImageObject\",\"inLanguage\":\"fr-FR\",\"@id\":\"https:\\\/\\\/ebenezer-oe.org\\\/#\\\/schema\\\/logo\\\/image\\\/\",\"url\":\"https:\\\/\\\/ebenezeroe.wpengine.com\\\/wp-content\\\/uploads\\\/2020\\\/09\\\/Logo_EOE_EN_Colour-Horizontal.png\",\"contentUrl\":\"https:\\\/\\\/ebenezeroe.wpengine.com\\\/wp-content\\\/uploads\\\/2020\\\/09\\\/Logo_EOE_EN_Colour-Horizontal.png\",\"width\":1922,\"height\":928,\"caption\":\"Ebenezer - Operation Exodus\"},\"image\":{\"@id\":\"https:\\\/\\\/ebenezer-oe.org\\\/#\\\/schema\\\/logo\\\/image\\\/\"},\"sameAs\":[\"https:\\\/\\\/www.facebook.com\\\/EbenezerInt\",\"https:\\\/\\\/www.instagram.com\\\/ebenezer_oe_eng\\\/\",\"https:\\\/\\\/www.youtube.com\\\/channel\\\/UC6qGHrKKeamFVz95Vd8LR1g\"]}]}<\/script>\n<!-- \/ Yoast SEO plugin. -->","yoast_head_json":{"title":"Faire l\u2019Aliya - Ebenezer Operation Exodus","robots":{"index":"index","follow":"follow","max-snippet":"max-snippet:-1","max-image-preview":"max-image-preview:large","max-video-preview":"max-video-preview:-1"},"canonical":"https:\/\/ebenezer-oe.org\/fr\/faire-laliya\/","og_locale":"fr_FR","og_type":"article","og_title":"Faire l\u2019Aliya - Ebenezer Operation Exodus","og_description":"Faire l&rsquo;Aliya Vous aider \u00e0 rentrer \u00e0 la maison. Depuis 1991, nous avons aid\u00e9 plus de 200&rsquo;000 Olim \u00e0 faire leur Aliya depuis diff\u00e9rentes nations du monde. Nous sommes ici pour rendre le processus d&rsquo;Aliya le plus agr\u00e9able possible. &nbsp; Dans l&rsquo;ex-Union sovi\u00e9tique et d&rsquo;autres nations, nos \u00e9quipes cherchent et encouragent le peuple juif \u00e0&hellip;","og_url":"https:\/\/ebenezer-oe.org\/fr\/faire-laliya\/","og_site_name":"Ebenezer Operation Exodus","article_publisher":"https:\/\/www.facebook.com\/EbenezerInt","article_modified_time":"2023-07-25T13:28:22+00:00","og_image":[{"url":"https:\/\/ebenezeroe.wpengine.com\/wp-content\/uploads\/2021\/05\/46.png","type":"","width":"","height":""}],"twitter_card":"summary_large_image","twitter_misc":{"Dur\u00e9e de lecture estim\u00e9e":"3 minutes"},"schema":{"@context":"https:\/\/schema.org","@graph":[{"@type":"WebPage","@id":"https:\/\/ebenezer-oe.org\/fr\/faire-laliya\/","url":"https:\/\/ebenezer-oe.org\/fr\/faire-laliya\/","name":"Faire l\u2019Aliya - Ebenezer Operation Exodus","isPartOf":{"@id":"https:\/\/ebenezer-oe.org\/#website"},"primaryImageOfPage":{"@id":"https:\/\/ebenezer-oe.org\/fr\/faire-laliya\/#primaryimage"},"image":{"@id":"https:\/\/ebenezer-oe.org\/fr\/faire-laliya\/#primaryimage"},"thumbnailUrl":"https:\/\/ebenezeroe.wpengine.com\/wp-content\/uploads\/2021\/05\/46.png","datePublished":"2021-07-22T12:58:04+00:00","dateModified":"2023-07-25T13:28:22+00:00","breadcrumb":{"@id":"https:\/\/ebenezer-oe.org\/fr\/faire-laliya\/#breadcrumb"},"inLanguage":"fr-FR","potentialAction":[{"@type":"ReadAction","target":["https:\/\/ebenezer-oe.org\/fr\/faire-laliya\/"]}]},{"@type":"ImageObject","inLanguage":"fr-FR","@id":"https:\/\/ebenezer-oe.org\/fr\/faire-laliya\/#primaryimage","url":"https:\/\/ebenezeroe.wpengine.com\/wp-content\/uploads\/2021\/05\/46.png","contentUrl":"https:\/\/ebenezeroe.wpengine.com\/wp-content\/uploads\/2021\/05\/46.png"},{"@type":"BreadcrumbList","@id":"https:\/\/ebenezer-oe.org\/fr\/faire-laliya\/#breadcrumb","itemListElement":[{"@type":"ListItem","position":1,"name":"Home","item":"https:\/\/ebenezer-oe.org\/fr\/"},{"@type":"ListItem","position":2,"name":"Faire l\u2019Aliya"}]},{"@type":"WebSite","@id":"https:\/\/ebenezer-oe.org\/#website","url":"https:\/\/ebenezer-oe.org\/","name":"Ebenezer - Operation Exodus","description":"","publisher":{"@id":"https:\/\/ebenezer-oe.org\/#organization"},"potentialAction":[{"@type":"SearchAction","target":{"@type":"EntryPoint","urlTemplate":"https:\/\/ebenezer-oe.org\/?s={search_term_string}"},"query-input":{"@type":"PropertyValueSpecification","valueRequired":true,"valueName":"search_term_string"}}],"inLanguage":"fr-FR"},{"@type":"Organization","@id":"https:\/\/ebenezer-oe.org\/#organization","name":"Ebenezer - Operation Exodus","url":"https:\/\/ebenezer-oe.org\/","logo":{"@type":"ImageObject","inLanguage":"fr-FR","@id":"https:\/\/ebenezer-oe.org\/#\/schema\/logo\/image\/","url":"https:\/\/ebenezeroe.wpengine.com\/wp-content\/uploads\/2020\/09\/Logo_EOE_EN_Colour-Horizontal.png","contentUrl":"https:\/\/ebenezeroe.wpengine.com\/wp-content\/uploads\/2020\/09\/Logo_EOE_EN_Colour-Horizontal.png","width":1922,"height":928,"caption":"Ebenezer - Operation Exodus"},"image":{"@id":"https:\/\/ebenezer-oe.org\/#\/schema\/logo\/image\/"},"sameAs":["https:\/\/www.facebook.com\/EbenezerInt","https:\/\/www.instagram.com\/ebenezer_oe_eng\/","https:\/\/www.youtube.com\/channel\/UC6qGHrKKeamFVz95Vd8LR1g"]}]}},"_links":{"self":[{"href":"https:\/\/ebenezer-oe.org\/fr\/wp-json\/wp\/v2\/pages\/6822","targetHints":{"allow":["GET"]}}],"collection":[{"href":"https:\/\/ebenezer-oe.org\/fr\/wp-json\/wp\/v2\/pages"}],"about":[{"href":"https:\/\/ebenezer-oe.org\/fr\/wp-json\/wp\/v2\/types\/page"}],"author":[{"embeddable":true,"href":"https:\/\/ebenezer-oe.org\/fr\/wp-json\/wp\/v2\/users\/1"}],"replies":[{"embeddable":true,"href":"https:\/\/ebenezer-oe.org\/fr\/wp-json\/wp\/v2\/comments?post=6822"}],"version-history":[{"count":0,"href":"https:\/\/ebenezer-oe.org\/fr\/wp-json\/wp\/v2\/pages\/6822\/revisions"}],"wp:attachment":[{"href":"https:\/\/ebenezer-oe.org\/fr\/wp-json\/wp\/v2\/media?parent=6822"}],"curies":[{"name":"wp","href":"https:\/\/api.w.org\/{rel}","templated":true}]}}