{"id":69081,"date":"2022-08-25T14:44:34","date_gmt":"2022-08-25T14:44:34","guid":{"rendered":"https:\/\/ebenezer-oe.org\/ressources\/"},"modified":"2026-03-03T08:13:09","modified_gmt":"2026-03-03T08:13:09","slug":"ressources","status":"publish","type":"page","link":"https:\/\/ebenezer-oe.org\/fr\/ressources\/","title":{"rendered":"Ressources"},"content":{"rendered":"\n<h1>\n\t\t\tBienvenue dans la biblioth\u00e8que d&rsquo;Ebenezer Operation Exodus\t<\/h1>\n\t<p>Vous trouverez ci-dessous nos derni\u00e8res vid\u00e9os et nos bulletins r\u00e9cents ainsi que d&rsquo;autres outils en lien avec le travail d&rsquo;Ebenezer Operation Exodus.<\/p>\n<figure itemscope itemtype=\"https:\/\/schema.org\/ImageObject\">\n\t\t\t\t<img decoding=\"async\" data-src=\"https:\/\/ebenezeroe.wpengine.com\/wp-content\/uploads\/2021\/05\/Untitled-design-42.png\" alt=\"Untitled design-42\" title=\"Untitled design-42\" onerror=\"this.style.display='none'\" src=\"data:image\/svg+xml;base64,PHN2ZyB3aWR0aD0iMSIgaGVpZ2h0PSIxIiB4bWxucz0iaHR0cDovL3d3dy53My5vcmcvMjAwMC9zdmciPjwvc3ZnPg==\" class=\"lazyload\" \/>\n\t<\/figure>\n\t<h2>Vid\u00e9os<\/h2>\n\t\t<iframe title=\"Who are we? | Ebenezer Operation Exodus\" width=\"500\" height=\"281\" data-src=\"https:\/\/www.youtube.com\/embed\/mT91WK9Zkco?feature=oembed\" frameborder=\"0\" allow=\"accelerometer; autoplay; clipboard-write; encrypted-media; gyroscope; picture-in-picture; web-share\" referrerpolicy=\"strict-origin-when-cross-origin\" allowfullscreen src=\"data:image\/svg+xml;base64,PHN2ZyB3aWR0aD0iMSIgaGVpZ2h0PSIxIiB4bWxucz0iaHR0cDovL3d3dy53My5vcmcvMjAwMC9zdmciPjwvc3ZnPg==\" class=\"lazyload\" data-load-mode=\"1\"><\/iframe>\t\n\t\t<iframe title=\"Aliyah News\" width=\"500\" height=\"281\" data-src=\"https:\/\/www.youtube.com\/embed\/videoseries?list=PLV10FbimCWVAr5AFXYLU2PY-R4DDnnrTG\" frameborder=\"0\" allow=\"accelerometer; autoplay; clipboard-write; encrypted-media; gyroscope; picture-in-picture; web-share\" referrerpolicy=\"strict-origin-when-cross-origin\" allowfullscreen src=\"data:image\/svg+xml;base64,PHN2ZyB3aWR0aD0iMSIgaGVpZ2h0PSIxIiB4bWxucz0iaHR0cDovL3d3dy53My5vcmcvMjAwMC9zdmciPjwvc3ZnPg==\" class=\"lazyload\" data-load-mode=\"1\"><\/iframe>\t\n\t\t<iframe width=\"560\" height=\"315\" data-src=\"https:\/\/www.youtube-nocookie.com\/embed\/KQas3wmXdUU\" frameborder=\"0\" allow=\"accelerometer; autoplay; clipboard-write; encrypted-media; gyroscope; picture-in-picture\" allowfullscreen src=\"data:image\/svg+xml;base64,PHN2ZyB3aWR0aD0iMSIgaGVpZ2h0PSIxIiB4bWxucz0iaHR0cDovL3d3dy53My5vcmcvMjAwMC9zdmciPjwvc3ZnPg==\" class=\"lazyload\" data-load-mode=\"1\"><\/iframe>\t\n\t<h2>Bulletins Internationaux<\/h2>\n\t<p>Nos bulletins internationaux contiennent des enseignements et des t\u00e9moignages concernant notre travail.<\/p>\n<p>Si vous souhaitez recevoir notre bulletin trimestriel par courrier postal ou par e-mail, merci de cliquer sur le bouton suivant pour nous contacter.<\/p>\n\t\t\t<a href=\"https:\/\/ebenezer-oe.org\/fr\/contactez-nous\/\"  target=\"_self\">\n\t\t\t\t\t\t\tContactez-nous\n\t\t\t\t\t<\/a>\n<figure data-animation-delay=\"0.2\" data-animation-duration=\"1\" itemscope itemtype=\"https:\/\/schema.org\/ImageObject\">\n\t\t\t\t<a href=\"https:\/\/ebenezer-oe.org\/FR_IB_1_2026\/\"  target=\"_blank\" rel=\"noopener\"  itemprop=\"url\">\n\t\t\t\t<img decoding=\"async\" data-src=\"https:\/\/ebenezer-oe.org\/wp-content\/uploads\/2026\/03\/IB-4-2025-6.jpg\" alt=\"IB 4 2025-6\" height=\"2000\" width=\"1414\" title=\"IB 4 2025-6\" onerror=\"this.style.display='none'\" src=\"data:image\/svg+xml;base64,PHN2ZyB3aWR0aD0iMSIgaGVpZ2h0PSIxIiB4bWxucz0iaHR0cDovL3d3dy53My5vcmcvMjAwMC9zdmciPjwvc3ZnPg==\" class=\"lazyload\" style=\"--smush-placeholder-width: 1414px; --smush-placeholder-aspect-ratio: 1414\/2000;\" \/>\n\t\t\t\t<\/a>\n\t<\/figure>\n<h3>L&rsquo;Aliya :L\u0153uvre Sacr\u00e9e Du Seigneur<\/h3>\n<p>Int. Bulletin 1\/2026<\/p>\n<figure data-animation-delay=\"0.1\" data-animation-duration=\"1\" itemscope itemtype=\"https:\/\/schema.org\/ImageObject\">\n\t\t\t\t<a href=\"https:\/\/ebenezer-oe.org\/FR_IB_4_2025\/\"  target=\"_blank\" rel=\"noopener\"  itemprop=\"url\">\n\t\t\t\t<img decoding=\"async\" data-src=\"https:\/\/ebenezer-oe.org\/wp-content\/uploads\/2025\/11\/IB-4-2025-3-1.jpg\" alt=\"IB 4 2025-3\" height=\"2000\" width=\"1414\" title=\"IB 4 2025-3\" onerror=\"this.style.display='none'\" src=\"data:image\/svg+xml;base64,PHN2ZyB3aWR0aD0iMSIgaGVpZ2h0PSIxIiB4bWxucz0iaHR0cDovL3d3dy53My5vcmcvMjAwMC9zdmciPjwvc3ZnPg==\" class=\"lazyload\" style=\"--smush-placeholder-width: 1414px; --smush-placeholder-aspect-ratio: 1414\/2000;\" \/>\n\t\t\t\t<\/a>\n\t<\/figure>\n<h3>Aliya Depuis L&rsquo;Occident<\/h3>\n<p>Int. Bulletin 4\/2025<\/p>\n<figure data-animation-delay=\"0.1\" data-animation-duration=\"1\" itemscope itemtype=\"https:\/\/schema.org\/ImageObject\">\n\t\t\t\t<a href=\"https:\/\/ebenezer-oe.org\/FR_IB_3_2025\/\"  target=\"_blank\" rel=\"noopener\"  itemprop=\"url\">\n\t\t\t\t<img decoding=\"async\" data-src=\"https:\/\/ebenezer-oe.org\/wp-content\/uploads\/2025\/10\/FR-IB-3-2025.jpg\" alt=\"FR IB 3 2025\" height=\"2000\" width=\"1414\" title=\"FR IB 3 2025\" onerror=\"this.style.display='none'\" src=\"data:image\/svg+xml;base64,PHN2ZyB3aWR0aD0iMSIgaGVpZ2h0PSIxIiB4bWxucz0iaHR0cDovL3d3dy53My5vcmcvMjAwMC9zdmciPjwvc3ZnPg==\" class=\"lazyload\" style=\"--smush-placeholder-width: 1414px; --smush-placeholder-aspect-ratio: 1414\/2000;\" \/>\n\t\t\t\t<\/a>\n\t<\/figure>\n<h3>L&rsquo;Espoir en Temps de Secousses<\/h3>\n<p>Int. Bulletin 3\/2025<\/p>\n<figure data-animation-delay=\"0.1\" data-animation-duration=\"1\" itemscope itemtype=\"https:\/\/schema.org\/ImageObject\">\n\t\t\t\t<a href=\"https:\/\/ebenezer-oe.org\/FR_IB_1_2025\/\"  target=\"_blank\" rel=\"noopener\"  itemprop=\"url\">\n\t\t\t\t<img decoding=\"async\" data-src=\"https:\/\/ebenezer-oe.org\/wp-content\/uploads\/2025\/02\/french-IB-1-2025.jpg\" alt=\"french IB 1 2025\" height=\"2000\" width=\"1414\" title=\"french IB 1 2025\" onerror=\"this.style.display='none'\" src=\"data:image\/svg+xml;base64,PHN2ZyB3aWR0aD0iMSIgaGVpZ2h0PSIxIiB4bWxucz0iaHR0cDovL3d3dy53My5vcmcvMjAwMC9zdmciPjwvc3ZnPg==\" class=\"lazyload\" style=\"--smush-placeholder-width: 1414px; --smush-placeholder-aspect-ratio: 1414\/2000;\" \/>\n\t\t\t\t<\/a>\n\t<\/figure>\n<h3>Bataille Spirituelle Pour Le Pays<\/h3>\n<p>Int. Bulletin 1\/2025<\/p>\n<h2>\n\t\t\tActivit\u00e9s pour les enfants\t<\/h2>\n<figure itemscope itemtype=\"https:\/\/schema.org\/ImageObject\">\n\t\t\t\t<img decoding=\"async\" data-src=\"https:\/\/ebenezer-oe.org\/wp-content\/uploads\/2024\/03\/Ebi-Name-Font-1.png\" alt=\"Ebi - Name Font\" height=\"1080\" width=\"1920\" title=\"Ebi - Name Font\" onerror=\"this.style.display='none'\" src=\"data:image\/svg+xml;base64,PHN2ZyB3aWR0aD0iMSIgaGVpZ2h0PSIxIiB4bWxucz0iaHR0cDovL3d3dy53My5vcmcvMjAwMC9zdmciPjwvc3ZnPg==\" class=\"lazyload\" style=\"--smush-placeholder-width: 1920px; --smush-placeholder-aspect-ratio: 1920\/1080;\" \/>\n\t<\/figure>\n\t<p>Quatre fois par an, nous publierons de nouvelles histoires et activit\u00e9s pour \u00e9duquer les enfants sur l&rsquo;amour de Dieu pour le peuple juif et sur les raisons de son retour en Isra\u00ebl.<\/p>\n\t\t\t<a href=\"http:\/\/www.ebenezer-oe.org\/fr\/children\"  target=\"_self\">\n\t\t\t\t\t\t\tParticipez \u00e0 l&rsquo;aventure !\n\t\t\t\t\t<\/a>\n<figure itemscope itemtype=\"https:\/\/schema.org\/ImageObject\">\n\t\t\t\t<img decoding=\"async\" data-src=\"https:\/\/ebenezer-oe.org\/wp-content\/uploads\/2024\/04\/Finnish-2.png\" alt=\"Finnish-2\" height=\"1080\" width=\"1080\" title=\"Finnish-2\" onerror=\"this.style.display='none'\" src=\"data:image\/svg+xml;base64,PHN2ZyB3aWR0aD0iMSIgaGVpZ2h0PSIxIiB4bWxucz0iaHR0cDovL3d3dy53My5vcmcvMjAwMC9zdmciPjwvc3ZnPg==\" class=\"lazyload\" style=\"--smush-placeholder-width: 1080px; --smush-placeholder-aspect-ratio: 1080\/1080;\" \/>\n\t<\/figure>\n\t<h2>Autres Ressources<\/h2>\n\t\t<figure itemscope itemtype=\"https:\/\/schema.org\/ImageObject\">\n\t\t\t\t<a href=\"http:\/\/ebenezer-oe.org\/Operation_Exodus\/\"  target=\"_blank\" rel=\"noopener\"  itemprop=\"url\">\n\t\t\t\t<img decoding=\"async\" data-src=\"https:\/\/ebenezer-oe.org\/wp-content\/uploads\/bb-plugin\/cache\/OE-Book-Cover-2018-image-web-portrait-92255dc0e3f4b4e116998d05eb31ea48-.jpg\" alt=\"OE-Book-Cover-2018-image-web\" height=\"687\" width=\"531\" title=\"OE-Book-Cover-2018-image-web\" onerror=\"this.style.display='none'\" src=\"data:image\/svg+xml;base64,PHN2ZyB3aWR0aD0iMSIgaGVpZ2h0PSIxIiB4bWxucz0iaHR0cDovL3d3dy53My5vcmcvMjAwMC9zdmciPjwvc3ZnPg==\" class=\"lazyload\" style=\"--smush-placeholder-width: 531px; --smush-placeholder-aspect-ratio: 531\/687;\" \/>\n\t\t\t\t<\/a>\n\t<\/figure>\n<h3><a href=\"http:\/\/ebenezer-oe.org\/Operation_Exodus\/\" target=\"_blank\"  rel=\"noopener\">Livre \u00abOperation Exodus\u00bb<\/a><\/h3><a href=\"http:\/\/ebenezer-oe.org\/Operation_Exodus\/\"  rel=\"noopener\"  target=\"_blank\">disponible en anglais<\/a>\t\n\t\t<figure itemscope itemtype=\"https:\/\/schema.org\/ImageObject\">\n\t\t\t\t<a href=\"http:\/\/ebenezer-oe.org\/Aliyah_Book\/\"  target=\"_blank\" rel=\"noopener\"  itemprop=\"url\">\n\t\t\t\t<img decoding=\"async\" data-src=\"https:\/\/ebenezer-oe.org\/wp-content\/uploads\/bb-plugin\/cache\/Screenshot-2021-08-03-at-12.26.24-portrait-748c7cdc2a3b960d37e1ddcb9e85850a-.png\" alt=\"Screenshot 2021-08-03 at 12.26.24\" height=\"837\" width=\"552\" title=\"Screenshot 2021-08-03 at 12.26.24\" onerror=\"this.style.display='none'\" src=\"data:image\/svg+xml;base64,PHN2ZyB3aWR0aD0iMSIgaGVpZ2h0PSIxIiB4bWxucz0iaHR0cDovL3d3dy53My5vcmcvMjAwMC9zdmciPjwvc3ZnPg==\" class=\"lazyload\" style=\"--smush-placeholder-width: 552px; --smush-placeholder-aspect-ratio: 552\/837;\" \/>\n\t\t\t\t<\/a>\n\t<\/figure>\n<h3><a href=\"http:\/\/ebenezer-oe.org\/Aliyah_Book\/\" target=\"_blank\"  rel=\"noopener\">Aliyah: The Miracle of Returning<\/a><\/h3><a href=\"http:\/\/ebenezer-oe.org\/Aliyah_Book\/\"  rel=\"noopener\"  target=\"_blank\">disponible en anglais<\/a>\t\n\t\t<figure itemscope itemtype=\"https:\/\/schema.org\/ImageObject\">\n\t\t\t\t<a href=\"https:\/\/ebenezer-oe.org\/Prophetie_Biblique\/\"  target=\"_blank\" rel=\"noopener\"  itemprop=\"url\">\n\t\t\t\t<img decoding=\"async\" data-src=\"https:\/\/ebenezer-oe.org\/wp-content\/uploads\/bb-plugin\/cache\/Bulletins-Compressed-Cover-28-portrait-f20f55705fe0add9fb7ed2d4be3801d3-.jpg\" alt=\"Bulletins Compressed Cover-28\" height=\"2000\" width=\"1414\" title=\"Bulletins Compressed Cover-28\" onerror=\"this.style.display='none'\" src=\"data:image\/svg+xml;base64,PHN2ZyB3aWR0aD0iMSIgaGVpZ2h0PSIxIiB4bWxucz0iaHR0cDovL3d3dy53My5vcmcvMjAwMC9zdmciPjwvc3ZnPg==\" class=\"lazyload\" style=\"--smush-placeholder-width: 1414px; --smush-placeholder-aspect-ratio: 1414\/2000;\" \/>\n\t\t\t\t<\/a>\n\t<\/figure>\n<h3><a href=\"https:\/\/ebenezer-oe.org\/Prophetie_Biblique\/\" target=\"_blank\"  rel=\"noopener\">Proph\u00e9tie biblique<\/a><\/h3><a href=\"https:\/\/ebenezer-oe.org\/Prophetie_Biblique\/\"  rel=\"noopener\"  target=\"_blank\">en savoir plus<\/a>\t\n\t\t<figure itemscope itemtype=\"https:\/\/schema.org\/ImageObject\">\n\t\t\t\t<a href=\"https:\/\/ebenezer-oe.org\/Has_the_Church_Replaced_Israel\/\"  target=\"_blank\" rel=\"noopener\"  itemprop=\"url\">\n\t\t\t\t<img decoding=\"async\" data-src=\"https:\/\/ebenezer-oe.org\/wp-content\/uploads\/bb-plugin\/cache\/tm_church-replaced-portrait-4fd086f6f2bb6afb32e65f78913c12ca-.jpg\" alt=\"tm_church-replaced\" height=\"707\" width=\"500\" title=\"tm_church-replaced\" onerror=\"this.style.display='none'\" src=\"data:image\/svg+xml;base64,PHN2ZyB3aWR0aD0iMSIgaGVpZ2h0PSIxIiB4bWxucz0iaHR0cDovL3d3dy53My5vcmcvMjAwMC9zdmciPjwvc3ZnPg==\" class=\"lazyload\" style=\"--smush-placeholder-width: 500px; --smush-placeholder-aspect-ratio: 500\/707;\" \/>\n\t\t\t\t<\/a>\n\t<\/figure>\n<h3><a href=\"https:\/\/ebenezer-oe.org\/Has_the_Church_Replaced_Israel\/\" target=\"_blank\"  rel=\"noopener\">L&rsquo;\u00c9glise a-t-elle remplac\u00e9 Isra\u00ebl?<\/a><\/h3><a href=\"https:\/\/ebenezer-oe.org\/Has_the_Church_Replaced_Israel\/\"  rel=\"noopener\"  target=\"_blank\">disponible en anglais<\/a>\t\n\t\t<figure itemscope itemtype=\"https:\/\/schema.org\/ImageObject\">\n\t\t\t\t<a href=\"https:\/\/ebenezer-oe.org\/A_Critical_Time\/\"  target=\"_blank\" rel=\"noopener\"  itemprop=\"url\">\n\t\t\t\t<img decoding=\"async\" data-src=\"https:\/\/ebenezer-oe.org\/wp-content\/uploads\/bb-plugin\/cache\/tm_critical-time-portrait-0cb0e7114d8490fb6120f19fa36a0d25-.jpg\" alt=\"tm_critical-time\" height=\"707\" width=\"500\" title=\"tm_critical-time\" onerror=\"this.style.display='none'\" src=\"data:image\/svg+xml;base64,PHN2ZyB3aWR0aD0iMSIgaGVpZ2h0PSIxIiB4bWxucz0iaHR0cDovL3d3dy53My5vcmcvMjAwMC9zdmciPjwvc3ZnPg==\" class=\"lazyload\" style=\"--smush-placeholder-width: 500px; --smush-placeholder-aspect-ratio: 500\/707;\" \/>\n\t\t\t\t<\/a>\n\t<\/figure>\n<h3><a href=\"https:\/\/ebenezer-oe.org\/A_Critical_Time\/\" target=\"_blank\"  rel=\"noopener\">Un temps crucial pour agir et prier<\/a><\/h3><a href=\"https:\/\/ebenezer-oe.org\/A_Critical_Time\/\"  rel=\"noopener\"  target=\"_blank\">disponible en anglais<\/a>\t\n\t\t<figure itemscope itemtype=\"https:\/\/schema.org\/ImageObject\">\n\t\t\t\t<a href=\"https:\/\/ebenezer-oe.org\/Seeing_Israel\/\"  target=\"_blank\" rel=\"noopener\"  itemprop=\"url\">\n\t\t\t\t<img decoding=\"async\" data-src=\"https:\/\/ebenezer-oe.org\/wp-content\/uploads\/bb-plugin\/cache\/tm_seeing-israel-portrait-bfdfeffec423407cdfedada6806ec249-.jpg\" alt=\"tm_seeing-israel\" height=\"707\" width=\"500\" title=\"tm_seeing-israel\" onerror=\"this.style.display='none'\" src=\"data:image\/svg+xml;base64,PHN2ZyB3aWR0aD0iMSIgaGVpZ2h0PSIxIiB4bWxucz0iaHR0cDovL3d3dy53My5vcmcvMjAwMC9zdmciPjwvc3ZnPg==\" class=\"lazyload\" style=\"--smush-placeholder-width: 500px; --smush-placeholder-aspect-ratio: 500\/707;\" \/>\n\t\t\t\t<\/a>\n\t<\/figure>\n<h3><a href=\"https:\/\/ebenezer-oe.org\/Seeing_Israel\/\" target=\"_blank\"  rel=\"noopener\">Voir Isra\u00ebl avec le regard de Dieu<\/a><\/h3><a href=\"https:\/\/ebenezer-oe.org\/Seeing_Israel\/\"  rel=\"noopener\"  target=\"_blank\">disponible en anglais<\/a>\t\n\t\t<figure itemscope itemtype=\"https:\/\/schema.org\/ImageObject\">\n\t\t\t\t<a href=\"https:\/\/ebenezer-oe.org\/La_Rachine_de_l&#039;Antis\u00e9mitisme\/\"  target=\"_blank\" rel=\"noopener\"  itemprop=\"url\">\n\t\t\t\t<img decoding=\"async\" data-src=\"https:\/\/ebenezer-oe.org\/wp-content\/uploads\/bb-plugin\/cache\/4-portrait-8e567868cf73f64f92544e2e7ea65eb3-.jpg\" alt=\"4\" height=\"2000\" width=\"1414\" title=\"4\" onerror=\"this.style.display='none'\" src=\"data:image\/svg+xml;base64,PHN2ZyB3aWR0aD0iMSIgaGVpZ2h0PSIxIiB4bWxucz0iaHR0cDovL3d3dy53My5vcmcvMjAwMC9zdmciPjwvc3ZnPg==\" class=\"lazyload\" style=\"--smush-placeholder-width: 1414px; --smush-placeholder-aspect-ratio: 1414\/2000;\" \/>\n\t\t\t\t<\/a>\n\t<\/figure>\n<h3><a href=\"https:\/\/ebenezer-oe.org\/La_Rachine_de_l&#039;Antis\u00e9mitisme\/\" target=\"_blank\"  rel=\"noopener\">La Racine de l&rsquo;Antis\u00e9mitisme<\/a><\/h3><a href=\"https:\/\/ebenezer-oe.org\/La_Rachine_de_l&#039;Antis\u00e9mitisme\/\"  rel=\"noopener\"  target=\"_blank\">en savoir plus<\/a>\t\n\t\t<figure itemscope itemtype=\"https:\/\/schema.org\/ImageObject\">\n\t\t\t\t<a href=\"https:\/\/ebenezer-oe.org\/Prayer_and_Intercession_FR\/\"  target=\"_blank\" rel=\"noopener\"  itemprop=\"url\">\n\t\t\t\t<img decoding=\"async\" data-src=\"https:\/\/ebenezer-oe.org\/wp-content\/uploads\/bb-plugin\/cache\/Bulletins-Compressed-Cover-23-portrait-9238af9d9faa76e90f58a80ff4830c0e-.jpg\" alt=\"Bulletins Compressed Cover-23\" height=\"2000\" width=\"1414\" title=\"Bulletins Compressed Cover-23\" onerror=\"this.style.display='none'\" src=\"data:image\/svg+xml;base64,PHN2ZyB3aWR0aD0iMSIgaGVpZ2h0PSIxIiB4bWxucz0iaHR0cDovL3d3dy53My5vcmcvMjAwMC9zdmciPjwvc3ZnPg==\" class=\"lazyload\" style=\"--smush-placeholder-width: 1414px; --smush-placeholder-aspect-ratio: 1414\/2000;\" \/>\n\t\t\t\t<\/a>\n\t<\/figure>\n<h3><a href=\"https:\/\/ebenezer-oe.org\/Prayer_and_Intercession_FR\/\" target=\"_blank\"  rel=\"noopener\">La Racine de l&rsquo;Antis\u00e9mitisme<\/a><\/h3><a href=\"https:\/\/ebenezer-oe.org\/Prayer_and_Intercession_FR\/\"  rel=\"noopener\"  target=\"_blank\">en savoir plus<\/a>\t\n\t<p>Si vous souhaitez recevoir nos brochures, merci de contacter votre <a href=\"https:\/\/ebenezeroe.wpengine.com\/in-your-area\/\">bureau nationa<\/a>l.<\/p>\n\n","protected":false},"excerpt":{"rendered":"<p>Bienvenue dans la biblioth\u00e8que d&rsquo;Ebenezer Operation Exodus Vous trouverez ci-dessous nos derni\u00e8res vid\u00e9os et nos bulletins r\u00e9cents ainsi que d&rsquo;autres outils en lien avec le travail d&rsquo;Ebenezer Operation Exodus. Vid\u00e9os Bulletins Internationaux Nos bulletins internationaux contiennent des enseignements et des t\u00e9moignages concernant notre travail. Si vous souhaitez recevoir notre bulletin trimestriel par courrier postal ou&hellip;<\/p>\n","protected":false},"author":1,"featured_media":0,"parent":0,"menu_order":0,"comment_status":"closed","ping_status":"closed","template":"","meta":{"footnotes":""},"class_list":["post-69081","page","type-page","status-publish","hentry"],"yoast_head":"<!-- This site is optimized with the Yoast SEO plugin v27.4 - https:\/\/yoast.com\/product\/yoast-seo-wordpress\/ -->\n<title>Ressources - Ebenezer Operation Exodus<\/title>\n<meta name=\"robots\" content=\"index, follow, max-snippet:-1, max-image-preview:large, max-video-preview:-1\" \/>\n<link rel=\"canonical\" href=\"https:\/\/ebenezer-oe.org\/fr\/ressources\/\" \/>\n<meta property=\"og:locale\" content=\"fr_FR\" \/>\n<meta property=\"og:type\" content=\"article\" \/>\n<meta property=\"og:title\" content=\"Ressources - Ebenezer Operation Exodus\" \/>\n<meta property=\"og:description\" content=\"Bienvenue dans la biblioth\u00e8que d&rsquo;Ebenezer Operation Exodus Vous trouverez ci-dessous nos derni\u00e8res vid\u00e9os et nos bulletins r\u00e9cents ainsi que d&rsquo;autres outils en lien avec le travail d&rsquo;Ebenezer Operation Exodus. Vid\u00e9os Bulletins Internationaux Nos bulletins internationaux contiennent des enseignements et des t\u00e9moignages concernant notre travail. Si vous souhaitez recevoir notre bulletin trimestriel par courrier postal ou&hellip;\" \/>\n<meta property=\"og:url\" content=\"https:\/\/ebenezer-oe.org\/fr\/ressources\/\" \/>\n<meta property=\"og:site_name\" content=\"Ebenezer Operation Exodus\" \/>\n<meta property=\"article:publisher\" content=\"https:\/\/www.facebook.com\/EbenezerInt\" \/>\n<meta property=\"article:modified_time\" content=\"2026-03-03T08:13:09+00:00\" \/>\n<meta property=\"og:image\" content=\"https:\/\/ebenezeroe.wpengine.com\/wp-content\/uploads\/2021\/05\/Untitled-design-42.png\" \/>\n<meta name=\"twitter:card\" content=\"summary_large_image\" \/>\n<meta name=\"twitter:label1\" content=\"Dur\u00e9e de lecture estim\u00e9e\" \/>\n\t<meta name=\"twitter:data1\" content=\"1 minute\" \/>\n<script type=\"application\/ld+json\" class=\"yoast-schema-graph\">{\"@context\":\"https:\\\/\\\/schema.org\",\"@graph\":[{\"@type\":\"WebPage\",\"@id\":\"https:\\\/\\\/ebenezer-oe.org\\\/fr\\\/ressources\\\/\",\"url\":\"https:\\\/\\\/ebenezer-oe.org\\\/fr\\\/ressources\\\/\",\"name\":\"Ressources - Ebenezer Operation Exodus\",\"isPartOf\":{\"@id\":\"https:\\\/\\\/ebenezer-oe.org\\\/#website\"},\"primaryImageOfPage\":{\"@id\":\"https:\\\/\\\/ebenezer-oe.org\\\/fr\\\/ressources\\\/#primaryimage\"},\"image\":{\"@id\":\"https:\\\/\\\/ebenezer-oe.org\\\/fr\\\/ressources\\\/#primaryimage\"},\"thumbnailUrl\":\"https:\\\/\\\/ebenezeroe.wpengine.com\\\/wp-content\\\/uploads\\\/2021\\\/05\\\/Untitled-design-42.png\",\"datePublished\":\"2022-08-25T14:44:34+00:00\",\"dateModified\":\"2026-03-03T08:13:09+00:00\",\"breadcrumb\":{\"@id\":\"https:\\\/\\\/ebenezer-oe.org\\\/fr\\\/ressources\\\/#breadcrumb\"},\"inLanguage\":\"fr-FR\",\"potentialAction\":[{\"@type\":\"ReadAction\",\"target\":[\"https:\\\/\\\/ebenezer-oe.org\\\/fr\\\/ressources\\\/\"]}]},{\"@type\":\"ImageObject\",\"inLanguage\":\"fr-FR\",\"@id\":\"https:\\\/\\\/ebenezer-oe.org\\\/fr\\\/ressources\\\/#primaryimage\",\"url\":\"https:\\\/\\\/ebenezeroe.wpengine.com\\\/wp-content\\\/uploads\\\/2021\\\/05\\\/Untitled-design-42.png\",\"contentUrl\":\"https:\\\/\\\/ebenezeroe.wpengine.com\\\/wp-content\\\/uploads\\\/2021\\\/05\\\/Untitled-design-42.png\"},{\"@type\":\"BreadcrumbList\",\"@id\":\"https:\\\/\\\/ebenezer-oe.org\\\/fr\\\/ressources\\\/#breadcrumb\",\"itemListElement\":[{\"@type\":\"ListItem\",\"position\":1,\"name\":\"Home\",\"item\":\"https:\\\/\\\/ebenezer-oe.org\\\/fr\\\/\"},{\"@type\":\"ListItem\",\"position\":2,\"name\":\"Ressources\"}]},{\"@type\":\"WebSite\",\"@id\":\"https:\\\/\\\/ebenezer-oe.org\\\/#website\",\"url\":\"https:\\\/\\\/ebenezer-oe.org\\\/\",\"name\":\"Ebenezer - Operation Exodus\",\"description\":\"\",\"publisher\":{\"@id\":\"https:\\\/\\\/ebenezer-oe.org\\\/#organization\"},\"potentialAction\":[{\"@type\":\"SearchAction\",\"target\":{\"@type\":\"EntryPoint\",\"urlTemplate\":\"https:\\\/\\\/ebenezer-oe.org\\\/?s={search_term_string}\"},\"query-input\":{\"@type\":\"PropertyValueSpecification\",\"valueRequired\":true,\"valueName\":\"search_term_string\"}}],\"inLanguage\":\"fr-FR\"},{\"@type\":\"Organization\",\"@id\":\"https:\\\/\\\/ebenezer-oe.org\\\/#organization\",\"name\":\"Ebenezer - Operation Exodus\",\"url\":\"https:\\\/\\\/ebenezer-oe.org\\\/\",\"logo\":{\"@type\":\"ImageObject\",\"inLanguage\":\"fr-FR\",\"@id\":\"https:\\\/\\\/ebenezer-oe.org\\\/#\\\/schema\\\/logo\\\/image\\\/\",\"url\":\"https:\\\/\\\/ebenezeroe.wpengine.com\\\/wp-content\\\/uploads\\\/2020\\\/09\\\/Logo_EOE_EN_Colour-Horizontal.png\",\"contentUrl\":\"https:\\\/\\\/ebenezeroe.wpengine.com\\\/wp-content\\\/uploads\\\/2020\\\/09\\\/Logo_EOE_EN_Colour-Horizontal.png\",\"width\":1922,\"height\":928,\"caption\":\"Ebenezer - Operation Exodus\"},\"image\":{\"@id\":\"https:\\\/\\\/ebenezer-oe.org\\\/#\\\/schema\\\/logo\\\/image\\\/\"},\"sameAs\":[\"https:\\\/\\\/www.facebook.com\\\/EbenezerInt\",\"https:\\\/\\\/www.instagram.com\\\/ebenezer_oe_eng\\\/\",\"https:\\\/\\\/www.youtube.com\\\/channel\\\/UC6qGHrKKeamFVz95Vd8LR1g\"]}]}<\/script>\n<!-- \/ Yoast SEO plugin. -->","yoast_head_json":{"title":"Ressources - Ebenezer Operation Exodus","robots":{"index":"index","follow":"follow","max-snippet":"max-snippet:-1","max-image-preview":"max-image-preview:large","max-video-preview":"max-video-preview:-1"},"canonical":"https:\/\/ebenezer-oe.org\/fr\/ressources\/","og_locale":"fr_FR","og_type":"article","og_title":"Ressources - Ebenezer Operation Exodus","og_description":"Bienvenue dans la biblioth\u00e8que d&rsquo;Ebenezer Operation Exodus Vous trouverez ci-dessous nos derni\u00e8res vid\u00e9os et nos bulletins r\u00e9cents ainsi que d&rsquo;autres outils en lien avec le travail d&rsquo;Ebenezer Operation Exodus. Vid\u00e9os Bulletins Internationaux Nos bulletins internationaux contiennent des enseignements et des t\u00e9moignages concernant notre travail. Si vous souhaitez recevoir notre bulletin trimestriel par courrier postal ou&hellip;","og_url":"https:\/\/ebenezer-oe.org\/fr\/ressources\/","og_site_name":"Ebenezer Operation Exodus","article_publisher":"https:\/\/www.facebook.com\/EbenezerInt","article_modified_time":"2026-03-03T08:13:09+00:00","og_image":[{"url":"https:\/\/ebenezeroe.wpengine.com\/wp-content\/uploads\/2021\/05\/Untitled-design-42.png","type":"","width":"","height":""}],"twitter_card":"summary_large_image","twitter_misc":{"Dur\u00e9e de lecture estim\u00e9e":"1 minute"},"schema":{"@context":"https:\/\/schema.org","@graph":[{"@type":"WebPage","@id":"https:\/\/ebenezer-oe.org\/fr\/ressources\/","url":"https:\/\/ebenezer-oe.org\/fr\/ressources\/","name":"Ressources - Ebenezer Operation Exodus","isPartOf":{"@id":"https:\/\/ebenezer-oe.org\/#website"},"primaryImageOfPage":{"@id":"https:\/\/ebenezer-oe.org\/fr\/ressources\/#primaryimage"},"image":{"@id":"https:\/\/ebenezer-oe.org\/fr\/ressources\/#primaryimage"},"thumbnailUrl":"https:\/\/ebenezeroe.wpengine.com\/wp-content\/uploads\/2021\/05\/Untitled-design-42.png","datePublished":"2022-08-25T14:44:34+00:00","dateModified":"2026-03-03T08:13:09+00:00","breadcrumb":{"@id":"https:\/\/ebenezer-oe.org\/fr\/ressources\/#breadcrumb"},"inLanguage":"fr-FR","potentialAction":[{"@type":"ReadAction","target":["https:\/\/ebenezer-oe.org\/fr\/ressources\/"]}]},{"@type":"ImageObject","inLanguage":"fr-FR","@id":"https:\/\/ebenezer-oe.org\/fr\/ressources\/#primaryimage","url":"https:\/\/ebenezeroe.wpengine.com\/wp-content\/uploads\/2021\/05\/Untitled-design-42.png","contentUrl":"https:\/\/ebenezeroe.wpengine.com\/wp-content\/uploads\/2021\/05\/Untitled-design-42.png"},{"@type":"BreadcrumbList","@id":"https:\/\/ebenezer-oe.org\/fr\/ressources\/#breadcrumb","itemListElement":[{"@type":"ListItem","position":1,"name":"Home","item":"https:\/\/ebenezer-oe.org\/fr\/"},{"@type":"ListItem","position":2,"name":"Ressources"}]},{"@type":"WebSite","@id":"https:\/\/ebenezer-oe.org\/#website","url":"https:\/\/ebenezer-oe.org\/","name":"Ebenezer - Operation Exodus","description":"","publisher":{"@id":"https:\/\/ebenezer-oe.org\/#organization"},"potentialAction":[{"@type":"SearchAction","target":{"@type":"EntryPoint","urlTemplate":"https:\/\/ebenezer-oe.org\/?s={search_term_string}"},"query-input":{"@type":"PropertyValueSpecification","valueRequired":true,"valueName":"search_term_string"}}],"inLanguage":"fr-FR"},{"@type":"Organization","@id":"https:\/\/ebenezer-oe.org\/#organization","name":"Ebenezer - Operation Exodus","url":"https:\/\/ebenezer-oe.org\/","logo":{"@type":"ImageObject","inLanguage":"fr-FR","@id":"https:\/\/ebenezer-oe.org\/#\/schema\/logo\/image\/","url":"https:\/\/ebenezeroe.wpengine.com\/wp-content\/uploads\/2020\/09\/Logo_EOE_EN_Colour-Horizontal.png","contentUrl":"https:\/\/ebenezeroe.wpengine.com\/wp-content\/uploads\/2020\/09\/Logo_EOE_EN_Colour-Horizontal.png","width":1922,"height":928,"caption":"Ebenezer - Operation Exodus"},"image":{"@id":"https:\/\/ebenezer-oe.org\/#\/schema\/logo\/image\/"},"sameAs":["https:\/\/www.facebook.com\/EbenezerInt","https:\/\/www.instagram.com\/ebenezer_oe_eng\/","https:\/\/www.youtube.com\/channel\/UC6qGHrKKeamFVz95Vd8LR1g"]}]}},"_links":{"self":[{"href":"https:\/\/ebenezer-oe.org\/fr\/wp-json\/wp\/v2\/pages\/69081","targetHints":{"allow":["GET"]}}],"collection":[{"href":"https:\/\/ebenezer-oe.org\/fr\/wp-json\/wp\/v2\/pages"}],"about":[{"href":"https:\/\/ebenezer-oe.org\/fr\/wp-json\/wp\/v2\/types\/page"}],"author":[{"embeddable":true,"href":"https:\/\/ebenezer-oe.org\/fr\/wp-json\/wp\/v2\/users\/1"}],"replies":[{"embeddable":true,"href":"https:\/\/ebenezer-oe.org\/fr\/wp-json\/wp\/v2\/comments?post=69081"}],"version-history":[{"count":0,"href":"https:\/\/ebenezer-oe.org\/fr\/wp-json\/wp\/v2\/pages\/69081\/revisions"}],"wp:attachment":[{"href":"https:\/\/ebenezer-oe.org\/fr\/wp-json\/wp\/v2\/media?parent=69081"}],"curies":[{"name":"wp","href":"https:\/\/api.w.org\/{rel}","templated":true}]}}