{"id":6952,"date":"2021-07-22T13:58:50","date_gmt":"2021-07-22T13:58:50","guid":{"rendered":"https:\/\/ebenezer-oe.org\/collaborer-avec-nous\/rejoignez-nous-dans-la-priere\/"},"modified":"2023-07-25T13:24:18","modified_gmt":"2023-07-25T13:24:18","slug":"rejoignez-nous-dans-la-priere","status":"publish","type":"page","link":"https:\/\/ebenezer-oe.org\/fr\/collaborer-avec-nous\/rejoignez-nous-dans-la-priere\/","title":{"rendered":"Rejoignez-nous dans la pri\u00e8re"},"content":{"rendered":"\n<h1>\n\t\tRejoignez-nous dans la pri\u00e8re\n\t<\/h1>\n\t<p>Notre organisation est n\u00e9e dans la pri\u00e8re et nos responsables consid\u00e8rent que la pri\u00e8re doit \u00eatre le fondement de toutes nos activit\u00e9s<strong>.<\/strong><\/p>\n<p><em>\u00ab\u00a0Sur tes murs, J\u00e9rusalem, j&rsquo;ai plac\u00e9 des gardes; ils ne se tairont ni jour ni nuit. Vous qui la rappelez au souvenir de l&rsquo;\u00c9ternel, point de repos pour vous! Et ne lui laissez aucune rel\u00e2che, jusqu&rsquo;\u00e0 ce qu&rsquo;il r\u00e9tablisse J\u00e9rusalem et la rende glorieuse sur la terre.\u00a0\u00bb<\/em><\/p>\n<p>Esa\u00efe 62:6-7<\/p>\n\t\t\t\t<img decoding=\"async\" data-src=\"https:\/\/ebenezeroe.wpengine.com\/wp-content\/uploads\/2021\/05\/Untitled-design-39.png\" alt=\"Untitled design-39\" itemprop=\"image\" title=\"Untitled design-39\" onerror=\"this.style.display='none'\" src=\"data:image\/svg+xml;base64,PHN2ZyB3aWR0aD0iMSIgaGVpZ2h0PSIxIiB4bWxucz0iaHR0cDovL3d3dy53My5vcmcvMjAwMC9zdmciPjwvc3ZnPg==\" class=\"lazyload\" \/>\n\t<p>L&rsquo;Aliya est l&rsquo;\u0153uvre de Dieu.<\/p>\n\t<p>Il est celui qui ram\u00e8ne le peuple juif sur leur terre. Notre appel venant de l&rsquo;Eternel est de nous tenir sur la br\u00e8che, dans la pri\u00e8re, entre la situation dans laquelle le peuple juif se trouve dans le monde entier et leur r\u00eave d&rsquo;\u00eatre dans le pays que Dieu leur a promis. \u00c0 maintes reprises, nous avons vu des situations \u00eatre chang\u00e9es et des probl\u00e8mes \u00eatre r\u00e9solus car nos partenaires se tenaient dans la pri\u00e8re.<\/p>\n\t<p>Il y a diff\u00e9rentes \u00e9tapes dans une Aliya et nous sommes appel\u00e9s \u00e0 apporter chacune d&rsquo;elles dans la pri\u00e8re, en pr\u00e9parant le chemin pour le retour du peuple juif (Esa\u00efe 62:10). En ces temps si changeants, notre r\u00e9seau mondial de partenaires prie pour les Juifs qui vivent dans des r\u00e9gions dangereuses ou instables et pour ceux qui sont confront\u00e9s \u00e0 une grande pauvret\u00e9. Nous devons \u00e9galement prier pour les transports et les vols pour Isra\u00ebl, y compris les perturbations des voyages et bien plus encore!<\/p>\n\t<p>L&rsquo;Aliya est passionnante et miraculeuse. Ce qui est \u00e9galement le cas pour la pri\u00e8re!<\/p>\n\t<h2>Partenaires de pri\u00e8re<\/h2>\n\t<p>Certains partenaires se rencontrent r\u00e9guli\u00e8rement pour prier en groupe \u00e0 l&rsquo;aide de nos lettres de pri\u00e8re, tandis que d&rsquo;autres prient seuls chez eux. Chaque personne et chaque pri\u00e8re jouent un r\u00f4le-cl\u00e9 dans le retour du peuple juif en Isra\u00ebl.<\/p>\n<p>En plus de prier pour ceux qui font leur Aliya, l&rsquo;Eternel nous conduit \u00e0 nous centrer sur des th\u00e8mes tels que l&rsquo;antis\u00e9mitisme, la terre d&rsquo;Isra\u00ebl et les \u00e9v\u00e9nements actuels ou pass\u00e9s qui touchent l&rsquo;Aliya aujourd&rsquo;hui. Des groupes internationaux se sont rassembl\u00e9s \u00e0 travers le monde pour prier sur des sites comme Auschwitz, o\u00f9 les pires atrocit\u00e9s ont \u00e9t\u00e9 commises envers le peuple juif. Ce type de pri\u00e8re est r\u00e9guli\u00e8rement entrepris dans des endroits strat\u00e9giques, selon la direction de l&rsquo;Eternel.<\/p>\n\t<h2>Voici une situation typique qui n\u00e9cessitait la pri\u00e8re:<\/h2>\n\t\t\t<p><i>Aida a \u00e9t\u00e9 \u00e9lev\u00e9e par sa m\u00e8re et n&rsquo;avait aucune id\u00e9e de ses origines juives \u00c0 l&rsquo;\u00e2ge de 35 ans, elle apprit que son p\u00e8re biologique \u00e9tait juif et elle d\u00e9couvrit qu&rsquo;elle avait des fr\u00e8res et s\u0153urs isra\u00e9liens. Lorsque son p\u00e8re mourut, les fr\u00e8res et s\u0153urs d&rsquo;Aida l&rsquo;invit\u00e8rent en Isra\u00ebl et l&rsquo;accueillirent chaleureusement! Quelques ann\u00e9es plus tard, Aida se retrouva seule \u00e0 \u00e9lever ses trois enfants. Ils vivaient dans des circonstances difficiles. Elle savait qu&rsquo;elle avait l&rsquo;opportunit\u00e9 de faire l&rsquo;Aliya, mais le test ADN qui prouverait ses liens avec sa famille isra\u00e9lienne \u00e9tait tr\u00e8s co\u00fbteux, ainsi que tous les frais pour d\u00e9m\u00e9nager dans un autre pays. Le processus complet semblait impossible! Les partenaires de pri\u00e8re d&rsquo;Ebenezer Operation Exodus dans le monde entier apport\u00e8rent cette famille devant Dieu &#8211; Peu apr\u00e8s, les tests ADN furent effectu\u00e9s, les finances furent d\u00e9bloqu\u00e9es.<\/i><i> Aida et ses enfants re\u00e7urent leurs visas. Ils sont maintenant heureux en Isra\u00ebl! <\/i><\/p>\t\t\n\t<p>Notre r\u00e9seau de pri\u00e8re<\/p>\n\t<p>Pour en d\u00e9couvrir davantage et pour prendre part \u00e0 ce r\u00e9seau mondial de pri\u00e8re qui est actif dans plus de 55 pays, nous vous invitons \u00e0 rester en contact en cliquant sur le bouton suivant.<\/p>\n\t\t\t<a href=\"https:\/\/ebenezer-oe.org\/fr\/contactez-nous\/\" target=\"_self\" rel=\"noopener\">\n\t\t\t\t\t\t\tJe m&rsquo;inscris!\n\t\t\t\t\t<\/a>\n\n","protected":false},"excerpt":{"rendered":"<p>Rejoignez-nous dans la pri\u00e8re Notre organisation est n\u00e9e dans la pri\u00e8re et nos responsables consid\u00e8rent que la pri\u00e8re doit \u00eatre le fondement de toutes nos activit\u00e9s. \u00ab\u00a0Sur tes murs, J\u00e9rusalem, j&rsquo;ai plac\u00e9 des gardes; ils ne se tairont ni jour ni nuit. Vous qui la rappelez au souvenir de l&rsquo;\u00c9ternel, point de repos pour vous!&hellip;<\/p>\n","protected":false},"author":1,"featured_media":0,"parent":6836,"menu_order":0,"comment_status":"closed","ping_status":"closed","template":"","meta":{"footnotes":""},"class_list":["post-6952","page","type-page","status-publish","hentry"],"yoast_head":"<!-- This site is optimized with the Yoast SEO plugin v27.2 - https:\/\/yoast.com\/product\/yoast-seo-wordpress\/ -->\n<title>Rejoignez-nous dans la pri\u00e8re - Ebenezer Operation Exodus<\/title>\n<meta name=\"robots\" content=\"index, follow, max-snippet:-1, max-image-preview:large, max-video-preview:-1\" \/>\n<link rel=\"canonical\" href=\"https:\/\/ebenezer-oe.org\/fr\/collaborer-avec-nous\/rejoignez-nous-dans-la-priere\/\" \/>\n<meta property=\"og:locale\" content=\"fr_FR\" \/>\n<meta property=\"og:type\" content=\"article\" \/>\n<meta property=\"og:title\" content=\"Rejoignez-nous dans la pri\u00e8re - Ebenezer Operation Exodus\" \/>\n<meta property=\"og:description\" content=\"Rejoignez-nous dans la pri\u00e8re Notre organisation est n\u00e9e dans la pri\u00e8re et nos responsables consid\u00e8rent que la pri\u00e8re doit \u00eatre le fondement de toutes nos activit\u00e9s. \u00ab\u00a0Sur tes murs, J\u00e9rusalem, j&rsquo;ai plac\u00e9 des gardes; ils ne se tairont ni jour ni nuit. Vous qui la rappelez au souvenir de l&rsquo;\u00c9ternel, point de repos pour vous!&hellip;\" \/>\n<meta property=\"og:url\" content=\"https:\/\/ebenezer-oe.org\/fr\/collaborer-avec-nous\/rejoignez-nous-dans-la-priere\/\" \/>\n<meta property=\"og:site_name\" content=\"Ebenezer Operation Exodus\" \/>\n<meta property=\"article:publisher\" content=\"https:\/\/www.facebook.com\/EbenezerInt\" \/>\n<meta property=\"article:modified_time\" content=\"2023-07-25T13:24:18+00:00\" \/>\n<meta property=\"og:image\" content=\"https:\/\/ebenezeroe.wpengine.com\/wp-content\/uploads\/2021\/05\/Untitled-design-39.png\" \/>\n<meta name=\"twitter:card\" content=\"summary_large_image\" \/>\n<meta name=\"twitter:label1\" content=\"Dur\u00e9e de lecture estim\u00e9e\" \/>\n\t<meta name=\"twitter:data1\" content=\"3 minutes\" \/>\n<script type=\"application\/ld+json\" class=\"yoast-schema-graph\">{\"@context\":\"https:\/\/schema.org\",\"@graph\":[{\"@type\":\"WebPage\",\"@id\":\"https:\/\/ebenezer-oe.org\/fr\/collaborer-avec-nous\/rejoignez-nous-dans-la-priere\/\",\"url\":\"https:\/\/ebenezer-oe.org\/fr\/collaborer-avec-nous\/rejoignez-nous-dans-la-priere\/\",\"name\":\"Rejoignez-nous dans la pri\u00e8re - Ebenezer Operation Exodus\",\"isPartOf\":{\"@id\":\"https:\/\/ebenezer-oe.org\/#website\"},\"primaryImageOfPage\":{\"@id\":\"https:\/\/ebenezer-oe.org\/fr\/collaborer-avec-nous\/rejoignez-nous-dans-la-priere\/#primaryimage\"},\"image\":{\"@id\":\"https:\/\/ebenezer-oe.org\/fr\/collaborer-avec-nous\/rejoignez-nous-dans-la-priere\/#primaryimage\"},\"thumbnailUrl\":\"https:\/\/ebenezeroe.wpengine.com\/wp-content\/uploads\/2021\/05\/Untitled-design-39.png\",\"datePublished\":\"2021-07-22T13:58:50+00:00\",\"dateModified\":\"2023-07-25T13:24:18+00:00\",\"breadcrumb\":{\"@id\":\"https:\/\/ebenezer-oe.org\/fr\/collaborer-avec-nous\/rejoignez-nous-dans-la-priere\/#breadcrumb\"},\"inLanguage\":\"fr-FR\",\"potentialAction\":[{\"@type\":\"ReadAction\",\"target\":[\"https:\/\/ebenezer-oe.org\/fr\/collaborer-avec-nous\/rejoignez-nous-dans-la-priere\/\"]}]},{\"@type\":\"ImageObject\",\"inLanguage\":\"fr-FR\",\"@id\":\"https:\/\/ebenezer-oe.org\/fr\/collaborer-avec-nous\/rejoignez-nous-dans-la-priere\/#primaryimage\",\"url\":\"https:\/\/ebenezeroe.wpengine.com\/wp-content\/uploads\/2021\/05\/Untitled-design-39.png\",\"contentUrl\":\"https:\/\/ebenezeroe.wpengine.com\/wp-content\/uploads\/2021\/05\/Untitled-design-39.png\"},{\"@type\":\"BreadcrumbList\",\"@id\":\"https:\/\/ebenezer-oe.org\/fr\/collaborer-avec-nous\/rejoignez-nous-dans-la-priere\/#breadcrumb\",\"itemListElement\":[{\"@type\":\"ListItem\",\"position\":1,\"name\":\"Home\",\"item\":\"https:\/\/ebenezer-oe.org\/fr\/\"},{\"@type\":\"ListItem\",\"position\":2,\"name\":\"Collaborer avec nous\",\"item\":\"https:\/\/ebenezer-oe.org\/fr\/collaborer-avec-nous\/\"},{\"@type\":\"ListItem\",\"position\":3,\"name\":\"Rejoignez-nous dans la pri\u00e8re\"}]},{\"@type\":\"WebSite\",\"@id\":\"https:\/\/ebenezer-oe.org\/#website\",\"url\":\"https:\/\/ebenezer-oe.org\/\",\"name\":\"Ebenezer - Operation Exodus\",\"description\":\"\",\"publisher\":{\"@id\":\"https:\/\/ebenezer-oe.org\/#organization\"},\"potentialAction\":[{\"@type\":\"SearchAction\",\"target\":{\"@type\":\"EntryPoint\",\"urlTemplate\":\"https:\/\/ebenezer-oe.org\/?s={search_term_string}\"},\"query-input\":{\"@type\":\"PropertyValueSpecification\",\"valueRequired\":true,\"valueName\":\"search_term_string\"}}],\"inLanguage\":\"fr-FR\"},{\"@type\":\"Organization\",\"@id\":\"https:\/\/ebenezer-oe.org\/#organization\",\"name\":\"Ebenezer - Operation Exodus\",\"url\":\"https:\/\/ebenezer-oe.org\/\",\"logo\":{\"@type\":\"ImageObject\",\"inLanguage\":\"fr-FR\",\"@id\":\"https:\/\/ebenezer-oe.org\/#\/schema\/logo\/image\/\",\"url\":\"https:\/\/ebenezeroe.wpengine.com\/wp-content\/uploads\/2020\/09\/Logo_EOE_EN_Colour-Horizontal.png\",\"contentUrl\":\"https:\/\/ebenezeroe.wpengine.com\/wp-content\/uploads\/2020\/09\/Logo_EOE_EN_Colour-Horizontal.png\",\"width\":1922,\"height\":928,\"caption\":\"Ebenezer - Operation Exodus\"},\"image\":{\"@id\":\"https:\/\/ebenezer-oe.org\/#\/schema\/logo\/image\/\"},\"sameAs\":[\"https:\/\/www.facebook.com\/EbenezerInt\",\"https:\/\/www.instagram.com\/ebenezer_oe_eng\/\",\"https:\/\/www.youtube.com\/channel\/UC6qGHrKKeamFVz95Vd8LR1g\"]}]}<\/script>\n<!-- \/ Yoast SEO plugin. -->","yoast_head_json":{"title":"Rejoignez-nous dans la pri\u00e8re - Ebenezer Operation Exodus","robots":{"index":"index","follow":"follow","max-snippet":"max-snippet:-1","max-image-preview":"max-image-preview:large","max-video-preview":"max-video-preview:-1"},"canonical":"https:\/\/ebenezer-oe.org\/fr\/collaborer-avec-nous\/rejoignez-nous-dans-la-priere\/","og_locale":"fr_FR","og_type":"article","og_title":"Rejoignez-nous dans la pri\u00e8re - Ebenezer Operation Exodus","og_description":"Rejoignez-nous dans la pri\u00e8re Notre organisation est n\u00e9e dans la pri\u00e8re et nos responsables consid\u00e8rent que la pri\u00e8re doit \u00eatre le fondement de toutes nos activit\u00e9s. \u00ab\u00a0Sur tes murs, J\u00e9rusalem, j&rsquo;ai plac\u00e9 des gardes; ils ne se tairont ni jour ni nuit. Vous qui la rappelez au souvenir de l&rsquo;\u00c9ternel, point de repos pour vous!&hellip;","og_url":"https:\/\/ebenezer-oe.org\/fr\/collaborer-avec-nous\/rejoignez-nous-dans-la-priere\/","og_site_name":"Ebenezer Operation Exodus","article_publisher":"https:\/\/www.facebook.com\/EbenezerInt","article_modified_time":"2023-07-25T13:24:18+00:00","og_image":[{"url":"https:\/\/ebenezeroe.wpengine.com\/wp-content\/uploads\/2021\/05\/Untitled-design-39.png","type":"","width":"","height":""}],"twitter_card":"summary_large_image","twitter_misc":{"Dur\u00e9e de lecture estim\u00e9e":"3 minutes"},"schema":{"@context":"https:\/\/schema.org","@graph":[{"@type":"WebPage","@id":"https:\/\/ebenezer-oe.org\/fr\/collaborer-avec-nous\/rejoignez-nous-dans-la-priere\/","url":"https:\/\/ebenezer-oe.org\/fr\/collaborer-avec-nous\/rejoignez-nous-dans-la-priere\/","name":"Rejoignez-nous dans la pri\u00e8re - Ebenezer Operation Exodus","isPartOf":{"@id":"https:\/\/ebenezer-oe.org\/#website"},"primaryImageOfPage":{"@id":"https:\/\/ebenezer-oe.org\/fr\/collaborer-avec-nous\/rejoignez-nous-dans-la-priere\/#primaryimage"},"image":{"@id":"https:\/\/ebenezer-oe.org\/fr\/collaborer-avec-nous\/rejoignez-nous-dans-la-priere\/#primaryimage"},"thumbnailUrl":"https:\/\/ebenezeroe.wpengine.com\/wp-content\/uploads\/2021\/05\/Untitled-design-39.png","datePublished":"2021-07-22T13:58:50+00:00","dateModified":"2023-07-25T13:24:18+00:00","breadcrumb":{"@id":"https:\/\/ebenezer-oe.org\/fr\/collaborer-avec-nous\/rejoignez-nous-dans-la-priere\/#breadcrumb"},"inLanguage":"fr-FR","potentialAction":[{"@type":"ReadAction","target":["https:\/\/ebenezer-oe.org\/fr\/collaborer-avec-nous\/rejoignez-nous-dans-la-priere\/"]}]},{"@type":"ImageObject","inLanguage":"fr-FR","@id":"https:\/\/ebenezer-oe.org\/fr\/collaborer-avec-nous\/rejoignez-nous-dans-la-priere\/#primaryimage","url":"https:\/\/ebenezeroe.wpengine.com\/wp-content\/uploads\/2021\/05\/Untitled-design-39.png","contentUrl":"https:\/\/ebenezeroe.wpengine.com\/wp-content\/uploads\/2021\/05\/Untitled-design-39.png"},{"@type":"BreadcrumbList","@id":"https:\/\/ebenezer-oe.org\/fr\/collaborer-avec-nous\/rejoignez-nous-dans-la-priere\/#breadcrumb","itemListElement":[{"@type":"ListItem","position":1,"name":"Home","item":"https:\/\/ebenezer-oe.org\/fr\/"},{"@type":"ListItem","position":2,"name":"Collaborer avec nous","item":"https:\/\/ebenezer-oe.org\/fr\/collaborer-avec-nous\/"},{"@type":"ListItem","position":3,"name":"Rejoignez-nous dans la pri\u00e8re"}]},{"@type":"WebSite","@id":"https:\/\/ebenezer-oe.org\/#website","url":"https:\/\/ebenezer-oe.org\/","name":"Ebenezer - Operation Exodus","description":"","publisher":{"@id":"https:\/\/ebenezer-oe.org\/#organization"},"potentialAction":[{"@type":"SearchAction","target":{"@type":"EntryPoint","urlTemplate":"https:\/\/ebenezer-oe.org\/?s={search_term_string}"},"query-input":{"@type":"PropertyValueSpecification","valueRequired":true,"valueName":"search_term_string"}}],"inLanguage":"fr-FR"},{"@type":"Organization","@id":"https:\/\/ebenezer-oe.org\/#organization","name":"Ebenezer - Operation Exodus","url":"https:\/\/ebenezer-oe.org\/","logo":{"@type":"ImageObject","inLanguage":"fr-FR","@id":"https:\/\/ebenezer-oe.org\/#\/schema\/logo\/image\/","url":"https:\/\/ebenezeroe.wpengine.com\/wp-content\/uploads\/2020\/09\/Logo_EOE_EN_Colour-Horizontal.png","contentUrl":"https:\/\/ebenezeroe.wpengine.com\/wp-content\/uploads\/2020\/09\/Logo_EOE_EN_Colour-Horizontal.png","width":1922,"height":928,"caption":"Ebenezer - Operation Exodus"},"image":{"@id":"https:\/\/ebenezer-oe.org\/#\/schema\/logo\/image\/"},"sameAs":["https:\/\/www.facebook.com\/EbenezerInt","https:\/\/www.instagram.com\/ebenezer_oe_eng\/","https:\/\/www.youtube.com\/channel\/UC6qGHrKKeamFVz95Vd8LR1g"]}]}},"_links":{"self":[{"href":"https:\/\/ebenezer-oe.org\/fr\/wp-json\/wp\/v2\/pages\/6952","targetHints":{"allow":["GET"]}}],"collection":[{"href":"https:\/\/ebenezer-oe.org\/fr\/wp-json\/wp\/v2\/pages"}],"about":[{"href":"https:\/\/ebenezer-oe.org\/fr\/wp-json\/wp\/v2\/types\/page"}],"author":[{"embeddable":true,"href":"https:\/\/ebenezer-oe.org\/fr\/wp-json\/wp\/v2\/users\/1"}],"replies":[{"embeddable":true,"href":"https:\/\/ebenezer-oe.org\/fr\/wp-json\/wp\/v2\/comments?post=6952"}],"version-history":[{"count":0,"href":"https:\/\/ebenezer-oe.org\/fr\/wp-json\/wp\/v2\/pages\/6952\/revisions"}],"up":[{"embeddable":true,"href":"https:\/\/ebenezer-oe.org\/fr\/wp-json\/wp\/v2\/pages\/6836"}],"wp:attachment":[{"href":"https:\/\/ebenezer-oe.org\/fr\/wp-json\/wp\/v2\/media?parent=6952"}],"curies":[{"name":"wp","href":"https:\/\/api.w.org\/{rel}","templated":true}]}}