{"id":7131,"date":"2021-07-22T14:31:57","date_gmt":"2021-07-22T14:31:57","guid":{"rendered":"https:\/\/ebenezer-oe.org\/collaborer-avec-nous\/volontaire\/"},"modified":"2025-12-09T12:41:43","modified_gmt":"2025-12-09T12:41:43","slug":"volontaire","status":"publish","type":"page","link":"https:\/\/ebenezer-oe.org\/fr\/collaborer-avec-nous\/volontaire\/","title":{"rendered":"Volontaire"},"content":{"rendered":"\n<h1>\n\t\t\tOpportunit\u00e9s de Volontaire\t<\/h1>\n\t<p><em>&lsquo;Puisque chacun a re\u00e7u un don, mettez-le au service des autres en bons intendants de la gr\u00e2ce si diverse de Dieu.&rsquo; <\/em><\/p>\n<p><em>(1 Pierre 4:10)<\/em><\/p>\n\t<h2>Nous avons de nombreuses opportunit\u00e9s dans diff\u00e9rentes parties du monde pour ceux qui veulent servir en tant que volontaires &#8230;<\/h2>\n\t<p>Chaque ann\u00e9e, des dizaines de milliers de personnes juives des quatre coins du monde prennent la d\u00e9cision capitale de quitter leur pays et de d\u00e9m\u00e9nager en Isra\u00ebl, de &lsquo;faire leur Aliya&rsquo;.<\/p>\n<p>Cela peut \u00eatre un processus difficile, en particulier dans certaines r\u00e9gions du monde. Nos volontaires les accompagnent et les aident de diff\u00e9rentes fa\u00e7ons. <\/p>\n\t<p>En choisissant de servir avec Ebenezer Operation Exodus, vous aurez l&rsquo;opportunit\u00e9 d&rsquo;utiliser vos dons et vos talents donn\u00e9s par Dieu afin de participer \u00e0 l&rsquo;Aliya du peuple juif. . C&rsquo;est un temps incroyable et beaucoup ont d\u00e9couvert que leur vie a chang\u00e9 d&rsquo;une mani\u00e8re qu&rsquo;ils auraient difficilement pu imaginer, bien qu&rsquo;il faille souvent pers\u00e9v\u00e9rer lorsque les t\u00e2ches sont fatigantes ou que le r\u00e9veil sonne \u00e0 des heures inhabituelles.<\/p>\n<p>En outre, il va sans dire que si vous choisissez de servir avec nous, vous devez \u00eatre capable et d\u00e9sireux de travailler au sein d&rsquo;une \u00e9quipe.<\/p>\n<h2>\n\t\t\tT\u00e9moignages\t<\/h2>\n\t\t\t\t<img decoding=\"async\" data-src=\"https:\/\/ebenezeroe.wpengine.com\/wp-content\/uploads\/2021\/05\/vol-mex-daniela-150x150.jpg\" alt=\"vol-mex-daniela\" itemprop=\"image\" title=\"vol-mex-daniela\" onerror=\"this.style.display='none'\" src=\"data:image\/svg+xml;base64,PHN2ZyB3aWR0aD0iMSIgaGVpZ2h0PSIxIiB4bWxucz0iaHR0cDovL3d3dy53My5vcmcvMjAwMC9zdmciPjwvc3ZnPg==\" class=\"lazyload\" style=\"--smush-placeholder-width: 150px; --smush-placeholder-aspect-ratio: 150\/150;\" \/>\n\t<p>Daniela<\/p>\n\t<p>Volontaire en Argentine<\/p>\n\t<p>\u00ab\u00a0<i>J&rsquo;ai pass\u00e9 six mois en Argentine afin de partager le message de l&rsquo;Aliya dans les \u00e9glises et avec le peuple juif. J&rsquo;ai grandi dans la compr\u00e9hension de l&rsquo;amour de Dieu pour Son peuple. Je suis mexicaine, je pensais donc que ce serait facile d&rsquo;\u00eatre dans un pays hispanophone. Il y a eu des d\u00e9fis mais ceux-ci m&rsquo;ont fait r\u00e9aliser que l&rsquo;amour pratique change les personnes. Son amour pour le peuple juif m&rsquo;a \u00e9galement chang\u00e9e!\u00a0\u00bb<\/i><\/p>\n\t\t\t\t<img decoding=\"async\" data-src=\"https:\/\/ebenezeroe.wpengine.com\/wp-content\/uploads\/2021\/05\/vol-scot-guy-150x150.jpg\" alt=\"vol-scot-guy\" itemprop=\"image\" title=\"vol-scot-guy\" onerror=\"this.style.display='none'\" src=\"data:image\/svg+xml;base64,PHN2ZyB3aWR0aD0iMSIgaGVpZ2h0PSIxIiB4bWxucz0iaHR0cDovL3d3dy53My5vcmcvMjAwMC9zdmciPjwvc3ZnPg==\" class=\"lazyload\" style=\"--smush-placeholder-width: 150px; --smush-placeholder-aspect-ratio: 150\/150;\" \/>\n\t<p>Guy<\/p>\n\t<p>Volontaire en Ukraine<\/p>\n\t<p>\u00ab\u00a0<i>Mon temps de volontariat a r\u00e9v\u00e9l\u00e9 la saintet\u00e9 et les choses spirituelles de Dieu qui peuvent se produire \u00e0 travers des t\u00e2ches pratiques qui paraissent ordinaires, des t\u00e2ches de tous les jours, comme par exemple aider le peuple juif \u00e0 l&rsquo;a\u00e9roport. Vous impactez les autres en \u00e9tant un outil pour que le Seigneur puisse montrer Son amour et Son caract\u00e8re \u00e0 travers vous et vos actions. R\u00e9pondre simplement &lsquo;pr\u00e9sent&rsquo; est tout ce dont le Seigneur a besoin pour travailler.<\/i>\u00ab\u00a0<\/p>\n\t\t\t\t<img decoding=\"async\" data-src=\"https:\/\/ebenezeroe.wpengine.com\/wp-content\/uploads\/2021\/05\/vol-fr-sarah-150x150.jpg\" alt=\"vol-fr-sarah\" itemprop=\"image\" title=\"vol-fr-sarah\" onerror=\"this.style.display='none'\" src=\"data:image\/svg+xml;base64,PHN2ZyB3aWR0aD0iMSIgaGVpZ2h0PSIxIiB4bWxucz0iaHR0cDovL3d3dy53My5vcmcvMjAwMC9zdmciPjwvc3ZnPg==\" class=\"lazyload\" style=\"--smush-placeholder-width: 150px; --smush-placeholder-aspect-ratio: 150\/150;\" \/>\n\t<p>Sarah<\/p>\n\t<p>Volontaire au sein de l&rsquo;Union sovi\u00e9tique<\/p>\n\t<p>\u00ab\u00a0<i>J&rsquo;ai entendu un membre de l&rsquo;\u00e9quipe dans la FSU parler de son travail avec tellement de joie et je savais que je devais aider! Malgr\u00e9 mes nombreuses questions, je savais que c&rsquo;\u00e9tait ce que je voulais et Dieu l&rsquo;a confirm\u00e9. Chaque jour, je me suis sentie plus proche de Lui. Mon voyage a compl\u00e8tement chang\u00e9 ma vie. Dieu est devenu ma priorit\u00e9 et maintenant lorsque je lis ma Bible, je comprends Son plan pour le peuple juif car j&rsquo;\u00e9tais l\u00e0 pour en \u00eatre t\u00e9moin!\u00a0\u00bb<\/i><\/p>\n<h1>\n\t\t\tNous serons ravis de vous entendre.\t<\/h1>\n\t<p>Si vous souhaitez \u00eatre impliqu\u00e9 et ressentez que Dieu vous appelle \u00e0 donner de votre temps comme volontaire, merci de nous contacter. Donnez-nous un court t\u00e9moignage de la fa\u00e7on dont Dieu a parl\u00e9 \u00e0 votre c\u0153ur et quelles sont vos comp\u00e9tences et vos dons.<\/p>\n\t\t\t<a href=\"https:\/\/ebenezer-oe.org\/fr\/contactez-nous\/\" target=\"_self\">\n\t\t\t\t\t\t\tVolontaire\n\t\t\t\t\t<\/a>\n\t<p>(\u00c0 cause des restrictions de voyages impos\u00e9es par le coronavirus, il est probable que nous ne puissions seulement vous offrir une place dans votre nation, en esp\u00e9rant que la situation change rapidement. Merci de v\u00e9rifier la situation en cours lorsque vous <a href=\"https:\/\/ebenezeroe.wpengine.com\/fr\/contactez-nous\/\">nous contacterez<\/a>.)<\/p>\n\n","protected":false},"excerpt":{"rendered":"<p>Opportunit\u00e9s de Volontaire &lsquo;Puisque chacun a re\u00e7u un don, mettez-le au service des autres en bons intendants de la gr\u00e2ce si diverse de Dieu.&rsquo; (1 Pierre 4:10) Nous avons de nombreuses opportunit\u00e9s dans diff\u00e9rentes parties du monde pour ceux qui veulent servir en tant que volontaires &#8230; Chaque ann\u00e9e, des dizaines de milliers de personnes&hellip;<\/p>\n","protected":false},"author":1,"featured_media":0,"parent":6836,"menu_order":2,"comment_status":"closed","ping_status":"closed","template":"","meta":{"footnotes":""},"class_list":["post-7131","page","type-page","status-publish","hentry"],"yoast_head":"<!-- This site is optimized with the Yoast SEO plugin v27.2 - https:\/\/yoast.com\/product\/yoast-seo-wordpress\/ -->\n<title>Volontaire - Ebenezer Operation Exodus<\/title>\n<meta name=\"robots\" content=\"index, follow, max-snippet:-1, max-image-preview:large, max-video-preview:-1\" \/>\n<link rel=\"canonical\" href=\"https:\/\/ebenezer-oe.org\/fr\/collaborer-avec-nous\/volontaire\/\" \/>\n<meta property=\"og:locale\" content=\"fr_FR\" \/>\n<meta property=\"og:type\" content=\"article\" \/>\n<meta property=\"og:title\" content=\"Volontaire - Ebenezer Operation Exodus\" \/>\n<meta property=\"og:description\" content=\"Opportunit\u00e9s de Volontaire &lsquo;Puisque chacun a re\u00e7u un don, mettez-le au service des autres en bons intendants de la gr\u00e2ce si diverse de Dieu.&rsquo; (1 Pierre 4:10) Nous avons de nombreuses opportunit\u00e9s dans diff\u00e9rentes parties du monde pour ceux qui veulent servir en tant que volontaires &#8230; Chaque ann\u00e9e, des dizaines de milliers de personnes&hellip;\" \/>\n<meta property=\"og:url\" content=\"https:\/\/ebenezer-oe.org\/fr\/collaborer-avec-nous\/volontaire\/\" \/>\n<meta property=\"og:site_name\" content=\"Ebenezer Operation Exodus\" \/>\n<meta property=\"article:publisher\" content=\"https:\/\/www.facebook.com\/EbenezerInt\" \/>\n<meta property=\"article:modified_time\" content=\"2025-12-09T12:41:43+00:00\" \/>\n<meta property=\"og:image\" content=\"https:\/\/ebenezeroe.wpengine.com\/wp-content\/uploads\/2021\/05\/vol-mex-daniela-150x150.jpg\" \/>\n<meta name=\"twitter:card\" content=\"summary_large_image\" \/>\n<meta name=\"twitter:label1\" content=\"Dur\u00e9e de lecture estim\u00e9e\" \/>\n\t<meta name=\"twitter:data1\" content=\"3 minutes\" \/>\n<script type=\"application\/ld+json\" class=\"yoast-schema-graph\">{\"@context\":\"https:\/\/schema.org\",\"@graph\":[{\"@type\":\"WebPage\",\"@id\":\"https:\/\/ebenezer-oe.org\/fr\/collaborer-avec-nous\/volontaire\/\",\"url\":\"https:\/\/ebenezer-oe.org\/fr\/collaborer-avec-nous\/volontaire\/\",\"name\":\"Volontaire - Ebenezer Operation Exodus\",\"isPartOf\":{\"@id\":\"https:\/\/ebenezer-oe.org\/#website\"},\"primaryImageOfPage\":{\"@id\":\"https:\/\/ebenezer-oe.org\/fr\/collaborer-avec-nous\/volontaire\/#primaryimage\"},\"image\":{\"@id\":\"https:\/\/ebenezer-oe.org\/fr\/collaborer-avec-nous\/volontaire\/#primaryimage\"},\"thumbnailUrl\":\"https:\/\/ebenezeroe.wpengine.com\/wp-content\/uploads\/2021\/05\/vol-mex-daniela-150x150.jpg\",\"datePublished\":\"2021-07-22T14:31:57+00:00\",\"dateModified\":\"2025-12-09T12:41:43+00:00\",\"breadcrumb\":{\"@id\":\"https:\/\/ebenezer-oe.org\/fr\/collaborer-avec-nous\/volontaire\/#breadcrumb\"},\"inLanguage\":\"fr-FR\",\"potentialAction\":[{\"@type\":\"ReadAction\",\"target\":[\"https:\/\/ebenezer-oe.org\/fr\/collaborer-avec-nous\/volontaire\/\"]}]},{\"@type\":\"ImageObject\",\"inLanguage\":\"fr-FR\",\"@id\":\"https:\/\/ebenezer-oe.org\/fr\/collaborer-avec-nous\/volontaire\/#primaryimage\",\"url\":\"https:\/\/ebenezeroe.wpengine.com\/wp-content\/uploads\/2021\/05\/vol-mex-daniela-150x150.jpg\",\"contentUrl\":\"https:\/\/ebenezeroe.wpengine.com\/wp-content\/uploads\/2021\/05\/vol-mex-daniela-150x150.jpg\"},{\"@type\":\"BreadcrumbList\",\"@id\":\"https:\/\/ebenezer-oe.org\/fr\/collaborer-avec-nous\/volontaire\/#breadcrumb\",\"itemListElement\":[{\"@type\":\"ListItem\",\"position\":1,\"name\":\"Home\",\"item\":\"https:\/\/ebenezer-oe.org\/fr\/\"},{\"@type\":\"ListItem\",\"position\":2,\"name\":\"Collaborer avec nous\",\"item\":\"https:\/\/ebenezer-oe.org\/fr\/collaborer-avec-nous\/\"},{\"@type\":\"ListItem\",\"position\":3,\"name\":\"Volontaire\"}]},{\"@type\":\"WebSite\",\"@id\":\"https:\/\/ebenezer-oe.org\/#website\",\"url\":\"https:\/\/ebenezer-oe.org\/\",\"name\":\"Ebenezer - Operation Exodus\",\"description\":\"\",\"publisher\":{\"@id\":\"https:\/\/ebenezer-oe.org\/#organization\"},\"potentialAction\":[{\"@type\":\"SearchAction\",\"target\":{\"@type\":\"EntryPoint\",\"urlTemplate\":\"https:\/\/ebenezer-oe.org\/?s={search_term_string}\"},\"query-input\":{\"@type\":\"PropertyValueSpecification\",\"valueRequired\":true,\"valueName\":\"search_term_string\"}}],\"inLanguage\":\"fr-FR\"},{\"@type\":\"Organization\",\"@id\":\"https:\/\/ebenezer-oe.org\/#organization\",\"name\":\"Ebenezer - Operation Exodus\",\"url\":\"https:\/\/ebenezer-oe.org\/\",\"logo\":{\"@type\":\"ImageObject\",\"inLanguage\":\"fr-FR\",\"@id\":\"https:\/\/ebenezer-oe.org\/#\/schema\/logo\/image\/\",\"url\":\"https:\/\/ebenezeroe.wpengine.com\/wp-content\/uploads\/2020\/09\/Logo_EOE_EN_Colour-Horizontal.png\",\"contentUrl\":\"https:\/\/ebenezeroe.wpengine.com\/wp-content\/uploads\/2020\/09\/Logo_EOE_EN_Colour-Horizontal.png\",\"width\":1922,\"height\":928,\"caption\":\"Ebenezer - Operation Exodus\"},\"image\":{\"@id\":\"https:\/\/ebenezer-oe.org\/#\/schema\/logo\/image\/\"},\"sameAs\":[\"https:\/\/www.facebook.com\/EbenezerInt\",\"https:\/\/www.instagram.com\/ebenezer_oe_eng\/\",\"https:\/\/www.youtube.com\/channel\/UC6qGHrKKeamFVz95Vd8LR1g\"]}]}<\/script>\n<!-- \/ Yoast SEO plugin. -->","yoast_head_json":{"title":"Volontaire - Ebenezer Operation Exodus","robots":{"index":"index","follow":"follow","max-snippet":"max-snippet:-1","max-image-preview":"max-image-preview:large","max-video-preview":"max-video-preview:-1"},"canonical":"https:\/\/ebenezer-oe.org\/fr\/collaborer-avec-nous\/volontaire\/","og_locale":"fr_FR","og_type":"article","og_title":"Volontaire - Ebenezer Operation Exodus","og_description":"Opportunit\u00e9s de Volontaire &lsquo;Puisque chacun a re\u00e7u un don, mettez-le au service des autres en bons intendants de la gr\u00e2ce si diverse de Dieu.&rsquo; (1 Pierre 4:10) Nous avons de nombreuses opportunit\u00e9s dans diff\u00e9rentes parties du monde pour ceux qui veulent servir en tant que volontaires &#8230; Chaque ann\u00e9e, des dizaines de milliers de personnes&hellip;","og_url":"https:\/\/ebenezer-oe.org\/fr\/collaborer-avec-nous\/volontaire\/","og_site_name":"Ebenezer Operation Exodus","article_publisher":"https:\/\/www.facebook.com\/EbenezerInt","article_modified_time":"2025-12-09T12:41:43+00:00","og_image":[{"url":"https:\/\/ebenezeroe.wpengine.com\/wp-content\/uploads\/2021\/05\/vol-mex-daniela-150x150.jpg","type":"","width":"","height":""}],"twitter_card":"summary_large_image","twitter_misc":{"Dur\u00e9e de lecture estim\u00e9e":"3 minutes"},"schema":{"@context":"https:\/\/schema.org","@graph":[{"@type":"WebPage","@id":"https:\/\/ebenezer-oe.org\/fr\/collaborer-avec-nous\/volontaire\/","url":"https:\/\/ebenezer-oe.org\/fr\/collaborer-avec-nous\/volontaire\/","name":"Volontaire - Ebenezer Operation Exodus","isPartOf":{"@id":"https:\/\/ebenezer-oe.org\/#website"},"primaryImageOfPage":{"@id":"https:\/\/ebenezer-oe.org\/fr\/collaborer-avec-nous\/volontaire\/#primaryimage"},"image":{"@id":"https:\/\/ebenezer-oe.org\/fr\/collaborer-avec-nous\/volontaire\/#primaryimage"},"thumbnailUrl":"https:\/\/ebenezeroe.wpengine.com\/wp-content\/uploads\/2021\/05\/vol-mex-daniela-150x150.jpg","datePublished":"2021-07-22T14:31:57+00:00","dateModified":"2025-12-09T12:41:43+00:00","breadcrumb":{"@id":"https:\/\/ebenezer-oe.org\/fr\/collaborer-avec-nous\/volontaire\/#breadcrumb"},"inLanguage":"fr-FR","potentialAction":[{"@type":"ReadAction","target":["https:\/\/ebenezer-oe.org\/fr\/collaborer-avec-nous\/volontaire\/"]}]},{"@type":"ImageObject","inLanguage":"fr-FR","@id":"https:\/\/ebenezer-oe.org\/fr\/collaborer-avec-nous\/volontaire\/#primaryimage","url":"https:\/\/ebenezeroe.wpengine.com\/wp-content\/uploads\/2021\/05\/vol-mex-daniela-150x150.jpg","contentUrl":"https:\/\/ebenezeroe.wpengine.com\/wp-content\/uploads\/2021\/05\/vol-mex-daniela-150x150.jpg"},{"@type":"BreadcrumbList","@id":"https:\/\/ebenezer-oe.org\/fr\/collaborer-avec-nous\/volontaire\/#breadcrumb","itemListElement":[{"@type":"ListItem","position":1,"name":"Home","item":"https:\/\/ebenezer-oe.org\/fr\/"},{"@type":"ListItem","position":2,"name":"Collaborer avec nous","item":"https:\/\/ebenezer-oe.org\/fr\/collaborer-avec-nous\/"},{"@type":"ListItem","position":3,"name":"Volontaire"}]},{"@type":"WebSite","@id":"https:\/\/ebenezer-oe.org\/#website","url":"https:\/\/ebenezer-oe.org\/","name":"Ebenezer - Operation Exodus","description":"","publisher":{"@id":"https:\/\/ebenezer-oe.org\/#organization"},"potentialAction":[{"@type":"SearchAction","target":{"@type":"EntryPoint","urlTemplate":"https:\/\/ebenezer-oe.org\/?s={search_term_string}"},"query-input":{"@type":"PropertyValueSpecification","valueRequired":true,"valueName":"search_term_string"}}],"inLanguage":"fr-FR"},{"@type":"Organization","@id":"https:\/\/ebenezer-oe.org\/#organization","name":"Ebenezer - Operation Exodus","url":"https:\/\/ebenezer-oe.org\/","logo":{"@type":"ImageObject","inLanguage":"fr-FR","@id":"https:\/\/ebenezer-oe.org\/#\/schema\/logo\/image\/","url":"https:\/\/ebenezeroe.wpengine.com\/wp-content\/uploads\/2020\/09\/Logo_EOE_EN_Colour-Horizontal.png","contentUrl":"https:\/\/ebenezeroe.wpengine.com\/wp-content\/uploads\/2020\/09\/Logo_EOE_EN_Colour-Horizontal.png","width":1922,"height":928,"caption":"Ebenezer - Operation Exodus"},"image":{"@id":"https:\/\/ebenezer-oe.org\/#\/schema\/logo\/image\/"},"sameAs":["https:\/\/www.facebook.com\/EbenezerInt","https:\/\/www.instagram.com\/ebenezer_oe_eng\/","https:\/\/www.youtube.com\/channel\/UC6qGHrKKeamFVz95Vd8LR1g"]}]}},"_links":{"self":[{"href":"https:\/\/ebenezer-oe.org\/fr\/wp-json\/wp\/v2\/pages\/7131","targetHints":{"allow":["GET"]}}],"collection":[{"href":"https:\/\/ebenezer-oe.org\/fr\/wp-json\/wp\/v2\/pages"}],"about":[{"href":"https:\/\/ebenezer-oe.org\/fr\/wp-json\/wp\/v2\/types\/page"}],"author":[{"embeddable":true,"href":"https:\/\/ebenezer-oe.org\/fr\/wp-json\/wp\/v2\/users\/1"}],"replies":[{"embeddable":true,"href":"https:\/\/ebenezer-oe.org\/fr\/wp-json\/wp\/v2\/comments?post=7131"}],"version-history":[{"count":0,"href":"https:\/\/ebenezer-oe.org\/fr\/wp-json\/wp\/v2\/pages\/7131\/revisions"}],"up":[{"embeddable":true,"href":"https:\/\/ebenezer-oe.org\/fr\/wp-json\/wp\/v2\/pages\/6836"}],"wp:attachment":[{"href":"https:\/\/ebenezer-oe.org\/fr\/wp-json\/wp\/v2\/media?parent=7131"}],"curies":[{"name":"wp","href":"https:\/\/api.w.org\/{rel}","templated":true}]}}