{"id":7495,"date":"2021-07-22T16:05:39","date_gmt":"2021-07-22T16:05:39","guid":{"rendered":"https:\/\/ebenezer-oe.org\/faire-un-don\/"},"modified":"2024-02-19T09:14:35","modified_gmt":"2024-02-19T09:14:35","slug":"faire-un-don","status":"publish","type":"page","link":"https:\/\/ebenezer-oe.org\/fr\/faire-un-don\/","title":{"rendered":"Faire un don"},"content":{"rendered":"\n\n\t<h2>Faire un don<\/h2>\n\t<p>&nbsp;<\/p>\n<p>&nbsp;<\/p>\n\t<p>Notre travail se poursuit dans plus de 55 pays, sur tous les continents.<\/p>\n<p>Si vous souhaitez collaborer avec nous en apportant une contribution financi\u00e8re, nous vous en serions tr\u00e8s reconnaissants.<\/p>\n\t<p>Vous pouvez le faire de plusieurs fa\u00e7ons:<\/p>\n\t\t<h3><a href=\"https:\/\/www.paypal.com\/donate?token=VlI0Sg6zXkYiT2CSdhpZMff9szrsGZOzeOsavd6MzdVzp__VwgdIIdboSYnBS_EGM9vhCNVeD0VHCCDR\" target=\"_self\" rel=\"noopener\">Paypal<\/a><\/h3><p>Donnez via un compte Paypal ou en utilisant votre carte bancaire. (Il n&rsquo;est pas n\u00e9cessaire d&rsquo;avoir un compte Paypal.)<\/p>\n\t\t\t<a href=\"https:\/\/www.paypal.com\/donate?hosted_button_id=LYA8PTHMA4ZGN\" target=\"_blank\" rel=\"noopener\">\n\t\t\t\t\t\t\tFaire un don\n\t\t\t\t\t<\/a>\n\t\t<h3><a href=\"https:\/\/ebenezeroe.wpengine.com\/fr\/contactez-nous\/\" target=\"_self\" rel=\"noopener\">Virement bancaire<\/a><\/h3><p>Demander nos coordonn\u00e9es bancaires<\/p>\n<p>&nbsp;<\/p>\n\t\t\t<a href=\"https:\/\/ebenezer-oe.org\/fr\/contactez-nous\/\" target=\"_self\" rel=\"noopener\">\n\t\t\t\t\t\t\tDemande informations\n\t\t\t\t\t<\/a>\n\t\t<h3><a href=\"https:\/\/secured.israelgives.org\/donate\/Operation_Exodus_Israel?_branch_match_id=486075015344824811\" target=\"_self\" rel=\"noopener\">Israel Gives<\/a><\/h3><p>Cliquez sur le bouton suivant pour vous rendre sur le site web IsraelGives.<\/p>\n\t\t\t<a href=\"https:\/\/secured.israelgives.org\/donate\/Operation_Exodus_Israel?_branch_match_id=486075015344824811\" target=\"_blank\" rel=\"noopener\">\n\t\t\t\t\t\t\tIsrael Gives\n\t\t\t\t\t<\/a>\n\n","protected":false},"excerpt":{"rendered":"<p>Faire un don &nbsp; &nbsp; Notre travail se poursuit dans plus de 55 pays, sur tous les continents. Si vous souhaitez collaborer avec nous en apportant une contribution financi\u00e8re, nous vous en serions tr\u00e8s reconnaissants. Vous pouvez le faire de plusieurs fa\u00e7ons: Paypal Donnez via un compte Paypal ou en utilisant votre carte bancaire. (Il&hellip;<\/p>\n","protected":false},"author":1,"featured_media":0,"parent":0,"menu_order":0,"comment_status":"closed","ping_status":"closed","template":"","meta":{"footnotes":""},"class_list":["post-7495","page","type-page","status-publish","hentry"],"yoast_head":"<!-- This site is optimized with the Yoast SEO plugin v27.2 - https:\/\/yoast.com\/product\/yoast-seo-wordpress\/ -->\n<title>Faire un don - Ebenezer Operation Exodus<\/title>\n<meta name=\"robots\" content=\"index, follow, max-snippet:-1, max-image-preview:large, max-video-preview:-1\" \/>\n<link rel=\"canonical\" href=\"https:\/\/ebenezer-oe.org\/fr\/faire-un-don\/\" \/>\n<meta property=\"og:locale\" content=\"fr_FR\" \/>\n<meta property=\"og:type\" content=\"article\" \/>\n<meta property=\"og:title\" content=\"Faire un don - Ebenezer Operation Exodus\" \/>\n<meta property=\"og:description\" content=\"Faire un don &nbsp; &nbsp; Notre travail se poursuit dans plus de 55 pays, sur tous les continents. Si vous souhaitez collaborer avec nous en apportant une contribution financi\u00e8re, nous vous en serions tr\u00e8s reconnaissants. Vous pouvez le faire de plusieurs fa\u00e7ons: Paypal Donnez via un compte Paypal ou en utilisant votre carte bancaire. (Il&hellip;\" \/>\n<meta property=\"og:url\" content=\"https:\/\/ebenezer-oe.org\/fr\/faire-un-don\/\" \/>\n<meta property=\"og:site_name\" content=\"Ebenezer Operation Exodus\" \/>\n<meta property=\"article:publisher\" content=\"https:\/\/www.facebook.com\/EbenezerInt\" \/>\n<meta property=\"article:modified_time\" content=\"2024-02-19T09:14:35+00:00\" \/>\n<meta name=\"twitter:card\" content=\"summary_large_image\" \/>\n<script type=\"application\/ld+json\" class=\"yoast-schema-graph\">{\"@context\":\"https:\/\/schema.org\",\"@graph\":[{\"@type\":\"WebPage\",\"@id\":\"https:\/\/ebenezer-oe.org\/fr\/faire-un-don\/\",\"url\":\"https:\/\/ebenezer-oe.org\/fr\/faire-un-don\/\",\"name\":\"Faire un don - Ebenezer Operation Exodus\",\"isPartOf\":{\"@id\":\"https:\/\/ebenezer-oe.org\/#website\"},\"datePublished\":\"2021-07-22T16:05:39+00:00\",\"dateModified\":\"2024-02-19T09:14:35+00:00\",\"breadcrumb\":{\"@id\":\"https:\/\/ebenezer-oe.org\/fr\/faire-un-don\/#breadcrumb\"},\"inLanguage\":\"fr-FR\",\"potentialAction\":[{\"@type\":\"ReadAction\",\"target\":[\"https:\/\/ebenezer-oe.org\/fr\/faire-un-don\/\"]}]},{\"@type\":\"BreadcrumbList\",\"@id\":\"https:\/\/ebenezer-oe.org\/fr\/faire-un-don\/#breadcrumb\",\"itemListElement\":[{\"@type\":\"ListItem\",\"position\":1,\"name\":\"Home\",\"item\":\"https:\/\/ebenezer-oe.org\/fr\/\"},{\"@type\":\"ListItem\",\"position\":2,\"name\":\"Faire un don\"}]},{\"@type\":\"WebSite\",\"@id\":\"https:\/\/ebenezer-oe.org\/#website\",\"url\":\"https:\/\/ebenezer-oe.org\/\",\"name\":\"Ebenezer - Operation Exodus\",\"description\":\"\",\"publisher\":{\"@id\":\"https:\/\/ebenezer-oe.org\/#organization\"},\"potentialAction\":[{\"@type\":\"SearchAction\",\"target\":{\"@type\":\"EntryPoint\",\"urlTemplate\":\"https:\/\/ebenezer-oe.org\/?s={search_term_string}\"},\"query-input\":{\"@type\":\"PropertyValueSpecification\",\"valueRequired\":true,\"valueName\":\"search_term_string\"}}],\"inLanguage\":\"fr-FR\"},{\"@type\":\"Organization\",\"@id\":\"https:\/\/ebenezer-oe.org\/#organization\",\"name\":\"Ebenezer - Operation Exodus\",\"url\":\"https:\/\/ebenezer-oe.org\/\",\"logo\":{\"@type\":\"ImageObject\",\"inLanguage\":\"fr-FR\",\"@id\":\"https:\/\/ebenezer-oe.org\/#\/schema\/logo\/image\/\",\"url\":\"https:\/\/ebenezeroe.wpengine.com\/wp-content\/uploads\/2020\/09\/Logo_EOE_EN_Colour-Horizontal.png\",\"contentUrl\":\"https:\/\/ebenezeroe.wpengine.com\/wp-content\/uploads\/2020\/09\/Logo_EOE_EN_Colour-Horizontal.png\",\"width\":1922,\"height\":928,\"caption\":\"Ebenezer - Operation Exodus\"},\"image\":{\"@id\":\"https:\/\/ebenezer-oe.org\/#\/schema\/logo\/image\/\"},\"sameAs\":[\"https:\/\/www.facebook.com\/EbenezerInt\",\"https:\/\/www.instagram.com\/ebenezer_oe_eng\/\",\"https:\/\/www.youtube.com\/channel\/UC6qGHrKKeamFVz95Vd8LR1g\"]}]}<\/script>\n<!-- \/ Yoast SEO plugin. -->","yoast_head_json":{"title":"Faire un don - Ebenezer Operation Exodus","robots":{"index":"index","follow":"follow","max-snippet":"max-snippet:-1","max-image-preview":"max-image-preview:large","max-video-preview":"max-video-preview:-1"},"canonical":"https:\/\/ebenezer-oe.org\/fr\/faire-un-don\/","og_locale":"fr_FR","og_type":"article","og_title":"Faire un don - Ebenezer Operation Exodus","og_description":"Faire un don &nbsp; &nbsp; Notre travail se poursuit dans plus de 55 pays, sur tous les continents. Si vous souhaitez collaborer avec nous en apportant une contribution financi\u00e8re, nous vous en serions tr\u00e8s reconnaissants. Vous pouvez le faire de plusieurs fa\u00e7ons: Paypal Donnez via un compte Paypal ou en utilisant votre carte bancaire. (Il&hellip;","og_url":"https:\/\/ebenezer-oe.org\/fr\/faire-un-don\/","og_site_name":"Ebenezer Operation Exodus","article_publisher":"https:\/\/www.facebook.com\/EbenezerInt","article_modified_time":"2024-02-19T09:14:35+00:00","twitter_card":"summary_large_image","schema":{"@context":"https:\/\/schema.org","@graph":[{"@type":"WebPage","@id":"https:\/\/ebenezer-oe.org\/fr\/faire-un-don\/","url":"https:\/\/ebenezer-oe.org\/fr\/faire-un-don\/","name":"Faire un don - Ebenezer Operation Exodus","isPartOf":{"@id":"https:\/\/ebenezer-oe.org\/#website"},"datePublished":"2021-07-22T16:05:39+00:00","dateModified":"2024-02-19T09:14:35+00:00","breadcrumb":{"@id":"https:\/\/ebenezer-oe.org\/fr\/faire-un-don\/#breadcrumb"},"inLanguage":"fr-FR","potentialAction":[{"@type":"ReadAction","target":["https:\/\/ebenezer-oe.org\/fr\/faire-un-don\/"]}]},{"@type":"BreadcrumbList","@id":"https:\/\/ebenezer-oe.org\/fr\/faire-un-don\/#breadcrumb","itemListElement":[{"@type":"ListItem","position":1,"name":"Home","item":"https:\/\/ebenezer-oe.org\/fr\/"},{"@type":"ListItem","position":2,"name":"Faire un don"}]},{"@type":"WebSite","@id":"https:\/\/ebenezer-oe.org\/#website","url":"https:\/\/ebenezer-oe.org\/","name":"Ebenezer - Operation Exodus","description":"","publisher":{"@id":"https:\/\/ebenezer-oe.org\/#organization"},"potentialAction":[{"@type":"SearchAction","target":{"@type":"EntryPoint","urlTemplate":"https:\/\/ebenezer-oe.org\/?s={search_term_string}"},"query-input":{"@type":"PropertyValueSpecification","valueRequired":true,"valueName":"search_term_string"}}],"inLanguage":"fr-FR"},{"@type":"Organization","@id":"https:\/\/ebenezer-oe.org\/#organization","name":"Ebenezer - Operation Exodus","url":"https:\/\/ebenezer-oe.org\/","logo":{"@type":"ImageObject","inLanguage":"fr-FR","@id":"https:\/\/ebenezer-oe.org\/#\/schema\/logo\/image\/","url":"https:\/\/ebenezeroe.wpengine.com\/wp-content\/uploads\/2020\/09\/Logo_EOE_EN_Colour-Horizontal.png","contentUrl":"https:\/\/ebenezeroe.wpengine.com\/wp-content\/uploads\/2020\/09\/Logo_EOE_EN_Colour-Horizontal.png","width":1922,"height":928,"caption":"Ebenezer - Operation Exodus"},"image":{"@id":"https:\/\/ebenezer-oe.org\/#\/schema\/logo\/image\/"},"sameAs":["https:\/\/www.facebook.com\/EbenezerInt","https:\/\/www.instagram.com\/ebenezer_oe_eng\/","https:\/\/www.youtube.com\/channel\/UC6qGHrKKeamFVz95Vd8LR1g"]}]}},"_links":{"self":[{"href":"https:\/\/ebenezer-oe.org\/fr\/wp-json\/wp\/v2\/pages\/7495","targetHints":{"allow":["GET"]}}],"collection":[{"href":"https:\/\/ebenezer-oe.org\/fr\/wp-json\/wp\/v2\/pages"}],"about":[{"href":"https:\/\/ebenezer-oe.org\/fr\/wp-json\/wp\/v2\/types\/page"}],"author":[{"embeddable":true,"href":"https:\/\/ebenezer-oe.org\/fr\/wp-json\/wp\/v2\/users\/1"}],"replies":[{"embeddable":true,"href":"https:\/\/ebenezer-oe.org\/fr\/wp-json\/wp\/v2\/comments?post=7495"}],"version-history":[{"count":0,"href":"https:\/\/ebenezer-oe.org\/fr\/wp-json\/wp\/v2\/pages\/7495\/revisions"}],"wp:attachment":[{"href":"https:\/\/ebenezer-oe.org\/fr\/wp-json\/wp\/v2\/media?parent=7495"}],"curies":[{"name":"wp","href":"https:\/\/api.w.org\/{rel}","templated":true}]}}