{"id":102996,"date":"2023-07-18T12:53:02","date_gmt":"2023-07-18T12:53:02","guid":{"rendered":"https:\/\/ebenezer-oe.org\/honlap\/"},"modified":"2025-12-09T12:18:23","modified_gmt":"2025-12-09T12:18:23","slug":"honlap","status":"publish","type":"page","link":"https:\/\/ebenezer-oe.org\/hu\/","title":{"rendered":"Honlap"},"content":{"rendered":"\n<h2>\n\t\t\tAlija a h\u00e1bor\u00fa kell\u0151s k\u00f6zep\u00e9n\t<\/h2>\n\t\t\t<a href=\"https:\/\/ebenezer-oe.org\/war-against-ukraine\/\" target=\"_self\">\n\t\t\t\t\t\t\tTudjon meg t\u00f6bbet\n\t\t\t\t\t<\/a>\n<h2>\n\t\t\tAlija\t<\/h2>\n\t<p>Munk\u00e1nk egy sz\u00f3 k\u00f6r\u00fcl forog &#8211; ez a h\u00e9ber \u201eAliyah&#8221; sz\u00f3. Sz\u00f3 szerinti jelent\u00e9se &#8216;felmenni&#8217;. Annak idej\u00e9n, a bibliai \u00fcnnepeken zsid\u00f3 csal\u00e1dok Jeruzs\u00e1lem dombjain mentek fel, hogy a Templomban bemutass\u00e1k az \u00e1ldozataikat.<\/p>\n<p>Ma az &#8216;alija&#8221; a zsid\u00f3 n\u00e9p visszat\u00e9r\u00e9s\u00e9t jelenti Izrael f\u00f6ldj\u00e9re.<\/p>\n\t\t\t<a href=\"https:\/\/ebenezeroe.wpengine.com\/about-us\/why-aliyah\/\" target=\"_self\">\n\t\t\t\t\t\t\tMi\u00e9rt olyan fontos az alija?\n\t\t\t\t\t<\/a>\n<h2>\n\t\t\tAmit a szolg\u00e1latban v\u00e9gz\u00fcnk \t<\/h2>\n\t<h3>Alija<\/h3><p>Felismerni \u00e9s gyakorlati m\u00f3don reag\u00e1lni arra, hogy Isten vissza szeretn\u00e9 vinni n\u00e9p\u00e9t az \u0150 f\u00f6ldj\u00e9re. <\/p>\n\t<h3>Ima<\/h3><p>T\u00e1mogatjuk azokat, akik az alij\u00e1\u00e9rt akarnak im\u00e1dkozni, aktu\u00e1lis imat\u00e9m\u00e1kkal, \u00e9s kapcsolatba hozzuk \u0151ket m\u00e1s im\u00e1dkoz\u00f3kkal.<\/p>\n\t<h3>Tan\u00edt\u00e1s<\/h3><p>Isten zsid\u00f3 n\u00e9ppel kapcsolatos c\u00e9ljainak hirdet\u00e9se. <\/p>\n\t\t\t<h3> 5M\u00f3zes 30:4<\/h3> <p><i>\u201eHa a F\u00f6ld legt\u00e1volabbi sark\u00e1ba sz\u00e1m\u0171z\u00f6tt, m\u00e9g onnan is \u00f6sszegy\u0171jt \u00e9s hazavisz benneteket.&#8221;<\/i><\/p>\t\t\n\t\t\t<h3> \u00c9zsai\u00e1s 49:22<\/h3> <p><i>\u201eEzt mondja az \u00d6r\u00f6kk\u00e9val\u00f3 Isten: &#8216;N\u00e9zd! Kezemmel intek a nemzeteknek, z\u00e1szl\u00f3mmal jelt adok a n\u00e9peknek, hogy \u00f6l\u00fckben hozz\u00e1k vissza fiaidat, v\u00e1llukon hordozz\u00e1k le\u00e1nyaidat.'&#8221;<\/i><\/p>\t\t\n\t\t\t<h3> \u00c9zsai\u00e1s 62:1<\/h3> <p><i>\u201eSion\u00e9rt nem nyughatom, sz\u00f3lnom kell Jeruzs\u00e1lem \u00e9rdek\u00e9ben, am\u00edg igazs\u00e1goss\u00e1ga f\u00f6l nem ragyog, mint a hajnal f\u00e9nye, am\u00edg szabadul\u00e1sa \u00fagy vil\u00e1g\u00edt, mint a f\u00e1klya l\u00e1ngja.&#8221;<\/i><\/p>\t\t\n\t\t\t<h3> \u00c9zsai\u00e1s 62:6-7<\/h3> <p>\u201e<i>K\u0151falaidra, Jeruzs\u00e1lem, \u0151rszemeket \u00e1ll\u00edtottam, hogy ne hallgassanak, se nappal, se \u00e9jjel. Ti \u0151r\u00f6k, akik az \u00d6r\u00f6kk\u00e9val\u00f3t eml\u00e9keztetitek \u00edg\u00e9reteire, ne nyugodjatok! Ne hagyjatok nyugtot n\u00e9ki, am\u00edg Jeruzs\u00e1lemet helyre nem \u00e1ll\u00edtja, \u00e9s dics\u0151s\u00e9gess\u00e9 nem teszi e f\u00f6ld\u00f6n.&#8221; K\u0151falaidra, Jeruzs\u00e1lem, \u0151rszemeket \u00e1ll\u00edtottam, hogy ne hallgassanak, se nappal, se \u00e9jjel.<\/i><\/p>\t\t\n\t\t\t<h3> R\u00f3ma 11:29<\/h3> <p><i>\u201eIsten ugyanis soha nem veszi vissza az aj\u00e1nd\u00e9kait, \u00e9s nem vonja vissza, ha egyszer valakit elh\u00edvott.&#8221;<\/i><\/p>\t\t\n\t\t\t<h3> \u00c1mos 9:14-15<\/h3> <p><em>\u201eN\u00e9pem, Izr\u00e1el sors\u00e1t j\u00f3ra ford\u00edtom. Romba d\u0151lt v\u00e1rosaikat \u00fajra fel\u00e9p\u00edtik, s laknak benn\u00fck, sz\u0151l\u0151ket telep\u00edtenek, \u00e9s a saj\u00e1t borukat issz\u00e1k. 15 \u00c9n telep\u00edtem le \u0151ket ism\u00e9t a f\u00f6ldj\u00fckre. T\u00f6bb\u00e9 ki nem szaggatja \u0151ket senki, arr\u00f3l a f\u00f6ldr\u0151l, amelyet \u00e9n adtam nekik!&#8221;- ezt mondja Istened, az \u00d6r\u00f6kk\u00e9val\u00f3.&#8221;<\/em><\/p>\t\t\n\t<h2>\n\t\t\tAz \u00d6n orsz\u00e1g\u00e1ban is akt\u00edvak vagyunk.\t<\/h2>\n\t\t\t<a href=\"https:\/\/ebenezeroe.wpengine.com\/in-your-country\/\" target=\"_self\">\n\t\t\t\t\t\t\tTudjon meg t\u00f6bbet\n\t\t\t\t\t<\/a>\n\t<p>T\u00f6bb mint h\u00e1rom \u00e9vtizede \u00e1llunk a zsid\u00f3 n\u00e9p mellett.<\/p>\n<h2>\n\t\t\tEgy vil\u00e1gm\u00e9ret\u0171 h\u00e1l\u00f3zat\t<\/h2>\n\t<p>Az Ebenezer Operation Exodus 1991-ben, az els\u0151 \u00f6b\u00f6lh\u00e1bor\u00fa alatt alakult meg. Az akkori nemzetk\u00f6zi imakonferenci\u00e1n Jeruzs\u00e1lemben Gustav Scheller is r\u00e9szt vett. Szil\u00e1rdan hitt Isten c\u00e9lj\u00e1ban, hogy a zsid\u00f3 n\u00e9p t\u00e9rjen vissza, \u00e9s \u00edgy beteljesedjenek a bibliai pr\u00f3f\u00e9ci\u00e1k. \u00c9pp akkor, amikor az imakonferencia 120 k\u00fcld\u00f6ttje bombat\u00e1mad\u00e1sok miatt egy \u00f3v\u00f3helyen volt \u00e9s im\u00e1dkozott, Gustav \u00fagy \u00e9rezte, hogy Isten a sz\u00edv\u00e9re helyezi, hogy tegyenek valami gyakorlati dolgot, hogy t\u00e1mogass\u00e1k a n\u00e9p hazat\u00e9r\u00e9s\u00e9t.<\/p>\n\t\t\t\t<img decoding=\"async\" data-src=\"https:\/\/ebenezeroe.wpengine.com\/wp-content\/uploads\/2021\/04\/Untitled-design-24-1024x527.png\" alt=\"Untitled design-24\" itemprop=\"image\" title=\"Untitled design-24\" onerror=\"this.style.display='none'\" src=\"data:image\/svg+xml;base64,PHN2ZyB3aWR0aD0iMSIgaGVpZ2h0PSIxIiB4bWxucz0iaHR0cDovL3d3dy53My5vcmcvMjAwMC9zdmciPjwvc3ZnPg==\" class=\"lazyload\" style=\"--smush-placeholder-width: 1024px; --smush-placeholder-aspect-ratio: 1024\/527;\" \/>\n\t<p>Isten felhaszn\u00e1lta Gustav \u00fczletemberi k\u00e9pess\u00e9geit \u00e9s azoknak a nagylelk\u0171 adom\u00e1nyait, akik osztott\u00e1k a l\u00e1t\u00e1s\u00e1t, hogy a Zsid\u00f3 \u00dcgyn\u00f6ks\u00e9g h\u00e1rom rep\u00fcl\u0151j\u00e1rat\u00e1t finansz\u00edrozz\u00e1k, Budapestr\u0151l Tel Avivba, amelyek 720 zsid\u00f3 bev\u00e1ndorl\u00f3t vittek Izraelbe. Ez egy jelent\u0151s esem\u00e9ny volt. A k\u00f6vetkez\u0151 \u00e9vben Gustav \u00e9s csapata kib\u00e9relt egy haj\u00f3t h\u00e1rom \u00fatra az ukrajnai Odessz\u00e1b\u00f3l Haif\u00e1ba. Ez volt az els\u0151 alkalom, hogy k\u00f6zvetlen haj\u00f3kapcsolat j\u00f6tt l\u00e9tre Ukrajna \u00e9s Izrael k\u00f6z\u00f6tt, \u00e9s ezt t\u00f6bb \u00e9ven \u00e1t sok tov\u00e1bbi utaz\u00e1s k\u00f6vette.<\/p>\n\t<p>1995-ben Kazahszt\u00e1nb\u00f3l bonyol\u00edtott\u00e1k le a rep\u00fcl\u0151utakat. 1999-ben az Ebenezer 100 haj\u00f3utat tartott sz\u00e1mon, amelyek az egykori Szovjetuni\u00f3b\u00f3l zsid\u00f3 bev\u00e1ndorl\u00f3kat juttatattak el Izraelbe. 2006-ig 100.000 zsid\u00f3 bev\u00e1ndorl\u00f3 t\u00e9rt vissza. Az\u00e9rt, hogy seg\u00edts\u00e9k az \u00faj bev\u00e1ndorl\u00f3kat az \u00faj haz\u00e1jukba t\u00f6rt\u00e9n\u0151 meg\u00e9rkez\u00e9sn\u00e9l, 2006-ban egy \u00faj irod\u00e1t hoztak l\u00e9tre Jeruzs\u00e1lemben.<\/p>\n<p>2007-ben D\u00e9l-Amerik\u00e1ban, D\u00e9l- Kelet-\u00c1zsi\u00e1ban \u00e9s \u00d3ce\u00e1ni\u00e1ban region\u00e1lis koordin\u00e1ci\u00f3s irod\u00e1kat rendeztek be, \u00e9s a volt Szovjetuni\u00f3ban egy egyh\u00e1zi tan\u00e1csad\u00f3 test\u00fcletet hoztak l\u00e9tre, hogy seg\u00edtsenek a gy\u00fclekezeteknek meg\u00e9rteni a pr\u00f3f\u00e9tai \u00edr\u00e1sokat, \u00e9s t\u00e1mogass\u00e1k a zsid\u00f3 n\u00e9pet.<\/p>\n<p>2010 v\u00e9g\u00e9ig t\u00f6bb mint 130.000 zsid\u00f3 bev\u00e1ndorl\u00f3t tudtak t\u00e1mogatni. 2016-ban \u00fcnnepelte az Ebenezer 25 \u00e9ves fenn\u00e1ll\u00e1s\u00e1t, \u00e9s irod\u00e1kat nyitott Buenos Airesben, New Yorkban \u00e9s P\u00e1rizsban.  <\/p>\n<p>2022-ig az Ebenezer a vil\u00e1g minden t\u00e1j\u00e1r\u00f3l sz\u00e1rmaz\u00f3 kereszt\u00e9nyek t\u00e1mogat\u00e1s\u00e1nak k\u00f6sz\u00f6nhet\u0151en t\u00f6bb mint 200.000 zsid\u00f3 hazat\u00e9r\u0151t tudott seg\u00edteni, hogy visszat\u00e9rhessen az Istent\u0151l meg\u00edg\u00e9rt f\u00f6ldj\u00e9re, Izraelbe. Sok projekten kereszt\u00fcl az egykori Szovjetuni\u00f3ban r\u00e1szorul\u00f3 zsid\u00f3 gy\u00fclekezeteket \u00e9lelmiszerrel \u00e9s m\u00e1s humanit\u00e1rius seg\u00e9llyel tudtuk ell\u00e1tni.<\/p>\n<h3>\n\t\t\tAz Ebenezer Operation Exodus 1991-ben csak h\u00e1rom emberrel indult.\t<\/h3>\n\t<p>Id\u0151k\u00f6zben az eg\u00e9sz vil\u00e1gon t\u00f6bb mint hatvan orsz\u00e1gban vannak k\u00e9pvisel\u0151i. A szervezet nemcsak gyakorlati \u00e9s anyagi seg\u00edts\u00e9get ny\u00fajt a zsid\u00f3 bev\u00e1ndorl\u00f3knak, hanem k\u00f6zelebb is viszi az egyh\u00e1zakhoz \u00e9s gy\u00fclekezetekhez a Biblia igazs\u00e1gait Istennek a zsid\u00f3 n\u00e9ppel kapcsolatos c\u00e9ljait illet\u0151en.<\/p>\n<h2>\n\t\t\tT\u00e1mogassa az Ebenezer munk\u00e1j\u00e1t\t<\/h2>\n\t\t\t<a href=\"https:\/\/ebenezeroe.wpengine.com\/donate\/\" target=\"_self\">\n\t\t\t\t\t\t\tDonate\n\t\t\t\t\t<\/a>\n<h2>\n\t\t\tAz ima, mint alap\t<\/h2>\n\t<p>Az im\u00e1nak \u00e9s a k\u00f6zbenj\u00e1r\u00e1snak meghat\u00e1roz\u00f3 jelent\u0151s\u00e9ge van, ez a szolg\u00e1latunk k\u00f6z\u00e9ppontja. Dr. Kingsley Priddy k\u00fcl\u00f6nbs\u00e9get tesz az ima \u00e9s a k\u00f6zbenj\u00e1r\u00e1s k\u00f6z\u00f6tt, \u00e9s ezzel kapcsolatban ezt \u00edrta Gustav Schellernek, az Ebenezer t\u00e1rsalap\u00edt\u00f3j\u00e1nak. <em>\u201eA k\u00f6zbenj\u00e1r\u00e1s nem egyszer\u0171en csak ima, nem is felt\u00e9tlen\u00fcl nagyon intenz\u00edv ima. Mindenki tud komolyan im\u00e1dkozni. A k\u00f6zbenj\u00e1r\u00f3 azonban elk\u00f6telezve \u00e9rzi mag\u00e1t arra, hogy mindaddig ki\u00e1lljon az Istennek \u00fcgye mellett, visszavonhatatlanul \u00e9s minden\u00e1ron, am\u00edg az be nem teljesedik.&#8221;<\/em> Mag\u00e1ra Kingsley Priddyre Rees Howels volt hat\u00e1ssal. \u0150t Isten hatalmasan haszn\u00e1lta arra, hogy a 2. vil\u00e1gh\u00e1bor\u00fa egyik strat\u00e9giailag legfontosabb harc\u00e1t,<\/p>\n<p>az Angli\u00e1\u00e9rt 1940-ben v\u00edvott csat\u00e1t k\u00f6zbenj\u00e1r\u00e1s \u00e1ltal m\u00e1sokkal egy\u00fctt d\u00f6nt\u0151en befoly\u00e1solja. Dr. Priddy ismerte Isten pr\u00f3f\u00e9tikus c\u00e9ljait a zsid\u00f3 n\u00e9ppel kapcsolatban, \u00e9s biztos\u00edtotta Gustav Schellert: <em>\u201eIsten egyed\u00fcl\u00e1ll\u00f3 m\u00f3don haszn\u00e1lja az &#8216;Operation Exodust&#8217;.<\/em> Eszk\u00f6z\u00fcl v\u00e1lasztotta mag\u00e1nak arra, hogy a zsid\u00f3 n\u00e9pet k\u00f6zbenj\u00e1r\u00e1s \u00e1ltal visszavezesse Izraelbe.<\/p>\n\t\t\t<a href=\"https:\/\/ebenezeroe.wpengine.com\/contact-us\/\" target=\"_self\">\n\t\t\t\t\t\t\tLegyen imapartner\n\t\t\t\t\t<\/a>\n<h2>\n\t\t\tSzeretne alij\u00e1zni?\t<\/h2>\n\t\t\t<a href=\"https:\/\/ebenezeroe.wpengine.com\/making-aliyah\/\" target=\"_self\">\n\t\t\t\t\t\t\tTudjon meg t\u00f6bbet\n\t\t\t\t\t<\/a>\n\n","protected":false},"excerpt":{"rendered":"<p>Alija a h\u00e1bor\u00fa kell\u0151s k\u00f6zep\u00e9n Tudjon meg t\u00f6bbet Alija Munk\u00e1nk egy sz\u00f3 k\u00f6r\u00fcl forog &#8211; ez a h\u00e9ber \u201eAliyah&#8221; sz\u00f3. Sz\u00f3 szerinti jelent\u00e9se &#8216;felmenni&#8217;. Annak idej\u00e9n, a bibliai \u00fcnnepeken zsid\u00f3 csal\u00e1dok Jeruzs\u00e1lem dombjain mentek fel, hogy a Templomban bemutass\u00e1k az \u00e1ldozataikat. Ma az &#8216;alija&#8221; a zsid\u00f3 n\u00e9p visszat\u00e9r\u00e9s\u00e9t jelenti Izrael f\u00f6ldj\u00e9re. Mi\u00e9rt olyan fontos az&hellip;<\/p>\n","protected":false},"author":1,"featured_media":0,"parent":0,"menu_order":0,"comment_status":"closed","ping_status":"closed","template":"","meta":{"footnotes":""},"class_list":["post-102996","page","type-page","status-publish","hentry"],"yoast_head":"<!-- This site is optimized with the Yoast SEO plugin v27.2 - https:\/\/yoast.com\/product\/yoast-seo-wordpress\/ -->\n<title>Honlap - Ebenezer Operation Exodus<\/title>\n<meta name=\"robots\" content=\"index, follow, max-snippet:-1, max-image-preview:large, max-video-preview:-1\" \/>\n<link rel=\"canonical\" href=\"https:\/\/ebenezer-oe.org\/hu\/\" \/>\n<meta property=\"og:locale\" content=\"hu_HU\" \/>\n<meta property=\"og:type\" content=\"article\" \/>\n<meta property=\"og:title\" content=\"Honlap - Ebenezer Operation Exodus\" \/>\n<meta property=\"og:description\" content=\"Alija a h\u00e1bor\u00fa kell\u0151s k\u00f6zep\u00e9n Tudjon meg t\u00f6bbet Alija Munk\u00e1nk egy sz\u00f3 k\u00f6r\u00fcl forog &#8211; ez a h\u00e9ber \u201eAliyah&#8221; sz\u00f3. Sz\u00f3 szerinti jelent\u00e9se &#8216;felmenni&#8217;. Annak idej\u00e9n, a bibliai \u00fcnnepeken zsid\u00f3 csal\u00e1dok Jeruzs\u00e1lem dombjain mentek fel, hogy a Templomban bemutass\u00e1k az \u00e1ldozataikat. Ma az &#8216;alija&#8221; a zsid\u00f3 n\u00e9p visszat\u00e9r\u00e9s\u00e9t jelenti Izrael f\u00f6ldj\u00e9re. Mi\u00e9rt olyan fontos az&hellip;\" \/>\n<meta property=\"og:url\" content=\"https:\/\/ebenezer-oe.org\/hu\/\" \/>\n<meta property=\"og:site_name\" content=\"Ebenezer Operation Exodus\" \/>\n<meta property=\"article:publisher\" content=\"https:\/\/www.facebook.com\/EbenezerInt\" \/>\n<meta property=\"article:modified_time\" content=\"2025-12-09T12:18:23+00:00\" \/>\n<meta property=\"og:image\" content=\"https:\/\/ebenezeroe.wpengine.com\/wp-content\/uploads\/2021\/04\/Untitled-design-24-1024x527.png\" \/>\n<meta name=\"twitter:card\" content=\"summary_large_image\" \/>\n<meta name=\"twitter:label1\" content=\"Becs\u00fclt olvas\u00e1si id\u0151\" \/>\n\t<meta name=\"twitter:data1\" content=\"6 perc\" \/>\n<script type=\"application\/ld+json\" class=\"yoast-schema-graph\">{\"@context\":\"https:\/\/schema.org\",\"@graph\":[{\"@type\":\"WebPage\",\"@id\":\"https:\/\/ebenezer-oe.org\/hu\/\",\"url\":\"https:\/\/ebenezer-oe.org\/hu\/\",\"name\":\"Honlap - Ebenezer Operation Exodus\",\"isPartOf\":{\"@id\":\"https:\/\/ebenezer-oe.org\/#website\"},\"primaryImageOfPage\":{\"@id\":\"https:\/\/ebenezer-oe.org\/hu\/#primaryimage\"},\"image\":{\"@id\":\"https:\/\/ebenezer-oe.org\/hu\/#primaryimage\"},\"thumbnailUrl\":\"https:\/\/ebenezeroe.wpengine.com\/wp-content\/uploads\/2021\/04\/Untitled-design-24-1024x527.png\",\"datePublished\":\"2023-07-18T12:53:02+00:00\",\"dateModified\":\"2025-12-09T12:18:23+00:00\",\"breadcrumb\":{\"@id\":\"https:\/\/ebenezer-oe.org\/hu\/#breadcrumb\"},\"inLanguage\":\"hu\",\"potentialAction\":[{\"@type\":\"ReadAction\",\"target\":[\"https:\/\/ebenezer-oe.org\/hu\/\"]}]},{\"@type\":\"ImageObject\",\"inLanguage\":\"hu\",\"@id\":\"https:\/\/ebenezer-oe.org\/hu\/#primaryimage\",\"url\":\"https:\/\/ebenezeroe.wpengine.com\/wp-content\/uploads\/2021\/04\/Untitled-design-24-1024x527.png\",\"contentUrl\":\"https:\/\/ebenezeroe.wpengine.com\/wp-content\/uploads\/2021\/04\/Untitled-design-24-1024x527.png\"},{\"@type\":\"BreadcrumbList\",\"@id\":\"https:\/\/ebenezer-oe.org\/hu\/#breadcrumb\",\"itemListElement\":[{\"@type\":\"ListItem\",\"position\":1,\"name\":\"Home\",\"item\":\"https:\/\/ebenezer-oe.org\/hu\/\"},{\"@type\":\"ListItem\",\"position\":2,\"name\":\"Honlap\"}]},{\"@type\":\"WebSite\",\"@id\":\"https:\/\/ebenezer-oe.org\/#website\",\"url\":\"https:\/\/ebenezer-oe.org\/\",\"name\":\"Ebenezer - Operation Exodus\",\"description\":\"\",\"publisher\":{\"@id\":\"https:\/\/ebenezer-oe.org\/#organization\"},\"potentialAction\":[{\"@type\":\"SearchAction\",\"target\":{\"@type\":\"EntryPoint\",\"urlTemplate\":\"https:\/\/ebenezer-oe.org\/?s={search_term_string}\"},\"query-input\":{\"@type\":\"PropertyValueSpecification\",\"valueRequired\":true,\"valueName\":\"search_term_string\"}}],\"inLanguage\":\"hu\"},{\"@type\":\"Organization\",\"@id\":\"https:\/\/ebenezer-oe.org\/#organization\",\"name\":\"Ebenezer - Operation Exodus\",\"url\":\"https:\/\/ebenezer-oe.org\/\",\"logo\":{\"@type\":\"ImageObject\",\"inLanguage\":\"hu\",\"@id\":\"https:\/\/ebenezer-oe.org\/#\/schema\/logo\/image\/\",\"url\":\"https:\/\/ebenezeroe.wpengine.com\/wp-content\/uploads\/2020\/09\/Logo_EOE_EN_Colour-Horizontal.png\",\"contentUrl\":\"https:\/\/ebenezeroe.wpengine.com\/wp-content\/uploads\/2020\/09\/Logo_EOE_EN_Colour-Horizontal.png\",\"width\":1922,\"height\":928,\"caption\":\"Ebenezer - Operation Exodus\"},\"image\":{\"@id\":\"https:\/\/ebenezer-oe.org\/#\/schema\/logo\/image\/\"},\"sameAs\":[\"https:\/\/www.facebook.com\/EbenezerInt\",\"https:\/\/www.instagram.com\/ebenezer_oe_eng\/\",\"https:\/\/www.youtube.com\/channel\/UC6qGHrKKeamFVz95Vd8LR1g\"]}]}<\/script>\n<!-- \/ Yoast SEO plugin. -->","yoast_head_json":{"title":"Honlap - Ebenezer Operation Exodus","robots":{"index":"index","follow":"follow","max-snippet":"max-snippet:-1","max-image-preview":"max-image-preview:large","max-video-preview":"max-video-preview:-1"},"canonical":"https:\/\/ebenezer-oe.org\/hu\/","og_locale":"hu_HU","og_type":"article","og_title":"Honlap - Ebenezer Operation Exodus","og_description":"Alija a h\u00e1bor\u00fa kell\u0151s k\u00f6zep\u00e9n Tudjon meg t\u00f6bbet Alija Munk\u00e1nk egy sz\u00f3 k\u00f6r\u00fcl forog &#8211; ez a h\u00e9ber \u201eAliyah&#8221; sz\u00f3. Sz\u00f3 szerinti jelent\u00e9se &#8216;felmenni&#8217;. Annak idej\u00e9n, a bibliai \u00fcnnepeken zsid\u00f3 csal\u00e1dok Jeruzs\u00e1lem dombjain mentek fel, hogy a Templomban bemutass\u00e1k az \u00e1ldozataikat. Ma az &#8216;alija&#8221; a zsid\u00f3 n\u00e9p visszat\u00e9r\u00e9s\u00e9t jelenti Izrael f\u00f6ldj\u00e9re. Mi\u00e9rt olyan fontos az&hellip;","og_url":"https:\/\/ebenezer-oe.org\/hu\/","og_site_name":"Ebenezer Operation Exodus","article_publisher":"https:\/\/www.facebook.com\/EbenezerInt","article_modified_time":"2025-12-09T12:18:23+00:00","og_image":[{"url":"https:\/\/ebenezeroe.wpengine.com\/wp-content\/uploads\/2021\/04\/Untitled-design-24-1024x527.png","type":"","width":"","height":""}],"twitter_card":"summary_large_image","twitter_misc":{"Becs\u00fclt olvas\u00e1si id\u0151":"6 perc"},"schema":{"@context":"https:\/\/schema.org","@graph":[{"@type":"WebPage","@id":"https:\/\/ebenezer-oe.org\/hu\/","url":"https:\/\/ebenezer-oe.org\/hu\/","name":"Honlap - Ebenezer Operation Exodus","isPartOf":{"@id":"https:\/\/ebenezer-oe.org\/#website"},"primaryImageOfPage":{"@id":"https:\/\/ebenezer-oe.org\/hu\/#primaryimage"},"image":{"@id":"https:\/\/ebenezer-oe.org\/hu\/#primaryimage"},"thumbnailUrl":"https:\/\/ebenezeroe.wpengine.com\/wp-content\/uploads\/2021\/04\/Untitled-design-24-1024x527.png","datePublished":"2023-07-18T12:53:02+00:00","dateModified":"2025-12-09T12:18:23+00:00","breadcrumb":{"@id":"https:\/\/ebenezer-oe.org\/hu\/#breadcrumb"},"inLanguage":"hu","potentialAction":[{"@type":"ReadAction","target":["https:\/\/ebenezer-oe.org\/hu\/"]}]},{"@type":"ImageObject","inLanguage":"hu","@id":"https:\/\/ebenezer-oe.org\/hu\/#primaryimage","url":"https:\/\/ebenezeroe.wpengine.com\/wp-content\/uploads\/2021\/04\/Untitled-design-24-1024x527.png","contentUrl":"https:\/\/ebenezeroe.wpengine.com\/wp-content\/uploads\/2021\/04\/Untitled-design-24-1024x527.png"},{"@type":"BreadcrumbList","@id":"https:\/\/ebenezer-oe.org\/hu\/#breadcrumb","itemListElement":[{"@type":"ListItem","position":1,"name":"Home","item":"https:\/\/ebenezer-oe.org\/hu\/"},{"@type":"ListItem","position":2,"name":"Honlap"}]},{"@type":"WebSite","@id":"https:\/\/ebenezer-oe.org\/#website","url":"https:\/\/ebenezer-oe.org\/","name":"Ebenezer - Operation Exodus","description":"","publisher":{"@id":"https:\/\/ebenezer-oe.org\/#organization"},"potentialAction":[{"@type":"SearchAction","target":{"@type":"EntryPoint","urlTemplate":"https:\/\/ebenezer-oe.org\/?s={search_term_string}"},"query-input":{"@type":"PropertyValueSpecification","valueRequired":true,"valueName":"search_term_string"}}],"inLanguage":"hu"},{"@type":"Organization","@id":"https:\/\/ebenezer-oe.org\/#organization","name":"Ebenezer - Operation Exodus","url":"https:\/\/ebenezer-oe.org\/","logo":{"@type":"ImageObject","inLanguage":"hu","@id":"https:\/\/ebenezer-oe.org\/#\/schema\/logo\/image\/","url":"https:\/\/ebenezeroe.wpengine.com\/wp-content\/uploads\/2020\/09\/Logo_EOE_EN_Colour-Horizontal.png","contentUrl":"https:\/\/ebenezeroe.wpengine.com\/wp-content\/uploads\/2020\/09\/Logo_EOE_EN_Colour-Horizontal.png","width":1922,"height":928,"caption":"Ebenezer - Operation Exodus"},"image":{"@id":"https:\/\/ebenezer-oe.org\/#\/schema\/logo\/image\/"},"sameAs":["https:\/\/www.facebook.com\/EbenezerInt","https:\/\/www.instagram.com\/ebenezer_oe_eng\/","https:\/\/www.youtube.com\/channel\/UC6qGHrKKeamFVz95Vd8LR1g"]}]}},"_links":{"self":[{"href":"https:\/\/ebenezer-oe.org\/hu\/wp-json\/wp\/v2\/pages\/102996","targetHints":{"allow":["GET"]}}],"collection":[{"href":"https:\/\/ebenezer-oe.org\/hu\/wp-json\/wp\/v2\/pages"}],"about":[{"href":"https:\/\/ebenezer-oe.org\/hu\/wp-json\/wp\/v2\/types\/page"}],"author":[{"embeddable":true,"href":"https:\/\/ebenezer-oe.org\/hu\/wp-json\/wp\/v2\/users\/1"}],"replies":[{"embeddable":true,"href":"https:\/\/ebenezer-oe.org\/hu\/wp-json\/wp\/v2\/comments?post=102996"}],"version-history":[{"count":0,"href":"https:\/\/ebenezer-oe.org\/hu\/wp-json\/wp\/v2\/pages\/102996\/revisions"}],"wp:attachment":[{"href":"https:\/\/ebenezer-oe.org\/hu\/wp-json\/wp\/v2\/media?parent=102996"}],"curies":[{"name":"wp","href":"https:\/\/api.w.org\/{rel}","templated":true}]}}