{"id":103002,"date":"2023-07-18T14:13:29","date_gmt":"2023-07-18T14:13:29","guid":{"rendered":"https:\/\/ebenezer-oe.org\/adomanyozas\/"},"modified":"2025-01-28T09:47:04","modified_gmt":"2025-01-28T09:47:04","slug":"adomanyozas","status":"publish","type":"page","link":"https:\/\/ebenezer-oe.org\/hu\/adomanyozas\/","title":{"rendered":"Adom\u00e1nyoz\u00e1s"},"content":{"rendered":"\n\n\t<h2>Adom\u00e1nyoz\u00e1s<\/h2>\n\t<p>&nbsp;<\/p>\n<p>&nbsp;<\/p>\n\t<p>Az Ebenezer Operation Exodus szolg\u00e1lata minden kontinensen \u00e9s t\u00f6bb mint 60 orsz\u00e1gban m\u0171k\u00f6dik.<\/p>\n<p>Isten kegyelm\u00e9b\u0151l sok egy\u00e9nnek \u00e9s csal\u00e1dnak tudtunk eddig seg\u00edteni alij\u00e1zni, valamint k\u00fcl\u00f6nb\u00f6z\u0151 projekteket bonyol\u00edthattunk le, \u00e9s hozhattunk l\u00e9tre szolg\u00e1latokat.<\/p>\n\t<p>Ezt t\u00f6bbf\u00e9lek\u00e9ppen is megteheti:<\/p>\n\t\t<h3><a href=\"https:\/\/www.paypal.com\/donate?token=VlI0Sg6zXkYiT2CSdhpZMff9szrsGZOzeOsavd6MzdVzp__VwgdIIdboSYnBS_EGM9vhCNVeD0VHCCDR\" target=\"_self\">Paypal &amp; k\u00e1rtya<\/a><\/h3><p>Adakozz Paypal-fi\u00f3kodon kereszt\u00fcl vagy bankk\u00e1rty\u00e1ddal.<\/p>\n<p>If gift aid applies (UK only) please leave a note in the special instructions<\/p>\n\t\t\t<a href=\"https:\/\/www.paypal.com\/donate?hosted_button_id=LYA8PTHMA4ZGN\" target=\"_blank\" rel=\"noopener\">\n\t\t\t\t\t\t\tAdom\u00e1nyozzon ma\n\t\t\t\t\t<\/a>\n\t\t<h3><a href=\"https:\/\/ebenezeroe.wpengine.com\/contact-us\/\" target=\"_self\">Banki \u00e1tutal\u00e1s<\/a><\/h3><strong>Ebenezer Magyar Civil T\u00e1rsas\u00e1g<\/strong>\nOTP Banksz\u00e1mlasz\u00e1m\/ bank account number:\n11773171-00565554-00000000\nIBAN: HU04117731710056555400000000\nBIC (swift) k\u00f3d\/code: OTPVHUHB\n\n\t\t\t<a href=\"https:\/\/ebenezeroe.wpengine.com\/contact-us\/\" target=\"_self\">\n\t\t\t\t\t\t\tK\u00e9rje banki adatainkat.\n\t\t\t\t\t<\/a>\n\t\t<h3><a href=\"https:\/\/secured.israelgives.org\/donate\/Operation_Exodus_Israel?_branch_match_id=486075015344824811\" target=\"_self\">Israel Gives<\/a><\/h3><p>Az al\u00e1bbi gombra kattintva az Israel Gives weboldalra l\u00e9phetsz.<\/p>\n\t\t\t<a href=\"https:\/\/secured.israelgives.org\/donate\/Operation_Exodus_Israel?_branch_match_id=486075015344824811\" target=\"_blank\" rel=\"noopener\">\n\t\t\t\t\t\t\tIsrael Gives\n\t\t\t\t\t<\/a>\n\n","protected":false},"excerpt":{"rendered":"<p>Adom\u00e1nyoz\u00e1s &nbsp; &nbsp; Az Ebenezer Operation Exodus szolg\u00e1lata minden kontinensen \u00e9s t\u00f6bb mint 60 orsz\u00e1gban m\u0171k\u00f6dik. Isten kegyelm\u00e9b\u0151l sok egy\u00e9nnek \u00e9s csal\u00e1dnak tudtunk eddig seg\u00edteni alij\u00e1zni, valamint k\u00fcl\u00f6nb\u00f6z\u0151 projekteket bonyol\u00edthattunk le, \u00e9s hozhattunk l\u00e9tre szolg\u00e1latokat. Ezt t\u00f6bbf\u00e9lek\u00e9ppen is megteheti: Paypal &amp; k\u00e1rtya Adakozz Paypal-fi\u00f3kodon kereszt\u00fcl vagy bankk\u00e1rty\u00e1ddal. If gift aid applies (UK only) please leave&hellip;<\/p>\n","protected":false},"author":1,"featured_media":0,"parent":0,"menu_order":0,"comment_status":"closed","ping_status":"closed","template":"","meta":{"footnotes":""},"class_list":["post-103002","page","type-page","status-publish","hentry"],"yoast_head":"<!-- This site is optimized with the Yoast SEO plugin v27.2 - https:\/\/yoast.com\/product\/yoast-seo-wordpress\/ -->\n<title>Adom\u00e1nyoz\u00e1s - Ebenezer Operation Exodus<\/title>\n<meta name=\"robots\" content=\"index, follow, max-snippet:-1, max-image-preview:large, max-video-preview:-1\" \/>\n<link rel=\"canonical\" href=\"https:\/\/ebenezer-oe.org\/hu\/adomanyozas\/\" \/>\n<meta property=\"og:locale\" content=\"hu_HU\" \/>\n<meta property=\"og:type\" content=\"article\" \/>\n<meta property=\"og:title\" content=\"Adom\u00e1nyoz\u00e1s - Ebenezer Operation Exodus\" \/>\n<meta property=\"og:description\" content=\"Adom\u00e1nyoz\u00e1s &nbsp; &nbsp; Az Ebenezer Operation Exodus szolg\u00e1lata minden kontinensen \u00e9s t\u00f6bb mint 60 orsz\u00e1gban m\u0171k\u00f6dik. Isten kegyelm\u00e9b\u0151l sok egy\u00e9nnek \u00e9s csal\u00e1dnak tudtunk eddig seg\u00edteni alij\u00e1zni, valamint k\u00fcl\u00f6nb\u00f6z\u0151 projekteket bonyol\u00edthattunk le, \u00e9s hozhattunk l\u00e9tre szolg\u00e1latokat. Ezt t\u00f6bbf\u00e9lek\u00e9ppen is megteheti: Paypal &amp; k\u00e1rtya Adakozz Paypal-fi\u00f3kodon kereszt\u00fcl vagy bankk\u00e1rty\u00e1ddal. If gift aid applies (UK only) please leave&hellip;\" \/>\n<meta property=\"og:url\" content=\"https:\/\/ebenezer-oe.org\/hu\/adomanyozas\/\" \/>\n<meta property=\"og:site_name\" content=\"Ebenezer Operation Exodus\" \/>\n<meta property=\"article:publisher\" content=\"https:\/\/www.facebook.com\/EbenezerInt\" \/>\n<meta property=\"article:modified_time\" content=\"2025-01-28T09:47:04+00:00\" \/>\n<meta name=\"twitter:card\" content=\"summary_large_image\" \/>\n<meta name=\"twitter:label1\" content=\"Becs\u00fclt olvas\u00e1si id\u0151\" \/>\n\t<meta name=\"twitter:data1\" content=\"1 perc\" \/>\n<script type=\"application\/ld+json\" class=\"yoast-schema-graph\">{\"@context\":\"https:\/\/schema.org\",\"@graph\":[{\"@type\":\"WebPage\",\"@id\":\"https:\/\/ebenezer-oe.org\/hu\/adomanyozas\/\",\"url\":\"https:\/\/ebenezer-oe.org\/hu\/adomanyozas\/\",\"name\":\"Adom\u00e1nyoz\u00e1s - Ebenezer Operation Exodus\",\"isPartOf\":{\"@id\":\"https:\/\/ebenezer-oe.org\/#website\"},\"datePublished\":\"2023-07-18T14:13:29+00:00\",\"dateModified\":\"2025-01-28T09:47:04+00:00\",\"breadcrumb\":{\"@id\":\"https:\/\/ebenezer-oe.org\/hu\/adomanyozas\/#breadcrumb\"},\"inLanguage\":\"hu\",\"potentialAction\":[{\"@type\":\"ReadAction\",\"target\":[\"https:\/\/ebenezer-oe.org\/hu\/adomanyozas\/\"]}]},{\"@type\":\"BreadcrumbList\",\"@id\":\"https:\/\/ebenezer-oe.org\/hu\/adomanyozas\/#breadcrumb\",\"itemListElement\":[{\"@type\":\"ListItem\",\"position\":1,\"name\":\"Home\",\"item\":\"https:\/\/ebenezer-oe.org\/hu\/\"},{\"@type\":\"ListItem\",\"position\":2,\"name\":\"Adom\u00e1nyoz\u00e1s\"}]},{\"@type\":\"WebSite\",\"@id\":\"https:\/\/ebenezer-oe.org\/#website\",\"url\":\"https:\/\/ebenezer-oe.org\/\",\"name\":\"Ebenezer - Operation Exodus\",\"description\":\"\",\"publisher\":{\"@id\":\"https:\/\/ebenezer-oe.org\/#organization\"},\"potentialAction\":[{\"@type\":\"SearchAction\",\"target\":{\"@type\":\"EntryPoint\",\"urlTemplate\":\"https:\/\/ebenezer-oe.org\/?s={search_term_string}\"},\"query-input\":{\"@type\":\"PropertyValueSpecification\",\"valueRequired\":true,\"valueName\":\"search_term_string\"}}],\"inLanguage\":\"hu\"},{\"@type\":\"Organization\",\"@id\":\"https:\/\/ebenezer-oe.org\/#organization\",\"name\":\"Ebenezer - Operation Exodus\",\"url\":\"https:\/\/ebenezer-oe.org\/\",\"logo\":{\"@type\":\"ImageObject\",\"inLanguage\":\"hu\",\"@id\":\"https:\/\/ebenezer-oe.org\/#\/schema\/logo\/image\/\",\"url\":\"https:\/\/ebenezeroe.wpengine.com\/wp-content\/uploads\/2020\/09\/Logo_EOE_EN_Colour-Horizontal.png\",\"contentUrl\":\"https:\/\/ebenezeroe.wpengine.com\/wp-content\/uploads\/2020\/09\/Logo_EOE_EN_Colour-Horizontal.png\",\"width\":1922,\"height\":928,\"caption\":\"Ebenezer - Operation Exodus\"},\"image\":{\"@id\":\"https:\/\/ebenezer-oe.org\/#\/schema\/logo\/image\/\"},\"sameAs\":[\"https:\/\/www.facebook.com\/EbenezerInt\",\"https:\/\/www.instagram.com\/ebenezer_oe_eng\/\",\"https:\/\/www.youtube.com\/channel\/UC6qGHrKKeamFVz95Vd8LR1g\"]}]}<\/script>\n<!-- \/ Yoast SEO plugin. -->","yoast_head_json":{"title":"Adom\u00e1nyoz\u00e1s - Ebenezer Operation Exodus","robots":{"index":"index","follow":"follow","max-snippet":"max-snippet:-1","max-image-preview":"max-image-preview:large","max-video-preview":"max-video-preview:-1"},"canonical":"https:\/\/ebenezer-oe.org\/hu\/adomanyozas\/","og_locale":"hu_HU","og_type":"article","og_title":"Adom\u00e1nyoz\u00e1s - Ebenezer Operation Exodus","og_description":"Adom\u00e1nyoz\u00e1s &nbsp; &nbsp; Az Ebenezer Operation Exodus szolg\u00e1lata minden kontinensen \u00e9s t\u00f6bb mint 60 orsz\u00e1gban m\u0171k\u00f6dik. Isten kegyelm\u00e9b\u0151l sok egy\u00e9nnek \u00e9s csal\u00e1dnak tudtunk eddig seg\u00edteni alij\u00e1zni, valamint k\u00fcl\u00f6nb\u00f6z\u0151 projekteket bonyol\u00edthattunk le, \u00e9s hozhattunk l\u00e9tre szolg\u00e1latokat. Ezt t\u00f6bbf\u00e9lek\u00e9ppen is megteheti: Paypal &amp; k\u00e1rtya Adakozz Paypal-fi\u00f3kodon kereszt\u00fcl vagy bankk\u00e1rty\u00e1ddal. If gift aid applies (UK only) please leave&hellip;","og_url":"https:\/\/ebenezer-oe.org\/hu\/adomanyozas\/","og_site_name":"Ebenezer Operation Exodus","article_publisher":"https:\/\/www.facebook.com\/EbenezerInt","article_modified_time":"2025-01-28T09:47:04+00:00","twitter_card":"summary_large_image","twitter_misc":{"Becs\u00fclt olvas\u00e1si id\u0151":"1 perc"},"schema":{"@context":"https:\/\/schema.org","@graph":[{"@type":"WebPage","@id":"https:\/\/ebenezer-oe.org\/hu\/adomanyozas\/","url":"https:\/\/ebenezer-oe.org\/hu\/adomanyozas\/","name":"Adom\u00e1nyoz\u00e1s - Ebenezer Operation Exodus","isPartOf":{"@id":"https:\/\/ebenezer-oe.org\/#website"},"datePublished":"2023-07-18T14:13:29+00:00","dateModified":"2025-01-28T09:47:04+00:00","breadcrumb":{"@id":"https:\/\/ebenezer-oe.org\/hu\/adomanyozas\/#breadcrumb"},"inLanguage":"hu","potentialAction":[{"@type":"ReadAction","target":["https:\/\/ebenezer-oe.org\/hu\/adomanyozas\/"]}]},{"@type":"BreadcrumbList","@id":"https:\/\/ebenezer-oe.org\/hu\/adomanyozas\/#breadcrumb","itemListElement":[{"@type":"ListItem","position":1,"name":"Home","item":"https:\/\/ebenezer-oe.org\/hu\/"},{"@type":"ListItem","position":2,"name":"Adom\u00e1nyoz\u00e1s"}]},{"@type":"WebSite","@id":"https:\/\/ebenezer-oe.org\/#website","url":"https:\/\/ebenezer-oe.org\/","name":"Ebenezer - Operation Exodus","description":"","publisher":{"@id":"https:\/\/ebenezer-oe.org\/#organization"},"potentialAction":[{"@type":"SearchAction","target":{"@type":"EntryPoint","urlTemplate":"https:\/\/ebenezer-oe.org\/?s={search_term_string}"},"query-input":{"@type":"PropertyValueSpecification","valueRequired":true,"valueName":"search_term_string"}}],"inLanguage":"hu"},{"@type":"Organization","@id":"https:\/\/ebenezer-oe.org\/#organization","name":"Ebenezer - Operation Exodus","url":"https:\/\/ebenezer-oe.org\/","logo":{"@type":"ImageObject","inLanguage":"hu","@id":"https:\/\/ebenezer-oe.org\/#\/schema\/logo\/image\/","url":"https:\/\/ebenezeroe.wpengine.com\/wp-content\/uploads\/2020\/09\/Logo_EOE_EN_Colour-Horizontal.png","contentUrl":"https:\/\/ebenezeroe.wpengine.com\/wp-content\/uploads\/2020\/09\/Logo_EOE_EN_Colour-Horizontal.png","width":1922,"height":928,"caption":"Ebenezer - Operation Exodus"},"image":{"@id":"https:\/\/ebenezer-oe.org\/#\/schema\/logo\/image\/"},"sameAs":["https:\/\/www.facebook.com\/EbenezerInt","https:\/\/www.instagram.com\/ebenezer_oe_eng\/","https:\/\/www.youtube.com\/channel\/UC6qGHrKKeamFVz95Vd8LR1g"]}]}},"_links":{"self":[{"href":"https:\/\/ebenezer-oe.org\/hu\/wp-json\/wp\/v2\/pages\/103002","targetHints":{"allow":["GET"]}}],"collection":[{"href":"https:\/\/ebenezer-oe.org\/hu\/wp-json\/wp\/v2\/pages"}],"about":[{"href":"https:\/\/ebenezer-oe.org\/hu\/wp-json\/wp\/v2\/types\/page"}],"author":[{"embeddable":true,"href":"https:\/\/ebenezer-oe.org\/hu\/wp-json\/wp\/v2\/users\/1"}],"replies":[{"embeddable":true,"href":"https:\/\/ebenezer-oe.org\/hu\/wp-json\/wp\/v2\/comments?post=103002"}],"version-history":[{"count":0,"href":"https:\/\/ebenezer-oe.org\/hu\/wp-json\/wp\/v2\/pages\/103002\/revisions"}],"wp:attachment":[{"href":"https:\/\/ebenezer-oe.org\/hu\/wp-json\/wp\/v2\/media?parent=103002"}],"curies":[{"name":"wp","href":"https:\/\/api.w.org\/{rel}","templated":true}]}}