{"id":103004,"date":"2023-07-18T14:23:06","date_gmt":"2023-07-18T14:23:06","guid":{"rendered":"https:\/\/ebenezer-oe.org\/rendezvenyek\/"},"modified":"2025-01-14T11:43:05","modified_gmt":"2025-01-14T11:43:05","slug":"rendezvenyek","status":"publish","type":"page","link":"https:\/\/ebenezer-oe.org\/hu\/rendezvenyek\/","title":{"rendered":"Rendezv\u00e9nyek"},"content":{"rendered":"\n\n\t<h2>Rendezv\u00e9nyek<\/h2>\n<h4>\n\t\tAz \u00e9v sor\u00e1n k\u00fcl\u00f6nf\u00e9le Ebenezer-rendezv\u00e9nyeket tartunk &#8211; napi konferenci\u00e1k, utaz\u00e1sok, bibliahetek, imatal\u00e1lkoz\u00f3k \u00e9s t\u00f6bb minden.\n\t<\/h4>\n\t<p>&nbsp;<\/p>\n<p>&nbsp;<\/p>\n\t<p>Az \u00d6n orsz\u00e1g\u00e1ban zajl\u00f3 esem\u00e9nyekkel kapcsolatos tov\u00e1bbi inform\u00e1ci\u00f3k\u00e9rt forduljon a <a href=\"https:\/\/ebenezeroe.wpengine.com\/in-your-country\/\">nemzeti irod\u00e1hoz.<\/a><\/p>\n\n","protected":false},"excerpt":{"rendered":"<p>Rendezv\u00e9nyek Az \u00e9v sor\u00e1n k\u00fcl\u00f6nf\u00e9le Ebenezer-rendezv\u00e9nyeket tartunk &#8211; napi konferenci\u00e1k, utaz\u00e1sok, bibliahetek, imatal\u00e1lkoz\u00f3k \u00e9s t\u00f6bb minden. &nbsp; &nbsp; Az \u00d6n orsz\u00e1g\u00e1ban zajl\u00f3 esem\u00e9nyekkel kapcsolatos tov\u00e1bbi inform\u00e1ci\u00f3k\u00e9rt forduljon a nemzeti irod\u00e1hoz.<\/p>\n","protected":false},"author":2,"featured_media":0,"parent":0,"menu_order":0,"comment_status":"closed","ping_status":"closed","template":"","meta":{"footnotes":""},"class_list":["post-103004","page","type-page","status-publish","hentry"],"yoast_head":"<!-- This site is optimized with the Yoast SEO plugin v27.2 - https:\/\/yoast.com\/product\/yoast-seo-wordpress\/ -->\n<title>Rendezv\u00e9nyek - Ebenezer Operation Exodus<\/title>\n<meta name=\"robots\" content=\"index, follow, max-snippet:-1, max-image-preview:large, max-video-preview:-1\" \/>\n<link rel=\"canonical\" href=\"https:\/\/ebenezer-oe.org\/hu\/rendezvenyek\/\" \/>\n<meta property=\"og:locale\" content=\"hu_HU\" \/>\n<meta property=\"og:type\" content=\"article\" \/>\n<meta property=\"og:title\" content=\"Rendezv\u00e9nyek - Ebenezer Operation Exodus\" \/>\n<meta property=\"og:description\" content=\"Rendezv\u00e9nyek Az \u00e9v sor\u00e1n k\u00fcl\u00f6nf\u00e9le Ebenezer-rendezv\u00e9nyeket tartunk &#8211; napi konferenci\u00e1k, utaz\u00e1sok, bibliahetek, imatal\u00e1lkoz\u00f3k \u00e9s t\u00f6bb minden. &nbsp; &nbsp; Az \u00d6n orsz\u00e1g\u00e1ban zajl\u00f3 esem\u00e9nyekkel kapcsolatos tov\u00e1bbi inform\u00e1ci\u00f3k\u00e9rt forduljon a nemzeti irod\u00e1hoz.\" \/>\n<meta property=\"og:url\" content=\"https:\/\/ebenezer-oe.org\/hu\/rendezvenyek\/\" \/>\n<meta property=\"og:site_name\" content=\"Ebenezer Operation Exodus\" \/>\n<meta property=\"article:publisher\" content=\"https:\/\/www.facebook.com\/EbenezerInt\" \/>\n<meta property=\"article:modified_time\" content=\"2025-01-14T11:43:05+00:00\" \/>\n<meta name=\"twitter:card\" content=\"summary_large_image\" \/>\n<script type=\"application\/ld+json\" class=\"yoast-schema-graph\">{\"@context\":\"https:\/\/schema.org\",\"@graph\":[{\"@type\":\"WebPage\",\"@id\":\"https:\/\/ebenezer-oe.org\/hu\/rendezvenyek\/\",\"url\":\"https:\/\/ebenezer-oe.org\/hu\/rendezvenyek\/\",\"name\":\"Rendezv\u00e9nyek - Ebenezer Operation Exodus\",\"isPartOf\":{\"@id\":\"https:\/\/ebenezer-oe.org\/#website\"},\"datePublished\":\"2023-07-18T14:23:06+00:00\",\"dateModified\":\"2025-01-14T11:43:05+00:00\",\"breadcrumb\":{\"@id\":\"https:\/\/ebenezer-oe.org\/hu\/rendezvenyek\/#breadcrumb\"},\"inLanguage\":\"hu\",\"potentialAction\":[{\"@type\":\"ReadAction\",\"target\":[\"https:\/\/ebenezer-oe.org\/hu\/rendezvenyek\/\"]}]},{\"@type\":\"BreadcrumbList\",\"@id\":\"https:\/\/ebenezer-oe.org\/hu\/rendezvenyek\/#breadcrumb\",\"itemListElement\":[{\"@type\":\"ListItem\",\"position\":1,\"name\":\"Home\",\"item\":\"https:\/\/ebenezer-oe.org\/hu\/\"},{\"@type\":\"ListItem\",\"position\":2,\"name\":\"Rendezv\u00e9nyek\"}]},{\"@type\":\"WebSite\",\"@id\":\"https:\/\/ebenezer-oe.org\/#website\",\"url\":\"https:\/\/ebenezer-oe.org\/\",\"name\":\"Ebenezer - Operation Exodus\",\"description\":\"\",\"publisher\":{\"@id\":\"https:\/\/ebenezer-oe.org\/#organization\"},\"potentialAction\":[{\"@type\":\"SearchAction\",\"target\":{\"@type\":\"EntryPoint\",\"urlTemplate\":\"https:\/\/ebenezer-oe.org\/?s={search_term_string}\"},\"query-input\":{\"@type\":\"PropertyValueSpecification\",\"valueRequired\":true,\"valueName\":\"search_term_string\"}}],\"inLanguage\":\"hu\"},{\"@type\":\"Organization\",\"@id\":\"https:\/\/ebenezer-oe.org\/#organization\",\"name\":\"Ebenezer - Operation Exodus\",\"url\":\"https:\/\/ebenezer-oe.org\/\",\"logo\":{\"@type\":\"ImageObject\",\"inLanguage\":\"hu\",\"@id\":\"https:\/\/ebenezer-oe.org\/#\/schema\/logo\/image\/\",\"url\":\"https:\/\/ebenezeroe.wpengine.com\/wp-content\/uploads\/2020\/09\/Logo_EOE_EN_Colour-Horizontal.png\",\"contentUrl\":\"https:\/\/ebenezeroe.wpengine.com\/wp-content\/uploads\/2020\/09\/Logo_EOE_EN_Colour-Horizontal.png\",\"width\":1922,\"height\":928,\"caption\":\"Ebenezer - Operation Exodus\"},\"image\":{\"@id\":\"https:\/\/ebenezer-oe.org\/#\/schema\/logo\/image\/\"},\"sameAs\":[\"https:\/\/www.facebook.com\/EbenezerInt\",\"https:\/\/www.instagram.com\/ebenezer_oe_eng\/\",\"https:\/\/www.youtube.com\/channel\/UC6qGHrKKeamFVz95Vd8LR1g\"]}]}<\/script>\n<!-- \/ Yoast SEO plugin. -->","yoast_head_json":{"title":"Rendezv\u00e9nyek - Ebenezer Operation Exodus","robots":{"index":"index","follow":"follow","max-snippet":"max-snippet:-1","max-image-preview":"max-image-preview:large","max-video-preview":"max-video-preview:-1"},"canonical":"https:\/\/ebenezer-oe.org\/hu\/rendezvenyek\/","og_locale":"hu_HU","og_type":"article","og_title":"Rendezv\u00e9nyek - Ebenezer Operation Exodus","og_description":"Rendezv\u00e9nyek Az \u00e9v sor\u00e1n k\u00fcl\u00f6nf\u00e9le Ebenezer-rendezv\u00e9nyeket tartunk &#8211; napi konferenci\u00e1k, utaz\u00e1sok, bibliahetek, imatal\u00e1lkoz\u00f3k \u00e9s t\u00f6bb minden. &nbsp; &nbsp; Az \u00d6n orsz\u00e1g\u00e1ban zajl\u00f3 esem\u00e9nyekkel kapcsolatos tov\u00e1bbi inform\u00e1ci\u00f3k\u00e9rt forduljon a nemzeti irod\u00e1hoz.","og_url":"https:\/\/ebenezer-oe.org\/hu\/rendezvenyek\/","og_site_name":"Ebenezer Operation Exodus","article_publisher":"https:\/\/www.facebook.com\/EbenezerInt","article_modified_time":"2025-01-14T11:43:05+00:00","twitter_card":"summary_large_image","schema":{"@context":"https:\/\/schema.org","@graph":[{"@type":"WebPage","@id":"https:\/\/ebenezer-oe.org\/hu\/rendezvenyek\/","url":"https:\/\/ebenezer-oe.org\/hu\/rendezvenyek\/","name":"Rendezv\u00e9nyek - Ebenezer Operation Exodus","isPartOf":{"@id":"https:\/\/ebenezer-oe.org\/#website"},"datePublished":"2023-07-18T14:23:06+00:00","dateModified":"2025-01-14T11:43:05+00:00","breadcrumb":{"@id":"https:\/\/ebenezer-oe.org\/hu\/rendezvenyek\/#breadcrumb"},"inLanguage":"hu","potentialAction":[{"@type":"ReadAction","target":["https:\/\/ebenezer-oe.org\/hu\/rendezvenyek\/"]}]},{"@type":"BreadcrumbList","@id":"https:\/\/ebenezer-oe.org\/hu\/rendezvenyek\/#breadcrumb","itemListElement":[{"@type":"ListItem","position":1,"name":"Home","item":"https:\/\/ebenezer-oe.org\/hu\/"},{"@type":"ListItem","position":2,"name":"Rendezv\u00e9nyek"}]},{"@type":"WebSite","@id":"https:\/\/ebenezer-oe.org\/#website","url":"https:\/\/ebenezer-oe.org\/","name":"Ebenezer - Operation Exodus","description":"","publisher":{"@id":"https:\/\/ebenezer-oe.org\/#organization"},"potentialAction":[{"@type":"SearchAction","target":{"@type":"EntryPoint","urlTemplate":"https:\/\/ebenezer-oe.org\/?s={search_term_string}"},"query-input":{"@type":"PropertyValueSpecification","valueRequired":true,"valueName":"search_term_string"}}],"inLanguage":"hu"},{"@type":"Organization","@id":"https:\/\/ebenezer-oe.org\/#organization","name":"Ebenezer - Operation Exodus","url":"https:\/\/ebenezer-oe.org\/","logo":{"@type":"ImageObject","inLanguage":"hu","@id":"https:\/\/ebenezer-oe.org\/#\/schema\/logo\/image\/","url":"https:\/\/ebenezeroe.wpengine.com\/wp-content\/uploads\/2020\/09\/Logo_EOE_EN_Colour-Horizontal.png","contentUrl":"https:\/\/ebenezeroe.wpengine.com\/wp-content\/uploads\/2020\/09\/Logo_EOE_EN_Colour-Horizontal.png","width":1922,"height":928,"caption":"Ebenezer - Operation Exodus"},"image":{"@id":"https:\/\/ebenezer-oe.org\/#\/schema\/logo\/image\/"},"sameAs":["https:\/\/www.facebook.com\/EbenezerInt","https:\/\/www.instagram.com\/ebenezer_oe_eng\/","https:\/\/www.youtube.com\/channel\/UC6qGHrKKeamFVz95Vd8LR1g"]}]}},"_links":{"self":[{"href":"https:\/\/ebenezer-oe.org\/hu\/wp-json\/wp\/v2\/pages\/103004","targetHints":{"allow":["GET"]}}],"collection":[{"href":"https:\/\/ebenezer-oe.org\/hu\/wp-json\/wp\/v2\/pages"}],"about":[{"href":"https:\/\/ebenezer-oe.org\/hu\/wp-json\/wp\/v2\/types\/page"}],"author":[{"embeddable":true,"href":"https:\/\/ebenezer-oe.org\/hu\/wp-json\/wp\/v2\/users\/2"}],"replies":[{"embeddable":true,"href":"https:\/\/ebenezer-oe.org\/hu\/wp-json\/wp\/v2\/comments?post=103004"}],"version-history":[{"count":0,"href":"https:\/\/ebenezer-oe.org\/hu\/wp-json\/wp\/v2\/pages\/103004\/revisions"}],"wp:attachment":[{"href":"https:\/\/ebenezer-oe.org\/hu\/wp-json\/wp\/v2\/media?parent=103004"}],"curies":[{"name":"wp","href":"https:\/\/api.w.org\/{rel}","templated":true}]}}