{"id":108376,"date":"2024-05-28T13:18:52","date_gmt":"2024-05-28T13:18:52","guid":{"rendered":"https:\/\/ebenezer-oe.org\/le-avventure-di-ebi\/"},"modified":"2026-01-07T10:03:06","modified_gmt":"2026-01-07T10:03:06","slug":"le-avventure-di-ebi","status":"publish","type":"page","link":"https:\/\/ebenezer-oe.org\/it\/le-avventure-di-ebi\/","title":{"rendered":"Le avventure di Ebi"},"content":{"rendered":"\n\n\t\t\t\t<img decoding=\"async\" data-src=\"https:\/\/ebenezer-oe.org\/wp-content\/uploads\/2024\/03\/Ebi-Name-Font-1.png\" alt=\"Ebi - Name Font\" itemprop=\"image\" height=\"1080\" width=\"1920\" title=\"Ebi - Name Font\" onerror=\"this.style.display='none'\" src=\"data:image\/svg+xml;base64,PHN2ZyB3aWR0aD0iMSIgaGVpZ2h0PSIxIiB4bWxucz0iaHR0cDovL3d3dy53My5vcmcvMjAwMC9zdmciPjwvc3ZnPg==\" class=\"lazyload\" style=\"--smush-placeholder-width: 1920px; --smush-placeholder-aspect-ratio: 1920\/1080;\" \/>\n\t<h2>Ciao, sono Ebi!<\/h2>\n\t<p>Il mio migliore amico, David, \u00e8 ebreo. Mi ha detto che la sua famiglia sta per trasferirsi in Israele e che questa \u00e8 una decisione importante che proviene da Dio! Ho davvero tante domande che vorrei fare, perci\u00f2 David ha detto che mi presenter\u00e0 a molti dei suoi amici e anche ad alcuni cristiani che stanno aiutando la sua famiglia a trasferirsi, cos\u00ec potr\u00f2 scoprire come mai si tratta di una cosa cos\u00ec speciale. Sar\u00e0 un&#8217;avventura!<\/p>\n\t\t\t\t<img decoding=\"async\" data-src=\"https:\/\/ebenezer-oe.org\/wp-content\/uploads\/2024\/03\/Ebi-David.jpg\" alt=\"Ebi &amp; David\" itemprop=\"image\" height=\"1080\" width=\"1080\" title=\"Ebi &amp; David\" onerror=\"this.style.display='none'\" src=\"data:image\/svg+xml;base64,PHN2ZyB3aWR0aD0iMSIgaGVpZ2h0PSIxIiB4bWxucz0iaHR0cDovL3d3dy53My5vcmcvMjAwMC9zdmciPjwvc3ZnPg==\" class=\"lazyload\" style=\"--smush-placeholder-width: 1080px; --smush-placeholder-aspect-ratio: 1080\/1080;\" \/>\n\t<h2>Pronti per un&#8217;avventura?<\/h2>\n\t\t<iframe title=\"My name is Ebi! | God loves Israel\" width=\"500\" height=\"281\" data-src=\"https:\/\/www.youtube.com\/embed\/po8AWV32Z5g?feature=oembed\" frameborder=\"0\" allow=\"accelerometer; autoplay; clipboard-write; encrypted-media; gyroscope; picture-in-picture; web-share\" referrerpolicy=\"strict-origin-when-cross-origin\" allowfullscreen src=\"data:image\/svg+xml;base64,PHN2ZyB3aWR0aD0iMSIgaGVpZ2h0PSIxIiB4bWxucz0iaHR0cDovL3d3dy53My5vcmcvMjAwMC9zdmciPjwvc3ZnPg==\" class=\"lazyload\" data-load-mode=\"1\"><\/iframe>\t\n\t<h2><b>Raab e le spie<\/b><\/h2>\n\t\t<iframe title=\"Rahab and the Spies | Ebi&#039;s Adventures\" width=\"500\" height=\"281\" data-src=\"https:\/\/www.youtube.com\/embed\/gPRjglFNFCA?start=1&#038;feature=oembed\" frameborder=\"0\" allow=\"accelerometer; autoplay; clipboard-write; encrypted-media; gyroscope; picture-in-picture; web-share\" referrerpolicy=\"strict-origin-when-cross-origin\" allowfullscreen src=\"data:image\/svg+xml;base64,PHN2ZyB3aWR0aD0iMSIgaGVpZ2h0PSIxIiB4bWxucz0iaHR0cDovL3d3dy53My5vcmcvMjAwMC9zdmciPjwvc3ZnPg==\" class=\"lazyload\" data-load-mode=\"1\"><\/iframe>\t\n\t<p>Storytime<\/p>\n\t\t\t\t<a href=\"https:\/\/ebenezer-oe.org\/wp-content\/uploads\/2026\/01\/ITA-EBI-Issue-03-Storytime.pdf\"  target=\"_blank\" rel=\"noopener\"  itemprop=\"url\">\n\t\t\t\t<img decoding=\"async\" data-src=\"https:\/\/ebenezer-oe.org\/wp-content\/uploads\/2025\/07\/Childrens-Issue-3-2025.jpg\" alt=\"Childrens Issue 3 2025\" itemprop=\"image\" height=\"2000\" width=\"1414\" title=\"Childrens Issue 3 2025\" onerror=\"this.style.display='none'\" src=\"data:image\/svg+xml;base64,PHN2ZyB3aWR0aD0iMSIgaGVpZ2h0PSIxIiB4bWxucz0iaHR0cDovL3d3dy53My5vcmcvMjAwMC9zdmciPjwvc3ZnPg==\" class=\"lazyload\" style=\"--smush-placeholder-width: 1414px; --smush-placeholder-aspect-ratio: 1414\/2000;\" \/>\n\t\t\t\t<\/a>\n\t<p>Colora<\/p>\n\t<p><i>3. Una volta che il PDF si sar\u00e0 aperto in una pagina separata del browser, stampalo oppure salvalo. <\/i><\/p>\n\t<h2>Trasferirsi In Una Nuova Casa<\/h2>\n\t\t<iframe title=\"Abraham moves to a new home! | Ebi&#039;s Adventures\" width=\"500\" height=\"281\" data-src=\"https:\/\/www.youtube.com\/embed\/khkQoLWY-Wg?feature=oembed\" frameborder=\"0\" allow=\"accelerometer; autoplay; clipboard-write; encrypted-media; gyroscope; picture-in-picture; web-share\" referrerpolicy=\"strict-origin-when-cross-origin\" allowfullscreen src=\"data:image\/svg+xml;base64,PHN2ZyB3aWR0aD0iMSIgaGVpZ2h0PSIxIiB4bWxucz0iaHR0cDovL3d3dy53My5vcmcvMjAwMC9zdmciPjwvc3ZnPg==\" class=\"lazyload\" data-load-mode=\"1\"><\/iframe>\t\n\t<p>Storytime<\/p>\n\t\t\t\t<a href=\"https:\/\/ebenezer-oe.org\/wp-content\/uploads\/2025\/06\/Ebi-Issue-2-2025-ITA.pdf%20\"  target=\"_blank\" rel=\"noopener\"  itemprop=\"url\">\n\t\t\t\t<img decoding=\"async\" data-src=\"https:\/\/ebenezer-oe.org\/wp-content\/uploads\/2025\/06\/IT-2-2025.jpg\" alt=\"IT 2 2025\" itemprop=\"image\" height=\"2000\" width=\"1414\" title=\"IT 2 2025\" onerror=\"this.style.display='none'\" src=\"data:image\/svg+xml;base64,PHN2ZyB3aWR0aD0iMSIgaGVpZ2h0PSIxIiB4bWxucz0iaHR0cDovL3d3dy53My5vcmcvMjAwMC9zdmciPjwvc3ZnPg==\" class=\"lazyload\" style=\"--smush-placeholder-width: 1414px; --smush-placeholder-aspect-ratio: 1414\/2000;\" \/>\n\t\t\t\t<\/a>\n\t<p>Colora<\/p>\n\t<p><i>3. Una volta che il PDF si sar\u00e0 aperto in una pagina separata del browser, stampalo oppure salvalo. <\/i><\/p>\n\t<h2>Nuovi Amici in Israele<\/h2>\n\t\t<iframe title=\"New friends in Israel! | Ebi&#039;s Adventures\" width=\"500\" height=\"281\" data-src=\"https:\/\/www.youtube.com\/embed\/xquEjC22ICk?feature=oembed\" frameborder=\"0\" allow=\"accelerometer; autoplay; clipboard-write; encrypted-media; gyroscope; picture-in-picture; web-share\" referrerpolicy=\"strict-origin-when-cross-origin\" allowfullscreen src=\"data:image\/svg+xml;base64,PHN2ZyB3aWR0aD0iMSIgaGVpZ2h0PSIxIiB4bWxucz0iaHR0cDovL3d3dy53My5vcmcvMjAwMC9zdmciPjwvc3ZnPg==\" class=\"lazyload\" data-load-mode=\"1\"><\/iframe>\t\n\t<p>Storytime<\/p>\n\t\t\t\t<a href=\"https:\/\/ebenezer-oe.org\/wp-content\/uploads\/2024\/12\/Ebi-Issue-4-ITA.pdf%20\"  target=\"_blank\" rel=\"noopener\"  itemprop=\"url\">\n\t\t\t\t<img decoding=\"async\" data-src=\"https:\/\/ebenezer-oe.org\/wp-content\/uploads\/2024\/12\/Italian.jpg\" alt=\"Italian\" itemprop=\"image\" height=\"2000\" width=\"1414\" title=\"Italian\" onerror=\"this.style.display='none'\" src=\"data:image\/svg+xml;base64,PHN2ZyB3aWR0aD0iMSIgaGVpZ2h0PSIxIiB4bWxucz0iaHR0cDovL3d3dy53My5vcmcvMjAwMC9zdmciPjwvc3ZnPg==\" class=\"lazyload\" style=\"--smush-placeholder-width: 1414px; --smush-placeholder-aspect-ratio: 1414\/2000;\" \/>\n\t\t\t\t<\/a>\n\t<p>Colora<\/p>\n\t<p><i>3. Una volta che il PDF si sar\u00e0 aperto in una pagina separata del browser, stampalo oppure salvalo. <\/i><\/p>\n\t<h2>Gli Amici Di David<\/h2>\n\t\t<iframe title=\"David&#039;s Friends | Ebi&#039;s Adventures\" width=\"500\" height=\"281\" data-src=\"https:\/\/www.youtube.com\/embed\/f6kPM2lEwMs?feature=oembed\" frameborder=\"0\" allow=\"accelerometer; autoplay; clipboard-write; encrypted-media; gyroscope; picture-in-picture; web-share\" referrerpolicy=\"strict-origin-when-cross-origin\" allowfullscreen src=\"data:image\/svg+xml;base64,PHN2ZyB3aWR0aD0iMSIgaGVpZ2h0PSIxIiB4bWxucz0iaHR0cDovL3d3dy53My5vcmcvMjAwMC9zdmciPjwvc3ZnPg==\" class=\"lazyload\" data-load-mode=\"1\"><\/iframe>\t\n\t<p>Storytime<\/p>\n\t\t\t\t<a href=\"https:\/\/ebenezer-oe.org\/wp-content\/uploads\/2024\/09\/Ebi-Issue-2-ITA.pdf\"  target=\"_blank\" rel=\"noopener\"  itemprop=\"url\">\n\t\t\t\t<img decoding=\"async\" data-src=\"https:\/\/ebenezer-oe.org\/wp-content\/uploads\/2024\/09\/4-1.jpg\" alt=\"4\" itemprop=\"image\" height=\"2000\" width=\"1414\" title=\"4\" onerror=\"this.style.display='none'\" src=\"data:image\/svg+xml;base64,PHN2ZyB3aWR0aD0iMSIgaGVpZ2h0PSIxIiB4bWxucz0iaHR0cDovL3d3dy53My5vcmcvMjAwMC9zdmciPjwvc3ZnPg==\" class=\"lazyload\" style=\"--smush-placeholder-width: 1414px; --smush-placeholder-aspect-ratio: 1414\/2000;\" \/>\n\t\t\t\t<\/a>\n\t<p>Colora<\/p>\n\t<p><i>3. Una volta che il PDF si sar\u00e0 aperto in una pagina separata del browser, stampalo oppure salvalo. <\/i><\/p>\n\t<h2>Il sogno di Talia<\/h2>\n\t\t<iframe title=\"Talia&#039;s Dream | Making Aliyah to Israel!\" width=\"500\" height=\"281\" data-src=\"https:\/\/www.youtube.com\/embed\/7kDzz2Fz2GU?feature=oembed\" frameborder=\"0\" allow=\"accelerometer; autoplay; clipboard-write; encrypted-media; gyroscope; picture-in-picture; web-share\" referrerpolicy=\"strict-origin-when-cross-origin\" allowfullscreen src=\"data:image\/svg+xml;base64,PHN2ZyB3aWR0aD0iMSIgaGVpZ2h0PSIxIiB4bWxucz0iaHR0cDovL3d3dy53My5vcmcvMjAwMC9zdmciPjwvc3ZnPg==\" class=\"lazyload\" data-load-mode=\"1\"><\/iframe>\t\n\t<p>Storytime<\/p>\n\t\t\t\t<a href=\"https:\/\/ebenezer-oe.org\/wp-content\/uploads\/2024\/05\/EOE-Ebi-Kids-Issue-1-ITA.pdf%20\"  target=\"_blank\" rel=\"noopener\"  itemprop=\"url\">\n\t\t\t\t<img decoding=\"async\" data-src=\"https:\/\/ebenezer-oe.org\/wp-content\/uploads\/2024\/05\/it-Ebi.jpg\" alt=\"it - Ebi\" itemprop=\"image\" height=\"2000\" width=\"1414\" title=\"it - Ebi\" onerror=\"this.style.display='none'\" src=\"data:image\/svg+xml;base64,PHN2ZyB3aWR0aD0iMSIgaGVpZ2h0PSIxIiB4bWxucz0iaHR0cDovL3d3dy53My5vcmcvMjAwMC9zdmciPjwvc3ZnPg==\" class=\"lazyload\" style=\"--smush-placeholder-width: 1414px; --smush-placeholder-aspect-ratio: 1414\/2000;\" \/>\n\t\t\t\t<\/a>\n\t<p>Colora<\/p>\n\t<p><i>3. Una volta che il PDF si sar\u00e0 aperto in una pagina separata del browser, stampalo oppure salvalo. <\/i><\/p>\n\t<h2>Iscriviti al canale YouTube di Ebi<\/h2>\n\t\t\t<a href=\"https:\/\/www.youtube.com\/@ebisadventures\" target=\"_blank\" rel=\"noopener\">\n\t\t\t\t\t\tVisita il nostro canale\n\t\t\t\t\t<\/a>\n\t\t\t\t<img decoding=\"async\" data-src=\"https:\/\/ebenezer-oe.org\/wp-content\/uploads\/2024\/04\/Finnish-2.png\" alt=\"Finnish-2\" itemprop=\"image\" height=\"1080\" width=\"1080\" title=\"Finnish-2\" onerror=\"this.style.display='none'\" src=\"data:image\/svg+xml;base64,PHN2ZyB3aWR0aD0iMSIgaGVpZ2h0PSIxIiB4bWxucz0iaHR0cDovL3d3dy53My5vcmcvMjAwMC9zdmciPjwvc3ZnPg==\" class=\"lazyload\" style=\"--smush-placeholder-width: 1080px; --smush-placeholder-aspect-ratio: 1080\/1080;\" \/>\n\t<h2>Dov&#8217;\u00e8 Ebi?<\/h2>\n\t<p>Ebi \u00e8 nascosto da qualche parte in queste immagini, riesci a trovarlo?<\/p>\n\t\t\t\t<img decoding=\"async\" data-src=\"https:\/\/ebenezer-oe.org\/wp-content\/uploads\/2024\/03\/1-2-scaled.jpg\" alt=\"1\" itemprop=\"image\" height=\"2560\" width=\"1810\" title=\"1\" onerror=\"this.style.display='none'\" src=\"data:image\/svg+xml;base64,PHN2ZyB3aWR0aD0iMSIgaGVpZ2h0PSIxIiB4bWxucz0iaHR0cDovL3d3dy53My5vcmcvMjAwMC9zdmciPjwvc3ZnPg==\" class=\"lazyload\" style=\"--smush-placeholder-width: 1810px; --smush-placeholder-aspect-ratio: 1810\/2560;\" \/>\n\t\t\t\t<img decoding=\"async\" data-src=\"https:\/\/ebenezer-oe.org\/wp-content\/uploads\/2024\/03\/3-2-scaled.jpg\" alt=\"3\" itemprop=\"image\" height=\"2560\" width=\"1810\" title=\"3\" onerror=\"this.style.display='none'\" src=\"data:image\/svg+xml;base64,PHN2ZyB3aWR0aD0iMSIgaGVpZ2h0PSIxIiB4bWxucz0iaHR0cDovL3d3dy53My5vcmcvMjAwMC9zdmciPjwvc3ZnPg==\" class=\"lazyload\" style=\"--smush-placeholder-width: 1810px; --smush-placeholder-aspect-ratio: 1810\/2560;\" \/>\n\t\t\t\t<img decoding=\"async\" data-src=\"https:\/\/ebenezer-oe.org\/wp-content\/uploads\/2024\/03\/2-2-scaled.jpg\" alt=\"2\" itemprop=\"image\" height=\"2560\" width=\"1810\" title=\"2\" onerror=\"this.style.display='none'\" src=\"data:image\/svg+xml;base64,PHN2ZyB3aWR0aD0iMSIgaGVpZ2h0PSIxIiB4bWxucz0iaHR0cDovL3d3dy53My5vcmcvMjAwMC9zdmciPjwvc3ZnPg==\" class=\"lazyload\" style=\"--smush-placeholder-width: 1810px; --smush-placeholder-aspect-ratio: 1810\/2560;\" \/>\n\t<p><em>Per scaricare le schede, clicca sull&#8217;immagine con il tasto destro del mouse e seleziona &#8216;scarica&#8217; oppure &#8216;salva&#8217;. Cos\u00ec potrai salvare questi documenti sul tuo computer e stamparli quando vorrai.<\/em><\/p>\n\t<p>Ti serve aiuto per scaricare il materiale?<\/p>\n\t<p>Mandaci un&#8217;email e facci sapere a quali risorse vuoi accedere. Te le invieremo direttamente.<\/p>\n\t\t\t<a href=\"mailto:ruth.linnell@ebeneze-oe.org\" target=\"_self\">\n\t\t\t\t\t\t\tEmail per il materiale\n\t\t\t\t\t<\/a>\n\n","protected":false},"excerpt":{"rendered":"<p>Ciao, sono Ebi! Il mio migliore amico, David, \u00e8 ebreo. Mi ha detto che la sua famiglia sta per trasferirsi in Israele e che questa \u00e8 una decisione importante che proviene da Dio! Ho davvero tante domande che vorrei fare, perci\u00f2 David ha detto che mi presenter\u00e0 a molti dei suoi amici e anche ad&hellip;<\/p>\n","protected":false},"author":2,"featured_media":0,"parent":0,"menu_order":0,"comment_status":"closed","ping_status":"closed","template":"","meta":{"footnotes":""},"class_list":["post-108376","page","type-page","status-publish","hentry"],"yoast_head":"<!-- This site is optimized with the Yoast SEO plugin v27.4 - https:\/\/yoast.com\/product\/yoast-seo-wordpress\/ -->\n<title>Le avventure di Ebi - Ebenezer Operation Exodus<\/title>\n<meta name=\"description\" content=\"Unisciti alle avventure di Ebi per scoprire l&#039;amore di Dio per Israele e perch\u00e9 il popolo ebraico si sta trasferendo in Israele!\" \/>\n<meta name=\"robots\" content=\"index, follow, max-snippet:-1, max-image-preview:large, max-video-preview:-1\" \/>\n<link rel=\"canonical\" href=\"https:\/\/ebenezer-oe.org\/it\/le-avventure-di-ebi\/\" \/>\n<meta property=\"og:locale\" content=\"it_IT\" \/>\n<meta property=\"og:type\" content=\"article\" \/>\n<meta property=\"og:title\" content=\"Le avventure di Ebi - Ebenezer Operation Exodus\" \/>\n<meta property=\"og:description\" content=\"Unisciti alle avventure di Ebi per scoprire l&#039;amore di Dio per Israele e perch\u00e9 il popolo ebraico si sta trasferendo in Israele!\" \/>\n<meta property=\"og:url\" content=\"https:\/\/ebenezer-oe.org\/it\/le-avventure-di-ebi\/\" \/>\n<meta property=\"og:site_name\" content=\"Ebenezer Operation Exodus\" \/>\n<meta property=\"article:publisher\" content=\"https:\/\/www.facebook.com\/EbenezerInt\" \/>\n<meta property=\"article:modified_time\" content=\"2026-01-07T10:03:06+00:00\" \/>\n<meta property=\"og:image\" content=\"https:\/\/ebenezer-oe.org\/wp-content\/uploads\/2024\/03\/Ebi-Name-Font-1.png\" \/>\n<meta name=\"twitter:card\" content=\"summary_large_image\" \/>\n<meta name=\"twitter:label1\" content=\"Tempo di lettura stimato\" \/>\n\t<meta name=\"twitter:data1\" content=\"1 minuto\" \/>\n<script type=\"application\/ld+json\" class=\"yoast-schema-graph\">{\"@context\":\"https:\\\/\\\/schema.org\",\"@graph\":[{\"@type\":\"WebPage\",\"@id\":\"https:\\\/\\\/ebenezer-oe.org\\\/it\\\/le-avventure-di-ebi\\\/\",\"url\":\"https:\\\/\\\/ebenezer-oe.org\\\/it\\\/le-avventure-di-ebi\\\/\",\"name\":\"Le avventure di Ebi - Ebenezer Operation Exodus\",\"isPartOf\":{\"@id\":\"https:\\\/\\\/ebenezer-oe.org\\\/#website\"},\"primaryImageOfPage\":{\"@id\":\"https:\\\/\\\/ebenezer-oe.org\\\/it\\\/le-avventure-di-ebi\\\/#primaryimage\"},\"image\":{\"@id\":\"https:\\\/\\\/ebenezer-oe.org\\\/it\\\/le-avventure-di-ebi\\\/#primaryimage\"},\"thumbnailUrl\":\"https:\\\/\\\/ebenezer-oe.org\\\/wp-content\\\/uploads\\\/2024\\\/03\\\/Ebi-Name-Font-1.png\",\"datePublished\":\"2024-05-28T13:18:52+00:00\",\"dateModified\":\"2026-01-07T10:03:06+00:00\",\"description\":\"Unisciti alle avventure di Ebi per scoprire l'amore di Dio per Israele e perch\u00e9 il popolo ebraico si sta trasferendo in Israele!\",\"breadcrumb\":{\"@id\":\"https:\\\/\\\/ebenezer-oe.org\\\/it\\\/le-avventure-di-ebi\\\/#breadcrumb\"},\"inLanguage\":\"it-IT\",\"potentialAction\":[{\"@type\":\"ReadAction\",\"target\":[\"https:\\\/\\\/ebenezer-oe.org\\\/it\\\/le-avventure-di-ebi\\\/\"]}]},{\"@type\":\"ImageObject\",\"inLanguage\":\"it-IT\",\"@id\":\"https:\\\/\\\/ebenezer-oe.org\\\/it\\\/le-avventure-di-ebi\\\/#primaryimage\",\"url\":\"https:\\\/\\\/ebenezer-oe.org\\\/wp-content\\\/uploads\\\/2024\\\/03\\\/Ebi-Name-Font-1.png\",\"contentUrl\":\"https:\\\/\\\/ebenezer-oe.org\\\/wp-content\\\/uploads\\\/2024\\\/03\\\/Ebi-Name-Font-1.png\"},{\"@type\":\"BreadcrumbList\",\"@id\":\"https:\\\/\\\/ebenezer-oe.org\\\/it\\\/le-avventure-di-ebi\\\/#breadcrumb\",\"itemListElement\":[{\"@type\":\"ListItem\",\"position\":1,\"name\":\"Home\",\"item\":\"https:\\\/\\\/ebenezer-oe.org\\\/it\\\/\"},{\"@type\":\"ListItem\",\"position\":2,\"name\":\"Le avventure di Ebi\"}]},{\"@type\":\"WebSite\",\"@id\":\"https:\\\/\\\/ebenezer-oe.org\\\/#website\",\"url\":\"https:\\\/\\\/ebenezer-oe.org\\\/\",\"name\":\"Ebenezer - Operation Exodus\",\"description\":\"\",\"publisher\":{\"@id\":\"https:\\\/\\\/ebenezer-oe.org\\\/#organization\"},\"potentialAction\":[{\"@type\":\"SearchAction\",\"target\":{\"@type\":\"EntryPoint\",\"urlTemplate\":\"https:\\\/\\\/ebenezer-oe.org\\\/?s={search_term_string}\"},\"query-input\":{\"@type\":\"PropertyValueSpecification\",\"valueRequired\":true,\"valueName\":\"search_term_string\"}}],\"inLanguage\":\"it-IT\"},{\"@type\":\"Organization\",\"@id\":\"https:\\\/\\\/ebenezer-oe.org\\\/#organization\",\"name\":\"Ebenezer - Operation Exodus\",\"url\":\"https:\\\/\\\/ebenezer-oe.org\\\/\",\"logo\":{\"@type\":\"ImageObject\",\"inLanguage\":\"it-IT\",\"@id\":\"https:\\\/\\\/ebenezer-oe.org\\\/#\\\/schema\\\/logo\\\/image\\\/\",\"url\":\"https:\\\/\\\/ebenezeroe.wpengine.com\\\/wp-content\\\/uploads\\\/2020\\\/09\\\/Logo_EOE_EN_Colour-Horizontal.png\",\"contentUrl\":\"https:\\\/\\\/ebenezeroe.wpengine.com\\\/wp-content\\\/uploads\\\/2020\\\/09\\\/Logo_EOE_EN_Colour-Horizontal.png\",\"width\":1922,\"height\":928,\"caption\":\"Ebenezer - Operation Exodus\"},\"image\":{\"@id\":\"https:\\\/\\\/ebenezer-oe.org\\\/#\\\/schema\\\/logo\\\/image\\\/\"},\"sameAs\":[\"https:\\\/\\\/www.facebook.com\\\/EbenezerInt\",\"https:\\\/\\\/www.instagram.com\\\/ebenezer_oe_eng\\\/\",\"https:\\\/\\\/www.youtube.com\\\/channel\\\/UC6qGHrKKeamFVz95Vd8LR1g\"]}]}<\/script>\n<!-- \/ Yoast SEO plugin. -->","yoast_head_json":{"title":"Le avventure di Ebi - Ebenezer Operation Exodus","description":"Unisciti alle avventure di Ebi per scoprire l'amore di Dio per Israele e perch\u00e9 il popolo ebraico si sta trasferendo in Israele!","robots":{"index":"index","follow":"follow","max-snippet":"max-snippet:-1","max-image-preview":"max-image-preview:large","max-video-preview":"max-video-preview:-1"},"canonical":"https:\/\/ebenezer-oe.org\/it\/le-avventure-di-ebi\/","og_locale":"it_IT","og_type":"article","og_title":"Le avventure di Ebi - Ebenezer Operation Exodus","og_description":"Unisciti alle avventure di Ebi per scoprire l'amore di Dio per Israele e perch\u00e9 il popolo ebraico si sta trasferendo in Israele!","og_url":"https:\/\/ebenezer-oe.org\/it\/le-avventure-di-ebi\/","og_site_name":"Ebenezer Operation Exodus","article_publisher":"https:\/\/www.facebook.com\/EbenezerInt","article_modified_time":"2026-01-07T10:03:06+00:00","og_image":[{"url":"https:\/\/ebenezer-oe.org\/wp-content\/uploads\/2024\/03\/Ebi-Name-Font-1.png","type":"","width":"","height":""}],"twitter_card":"summary_large_image","twitter_misc":{"Tempo di lettura stimato":"1 minuto"},"schema":{"@context":"https:\/\/schema.org","@graph":[{"@type":"WebPage","@id":"https:\/\/ebenezer-oe.org\/it\/le-avventure-di-ebi\/","url":"https:\/\/ebenezer-oe.org\/it\/le-avventure-di-ebi\/","name":"Le avventure di Ebi - Ebenezer Operation Exodus","isPartOf":{"@id":"https:\/\/ebenezer-oe.org\/#website"},"primaryImageOfPage":{"@id":"https:\/\/ebenezer-oe.org\/it\/le-avventure-di-ebi\/#primaryimage"},"image":{"@id":"https:\/\/ebenezer-oe.org\/it\/le-avventure-di-ebi\/#primaryimage"},"thumbnailUrl":"https:\/\/ebenezer-oe.org\/wp-content\/uploads\/2024\/03\/Ebi-Name-Font-1.png","datePublished":"2024-05-28T13:18:52+00:00","dateModified":"2026-01-07T10:03:06+00:00","description":"Unisciti alle avventure di Ebi per scoprire l'amore di Dio per Israele e perch\u00e9 il popolo ebraico si sta trasferendo in Israele!","breadcrumb":{"@id":"https:\/\/ebenezer-oe.org\/it\/le-avventure-di-ebi\/#breadcrumb"},"inLanguage":"it-IT","potentialAction":[{"@type":"ReadAction","target":["https:\/\/ebenezer-oe.org\/it\/le-avventure-di-ebi\/"]}]},{"@type":"ImageObject","inLanguage":"it-IT","@id":"https:\/\/ebenezer-oe.org\/it\/le-avventure-di-ebi\/#primaryimage","url":"https:\/\/ebenezer-oe.org\/wp-content\/uploads\/2024\/03\/Ebi-Name-Font-1.png","contentUrl":"https:\/\/ebenezer-oe.org\/wp-content\/uploads\/2024\/03\/Ebi-Name-Font-1.png"},{"@type":"BreadcrumbList","@id":"https:\/\/ebenezer-oe.org\/it\/le-avventure-di-ebi\/#breadcrumb","itemListElement":[{"@type":"ListItem","position":1,"name":"Home","item":"https:\/\/ebenezer-oe.org\/it\/"},{"@type":"ListItem","position":2,"name":"Le avventure di Ebi"}]},{"@type":"WebSite","@id":"https:\/\/ebenezer-oe.org\/#website","url":"https:\/\/ebenezer-oe.org\/","name":"Ebenezer - Operation Exodus","description":"","publisher":{"@id":"https:\/\/ebenezer-oe.org\/#organization"},"potentialAction":[{"@type":"SearchAction","target":{"@type":"EntryPoint","urlTemplate":"https:\/\/ebenezer-oe.org\/?s={search_term_string}"},"query-input":{"@type":"PropertyValueSpecification","valueRequired":true,"valueName":"search_term_string"}}],"inLanguage":"it-IT"},{"@type":"Organization","@id":"https:\/\/ebenezer-oe.org\/#organization","name":"Ebenezer - Operation Exodus","url":"https:\/\/ebenezer-oe.org\/","logo":{"@type":"ImageObject","inLanguage":"it-IT","@id":"https:\/\/ebenezer-oe.org\/#\/schema\/logo\/image\/","url":"https:\/\/ebenezeroe.wpengine.com\/wp-content\/uploads\/2020\/09\/Logo_EOE_EN_Colour-Horizontal.png","contentUrl":"https:\/\/ebenezeroe.wpengine.com\/wp-content\/uploads\/2020\/09\/Logo_EOE_EN_Colour-Horizontal.png","width":1922,"height":928,"caption":"Ebenezer - Operation Exodus"},"image":{"@id":"https:\/\/ebenezer-oe.org\/#\/schema\/logo\/image\/"},"sameAs":["https:\/\/www.facebook.com\/EbenezerInt","https:\/\/www.instagram.com\/ebenezer_oe_eng\/","https:\/\/www.youtube.com\/channel\/UC6qGHrKKeamFVz95Vd8LR1g"]}]}},"_links":{"self":[{"href":"https:\/\/ebenezer-oe.org\/it\/wp-json\/wp\/v2\/pages\/108376","targetHints":{"allow":["GET"]}}],"collection":[{"href":"https:\/\/ebenezer-oe.org\/it\/wp-json\/wp\/v2\/pages"}],"about":[{"href":"https:\/\/ebenezer-oe.org\/it\/wp-json\/wp\/v2\/types\/page"}],"author":[{"embeddable":true,"href":"https:\/\/ebenezer-oe.org\/it\/wp-json\/wp\/v2\/users\/2"}],"replies":[{"embeddable":true,"href":"https:\/\/ebenezer-oe.org\/it\/wp-json\/wp\/v2\/comments?post=108376"}],"version-history":[{"count":0,"href":"https:\/\/ebenezer-oe.org\/it\/wp-json\/wp\/v2\/pages\/108376\/revisions"}],"wp:attachment":[{"href":"https:\/\/ebenezer-oe.org\/it\/wp-json\/wp\/v2\/media?parent=108376"}],"curies":[{"name":"wp","href":"https:\/\/api.w.org\/{rel}","templated":true}]}}