{"id":3832,"date":"2021-07-14T12:32:14","date_gmt":"2021-07-14T12:32:14","guid":{"rendered":"https:\/\/ebenezer-oe.org\/la-nostra-storia\/"},"modified":"2021-09-14T08:40:07","modified_gmt":"2021-09-14T08:40:07","slug":"la-nostra-storia","status":"publish","type":"page","link":"https:\/\/ebenezer-oe.org\/it\/chi-siamo\/la-nostra-storia\/","title":{"rendered":"La nostra storia"},"content":{"rendered":"\n<h2>\n\t\tLa nostra storia\n\t<\/h2>\n\t<p>Il nostro ministero \u00e8 stato concepito ad una conferenza di preghiera a Gerusalemme, durante la Guerra del Golfo del 1991. Il gruppo direttivo della conferenza sent\u00ec che Dio stava dicendo che era tempo di aiutare il popolo ebraico a tornare a casa. Cos\u00ec il ministero \u00e8 iniziato e ha proseguito &#8230;<\/p>\n\t<p>Ebenezer Operazione Esodo viene fondato durante la prima Guerra del Golfo, alla Conferenza Internazionale di Preghiera a Gerusalemme (IPC). Gustav Scheller sente fortemente che Dio vuole metterlo in azione: <strong>Ora puoi iniziare ad aiutare il mio popolo a tornare a casa.<\/strong> Viene confermato all&#8217;unanimit\u00e0 dal gruppo direttivo e dai 120 intercessori che questa \u00e8 un&#8217;opera sovrana di Dio. (NB p46 OE Book)<\/p>\n<h2>\n\t\tLa Ebenezer Operazione Esodo Cronologia\n\t<\/h2>\n\n","protected":false},"excerpt":{"rendered":"<p>La nostra storia Il nostro ministero \u00e8 stato concepito ad una conferenza di preghiera a Gerusalemme, durante la Guerra del Golfo del 1991. Il gruppo direttivo della conferenza sent\u00ec che Dio stava dicendo che era tempo di aiutare il popolo ebraico a tornare a casa. Cos\u00ec il ministero \u00e8 iniziato e ha proseguito &#8230; Ebenezer&hellip;<\/p>\n","protected":false},"author":1,"featured_media":0,"parent":5120,"menu_order":1,"comment_status":"closed","ping_status":"closed","template":"","meta":{"footnotes":""},"class_list":["post-3832","page","type-page","status-publish","hentry"],"yoast_head":"<!-- This site is optimized with the Yoast SEO plugin v27.4 - https:\/\/yoast.com\/product\/yoast-seo-wordpress\/ -->\n<title>La nostra storia - Ebenezer Operation Exodus<\/title>\n<meta name=\"robots\" content=\"index, follow, max-snippet:-1, max-image-preview:large, max-video-preview:-1\" \/>\n<link rel=\"canonical\" href=\"https:\/\/ebenezer-oe.org\/it\/chi-siamo\/la-nostra-storia\/\" \/>\n<meta property=\"og:locale\" content=\"it_IT\" \/>\n<meta property=\"og:type\" content=\"article\" \/>\n<meta property=\"og:title\" content=\"La nostra storia - Ebenezer Operation Exodus\" \/>\n<meta property=\"og:description\" content=\"La nostra storia Il nostro ministero \u00e8 stato concepito ad una conferenza di preghiera a Gerusalemme, durante la Guerra del Golfo del 1991. Il gruppo direttivo della conferenza sent\u00ec che Dio stava dicendo che era tempo di aiutare il popolo ebraico a tornare a casa. Cos\u00ec il ministero \u00e8 iniziato e ha proseguito &#8230; Ebenezer&hellip;\" \/>\n<meta property=\"og:url\" content=\"https:\/\/ebenezer-oe.org\/it\/chi-siamo\/la-nostra-storia\/\" \/>\n<meta property=\"og:site_name\" content=\"Ebenezer Operation Exodus\" \/>\n<meta property=\"article:publisher\" content=\"https:\/\/www.facebook.com\/EbenezerInt\" \/>\n<meta property=\"article:modified_time\" content=\"2021-09-14T08:40:07+00:00\" \/>\n<meta name=\"twitter:card\" content=\"summary_large_image\" \/>\n<meta name=\"twitter:label1\" content=\"Tempo di lettura stimato\" \/>\n\t<meta name=\"twitter:data1\" content=\"1 minuto\" \/>\n<script type=\"application\/ld+json\" class=\"yoast-schema-graph\">{\"@context\":\"https:\\\/\\\/schema.org\",\"@graph\":[{\"@type\":\"WebPage\",\"@id\":\"https:\\\/\\\/ebenezer-oe.org\\\/it\\\/chi-siamo\\\/la-nostra-storia\\\/\",\"url\":\"https:\\\/\\\/ebenezer-oe.org\\\/it\\\/chi-siamo\\\/la-nostra-storia\\\/\",\"name\":\"La nostra storia - Ebenezer Operation Exodus\",\"isPartOf\":{\"@id\":\"https:\\\/\\\/ebenezer-oe.org\\\/#website\"},\"datePublished\":\"2021-07-14T12:32:14+00:00\",\"dateModified\":\"2021-09-14T08:40:07+00:00\",\"breadcrumb\":{\"@id\":\"https:\\\/\\\/ebenezer-oe.org\\\/it\\\/chi-siamo\\\/la-nostra-storia\\\/#breadcrumb\"},\"inLanguage\":\"it-IT\",\"potentialAction\":[{\"@type\":\"ReadAction\",\"target\":[\"https:\\\/\\\/ebenezer-oe.org\\\/it\\\/chi-siamo\\\/la-nostra-storia\\\/\"]}]},{\"@type\":\"BreadcrumbList\",\"@id\":\"https:\\\/\\\/ebenezer-oe.org\\\/it\\\/chi-siamo\\\/la-nostra-storia\\\/#breadcrumb\",\"itemListElement\":[{\"@type\":\"ListItem\",\"position\":1,\"name\":\"Home\",\"item\":\"https:\\\/\\\/ebenezer-oe.org\\\/it\\\/\"},{\"@type\":\"ListItem\",\"position\":2,\"name\":\"Chi siamo\",\"item\":\"https:\\\/\\\/ebenezer-oe.org\\\/it\\\/chi-siamo\\\/\"},{\"@type\":\"ListItem\",\"position\":3,\"name\":\"La nostra storia\"}]},{\"@type\":\"WebSite\",\"@id\":\"https:\\\/\\\/ebenezer-oe.org\\\/#website\",\"url\":\"https:\\\/\\\/ebenezer-oe.org\\\/\",\"name\":\"Ebenezer - Operation Exodus\",\"description\":\"\",\"publisher\":{\"@id\":\"https:\\\/\\\/ebenezer-oe.org\\\/#organization\"},\"potentialAction\":[{\"@type\":\"SearchAction\",\"target\":{\"@type\":\"EntryPoint\",\"urlTemplate\":\"https:\\\/\\\/ebenezer-oe.org\\\/?s={search_term_string}\"},\"query-input\":{\"@type\":\"PropertyValueSpecification\",\"valueRequired\":true,\"valueName\":\"search_term_string\"}}],\"inLanguage\":\"it-IT\"},{\"@type\":\"Organization\",\"@id\":\"https:\\\/\\\/ebenezer-oe.org\\\/#organization\",\"name\":\"Ebenezer - Operation Exodus\",\"url\":\"https:\\\/\\\/ebenezer-oe.org\\\/\",\"logo\":{\"@type\":\"ImageObject\",\"inLanguage\":\"it-IT\",\"@id\":\"https:\\\/\\\/ebenezer-oe.org\\\/#\\\/schema\\\/logo\\\/image\\\/\",\"url\":\"https:\\\/\\\/ebenezeroe.wpengine.com\\\/wp-content\\\/uploads\\\/2020\\\/09\\\/Logo_EOE_EN_Colour-Horizontal.png\",\"contentUrl\":\"https:\\\/\\\/ebenezeroe.wpengine.com\\\/wp-content\\\/uploads\\\/2020\\\/09\\\/Logo_EOE_EN_Colour-Horizontal.png\",\"width\":1922,\"height\":928,\"caption\":\"Ebenezer - Operation Exodus\"},\"image\":{\"@id\":\"https:\\\/\\\/ebenezer-oe.org\\\/#\\\/schema\\\/logo\\\/image\\\/\"},\"sameAs\":[\"https:\\\/\\\/www.facebook.com\\\/EbenezerInt\",\"https:\\\/\\\/www.instagram.com\\\/ebenezer_oe_eng\\\/\",\"https:\\\/\\\/www.youtube.com\\\/channel\\\/UC6qGHrKKeamFVz95Vd8LR1g\"]}]}<\/script>\n<!-- \/ Yoast SEO plugin. -->","yoast_head_json":{"title":"La nostra storia - Ebenezer Operation Exodus","robots":{"index":"index","follow":"follow","max-snippet":"max-snippet:-1","max-image-preview":"max-image-preview:large","max-video-preview":"max-video-preview:-1"},"canonical":"https:\/\/ebenezer-oe.org\/it\/chi-siamo\/la-nostra-storia\/","og_locale":"it_IT","og_type":"article","og_title":"La nostra storia - Ebenezer Operation Exodus","og_description":"La nostra storia Il nostro ministero \u00e8 stato concepito ad una conferenza di preghiera a Gerusalemme, durante la Guerra del Golfo del 1991. Il gruppo direttivo della conferenza sent\u00ec che Dio stava dicendo che era tempo di aiutare il popolo ebraico a tornare a casa. Cos\u00ec il ministero \u00e8 iniziato e ha proseguito &#8230; Ebenezer&hellip;","og_url":"https:\/\/ebenezer-oe.org\/it\/chi-siamo\/la-nostra-storia\/","og_site_name":"Ebenezer Operation Exodus","article_publisher":"https:\/\/www.facebook.com\/EbenezerInt","article_modified_time":"2021-09-14T08:40:07+00:00","twitter_card":"summary_large_image","twitter_misc":{"Tempo di lettura stimato":"1 minuto"},"schema":{"@context":"https:\/\/schema.org","@graph":[{"@type":"WebPage","@id":"https:\/\/ebenezer-oe.org\/it\/chi-siamo\/la-nostra-storia\/","url":"https:\/\/ebenezer-oe.org\/it\/chi-siamo\/la-nostra-storia\/","name":"La nostra storia - Ebenezer Operation Exodus","isPartOf":{"@id":"https:\/\/ebenezer-oe.org\/#website"},"datePublished":"2021-07-14T12:32:14+00:00","dateModified":"2021-09-14T08:40:07+00:00","breadcrumb":{"@id":"https:\/\/ebenezer-oe.org\/it\/chi-siamo\/la-nostra-storia\/#breadcrumb"},"inLanguage":"it-IT","potentialAction":[{"@type":"ReadAction","target":["https:\/\/ebenezer-oe.org\/it\/chi-siamo\/la-nostra-storia\/"]}]},{"@type":"BreadcrumbList","@id":"https:\/\/ebenezer-oe.org\/it\/chi-siamo\/la-nostra-storia\/#breadcrumb","itemListElement":[{"@type":"ListItem","position":1,"name":"Home","item":"https:\/\/ebenezer-oe.org\/it\/"},{"@type":"ListItem","position":2,"name":"Chi siamo","item":"https:\/\/ebenezer-oe.org\/it\/chi-siamo\/"},{"@type":"ListItem","position":3,"name":"La nostra storia"}]},{"@type":"WebSite","@id":"https:\/\/ebenezer-oe.org\/#website","url":"https:\/\/ebenezer-oe.org\/","name":"Ebenezer - Operation Exodus","description":"","publisher":{"@id":"https:\/\/ebenezer-oe.org\/#organization"},"potentialAction":[{"@type":"SearchAction","target":{"@type":"EntryPoint","urlTemplate":"https:\/\/ebenezer-oe.org\/?s={search_term_string}"},"query-input":{"@type":"PropertyValueSpecification","valueRequired":true,"valueName":"search_term_string"}}],"inLanguage":"it-IT"},{"@type":"Organization","@id":"https:\/\/ebenezer-oe.org\/#organization","name":"Ebenezer - Operation Exodus","url":"https:\/\/ebenezer-oe.org\/","logo":{"@type":"ImageObject","inLanguage":"it-IT","@id":"https:\/\/ebenezer-oe.org\/#\/schema\/logo\/image\/","url":"https:\/\/ebenezeroe.wpengine.com\/wp-content\/uploads\/2020\/09\/Logo_EOE_EN_Colour-Horizontal.png","contentUrl":"https:\/\/ebenezeroe.wpengine.com\/wp-content\/uploads\/2020\/09\/Logo_EOE_EN_Colour-Horizontal.png","width":1922,"height":928,"caption":"Ebenezer - Operation Exodus"},"image":{"@id":"https:\/\/ebenezer-oe.org\/#\/schema\/logo\/image\/"},"sameAs":["https:\/\/www.facebook.com\/EbenezerInt","https:\/\/www.instagram.com\/ebenezer_oe_eng\/","https:\/\/www.youtube.com\/channel\/UC6qGHrKKeamFVz95Vd8LR1g"]}]}},"_links":{"self":[{"href":"https:\/\/ebenezer-oe.org\/it\/wp-json\/wp\/v2\/pages\/3832","targetHints":{"allow":["GET"]}}],"collection":[{"href":"https:\/\/ebenezer-oe.org\/it\/wp-json\/wp\/v2\/pages"}],"about":[{"href":"https:\/\/ebenezer-oe.org\/it\/wp-json\/wp\/v2\/types\/page"}],"author":[{"embeddable":true,"href":"https:\/\/ebenezer-oe.org\/it\/wp-json\/wp\/v2\/users\/1"}],"replies":[{"embeddable":true,"href":"https:\/\/ebenezer-oe.org\/it\/wp-json\/wp\/v2\/comments?post=3832"}],"version-history":[{"count":0,"href":"https:\/\/ebenezer-oe.org\/it\/wp-json\/wp\/v2\/pages\/3832\/revisions"}],"up":[{"embeddable":true,"href":"https:\/\/ebenezer-oe.org\/it\/wp-json\/wp\/v2\/pages\/5120"}],"wp:attachment":[{"href":"https:\/\/ebenezer-oe.org\/it\/wp-json\/wp\/v2\/media?parent=3832"}],"curies":[{"name":"wp","href":"https:\/\/api.w.org\/{rel}","templated":true}]}}