{"id":4159,"date":"2021-07-14T16:07:40","date_gmt":"2021-07-14T16:07:40","guid":{"rendered":"https:\/\/ebenezer-oe.org\/fondamenta-di-preghiera\/"},"modified":"2023-07-25T13:36:55","modified_gmt":"2023-07-25T13:36:55","slug":"fondamenta-di-preghiera","status":"publish","type":"page","link":"https:\/\/ebenezer-oe.org\/it\/chi-siamo\/fondamenta-di-preghiera\/","title":{"rendered":"Fondamenta di preghiera"},"content":{"rendered":"\n<h1>\n\t\tFondamenta di preghiera\n\t<\/h1>\n\t<p>Sin dal giorno in cui Ebenezer Operazione Esodo \u00e8 venuto alla luce, \u00e8 stato un ministero di intercessione con un incarico profetico.<\/p>\n\t<p>In seguito alla miracolosa caduta della cortina di ferro, dal 1991 al 2000 il Signore ci ha guidati a pregare per gli ebrei dell&#8217;ex Unione Sovietica e ad aiutarli nel loro viaggio di ritorno in Israele. Questa comprensione del Suo cuore si \u00e8 poi ampliata arrivando a comprendere un ritorno globale del popolo ebraico in Israele <em>(in ebraico aliya).<\/em> Ci\u00f2 potr\u00e0 accadere solamente attraverso la preghiera e l&#8217;intercessione.<\/p>\n\t<p><em>&#8220;Sulle tue mura, Gerusalemme, io ho posto delle sentinelle; non taceranno mai, n\u00e9 giorno n\u00e9 notte. Voi che destate il ricordo del SIGNORE, non abbiate riposo, non date riposo a lui, finch\u00e9 egli non abbia ristabilito Gerusalemme, finch\u00e9 non abbia fatto di lei la lode di tutta la terra.&#8221;<\/em><\/p>\n<p>Isaia 62: 6-7<\/p>\n<h4>\n\t\tL&#8217;intercessione \u00e8 una preghiera di identificazione.\n\t<\/h4>\n\t<p>\u00c8 connettersi, attraverso la preghiera, con la situazione o la persona per cui si sta pregando. \u00c8 rispondere alla guida dello Spirito Santo e identificarsi con ci\u00f2 che \u00e8 nel cuore e nei piani di Dio. A tal proposito, la Bibbia dice che il ministero attuale di Ges\u00f9 \u00e8 l&#8217;intercessione: <i>&#8220;Cristo Ges\u00f9 \u00e8 colui che \u00e8 morto e, ancor pi\u00f9, \u00e8 risuscitato, \u00e8 alla destra di Dio e anche intercede per noi.&#8221; <\/i> (Romani 8:34).  <\/p>\n\t<meta itemprop=\"url\" content=\"https:\/\/ebenezer-oe.org\/wp-content\/uploads\/2021\/05\/Prayer.mp4\" \/><div style=\"width: 640px;\" class=\"wp-video\"><video muted class=\"wp-video-shortcode\" id=\"video-4159-1\" width=\"640\" height=\"360\" poster=\"https:\/\/ebenezeroe.wpengine.com\/wp-content\/uploads\/2021\/02\/pray.png\" loop autoplay preload=\"none\" controls=\"controls\"><source type=\"video\/mp4\" src=\"https:\/\/ebenezer-oe.org\/wp-content\/uploads\/2021\/05\/Prayer.mp4?_=1\" \/><a href=\"https:\/\/ebenezer-oe.org\/wp-content\/uploads\/2021\/05\/Prayer.mp4\">https:\/\/ebenezer-oe.org\/wp-content\/uploads\/2021\/05\/Prayer.mp4<\/a><\/video><\/div>\n\t<p>Anche Daniele fu un intercessore. Egli riconobbe, dalla profezia di Geremia, che i settant&#8217;anni di prigionia in Babilonia sarebbero finiti presto, perci\u00f2 si identific\u00f2 con la nazione di Israele e supplic\u00f2 per la loro libert\u00e0 e restaurazione (Daniele 9:1-3). Daniele comprese il cuore di Dio, ma sapeva che era necessaria la preghiera perch\u00e9 la profezia venisse adempiuta. Ges\u00f9 ha confermato questo quando ci ha insegnato che deve essere nostro obiettivo pregare affinch\u00e9 sia fatta la volont\u00e0 di Dio, in modo che Egli sia glorificato (Matteo 6:9-10).<\/p>\n\t\t\t<img decoding=\"async\" data-src=\"https:\/\/ebenezeroe.wpengine.com\/wp-content\/uploads\/2021\/05\/13.png\" alt=\"\" src=\"data:image\/svg+xml;base64,PHN2ZyB3aWR0aD0iMSIgaGVpZ2h0PSIxIiB4bWxucz0iaHR0cDovL3d3dy53My5vcmcvMjAwMC9zdmciPjwvc3ZnPg==\" class=\"lazyload\" \/>\t\t\t\n\t\t\t<img decoding=\"async\" data-src=\"https:\/\/ebenezeroe.wpengine.com\/wp-content\/uploads\/2021\/05\/14.png\" alt=\"\" src=\"data:image\/svg+xml;base64,PHN2ZyB3aWR0aD0iMSIgaGVpZ2h0PSIxIiB4bWxucz0iaHR0cDovL3d3dy53My5vcmcvMjAwMC9zdmciPjwvc3ZnPg==\" class=\"lazyload\" \/>\t\t\t\n\t<p>Il dottor Kingsley Priddy, del Bible College of Wales, era un caro amico di Gustav ed \u00e8 stato sostenitore in preghiera di Ebenezer Operazione Esodo per molti anni. In una lettera unica riguardante la nostra chiamata a pregare per il ritorno del popolo ebraico nella Terra d&#8217;Israele, egli scrive:<\/p>\n\t<p>&#8220;Lo Spirito Santo sta usando &#8216;Operazione Esodo&#8217; per guadagnare una posizione di intercessione per il prossimo ritorno degli ebrei da ogni parte del mondo. Bench\u00e9 ci\u00f2 sia chiaramente anticipato nella Scrittura, ed \u00e8 certo che si compir\u00e0, tuttavia non accadr\u00e0 in modo automatico. Dio anticip\u00f2 per mezzo di Geremia che gli ebrei sarebbero tornati da Babilonia dopo settant&#8217;anni, ma allora fu necessaria l&#8217;intercessione di Daniele perch\u00e9 ci\u00f2 giungesse a compimento.&#8221;<\/p>\n<p>Dr Kingsley Priddy<\/p>\n\t<p>\u00c8 cos\u00ec che il Signore ci ha chiamati ad agire: stando fermi nelle promesse della Parola di Dio riguardo Israele e al popolo ebraico, e pregando per il loro compimento. Perci\u00f2, vogliamo essere guidati dallo Spirito Santo in una preghiera devota e un&#8217;intercessione dedicata per l&#8217;aliya.<\/p>\n<p>&nbsp;<\/p>\n<h2>\n\t\tScritture chiave:\n\t<\/h2>\n<h3>\n\t\t01\n\t<\/h3>\n<h3>\n\t\tIsaia 62:10\n\t<\/h3>\n\t<p><em>&#8220;Passate, passate per le porte! Preparate la via per il popolo! Aggiustate, aggiustate la strada, toglietene le pietre, alzate una bandiera davanti ai popoli! &#8220;<\/em> <\/p>\n<h3>\n\t\t02\n\t<\/h3>\n<h3>\n\t\tIsaia 62:6-7\n\t<\/h3>\n\t<p><em>&#8220;Sulle tue mura, Gerusalemme, io ho posto delle sentinelle; non taceranno mai, n\u00e9 giorno n\u00e9 notte. Voi che destate il ricordo del SIGNORE, non abbiate riposo, non date riposo a lui, finch\u00e9 egli non abbia ristabilito Gerusalemme, finch\u00e9 non abbia fatto di lei la lode di tutta la terra.&#8221;<\/em><\/p>\n<h3>\n\t\t03\n\t<\/h3>\n<h3>\n\t\tGeremia 32:41\n\t<\/h3>\n\t<p><em>&#8220;Metter\u00f2 la mia gioia nel far loro del bene e li pianter\u00f2 in questo paese con fedelt\u00e0, con tutto il mio cuore, con tutta l&#8217;anima mia.&#8221;<\/em><\/p>\n<h2>\n\t\tLe nostre linee guida per una preghiera efficace:\n\t<\/h2>\n\t<p><em>Prima di riunirci dobbiamo esaminare noi stessi per vedere se c&#8217;\u00e8 qualcosa che dobbiamo portare davanti a Dio o a qualcun altro.<\/em><\/p>\n\t<p><em>Iniziamo con la lode e poi passiamo all&#8217;adorazione. <\/em><\/p>\n\t<p><em>Lasciamo da parte le questioni personali per poter servire il Signore nell&#8217;intercessione.<\/em><\/p>\n\t<p><em>Ci prendiamo del tempo per ascoltare il Signore; ricerchiamo la guida dello Spirito Santo su come pregare.<\/em><\/p>\n\t<p><em>Abbiamo una persona riconosciuta che \u00e8 sensibile alla guida dello Spirito Santo e ci sottomettiamo alla sua guida.<\/em><\/p>\n\t<p><em>Insieme dichiariamo la sovranit\u00e0 di Ges\u00f9 sul nostro tempo di preghiera.<\/em><\/p>\n\t<p><em>Siamo sensibili alla guida del Signore, ma anche coraggiosi nel pregare, profetizzare o condividere in base a come lo Spirito Santo guida.<\/em><\/p>\n\t<p><em>La nostra preghiera \u00e8 efficace quando siamo nell&#8217;unit\u00e0.<\/em><\/p>\n\t<p>Unisciti al ministero di preghiera di Ebenezer<\/p>\n\t<p>Se vuoi unirti al nostro ministero di preghiera e diventare un collaboratore o una collaboratrice nella preghiera, ti invitiamo a contattarci.<\/p>\n\t\t\t<a href=\"https:\/\/ebenezer-oe.org\/it\/contattaci\/\" target=\"_self\" rel=\"noopener\">\n\t\t\t\t\t\t\tContattarci\n\t\t\t\t\t<\/a>\n\n","protected":false},"excerpt":{"rendered":"<p>Fondamenta di preghiera Sin dal giorno in cui Ebenezer Operazione Esodo \u00e8 venuto alla luce, \u00e8 stato un ministero di intercessione con un incarico profetico. In seguito alla miracolosa caduta della cortina di ferro, dal 1991 al 2000 il Signore ci ha guidati a pregare per gli ebrei dell&#8217;ex Unione Sovietica e ad aiutarli nel&hellip;<\/p>\n","protected":false},"author":1,"featured_media":0,"parent":5120,"menu_order":3,"comment_status":"closed","ping_status":"closed","template":"","meta":{"footnotes":""},"class_list":["post-4159","page","type-page","status-publish","hentry"],"yoast_head":"<!-- This site is optimized with the Yoast SEO plugin v27.4 - https:\/\/yoast.com\/product\/yoast-seo-wordpress\/ -->\n<title>Fondamenta di preghiera - Ebenezer Operation Exodus<\/title>\n<meta name=\"robots\" content=\"index, follow, max-snippet:-1, max-image-preview:large, max-video-preview:-1\" \/>\n<link rel=\"canonical\" href=\"https:\/\/ebenezer-oe.org\/it\/chi-siamo\/fondamenta-di-preghiera\/\" \/>\n<meta property=\"og:locale\" content=\"it_IT\" \/>\n<meta property=\"og:type\" content=\"article\" \/>\n<meta property=\"og:title\" content=\"Fondamenta di preghiera - Ebenezer Operation Exodus\" \/>\n<meta property=\"og:description\" content=\"Fondamenta di preghiera Sin dal giorno in cui Ebenezer Operazione Esodo \u00e8 venuto alla luce, \u00e8 stato un ministero di intercessione con un incarico profetico. In seguito alla miracolosa caduta della cortina di ferro, dal 1991 al 2000 il Signore ci ha guidati a pregare per gli ebrei dell&#8217;ex Unione Sovietica e ad aiutarli nel&hellip;\" \/>\n<meta property=\"og:url\" content=\"https:\/\/ebenezer-oe.org\/it\/chi-siamo\/fondamenta-di-preghiera\/\" \/>\n<meta property=\"og:site_name\" content=\"Ebenezer Operation Exodus\" \/>\n<meta property=\"article:publisher\" content=\"https:\/\/www.facebook.com\/EbenezerInt\" \/>\n<meta property=\"article:modified_time\" content=\"2023-07-25T13:36:55+00:00\" \/>\n<meta property=\"og:image\" content=\"https:\/\/ebenezeroe.wpengine.com\/wp-content\/uploads\/2021\/05\/13.png\" \/>\n<meta name=\"twitter:card\" content=\"summary_large_image\" \/>\n<meta name=\"twitter:label1\" content=\"Tempo di lettura stimato\" \/>\n\t<meta name=\"twitter:data1\" content=\"4 minuti\" \/>\n<script type=\"application\/ld+json\" class=\"yoast-schema-graph\">{\"@context\":\"https:\\\/\\\/schema.org\",\"@graph\":[{\"@type\":\"WebPage\",\"@id\":\"https:\\\/\\\/ebenezer-oe.org\\\/it\\\/chi-siamo\\\/fondamenta-di-preghiera\\\/\",\"url\":\"https:\\\/\\\/ebenezer-oe.org\\\/it\\\/chi-siamo\\\/fondamenta-di-preghiera\\\/\",\"name\":\"Fondamenta di preghiera - Ebenezer Operation Exodus\",\"isPartOf\":{\"@id\":\"https:\\\/\\\/ebenezer-oe.org\\\/#website\"},\"primaryImageOfPage\":{\"@id\":\"https:\\\/\\\/ebenezer-oe.org\\\/it\\\/chi-siamo\\\/fondamenta-di-preghiera\\\/#primaryimage\"},\"image\":{\"@id\":\"https:\\\/\\\/ebenezer-oe.org\\\/it\\\/chi-siamo\\\/fondamenta-di-preghiera\\\/#primaryimage\"},\"thumbnailUrl\":\"https:\\\/\\\/ebenezeroe.wpengine.com\\\/wp-content\\\/uploads\\\/2021\\\/05\\\/13.png\",\"datePublished\":\"2021-07-14T16:07:40+00:00\",\"dateModified\":\"2023-07-25T13:36:55+00:00\",\"breadcrumb\":{\"@id\":\"https:\\\/\\\/ebenezer-oe.org\\\/it\\\/chi-siamo\\\/fondamenta-di-preghiera\\\/#breadcrumb\"},\"inLanguage\":\"it-IT\",\"potentialAction\":[{\"@type\":\"ReadAction\",\"target\":[\"https:\\\/\\\/ebenezer-oe.org\\\/it\\\/chi-siamo\\\/fondamenta-di-preghiera\\\/\"]}]},{\"@type\":\"ImageObject\",\"inLanguage\":\"it-IT\",\"@id\":\"https:\\\/\\\/ebenezer-oe.org\\\/it\\\/chi-siamo\\\/fondamenta-di-preghiera\\\/#primaryimage\",\"url\":\"https:\\\/\\\/ebenezeroe.wpengine.com\\\/wp-content\\\/uploads\\\/2021\\\/05\\\/13.png\",\"contentUrl\":\"https:\\\/\\\/ebenezeroe.wpengine.com\\\/wp-content\\\/uploads\\\/2021\\\/05\\\/13.png\"},{\"@type\":\"BreadcrumbList\",\"@id\":\"https:\\\/\\\/ebenezer-oe.org\\\/it\\\/chi-siamo\\\/fondamenta-di-preghiera\\\/#breadcrumb\",\"itemListElement\":[{\"@type\":\"ListItem\",\"position\":1,\"name\":\"Home\",\"item\":\"https:\\\/\\\/ebenezer-oe.org\\\/it\\\/\"},{\"@type\":\"ListItem\",\"position\":2,\"name\":\"Chi siamo\",\"item\":\"https:\\\/\\\/ebenezer-oe.org\\\/it\\\/chi-siamo\\\/\"},{\"@type\":\"ListItem\",\"position\":3,\"name\":\"Fondamenta di preghiera\"}]},{\"@type\":\"WebSite\",\"@id\":\"https:\\\/\\\/ebenezer-oe.org\\\/#website\",\"url\":\"https:\\\/\\\/ebenezer-oe.org\\\/\",\"name\":\"Ebenezer - Operation Exodus\",\"description\":\"\",\"publisher\":{\"@id\":\"https:\\\/\\\/ebenezer-oe.org\\\/#organization\"},\"potentialAction\":[{\"@type\":\"SearchAction\",\"target\":{\"@type\":\"EntryPoint\",\"urlTemplate\":\"https:\\\/\\\/ebenezer-oe.org\\\/?s={search_term_string}\"},\"query-input\":{\"@type\":\"PropertyValueSpecification\",\"valueRequired\":true,\"valueName\":\"search_term_string\"}}],\"inLanguage\":\"it-IT\"},{\"@type\":\"Organization\",\"@id\":\"https:\\\/\\\/ebenezer-oe.org\\\/#organization\",\"name\":\"Ebenezer - Operation Exodus\",\"url\":\"https:\\\/\\\/ebenezer-oe.org\\\/\",\"logo\":{\"@type\":\"ImageObject\",\"inLanguage\":\"it-IT\",\"@id\":\"https:\\\/\\\/ebenezer-oe.org\\\/#\\\/schema\\\/logo\\\/image\\\/\",\"url\":\"https:\\\/\\\/ebenezeroe.wpengine.com\\\/wp-content\\\/uploads\\\/2020\\\/09\\\/Logo_EOE_EN_Colour-Horizontal.png\",\"contentUrl\":\"https:\\\/\\\/ebenezeroe.wpengine.com\\\/wp-content\\\/uploads\\\/2020\\\/09\\\/Logo_EOE_EN_Colour-Horizontal.png\",\"width\":1922,\"height\":928,\"caption\":\"Ebenezer - Operation Exodus\"},\"image\":{\"@id\":\"https:\\\/\\\/ebenezer-oe.org\\\/#\\\/schema\\\/logo\\\/image\\\/\"},\"sameAs\":[\"https:\\\/\\\/www.facebook.com\\\/EbenezerInt\",\"https:\\\/\\\/www.instagram.com\\\/ebenezer_oe_eng\\\/\",\"https:\\\/\\\/www.youtube.com\\\/channel\\\/UC6qGHrKKeamFVz95Vd8LR1g\"]}]}<\/script>\n<!-- \/ Yoast SEO plugin. -->","yoast_head_json":{"title":"Fondamenta di preghiera - Ebenezer Operation Exodus","robots":{"index":"index","follow":"follow","max-snippet":"max-snippet:-1","max-image-preview":"max-image-preview:large","max-video-preview":"max-video-preview:-1"},"canonical":"https:\/\/ebenezer-oe.org\/it\/chi-siamo\/fondamenta-di-preghiera\/","og_locale":"it_IT","og_type":"article","og_title":"Fondamenta di preghiera - Ebenezer Operation Exodus","og_description":"Fondamenta di preghiera Sin dal giorno in cui Ebenezer Operazione Esodo \u00e8 venuto alla luce, \u00e8 stato un ministero di intercessione con un incarico profetico. In seguito alla miracolosa caduta della cortina di ferro, dal 1991 al 2000 il Signore ci ha guidati a pregare per gli ebrei dell&#8217;ex Unione Sovietica e ad aiutarli nel&hellip;","og_url":"https:\/\/ebenezer-oe.org\/it\/chi-siamo\/fondamenta-di-preghiera\/","og_site_name":"Ebenezer Operation Exodus","article_publisher":"https:\/\/www.facebook.com\/EbenezerInt","article_modified_time":"2023-07-25T13:36:55+00:00","og_image":[{"url":"https:\/\/ebenezeroe.wpengine.com\/wp-content\/uploads\/2021\/05\/13.png","type":"","width":"","height":""}],"twitter_card":"summary_large_image","twitter_misc":{"Tempo di lettura stimato":"4 minuti"},"schema":{"@context":"https:\/\/schema.org","@graph":[{"@type":"WebPage","@id":"https:\/\/ebenezer-oe.org\/it\/chi-siamo\/fondamenta-di-preghiera\/","url":"https:\/\/ebenezer-oe.org\/it\/chi-siamo\/fondamenta-di-preghiera\/","name":"Fondamenta di preghiera - Ebenezer Operation Exodus","isPartOf":{"@id":"https:\/\/ebenezer-oe.org\/#website"},"primaryImageOfPage":{"@id":"https:\/\/ebenezer-oe.org\/it\/chi-siamo\/fondamenta-di-preghiera\/#primaryimage"},"image":{"@id":"https:\/\/ebenezer-oe.org\/it\/chi-siamo\/fondamenta-di-preghiera\/#primaryimage"},"thumbnailUrl":"https:\/\/ebenezeroe.wpengine.com\/wp-content\/uploads\/2021\/05\/13.png","datePublished":"2021-07-14T16:07:40+00:00","dateModified":"2023-07-25T13:36:55+00:00","breadcrumb":{"@id":"https:\/\/ebenezer-oe.org\/it\/chi-siamo\/fondamenta-di-preghiera\/#breadcrumb"},"inLanguage":"it-IT","potentialAction":[{"@type":"ReadAction","target":["https:\/\/ebenezer-oe.org\/it\/chi-siamo\/fondamenta-di-preghiera\/"]}]},{"@type":"ImageObject","inLanguage":"it-IT","@id":"https:\/\/ebenezer-oe.org\/it\/chi-siamo\/fondamenta-di-preghiera\/#primaryimage","url":"https:\/\/ebenezeroe.wpengine.com\/wp-content\/uploads\/2021\/05\/13.png","contentUrl":"https:\/\/ebenezeroe.wpengine.com\/wp-content\/uploads\/2021\/05\/13.png"},{"@type":"BreadcrumbList","@id":"https:\/\/ebenezer-oe.org\/it\/chi-siamo\/fondamenta-di-preghiera\/#breadcrumb","itemListElement":[{"@type":"ListItem","position":1,"name":"Home","item":"https:\/\/ebenezer-oe.org\/it\/"},{"@type":"ListItem","position":2,"name":"Chi siamo","item":"https:\/\/ebenezer-oe.org\/it\/chi-siamo\/"},{"@type":"ListItem","position":3,"name":"Fondamenta di preghiera"}]},{"@type":"WebSite","@id":"https:\/\/ebenezer-oe.org\/#website","url":"https:\/\/ebenezer-oe.org\/","name":"Ebenezer - Operation Exodus","description":"","publisher":{"@id":"https:\/\/ebenezer-oe.org\/#organization"},"potentialAction":[{"@type":"SearchAction","target":{"@type":"EntryPoint","urlTemplate":"https:\/\/ebenezer-oe.org\/?s={search_term_string}"},"query-input":{"@type":"PropertyValueSpecification","valueRequired":true,"valueName":"search_term_string"}}],"inLanguage":"it-IT"},{"@type":"Organization","@id":"https:\/\/ebenezer-oe.org\/#organization","name":"Ebenezer - Operation Exodus","url":"https:\/\/ebenezer-oe.org\/","logo":{"@type":"ImageObject","inLanguage":"it-IT","@id":"https:\/\/ebenezer-oe.org\/#\/schema\/logo\/image\/","url":"https:\/\/ebenezeroe.wpengine.com\/wp-content\/uploads\/2020\/09\/Logo_EOE_EN_Colour-Horizontal.png","contentUrl":"https:\/\/ebenezeroe.wpengine.com\/wp-content\/uploads\/2020\/09\/Logo_EOE_EN_Colour-Horizontal.png","width":1922,"height":928,"caption":"Ebenezer - Operation Exodus"},"image":{"@id":"https:\/\/ebenezer-oe.org\/#\/schema\/logo\/image\/"},"sameAs":["https:\/\/www.facebook.com\/EbenezerInt","https:\/\/www.instagram.com\/ebenezer_oe_eng\/","https:\/\/www.youtube.com\/channel\/UC6qGHrKKeamFVz95Vd8LR1g"]}]}},"_links":{"self":[{"href":"https:\/\/ebenezer-oe.org\/it\/wp-json\/wp\/v2\/pages\/4159","targetHints":{"allow":["GET"]}}],"collection":[{"href":"https:\/\/ebenezer-oe.org\/it\/wp-json\/wp\/v2\/pages"}],"about":[{"href":"https:\/\/ebenezer-oe.org\/it\/wp-json\/wp\/v2\/types\/page"}],"author":[{"embeddable":true,"href":"https:\/\/ebenezer-oe.org\/it\/wp-json\/wp\/v2\/users\/1"}],"replies":[{"embeddable":true,"href":"https:\/\/ebenezer-oe.org\/it\/wp-json\/wp\/v2\/comments?post=4159"}],"version-history":[{"count":0,"href":"https:\/\/ebenezer-oe.org\/it\/wp-json\/wp\/v2\/pages\/4159\/revisions"}],"up":[{"embeddable":true,"href":"https:\/\/ebenezer-oe.org\/it\/wp-json\/wp\/v2\/pages\/5120"}],"wp:attachment":[{"href":"https:\/\/ebenezer-oe.org\/it\/wp-json\/wp\/v2\/media?parent=4159"}],"curies":[{"name":"wp","href":"https:\/\/api.w.org\/{rel}","templated":true}]}}