{"id":4294,"date":"2021-07-14T16:33:16","date_gmt":"2021-07-14T16:33:16","guid":{"rendered":"https:\/\/ebenezer-oe.org\/il-nostro-lavoro\/"},"modified":"2023-07-25T13:38:05","modified_gmt":"2023-07-25T13:38:05","slug":"il-nostro-lavoro","status":"publish","type":"page","link":"https:\/\/ebenezer-oe.org\/it\/chi-siamo\/il-nostro-lavoro\/","title":{"rendered":"Il nostro lavoro"},"content":{"rendered":"\n<h1>\n\t\tIl nostro lavoro\n\t<\/h1>\n<h2>\n\t\tDopo la preghiera, il nostro compito principale \u00e8 aiutare pi\u00f9 ebrei possibili ad emigrare o &#8216;fare aliya&#8217;, come si dice in ebraico.\n\t<\/h2>\n\t<p>&nbsp;<\/p>\n<p>Inoltre forniamo aiuto umanitario quando \u00e8 necessario, e aiuto pratico e finanziario durante il processo di aliya. In Israele, diamo aiuto agli olim che hanno difficolt\u00e0 a stabilirsi nella Terra.<\/p>\n\t\t\t\t<img decoding=\"async\" data-src=\"https:\/\/ebenezeroe.wpengine.com\/wp-content\/uploads\/2021\/05\/Untitled-design-34.png\" alt=\"Untitled design-34\" itemprop=\"image\" title=\"Untitled design-34\" onerror=\"this.style.display='none'\" src=\"data:image\/svg+xml;base64,PHN2ZyB3aWR0aD0iMSIgaGVpZ2h0PSIxIiB4bWxucz0iaHR0cDovL3d3dy53My5vcmcvMjAwMC9zdmciPjwvc3ZnPg==\" class=\"lazyload\" \/>\n\t<p>Nelle nazioni dove ci sono comunit\u00e0 ebraiche, stabiliamo dei contatti e spieghiamo loro l&#8217;opportunit\u00e0 di fare aliya, fornendo aiuto umanitario, medicine e assistenza secondo il bisogno. <\/p>\n<p>Lo facciamo costituendo dei gruppi di collaboratori locali, stabilendo uffici nelle nazioni, fornendo supporto e assistenza pratica laddove necessario, aiuto finanziario alle persone che stanno raccogliendo i documenti e presenziando agli appuntamenti consolari.<\/p>\n<h2>\n\t\t&#8216;Stiamo vedendo l&#8217;adempimento della profezia biblica&#8217;\n\t<\/h2>\n<h2>\n\t\tOffriamo anche il trasporto in aeroporto a coloro che ne hanno bisogno.\n\t<\/h2>\n\t<p>Una parte importante del lavoro \u00e8 la preghiera per i molti aspetti del ministero e soprattutto per quelli in cui si verificano specifici problemi. Spesso ci rapportiamo con l&#8217;Agenzia Ebraica, un&#8217;istituzione israeliana fondata per promuovere l&#8217;aliya, e li aiutiamo nell&#8217;obiettivo comune di incoraggiare l&#8217;immigrazione in Israele.<\/p>\n\t<p>In ogni nazione in cui Ebenezer Operazione Esodo \u00e8 rappresentato, non solo raggiungiamo le comunit\u00e0 ebraiche locali, ma insegniamo alle chiese cristiane la responsabilit\u00e0 che abbiamo di dare amore e assistenza pratica al popolo ebraico. <\/p>\n<p>Ricordiamo l&#8217;esortazione di Isaia: <i>: &#8220;Consolate, consolate il mio popolo, dice il vostro Dio&#8221; (Isaia 40:1).<\/i><\/p>\n<h2>\n\t\t&#8216;Aiutare i sopravvissuti all&#8217;Olocausto&#8217;\n\t<\/h2>\n\t<p>Molti nelle comunit\u00e0 ebraiche d&#8217;Europa e dell&#8217;ex Unione Sovietica sono stati colpiti dall&#8217;Olocausto e alcuni dei loro membri pi\u00f9 anziani vivono con memorie estremamente dolorose della perdita dei loro genitori e fratelli durante il periodo in cui i nazisti hanno invaso i loro paesi. A volte queste memorie sono troppo dolorose perch\u00e9 le persone riescano a parlarne e noi possiamo solo mettere un braccio di conforto sulle loro spalle, portare loro un po&#8217; di cibo tanto necessario, abiti o medicine, e parlare loro con delicatezza della possibilit\u00e0 di andare in Israele. Ci\u00f2 \u00e8 pi\u00f9 facile se ci sono anche parenti che desiderano andare, ma se i sopravvissuti all&#8217;Olocausto sono soli, \u00e8 necessario mostrare loro molto amore per incoraggiarli a compiere un cos\u00ec enorme cambiamento di vita.<\/p>\n<h2>\n\t\t&#8216;Una volta in Israele&#8217;\n\t<\/h2>\n\t<p>Continuiamo a fornire supporto dove serve. Abbiamo aperto il nostro ufficio di Gerusalemme nel 2006 proprio a questo scopo. L&#8217;aliya \u00e8 un momento di grande transizione nelle vite delle persone e avere un ufficio gestito da collaboratori amichevoli, capaci e poliglotti, fa un&#8217;enorme differenza quando gli olim incappano nei problemi iniziali, come cercare una casa e un lavoro, e hanno altre complicazioni in un paese nuovo di cui non conoscono il sistema.\u00a0Dove \u00e8 richiesto, forniamo anche aiuto sottoforma di pacchi di cibo, materiale scolastico e scarpe per bambini, nonch\u00e9 aiuti finanziari per il pagamento delle prime bollette.<\/p>\n<h2>\n\t\t&#8216;La casa Haifa&#8217;\n\t<\/h2>\n\t<p>Nel 2019 abbiamo aperto una casa ad Haifa, come pietra miliare per gli olim appena arrivati che hanno problemi particolarmente difficili, come malattie acute o croniche, o problemi di mobilit\u00e0, oltre che per le persone molto anziane, tra cui i sopravvissuti all&#8217;Olocausto, che non hanno parenti o amici in Israele.<\/p>\n\t\t\t<a href=\"https:\/\/ebenezer-oe.org\/it\/fare-laliya\/\" target=\"_self\" rel=\"noopener\">\n\t\t\t\t\t\t\tScopri di pi\u00f9\n\t\t\t\t\t<\/a>\n<h2>\n\t\tTi senti chiamato\/a ad aiutare in quest&#8217;opera?\n\t<\/h2>\n\t<p>Scopri qui sotto come farne parte:<\/p>\n\t\t\t\t\t\t\t\t<a href=\"https:\/\/ebenezeroe.wpengine.com\/it\/collabora-con-noi\/unisciti-alla-preghiera\/\" target=\"_self\" rel=\"noopener\">\n\t\t\t\t\t\t<\/a>\n\t<h3><a href=\"https:\/\/ebenezeroe.wpengine.com\/it\/collabora-con-noi\/unisciti-alla-preghiera\/\" target=\"_self\" rel=\"noopener\">Prega<\/a><\/h3>\t\t\n\t\t\tIl nostro ministero \u00e8 nato in preghiera e le nostre guide sentono che la preghiera deve essere il fondamento di tutte le nostre attivit\u00e0 &#8230;<br \/>\n\n\t\t\t<a href=\"https:\/\/ebenezer-oe.org\/it\/collabora-con-noi\/unisciti-alla-preghiera\/\" target=\"_self\" rel=\"noopener\">\n\t\t\t\t\t\t\tScopri di pi\u00f9\n\t\t\t\t\t<\/a>\n\t\t<h3>Dona<\/h3>\t\t\n\t\t\t<p>Il nostro lavoro \u00e8 attivo su tutti i continenti e in oltre 55 nazioni. Se vorrai partecipare contribuendo finanziariamente, te ne saremo molto grati. Ci sono diversi modo in cui puoi farlo &#8230;<\/p>\n\t\t\t<a href=\"https:\/\/ebenezer-oe.org\/it\/dona\/\" target=\"_self\" rel=\"noopener\">\n\t\t\t\t\t\t\tDona ora \n\t\t\t\t\t<\/a>\n\t\t\t\t\t\t\t\t<a href=\"https:\/\/ebenezeroe.wpengine.com\/partner-with-us\/serve-with-ebenezer\/\" target=\"_self\" rel=\"noopener\">\n\t\t\t\t\t\t<\/a>\n\t\t<h3><a href=\"https:\/\/ebenezeroe.wpengine.com\/partner-with-us\/serve-with-ebenezer\/\" target=\"_self\" rel=\"noopener\">Offriti volontario\/a<\/a><\/h3>\t\t\n\t\t\t<p>Abbiamo molte opportunit\u00e0 in diverse parti del mondo per coloro che sono chiamati a servire come volontari &#8230;<\/p>\n\t\t\t<a href=\"https:\/\/ebenezer-oe.org\/it\/collabora-con-noi\/offriti-volontario-a\/\" target=\"_self\" rel=\"noopener\">\n\t\t\t\t\t\t\tScopri di pi\u00f9\n\t\t\t\t\t<\/a>\n\n","protected":false},"excerpt":{"rendered":"<p>Il nostro lavoro Dopo la preghiera, il nostro compito principale \u00e8 aiutare pi\u00f9 ebrei possibili ad emigrare o &#8216;fare aliya&#8217;, come si dice in ebraico. &nbsp; Inoltre forniamo aiuto umanitario quando \u00e8 necessario, e aiuto pratico e finanziario durante il processo di aliya. In Israele, diamo aiuto agli olim che hanno difficolt\u00e0 a stabilirsi nella&hellip;<\/p>\n","protected":false},"author":1,"featured_media":0,"parent":5120,"menu_order":4,"comment_status":"closed","ping_status":"closed","template":"","meta":{"footnotes":""},"class_list":["post-4294","page","type-page","status-publish","hentry"],"yoast_head":"<!-- This site is optimized with the Yoast SEO plugin v27.4 - https:\/\/yoast.com\/product\/yoast-seo-wordpress\/ -->\n<title>Il nostro lavoro - Ebenezer Operation Exodus<\/title>\n<meta name=\"robots\" content=\"index, follow, max-snippet:-1, max-image-preview:large, max-video-preview:-1\" \/>\n<link rel=\"canonical\" href=\"https:\/\/ebenezer-oe.org\/it\/chi-siamo\/il-nostro-lavoro\/\" \/>\n<meta property=\"og:locale\" content=\"it_IT\" \/>\n<meta property=\"og:type\" content=\"article\" \/>\n<meta property=\"og:title\" content=\"Il nostro lavoro - Ebenezer Operation Exodus\" \/>\n<meta property=\"og:description\" content=\"Il nostro lavoro Dopo la preghiera, il nostro compito principale \u00e8 aiutare pi\u00f9 ebrei possibili ad emigrare o &#8216;fare aliya&#8217;, come si dice in ebraico. &nbsp; Inoltre forniamo aiuto umanitario quando \u00e8 necessario, e aiuto pratico e finanziario durante il processo di aliya. In Israele, diamo aiuto agli olim che hanno difficolt\u00e0 a stabilirsi nella&hellip;\" \/>\n<meta property=\"og:url\" content=\"https:\/\/ebenezer-oe.org\/it\/chi-siamo\/il-nostro-lavoro\/\" \/>\n<meta property=\"og:site_name\" content=\"Ebenezer Operation Exodus\" \/>\n<meta property=\"article:publisher\" content=\"https:\/\/www.facebook.com\/EbenezerInt\" \/>\n<meta property=\"article:modified_time\" content=\"2023-07-25T13:38:05+00:00\" \/>\n<meta property=\"og:image\" content=\"https:\/\/ebenezeroe.wpengine.com\/wp-content\/uploads\/2021\/05\/Untitled-design-34.png\" \/>\n<meta name=\"twitter:card\" content=\"summary_large_image\" \/>\n<meta name=\"twitter:label1\" content=\"Tempo di lettura stimato\" \/>\n\t<meta name=\"twitter:data1\" content=\"3 minuti\" \/>\n<script type=\"application\/ld+json\" class=\"yoast-schema-graph\">{\"@context\":\"https:\\\/\\\/schema.org\",\"@graph\":[{\"@type\":\"WebPage\",\"@id\":\"https:\\\/\\\/ebenezer-oe.org\\\/it\\\/chi-siamo\\\/il-nostro-lavoro\\\/\",\"url\":\"https:\\\/\\\/ebenezer-oe.org\\\/it\\\/chi-siamo\\\/il-nostro-lavoro\\\/\",\"name\":\"Il nostro lavoro - Ebenezer Operation Exodus\",\"isPartOf\":{\"@id\":\"https:\\\/\\\/ebenezer-oe.org\\\/#website\"},\"primaryImageOfPage\":{\"@id\":\"https:\\\/\\\/ebenezer-oe.org\\\/it\\\/chi-siamo\\\/il-nostro-lavoro\\\/#primaryimage\"},\"image\":{\"@id\":\"https:\\\/\\\/ebenezer-oe.org\\\/it\\\/chi-siamo\\\/il-nostro-lavoro\\\/#primaryimage\"},\"thumbnailUrl\":\"https:\\\/\\\/ebenezeroe.wpengine.com\\\/wp-content\\\/uploads\\\/2021\\\/05\\\/Untitled-design-34.png\",\"datePublished\":\"2021-07-14T16:33:16+00:00\",\"dateModified\":\"2023-07-25T13:38:05+00:00\",\"breadcrumb\":{\"@id\":\"https:\\\/\\\/ebenezer-oe.org\\\/it\\\/chi-siamo\\\/il-nostro-lavoro\\\/#breadcrumb\"},\"inLanguage\":\"it-IT\",\"potentialAction\":[{\"@type\":\"ReadAction\",\"target\":[\"https:\\\/\\\/ebenezer-oe.org\\\/it\\\/chi-siamo\\\/il-nostro-lavoro\\\/\"]}]},{\"@type\":\"ImageObject\",\"inLanguage\":\"it-IT\",\"@id\":\"https:\\\/\\\/ebenezer-oe.org\\\/it\\\/chi-siamo\\\/il-nostro-lavoro\\\/#primaryimage\",\"url\":\"https:\\\/\\\/ebenezeroe.wpengine.com\\\/wp-content\\\/uploads\\\/2021\\\/05\\\/Untitled-design-34.png\",\"contentUrl\":\"https:\\\/\\\/ebenezeroe.wpengine.com\\\/wp-content\\\/uploads\\\/2021\\\/05\\\/Untitled-design-34.png\"},{\"@type\":\"BreadcrumbList\",\"@id\":\"https:\\\/\\\/ebenezer-oe.org\\\/it\\\/chi-siamo\\\/il-nostro-lavoro\\\/#breadcrumb\",\"itemListElement\":[{\"@type\":\"ListItem\",\"position\":1,\"name\":\"Home\",\"item\":\"https:\\\/\\\/ebenezer-oe.org\\\/it\\\/\"},{\"@type\":\"ListItem\",\"position\":2,\"name\":\"Chi siamo\",\"item\":\"https:\\\/\\\/ebenezer-oe.org\\\/it\\\/chi-siamo\\\/\"},{\"@type\":\"ListItem\",\"position\":3,\"name\":\"Il nostro lavoro\"}]},{\"@type\":\"WebSite\",\"@id\":\"https:\\\/\\\/ebenezer-oe.org\\\/#website\",\"url\":\"https:\\\/\\\/ebenezer-oe.org\\\/\",\"name\":\"Ebenezer - Operation Exodus\",\"description\":\"\",\"publisher\":{\"@id\":\"https:\\\/\\\/ebenezer-oe.org\\\/#organization\"},\"potentialAction\":[{\"@type\":\"SearchAction\",\"target\":{\"@type\":\"EntryPoint\",\"urlTemplate\":\"https:\\\/\\\/ebenezer-oe.org\\\/?s={search_term_string}\"},\"query-input\":{\"@type\":\"PropertyValueSpecification\",\"valueRequired\":true,\"valueName\":\"search_term_string\"}}],\"inLanguage\":\"it-IT\"},{\"@type\":\"Organization\",\"@id\":\"https:\\\/\\\/ebenezer-oe.org\\\/#organization\",\"name\":\"Ebenezer - Operation Exodus\",\"url\":\"https:\\\/\\\/ebenezer-oe.org\\\/\",\"logo\":{\"@type\":\"ImageObject\",\"inLanguage\":\"it-IT\",\"@id\":\"https:\\\/\\\/ebenezer-oe.org\\\/#\\\/schema\\\/logo\\\/image\\\/\",\"url\":\"https:\\\/\\\/ebenezeroe.wpengine.com\\\/wp-content\\\/uploads\\\/2020\\\/09\\\/Logo_EOE_EN_Colour-Horizontal.png\",\"contentUrl\":\"https:\\\/\\\/ebenezeroe.wpengine.com\\\/wp-content\\\/uploads\\\/2020\\\/09\\\/Logo_EOE_EN_Colour-Horizontal.png\",\"width\":1922,\"height\":928,\"caption\":\"Ebenezer - Operation Exodus\"},\"image\":{\"@id\":\"https:\\\/\\\/ebenezer-oe.org\\\/#\\\/schema\\\/logo\\\/image\\\/\"},\"sameAs\":[\"https:\\\/\\\/www.facebook.com\\\/EbenezerInt\",\"https:\\\/\\\/www.instagram.com\\\/ebenezer_oe_eng\\\/\",\"https:\\\/\\\/www.youtube.com\\\/channel\\\/UC6qGHrKKeamFVz95Vd8LR1g\"]}]}<\/script>\n<!-- \/ Yoast SEO plugin. -->","yoast_head_json":{"title":"Il nostro lavoro - Ebenezer Operation Exodus","robots":{"index":"index","follow":"follow","max-snippet":"max-snippet:-1","max-image-preview":"max-image-preview:large","max-video-preview":"max-video-preview:-1"},"canonical":"https:\/\/ebenezer-oe.org\/it\/chi-siamo\/il-nostro-lavoro\/","og_locale":"it_IT","og_type":"article","og_title":"Il nostro lavoro - Ebenezer Operation Exodus","og_description":"Il nostro lavoro Dopo la preghiera, il nostro compito principale \u00e8 aiutare pi\u00f9 ebrei possibili ad emigrare o &#8216;fare aliya&#8217;, come si dice in ebraico. &nbsp; Inoltre forniamo aiuto umanitario quando \u00e8 necessario, e aiuto pratico e finanziario durante il processo di aliya. In Israele, diamo aiuto agli olim che hanno difficolt\u00e0 a stabilirsi nella&hellip;","og_url":"https:\/\/ebenezer-oe.org\/it\/chi-siamo\/il-nostro-lavoro\/","og_site_name":"Ebenezer Operation Exodus","article_publisher":"https:\/\/www.facebook.com\/EbenezerInt","article_modified_time":"2023-07-25T13:38:05+00:00","og_image":[{"url":"https:\/\/ebenezeroe.wpengine.com\/wp-content\/uploads\/2021\/05\/Untitled-design-34.png","type":"","width":"","height":""}],"twitter_card":"summary_large_image","twitter_misc":{"Tempo di lettura stimato":"3 minuti"},"schema":{"@context":"https:\/\/schema.org","@graph":[{"@type":"WebPage","@id":"https:\/\/ebenezer-oe.org\/it\/chi-siamo\/il-nostro-lavoro\/","url":"https:\/\/ebenezer-oe.org\/it\/chi-siamo\/il-nostro-lavoro\/","name":"Il nostro lavoro - Ebenezer Operation Exodus","isPartOf":{"@id":"https:\/\/ebenezer-oe.org\/#website"},"primaryImageOfPage":{"@id":"https:\/\/ebenezer-oe.org\/it\/chi-siamo\/il-nostro-lavoro\/#primaryimage"},"image":{"@id":"https:\/\/ebenezer-oe.org\/it\/chi-siamo\/il-nostro-lavoro\/#primaryimage"},"thumbnailUrl":"https:\/\/ebenezeroe.wpengine.com\/wp-content\/uploads\/2021\/05\/Untitled-design-34.png","datePublished":"2021-07-14T16:33:16+00:00","dateModified":"2023-07-25T13:38:05+00:00","breadcrumb":{"@id":"https:\/\/ebenezer-oe.org\/it\/chi-siamo\/il-nostro-lavoro\/#breadcrumb"},"inLanguage":"it-IT","potentialAction":[{"@type":"ReadAction","target":["https:\/\/ebenezer-oe.org\/it\/chi-siamo\/il-nostro-lavoro\/"]}]},{"@type":"ImageObject","inLanguage":"it-IT","@id":"https:\/\/ebenezer-oe.org\/it\/chi-siamo\/il-nostro-lavoro\/#primaryimage","url":"https:\/\/ebenezeroe.wpengine.com\/wp-content\/uploads\/2021\/05\/Untitled-design-34.png","contentUrl":"https:\/\/ebenezeroe.wpengine.com\/wp-content\/uploads\/2021\/05\/Untitled-design-34.png"},{"@type":"BreadcrumbList","@id":"https:\/\/ebenezer-oe.org\/it\/chi-siamo\/il-nostro-lavoro\/#breadcrumb","itemListElement":[{"@type":"ListItem","position":1,"name":"Home","item":"https:\/\/ebenezer-oe.org\/it\/"},{"@type":"ListItem","position":2,"name":"Chi siamo","item":"https:\/\/ebenezer-oe.org\/it\/chi-siamo\/"},{"@type":"ListItem","position":3,"name":"Il nostro lavoro"}]},{"@type":"WebSite","@id":"https:\/\/ebenezer-oe.org\/#website","url":"https:\/\/ebenezer-oe.org\/","name":"Ebenezer - Operation Exodus","description":"","publisher":{"@id":"https:\/\/ebenezer-oe.org\/#organization"},"potentialAction":[{"@type":"SearchAction","target":{"@type":"EntryPoint","urlTemplate":"https:\/\/ebenezer-oe.org\/?s={search_term_string}"},"query-input":{"@type":"PropertyValueSpecification","valueRequired":true,"valueName":"search_term_string"}}],"inLanguage":"it-IT"},{"@type":"Organization","@id":"https:\/\/ebenezer-oe.org\/#organization","name":"Ebenezer - Operation Exodus","url":"https:\/\/ebenezer-oe.org\/","logo":{"@type":"ImageObject","inLanguage":"it-IT","@id":"https:\/\/ebenezer-oe.org\/#\/schema\/logo\/image\/","url":"https:\/\/ebenezeroe.wpengine.com\/wp-content\/uploads\/2020\/09\/Logo_EOE_EN_Colour-Horizontal.png","contentUrl":"https:\/\/ebenezeroe.wpengine.com\/wp-content\/uploads\/2020\/09\/Logo_EOE_EN_Colour-Horizontal.png","width":1922,"height":928,"caption":"Ebenezer - Operation Exodus"},"image":{"@id":"https:\/\/ebenezer-oe.org\/#\/schema\/logo\/image\/"},"sameAs":["https:\/\/www.facebook.com\/EbenezerInt","https:\/\/www.instagram.com\/ebenezer_oe_eng\/","https:\/\/www.youtube.com\/channel\/UC6qGHrKKeamFVz95Vd8LR1g"]}]}},"_links":{"self":[{"href":"https:\/\/ebenezer-oe.org\/it\/wp-json\/wp\/v2\/pages\/4294","targetHints":{"allow":["GET"]}}],"collection":[{"href":"https:\/\/ebenezer-oe.org\/it\/wp-json\/wp\/v2\/pages"}],"about":[{"href":"https:\/\/ebenezer-oe.org\/it\/wp-json\/wp\/v2\/types\/page"}],"author":[{"embeddable":true,"href":"https:\/\/ebenezer-oe.org\/it\/wp-json\/wp\/v2\/users\/1"}],"replies":[{"embeddable":true,"href":"https:\/\/ebenezer-oe.org\/it\/wp-json\/wp\/v2\/comments?post=4294"}],"version-history":[{"count":0,"href":"https:\/\/ebenezer-oe.org\/it\/wp-json\/wp\/v2\/pages\/4294\/revisions"}],"up":[{"embeddable":true,"href":"https:\/\/ebenezer-oe.org\/it\/wp-json\/wp\/v2\/pages\/5120"}],"wp:attachment":[{"href":"https:\/\/ebenezer-oe.org\/it\/wp-json\/wp\/v2\/media?parent=4294"}],"curies":[{"name":"wp","href":"https:\/\/api.w.org\/{rel}","templated":true}]}}