{"id":4778,"date":"2021-07-14T18:06:13","date_gmt":"2021-07-14T18:06:13","guid":{"rendered":"https:\/\/ebenezer-oe.org\/home\/"},"modified":"2025-12-09T12:13:21","modified_gmt":"2025-12-09T12:13:21","slug":"home","status":"publish","type":"page","link":"https:\/\/ebenezer-oe.org\/it\/","title":{"rendered":"Home"},"content":{"rendered":"\n<h2>\n\t\t\tAiutare il suo popolo a tornare a casa\t<\/h2>\n<h4>\n\t\t\tEbenezer Operazione Esodo \u00e8 un&#8217;organizzazione cristiana che aiuta il popolo ebraico a tornare in Israele.\t<\/h4>\n<h2>\n\t\t\tAliya\t<\/h2>\n\t<p>Il nostro lavoro si concentra su una parola ebraica: aliya. Il suo significato letterale \u00e8 &#8216;ascesa&#8217;. Per andare a Gerusalemme occorre &#8216;salire&#8217; sulle colline dalla pianura sottostante.<\/p>\n<p>Per questa ragione, il popolo ebraico ha adottato questo termine per riferirsi al processo di ritorno nella Terra di Israele dai quattro angoli della terra.<\/p>\n\t\t\t<a href=\"https:\/\/ebenezer-oe.org\/it\/chi-siamo\/perche-laliya\/\" target=\"_self\">\n\t\t\t\t\t\t\tPerch\u00e9 l&#8217;aliya \u00e8 cos\u00ec importante?\n\t\t\t\t\t<\/a>\n<h2>\n\t\t\tStare dalla parte di Israele\t<\/h2>\n\t<p>In tempo di guerra<\/p>\n\t<p>Ora \u00e8 il momento di schierarsi con Israele. Ora \u00e8 il momento di sostenere Israele e il popolo ebraico. Ora \u00e8 il momento di confortare e rafforzare il popolo di Israele. E ora \u00e8 il momento di pregare per Israele.<\/p>\n\t\t\t<a href=\"https:\/\/ebenezer-oe.org\/it\/israele-in-guerra\/\" target=\"_self\">\n\t\t\t\t\t\t\tScopri di pi\u00f9\n\t\t\t\t\t<\/a>\n<h2>\n\t\t\tCosa Facciamo \t<\/h2>\n\t<h3>Aliya<\/h3><p>Accettare e rispondere in modo pratico al desiderio di Dio che gli ebrei tornino nella sua Terra. <\/p>\n\t<h3>Preghiera<\/h3><p>Sosteniamo coloro che hanno un cuore di preghiera per l&#8217;aliya con una lista aggiornata di soggetti di preghiera, e li mettiamo in contatto con altri che pregano.<\/p>\n\t<h3>Insegnamento<\/h3><p>Dichiarare i piani di Dio riguardo al popolo ebraico. <\/p>\n\t\t\t<h3> Deuteronomio 30:4<\/h3> <p><i>&#8220;Quand&#8217;anche i tuoi esuli fossero all&#8217;estremit\u00e0 dei cieli, di l\u00e0 il SIGNORE, il tuo Dio, ti raccoglier\u00e0 e di l\u00e0 ti prender\u00e0.&#8221;<\/i><\/p>\t\t\n\t\t\t<h3> Isaia 49:22<\/h3> <p><i>&#8220;Ecco, io alzer\u00f2 la mia mano verso le nazioni, innalzer\u00f2 la mia bandiera verso i popoli, ed essi ti ricondurranno i tuoi figli in braccio, ti riporteranno le tue figlie sulle spalle.&#8221;<\/i><\/p>\t\t\n\t\t\t<h3> Isaia 62:1<\/h3> <p><i>&#8220;Per amor di Sion io non tacer\u00f2, per amor di Gerusalemme io non mi dar\u00f2 posa, finch\u00e9 la sua giustizia non spunti come l&#8217;aurora, la sua salvezza come una fiaccola fiammeggiante.&#8221;<\/i><\/p>\t\t\n\t\t\t<h3> Isaia 62:6-7<\/h3> <p>&#8216;<i>Sulle tue mura, Gerusalemme, io ho posto delle sentinelle; non taceranno mai, n\u00e9 giorno n\u00e9 notte. Voi che destate il ricordo del SIGNORE, non abbiate riposo, non date riposo a lui, finch\u00e9 egli non abbia ristabilito Gerusalemme, finch\u00e9 non abbia fatto di lei la lode di tutta la terra.&#8221;<\/i><\/p>\t\t\n\t\t\t<h3> Romani 11:29<\/h3> <p><i>&#8220;Perch\u00e9 i doni e la vocazione di Dio sono irrevocabili.&#8221;<\/i><\/p>\t\t\n\t\t\t<h3> Amos 9:14-15<\/h3> <p><em>&#8220;Io liberer\u00f2 dall&#8217;esilio il mio popolo, Israele; essi ricostruiranno le citt\u00e0 desolate e le abiteranno; pianteranno vigne e ne berranno il vino; coltiveranno giardini e ne mangeranno i frutti. Io li pianter\u00f2 nella loro terra e non saranno mai pi\u00f9 sradicati dalla terra che io ho dato loro, dice il SIGNORE, il tuo Dio.&#8221;<\/em><\/p>\t\t\n\t<h2>\n\t\t\tSiamo attivi anche nel tuo paese.\t<\/h2>\n\t\t\t<a href=\"https:\/\/ebenezer-oe.org\/it\/nella-tua-nazione\/\" target=\"_self\">\n\t\t\t\t\t\t\tScopri di pi\u00f9\n\t\t\t\t\t<\/a>\n\t<p>Dalla parte del popolo ebraico da oltre trent&#8217;anni.<\/p>\n<h2>\n\t\t\tUna rete mondiale\t<\/h2>\n\t<p>Ebenezer Operazione Esodo \u00e8 nato durante la prima Guerra del Golfo, quando il suo fondatore, Gustav Scheller, stava partecipando alla &#8220;Conferenza Internazionale di Preghiera&#8221; a Gerusalemme, nel 1991. Egli era gi\u00e0 convinto che Dio volesse il ritorno del popolo ebraico nella loro patria, a compimento delle antiche profezie bibliche. In quel momento, mentre si trovavano sotto attacco e i delegati della conferenza stavano pregando in un rifugio antiaereo, Gustav sent\u00ec che Dio lo stava spingendo ad iniziare qualcosa di pratico per aiutare gli ebrei a tornare a casa.<\/p>\n\t\t\t\t<img decoding=\"async\" data-src=\"https:\/\/ebenezeroe.wpengine.com\/wp-content\/uploads\/2021\/04\/Untitled-design-24-1024x527.png\" alt=\"Untitled design-24\" itemprop=\"image\" title=\"Untitled design-24\" onerror=\"this.style.display='none'\" src=\"data:image\/svg+xml;base64,PHN2ZyB3aWR0aD0iMSIgaGVpZ2h0PSIxIiB4bWxucz0iaHR0cDovL3d3dy53My5vcmcvMjAwMC9zdmciPjwvc3ZnPg==\" class=\"lazyload\" style=\"--smush-placeholder-width: 1024px; --smush-placeholder-aspect-ratio: 1024\/527;\" \/>\n\t<p>Il Signore us\u00f2 le abilit\u00e0 di Gustav come uomo d&#8217;affari, e i generosi doni da parte di coloro che avevano condiviso la visione, per finanziare tre voli dell&#8217;Agenzia Ebraica da Budapest a Tel Aviv, che riportarono 720 olim in Israele. Fu un evento memorabile. L&#8217;anno seguente, Gustav e i suoi collaboratori noleggiarono una nave per tre tratte marittime da Odessa, in Ucraina, a Haifa. Per la prima volta venne stabilita una rotta diretta tra l&#8217;Ucraina e Israele, e fu seguita da molti altri viaggi via mare per diversi anni.<\/p>\n\t<p>Nel 1995 sono iniziati i voli dal Kazakistan e nel 1999 il ministero ha festeggiato le 100 tratte navali che hanno trasportato gli olim dall&#8217;ex Unione Sovietica in Israele. Un&#8217;ulteriore espansione ha visto 100.000 olim fare ritorno alla fine del 2003, e nel 2006 \u00e8 stato aperto un ufficio a Gerusalemme per aiutarli a stabilirsi nella loro nuova patria.<\/p>\n<p>Nel 2007 sono stati stabiliti dei consigli consultivi regionali in Sud America, Sud-Est Asiatico e Oceania, oltre a un consiglio consultivo di chiesa nell&#8217;ex Unione Sovietica per aiutare le congregazioni a comprendere le Scritture profetiche e assistere gli ebrei.<\/p>\n<p>Alla fine del 2010, abbiamo assistito oltre 130.000 olim e nel 2016 il ministero ha festeggiato i 25 anni di attivit\u00e0, aprendo uffici a Buenos Aires, New York e Parigi.  <\/p>\n<p>Alla fine del 2019, oltre 185.000 ebrei sono stati aiutati a fare ritorno in Israele e molti dei nostri progetti si sono concentrati sull&#8217;assistenza alle comunit\u00e0 ebraiche dell&#8217;ex Unione Sovietica tramite cibo e altri aiuti umanitari.<\/p>\n<h3>\n\t\t\tEbenezer Operazione Esodo \u00e8 iniziato nel 1991 con solo tre persone.\t<\/h3>\n\t<p>Oggi possiede una rappresentanza in oltre 55 nazioni del mondo. Non solo provvede aiuto pratico e finanziario a coloro che desiderano emigrare in Israele, ma proclama anche la verit\u00e0 alla Chiesa di tutto il mondo riguardo ai piani profetici di Dio per il popolo ebraico.<\/p>\n<h2>\n\t\t\tOfferta al ministero di Ebenezer\t<\/h2>\n\t\t\t<a href=\"https:\/\/ebenezer-oe.org\/it\/dona\/\" target=\"_self\">\n\t\t\t\t\t\t\tDonare\n\t\t\t\t\t<\/a>\n<h2>\n\t\t\tNato in preghiera\t<\/h2>\n\t<p>Dal momento in cui Dio ha dato origine a questo ministero alla Conferenza Internazionale di Preghiera a Gerusalemme, nel 1991, la preghiera \u00e8 stata il cuore del ministero, e non solo la preghiera, ma un pi\u00f9 profondo ministero di intercessione. Il dottor Kingsley Priddy, del Bible College del Galles, all&#8217;epoca scrisse al nostro fondatore, Gustav Scheller, <em>&#8216;L&#8217;intercessione non \u00e8 una preghiera, e neanche un&#8217;intensa preghiera. Chiunque pu\u00f2 pregare, e pregare onestamente per qualcosa, ma ancora non essere impegnato ad assumersi il carico di una responsabilit\u00e0 irrevocabile, a qualunque costo, per il compimento di tale preghiera. L&#8217;intercessore lo fa.<\/em> &#8216; Kingsley Priddy sapeva ci\u00f2 di cui parlava, perch\u00e9 il Bible College del Galles era la casa di quel ben noto intercessore, Rees Howells, che fu potentemente usato da Dio per intercedere durante una delle campagne militari pi\u00f9 strategiche della seconda guerra mondiale: la Battaglia d&#8217;Inghilterra del 1940.<\/p>\n<p>I collaboratori del Bible College del Galles capirono il piano profetico di Dio per il popolo ebraico. Il dottor Priddy assicur\u00f2 Gustav Scheller: <em>&#8216;Dio Spirito Santo \u00e8 all&#8217;opera in Operazione Esodo <\/em> in un maniera unica. \u00c8 il Suo ministero di intercessione per il ritorno in Israele degli ebrei di tutto il mondo. \u00c8 Lui che, per mezzo di questo ministero, sta guadagnando una posizione di intercessione che prevarr\u00e0 per il ritorno dell&#8217;ultimo residuo che deve essere radunato dai quattro angoli della terra &#8230;&#8217;<\/p>\n\t\t\t<a href=\"https:\/\/ebenezer-oe.org\/it\/contattaci\/\" target=\"_self\">\n\t\t\t\t\t\t\tCollabora con noi in preghiera\n\t\t\t\t\t<\/a>\n<h2>\n\t\t\tVuoi fare l&#8217;aliya?\t<\/h2>\n\t\t\t<a href=\"https:\/\/ebeneze-oe.org\/making-aliyah\/\" target=\"_self\">\n\t\t\t\t\t\t\tScopri di pi\u00f9\n\t\t\t\t\t<\/a>\n\n","protected":false},"excerpt":{"rendered":"<p>Aiutare il suo popolo a tornare a casa Ebenezer Operazione Esodo \u00e8 un&#8217;organizzazione cristiana che aiuta il popolo ebraico a tornare in Israele. Aliya Il nostro lavoro si concentra su una parola ebraica: aliya. Il suo significato letterale \u00e8 &#8216;ascesa&#8217;. Per andare a Gerusalemme occorre &#8216;salire&#8217; sulle colline dalla pianura sottostante. Per questa ragione, il&hellip;<\/p>\n","protected":false},"author":1,"featured_media":0,"parent":0,"menu_order":0,"comment_status":"closed","ping_status":"closed","template":"","meta":{"footnotes":""},"class_list":["post-4778","page","type-page","status-publish","hentry"],"yoast_head":"<!-- This site is optimized with the Yoast SEO plugin v27.4 - https:\/\/yoast.com\/product\/yoast-seo-wordpress\/ -->\n<title>Home - Ebenezer Operation Exodus<\/title>\n<meta name=\"robots\" content=\"index, follow, max-snippet:-1, max-image-preview:large, max-video-preview:-1\" \/>\n<link rel=\"canonical\" href=\"https:\/\/ebenezer-oe.org\/it\/\" \/>\n<meta property=\"og:locale\" content=\"it_IT\" \/>\n<meta property=\"og:type\" content=\"article\" \/>\n<meta property=\"og:title\" content=\"Home - Ebenezer Operation Exodus\" \/>\n<meta property=\"og:description\" content=\"Aiutare il suo popolo a tornare a casa Ebenezer Operazione Esodo \u00e8 un&#8217;organizzazione cristiana che aiuta il popolo ebraico a tornare in Israele. Aliya Il nostro lavoro si concentra su una parola ebraica: aliya. Il suo significato letterale \u00e8 &#8216;ascesa&#8217;. Per andare a Gerusalemme occorre &#8216;salire&#8217; sulle colline dalla pianura sottostante. Per questa ragione, il&hellip;\" \/>\n<meta property=\"og:url\" content=\"https:\/\/ebenezer-oe.org\/it\/\" \/>\n<meta property=\"og:site_name\" content=\"Ebenezer Operation Exodus\" \/>\n<meta property=\"article:publisher\" content=\"https:\/\/www.facebook.com\/EbenezerInt\" \/>\n<meta property=\"article:modified_time\" content=\"2025-12-09T12:13:21+00:00\" \/>\n<meta property=\"og:image\" content=\"https:\/\/ebenezeroe.wpengine.com\/wp-content\/uploads\/2021\/04\/Untitled-design-24-1024x527.png\" \/>\n<meta name=\"twitter:card\" content=\"summary_large_image\" \/>\n<meta name=\"twitter:label1\" content=\"Tempo di lettura stimato\" \/>\n\t<meta name=\"twitter:data1\" content=\"5 minuti\" \/>\n<script type=\"application\/ld+json\" class=\"yoast-schema-graph\">{\"@context\":\"https:\\\/\\\/schema.org\",\"@graph\":[{\"@type\":\"WebPage\",\"@id\":\"https:\\\/\\\/ebenezer-oe.org\\\/it\\\/\",\"url\":\"https:\\\/\\\/ebenezer-oe.org\\\/it\\\/\",\"name\":\"Home - Ebenezer Operation Exodus\",\"isPartOf\":{\"@id\":\"https:\\\/\\\/ebenezer-oe.org\\\/#website\"},\"primaryImageOfPage\":{\"@id\":\"https:\\\/\\\/ebenezer-oe.org\\\/it\\\/#primaryimage\"},\"image\":{\"@id\":\"https:\\\/\\\/ebenezer-oe.org\\\/it\\\/#primaryimage\"},\"thumbnailUrl\":\"https:\\\/\\\/ebenezeroe.wpengine.com\\\/wp-content\\\/uploads\\\/2021\\\/04\\\/Untitled-design-24-1024x527.png\",\"datePublished\":\"2021-07-14T18:06:13+00:00\",\"dateModified\":\"2025-12-09T12:13:21+00:00\",\"breadcrumb\":{\"@id\":\"https:\\\/\\\/ebenezer-oe.org\\\/it\\\/#breadcrumb\"},\"inLanguage\":\"it-IT\",\"potentialAction\":[{\"@type\":\"ReadAction\",\"target\":[\"https:\\\/\\\/ebenezer-oe.org\\\/it\\\/\"]}]},{\"@type\":\"ImageObject\",\"inLanguage\":\"it-IT\",\"@id\":\"https:\\\/\\\/ebenezer-oe.org\\\/it\\\/#primaryimage\",\"url\":\"https:\\\/\\\/ebenezeroe.wpengine.com\\\/wp-content\\\/uploads\\\/2021\\\/04\\\/Untitled-design-24-1024x527.png\",\"contentUrl\":\"https:\\\/\\\/ebenezeroe.wpengine.com\\\/wp-content\\\/uploads\\\/2021\\\/04\\\/Untitled-design-24-1024x527.png\"},{\"@type\":\"BreadcrumbList\",\"@id\":\"https:\\\/\\\/ebenezer-oe.org\\\/it\\\/#breadcrumb\",\"itemListElement\":[{\"@type\":\"ListItem\",\"position\":1,\"name\":\"Home\",\"item\":\"https:\\\/\\\/ebenezer-oe.org\\\/it\\\/\"},{\"@type\":\"ListItem\",\"position\":2,\"name\":\"Home\"}]},{\"@type\":\"WebSite\",\"@id\":\"https:\\\/\\\/ebenezer-oe.org\\\/#website\",\"url\":\"https:\\\/\\\/ebenezer-oe.org\\\/\",\"name\":\"Ebenezer - Operation Exodus\",\"description\":\"\",\"publisher\":{\"@id\":\"https:\\\/\\\/ebenezer-oe.org\\\/#organization\"},\"potentialAction\":[{\"@type\":\"SearchAction\",\"target\":{\"@type\":\"EntryPoint\",\"urlTemplate\":\"https:\\\/\\\/ebenezer-oe.org\\\/?s={search_term_string}\"},\"query-input\":{\"@type\":\"PropertyValueSpecification\",\"valueRequired\":true,\"valueName\":\"search_term_string\"}}],\"inLanguage\":\"it-IT\"},{\"@type\":\"Organization\",\"@id\":\"https:\\\/\\\/ebenezer-oe.org\\\/#organization\",\"name\":\"Ebenezer - Operation Exodus\",\"url\":\"https:\\\/\\\/ebenezer-oe.org\\\/\",\"logo\":{\"@type\":\"ImageObject\",\"inLanguage\":\"it-IT\",\"@id\":\"https:\\\/\\\/ebenezer-oe.org\\\/#\\\/schema\\\/logo\\\/image\\\/\",\"url\":\"https:\\\/\\\/ebenezeroe.wpengine.com\\\/wp-content\\\/uploads\\\/2020\\\/09\\\/Logo_EOE_EN_Colour-Horizontal.png\",\"contentUrl\":\"https:\\\/\\\/ebenezeroe.wpengine.com\\\/wp-content\\\/uploads\\\/2020\\\/09\\\/Logo_EOE_EN_Colour-Horizontal.png\",\"width\":1922,\"height\":928,\"caption\":\"Ebenezer - Operation Exodus\"},\"image\":{\"@id\":\"https:\\\/\\\/ebenezer-oe.org\\\/#\\\/schema\\\/logo\\\/image\\\/\"},\"sameAs\":[\"https:\\\/\\\/www.facebook.com\\\/EbenezerInt\",\"https:\\\/\\\/www.instagram.com\\\/ebenezer_oe_eng\\\/\",\"https:\\\/\\\/www.youtube.com\\\/channel\\\/UC6qGHrKKeamFVz95Vd8LR1g\"]}]}<\/script>\n<!-- \/ Yoast SEO plugin. -->","yoast_head_json":{"title":"Home - Ebenezer Operation Exodus","robots":{"index":"index","follow":"follow","max-snippet":"max-snippet:-1","max-image-preview":"max-image-preview:large","max-video-preview":"max-video-preview:-1"},"canonical":"https:\/\/ebenezer-oe.org\/it\/","og_locale":"it_IT","og_type":"article","og_title":"Home - Ebenezer Operation Exodus","og_description":"Aiutare il suo popolo a tornare a casa Ebenezer Operazione Esodo \u00e8 un&#8217;organizzazione cristiana che aiuta il popolo ebraico a tornare in Israele. Aliya Il nostro lavoro si concentra su una parola ebraica: aliya. Il suo significato letterale \u00e8 &#8216;ascesa&#8217;. Per andare a Gerusalemme occorre &#8216;salire&#8217; sulle colline dalla pianura sottostante. Per questa ragione, il&hellip;","og_url":"https:\/\/ebenezer-oe.org\/it\/","og_site_name":"Ebenezer Operation Exodus","article_publisher":"https:\/\/www.facebook.com\/EbenezerInt","article_modified_time":"2025-12-09T12:13:21+00:00","og_image":[{"url":"https:\/\/ebenezeroe.wpengine.com\/wp-content\/uploads\/2021\/04\/Untitled-design-24-1024x527.png","type":"","width":"","height":""}],"twitter_card":"summary_large_image","twitter_misc":{"Tempo di lettura stimato":"5 minuti"},"schema":{"@context":"https:\/\/schema.org","@graph":[{"@type":"WebPage","@id":"https:\/\/ebenezer-oe.org\/it\/","url":"https:\/\/ebenezer-oe.org\/it\/","name":"Home - Ebenezer Operation Exodus","isPartOf":{"@id":"https:\/\/ebenezer-oe.org\/#website"},"primaryImageOfPage":{"@id":"https:\/\/ebenezer-oe.org\/it\/#primaryimage"},"image":{"@id":"https:\/\/ebenezer-oe.org\/it\/#primaryimage"},"thumbnailUrl":"https:\/\/ebenezeroe.wpengine.com\/wp-content\/uploads\/2021\/04\/Untitled-design-24-1024x527.png","datePublished":"2021-07-14T18:06:13+00:00","dateModified":"2025-12-09T12:13:21+00:00","breadcrumb":{"@id":"https:\/\/ebenezer-oe.org\/it\/#breadcrumb"},"inLanguage":"it-IT","potentialAction":[{"@type":"ReadAction","target":["https:\/\/ebenezer-oe.org\/it\/"]}]},{"@type":"ImageObject","inLanguage":"it-IT","@id":"https:\/\/ebenezer-oe.org\/it\/#primaryimage","url":"https:\/\/ebenezeroe.wpengine.com\/wp-content\/uploads\/2021\/04\/Untitled-design-24-1024x527.png","contentUrl":"https:\/\/ebenezeroe.wpengine.com\/wp-content\/uploads\/2021\/04\/Untitled-design-24-1024x527.png"},{"@type":"BreadcrumbList","@id":"https:\/\/ebenezer-oe.org\/it\/#breadcrumb","itemListElement":[{"@type":"ListItem","position":1,"name":"Home","item":"https:\/\/ebenezer-oe.org\/it\/"},{"@type":"ListItem","position":2,"name":"Home"}]},{"@type":"WebSite","@id":"https:\/\/ebenezer-oe.org\/#website","url":"https:\/\/ebenezer-oe.org\/","name":"Ebenezer - Operation Exodus","description":"","publisher":{"@id":"https:\/\/ebenezer-oe.org\/#organization"},"potentialAction":[{"@type":"SearchAction","target":{"@type":"EntryPoint","urlTemplate":"https:\/\/ebenezer-oe.org\/?s={search_term_string}"},"query-input":{"@type":"PropertyValueSpecification","valueRequired":true,"valueName":"search_term_string"}}],"inLanguage":"it-IT"},{"@type":"Organization","@id":"https:\/\/ebenezer-oe.org\/#organization","name":"Ebenezer - Operation Exodus","url":"https:\/\/ebenezer-oe.org\/","logo":{"@type":"ImageObject","inLanguage":"it-IT","@id":"https:\/\/ebenezer-oe.org\/#\/schema\/logo\/image\/","url":"https:\/\/ebenezeroe.wpengine.com\/wp-content\/uploads\/2020\/09\/Logo_EOE_EN_Colour-Horizontal.png","contentUrl":"https:\/\/ebenezeroe.wpengine.com\/wp-content\/uploads\/2020\/09\/Logo_EOE_EN_Colour-Horizontal.png","width":1922,"height":928,"caption":"Ebenezer - Operation Exodus"},"image":{"@id":"https:\/\/ebenezer-oe.org\/#\/schema\/logo\/image\/"},"sameAs":["https:\/\/www.facebook.com\/EbenezerInt","https:\/\/www.instagram.com\/ebenezer_oe_eng\/","https:\/\/www.youtube.com\/channel\/UC6qGHrKKeamFVz95Vd8LR1g"]}]}},"_links":{"self":[{"href":"https:\/\/ebenezer-oe.org\/it\/wp-json\/wp\/v2\/pages\/4778","targetHints":{"allow":["GET"]}}],"collection":[{"href":"https:\/\/ebenezer-oe.org\/it\/wp-json\/wp\/v2\/pages"}],"about":[{"href":"https:\/\/ebenezer-oe.org\/it\/wp-json\/wp\/v2\/types\/page"}],"author":[{"embeddable":true,"href":"https:\/\/ebenezer-oe.org\/it\/wp-json\/wp\/v2\/users\/1"}],"replies":[{"embeddable":true,"href":"https:\/\/ebenezer-oe.org\/it\/wp-json\/wp\/v2\/comments?post=4778"}],"version-history":[{"count":0,"href":"https:\/\/ebenezer-oe.org\/it\/wp-json\/wp\/v2\/pages\/4778\/revisions"}],"wp:attachment":[{"href":"https:\/\/ebenezer-oe.org\/it\/wp-json\/wp\/v2\/media?parent=4778"}],"curies":[{"name":"wp","href":"https:\/\/api.w.org\/{rel}","templated":true}]}}