{"id":4943,"date":"2021-07-14T18:41:52","date_gmt":"2021-07-14T18:41:52","guid":{"rendered":"https:\/\/ebenezer-oe.org\/fare-laliya\/"},"modified":"2023-07-25T13:46:20","modified_gmt":"2023-07-25T13:46:20","slug":"fare-laliya","status":"publish","type":"page","link":"https:\/\/ebenezer-oe.org\/it\/fare-laliya\/","title":{"rendered":"Fare l\u2019aliya"},"content":{"rendered":"\n<h2>\n\t\tFare l&#8217;aliya\n\t<\/h2>\n\t<p>Ti aiutiamo a tornare a casa.<\/p>\n\t<p>Dal 1991 abbiamo aiutato oltre 200.000 olim a fare l&#8217;aliya da molte nazioni diverse del mondo.<\/p>\n<p>Siamo qui per rendere il processo dell&#8217;aliya pi\u00f9 agevole.<\/p>\n<p>&nbsp;<\/p>\n\t<p>Nell&#8217;ex Unione Sovietica e in altre nazioni, i nostri collaboratori trovano e incoraggiano gli ebrei a tornare in Israele a compimento della profezia biblica. Condividiamo le Scritture sul patto di Dio e sulle Sue promesse per loro. Forniamo sostegno, speranza, aiuto pratico e a volte anche assistenza finanziaria.<\/p>\n\t\t\t<a href=\"https:\/\/ebenezer-oe.org\/it\/contattaci\/\" target=\"_self\" rel=\"noopener\">\n\t\t\t\t\t\t\tVoglio maggiori informazioni\n\t\t\t\t\t<\/a>\n\t<p><i>&#8216;Ogni ebreo ha il diritto di venire in questa nazione come oleh&#8217;<\/i><\/p>\n<p><b><\/b><i>&#8211;<\/i>Legge del Ritorno del Governo israeliano, 1950.<\/p>\n\t<p>Per gli aspiranti olim:<\/p>\n<h2>\n\t\t&#8216;La casa Haifa&#8217;\n\t<\/h2>\n\t<p>Il processo di richiesta per fare l&#8217;aliya stabilisce che si debba avere un indirizzo di residenza in Israele prima dell&#8217;arrivo. La nostra Casa di Haifa per gli olim, nel nord d&#8217;Israele, fornisce ai nuovi immigrati un primo luogo dove risiedere appena arrivati.<\/p>\n<p>Siamo qui per aiutarti in tutto il processo di aliya, fornendo assistenza pratica. Tutto il nostro sostegno sar\u00e0 concentrato sulle tue necessit\u00e0 e sulla nostra capacit\u00e0 di aiutarti. Ti preghiamo di compilare il modulo sottostante e ti metteremo in contatto con un nostro rappresentante nella tua nazione.<\/p>\n\t\t\t<a href=\"https:\/\/ebenezer-oe.org\/it\/contattaci\/\" target=\"_self\" rel=\"noopener\">\n\t\t\t\t\t\t\tScopri di pi\u00f9\n\t\t\t\t\t<\/a>\n\t<iframe title=\"Do you want to make Aliyah? | Haifa House\" width=\"500\" height=\"281\" data-src=\"https:\/\/www.youtube.com\/embed\/6PbGqj5upK4?feature=oembed\" frameborder=\"0\" allow=\"accelerometer; autoplay; clipboard-write; encrypted-media; gyroscope; picture-in-picture\" allowfullscreen src=\"data:image\/svg+xml;base64,PHN2ZyB3aWR0aD0iMSIgaGVpZ2h0PSIxIiB4bWxucz0iaHR0cDovL3d3dy53My5vcmcvMjAwMC9zdmciPjwvc3ZnPg==\" class=\"lazyload\" data-load-mode=\"1\"><\/iframe>\n\t<p><em>&#8220;Non temere, perch\u00e9 io sono con te; io ricondurr\u00f2 la tua discendenza da oriente, e ti raccoglier\u00f2 da occidente. e ti raccoglier\u00f2 da occidente. Dir\u00f2 al settentrione: &#8220;Da&#8217;!&#8221; E al mezzogiorno: \u00abNon trattenere\u00bb; fa&#8217; venire i miei figli da lontano e le mie figlie dalle estremit\u00e0 della terra: tutti quelli cio\u00e8 che portano il mio nome, che io ho creati per la mia gloria &#8230;&#8221; <\/em><\/p>\n<p>Isaia 43:5-7a<\/p>\n<h2>\n\t\tVuoi maggiori informazioni?\n\t<\/h2>\n\t<p>Contattaci oggi se vuoi maggiori informazioni su come fare l&#8217;aliya.<\/p>\n\t\t\t<a href=\"https:\/\/ebenezer-oe.org\/it\/contattaci\/\" target=\"_self\" rel=\"noopener\">\n\t\t\t\t\t\t\tVoglio maggiori informazioni\n\t\t\t\t\t<\/a>\n<h2>\n\t\tTestimonianze:\n\t<\/h2>\n\t\t\t\t<img decoding=\"async\" data-src=\"https:\/\/ebenezeroe.wpengine.com\/wp-content\/uploads\/2021\/05\/46.png\" alt=\"46\" itemprop=\"image\" title=\"46\" onerror=\"this.style.display='none'\" src=\"data:image\/svg+xml;base64,PHN2ZyB3aWR0aD0iMSIgaGVpZ2h0PSIxIiB4bWxucz0iaHR0cDovL3d3dy53My5vcmcvMjAwMC9zdmciPjwvc3ZnPg==\" class=\"lazyload\" \/>\n\t<p>Shayan<\/p>\n\t<p>Stati Uniti<\/p>\n\t<p><i>&#8220;Non c&#8217;\u00e8 luogo in cui mi senta pi\u00f9 spiritualmente connesso, pi\u00f9 emotivamente puro e stimolato. Non c&#8217;\u00e8 luogo come casa. Ho fatto mia la missione di incoraggiare ogni ebreo che conosco a mettere in atto il sogno di fare l&#8217;aliya, a tornare in Israele per scrivere insieme il prossimo capitolo della storia del nostro popolo &#8230; Non vedo l&#8217;ora di tornare al luogo in cui il mio cuore, il mio corpo e la mia anima appartengono, e a mettere su una casa mia in Eretz Yisrael. Il popolo ebraico non \u00e8 mai stato pi\u00f9 vivo e vegeto!&#8221;<\/i><\/p>\n\t\t\t\t<img decoding=\"async\" data-src=\"https:\/\/ebenezeroe.wpengine.com\/wp-content\/uploads\/2021\/05\/47.png\" alt=\"47\" itemprop=\"image\" title=\"47\" onerror=\"this.style.display='none'\" src=\"data:image\/svg+xml;base64,PHN2ZyB3aWR0aD0iMSIgaGVpZ2h0PSIxIiB4bWxucz0iaHR0cDovL3d3dy53My5vcmcvMjAwMC9zdmciPjwvc3ZnPg==\" class=\"lazyload\" \/>\n\t\u25cf Boris e Tamara<strong><br \/>\n<\/strong>\n\t<p>Georgia<\/p>\n\t<p><i>&#8220;Nostro figlio ha prestato servizio nell&#8217;IDF [Israeli Defense Force] , si \u00e8 diplomato al college, , si \u00e8 sposato e ora ha una famiglia. Desideriamo tanto vivere il resto delle nostre vite in Israele, accanto a nostro figlio e ai nostri nipoti, ed Ebenezer Operazione Esodo ci aiuter\u00e0. Siamo molto grati per il lavoro che svolgono e per il nostro rapporto di vecchia data con loro, aiutando altri olim. Siamo molto emozionati, perch\u00e9 ora \u00e8 il nostro turno. Non vediamo l&#8217;ora!&#8221;<\/i><\/p>\n\t\t\t\t<img decoding=\"async\" data-src=\"https:\/\/ebenezeroe.wpengine.com\/wp-content\/uploads\/2021\/05\/48.png\" alt=\"48\" itemprop=\"image\" title=\"48\" onerror=\"this.style.display='none'\" src=\"data:image\/svg+xml;base64,PHN2ZyB3aWR0aD0iMSIgaGVpZ2h0PSIxIiB4bWxucz0iaHR0cDovL3d3dy53My5vcmcvMjAwMC9zdmciPjwvc3ZnPg==\" class=\"lazyload\" \/>\n\tSaray<strong><br \/>\n<\/strong>\n\t<p>Colombia<\/p>\n\t<p>&#8220;La mia famiglia mi ha insegnato che Israele \u00e8 la mia nazione e che la Colombia mi ha cresciuto e mostrato dove andare, e che non avrei dovuto sentirmi frustrata per le difficolt\u00e0 del ritorno in Israele, perch\u00e9 sarebbe avvenuto al momento giusto. Tutto ci\u00f2 che ho fatto in Colombia l&#8217;ho fatto pensando alla mia aliya. Incredibilmente, Ebenezer Operazione Esodo \u00e8 apparso e ci ha dato tutto il sostegno che mancava, soprattutto per quanto riguarda i molti trasferimenti e le condizioni particolari che sono state necessarie per rendere il viaggio pi\u00f9 sicuro a mia nonna di 93 anni!&#8221;<\/p>\n\t\t\t\t<img decoding=\"async\" data-src=\"https:\/\/ebenezeroe.wpengine.com\/wp-content\/uploads\/2021\/05\/45.png\" alt=\"45\" itemprop=\"image\" title=\"45\" onerror=\"this.style.display='none'\" src=\"data:image\/svg+xml;base64,PHN2ZyB3aWR0aD0iMSIgaGVpZ2h0PSIxIiB4bWxucz0iaHR0cDovL3d3dy53My5vcmcvMjAwMC9zdmciPjwvc3ZnPg==\" class=\"lazyload\" \/>\n\t\u25cf Jerret e famiglia<strong><br \/>\n<\/strong>\n\t<p>Stati Uniti<\/p>\n\t<p><i>&#8220;<\/i>Abbiamo tanti pensieri! Stiamo facendo l&#8217;aliya perch\u00e9 crediamo che sia un obbligo per noi andare in Israele. Non avremo tutte le comodit\u00e0 &#8230; non avremo lo stesso sistema a sostenerci, ecc. Ma questa \u00e8 la cosa giusta da fare, essere con i nostri &#8216;fratelli&#8217; e &#8216;sorelle&#8217; nella nostra Terra Santa, respirando tutta la spiritualit\u00e0 e la ricca storia della nostra terra, connessi con la Terra, &#8216;una Terra vivente&#8217;, che crediamo abbia la capacit\u00e0 straordinaria di innalzare ad un elevato livello spirituale.&#8221;<\/p>\n<h2>\n\t\tContattate il nostro team in Israele! \n\t<\/h2>\n\t<p>Visitate la pagina nazionale di Israele per scoprire come possiamo aiutarvi dalla terra di Israele.<\/p>\n<p>Scoprite l&#8217;ampio database di organizzazioni israeliane utili per i nuovi Olim, il modulo di iscrizione alla Haifa House e molto altro ancora!<\/p>\n\t\t\t<a href=\"https:\/\/ebenezer.org.il\" target=\"_blank\" rel=\"noopener\">\n\t\t\t\t\t\t\tPagina nazionale di Israele \n\t\t\t\t\t<\/a>\n\t\t\t\t<a href=\"https:\/\/ebenezer.org.il\" target=\"_blank\" rel=\"noopener\" itemprop=\"url\">\n\t\t\t\t<img decoding=\"async\" data-src=\"https:\/\/ebenezeroe.wpengine.com\/wp-content\/uploads\/2021\/12\/Website-Transparent-background-3.png\" alt=\"Website Transparent background-3\" itemprop=\"image\" title=\"Website Transparent background-3\" onerror=\"this.style.display='none'\" src=\"data:image\/svg+xml;base64,PHN2ZyB3aWR0aD0iMSIgaGVpZ2h0PSIxIiB4bWxucz0iaHR0cDovL3d3dy53My5vcmcvMjAwMC9zdmciPjwvc3ZnPg==\" class=\"lazyload\" \/>\n\t\t\t\t<\/a>\n\n","protected":false},"excerpt":{"rendered":"<p>Fare l&#8217;aliya Ti aiutiamo a tornare a casa. Dal 1991 abbiamo aiutato oltre 200.000 olim a fare l&#8217;aliya da molte nazioni diverse del mondo. Siamo qui per rendere il processo dell&#8217;aliya pi\u00f9 agevole. &nbsp; Nell&#8217;ex Unione Sovietica e in altre nazioni, i nostri collaboratori trovano e incoraggiano gli ebrei a tornare in Israele a compimento&hellip;<\/p>\n","protected":false},"author":1,"featured_media":0,"parent":0,"menu_order":0,"comment_status":"closed","ping_status":"closed","template":"","meta":{"footnotes":""},"class_list":["post-4943","page","type-page","status-publish","hentry"],"yoast_head":"<!-- This site is optimized with the Yoast SEO plugin v27.2 - https:\/\/yoast.com\/product\/yoast-seo-wordpress\/ -->\n<title>Fare l\u2019aliya - Ebenezer Operation Exodus<\/title>\n<meta name=\"robots\" content=\"index, follow, max-snippet:-1, max-image-preview:large, max-video-preview:-1\" \/>\n<link rel=\"canonical\" href=\"https:\/\/ebenezer-oe.org\/it\/fare-laliya\/\" \/>\n<meta property=\"og:locale\" content=\"it_IT\" \/>\n<meta property=\"og:type\" content=\"article\" \/>\n<meta property=\"og:title\" content=\"Fare l\u2019aliya - Ebenezer Operation Exodus\" \/>\n<meta property=\"og:description\" content=\"Fare l&#8217;aliya Ti aiutiamo a tornare a casa. Dal 1991 abbiamo aiutato oltre 200.000 olim a fare l&#8217;aliya da molte nazioni diverse del mondo. Siamo qui per rendere il processo dell&#8217;aliya pi\u00f9 agevole. &nbsp; Nell&#8217;ex Unione Sovietica e in altre nazioni, i nostri collaboratori trovano e incoraggiano gli ebrei a tornare in Israele a compimento&hellip;\" \/>\n<meta property=\"og:url\" content=\"https:\/\/ebenezer-oe.org\/it\/fare-laliya\/\" \/>\n<meta property=\"og:site_name\" content=\"Ebenezer Operation Exodus\" \/>\n<meta property=\"article:publisher\" content=\"https:\/\/www.facebook.com\/EbenezerInt\" \/>\n<meta property=\"article:modified_time\" content=\"2023-07-25T13:46:20+00:00\" \/>\n<meta property=\"og:image\" content=\"https:\/\/ebenezeroe.wpengine.com\/wp-content\/uploads\/2021\/05\/46.png\" \/>\n<meta name=\"twitter:card\" content=\"summary_large_image\" \/>\n<meta name=\"twitter:label1\" content=\"Tempo di lettura stimato\" \/>\n\t<meta name=\"twitter:data1\" content=\"3 minuti\" \/>\n<script type=\"application\/ld+json\" class=\"yoast-schema-graph\">{\"@context\":\"https:\/\/schema.org\",\"@graph\":[{\"@type\":\"WebPage\",\"@id\":\"https:\/\/ebenezer-oe.org\/it\/fare-laliya\/\",\"url\":\"https:\/\/ebenezer-oe.org\/it\/fare-laliya\/\",\"name\":\"Fare l\u2019aliya - Ebenezer Operation Exodus\",\"isPartOf\":{\"@id\":\"https:\/\/ebenezer-oe.org\/#website\"},\"primaryImageOfPage\":{\"@id\":\"https:\/\/ebenezer-oe.org\/it\/fare-laliya\/#primaryimage\"},\"image\":{\"@id\":\"https:\/\/ebenezer-oe.org\/it\/fare-laliya\/#primaryimage\"},\"thumbnailUrl\":\"https:\/\/ebenezeroe.wpengine.com\/wp-content\/uploads\/2021\/05\/46.png\",\"datePublished\":\"2021-07-14T18:41:52+00:00\",\"dateModified\":\"2023-07-25T13:46:20+00:00\",\"breadcrumb\":{\"@id\":\"https:\/\/ebenezer-oe.org\/it\/fare-laliya\/#breadcrumb\"},\"inLanguage\":\"it-IT\",\"potentialAction\":[{\"@type\":\"ReadAction\",\"target\":[\"https:\/\/ebenezer-oe.org\/it\/fare-laliya\/\"]}]},{\"@type\":\"ImageObject\",\"inLanguage\":\"it-IT\",\"@id\":\"https:\/\/ebenezer-oe.org\/it\/fare-laliya\/#primaryimage\",\"url\":\"https:\/\/ebenezeroe.wpengine.com\/wp-content\/uploads\/2021\/05\/46.png\",\"contentUrl\":\"https:\/\/ebenezeroe.wpengine.com\/wp-content\/uploads\/2021\/05\/46.png\"},{\"@type\":\"BreadcrumbList\",\"@id\":\"https:\/\/ebenezer-oe.org\/it\/fare-laliya\/#breadcrumb\",\"itemListElement\":[{\"@type\":\"ListItem\",\"position\":1,\"name\":\"Home\",\"item\":\"https:\/\/ebenezer-oe.org\/it\/\"},{\"@type\":\"ListItem\",\"position\":2,\"name\":\"Fare l\u2019aliya\"}]},{\"@type\":\"WebSite\",\"@id\":\"https:\/\/ebenezer-oe.org\/#website\",\"url\":\"https:\/\/ebenezer-oe.org\/\",\"name\":\"Ebenezer - Operation Exodus\",\"description\":\"\",\"publisher\":{\"@id\":\"https:\/\/ebenezer-oe.org\/#organization\"},\"potentialAction\":[{\"@type\":\"SearchAction\",\"target\":{\"@type\":\"EntryPoint\",\"urlTemplate\":\"https:\/\/ebenezer-oe.org\/?s={search_term_string}\"},\"query-input\":{\"@type\":\"PropertyValueSpecification\",\"valueRequired\":true,\"valueName\":\"search_term_string\"}}],\"inLanguage\":\"it-IT\"},{\"@type\":\"Organization\",\"@id\":\"https:\/\/ebenezer-oe.org\/#organization\",\"name\":\"Ebenezer - Operation Exodus\",\"url\":\"https:\/\/ebenezer-oe.org\/\",\"logo\":{\"@type\":\"ImageObject\",\"inLanguage\":\"it-IT\",\"@id\":\"https:\/\/ebenezer-oe.org\/#\/schema\/logo\/image\/\",\"url\":\"https:\/\/ebenezeroe.wpengine.com\/wp-content\/uploads\/2020\/09\/Logo_EOE_EN_Colour-Horizontal.png\",\"contentUrl\":\"https:\/\/ebenezeroe.wpengine.com\/wp-content\/uploads\/2020\/09\/Logo_EOE_EN_Colour-Horizontal.png\",\"width\":1922,\"height\":928,\"caption\":\"Ebenezer - Operation Exodus\"},\"image\":{\"@id\":\"https:\/\/ebenezer-oe.org\/#\/schema\/logo\/image\/\"},\"sameAs\":[\"https:\/\/www.facebook.com\/EbenezerInt\",\"https:\/\/www.instagram.com\/ebenezer_oe_eng\/\",\"https:\/\/www.youtube.com\/channel\/UC6qGHrKKeamFVz95Vd8LR1g\"]}]}<\/script>\n<!-- \/ Yoast SEO plugin. -->","yoast_head_json":{"title":"Fare l\u2019aliya - Ebenezer Operation Exodus","robots":{"index":"index","follow":"follow","max-snippet":"max-snippet:-1","max-image-preview":"max-image-preview:large","max-video-preview":"max-video-preview:-1"},"canonical":"https:\/\/ebenezer-oe.org\/it\/fare-laliya\/","og_locale":"it_IT","og_type":"article","og_title":"Fare l\u2019aliya - Ebenezer Operation Exodus","og_description":"Fare l&#8217;aliya Ti aiutiamo a tornare a casa. Dal 1991 abbiamo aiutato oltre 200.000 olim a fare l&#8217;aliya da molte nazioni diverse del mondo. Siamo qui per rendere il processo dell&#8217;aliya pi\u00f9 agevole. &nbsp; Nell&#8217;ex Unione Sovietica e in altre nazioni, i nostri collaboratori trovano e incoraggiano gli ebrei a tornare in Israele a compimento&hellip;","og_url":"https:\/\/ebenezer-oe.org\/it\/fare-laliya\/","og_site_name":"Ebenezer Operation Exodus","article_publisher":"https:\/\/www.facebook.com\/EbenezerInt","article_modified_time":"2023-07-25T13:46:20+00:00","og_image":[{"url":"https:\/\/ebenezeroe.wpengine.com\/wp-content\/uploads\/2021\/05\/46.png","type":"","width":"","height":""}],"twitter_card":"summary_large_image","twitter_misc":{"Tempo di lettura stimato":"3 minuti"},"schema":{"@context":"https:\/\/schema.org","@graph":[{"@type":"WebPage","@id":"https:\/\/ebenezer-oe.org\/it\/fare-laliya\/","url":"https:\/\/ebenezer-oe.org\/it\/fare-laliya\/","name":"Fare l\u2019aliya - Ebenezer Operation Exodus","isPartOf":{"@id":"https:\/\/ebenezer-oe.org\/#website"},"primaryImageOfPage":{"@id":"https:\/\/ebenezer-oe.org\/it\/fare-laliya\/#primaryimage"},"image":{"@id":"https:\/\/ebenezer-oe.org\/it\/fare-laliya\/#primaryimage"},"thumbnailUrl":"https:\/\/ebenezeroe.wpengine.com\/wp-content\/uploads\/2021\/05\/46.png","datePublished":"2021-07-14T18:41:52+00:00","dateModified":"2023-07-25T13:46:20+00:00","breadcrumb":{"@id":"https:\/\/ebenezer-oe.org\/it\/fare-laliya\/#breadcrumb"},"inLanguage":"it-IT","potentialAction":[{"@type":"ReadAction","target":["https:\/\/ebenezer-oe.org\/it\/fare-laliya\/"]}]},{"@type":"ImageObject","inLanguage":"it-IT","@id":"https:\/\/ebenezer-oe.org\/it\/fare-laliya\/#primaryimage","url":"https:\/\/ebenezeroe.wpengine.com\/wp-content\/uploads\/2021\/05\/46.png","contentUrl":"https:\/\/ebenezeroe.wpengine.com\/wp-content\/uploads\/2021\/05\/46.png"},{"@type":"BreadcrumbList","@id":"https:\/\/ebenezer-oe.org\/it\/fare-laliya\/#breadcrumb","itemListElement":[{"@type":"ListItem","position":1,"name":"Home","item":"https:\/\/ebenezer-oe.org\/it\/"},{"@type":"ListItem","position":2,"name":"Fare l\u2019aliya"}]},{"@type":"WebSite","@id":"https:\/\/ebenezer-oe.org\/#website","url":"https:\/\/ebenezer-oe.org\/","name":"Ebenezer - Operation Exodus","description":"","publisher":{"@id":"https:\/\/ebenezer-oe.org\/#organization"},"potentialAction":[{"@type":"SearchAction","target":{"@type":"EntryPoint","urlTemplate":"https:\/\/ebenezer-oe.org\/?s={search_term_string}"},"query-input":{"@type":"PropertyValueSpecification","valueRequired":true,"valueName":"search_term_string"}}],"inLanguage":"it-IT"},{"@type":"Organization","@id":"https:\/\/ebenezer-oe.org\/#organization","name":"Ebenezer - Operation Exodus","url":"https:\/\/ebenezer-oe.org\/","logo":{"@type":"ImageObject","inLanguage":"it-IT","@id":"https:\/\/ebenezer-oe.org\/#\/schema\/logo\/image\/","url":"https:\/\/ebenezeroe.wpengine.com\/wp-content\/uploads\/2020\/09\/Logo_EOE_EN_Colour-Horizontal.png","contentUrl":"https:\/\/ebenezeroe.wpengine.com\/wp-content\/uploads\/2020\/09\/Logo_EOE_EN_Colour-Horizontal.png","width":1922,"height":928,"caption":"Ebenezer - Operation Exodus"},"image":{"@id":"https:\/\/ebenezer-oe.org\/#\/schema\/logo\/image\/"},"sameAs":["https:\/\/www.facebook.com\/EbenezerInt","https:\/\/www.instagram.com\/ebenezer_oe_eng\/","https:\/\/www.youtube.com\/channel\/UC6qGHrKKeamFVz95Vd8LR1g"]}]}},"_links":{"self":[{"href":"https:\/\/ebenezer-oe.org\/it\/wp-json\/wp\/v2\/pages\/4943","targetHints":{"allow":["GET"]}}],"collection":[{"href":"https:\/\/ebenezer-oe.org\/it\/wp-json\/wp\/v2\/pages"}],"about":[{"href":"https:\/\/ebenezer-oe.org\/it\/wp-json\/wp\/v2\/types\/page"}],"author":[{"embeddable":true,"href":"https:\/\/ebenezer-oe.org\/it\/wp-json\/wp\/v2\/users\/1"}],"replies":[{"embeddable":true,"href":"https:\/\/ebenezer-oe.org\/it\/wp-json\/wp\/v2\/comments?post=4943"}],"version-history":[{"count":0,"href":"https:\/\/ebenezer-oe.org\/it\/wp-json\/wp\/v2\/pages\/4943\/revisions"}],"wp:attachment":[{"href":"https:\/\/ebenezer-oe.org\/it\/wp-json\/wp\/v2\/media?parent=4943"}],"curies":[{"name":"wp","href":"https:\/\/api.w.org\/{rel}","templated":true}]}}