{"id":4986,"date":"2021-07-15T08:36:34","date_gmt":"2021-07-15T08:36:34","guid":{"rendered":"https:\/\/ebenezer-oe.org\/collabora-con-noi\/unisciti-alla-preghiera\/"},"modified":"2023-07-25T13:43:24","modified_gmt":"2023-07-25T13:43:24","slug":"unisciti-alla-preghiera","status":"publish","type":"page","link":"https:\/\/ebenezer-oe.org\/it\/collabora-con-noi\/unisciti-alla-preghiera\/","title":{"rendered":"Unisciti alla preghiera"},"content":{"rendered":"\n<h1>\n\t\tUnisciti alla preghiera\n\t<\/h1>\n\t<p>Il nostro ministero \u00e8 nato in preghiera e le nostre guide sentono che la preghiera deve essere il fondamento di tutte le nostre attivit\u00e0 <strong>.<\/strong><\/p>\n<p><em>&#8220;Sulle tue mura, Gerusalemme, io ho posto delle sentinelle; non taceranno mai, n\u00e9 giorno n\u00e9 notte. Voi che destate il ricordo del SIGNORE, non abbiate riposo, non date riposo a lui, finch\u00e9 egli non abbia ristabilito Gerusalemme, finch\u00e9 non abbia fatto di lei la lode di tutta la terra.&#8221;<\/em><\/p>\n<p>Isaia 62:6-7<\/p>\n\t\t\t\t<img decoding=\"async\" data-src=\"https:\/\/ebenezeroe.wpengine.com\/wp-content\/uploads\/2021\/05\/Untitled-design-39.png\" alt=\"Untitled design-39\" itemprop=\"image\" title=\"Untitled design-39\" onerror=\"this.style.display='none'\" src=\"data:image\/svg+xml;base64,PHN2ZyB3aWR0aD0iMSIgaGVpZ2h0PSIxIiB4bWxucz0iaHR0cDovL3d3dy53My5vcmcvMjAwMC9zdmciPjwvc3ZnPg==\" class=\"lazyload\" \/>\n\t<p>L&#8217;aliya \u00e8 un&#8217;iniziativa di Dio.<\/p>\n\t<p>Egli \u00e8 Colui che sta riportando il popolo ebraico nella Terra. La nostra chiamata da parte del Signore \u00e8 di stare sulla breccia in preghiera tra la situazione in cui gli ebrei di tutto il mondo si trovano e il loro desiderio di essere nella Terra che Dio ha promesso loro. Molte volte abbiamo visto delle situazioni ribaltarsi e dei problemi risolversi quando i collaboratori in preghiera hanno gridato al cielo per avere risposte.<\/p>\n\t<p>Ci sono diversi stadi e noi siamo chiamati a pregare per ciascuno di essi, aprendo una via per il Suo popolo ebraico (Isaia 62:10). In questo periodo di cambiamenti rapidi, la nostra rete mondiale di collaboratori in preghiera intercede per gli ebrei nelle zone di pericolo o conflitto, e per coloro che stanno affrontando difficolt\u00e0 e povert\u00e0 estreme. Dobbiamo anche pregare per il trasporto e il viaggio in Israele, compresi gli urgenti ostacoli di viaggio, e molto, molto altro!<\/p>\n\t<p>L&#8217;aliya \u00e8 attiva, emozionante e miracolosa, e pregare per l&#8217;aliya \u00e8 lo stesso!<\/p>\n\t<h2>Collaboratori di preghiera<\/h2>\n\t<p>Alcuni collaboratori di preghiera si incontrano regolarmente in gruppi per pregare usando il materiale di preghiera, mentre altri pregano da soli a casa. Ogni singola preghiera gioca un ruolo chiave nel ritorno del popolo ebraico in Israele.<\/p>\n<p>Oltre a pregare in modo specifico per coloro che fanno l&#8217;aliya, il Signore ci guida a concentrarci su questioni come l&#8217;antisemitismo, la nazione d&#8217;Israele e gli eventi attuali o passati che influenzano l&#8217;aliya oggi. Gruppi internazionali si radunano in tutto il mondo per pregare, anche sui siti dove si sono verificate atrocit\u00e0 come Auschwitz, dove alcune tra le peggiori efferatezze mai registrate sono state perpetrate contro il popolo ebraico. Preghiere di questo tipo vengono regolarmente innalzate in luoghi strategici, in base a come e quando il Signore guida.<\/p>\n\t<h2>Questa \u00e8 una tipica situazione che ha richiesto preghiera:<\/h2>\n\t\t\t<p><i>Aida era stata cresciuta dalla madre e non aveva idea delle sue origini ebraiche. Solo all&#8217;et\u00e0 di 35 anni aveva saputo che suo padre era di origine ebraica e aveva scoperto di avere un fratello e delle sorelle israeliani. Alla morte del padre, i fratelli di Aida l&#8217;avevano invitata in Israele e l&#8217;avevano accolta con affetto. Qualche anno dopo, Aida si era trovata a dover crescere i suoi tre figli da sola e a vivere in circostanze molto dure. Sapeva della possibilit\u00e0 di fare l&#8217;aliya, ma un test del DNA che provasse i suoi legami con la sua famiglia israeliana era troppo costoso, senza contare le altre spese e le questioni pratiche necessarie per trasferirsi in un&#8217;altra nazione. L&#8217;intero processo sembrava impossibile! I collaboratori di preghiera di Ebenezer Operazione Esodo in tutto il mondo hanno portato questa famiglia davanti a Dio in preghiera e, molto presto, il test del DNA tanto necessario \u00e8 stato effettuato, sono stati provvisti i fondi,<\/i><i> Aida e i suoi figli hanno ottenuto i loro visti e ora sono felici in Israele! <\/i><\/p>\t\t\n\t<p>Rete di preghiera<\/p>\n\t<p>Per scoprire di pi\u00f9 e diventare parte di questa rete mondiale di preghiera che \u00e8 attiva in oltre 55 nazioni, ti invitiamo a metterti in contatto con noi cliccando sul tasto qui sotto.<\/p>\n\t\t\t<a href=\"https:\/\/ebenezer-oe.org\/it\/contattaci\/\" target=\"_self\" rel=\"noopener\">\n\t\t\t\t\t\t\tVoglio iscrivermi!\n\t\t\t\t\t<\/a>\n\n","protected":false},"excerpt":{"rendered":"<p>Unisciti alla preghiera Il nostro ministero \u00e8 nato in preghiera e le nostre guide sentono che la preghiera deve essere il fondamento di tutte le nostre attivit\u00e0 . &#8220;Sulle tue mura, Gerusalemme, io ho posto delle sentinelle; non taceranno mai, n\u00e9 giorno n\u00e9 notte. Voi che destate il ricordo del SIGNORE, non abbiate riposo, non&hellip;<\/p>\n","protected":false},"author":1,"featured_media":0,"parent":4961,"menu_order":0,"comment_status":"closed","ping_status":"closed","template":"","meta":{"footnotes":""},"class_list":["post-4986","page","type-page","status-publish","hentry"],"yoast_head":"<!-- This site is optimized with the Yoast SEO plugin v27.2 - https:\/\/yoast.com\/product\/yoast-seo-wordpress\/ -->\n<title>Unisciti alla preghiera - Ebenezer Operation Exodus<\/title>\n<meta name=\"robots\" content=\"index, follow, max-snippet:-1, max-image-preview:large, max-video-preview:-1\" \/>\n<link rel=\"canonical\" href=\"https:\/\/ebenezer-oe.org\/it\/collabora-con-noi\/unisciti-alla-preghiera\/\" \/>\n<meta property=\"og:locale\" content=\"it_IT\" \/>\n<meta property=\"og:type\" content=\"article\" \/>\n<meta property=\"og:title\" content=\"Unisciti alla preghiera - Ebenezer Operation Exodus\" \/>\n<meta property=\"og:description\" content=\"Unisciti alla preghiera Il nostro ministero \u00e8 nato in preghiera e le nostre guide sentono che la preghiera deve essere il fondamento di tutte le nostre attivit\u00e0 . &#8220;Sulle tue mura, Gerusalemme, io ho posto delle sentinelle; non taceranno mai, n\u00e9 giorno n\u00e9 notte. Voi che destate il ricordo del SIGNORE, non abbiate riposo, non&hellip;\" \/>\n<meta property=\"og:url\" content=\"https:\/\/ebenezer-oe.org\/it\/collabora-con-noi\/unisciti-alla-preghiera\/\" \/>\n<meta property=\"og:site_name\" content=\"Ebenezer Operation Exodus\" \/>\n<meta property=\"article:publisher\" content=\"https:\/\/www.facebook.com\/EbenezerInt\" \/>\n<meta property=\"article:modified_time\" content=\"2023-07-25T13:43:24+00:00\" \/>\n<meta property=\"og:image\" content=\"https:\/\/ebenezeroe.wpengine.com\/wp-content\/uploads\/2021\/05\/Untitled-design-39.png\" \/>\n<meta name=\"twitter:card\" content=\"summary_large_image\" \/>\n<meta name=\"twitter:label1\" content=\"Tempo di lettura stimato\" \/>\n\t<meta name=\"twitter:data1\" content=\"3 minuti\" \/>\n<script type=\"application\/ld+json\" class=\"yoast-schema-graph\">{\"@context\":\"https:\/\/schema.org\",\"@graph\":[{\"@type\":\"WebPage\",\"@id\":\"https:\/\/ebenezer-oe.org\/it\/collabora-con-noi\/unisciti-alla-preghiera\/\",\"url\":\"https:\/\/ebenezer-oe.org\/it\/collabora-con-noi\/unisciti-alla-preghiera\/\",\"name\":\"Unisciti alla preghiera - Ebenezer Operation Exodus\",\"isPartOf\":{\"@id\":\"https:\/\/ebenezer-oe.org\/#website\"},\"primaryImageOfPage\":{\"@id\":\"https:\/\/ebenezer-oe.org\/it\/collabora-con-noi\/unisciti-alla-preghiera\/#primaryimage\"},\"image\":{\"@id\":\"https:\/\/ebenezer-oe.org\/it\/collabora-con-noi\/unisciti-alla-preghiera\/#primaryimage\"},\"thumbnailUrl\":\"https:\/\/ebenezeroe.wpengine.com\/wp-content\/uploads\/2021\/05\/Untitled-design-39.png\",\"datePublished\":\"2021-07-15T08:36:34+00:00\",\"dateModified\":\"2023-07-25T13:43:24+00:00\",\"breadcrumb\":{\"@id\":\"https:\/\/ebenezer-oe.org\/it\/collabora-con-noi\/unisciti-alla-preghiera\/#breadcrumb\"},\"inLanguage\":\"it-IT\",\"potentialAction\":[{\"@type\":\"ReadAction\",\"target\":[\"https:\/\/ebenezer-oe.org\/it\/collabora-con-noi\/unisciti-alla-preghiera\/\"]}]},{\"@type\":\"ImageObject\",\"inLanguage\":\"it-IT\",\"@id\":\"https:\/\/ebenezer-oe.org\/it\/collabora-con-noi\/unisciti-alla-preghiera\/#primaryimage\",\"url\":\"https:\/\/ebenezeroe.wpengine.com\/wp-content\/uploads\/2021\/05\/Untitled-design-39.png\",\"contentUrl\":\"https:\/\/ebenezeroe.wpengine.com\/wp-content\/uploads\/2021\/05\/Untitled-design-39.png\"},{\"@type\":\"BreadcrumbList\",\"@id\":\"https:\/\/ebenezer-oe.org\/it\/collabora-con-noi\/unisciti-alla-preghiera\/#breadcrumb\",\"itemListElement\":[{\"@type\":\"ListItem\",\"position\":1,\"name\":\"Home\",\"item\":\"https:\/\/ebenezer-oe.org\/it\/\"},{\"@type\":\"ListItem\",\"position\":2,\"name\":\"Collabora con noi\",\"item\":\"https:\/\/ebenezer-oe.org\/it\/collabora-con-noi\/\"},{\"@type\":\"ListItem\",\"position\":3,\"name\":\"Unisciti alla preghiera\"}]},{\"@type\":\"WebSite\",\"@id\":\"https:\/\/ebenezer-oe.org\/#website\",\"url\":\"https:\/\/ebenezer-oe.org\/\",\"name\":\"Ebenezer - Operation Exodus\",\"description\":\"\",\"publisher\":{\"@id\":\"https:\/\/ebenezer-oe.org\/#organization\"},\"potentialAction\":[{\"@type\":\"SearchAction\",\"target\":{\"@type\":\"EntryPoint\",\"urlTemplate\":\"https:\/\/ebenezer-oe.org\/?s={search_term_string}\"},\"query-input\":{\"@type\":\"PropertyValueSpecification\",\"valueRequired\":true,\"valueName\":\"search_term_string\"}}],\"inLanguage\":\"it-IT\"},{\"@type\":\"Organization\",\"@id\":\"https:\/\/ebenezer-oe.org\/#organization\",\"name\":\"Ebenezer - Operation Exodus\",\"url\":\"https:\/\/ebenezer-oe.org\/\",\"logo\":{\"@type\":\"ImageObject\",\"inLanguage\":\"it-IT\",\"@id\":\"https:\/\/ebenezer-oe.org\/#\/schema\/logo\/image\/\",\"url\":\"https:\/\/ebenezeroe.wpengine.com\/wp-content\/uploads\/2020\/09\/Logo_EOE_EN_Colour-Horizontal.png\",\"contentUrl\":\"https:\/\/ebenezeroe.wpengine.com\/wp-content\/uploads\/2020\/09\/Logo_EOE_EN_Colour-Horizontal.png\",\"width\":1922,\"height\":928,\"caption\":\"Ebenezer - Operation Exodus\"},\"image\":{\"@id\":\"https:\/\/ebenezer-oe.org\/#\/schema\/logo\/image\/\"},\"sameAs\":[\"https:\/\/www.facebook.com\/EbenezerInt\",\"https:\/\/www.instagram.com\/ebenezer_oe_eng\/\",\"https:\/\/www.youtube.com\/channel\/UC6qGHrKKeamFVz95Vd8LR1g\"]}]}<\/script>\n<!-- \/ Yoast SEO plugin. -->","yoast_head_json":{"title":"Unisciti alla preghiera - Ebenezer Operation Exodus","robots":{"index":"index","follow":"follow","max-snippet":"max-snippet:-1","max-image-preview":"max-image-preview:large","max-video-preview":"max-video-preview:-1"},"canonical":"https:\/\/ebenezer-oe.org\/it\/collabora-con-noi\/unisciti-alla-preghiera\/","og_locale":"it_IT","og_type":"article","og_title":"Unisciti alla preghiera - Ebenezer Operation Exodus","og_description":"Unisciti alla preghiera Il nostro ministero \u00e8 nato in preghiera e le nostre guide sentono che la preghiera deve essere il fondamento di tutte le nostre attivit\u00e0 . &#8220;Sulle tue mura, Gerusalemme, io ho posto delle sentinelle; non taceranno mai, n\u00e9 giorno n\u00e9 notte. Voi che destate il ricordo del SIGNORE, non abbiate riposo, non&hellip;","og_url":"https:\/\/ebenezer-oe.org\/it\/collabora-con-noi\/unisciti-alla-preghiera\/","og_site_name":"Ebenezer Operation Exodus","article_publisher":"https:\/\/www.facebook.com\/EbenezerInt","article_modified_time":"2023-07-25T13:43:24+00:00","og_image":[{"url":"https:\/\/ebenezeroe.wpengine.com\/wp-content\/uploads\/2021\/05\/Untitled-design-39.png","type":"","width":"","height":""}],"twitter_card":"summary_large_image","twitter_misc":{"Tempo di lettura stimato":"3 minuti"},"schema":{"@context":"https:\/\/schema.org","@graph":[{"@type":"WebPage","@id":"https:\/\/ebenezer-oe.org\/it\/collabora-con-noi\/unisciti-alla-preghiera\/","url":"https:\/\/ebenezer-oe.org\/it\/collabora-con-noi\/unisciti-alla-preghiera\/","name":"Unisciti alla preghiera - Ebenezer Operation Exodus","isPartOf":{"@id":"https:\/\/ebenezer-oe.org\/#website"},"primaryImageOfPage":{"@id":"https:\/\/ebenezer-oe.org\/it\/collabora-con-noi\/unisciti-alla-preghiera\/#primaryimage"},"image":{"@id":"https:\/\/ebenezer-oe.org\/it\/collabora-con-noi\/unisciti-alla-preghiera\/#primaryimage"},"thumbnailUrl":"https:\/\/ebenezeroe.wpengine.com\/wp-content\/uploads\/2021\/05\/Untitled-design-39.png","datePublished":"2021-07-15T08:36:34+00:00","dateModified":"2023-07-25T13:43:24+00:00","breadcrumb":{"@id":"https:\/\/ebenezer-oe.org\/it\/collabora-con-noi\/unisciti-alla-preghiera\/#breadcrumb"},"inLanguage":"it-IT","potentialAction":[{"@type":"ReadAction","target":["https:\/\/ebenezer-oe.org\/it\/collabora-con-noi\/unisciti-alla-preghiera\/"]}]},{"@type":"ImageObject","inLanguage":"it-IT","@id":"https:\/\/ebenezer-oe.org\/it\/collabora-con-noi\/unisciti-alla-preghiera\/#primaryimage","url":"https:\/\/ebenezeroe.wpengine.com\/wp-content\/uploads\/2021\/05\/Untitled-design-39.png","contentUrl":"https:\/\/ebenezeroe.wpengine.com\/wp-content\/uploads\/2021\/05\/Untitled-design-39.png"},{"@type":"BreadcrumbList","@id":"https:\/\/ebenezer-oe.org\/it\/collabora-con-noi\/unisciti-alla-preghiera\/#breadcrumb","itemListElement":[{"@type":"ListItem","position":1,"name":"Home","item":"https:\/\/ebenezer-oe.org\/it\/"},{"@type":"ListItem","position":2,"name":"Collabora con noi","item":"https:\/\/ebenezer-oe.org\/it\/collabora-con-noi\/"},{"@type":"ListItem","position":3,"name":"Unisciti alla preghiera"}]},{"@type":"WebSite","@id":"https:\/\/ebenezer-oe.org\/#website","url":"https:\/\/ebenezer-oe.org\/","name":"Ebenezer - Operation Exodus","description":"","publisher":{"@id":"https:\/\/ebenezer-oe.org\/#organization"},"potentialAction":[{"@type":"SearchAction","target":{"@type":"EntryPoint","urlTemplate":"https:\/\/ebenezer-oe.org\/?s={search_term_string}"},"query-input":{"@type":"PropertyValueSpecification","valueRequired":true,"valueName":"search_term_string"}}],"inLanguage":"it-IT"},{"@type":"Organization","@id":"https:\/\/ebenezer-oe.org\/#organization","name":"Ebenezer - Operation Exodus","url":"https:\/\/ebenezer-oe.org\/","logo":{"@type":"ImageObject","inLanguage":"it-IT","@id":"https:\/\/ebenezer-oe.org\/#\/schema\/logo\/image\/","url":"https:\/\/ebenezeroe.wpengine.com\/wp-content\/uploads\/2020\/09\/Logo_EOE_EN_Colour-Horizontal.png","contentUrl":"https:\/\/ebenezeroe.wpengine.com\/wp-content\/uploads\/2020\/09\/Logo_EOE_EN_Colour-Horizontal.png","width":1922,"height":928,"caption":"Ebenezer - Operation Exodus"},"image":{"@id":"https:\/\/ebenezer-oe.org\/#\/schema\/logo\/image\/"},"sameAs":["https:\/\/www.facebook.com\/EbenezerInt","https:\/\/www.instagram.com\/ebenezer_oe_eng\/","https:\/\/www.youtube.com\/channel\/UC6qGHrKKeamFVz95Vd8LR1g"]}]}},"_links":{"self":[{"href":"https:\/\/ebenezer-oe.org\/it\/wp-json\/wp\/v2\/pages\/4986","targetHints":{"allow":["GET"]}}],"collection":[{"href":"https:\/\/ebenezer-oe.org\/it\/wp-json\/wp\/v2\/pages"}],"about":[{"href":"https:\/\/ebenezer-oe.org\/it\/wp-json\/wp\/v2\/types\/page"}],"author":[{"embeddable":true,"href":"https:\/\/ebenezer-oe.org\/it\/wp-json\/wp\/v2\/users\/1"}],"replies":[{"embeddable":true,"href":"https:\/\/ebenezer-oe.org\/it\/wp-json\/wp\/v2\/comments?post=4986"}],"version-history":[{"count":0,"href":"https:\/\/ebenezer-oe.org\/it\/wp-json\/wp\/v2\/pages\/4986\/revisions"}],"up":[{"embeddable":true,"href":"https:\/\/ebenezer-oe.org\/it\/wp-json\/wp\/v2\/pages\/4961"}],"wp:attachment":[{"href":"https:\/\/ebenezer-oe.org\/it\/wp-json\/wp\/v2\/media?parent=4986"}],"curies":[{"name":"wp","href":"https:\/\/api.w.org\/{rel}","templated":true}]}}