{"id":5096,"date":"2021-07-15T08:56:09","date_gmt":"2021-07-15T08:56:09","guid":{"rendered":"https:\/\/ebenezer-oe.org\/collabora-con-noi\/offriti-volontario-a\/"},"modified":"2025-12-09T12:43:50","modified_gmt":"2025-12-09T12:43:50","slug":"offriti-volontario-a","status":"publish","type":"page","link":"https:\/\/ebenezer-oe.org\/it\/collabora-con-noi\/offriti-volontario-a\/","title":{"rendered":"Offriti volontario\/a"},"content":{"rendered":"\n<h1>\n\t\t\tOpportunit\u00e0 to volontariato\t<\/h1>\n\t<p><em>&#8220;Come buoni amministratori della svariata grazia di Dio, ciascuno, secondo il dono che ha ricevuto, lo metta a servizio degli altri.&#8221; <\/em><\/p>\n<p><em>(1 Pietro 4:10)<\/em><\/p>\n\t<h2>Abbiamo molte opportunit\u00e0 in diverse parti del mondo per coloro che sono chiamati a servire come volontari &#8230;<\/h2>\n\t<p>Ogni anno, decine di migliaia di ebrei da ogni parte del mondo prendono la radicale decisione di lasciare la loro nazione per trasferirsi in Israele, o &#8216;fare l&#8217;aliya&#8217;, come si dice.<\/p>\n<p>Questo pu\u00f2 essere un processo difficile, soprattutto in alcune parti del mondo. Per assisterli, i nostri volontari sono al loro fianco in molti modi. <\/p>\n\t<p>Scegliere di servire in Ebenezer Operazione Esodo ti dar\u00e0 l&#8217;opportunit\u00e0 di usare i doni e le capacit\u00e0 che Dio ti ha dato per essere coinvolto\/a in prima persona nell&#8217;aliya del popolo ebraico. \u00c8 un momento straordinario e molti hanno scoperto che le loro vite sono cambiate in modi che non avrebbero mai immaginato, anche se spesso bisogna perseverare quando i compiti sono difficili e la sveglia suona ad orari impossibili.<\/p>\n<p>Inoltre, va da s\u00e9 che se sceglierai di servire con noi, dovrai essere capace e determinato\/a a lavorare in gruppo.<\/p>\n<h2>\n\t\t\tTestimonianze:\t<\/h2>\n\t\t\t\t<img decoding=\"async\" data-src=\"https:\/\/ebenezeroe.wpengine.com\/wp-content\/uploads\/2021\/05\/vol-mex-daniela-150x150.jpg\" alt=\"vol-mex-daniela\" itemprop=\"image\" title=\"vol-mex-daniela\" onerror=\"this.style.display='none'\" src=\"data:image\/svg+xml;base64,PHN2ZyB3aWR0aD0iMSIgaGVpZ2h0PSIxIiB4bWxucz0iaHR0cDovL3d3dy53My5vcmcvMjAwMC9zdmciPjwvc3ZnPg==\" class=\"lazyload\" style=\"--smush-placeholder-width: 150px; --smush-placeholder-aspect-ratio: 150\/150;\" \/>\n\t<p>Daniela<\/p>\n\t<p>Volontaria in Argentina<\/p>\n\t<p>&#8220;<i>Ho trascorso 6 mesi nella bellissima Argentina, parlando nelle chiese e con gli ebrei dell&#8217;aliya. Sono cresciuta nella comprensione dell&#8217;amore di Dio per il Suo popolo. Sono messicana, perci\u00f2 ho pensato che andare in una nazione di lingua spagnola sarebbe stato facile. Ci sono state delle sfide, ma mi hanno fatto capire che l&#8217;amore pratico cambia le persone e il Suo amore per il popolo ebraico ha cambiato anche me.&#8221;<\/i><\/p>\n\t\t\t\t<img decoding=\"async\" data-src=\"https:\/\/ebenezeroe.wpengine.com\/wp-content\/uploads\/2021\/05\/vol-scot-guy-150x150.jpg\" alt=\"vol-scot-guy\" itemprop=\"image\" title=\"vol-scot-guy\" onerror=\"this.style.display='none'\" src=\"data:image\/svg+xml;base64,PHN2ZyB3aWR0aD0iMSIgaGVpZ2h0PSIxIiB4bWxucz0iaHR0cDovL3d3dy53My5vcmcvMjAwMC9zdmciPjwvc3ZnPg==\" class=\"lazyload\" style=\"--smush-placeholder-width: 150px; --smush-placeholder-aspect-ratio: 150\/150;\" \/>\n\t<p>Guy<\/p>\n\t<p>Volontario in Ucraina<\/p>\n\t<p>&#8220;<i>Il mio periodo da volontario ha rivelato la santit\u00e0 e le benedizioni spirituali di Dio che possono avvenire attraverso dei gesti pratici, apparentemente ordinari e quotidiani, come aiutare gli ebrei in aeroporto. Lasci un segno negli altri anche solo come strumento del Signore, con cui Lui mostra il Suo amore e il Suo carattere attraverso te e le tue azioni. Anche solo essere &#8216;l\u00ec&#8217; \u00e8 sufficiente al Signore per operare.<\/i>&#8220;<\/p>\n\t\t\t\t<img decoding=\"async\" data-src=\"https:\/\/ebenezeroe.wpengine.com\/wp-content\/uploads\/2021\/05\/vol-fr-sarah-150x150.jpg\" alt=\"vol-fr-sarah\" itemprop=\"image\" title=\"vol-fr-sarah\" onerror=\"this.style.display='none'\" src=\"data:image\/svg+xml;base64,PHN2ZyB3aWR0aD0iMSIgaGVpZ2h0PSIxIiB4bWxucz0iaHR0cDovL3d3dy53My5vcmcvMjAwMC9zdmciPjwvc3ZnPg==\" class=\"lazyload\" style=\"--smush-placeholder-width: 150px; --smush-placeholder-aspect-ratio: 150\/150;\" \/>\n\t<p>Sarah<\/p>\n\t<p>Volontaria in FSU<\/p>\n\t<p>&#8220;<i>Ho sentito una collaboratrice in FSU parlare del suo lavoro con tale gioia che sapevo di dover aiutare! Nonostante le molte domande, sapevo che questo era ci\u00f2 che volevo fare e Dio lo ha confermato. Ogni giorno mi sono sentita pi\u00f9 vicina a Lui. Il mio viaggio mi ha cambiato completamente la vita: Dio \u00e8 diventato la mia priorit\u00e0 e ora, quando leggo la Bibbia, capisco il Suo piano per il popolo ebraico, perch\u00e9 ne sono stata testimone!&#8221;<\/i><\/p>\n<h1>\n\t\t\tCi piacerebbe conoscerti.\t<\/h1>\n\t<p>Se vuoi partecipare e senti che Dio ti sta chiamando a donare del tempo come volontario\/a, ti preghiamo di contattarci. Mandaci una breve testimonianza di come Dio ha parlato al tuo cuore e quali capacit\u00e0 e abilit\u00e0 puoi offrire.<\/p>\n\t\t\t<a href=\"https:\/\/ebenezer-oe.org\/it\/contattaci\/\" target=\"_self\">\n\t\t\t\t\t\t\tOffriti volontario\/a\n\t\t\t\t\t<\/a>\n\t<p>(Purtroppo, a causa delle restrizioni imposte dalla pandemia di Covid-19, inizialmente potremo soltanto offrirti un posto nella tua nazione, ma speriamo che questa circostanza cambi al pi\u00f9 presto. Ti preghiamo di verificare la situazione attuale con noi al momento in cui <a href=\"https:\/\/ebenezeroe.wpengine.com\/it\/contattaci\/\">ci contatterai.<\/a>)<\/p>\n\n","protected":false},"excerpt":{"rendered":"<p>Opportunit\u00e0 to volontariato &#8220;Come buoni amministratori della svariata grazia di Dio, ciascuno, secondo il dono che ha ricevuto, lo metta a servizio degli altri.&#8221; (1 Pietro 4:10) Abbiamo molte opportunit\u00e0 in diverse parti del mondo per coloro che sono chiamati a servire come volontari &#8230; Ogni anno, decine di migliaia di ebrei da ogni parte&hellip;<\/p>\n","protected":false},"author":1,"featured_media":0,"parent":4961,"menu_order":2,"comment_status":"closed","ping_status":"closed","template":"","meta":{"footnotes":""},"class_list":["post-5096","page","type-page","status-publish","hentry"],"yoast_head":"<!-- This site is optimized with the Yoast SEO plugin v27.2 - https:\/\/yoast.com\/product\/yoast-seo-wordpress\/ -->\n<title>Offriti volontario\/a - Ebenezer Operation Exodus<\/title>\n<meta name=\"robots\" content=\"index, follow, max-snippet:-1, max-image-preview:large, max-video-preview:-1\" \/>\n<link rel=\"canonical\" href=\"https:\/\/ebenezer-oe.org\/it\/collabora-con-noi\/offriti-volontario-a\/\" \/>\n<meta property=\"og:locale\" content=\"it_IT\" \/>\n<meta property=\"og:type\" content=\"article\" \/>\n<meta property=\"og:title\" content=\"Offriti volontario\/a - Ebenezer Operation Exodus\" \/>\n<meta property=\"og:description\" content=\"Opportunit\u00e0 to volontariato &#8220;Come buoni amministratori della svariata grazia di Dio, ciascuno, secondo il dono che ha ricevuto, lo metta a servizio degli altri.&#8221; (1 Pietro 4:10) Abbiamo molte opportunit\u00e0 in diverse parti del mondo per coloro che sono chiamati a servire come volontari &#8230; Ogni anno, decine di migliaia di ebrei da ogni parte&hellip;\" \/>\n<meta property=\"og:url\" content=\"https:\/\/ebenezer-oe.org\/it\/collabora-con-noi\/offriti-volontario-a\/\" \/>\n<meta property=\"og:site_name\" content=\"Ebenezer Operation Exodus\" \/>\n<meta property=\"article:publisher\" content=\"https:\/\/www.facebook.com\/EbenezerInt\" \/>\n<meta property=\"article:modified_time\" content=\"2025-12-09T12:43:50+00:00\" \/>\n<meta property=\"og:image\" content=\"https:\/\/ebenezeroe.wpengine.com\/wp-content\/uploads\/2021\/05\/vol-mex-daniela-150x150.jpg\" \/>\n<meta name=\"twitter:card\" content=\"summary_large_image\" \/>\n<meta name=\"twitter:label1\" content=\"Tempo di lettura stimato\" \/>\n\t<meta name=\"twitter:data1\" content=\"3 minuti\" \/>\n<script type=\"application\/ld+json\" class=\"yoast-schema-graph\">{\"@context\":\"https:\/\/schema.org\",\"@graph\":[{\"@type\":\"WebPage\",\"@id\":\"https:\/\/ebenezer-oe.org\/it\/collabora-con-noi\/offriti-volontario-a\/\",\"url\":\"https:\/\/ebenezer-oe.org\/it\/collabora-con-noi\/offriti-volontario-a\/\",\"name\":\"Offriti volontario\/a - Ebenezer Operation Exodus\",\"isPartOf\":{\"@id\":\"https:\/\/ebenezer-oe.org\/#website\"},\"primaryImageOfPage\":{\"@id\":\"https:\/\/ebenezer-oe.org\/it\/collabora-con-noi\/offriti-volontario-a\/#primaryimage\"},\"image\":{\"@id\":\"https:\/\/ebenezer-oe.org\/it\/collabora-con-noi\/offriti-volontario-a\/#primaryimage\"},\"thumbnailUrl\":\"https:\/\/ebenezeroe.wpengine.com\/wp-content\/uploads\/2021\/05\/vol-mex-daniela-150x150.jpg\",\"datePublished\":\"2021-07-15T08:56:09+00:00\",\"dateModified\":\"2025-12-09T12:43:50+00:00\",\"breadcrumb\":{\"@id\":\"https:\/\/ebenezer-oe.org\/it\/collabora-con-noi\/offriti-volontario-a\/#breadcrumb\"},\"inLanguage\":\"it-IT\",\"potentialAction\":[{\"@type\":\"ReadAction\",\"target\":[\"https:\/\/ebenezer-oe.org\/it\/collabora-con-noi\/offriti-volontario-a\/\"]}]},{\"@type\":\"ImageObject\",\"inLanguage\":\"it-IT\",\"@id\":\"https:\/\/ebenezer-oe.org\/it\/collabora-con-noi\/offriti-volontario-a\/#primaryimage\",\"url\":\"https:\/\/ebenezeroe.wpengine.com\/wp-content\/uploads\/2021\/05\/vol-mex-daniela-150x150.jpg\",\"contentUrl\":\"https:\/\/ebenezeroe.wpengine.com\/wp-content\/uploads\/2021\/05\/vol-mex-daniela-150x150.jpg\"},{\"@type\":\"BreadcrumbList\",\"@id\":\"https:\/\/ebenezer-oe.org\/it\/collabora-con-noi\/offriti-volontario-a\/#breadcrumb\",\"itemListElement\":[{\"@type\":\"ListItem\",\"position\":1,\"name\":\"Home\",\"item\":\"https:\/\/ebenezer-oe.org\/it\/\"},{\"@type\":\"ListItem\",\"position\":2,\"name\":\"Collabora con noi\",\"item\":\"https:\/\/ebenezer-oe.org\/it\/collabora-con-noi\/\"},{\"@type\":\"ListItem\",\"position\":3,\"name\":\"Offriti volontario\/a\"}]},{\"@type\":\"WebSite\",\"@id\":\"https:\/\/ebenezer-oe.org\/#website\",\"url\":\"https:\/\/ebenezer-oe.org\/\",\"name\":\"Ebenezer - Operation Exodus\",\"description\":\"\",\"publisher\":{\"@id\":\"https:\/\/ebenezer-oe.org\/#organization\"},\"potentialAction\":[{\"@type\":\"SearchAction\",\"target\":{\"@type\":\"EntryPoint\",\"urlTemplate\":\"https:\/\/ebenezer-oe.org\/?s={search_term_string}\"},\"query-input\":{\"@type\":\"PropertyValueSpecification\",\"valueRequired\":true,\"valueName\":\"search_term_string\"}}],\"inLanguage\":\"it-IT\"},{\"@type\":\"Organization\",\"@id\":\"https:\/\/ebenezer-oe.org\/#organization\",\"name\":\"Ebenezer - Operation Exodus\",\"url\":\"https:\/\/ebenezer-oe.org\/\",\"logo\":{\"@type\":\"ImageObject\",\"inLanguage\":\"it-IT\",\"@id\":\"https:\/\/ebenezer-oe.org\/#\/schema\/logo\/image\/\",\"url\":\"https:\/\/ebenezeroe.wpengine.com\/wp-content\/uploads\/2020\/09\/Logo_EOE_EN_Colour-Horizontal.png\",\"contentUrl\":\"https:\/\/ebenezeroe.wpengine.com\/wp-content\/uploads\/2020\/09\/Logo_EOE_EN_Colour-Horizontal.png\",\"width\":1922,\"height\":928,\"caption\":\"Ebenezer - Operation Exodus\"},\"image\":{\"@id\":\"https:\/\/ebenezer-oe.org\/#\/schema\/logo\/image\/\"},\"sameAs\":[\"https:\/\/www.facebook.com\/EbenezerInt\",\"https:\/\/www.instagram.com\/ebenezer_oe_eng\/\",\"https:\/\/www.youtube.com\/channel\/UC6qGHrKKeamFVz95Vd8LR1g\"]}]}<\/script>\n<!-- \/ Yoast SEO plugin. -->","yoast_head_json":{"title":"Offriti volontario\/a - Ebenezer Operation Exodus","robots":{"index":"index","follow":"follow","max-snippet":"max-snippet:-1","max-image-preview":"max-image-preview:large","max-video-preview":"max-video-preview:-1"},"canonical":"https:\/\/ebenezer-oe.org\/it\/collabora-con-noi\/offriti-volontario-a\/","og_locale":"it_IT","og_type":"article","og_title":"Offriti volontario\/a - Ebenezer Operation Exodus","og_description":"Opportunit\u00e0 to volontariato &#8220;Come buoni amministratori della svariata grazia di Dio, ciascuno, secondo il dono che ha ricevuto, lo metta a servizio degli altri.&#8221; (1 Pietro 4:10) Abbiamo molte opportunit\u00e0 in diverse parti del mondo per coloro che sono chiamati a servire come volontari &#8230; Ogni anno, decine di migliaia di ebrei da ogni parte&hellip;","og_url":"https:\/\/ebenezer-oe.org\/it\/collabora-con-noi\/offriti-volontario-a\/","og_site_name":"Ebenezer Operation Exodus","article_publisher":"https:\/\/www.facebook.com\/EbenezerInt","article_modified_time":"2025-12-09T12:43:50+00:00","og_image":[{"url":"https:\/\/ebenezeroe.wpengine.com\/wp-content\/uploads\/2021\/05\/vol-mex-daniela-150x150.jpg","type":"","width":"","height":""}],"twitter_card":"summary_large_image","twitter_misc":{"Tempo di lettura stimato":"3 minuti"},"schema":{"@context":"https:\/\/schema.org","@graph":[{"@type":"WebPage","@id":"https:\/\/ebenezer-oe.org\/it\/collabora-con-noi\/offriti-volontario-a\/","url":"https:\/\/ebenezer-oe.org\/it\/collabora-con-noi\/offriti-volontario-a\/","name":"Offriti volontario\/a - Ebenezer Operation Exodus","isPartOf":{"@id":"https:\/\/ebenezer-oe.org\/#website"},"primaryImageOfPage":{"@id":"https:\/\/ebenezer-oe.org\/it\/collabora-con-noi\/offriti-volontario-a\/#primaryimage"},"image":{"@id":"https:\/\/ebenezer-oe.org\/it\/collabora-con-noi\/offriti-volontario-a\/#primaryimage"},"thumbnailUrl":"https:\/\/ebenezeroe.wpengine.com\/wp-content\/uploads\/2021\/05\/vol-mex-daniela-150x150.jpg","datePublished":"2021-07-15T08:56:09+00:00","dateModified":"2025-12-09T12:43:50+00:00","breadcrumb":{"@id":"https:\/\/ebenezer-oe.org\/it\/collabora-con-noi\/offriti-volontario-a\/#breadcrumb"},"inLanguage":"it-IT","potentialAction":[{"@type":"ReadAction","target":["https:\/\/ebenezer-oe.org\/it\/collabora-con-noi\/offriti-volontario-a\/"]}]},{"@type":"ImageObject","inLanguage":"it-IT","@id":"https:\/\/ebenezer-oe.org\/it\/collabora-con-noi\/offriti-volontario-a\/#primaryimage","url":"https:\/\/ebenezeroe.wpengine.com\/wp-content\/uploads\/2021\/05\/vol-mex-daniela-150x150.jpg","contentUrl":"https:\/\/ebenezeroe.wpengine.com\/wp-content\/uploads\/2021\/05\/vol-mex-daniela-150x150.jpg"},{"@type":"BreadcrumbList","@id":"https:\/\/ebenezer-oe.org\/it\/collabora-con-noi\/offriti-volontario-a\/#breadcrumb","itemListElement":[{"@type":"ListItem","position":1,"name":"Home","item":"https:\/\/ebenezer-oe.org\/it\/"},{"@type":"ListItem","position":2,"name":"Collabora con noi","item":"https:\/\/ebenezer-oe.org\/it\/collabora-con-noi\/"},{"@type":"ListItem","position":3,"name":"Offriti volontario\/a"}]},{"@type":"WebSite","@id":"https:\/\/ebenezer-oe.org\/#website","url":"https:\/\/ebenezer-oe.org\/","name":"Ebenezer - Operation Exodus","description":"","publisher":{"@id":"https:\/\/ebenezer-oe.org\/#organization"},"potentialAction":[{"@type":"SearchAction","target":{"@type":"EntryPoint","urlTemplate":"https:\/\/ebenezer-oe.org\/?s={search_term_string}"},"query-input":{"@type":"PropertyValueSpecification","valueRequired":true,"valueName":"search_term_string"}}],"inLanguage":"it-IT"},{"@type":"Organization","@id":"https:\/\/ebenezer-oe.org\/#organization","name":"Ebenezer - Operation Exodus","url":"https:\/\/ebenezer-oe.org\/","logo":{"@type":"ImageObject","inLanguage":"it-IT","@id":"https:\/\/ebenezer-oe.org\/#\/schema\/logo\/image\/","url":"https:\/\/ebenezeroe.wpengine.com\/wp-content\/uploads\/2020\/09\/Logo_EOE_EN_Colour-Horizontal.png","contentUrl":"https:\/\/ebenezeroe.wpengine.com\/wp-content\/uploads\/2020\/09\/Logo_EOE_EN_Colour-Horizontal.png","width":1922,"height":928,"caption":"Ebenezer - Operation Exodus"},"image":{"@id":"https:\/\/ebenezer-oe.org\/#\/schema\/logo\/image\/"},"sameAs":["https:\/\/www.facebook.com\/EbenezerInt","https:\/\/www.instagram.com\/ebenezer_oe_eng\/","https:\/\/www.youtube.com\/channel\/UC6qGHrKKeamFVz95Vd8LR1g"]}]}},"_links":{"self":[{"href":"https:\/\/ebenezer-oe.org\/it\/wp-json\/wp\/v2\/pages\/5096","targetHints":{"allow":["GET"]}}],"collection":[{"href":"https:\/\/ebenezer-oe.org\/it\/wp-json\/wp\/v2\/pages"}],"about":[{"href":"https:\/\/ebenezer-oe.org\/it\/wp-json\/wp\/v2\/types\/page"}],"author":[{"embeddable":true,"href":"https:\/\/ebenezer-oe.org\/it\/wp-json\/wp\/v2\/users\/1"}],"replies":[{"embeddable":true,"href":"https:\/\/ebenezer-oe.org\/it\/wp-json\/wp\/v2\/comments?post=5096"}],"version-history":[{"count":0,"href":"https:\/\/ebenezer-oe.org\/it\/wp-json\/wp\/v2\/pages\/5096\/revisions"}],"up":[{"embeddable":true,"href":"https:\/\/ebenezer-oe.org\/it\/wp-json\/wp\/v2\/pages\/4961"}],"wp:attachment":[{"href":"https:\/\/ebenezer-oe.org\/it\/wp-json\/wp\/v2\/media?parent=5096"}],"curies":[{"name":"wp","href":"https:\/\/api.w.org\/{rel}","templated":true}]}}