{"id":2389,"date":"2021-07-06T15:45:14","date_gmt":"2021-07-06T15:45:14","guid":{"rendered":"https:\/\/ebenezer-oe.org\/over-ons\/"},"modified":"2023-07-25T12:58:00","modified_gmt":"2023-07-25T12:58:00","slug":"over-ons","status":"publish","type":"page","link":"https:\/\/ebenezer-oe.org\/nl\/over-ons\/","title":{"rendered":"Over ons"},"content":{"rendered":"\n<h2>\n\t\tWie Zijn Wij\n\t<\/h2>\n\t<p>Onze visie is om dienaren en voorbidders van de HEER te zijn, om het Joodse volk vanuit alle naties te helpen terug te keren naar het Land van Isra\u00ebl, en Gods Koninkrijks bedoelingen voor hun terugkeer te proclameren.<\/p>\n\t\t\t\t\t<a href=\"#\" id=\"fl-accordion--label-0\" tabindex=\"0\" aria-controls=\"fl-accordion--panel-0\">Lees onze geloofsbelijdenis<\/a>\n\t\t\t\t\t\t\t\t\t\t\t<a href=\"#\" id=\"fl-accordion--icon-0\" tabindex=\"0\" aria-controls=\"fl-accordion--panel-0\"><i>Expand<\/i><\/a>\n\t\t\t\t\t<p><strong>WIJ GELOVEN:<\/strong><\/p>\n<ul>\n<li>In \u00e9\u00e9n God bestaande uit Vader, Zoon en Heilige Geest. <em>Markus 12:29, Matthe\u00fcs 28:19<\/em><\/li>\n<li>Jezus is de eniggeboren zoon van God de Vader.<em> Psalm 2:7, Johannes 3:16<\/em><\/li>\n<li>Redding (rechtvaardiging) is door geloof in het verzoenend offer van Jezus Christus <em>Efeze 2:8, Lucas 24:46-47<\/em><\/li>\n<li>De heilige Geest woont in alle gelovigen en geeft de kracht om te dienen. <em>Johannes 14:23b, Handelingen 1:8<\/em><\/li>\n<li>De Schrift is door God ge\u00efnspireerd. <em>2 Timothe\u00fcs 3:16-17<\/em><\/li>\n<li>De Kerk, het lichaam van de Messias, bestaat uit alle gelovigen, geboren uit de Geest van God door genade, door het geloof in Jezus Christus. <em>Efeze 2: 8, 13-22<\/em><\/li>\n<li>God heeft een profetisch, geestelijk doel voor de terugkeer van het Joodse volk naar Het Land dat Hij hun heeft beloofd.<em> Jeremia 32:37-41, Ezechi\u00ebl 37:14<\/em><\/li>\n<li>Jezus zal op een dag lichamelijk terugkeren naar de aarde en regeren vanuit Jeruzalem. <em>Zacharia 14:4, Handelingen 1:11<\/em><\/li>\n<\/ul>\n\t\t\t\t<a href=\"https:\/\/ebenezer-oe.org\/nl\/over-ons\/onze-geschiedenis\/\" target=\"_self\" itemprop=\"url\" rel=\"noopener\">\n\t\t\t\t<img decoding=\"async\" data-src=\"https:\/\/ebenezer-oe.org\/wp-content\/uploads\/2021\/04\/Untitled-design-27.png\" alt=\"Untitled design-27\" itemprop=\"image\" height=\"800\" width=\"1200\" title=\"Untitled design-27\" onerror=\"this.style.display='none'\" src=\"data:image\/svg+xml;base64,PHN2ZyB3aWR0aD0iMSIgaGVpZ2h0PSIxIiB4bWxucz0iaHR0cDovL3d3dy53My5vcmcvMjAwMC9zdmciPjwvc3ZnPg==\" class=\"lazyload\" style=\"--smush-placeholder-width: 1200px; --smush-placeholder-aspect-ratio: 1200\/800;\" \/>\n\t\t\t\t<\/a>\n<h3>\n\t\t<a href=\"https:\/\/ebenezeroe.wpengine.com\/nl\/over-ons\/onze-geschiedenis\/\" title=\"Onze Geschiedenis\" target=\"_self\" rel=\"noopener\">\n\t\tOnze Geschiedenis\n\t\t<\/a>\n\t<\/h3>\n\t<p>Onze bediening is ontstaan tijdens een gebedsconferentie in Jeruzalem gedurende de Golfoorlog in 1991. De leiding van de conferentie voelde dat God zei dat het nu tijd was om het Joodse volk te helpen naar huis te gaan.<\/p>\n<p>Dit is hoe de bediening is begonnen en het is doorgegaan&#8230;<\/p>\n\t\t\t<a href=\"https:\/\/ebenezer-oe.org\/nl\/over-ons\/onze-geschiedenis\/\" target=\"_self\" rel=\"noopener\">\n\t\t\t\t\t\t\tOntdek meer\n\t\t\t\t\t<\/a>\n\t\t\t\t<a href=\"https:\/\/ebenezer-oe.org\/nl\/over-ons\/waarom-alijah\/\" target=\"_self\" itemprop=\"url\" rel=\"noopener\">\n\t\t\t\t<img decoding=\"async\" data-src=\"https:\/\/ebenezer-oe.org\/wp-content\/uploads\/2021\/02\/BringingHisPeopleHome-opt.png\" alt=\"BringingHisPeopleHome-opt\" itemprop=\"image\" height=\"800\" width=\"1200\" title=\"BringingHisPeopleHome-opt\" onerror=\"this.style.display='none'\" src=\"data:image\/svg+xml;base64,PHN2ZyB3aWR0aD0iMSIgaGVpZ2h0PSIxIiB4bWxucz0iaHR0cDovL3d3dy53My5vcmcvMjAwMC9zdmciPjwvc3ZnPg==\" class=\"lazyload\" style=\"--smush-placeholder-width: 1200px; --smush-placeholder-aspect-ratio: 1200\/800;\" \/>\n\t\t\t\t<\/a>\n<h4>\n\t\t<a href=\"https:\/\/ebenezeroe.wpengine.com\/nl\/over-ons\/waarom-alijah\/\" title=\"Waarom Alijah?\" target=\"_self\" rel=\"noopener\">\n\t\tWaarom Alijah?\n\t\t<\/a>\n\t<\/h4>\n\t<p>Alijah is de terugkeer van het Joodse volk naar een land waarvan ze zo&#8217;n tweeduizend jaar geleden werden gescheiden. Sindsdien wordt deze hoop en droom elk jaar tot uitdrukking gebracht in de Pesach verklaring: &#8220;Volgend jaar in Jeruzalem&#8221;. <\/p>\n<p>Wij zijn geroepen om te helpen om verschillende redenen&#8230;<\/p>\n\t\t\t<a href=\"https:\/\/ebenezer-oe.org\/nl\/over-ons\/waarom-alijah\/\" target=\"_self\" rel=\"noopener\">\n\t\t\t\t\t\t\tOntdek meer\n\t\t\t\t\t<\/a>\n\t\t\t\t<a href=\"https:\/\/ebenezer-oe.org\/nl\/over-ons\/fundament-van-gebed\/\" target=\"_self\" itemprop=\"url\" rel=\"noopener\">\n\t\t\t\t<img decoding=\"async\" data-src=\"https:\/\/ebenezer-oe.org\/wp-content\/uploads\/2021\/02\/Gebet-als-Grundlage-opt.png\" alt=\"Gebet-als-Grundlage-opt\" itemprop=\"image\" height=\"800\" width=\"1200\" title=\"Gebet-als-Grundlage-opt\" onerror=\"this.style.display='none'\" src=\"data:image\/svg+xml;base64,PHN2ZyB3aWR0aD0iMSIgaGVpZ2h0PSIxIiB4bWxucz0iaHR0cDovL3d3dy53My5vcmcvMjAwMC9zdmciPjwvc3ZnPg==\" class=\"lazyload\" style=\"--smush-placeholder-width: 1200px; --smush-placeholder-aspect-ratio: 1200\/800;\" \/>\n\t\t\t\t<\/a>\n<h3>\n\t\t<a href=\"https:\/\/ebenezeroe.wpengine.com\/nl\/over-ons\/fundament-van-gebed\/\" title=\"Fundament Van Gebed\" target=\"_self\" rel=\"noopener\">\n\t\tFundament Van Gebed\n\t\t<\/a>\n\t<\/h3>\n\t<p>Wij zijn geboren uit gebed en de leiding vindt dat gebed de basis moet zijn van al onze activiteiten&#8230;<\/p>\n\t\t\t<a href=\"https:\/\/ebenezer-oe.org\/nl\/over-ons\/fundament-van-gebed\/\" target=\"_self\" rel=\"noopener\">\n\t\t\t\t\t\t\tOntdek meer\n\t\t\t\t\t<\/a>\n\t\t\t\t<a href=\"https:\/\/ebenezer-oe.org\/nl\/over-ons\/ons-werk\/\" target=\"_self\" itemprop=\"url\" rel=\"noopener\">\n\t\t\t\t<img decoding=\"async\" data-src=\"https:\/\/ebenezer-oe.org\/wp-content\/uploads\/2021\/02\/haifa-house.png\" alt=\"haifa-house\" itemprop=\"image\" height=\"800\" width=\"1200\" title=\"haifa-house\" onerror=\"this.style.display='none'\" src=\"data:image\/svg+xml;base64,PHN2ZyB3aWR0aD0iMSIgaGVpZ2h0PSIxIiB4bWxucz0iaHR0cDovL3d3dy53My5vcmcvMjAwMC9zdmciPjwvc3ZnPg==\" class=\"lazyload\" style=\"--smush-placeholder-width: 1200px; --smush-placeholder-aspect-ratio: 1200\/800;\" \/>\n\t\t\t\t<\/a>\n<h3>\n\t\t<a href=\"https:\/\/ebenezeroe.wpengine.com\/nl\/over-ons\/ons-werk\/\" title=\"Ons Werk\" target=\"_self\" rel=\"noopener\">\n\t\tOns Werk\n\t\t<\/a>\n\t<\/h3>\n\t<p>Ons werk bestaat het helpen van zoveel mogelijk Joodse mensen om naar Isra\u00ebl te emigreren. Wij bieden ook humanitaire hulp waar nodig, en financi\u00eble en praktische hulp bij het Alijah-proces&#8230;<\/p>\n\t\t\t<a href=\"https:\/\/ebenezer-oe.org\/nl\/over-ons\/ons-werk\/\" target=\"_self\" rel=\"noopener\">\n\t\t\t\t\t\t\tOntdek meer\n\t\t\t\t\t<\/a>\n\t\t\t\t<a href=\"https:\/\/ebenezer-oe.org\/nl\/over-ons\/onderwijs\/\" target=\"_self\" itemprop=\"url\" rel=\"noopener\">\n\t\t\t\t<img decoding=\"async\" data-src=\"https:\/\/ebenezer-oe.org\/wp-content\/uploads\/2021\/02\/28891158955_18d819e8e6_opt.png\" alt=\"28891158955_18d819e8e6_opt\" itemprop=\"image\" height=\"800\" width=\"1200\" title=\"28891158955_18d819e8e6_opt\" onerror=\"this.style.display='none'\" src=\"data:image\/svg+xml;base64,PHN2ZyB3aWR0aD0iMSIgaGVpZ2h0PSIxIiB4bWxucz0iaHR0cDovL3d3dy53My5vcmcvMjAwMC9zdmciPjwvc3ZnPg==\" class=\"lazyload\" style=\"--smush-placeholder-width: 1200px; --smush-placeholder-aspect-ratio: 1200\/800;\" \/>\n\t\t\t\t<\/a>\n<h3>\n\t\t<a href=\"https:\/\/ebenezeroe.wpengine.com\/nl\/over-ons\/onderwijs\/\" title=\"Onderwijs\" target=\"_self\" rel=\"noopener\">\n\t\tOnderwijs\n\t\t<\/a>\n\t<\/h3>\n\t<p>E\u00e9n van onze doelen is om in de Kerk begrip te kweken voor de betekenis van het Joodse volk in Gods eeuwige doeleinden&#8230;.<\/p>\n\t\t\t<a href=\"https:\/\/ebenezer-oe.org\/nl\/over-ons\/onderwijs\/\" target=\"_self\" rel=\"noopener\">\n\t\t\t\t\t\t\tOntdek meer\n\t\t\t\t\t<\/a>\n\n","protected":false},"excerpt":{"rendered":"<p>Wie Zijn Wij Onze visie is om dienaren en voorbidders van de HEER te zijn, om het Joodse volk vanuit alle naties te helpen terug te keren naar het Land van Isra\u00ebl, en Gods Koninkrijks bedoelingen voor hun terugkeer te proclameren. Lees onze geloofsbelijdenis Expand WIJ GELOVEN: In \u00e9\u00e9n God bestaande uit Vader, Zoon en&hellip;<\/p>\n","protected":false},"author":1,"featured_media":0,"parent":0,"menu_order":0,"comment_status":"closed","ping_status":"closed","template":"","meta":{"footnotes":""},"class_list":["post-2389","page","type-page","status-publish","hentry"],"yoast_head":"<!-- This site is optimized with the Yoast SEO plugin v27.2 - https:\/\/yoast.com\/product\/yoast-seo-wordpress\/ -->\n<title>Over ons - Ebenezer Operation Exodus<\/title>\n<meta name=\"robots\" content=\"index, follow, max-snippet:-1, max-image-preview:large, max-video-preview:-1\" \/>\n<link rel=\"canonical\" href=\"https:\/\/ebenezer-oe.org\/nl\/over-ons\/\" \/>\n<meta property=\"og:locale\" content=\"nl_NL\" \/>\n<meta property=\"og:type\" content=\"article\" \/>\n<meta property=\"og:title\" content=\"Over ons - Ebenezer Operation Exodus\" \/>\n<meta property=\"og:description\" content=\"Wie Zijn Wij Onze visie is om dienaren en voorbidders van de HEER te zijn, om het Joodse volk vanuit alle naties te helpen terug te keren naar het Land van Isra\u00ebl, en Gods Koninkrijks bedoelingen voor hun terugkeer te proclameren. Lees onze geloofsbelijdenis Expand WIJ GELOVEN: In \u00e9\u00e9n God bestaande uit Vader, Zoon en&hellip;\" \/>\n<meta property=\"og:url\" content=\"https:\/\/ebenezer-oe.org\/nl\/over-ons\/\" \/>\n<meta property=\"og:site_name\" content=\"Ebenezer Operation Exodus\" \/>\n<meta property=\"article:publisher\" content=\"https:\/\/www.facebook.com\/EbenezerInt\" \/>\n<meta property=\"article:modified_time\" content=\"2023-07-25T12:58:00+00:00\" \/>\n<meta property=\"og:image\" content=\"https:\/\/ebenezer-oe.org\/wp-content\/uploads\/2021\/04\/Untitled-design-27.png\" \/>\n<meta name=\"twitter:card\" content=\"summary_large_image\" \/>\n<meta name=\"twitter:label1\" content=\"Geschatte leestijd\" \/>\n\t<meta name=\"twitter:data1\" content=\"2 minuten\" \/>\n<script type=\"application\/ld+json\" class=\"yoast-schema-graph\">{\"@context\":\"https:\/\/schema.org\",\"@graph\":[{\"@type\":\"WebPage\",\"@id\":\"https:\/\/ebenezer-oe.org\/nl\/over-ons\/\",\"url\":\"https:\/\/ebenezer-oe.org\/nl\/over-ons\/\",\"name\":\"Over ons - Ebenezer Operation Exodus\",\"isPartOf\":{\"@id\":\"https:\/\/ebenezer-oe.org\/#website\"},\"primaryImageOfPage\":{\"@id\":\"https:\/\/ebenezer-oe.org\/nl\/over-ons\/#primaryimage\"},\"image\":{\"@id\":\"https:\/\/ebenezer-oe.org\/nl\/over-ons\/#primaryimage\"},\"thumbnailUrl\":\"https:\/\/ebenezer-oe.org\/wp-content\/uploads\/2021\/04\/Untitled-design-27.png\",\"datePublished\":\"2021-07-06T15:45:14+00:00\",\"dateModified\":\"2023-07-25T12:58:00+00:00\",\"breadcrumb\":{\"@id\":\"https:\/\/ebenezer-oe.org\/nl\/over-ons\/#breadcrumb\"},\"inLanguage\":\"nl-NL\",\"potentialAction\":[{\"@type\":\"ReadAction\",\"target\":[\"https:\/\/ebenezer-oe.org\/nl\/over-ons\/\"]}]},{\"@type\":\"ImageObject\",\"inLanguage\":\"nl-NL\",\"@id\":\"https:\/\/ebenezer-oe.org\/nl\/over-ons\/#primaryimage\",\"url\":\"https:\/\/ebenezer-oe.org\/wp-content\/uploads\/2021\/04\/Untitled-design-27.png\",\"contentUrl\":\"https:\/\/ebenezer-oe.org\/wp-content\/uploads\/2021\/04\/Untitled-design-27.png\"},{\"@type\":\"BreadcrumbList\",\"@id\":\"https:\/\/ebenezer-oe.org\/nl\/over-ons\/#breadcrumb\",\"itemListElement\":[{\"@type\":\"ListItem\",\"position\":1,\"name\":\"Home\",\"item\":\"https:\/\/ebenezer-oe.org\/nl\/\"},{\"@type\":\"ListItem\",\"position\":2,\"name\":\"Over ons\"}]},{\"@type\":\"WebSite\",\"@id\":\"https:\/\/ebenezer-oe.org\/#website\",\"url\":\"https:\/\/ebenezer-oe.org\/\",\"name\":\"Ebenezer - Operation Exodus\",\"description\":\"\",\"publisher\":{\"@id\":\"https:\/\/ebenezer-oe.org\/#organization\"},\"potentialAction\":[{\"@type\":\"SearchAction\",\"target\":{\"@type\":\"EntryPoint\",\"urlTemplate\":\"https:\/\/ebenezer-oe.org\/?s={search_term_string}\"},\"query-input\":{\"@type\":\"PropertyValueSpecification\",\"valueRequired\":true,\"valueName\":\"search_term_string\"}}],\"inLanguage\":\"nl-NL\"},{\"@type\":\"Organization\",\"@id\":\"https:\/\/ebenezer-oe.org\/#organization\",\"name\":\"Ebenezer - Operation Exodus\",\"url\":\"https:\/\/ebenezer-oe.org\/\",\"logo\":{\"@type\":\"ImageObject\",\"inLanguage\":\"nl-NL\",\"@id\":\"https:\/\/ebenezer-oe.org\/#\/schema\/logo\/image\/\",\"url\":\"https:\/\/ebenezeroe.wpengine.com\/wp-content\/uploads\/2020\/09\/Logo_EOE_EN_Colour-Horizontal.png\",\"contentUrl\":\"https:\/\/ebenezeroe.wpengine.com\/wp-content\/uploads\/2020\/09\/Logo_EOE_EN_Colour-Horizontal.png\",\"width\":1922,\"height\":928,\"caption\":\"Ebenezer - Operation Exodus\"},\"image\":{\"@id\":\"https:\/\/ebenezer-oe.org\/#\/schema\/logo\/image\/\"},\"sameAs\":[\"https:\/\/www.facebook.com\/EbenezerInt\",\"https:\/\/www.instagram.com\/ebenezer_oe_eng\/\",\"https:\/\/www.youtube.com\/channel\/UC6qGHrKKeamFVz95Vd8LR1g\"]}]}<\/script>\n<!-- \/ Yoast SEO plugin. -->","yoast_head_json":{"title":"Over ons - Ebenezer Operation Exodus","robots":{"index":"index","follow":"follow","max-snippet":"max-snippet:-1","max-image-preview":"max-image-preview:large","max-video-preview":"max-video-preview:-1"},"canonical":"https:\/\/ebenezer-oe.org\/nl\/over-ons\/","og_locale":"nl_NL","og_type":"article","og_title":"Over ons - Ebenezer Operation Exodus","og_description":"Wie Zijn Wij Onze visie is om dienaren en voorbidders van de HEER te zijn, om het Joodse volk vanuit alle naties te helpen terug te keren naar het Land van Isra\u00ebl, en Gods Koninkrijks bedoelingen voor hun terugkeer te proclameren. Lees onze geloofsbelijdenis Expand WIJ GELOVEN: In \u00e9\u00e9n God bestaande uit Vader, Zoon en&hellip;","og_url":"https:\/\/ebenezer-oe.org\/nl\/over-ons\/","og_site_name":"Ebenezer Operation Exodus","article_publisher":"https:\/\/www.facebook.com\/EbenezerInt","article_modified_time":"2023-07-25T12:58:00+00:00","og_image":[{"url":"https:\/\/ebenezer-oe.org\/wp-content\/uploads\/2021\/04\/Untitled-design-27.png","type":"","width":"","height":""}],"twitter_card":"summary_large_image","twitter_misc":{"Geschatte leestijd":"2 minuten"},"schema":{"@context":"https:\/\/schema.org","@graph":[{"@type":"WebPage","@id":"https:\/\/ebenezer-oe.org\/nl\/over-ons\/","url":"https:\/\/ebenezer-oe.org\/nl\/over-ons\/","name":"Over ons - Ebenezer Operation Exodus","isPartOf":{"@id":"https:\/\/ebenezer-oe.org\/#website"},"primaryImageOfPage":{"@id":"https:\/\/ebenezer-oe.org\/nl\/over-ons\/#primaryimage"},"image":{"@id":"https:\/\/ebenezer-oe.org\/nl\/over-ons\/#primaryimage"},"thumbnailUrl":"https:\/\/ebenezer-oe.org\/wp-content\/uploads\/2021\/04\/Untitled-design-27.png","datePublished":"2021-07-06T15:45:14+00:00","dateModified":"2023-07-25T12:58:00+00:00","breadcrumb":{"@id":"https:\/\/ebenezer-oe.org\/nl\/over-ons\/#breadcrumb"},"inLanguage":"nl-NL","potentialAction":[{"@type":"ReadAction","target":["https:\/\/ebenezer-oe.org\/nl\/over-ons\/"]}]},{"@type":"ImageObject","inLanguage":"nl-NL","@id":"https:\/\/ebenezer-oe.org\/nl\/over-ons\/#primaryimage","url":"https:\/\/ebenezer-oe.org\/wp-content\/uploads\/2021\/04\/Untitled-design-27.png","contentUrl":"https:\/\/ebenezer-oe.org\/wp-content\/uploads\/2021\/04\/Untitled-design-27.png"},{"@type":"BreadcrumbList","@id":"https:\/\/ebenezer-oe.org\/nl\/over-ons\/#breadcrumb","itemListElement":[{"@type":"ListItem","position":1,"name":"Home","item":"https:\/\/ebenezer-oe.org\/nl\/"},{"@type":"ListItem","position":2,"name":"Over ons"}]},{"@type":"WebSite","@id":"https:\/\/ebenezer-oe.org\/#website","url":"https:\/\/ebenezer-oe.org\/","name":"Ebenezer - Operation Exodus","description":"","publisher":{"@id":"https:\/\/ebenezer-oe.org\/#organization"},"potentialAction":[{"@type":"SearchAction","target":{"@type":"EntryPoint","urlTemplate":"https:\/\/ebenezer-oe.org\/?s={search_term_string}"},"query-input":{"@type":"PropertyValueSpecification","valueRequired":true,"valueName":"search_term_string"}}],"inLanguage":"nl-NL"},{"@type":"Organization","@id":"https:\/\/ebenezer-oe.org\/#organization","name":"Ebenezer - Operation Exodus","url":"https:\/\/ebenezer-oe.org\/","logo":{"@type":"ImageObject","inLanguage":"nl-NL","@id":"https:\/\/ebenezer-oe.org\/#\/schema\/logo\/image\/","url":"https:\/\/ebenezeroe.wpengine.com\/wp-content\/uploads\/2020\/09\/Logo_EOE_EN_Colour-Horizontal.png","contentUrl":"https:\/\/ebenezeroe.wpengine.com\/wp-content\/uploads\/2020\/09\/Logo_EOE_EN_Colour-Horizontal.png","width":1922,"height":928,"caption":"Ebenezer - Operation Exodus"},"image":{"@id":"https:\/\/ebenezer-oe.org\/#\/schema\/logo\/image\/"},"sameAs":["https:\/\/www.facebook.com\/EbenezerInt","https:\/\/www.instagram.com\/ebenezer_oe_eng\/","https:\/\/www.youtube.com\/channel\/UC6qGHrKKeamFVz95Vd8LR1g"]}]}},"_links":{"self":[{"href":"https:\/\/ebenezer-oe.org\/nl\/wp-json\/wp\/v2\/pages\/2389","targetHints":{"allow":["GET"]}}],"collection":[{"href":"https:\/\/ebenezer-oe.org\/nl\/wp-json\/wp\/v2\/pages"}],"about":[{"href":"https:\/\/ebenezer-oe.org\/nl\/wp-json\/wp\/v2\/types\/page"}],"author":[{"embeddable":true,"href":"https:\/\/ebenezer-oe.org\/nl\/wp-json\/wp\/v2\/users\/1"}],"replies":[{"embeddable":true,"href":"https:\/\/ebenezer-oe.org\/nl\/wp-json\/wp\/v2\/comments?post=2389"}],"version-history":[{"count":0,"href":"https:\/\/ebenezer-oe.org\/nl\/wp-json\/wp\/v2\/pages\/2389\/revisions"}],"wp:attachment":[{"href":"https:\/\/ebenezer-oe.org\/nl\/wp-json\/wp\/v2\/media?parent=2389"}],"curies":[{"name":"wp","href":"https:\/\/api.w.org\/{rel}","templated":true}]}}