{"id":3190,"date":"2021-07-06T16:40:53","date_gmt":"2021-07-06T16:40:53","guid":{"rendered":"https:\/\/ebenezer-oe.org\/over-ons\/onderwijs\/"},"modified":"2021-07-14T10:29:39","modified_gmt":"2021-07-14T10:29:39","slug":"onderwijs","status":"publish","type":"page","link":"https:\/\/ebenezer-oe.org\/nl\/over-ons\/onderwijs\/","title":{"rendered":"Onderwijs"},"content":{"rendered":"\n<h3>\n\t\tWij onderwijzen:\n\t<\/h3>\n\t\t\t\t\t\t\t\t<a href=\"#\" target=\"_self\" rel=\"noopener\">\n\t\t\t\t\t\t<\/a>\n\t<h3><a href=\"#\" target=\"_self\" rel=\"noopener\">Dat Alijah heilig is en een vervulling van bijbelse profetie.<\/a><\/h3>\t\t\n\t\t\t\t\t\t\t\t<a href=\"#\" target=\"_self\" rel=\"noopener\">\n\t\t\t\t\t\t<\/a>\n\t<h3><a href=\"#\" target=\"_self\" rel=\"noopener\">Dat de Kerk geroepen is om het Joodse volk te zegenen en te helpen. <\/a><\/h3>\t\t\n\t\t\t\t\t\t\t\t<a href=\"#\" target=\"_self\" rel=\"noopener\">\n\t\t\t\t\t\t<\/a>\n\t<h3><a href=\"#\" target=\"_self\" rel=\"noopener\">Waarom het herstel van Isra\u00ebl belangrijk is voor God.<\/a><\/h3>\t\t\n\t\t\t\t\t\t\t\t<a href=\"#\" target=\"_self\" rel=\"noopener\">\n\t\t\t\t\t\t<\/a>\n\t<h3><a href=\"#\" target=\"_self\" rel=\"noopener\">Dat vervangingstheologie een dwaling is en dat antisemitisme, onwetendheid en arrogantie moeten worden bestreden.<\/a><\/h3>\t\t\n\t<p>Een van onze doelen is het bevorderen van het inzicht in de kerk van de betekenis van het Joodse volk voor Gods eeuwige doeleneinden.<\/p>\n\t<p>Dat Alijah heilig is en een vervulling van bijbelse profetie.<\/p>\n\t<p>  Alijah, of de terugkeer van het Joodse volk naar Het Land waaruit zij verbannen waren, is waarschijnlijk het meest verbazingwekkende wonder van de e Eeuw.  <\/p>\n<p>Het feit dat de Hebreeuwse profeten het duizenden jaren geleden voorspeld hebben is nog verbazingwekkender &#8211; Ezechi\u00ebl vertelt ons &#8211; &#8220;<i>Want Ik zal u uit de volken halen, en u uit alle landen bijeenbrengen. Dan zal Ik u naar uw land brengen.&#8221; (Ezechi\u00ebl 36:24). <\/i> <\/p>\n<p>Er was een eerste vervulling hiervan na de Babylonische ballingschap en een veel omvangrijker vervulling in de 20eeeuw op 14 emei 1948 toen Isra\u00ebl opnieuw een politieke staat werd.  <\/p>\n<p>Jesaja vraagt: <i>Zou een land geboren kunnen worden op \u00e9\u00e9n dag? Zou een volk geboren kunnen worden in \u00e9\u00e9n keer? (Jesaja 66:8). <\/i>En toch gebeurde het in de moderne tijd.<\/p>\n\t<p>Dat de Kerk geroepen is om het Joodse volk te zegenen en te helpen.<\/p>\n\t<p>Jesaja vertelt ons dat de heidenen geroepen zouden worden om te helpen bij de grote wederkomst door te zeggen: &#8220;Zo zegt de Here HEERE: Zie, Ik zal Mijn hand opheffen naar de volken, en naar de volken zal Ik Mijn banier omhoog steken. Dan zullen zij uw zonen brengen in de armen, en uw dochters zullen gedragen worden op de schouders&#8221; (Jesaja 49:22).<\/p>\n<p>De apostel Paulus geeft ook aan dat de heidenen schatplichtig zijn aan het Joodse volk. Hij schrijft &#8220;&#8230;als de heidenen aan hun geestelijke weldaden deel gekregen hebben, zijn zij het hun verschuldigd hen in materi\u00eble dingen te bedienen&#8221; (Romeinen 15:27).<\/p>\n<p>Als de Kerk het mandaat heeft om alle volken te dienen, dan moeten zij toch zeker ook voor het Joodse volk zorgen.<\/p>\n\t<p>Waarom het herstel van Isra\u00ebl belangrijk is voor God.<\/p>\n\t<p>Gods hart is het Joodse volk te herstellen en het leven in het land dat aan hen was beloofd is daar een essentieel en integraal onderdeel van.<\/p>\n<p>Ezechi\u00ebl vertelt ons dat, hoewel het Gods hart was om het Joodse volk in hun land te herstellen, het niet voor hun bestwil was, maar om de heiligheid van Zijn Naam te rechtvaardigen. <\/p>\n<p>&#8216;<i>Zeg daarom tot het huis van Isra\u00ebl: &#8220;Zo zegt de Here HEERE: Ik doe het niet om u huis van Isra\u00ebl, maar om Mijn heilige Naam&#8230;&#8217; <\/i>(Ezechi\u00ebl 36:22)  <\/p>\n<p>God had beloofd Isra\u00ebl terug te brengen en Hij zal Zijn geen beloftes nooit breken. <\/p>\n<p>De profeet Jeremia drukt Gods liefde voor zijn volk als volgt uit:<\/p>\n<p>&nbsp;<\/p>\n\t<h5><i>&#8220;&#8230;Met eeuwige liefde heb Ik u liefgehad,<\/i><\/h5>\n<h5><i>daarom heb Ik u getrokken met goedertierenheid.<\/i><\/h5>\n<h5><i>Ik zal u weer bouwen en u zult gebouwd worden, maagd Isra\u00ebl.<\/i><\/h5>\n<h5><i>Opnieuw zult u zich tooien met uw tamboerijnen,<\/i><\/h5>\n<h5><i>opnieuw zult u uittrekken in een reidans van vrolijke mensen.<\/i><\/h5>\n<h5><i>Opnieuw zult u wijngaarden planten op de bergen van Samaria:<\/i><\/h5>\n<h5><i>de planters zullen planten en de vruchten genieten.<\/i><\/h5>\n<h5><i>Want er zal een dag zijn dat de wachters zullen roepen op het bergland van Efra\u00efm:<\/i><\/h5>\n<h5><i>&#8216;Sta op, laten wij opgaan naar Sion, <\/i><\/h5>\n<h5><i>naar de HEERE, onze God!.'&#8221;<\/i><\/h5>\n<h5>Jeremiah 31:3-6<\/h5>\n\t<p>Vervangingstheologie is fout.<\/p>\n\t<p>Helaas gelooft niet iedereen in de Kerk dat Isra\u00ebl van betekenis is. Sommigen ondersteunen een theorie die Vervangingstheologie wordt genoemd, wat betekent dat God het Joodse volk heeft vervangen door de Kerk om Zijn doelen op aarde te voltooien.<\/p>\n<p>Apostel Paulus verklaart echter dat dit een dwaling is wanneer hij zegt: &#8220;God heeft zijn volk niet verworpen&#8221; (Romeinen 11:2), dat wil zeggen, het Joodse volk.<\/p>\n\n","protected":false},"excerpt":{"rendered":"<p>Wij onderwijzen: Dat Alijah heilig is en een vervulling van bijbelse profetie. Dat de Kerk geroepen is om het Joodse volk te zegenen en te helpen. Waarom het herstel van Isra\u00ebl belangrijk is voor God. Dat vervangingstheologie een dwaling is en dat antisemitisme, onwetendheid en arrogantie moeten worden bestreden. Een van onze doelen is het&hellip;<\/p>\n","protected":false},"author":1,"featured_media":0,"parent":2389,"menu_order":6,"comment_status":"closed","ping_status":"closed","template":"","meta":{"footnotes":""},"class_list":["post-3190","page","type-page","status-publish","hentry"],"yoast_head":"<!-- This site is optimized with the Yoast SEO plugin v27.2 - https:\/\/yoast.com\/product\/yoast-seo-wordpress\/ -->\n<title>Onderwijs - Ebenezer Operation Exodus<\/title>\n<meta name=\"robots\" content=\"index, follow, max-snippet:-1, max-image-preview:large, max-video-preview:-1\" \/>\n<link rel=\"canonical\" href=\"https:\/\/ebenezer-oe.org\/nl\/over-ons\/onderwijs\/\" \/>\n<meta property=\"og:locale\" content=\"nl_NL\" \/>\n<meta property=\"og:type\" content=\"article\" \/>\n<meta property=\"og:title\" content=\"Onderwijs - Ebenezer Operation Exodus\" \/>\n<meta property=\"og:description\" content=\"Wij onderwijzen: Dat Alijah heilig is en een vervulling van bijbelse profetie. Dat de Kerk geroepen is om het Joodse volk te zegenen en te helpen. Waarom het herstel van Isra\u00ebl belangrijk is voor God. Dat vervangingstheologie een dwaling is en dat antisemitisme, onwetendheid en arrogantie moeten worden bestreden. Een van onze doelen is het&hellip;\" \/>\n<meta property=\"og:url\" content=\"https:\/\/ebenezer-oe.org\/nl\/over-ons\/onderwijs\/\" \/>\n<meta property=\"og:site_name\" content=\"Ebenezer Operation Exodus\" \/>\n<meta property=\"article:publisher\" content=\"https:\/\/www.facebook.com\/EbenezerInt\" \/>\n<meta property=\"article:modified_time\" content=\"2021-07-14T10:29:39+00:00\" \/>\n<meta name=\"twitter:card\" content=\"summary_large_image\" \/>\n<meta name=\"twitter:label1\" content=\"Geschatte leestijd\" \/>\n\t<meta name=\"twitter:data1\" content=\"3 minuten\" \/>\n<script type=\"application\/ld+json\" class=\"yoast-schema-graph\">{\"@context\":\"https:\/\/schema.org\",\"@graph\":[{\"@type\":\"WebPage\",\"@id\":\"https:\/\/ebenezer-oe.org\/nl\/over-ons\/onderwijs\/\",\"url\":\"https:\/\/ebenezer-oe.org\/nl\/over-ons\/onderwijs\/\",\"name\":\"Onderwijs - Ebenezer Operation Exodus\",\"isPartOf\":{\"@id\":\"https:\/\/ebenezer-oe.org\/#website\"},\"datePublished\":\"2021-07-06T16:40:53+00:00\",\"dateModified\":\"2021-07-14T10:29:39+00:00\",\"breadcrumb\":{\"@id\":\"https:\/\/ebenezer-oe.org\/nl\/over-ons\/onderwijs\/#breadcrumb\"},\"inLanguage\":\"nl-NL\",\"potentialAction\":[{\"@type\":\"ReadAction\",\"target\":[\"https:\/\/ebenezer-oe.org\/nl\/over-ons\/onderwijs\/\"]}]},{\"@type\":\"BreadcrumbList\",\"@id\":\"https:\/\/ebenezer-oe.org\/nl\/over-ons\/onderwijs\/#breadcrumb\",\"itemListElement\":[{\"@type\":\"ListItem\",\"position\":1,\"name\":\"Home\",\"item\":\"https:\/\/ebenezer-oe.org\/nl\/\"},{\"@type\":\"ListItem\",\"position\":2,\"name\":\"Over ons\",\"item\":\"https:\/\/ebenezer-oe.org\/nl\/over-ons\/\"},{\"@type\":\"ListItem\",\"position\":3,\"name\":\"Onderwijs\"}]},{\"@type\":\"WebSite\",\"@id\":\"https:\/\/ebenezer-oe.org\/#website\",\"url\":\"https:\/\/ebenezer-oe.org\/\",\"name\":\"Ebenezer - Operation Exodus\",\"description\":\"\",\"publisher\":{\"@id\":\"https:\/\/ebenezer-oe.org\/#organization\"},\"potentialAction\":[{\"@type\":\"SearchAction\",\"target\":{\"@type\":\"EntryPoint\",\"urlTemplate\":\"https:\/\/ebenezer-oe.org\/?s={search_term_string}\"},\"query-input\":{\"@type\":\"PropertyValueSpecification\",\"valueRequired\":true,\"valueName\":\"search_term_string\"}}],\"inLanguage\":\"nl-NL\"},{\"@type\":\"Organization\",\"@id\":\"https:\/\/ebenezer-oe.org\/#organization\",\"name\":\"Ebenezer - Operation Exodus\",\"url\":\"https:\/\/ebenezer-oe.org\/\",\"logo\":{\"@type\":\"ImageObject\",\"inLanguage\":\"nl-NL\",\"@id\":\"https:\/\/ebenezer-oe.org\/#\/schema\/logo\/image\/\",\"url\":\"https:\/\/ebenezeroe.wpengine.com\/wp-content\/uploads\/2020\/09\/Logo_EOE_EN_Colour-Horizontal.png\",\"contentUrl\":\"https:\/\/ebenezeroe.wpengine.com\/wp-content\/uploads\/2020\/09\/Logo_EOE_EN_Colour-Horizontal.png\",\"width\":1922,\"height\":928,\"caption\":\"Ebenezer - Operation Exodus\"},\"image\":{\"@id\":\"https:\/\/ebenezer-oe.org\/#\/schema\/logo\/image\/\"},\"sameAs\":[\"https:\/\/www.facebook.com\/EbenezerInt\",\"https:\/\/www.instagram.com\/ebenezer_oe_eng\/\",\"https:\/\/www.youtube.com\/channel\/UC6qGHrKKeamFVz95Vd8LR1g\"]}]}<\/script>\n<!-- \/ Yoast SEO plugin. -->","yoast_head_json":{"title":"Onderwijs - Ebenezer Operation Exodus","robots":{"index":"index","follow":"follow","max-snippet":"max-snippet:-1","max-image-preview":"max-image-preview:large","max-video-preview":"max-video-preview:-1"},"canonical":"https:\/\/ebenezer-oe.org\/nl\/over-ons\/onderwijs\/","og_locale":"nl_NL","og_type":"article","og_title":"Onderwijs - Ebenezer Operation Exodus","og_description":"Wij onderwijzen: Dat Alijah heilig is en een vervulling van bijbelse profetie. Dat de Kerk geroepen is om het Joodse volk te zegenen en te helpen. Waarom het herstel van Isra\u00ebl belangrijk is voor God. Dat vervangingstheologie een dwaling is en dat antisemitisme, onwetendheid en arrogantie moeten worden bestreden. Een van onze doelen is het&hellip;","og_url":"https:\/\/ebenezer-oe.org\/nl\/over-ons\/onderwijs\/","og_site_name":"Ebenezer Operation Exodus","article_publisher":"https:\/\/www.facebook.com\/EbenezerInt","article_modified_time":"2021-07-14T10:29:39+00:00","twitter_card":"summary_large_image","twitter_misc":{"Geschatte leestijd":"3 minuten"},"schema":{"@context":"https:\/\/schema.org","@graph":[{"@type":"WebPage","@id":"https:\/\/ebenezer-oe.org\/nl\/over-ons\/onderwijs\/","url":"https:\/\/ebenezer-oe.org\/nl\/over-ons\/onderwijs\/","name":"Onderwijs - Ebenezer Operation Exodus","isPartOf":{"@id":"https:\/\/ebenezer-oe.org\/#website"},"datePublished":"2021-07-06T16:40:53+00:00","dateModified":"2021-07-14T10:29:39+00:00","breadcrumb":{"@id":"https:\/\/ebenezer-oe.org\/nl\/over-ons\/onderwijs\/#breadcrumb"},"inLanguage":"nl-NL","potentialAction":[{"@type":"ReadAction","target":["https:\/\/ebenezer-oe.org\/nl\/over-ons\/onderwijs\/"]}]},{"@type":"BreadcrumbList","@id":"https:\/\/ebenezer-oe.org\/nl\/over-ons\/onderwijs\/#breadcrumb","itemListElement":[{"@type":"ListItem","position":1,"name":"Home","item":"https:\/\/ebenezer-oe.org\/nl\/"},{"@type":"ListItem","position":2,"name":"Over ons","item":"https:\/\/ebenezer-oe.org\/nl\/over-ons\/"},{"@type":"ListItem","position":3,"name":"Onderwijs"}]},{"@type":"WebSite","@id":"https:\/\/ebenezer-oe.org\/#website","url":"https:\/\/ebenezer-oe.org\/","name":"Ebenezer - Operation Exodus","description":"","publisher":{"@id":"https:\/\/ebenezer-oe.org\/#organization"},"potentialAction":[{"@type":"SearchAction","target":{"@type":"EntryPoint","urlTemplate":"https:\/\/ebenezer-oe.org\/?s={search_term_string}"},"query-input":{"@type":"PropertyValueSpecification","valueRequired":true,"valueName":"search_term_string"}}],"inLanguage":"nl-NL"},{"@type":"Organization","@id":"https:\/\/ebenezer-oe.org\/#organization","name":"Ebenezer - Operation Exodus","url":"https:\/\/ebenezer-oe.org\/","logo":{"@type":"ImageObject","inLanguage":"nl-NL","@id":"https:\/\/ebenezer-oe.org\/#\/schema\/logo\/image\/","url":"https:\/\/ebenezeroe.wpengine.com\/wp-content\/uploads\/2020\/09\/Logo_EOE_EN_Colour-Horizontal.png","contentUrl":"https:\/\/ebenezeroe.wpengine.com\/wp-content\/uploads\/2020\/09\/Logo_EOE_EN_Colour-Horizontal.png","width":1922,"height":928,"caption":"Ebenezer - Operation Exodus"},"image":{"@id":"https:\/\/ebenezer-oe.org\/#\/schema\/logo\/image\/"},"sameAs":["https:\/\/www.facebook.com\/EbenezerInt","https:\/\/www.instagram.com\/ebenezer_oe_eng\/","https:\/\/www.youtube.com\/channel\/UC6qGHrKKeamFVz95Vd8LR1g"]}]}},"_links":{"self":[{"href":"https:\/\/ebenezer-oe.org\/nl\/wp-json\/wp\/v2\/pages\/3190","targetHints":{"allow":["GET"]}}],"collection":[{"href":"https:\/\/ebenezer-oe.org\/nl\/wp-json\/wp\/v2\/pages"}],"about":[{"href":"https:\/\/ebenezer-oe.org\/nl\/wp-json\/wp\/v2\/types\/page"}],"author":[{"embeddable":true,"href":"https:\/\/ebenezer-oe.org\/nl\/wp-json\/wp\/v2\/users\/1"}],"replies":[{"embeddable":true,"href":"https:\/\/ebenezer-oe.org\/nl\/wp-json\/wp\/v2\/comments?post=3190"}],"version-history":[{"count":0,"href":"https:\/\/ebenezer-oe.org\/nl\/wp-json\/wp\/v2\/pages\/3190\/revisions"}],"up":[{"embeddable":true,"href":"https:\/\/ebenezer-oe.org\/nl\/wp-json\/wp\/v2\/pages\/2389"}],"wp:attachment":[{"href":"https:\/\/ebenezer-oe.org\/nl\/wp-json\/wp\/v2\/media?parent=3190"}],"curies":[{"name":"wp","href":"https:\/\/api.w.org\/{rel}","templated":true}]}}