{"id":77706,"date":"2022-11-15T14:14:03","date_gmt":"2022-11-15T14:14:03","guid":{"rendered":"https:\/\/ebenezer-oe.org\/o-nas\/nasza-historia\/"},"modified":"2023-01-23T15:57:45","modified_gmt":"2023-01-23T15:57:45","slug":"nasza-historia","status":"publish","type":"page","link":"https:\/\/ebenezer-oe.org\/pl\/o-nas\/nasza-historia\/","title":{"rendered":"Nasza Historia"},"content":{"rendered":"\n<h2>\n\t\tNasza Historia\n\t<\/h2>\n\t<p>Nasza s\u0142u\u017cba zrodzi\u0142a si\u0119 na konferencji modlitewnej w Jerozolimie podczas wojny w Zatoce Perskiej w 1991 roku. Liderzy konferencji odebrali od Boga s\u0142owo, \u017ce teraz jest czas, aby pom\u00f3c \u017bydom wr\u00f3ci\u0107 do domu. Tak rozpocz\u0119\u0142a si\u0119 s\u0142u\u017cba i trwa nadal&#8230;<\/p>\n\t<p>Ebenezer Operacja Exodus zosta\u0142a za\u0142o\u017cona podczas pierwszej wojny w Zatoce Perskiej na Mi\u0119dzynarodowej Konferencji Modlitewnej w Jerozolimie (IPC). Gustav Scheller mia\u0142 nieodparte przeczucie, \u017ce B\u00f3g chcia\u0142, aby podj\u0105\u0142 dzia\u0142anie: <strong>Teraz mo\u017cesz zacz\u0105\u0107 pomaga\u0107 Moim ludziom w powrocie do domu.<\/strong> Zosta\u0142o to jednog\u0142o\u015bnie potwierdzone przez przyw\u00f3dc\u00f3w i 120 wstawiennik\u00f3w, \u017ce by\u0142o to suwerenne dzia\u0142anie Boga. (NB str. 46 OE Ksi\u0105\u017cka)<\/p>\n<h2>\n\t\tOperacja Ebenezer Exodus O\u015b czasu\n\t<\/h2>\n\n","protected":false},"excerpt":{"rendered":"<p>Nasza Historia Nasza s\u0142u\u017cba zrodzi\u0142a si\u0119 na konferencji modlitewnej w Jerozolimie podczas wojny w Zatoce Perskiej w 1991 roku. Liderzy konferencji odebrali od Boga s\u0142owo, \u017ce teraz jest czas, aby pom\u00f3c \u017bydom wr\u00f3ci\u0107 do domu. Tak rozpocz\u0119\u0142a si\u0119 s\u0142u\u017cba i trwa nadal&#8230; Ebenezer Operacja Exodus zosta\u0142a za\u0142o\u017cona podczas pierwszej wojny w Zatoce Perskiej na Mi\u0119dzynarodowej&hellip;<\/p>\n","protected":false},"author":1,"featured_media":0,"parent":77704,"menu_order":1,"comment_status":"closed","ping_status":"closed","template":"","meta":{"footnotes":""},"class_list":["post-77706","page","type-page","status-publish","hentry"],"yoast_head":"<!-- This site is optimized with the Yoast SEO plugin v27.4 - https:\/\/yoast.com\/product\/yoast-seo-wordpress\/ -->\n<title>Nasza Historia - Ebenezer Operation Exodus<\/title>\n<meta name=\"robots\" content=\"index, follow, max-snippet:-1, max-image-preview:large, max-video-preview:-1\" \/>\n<link rel=\"canonical\" href=\"https:\/\/ebenezer-oe.org\/pl\/o-nas\/nasza-historia\/\" \/>\n<meta property=\"og:locale\" content=\"pl_PL\" \/>\n<meta property=\"og:type\" content=\"article\" \/>\n<meta property=\"og:title\" content=\"Nasza Historia - Ebenezer Operation Exodus\" \/>\n<meta property=\"og:description\" content=\"Nasza Historia Nasza s\u0142u\u017cba zrodzi\u0142a si\u0119 na konferencji modlitewnej w Jerozolimie podczas wojny w Zatoce Perskiej w 1991 roku. Liderzy konferencji odebrali od Boga s\u0142owo, \u017ce teraz jest czas, aby pom\u00f3c \u017bydom wr\u00f3ci\u0107 do domu. Tak rozpocz\u0119\u0142a si\u0119 s\u0142u\u017cba i trwa nadal&#8230; Ebenezer Operacja Exodus zosta\u0142a za\u0142o\u017cona podczas pierwszej wojny w Zatoce Perskiej na Mi\u0119dzynarodowej&hellip;\" \/>\n<meta property=\"og:url\" content=\"https:\/\/ebenezer-oe.org\/pl\/o-nas\/nasza-historia\/\" \/>\n<meta property=\"og:site_name\" content=\"Ebenezer Operation Exodus\" \/>\n<meta property=\"article:publisher\" content=\"https:\/\/www.facebook.com\/EbenezerInt\" \/>\n<meta property=\"article:modified_time\" content=\"2023-01-23T15:57:45+00:00\" \/>\n<meta name=\"twitter:card\" content=\"summary_large_image\" \/>\n<meta name=\"twitter:label1\" content=\"Szacowany czas czytania\" \/>\n\t<meta name=\"twitter:data1\" content=\"1 minuta\" \/>\n<script type=\"application\/ld+json\" class=\"yoast-schema-graph\">{\"@context\":\"https:\\\/\\\/schema.org\",\"@graph\":[{\"@type\":\"WebPage\",\"@id\":\"https:\\\/\\\/ebenezer-oe.org\\\/pl\\\/o-nas\\\/nasza-historia\\\/\",\"url\":\"https:\\\/\\\/ebenezer-oe.org\\\/pl\\\/o-nas\\\/nasza-historia\\\/\",\"name\":\"Nasza Historia - Ebenezer Operation Exodus\",\"isPartOf\":{\"@id\":\"https:\\\/\\\/ebenezer-oe.org\\\/#website\"},\"datePublished\":\"2022-11-15T14:14:03+00:00\",\"dateModified\":\"2023-01-23T15:57:45+00:00\",\"breadcrumb\":{\"@id\":\"https:\\\/\\\/ebenezer-oe.org\\\/pl\\\/o-nas\\\/nasza-historia\\\/#breadcrumb\"},\"inLanguage\":\"pl-PL\",\"potentialAction\":[{\"@type\":\"ReadAction\",\"target\":[\"https:\\\/\\\/ebenezer-oe.org\\\/pl\\\/o-nas\\\/nasza-historia\\\/\"]}]},{\"@type\":\"BreadcrumbList\",\"@id\":\"https:\\\/\\\/ebenezer-oe.org\\\/pl\\\/o-nas\\\/nasza-historia\\\/#breadcrumb\",\"itemListElement\":[{\"@type\":\"ListItem\",\"position\":1,\"name\":\"Home\",\"item\":\"https:\\\/\\\/ebenezer-oe.org\\\/pl\\\/\"},{\"@type\":\"ListItem\",\"position\":2,\"name\":\"O nas\",\"item\":\"https:\\\/\\\/ebenezer-oe.org\\\/pl\\\/o-nas\\\/\"},{\"@type\":\"ListItem\",\"position\":3,\"name\":\"Nasza Historia\"}]},{\"@type\":\"WebSite\",\"@id\":\"https:\\\/\\\/ebenezer-oe.org\\\/#website\",\"url\":\"https:\\\/\\\/ebenezer-oe.org\\\/\",\"name\":\"Ebenezer - Operation Exodus\",\"description\":\"\",\"publisher\":{\"@id\":\"https:\\\/\\\/ebenezer-oe.org\\\/#organization\"},\"potentialAction\":[{\"@type\":\"SearchAction\",\"target\":{\"@type\":\"EntryPoint\",\"urlTemplate\":\"https:\\\/\\\/ebenezer-oe.org\\\/?s={search_term_string}\"},\"query-input\":{\"@type\":\"PropertyValueSpecification\",\"valueRequired\":true,\"valueName\":\"search_term_string\"}}],\"inLanguage\":\"pl-PL\"},{\"@type\":\"Organization\",\"@id\":\"https:\\\/\\\/ebenezer-oe.org\\\/#organization\",\"name\":\"Ebenezer - Operation Exodus\",\"url\":\"https:\\\/\\\/ebenezer-oe.org\\\/\",\"logo\":{\"@type\":\"ImageObject\",\"inLanguage\":\"pl-PL\",\"@id\":\"https:\\\/\\\/ebenezer-oe.org\\\/#\\\/schema\\\/logo\\\/image\\\/\",\"url\":\"https:\\\/\\\/ebenezeroe.wpengine.com\\\/wp-content\\\/uploads\\\/2020\\\/09\\\/Logo_EOE_EN_Colour-Horizontal.png\",\"contentUrl\":\"https:\\\/\\\/ebenezeroe.wpengine.com\\\/wp-content\\\/uploads\\\/2020\\\/09\\\/Logo_EOE_EN_Colour-Horizontal.png\",\"width\":1922,\"height\":928,\"caption\":\"Ebenezer - Operation Exodus\"},\"image\":{\"@id\":\"https:\\\/\\\/ebenezer-oe.org\\\/#\\\/schema\\\/logo\\\/image\\\/\"},\"sameAs\":[\"https:\\\/\\\/www.facebook.com\\\/EbenezerInt\",\"https:\\\/\\\/www.instagram.com\\\/ebenezer_oe_eng\\\/\",\"https:\\\/\\\/www.youtube.com\\\/channel\\\/UC6qGHrKKeamFVz95Vd8LR1g\"]}]}<\/script>\n<!-- \/ Yoast SEO plugin. -->","yoast_head_json":{"title":"Nasza Historia - Ebenezer Operation Exodus","robots":{"index":"index","follow":"follow","max-snippet":"max-snippet:-1","max-image-preview":"max-image-preview:large","max-video-preview":"max-video-preview:-1"},"canonical":"https:\/\/ebenezer-oe.org\/pl\/o-nas\/nasza-historia\/","og_locale":"pl_PL","og_type":"article","og_title":"Nasza Historia - Ebenezer Operation Exodus","og_description":"Nasza Historia Nasza s\u0142u\u017cba zrodzi\u0142a si\u0119 na konferencji modlitewnej w Jerozolimie podczas wojny w Zatoce Perskiej w 1991 roku. Liderzy konferencji odebrali od Boga s\u0142owo, \u017ce teraz jest czas, aby pom\u00f3c \u017bydom wr\u00f3ci\u0107 do domu. Tak rozpocz\u0119\u0142a si\u0119 s\u0142u\u017cba i trwa nadal&#8230; Ebenezer Operacja Exodus zosta\u0142a za\u0142o\u017cona podczas pierwszej wojny w Zatoce Perskiej na Mi\u0119dzynarodowej&hellip;","og_url":"https:\/\/ebenezer-oe.org\/pl\/o-nas\/nasza-historia\/","og_site_name":"Ebenezer Operation Exodus","article_publisher":"https:\/\/www.facebook.com\/EbenezerInt","article_modified_time":"2023-01-23T15:57:45+00:00","twitter_card":"summary_large_image","twitter_misc":{"Szacowany czas czytania":"1 minuta"},"schema":{"@context":"https:\/\/schema.org","@graph":[{"@type":"WebPage","@id":"https:\/\/ebenezer-oe.org\/pl\/o-nas\/nasza-historia\/","url":"https:\/\/ebenezer-oe.org\/pl\/o-nas\/nasza-historia\/","name":"Nasza Historia - Ebenezer Operation Exodus","isPartOf":{"@id":"https:\/\/ebenezer-oe.org\/#website"},"datePublished":"2022-11-15T14:14:03+00:00","dateModified":"2023-01-23T15:57:45+00:00","breadcrumb":{"@id":"https:\/\/ebenezer-oe.org\/pl\/o-nas\/nasza-historia\/#breadcrumb"},"inLanguage":"pl-PL","potentialAction":[{"@type":"ReadAction","target":["https:\/\/ebenezer-oe.org\/pl\/o-nas\/nasza-historia\/"]}]},{"@type":"BreadcrumbList","@id":"https:\/\/ebenezer-oe.org\/pl\/o-nas\/nasza-historia\/#breadcrumb","itemListElement":[{"@type":"ListItem","position":1,"name":"Home","item":"https:\/\/ebenezer-oe.org\/pl\/"},{"@type":"ListItem","position":2,"name":"O nas","item":"https:\/\/ebenezer-oe.org\/pl\/o-nas\/"},{"@type":"ListItem","position":3,"name":"Nasza Historia"}]},{"@type":"WebSite","@id":"https:\/\/ebenezer-oe.org\/#website","url":"https:\/\/ebenezer-oe.org\/","name":"Ebenezer - Operation Exodus","description":"","publisher":{"@id":"https:\/\/ebenezer-oe.org\/#organization"},"potentialAction":[{"@type":"SearchAction","target":{"@type":"EntryPoint","urlTemplate":"https:\/\/ebenezer-oe.org\/?s={search_term_string}"},"query-input":{"@type":"PropertyValueSpecification","valueRequired":true,"valueName":"search_term_string"}}],"inLanguage":"pl-PL"},{"@type":"Organization","@id":"https:\/\/ebenezer-oe.org\/#organization","name":"Ebenezer - Operation Exodus","url":"https:\/\/ebenezer-oe.org\/","logo":{"@type":"ImageObject","inLanguage":"pl-PL","@id":"https:\/\/ebenezer-oe.org\/#\/schema\/logo\/image\/","url":"https:\/\/ebenezeroe.wpengine.com\/wp-content\/uploads\/2020\/09\/Logo_EOE_EN_Colour-Horizontal.png","contentUrl":"https:\/\/ebenezeroe.wpengine.com\/wp-content\/uploads\/2020\/09\/Logo_EOE_EN_Colour-Horizontal.png","width":1922,"height":928,"caption":"Ebenezer - Operation Exodus"},"image":{"@id":"https:\/\/ebenezer-oe.org\/#\/schema\/logo\/image\/"},"sameAs":["https:\/\/www.facebook.com\/EbenezerInt","https:\/\/www.instagram.com\/ebenezer_oe_eng\/","https:\/\/www.youtube.com\/channel\/UC6qGHrKKeamFVz95Vd8LR1g"]}]}},"_links":{"self":[{"href":"https:\/\/ebenezer-oe.org\/pl\/wp-json\/wp\/v2\/pages\/77706","targetHints":{"allow":["GET"]}}],"collection":[{"href":"https:\/\/ebenezer-oe.org\/pl\/wp-json\/wp\/v2\/pages"}],"about":[{"href":"https:\/\/ebenezer-oe.org\/pl\/wp-json\/wp\/v2\/types\/page"}],"author":[{"embeddable":true,"href":"https:\/\/ebenezer-oe.org\/pl\/wp-json\/wp\/v2\/users\/1"}],"replies":[{"embeddable":true,"href":"https:\/\/ebenezer-oe.org\/pl\/wp-json\/wp\/v2\/comments?post=77706"}],"version-history":[{"count":0,"href":"https:\/\/ebenezer-oe.org\/pl\/wp-json\/wp\/v2\/pages\/77706\/revisions"}],"up":[{"embeddable":true,"href":"https:\/\/ebenezer-oe.org\/pl\/wp-json\/wp\/v2\/pages\/77704"}],"wp:attachment":[{"href":"https:\/\/ebenezer-oe.org\/pl\/wp-json\/wp\/v2\/media?parent=77706"}],"curies":[{"name":"wp","href":"https:\/\/api.w.org\/{rel}","templated":true}]}}