{"id":77813,"date":"2022-11-15T14:56:14","date_gmt":"2022-11-15T14:56:14","guid":{"rendered":"https:\/\/ebenezer-oe.org\/o-nas\/nasza-praca\/"},"modified":"2023-07-31T10:26:10","modified_gmt":"2023-07-31T10:26:11","slug":"nasza-praca","status":"publish","type":"page","link":"https:\/\/ebenezer-oe.org\/pl\/o-nas\/nasza-praca\/","title":{"rendered":"Nasza Praca"},"content":{"rendered":"\n<h1>\n\t\tNasza Praca\n\t<\/h1>\n<h2>\n\t\tPoza modlitw\u0105, nasz\u0105 g\u0142\u00f3wnym celem jest pom\u00f3c jak najwi\u0119kszej liczbie \u017byd\u00f3w w emigracji do Izraela, czyli \u201edokona\u0107 Aliji&#8221;, jak to jest znane w j\u0119zyku hebrajskim.\n\t<\/h2>\n\t<p>&nbsp;<\/p>\n<p>W razie potrzeby zapewniamy r\u00f3wnie\u017c pomoc humanitarn\u0105 i finansow\u0105 oraz praktyczn\u0105 pomoc w procesie Aliji. W Izraelu pomagamy imigrantom Olim, kt\u00f3rzy mog\u0105 napotka\u0107 trudno\u015bci w osiedlaniu si\u0119.<\/p>\n\t\t\t\t<img decoding=\"async\" data-src=\"https:\/\/ebenezeroe.wpengine.com\/wp-content\/uploads\/2021\/05\/Untitled-design-34.png\" alt=\"Untitled design-34\" itemprop=\"image\" title=\"Untitled design-34\" onerror=\"this.style.display='none'\" src=\"data:image\/svg+xml;base64,PHN2ZyB3aWR0aD0iMSIgaGVpZ2h0PSIxIiB4bWxucz0iaHR0cDovL3d3dy53My5vcmcvMjAwMC9zdmciPjwvc3ZnPg==\" class=\"lazyload\" \/>\n\t<p>W narodach, w kt\u00f3rych istniej\u0105 spo\u0142eczno\u015bci \u017cydowskie, nawi\u0105zujemy kontakty i przedstawiamy mo\u017cliwo\u015bci imigracji Alija, dostarczaj\u0105c pomoc humanitarn\u0105, lekarstwa i praktyczn\u0105 asyst\u0119 w razie potrzeby. <\/p>\n<p>Robimy to poprzez budowanie zespo\u0142\u00f3w lokalnych pracownik\u00f3w, zak\u0142adanie urz\u0119d\u00f3w w krajach, udzielanie wsparcia i praktycznej pomocy tam, gdzie jest to potrzebne, pomoc finansow\u0105 osobom przygotowuj\u0105cym dokumenty i ucz\u0119szczaj\u0105cym na wizyty konsularne.<\/p>\n<h2>\n\t\t\u201eJeste\u015bmy \u015bwiadkami wype\u0142niania si\u0119 proroctw biblijnych&#8221;\n\t<\/h2>\n<h2>\n\t\tZapewniamy r\u00f3wnie\u017c transport na lotniska dla tych, kt\u00f3rzy tego potrzebuj\u0105.\n\t<\/h2>\n\t<p>Wa\u017cn\u0105 cz\u0119\u015bci\u0105 pracy jest ochrona modlitewna w wielu aspektach s\u0142u\u017cby, a zw\u0142aszcza tam, gdzie pojawiaj\u0105 si\u0119 specyficzne problemy. Cz\u0119sto \u0142\u0105czymy si\u0119 z Agencj\u0105 \u017bydowsk\u0105, izraelskim organem utworzonym w celu promowania Alija i pomagamy im w naszym wsp\u00f3lnym celu zach\u0119cania do imigracji do Izraela.<\/p>\n\t<p>W ka\u017cdym kraju, w kt\u00f3rym reprezentowany jest Ebenezer Operacja Exodus, nie tylko docieramy do lokalnych spo\u0142eczno\u015bci \u017cydowskich, ale tak\u017ce uczymy ko\u015bcio\u0142y chrze\u015bcija\u0144skie odpowiedzialno\u015bci za okazywanie mi\u0142o\u015bci i praktycznej pomocy narodowi \u017cydowskiemu. <\/p>\n<p>Przypominamy wezwanie Izajasza: <i>\u201ePocieszcie, pocieszcie m\u00f3j lud! &#8211; m\u00f3wi wasz B\u00f3g. Przemawiajcie do serca Jeruzalem&#8230;&#8221; (rozdzia\u0142 40).<\/i><\/p>\n<h2>\n\t\tPomoc Ocala\u0142ym z Holokaustu\n\t<\/h2>\n\t<p>Wiele spo\u0142eczno\u015bci \u017cydowskich w Europie i by\u0142ym Zwi\u0105zku Radzieckim zosta\u0142o dotkni\u0119tych Holokaustem, a niekt\u00f3rzy z ich starszych mieszka\u0144c\u00f3w \u017cyj\u0105 z niezwykle bolesnymi wspomnieniami utraty rodzic\u00f3w i rodze\u0144stwa, gdy nazi\u015bci najechali ich kraj. Czasami te wspomnienia s\u0105 zbyt bolesne, aby ludzie mogli o nich m\u00f3wi\u0107. Wtedy wystarczy obj\u0105\u0107 ich ramieniem, przynie\u015b\u0107 bardzo potrzebne jedzenie, ubrania lub lekarstwa i delikatnie m\u00f3wi\u0107 o mo\u017cliwo\u015bci wyjazdu do Izraela. Jest to \u0142atwiejsze, je\u015bli maj\u0105 krewnych, kt\u00f3rzy te\u017c chc\u0105 wyjecha\u0107, ale je\u015bli ocaleni z Holokaustu s\u0105 samotni to potrzeba im okaza\u0107 wiele zach\u0119ty i mi\u0142o\u015bci aby podj\u0119li decyzj\u0119 tak donios\u0142ej zmiany w swoim \u017cyciu.<\/p>\n<h2>\n\t\tPo przyje\u017adzie do Izraela\n\t<\/h2>\n\t<p>nadal zapewniamy wsparcie tam, gdzie jest to potrzebne. W\u0142a\u015bnie w tym celu w 2006 roku otworzyli\u015bmy nasze biuro w Jerozolimie. Imigracja Alija to czas wielkich przemian w \u017cyciu ludzi. Posiadanie biura obs\u0142ugiwanego przez przyjazny, kompetentny i wieloj\u0119zyczny personel jest bardzo pomocne, gdy Olim maj\u0105 problemy ze znalezieniem mieszkania i pracy oraz inne problemy w nowym kraju, w kt\u00f3rym nie znaj\u0105 systemu. W razie potrzeby s\u0142u\u017cymy pomoc\u0105 w postaci paczek \u017cywno\u015bciowych, przybor\u00f3w szkolnych i but\u00f3w dla dzieci, a tak\u017ce pokrywamy koszty pierwszych rachunk\u00f3w za media.<\/p>\n<h2>\n\t\tDom w Hajfie\n\t<\/h2>\n\t<p>W 2019 roku otworzyli\u015bmy dom w Hajfie jako pomost dla nowo przyby\u0142ych Olim ze szczeg\u00f3lnie trudnymi problemami. Mog\u0105 to by\u0107 osoby z powa\u017cnymi lub d\u0142ugotrwa\u0142ymi chorobami, problemami z poruszaniem si\u0119, ale tak\u017ce osoby starsze, w tym ocaleni z Holokaustu, bez krewnych lub przyjaci\u00f3\u0142 w Izraelu.<\/p>\n\t\t\t<a href=\"https:\/\/ebenezer-oe.org\/pl\/dokonywanie-aliji\/\" target=\"_self\" rel=\"noopener\">\n\t\t\t\t\t\t\tDowiedz si\u0119 wi\u0119cej\n\t\t\t\t\t<\/a>\n<h2>\n\t\tCzy czujesz si\u0119 powo\u0142any, aby pom\u00f3c nam w tej pracy?\n\t<\/h2>\n\t<p>Dowiedz si\u0119, jak si\u0119 zaanga\u017cowa\u0107 poni\u017cej:<\/p>\n\t\t\t\t\t\t\t\t<a href=\"https:\/\/ebenezeroe.wpengine.com\/partner-with-us\/commit-to-pray\/\" target=\"_self\" rel=\"noopener\">\n\t\t\t\t\t\t<\/a>\n\t<h3><a href=\"https:\/\/ebenezeroe.wpengine.com\/partner-with-us\/commit-to-pray\/\" target=\"_self\" rel=\"noopener\">M\u00f3dl si\u0119<\/a><\/h3>\t\t\n\t\t\tNasza s\u0142u\u017cba zrodzi\u0142a si\u0119 z modlitwy, a liderzy uwa\u017caj\u0105, \u017ce modlitwa musi by\u0107 podstaw\u0105 wszystkich naszych dzia\u0142a\u0144&#8230;<br \/>\n\n\t\t\t<a href=\"https:\/\/ebenezer-oe.org\/pl\/zostan-naszym-partnerem\/dolacz-do-modlitwy\/\" target=\"_self\" rel=\"noopener\">\n\t\t\t\t\t\t\tDowiedz si\u0119 wi\u0119cej\n\t\t\t\t\t<\/a>\n\t\t<h3>Wspieraj<\/h3>\t\t\n\t\t\t<p>Nasza praca funkcjonuje na wszystkich kontynentach w ponad 55 krajach. Je\u015bli chcia\u0142by\u015b z nami wsp\u00f3\u0142pracowa\u0107, wnosz\u0105c sw\u00f3j wk\u0142ad finansowy, b\u0119dziemy bardzo wdzi\u0119czni. Mo\u017cna to zrobi\u0107 na kilka sposob\u00f3w&#8230;<\/p>\n\t\t\t<a href=\"https:\/\/ebenezer-oe.org\/pl\/wspieraj\/\" target=\"_self\" rel=\"noopener\">\n\t\t\t\t\t\t\tWspieraj\n\t\t\t\t\t<\/a>\n\t\t\t\t\t\t\t\t<a href=\"https:\/\/ebenezeroe.wpengine.com\/partner-with-us\/serve-with-ebenezer\/\" target=\"_self\" rel=\"noopener\">\n\t\t\t\t\t\t<\/a>\n\t\t<h3><a href=\"https:\/\/ebenezeroe.wpengine.com\/partner-with-us\/serve-with-ebenezer\/\" target=\"_self\" rel=\"noopener\">Wolontariat<\/a><\/h3>\t\t\n\t\t\t<p>Mamy wiele mo\u017cliwo\u015bci w r\u00f3\u017cnych cz\u0119\u015bciach \u015bwiata dla os\u00f3b powo\u0142anych do s\u0142u\u017cby jako wolontariusze&#8230;<\/p>\n\t\t\t<a href=\"https:\/\/ebenezer-oe.org\/pl\/zostan-naszym-partnerem\/wolontariusz\/\" target=\"_self\" rel=\"noopener\">\n\t\t\t\t\t\t\tDowiedz si\u0119 wi\u0119cej\n\t\t\t\t\t<\/a>\n\n","protected":false},"excerpt":{"rendered":"<p>Nasza Praca Poza modlitw\u0105, nasz\u0105 g\u0142\u00f3wnym celem jest pom\u00f3c jak najwi\u0119kszej liczbie \u017byd\u00f3w w emigracji do Izraela, czyli \u201edokona\u0107 Aliji&#8221;, jak to jest znane w j\u0119zyku hebrajskim. &nbsp; W razie potrzeby zapewniamy r\u00f3wnie\u017c pomoc humanitarn\u0105 i finansow\u0105 oraz praktyczn\u0105 pomoc w procesie Aliji. W Izraelu pomagamy imigrantom Olim, kt\u00f3rzy mog\u0105 napotka\u0107 trudno\u015bci w osiedlaniu si\u0119.&hellip;<\/p>\n","protected":false},"author":1,"featured_media":0,"parent":77704,"menu_order":4,"comment_status":"closed","ping_status":"closed","template":"","meta":{"footnotes":""},"class_list":["post-77813","page","type-page","status-publish","hentry"],"yoast_head":"<!-- This site is optimized with the Yoast SEO plugin v27.4 - https:\/\/yoast.com\/product\/yoast-seo-wordpress\/ -->\n<title>Nasza Praca - Ebenezer Operation Exodus<\/title>\n<meta name=\"robots\" content=\"index, follow, max-snippet:-1, max-image-preview:large, max-video-preview:-1\" \/>\n<link rel=\"canonical\" href=\"https:\/\/ebenezer-oe.org\/pl\/o-nas\/nasza-praca\/\" \/>\n<meta property=\"og:locale\" content=\"pl_PL\" \/>\n<meta property=\"og:type\" content=\"article\" \/>\n<meta property=\"og:title\" content=\"Nasza Praca - Ebenezer Operation Exodus\" \/>\n<meta property=\"og:description\" content=\"Nasza Praca Poza modlitw\u0105, nasz\u0105 g\u0142\u00f3wnym celem jest pom\u00f3c jak najwi\u0119kszej liczbie \u017byd\u00f3w w emigracji do Izraela, czyli \u201edokona\u0107 Aliji&#8221;, jak to jest znane w j\u0119zyku hebrajskim. &nbsp; W razie potrzeby zapewniamy r\u00f3wnie\u017c pomoc humanitarn\u0105 i finansow\u0105 oraz praktyczn\u0105 pomoc w procesie Aliji. W Izraelu pomagamy imigrantom Olim, kt\u00f3rzy mog\u0105 napotka\u0107 trudno\u015bci w osiedlaniu si\u0119.&hellip;\" \/>\n<meta property=\"og:url\" content=\"https:\/\/ebenezer-oe.org\/pl\/o-nas\/nasza-praca\/\" \/>\n<meta property=\"og:site_name\" content=\"Ebenezer Operation Exodus\" \/>\n<meta property=\"article:publisher\" content=\"https:\/\/www.facebook.com\/EbenezerInt\" \/>\n<meta property=\"article:modified_time\" content=\"2023-07-31T10:26:11+00:00\" \/>\n<meta property=\"og:image\" content=\"https:\/\/ebenezeroe.wpengine.com\/wp-content\/uploads\/2021\/05\/Untitled-design-34.png\" \/>\n<meta name=\"twitter:card\" content=\"summary_large_image\" \/>\n<meta name=\"twitter:label1\" content=\"Szacowany czas czytania\" \/>\n\t<meta name=\"twitter:data1\" content=\"3 minuty\" \/>\n<script type=\"application\/ld+json\" class=\"yoast-schema-graph\">{\"@context\":\"https:\\\/\\\/schema.org\",\"@graph\":[{\"@type\":\"WebPage\",\"@id\":\"https:\\\/\\\/ebenezer-oe.org\\\/pl\\\/o-nas\\\/nasza-praca\\\/\",\"url\":\"https:\\\/\\\/ebenezer-oe.org\\\/pl\\\/o-nas\\\/nasza-praca\\\/\",\"name\":\"Nasza Praca - Ebenezer Operation Exodus\",\"isPartOf\":{\"@id\":\"https:\\\/\\\/ebenezer-oe.org\\\/#website\"},\"primaryImageOfPage\":{\"@id\":\"https:\\\/\\\/ebenezer-oe.org\\\/pl\\\/o-nas\\\/nasza-praca\\\/#primaryimage\"},\"image\":{\"@id\":\"https:\\\/\\\/ebenezer-oe.org\\\/pl\\\/o-nas\\\/nasza-praca\\\/#primaryimage\"},\"thumbnailUrl\":\"https:\\\/\\\/ebenezeroe.wpengine.com\\\/wp-content\\\/uploads\\\/2021\\\/05\\\/Untitled-design-34.png\",\"datePublished\":\"2022-11-15T14:56:14+00:00\",\"dateModified\":\"2023-07-31T10:26:11+00:00\",\"breadcrumb\":{\"@id\":\"https:\\\/\\\/ebenezer-oe.org\\\/pl\\\/o-nas\\\/nasza-praca\\\/#breadcrumb\"},\"inLanguage\":\"pl-PL\",\"potentialAction\":[{\"@type\":\"ReadAction\",\"target\":[\"https:\\\/\\\/ebenezer-oe.org\\\/pl\\\/o-nas\\\/nasza-praca\\\/\"]}]},{\"@type\":\"ImageObject\",\"inLanguage\":\"pl-PL\",\"@id\":\"https:\\\/\\\/ebenezer-oe.org\\\/pl\\\/o-nas\\\/nasza-praca\\\/#primaryimage\",\"url\":\"https:\\\/\\\/ebenezeroe.wpengine.com\\\/wp-content\\\/uploads\\\/2021\\\/05\\\/Untitled-design-34.png\",\"contentUrl\":\"https:\\\/\\\/ebenezeroe.wpengine.com\\\/wp-content\\\/uploads\\\/2021\\\/05\\\/Untitled-design-34.png\"},{\"@type\":\"BreadcrumbList\",\"@id\":\"https:\\\/\\\/ebenezer-oe.org\\\/pl\\\/o-nas\\\/nasza-praca\\\/#breadcrumb\",\"itemListElement\":[{\"@type\":\"ListItem\",\"position\":1,\"name\":\"Home\",\"item\":\"https:\\\/\\\/ebenezer-oe.org\\\/pl\\\/\"},{\"@type\":\"ListItem\",\"position\":2,\"name\":\"O nas\",\"item\":\"https:\\\/\\\/ebenezer-oe.org\\\/pl\\\/o-nas\\\/\"},{\"@type\":\"ListItem\",\"position\":3,\"name\":\"Nasza Praca\"}]},{\"@type\":\"WebSite\",\"@id\":\"https:\\\/\\\/ebenezer-oe.org\\\/#website\",\"url\":\"https:\\\/\\\/ebenezer-oe.org\\\/\",\"name\":\"Ebenezer - Operation Exodus\",\"description\":\"\",\"publisher\":{\"@id\":\"https:\\\/\\\/ebenezer-oe.org\\\/#organization\"},\"potentialAction\":[{\"@type\":\"SearchAction\",\"target\":{\"@type\":\"EntryPoint\",\"urlTemplate\":\"https:\\\/\\\/ebenezer-oe.org\\\/?s={search_term_string}\"},\"query-input\":{\"@type\":\"PropertyValueSpecification\",\"valueRequired\":true,\"valueName\":\"search_term_string\"}}],\"inLanguage\":\"pl-PL\"},{\"@type\":\"Organization\",\"@id\":\"https:\\\/\\\/ebenezer-oe.org\\\/#organization\",\"name\":\"Ebenezer - Operation Exodus\",\"url\":\"https:\\\/\\\/ebenezer-oe.org\\\/\",\"logo\":{\"@type\":\"ImageObject\",\"inLanguage\":\"pl-PL\",\"@id\":\"https:\\\/\\\/ebenezer-oe.org\\\/#\\\/schema\\\/logo\\\/image\\\/\",\"url\":\"https:\\\/\\\/ebenezeroe.wpengine.com\\\/wp-content\\\/uploads\\\/2020\\\/09\\\/Logo_EOE_EN_Colour-Horizontal.png\",\"contentUrl\":\"https:\\\/\\\/ebenezeroe.wpengine.com\\\/wp-content\\\/uploads\\\/2020\\\/09\\\/Logo_EOE_EN_Colour-Horizontal.png\",\"width\":1922,\"height\":928,\"caption\":\"Ebenezer - Operation Exodus\"},\"image\":{\"@id\":\"https:\\\/\\\/ebenezer-oe.org\\\/#\\\/schema\\\/logo\\\/image\\\/\"},\"sameAs\":[\"https:\\\/\\\/www.facebook.com\\\/EbenezerInt\",\"https:\\\/\\\/www.instagram.com\\\/ebenezer_oe_eng\\\/\",\"https:\\\/\\\/www.youtube.com\\\/channel\\\/UC6qGHrKKeamFVz95Vd8LR1g\"]}]}<\/script>\n<!-- \/ Yoast SEO plugin. -->","yoast_head_json":{"title":"Nasza Praca - Ebenezer Operation Exodus","robots":{"index":"index","follow":"follow","max-snippet":"max-snippet:-1","max-image-preview":"max-image-preview:large","max-video-preview":"max-video-preview:-1"},"canonical":"https:\/\/ebenezer-oe.org\/pl\/o-nas\/nasza-praca\/","og_locale":"pl_PL","og_type":"article","og_title":"Nasza Praca - Ebenezer Operation Exodus","og_description":"Nasza Praca Poza modlitw\u0105, nasz\u0105 g\u0142\u00f3wnym celem jest pom\u00f3c jak najwi\u0119kszej liczbie \u017byd\u00f3w w emigracji do Izraela, czyli \u201edokona\u0107 Aliji&#8221;, jak to jest znane w j\u0119zyku hebrajskim. &nbsp; W razie potrzeby zapewniamy r\u00f3wnie\u017c pomoc humanitarn\u0105 i finansow\u0105 oraz praktyczn\u0105 pomoc w procesie Aliji. W Izraelu pomagamy imigrantom Olim, kt\u00f3rzy mog\u0105 napotka\u0107 trudno\u015bci w osiedlaniu si\u0119.&hellip;","og_url":"https:\/\/ebenezer-oe.org\/pl\/o-nas\/nasza-praca\/","og_site_name":"Ebenezer Operation Exodus","article_publisher":"https:\/\/www.facebook.com\/EbenezerInt","article_modified_time":"2023-07-31T10:26:11+00:00","og_image":[{"url":"https:\/\/ebenezeroe.wpengine.com\/wp-content\/uploads\/2021\/05\/Untitled-design-34.png","type":"","width":"","height":""}],"twitter_card":"summary_large_image","twitter_misc":{"Szacowany czas czytania":"3 minuty"},"schema":{"@context":"https:\/\/schema.org","@graph":[{"@type":"WebPage","@id":"https:\/\/ebenezer-oe.org\/pl\/o-nas\/nasza-praca\/","url":"https:\/\/ebenezer-oe.org\/pl\/o-nas\/nasza-praca\/","name":"Nasza Praca - Ebenezer Operation Exodus","isPartOf":{"@id":"https:\/\/ebenezer-oe.org\/#website"},"primaryImageOfPage":{"@id":"https:\/\/ebenezer-oe.org\/pl\/o-nas\/nasza-praca\/#primaryimage"},"image":{"@id":"https:\/\/ebenezer-oe.org\/pl\/o-nas\/nasza-praca\/#primaryimage"},"thumbnailUrl":"https:\/\/ebenezeroe.wpengine.com\/wp-content\/uploads\/2021\/05\/Untitled-design-34.png","datePublished":"2022-11-15T14:56:14+00:00","dateModified":"2023-07-31T10:26:11+00:00","breadcrumb":{"@id":"https:\/\/ebenezer-oe.org\/pl\/o-nas\/nasza-praca\/#breadcrumb"},"inLanguage":"pl-PL","potentialAction":[{"@type":"ReadAction","target":["https:\/\/ebenezer-oe.org\/pl\/o-nas\/nasza-praca\/"]}]},{"@type":"ImageObject","inLanguage":"pl-PL","@id":"https:\/\/ebenezer-oe.org\/pl\/o-nas\/nasza-praca\/#primaryimage","url":"https:\/\/ebenezeroe.wpengine.com\/wp-content\/uploads\/2021\/05\/Untitled-design-34.png","contentUrl":"https:\/\/ebenezeroe.wpengine.com\/wp-content\/uploads\/2021\/05\/Untitled-design-34.png"},{"@type":"BreadcrumbList","@id":"https:\/\/ebenezer-oe.org\/pl\/o-nas\/nasza-praca\/#breadcrumb","itemListElement":[{"@type":"ListItem","position":1,"name":"Home","item":"https:\/\/ebenezer-oe.org\/pl\/"},{"@type":"ListItem","position":2,"name":"O nas","item":"https:\/\/ebenezer-oe.org\/pl\/o-nas\/"},{"@type":"ListItem","position":3,"name":"Nasza Praca"}]},{"@type":"WebSite","@id":"https:\/\/ebenezer-oe.org\/#website","url":"https:\/\/ebenezer-oe.org\/","name":"Ebenezer - Operation Exodus","description":"","publisher":{"@id":"https:\/\/ebenezer-oe.org\/#organization"},"potentialAction":[{"@type":"SearchAction","target":{"@type":"EntryPoint","urlTemplate":"https:\/\/ebenezer-oe.org\/?s={search_term_string}"},"query-input":{"@type":"PropertyValueSpecification","valueRequired":true,"valueName":"search_term_string"}}],"inLanguage":"pl-PL"},{"@type":"Organization","@id":"https:\/\/ebenezer-oe.org\/#organization","name":"Ebenezer - Operation Exodus","url":"https:\/\/ebenezer-oe.org\/","logo":{"@type":"ImageObject","inLanguage":"pl-PL","@id":"https:\/\/ebenezer-oe.org\/#\/schema\/logo\/image\/","url":"https:\/\/ebenezeroe.wpengine.com\/wp-content\/uploads\/2020\/09\/Logo_EOE_EN_Colour-Horizontal.png","contentUrl":"https:\/\/ebenezeroe.wpengine.com\/wp-content\/uploads\/2020\/09\/Logo_EOE_EN_Colour-Horizontal.png","width":1922,"height":928,"caption":"Ebenezer - Operation Exodus"},"image":{"@id":"https:\/\/ebenezer-oe.org\/#\/schema\/logo\/image\/"},"sameAs":["https:\/\/www.facebook.com\/EbenezerInt","https:\/\/www.instagram.com\/ebenezer_oe_eng\/","https:\/\/www.youtube.com\/channel\/UC6qGHrKKeamFVz95Vd8LR1g"]}]}},"_links":{"self":[{"href":"https:\/\/ebenezer-oe.org\/pl\/wp-json\/wp\/v2\/pages\/77813","targetHints":{"allow":["GET"]}}],"collection":[{"href":"https:\/\/ebenezer-oe.org\/pl\/wp-json\/wp\/v2\/pages"}],"about":[{"href":"https:\/\/ebenezer-oe.org\/pl\/wp-json\/wp\/v2\/types\/page"}],"author":[{"embeddable":true,"href":"https:\/\/ebenezer-oe.org\/pl\/wp-json\/wp\/v2\/users\/1"}],"replies":[{"embeddable":true,"href":"https:\/\/ebenezer-oe.org\/pl\/wp-json\/wp\/v2\/comments?post=77813"}],"version-history":[{"count":0,"href":"https:\/\/ebenezer-oe.org\/pl\/wp-json\/wp\/v2\/pages\/77813\/revisions"}],"up":[{"embeddable":true,"href":"https:\/\/ebenezer-oe.org\/pl\/wp-json\/wp\/v2\/pages\/77704"}],"wp:attachment":[{"href":"https:\/\/ebenezer-oe.org\/pl\/wp-json\/wp\/v2\/media?parent=77813"}],"curies":[{"name":"wp","href":"https:\/\/api.w.org\/{rel}","templated":true}]}}