{"id":77853,"date":"2022-11-16T07:16:42","date_gmt":"2022-11-16T07:16:42","guid":{"rendered":"https:\/\/ebenezer-oe.org\/dokonywanie-aliji\/"},"modified":"2023-07-26T09:52:52","modified_gmt":"2023-07-26T09:52:52","slug":"dokonywanie-aliji","status":"publish","type":"page","link":"https:\/\/ebenezer-oe.org\/pl\/dokonywanie-aliji\/","title":{"rendered":"Dokonywanie Aliji"},"content":{"rendered":"\n<h2>\n\t\tDokonywanie Aliji\n\t<\/h2>\n\t<p>Pomagam ci wr\u00f3ci\u0107 do domu<\/p>\n\t<p>Od 1991 roku pomogli\u015bmy ponad 190 000 Olim dokona\u0107 Aliji z wielu r\u00f3\u017cnych narod\u00f3w \u015bwiata.<\/p>\n<p>Jeste\u015bmy tutaj, aby uczyni\u0107 proces Aliji bardziej komfortowym.<\/p>\n<p>&nbsp;<\/p>\n\t<p>W by\u0142ym Zwi\u0105zku Radzieckim i innych krajach nasze zespo\u0142y znajduj\u0105 i zach\u0119caj\u0105 \u017byd\u00f3w do powrotu do Izraela w celu wype\u0142nienia proroctwa biblijnego. Dzielimy si\u0119 tym, co Biblia m\u00f3wi o Bo\u017cych przymierzach i Jego obietnicach dla Izraela. Zapewniamy wsparcie, nadziej\u0119, pomoc praktyczn\u0105, a czasem pomoc finansow\u0105.<\/p>\n\t\t\t<a href=\"https:\/\/ebenezer-oe.org\/pl\/skontaktuj-sie-z-nami\/\" target=\"_self\" rel=\"noopener\">\n\t\t\t\t\t\t\tChcia\u0142bym otrzyma\u0107 wi\u0119cej informacji\n\t\t\t\t\t<\/a>\n\t<p><i>\u201eKa\u017cdy \u017byd ma prawo przyby\u0107 do tego kraju jako Ole&#8221;<\/i><\/p>\n<p><b><\/b><i>&#8211;<\/i>Prawo powrotu rz\u0105du izraelskiego, 1950.<\/p>\n\t<p>Dla aspiruj\u0105cych Olim:<\/p>\n<h2>\n\t\tDom w Hajfie\n\t<\/h2>\n\t<p>Proces sk\u0142adania wniosku o Alij\u0119 wymaga posiadania adresu zamieszkania w Izraelu przed przyjazdem. Nasz Dom Olim w Hajfie na p\u00f3\u0142nocy Izraela zapewnia nowym imigrantom pierwsze miejsce pobytu podczas Aliji.<\/p>\n<p>Jeste\u015bmy tutaj, aby pom\u00f3c Ci przez ca\u0142\u0105 podr\u00f3\u017c Alija, zapewniaj\u0105c praktyczn\u0105 pomoc. Ca\u0142e nasze wsparcie jest dostosowane do Twoich potrzeb i naszej zdolno\u015bci do pomocy. Wype\u0142nij poni\u017cszy formularz kontaktowy, a skontaktujemy Ci\u0119 z kim\u015b z Twojego kraju.<\/p>\n\t\t\t<a href=\"https:\/\/ebenezer-oe.org\/pl\/skontaktuj-sie-z-nami\/\" target=\"_self\" rel=\"noopener\">\n\t\t\t\t\t\t\tDowiedz si\u0119 wi\u0119cej\n\t\t\t\t\t<\/a>\n\t<iframe title=\"Do you want to make Aliyah? | Haifa House\" width=\"500\" height=\"281\" data-src=\"https:\/\/www.youtube.com\/embed\/6PbGqj5upK4?feature=oembed\" frameborder=\"0\" allow=\"accelerometer; autoplay; clipboard-write; encrypted-media; gyroscope; picture-in-picture\" allowfullscreen src=\"data:image\/svg+xml;base64,PHN2ZyB3aWR0aD0iMSIgaGVpZ2h0PSIxIiB4bWxucz0iaHR0cDovL3d3dy53My5vcmcvMjAwMC9zdmciPjwvc3ZnPg==\" class=\"lazyload\" data-load-mode=\"1\"><\/iframe>\n\t<p><em>Nie l\u0119kaj si\u0119, bo jestem z tob\u0105. Przywiod\u0119 ze Wschodu twe plemi\u0119 i z Zachodu ci\u0119 pozbieram. P\u00f3\u0142nocy powiem: &#8222;Oddaj!&#8221; i Po\u0142udniowi: &#8222;Nie zatrzymuj!&#8221; Przywied\u017a moich syn\u00f3w z daleka i c\u00f3rki moje z kra\u0144c\u00f3w ziemi. Wszystkich, kt\u00f3rzy nosz\u0105 me imi\u0119 i kt\u00f3rych stworzy\u0142em dla mojej chwa\u0142y&#8230; <\/em><\/p>\n<p>Ks. Izajasza 43: 5-7a<\/p>\n<h2>\n\t\tCzy potrzebujesz wi\u0119cej informacji?\n\t<\/h2>\n\t<p>Skontaktuj si\u0119 z nami ju\u017c dzi\u015b, je\u015bli chcesz uzyska\u0107 wi\u0119cej informacji na temat imigracji Alija.<\/p>\n\t\t\t<a href=\"https:\/\/ebenezer-oe.org\/pl\/skontaktuj-sie-z-nami\/\" target=\"_self\" rel=\"noopener\">\n\t\t\t\t\t\t\tChcia\u0142bym otrzyma\u0107 wi\u0119cej informacji\n\t\t\t\t\t<\/a>\n<h2>\n\t\t\u015awiadectwa:\n\t<\/h2>\n\t\t\t\t<img decoding=\"async\" data-src=\"https:\/\/ebenezeroe.wpengine.com\/wp-content\/uploads\/2021\/05\/46.png\" alt=\"46\" itemprop=\"image\" title=\"46\" onerror=\"this.style.display='none'\" src=\"data:image\/svg+xml;base64,PHN2ZyB3aWR0aD0iMSIgaGVpZ2h0PSIxIiB4bWxucz0iaHR0cDovL3d3dy53My5vcmcvMjAwMC9zdmciPjwvc3ZnPg==\" class=\"lazyload\" \/>\n\t<p>Shayan<\/p>\n\t<p>USA<\/p>\n\t<p><i>\u201eNie ma takiego miejsca, z kt\u00f3rym czuj\u0119 si\u0119 bardziej duchowo zwi\u0105zany, bardziej czysty emocjonalnie i zmotywowany. Nie ma takiego miejsca jak dom. Moj\u0105 misj\u0105 jest zach\u0119canie ka\u017cdego \u017byda, kt\u00f3rego znam, do urzeczywistnienia marzenia o uczynieniu Aliji, powrocie do Izraela, aby wsp\u00f3lnie napisa\u0107 kolejny rozdzia\u0142 w historii naszego narodu&#8230; Nie mog\u0119 si\u0119 doczeka\u0107 powrotu do miejsca, gdzie moje serce, cia\u0142o i dusza przynale\u017c\u0105 i stworzy\u0107 w\u0142asny dom w Eretz Yisrael. Nar\u00f3d \u017cydowski nigdy nie by\u0142 tak pe\u0142ny \u017cycia i zdrowia.&#8221;<\/i><\/p>\n\t\t\t\t<img decoding=\"async\" data-src=\"https:\/\/ebenezeroe.wpengine.com\/wp-content\/uploads\/2021\/05\/47.png\" alt=\"47\" itemprop=\"image\" title=\"47\" onerror=\"this.style.display='none'\" src=\"data:image\/svg+xml;base64,PHN2ZyB3aWR0aD0iMSIgaGVpZ2h0PSIxIiB4bWxucz0iaHR0cDovL3d3dy53My5vcmcvMjAwMC9zdmciPjwvc3ZnPg==\" class=\"lazyload\" \/>\n\tBoris and Tamara<strong><br \/>\n<\/strong>\n\t<p>Gruzja<\/p>\n\t<p><i>\u201eNasz syn s\u0142u\u017cy\u0142 w IDF [Israeli Defense Force], uko\u0144czy\u0142 studia, o\u017ceni\u0142 si\u0119, a teraz ma rodzin\u0119. Bardzo chcemy prze\u017cy\u0107 reszt\u0119 naszego \u017cycia w Izraelu obok naszego syna i wnuk\u00f3w, a Ebenezer Operacja Exodus nam pomo\u017ce. Jeste\u015bmy bardzo wdzi\u0119czni za ich prac\u0119 i za nasz\u0105 d\u0142ugoletni\u0105 relacj\u0119 z nimi, pomagaj\u0105c innym olim. Jeste\u015bmy bardzo podekscytowani, teraz nasza kolej. Nie mo\u017cemy si\u0119 doczeka\u0107!&#8221;<\/i><\/p>\n\t\t\t\t<img decoding=\"async\" data-src=\"https:\/\/ebenezeroe.wpengine.com\/wp-content\/uploads\/2021\/05\/48.png\" alt=\"48\" itemprop=\"image\" title=\"48\" onerror=\"this.style.display='none'\" src=\"data:image\/svg+xml;base64,PHN2ZyB3aWR0aD0iMSIgaGVpZ2h0PSIxIiB4bWxucz0iaHR0cDovL3d3dy53My5vcmcvMjAwMC9zdmciPjwvc3ZnPg==\" class=\"lazyload\" \/>\n\tSaray<strong><br \/>\n<\/strong>\n\t<p>Kolumbia<\/p>\n\t<p>\u201eMoja rodzina nauczy\u0142a mnie, \u017ce Izrael jest moim narodem, a Kolumbia wychowa\u0142a mnie i pokaza\u0142a mi, gdzie mam i\u015b\u0107 i \u017ce nie musz\u0119 odczuwa\u0107 frustracji, gdy powr\u00f3t do Izraela sta\u0142 si\u0119 trudny, bo nast\u0105pi we w\u0142a\u015bciwym czasie. Wszystko, co robi\u0142am w Kolumbii, robi\u0142am z my\u015bl\u0105 o mojej Aliji. To niewiarygodne, \u017ce pojawi\u0142a si\u0119 Ebenezer Operacja Exodus i da\u0142a nam ca\u0142e wsparcie, kt\u00f3rego potrzebowali\u015bmy szczeg\u00f3lnie w przypadku wielu przesiadek i specjalnych warunk\u00f3w wymaganych, aby podr\u00f3\u017c by\u0142a bezpieczna dla mojej 93-letniej babci!&#8221;<\/p>\n\t\t\t\t<img decoding=\"async\" data-src=\"https:\/\/ebenezeroe.wpengine.com\/wp-content\/uploads\/2021\/05\/45.png\" alt=\"45\" itemprop=\"image\" title=\"45\" onerror=\"this.style.display='none'\" src=\"data:image\/svg+xml;base64,PHN2ZyB3aWR0aD0iMSIgaGVpZ2h0PSIxIiB4bWxucz0iaHR0cDovL3d3dy53My5vcmcvMjAwMC9zdmciPjwvc3ZnPg==\" class=\"lazyload\" \/>\n\tJerret z Rodzin\u0105<strong><br \/>\n<\/strong>\n\t<p>USA<\/p>\n\t<p><i>\u201e<\/i>Tyle my\u015bli kr\u0105\u017cy w naszych g\u0142owach!! Robimy Alij\u0119, poniewa\u017c uwa\u017camy, \u017ce wyjazd do Izraela jest naszym obowi\u0105zkiem. Nie b\u0119dziemy mie\u0107 wszystkich wyg\u00f3d&#8230; nie b\u0119dziemy mie\u0107 tego samego systemu wsparcia itp. Ale to jest w\u0142a\u015bciwa rzecz &#8211; by\u0107 z naszymi \u201ebra\u0107mi&#8221; i \u201esiostrami&#8221; w naszej Ziemi \u015awi\u0119tej, oddychaj\u0105c ca\u0142\u0105 duchowo\u015bci\u0105 i bogat\u0105 histori\u0105 naszej Ziemi i \u0142\u0105cz\u0105c si\u0119 z Ziemi\u0105, \u201e\u017cyw\u0105 krain\u0105&#8221;, kt\u00f3ra, jak wierzymy, ma niesamowit\u0105 zdolno\u015b\u0107 wznoszenia nas na wznios\u0142e poziomy duchowe&#8221;<\/p>\n<h2>\n\t\tSkontaktuj si\u0119 z naszym zespo\u0142em w Izraelu! \n\t<\/h2>\n\t<p>Odwied\u017a Izraelsk\u0105 Narodow\u0105 Stron\u0119, aby dowiedzie\u0107 si\u0119, jak mo\u017cemy Ci pom\u00f3c z ziemi Izraela.<\/p>\n<p>Odkryj obszern\u0105 baz\u0119 danych izraelskich organizacji przydatn\u0105 dla nowych Olim, formularz zg\u0142oszeniowy do Domu w Hajfie i wiele wi\u0119cej!<\/p>\n\t\t\t<a href=\"https:\/\/ebenezer.org.il\" target=\"_blank\" rel=\"noopener\">\n\t\t\t\t\t\t\tIzraelska Narodowa Strona \n\t\t\t\t\t<\/a>\n\t\t\t\t<a href=\"https:\/\/ebenezer.org.il\" target=\"_blank\" rel=\"noopener\" itemprop=\"url\">\n\t\t\t\t<img decoding=\"async\" data-src=\"https:\/\/ebenezeroe.wpengine.com\/wp-content\/uploads\/2021\/12\/Website-Transparent-background-3.png\" alt=\"Website Transparent background-3\" itemprop=\"image\" title=\"Website Transparent background-3\" onerror=\"this.style.display='none'\" src=\"data:image\/svg+xml;base64,PHN2ZyB3aWR0aD0iMSIgaGVpZ2h0PSIxIiB4bWxucz0iaHR0cDovL3d3dy53My5vcmcvMjAwMC9zdmciPjwvc3ZnPg==\" class=\"lazyload\" \/>\n\t\t\t\t<\/a>\n\n","protected":false},"excerpt":{"rendered":"<p>Dokonywanie Aliji Pomagam ci wr\u00f3ci\u0107 do domu Od 1991 roku pomogli\u015bmy ponad 190 000 Olim dokona\u0107 Aliji z wielu r\u00f3\u017cnych narod\u00f3w \u015bwiata. Jeste\u015bmy tutaj, aby uczyni\u0107 proces Aliji bardziej komfortowym. &nbsp; W by\u0142ym Zwi\u0105zku Radzieckim i innych krajach nasze zespo\u0142y znajduj\u0105 i zach\u0119caj\u0105 \u017byd\u00f3w do powrotu do Izraela w celu wype\u0142nienia proroctwa biblijnego. Dzielimy si\u0119&hellip;<\/p>\n","protected":false},"author":1,"featured_media":0,"parent":0,"menu_order":0,"comment_status":"closed","ping_status":"closed","template":"","meta":{"footnotes":""},"class_list":["post-77853","page","type-page","status-publish","hentry"],"yoast_head":"<!-- This site is optimized with the Yoast SEO plugin v27.2 - https:\/\/yoast.com\/product\/yoast-seo-wordpress\/ -->\n<title>Dokonywanie Aliji - Ebenezer Operation Exodus<\/title>\n<meta name=\"robots\" content=\"index, follow, max-snippet:-1, max-image-preview:large, max-video-preview:-1\" \/>\n<link rel=\"canonical\" href=\"https:\/\/ebenezer-oe.org\/pl\/dokonywanie-aliji\/\" \/>\n<meta property=\"og:locale\" content=\"pl_PL\" \/>\n<meta property=\"og:type\" content=\"article\" \/>\n<meta property=\"og:title\" content=\"Dokonywanie Aliji - Ebenezer Operation Exodus\" \/>\n<meta property=\"og:description\" content=\"Dokonywanie Aliji Pomagam ci wr\u00f3ci\u0107 do domu Od 1991 roku pomogli\u015bmy ponad 190 000 Olim dokona\u0107 Aliji z wielu r\u00f3\u017cnych narod\u00f3w \u015bwiata. Jeste\u015bmy tutaj, aby uczyni\u0107 proces Aliji bardziej komfortowym. &nbsp; W by\u0142ym Zwi\u0105zku Radzieckim i innych krajach nasze zespo\u0142y znajduj\u0105 i zach\u0119caj\u0105 \u017byd\u00f3w do powrotu do Izraela w celu wype\u0142nienia proroctwa biblijnego. Dzielimy si\u0119&hellip;\" \/>\n<meta property=\"og:url\" content=\"https:\/\/ebenezer-oe.org\/pl\/dokonywanie-aliji\/\" \/>\n<meta property=\"og:site_name\" content=\"Ebenezer Operation Exodus\" \/>\n<meta property=\"article:publisher\" content=\"https:\/\/www.facebook.com\/EbenezerInt\" \/>\n<meta property=\"article:modified_time\" content=\"2023-07-26T09:52:52+00:00\" \/>\n<meta property=\"og:image\" content=\"https:\/\/ebenezeroe.wpengine.com\/wp-content\/uploads\/2021\/05\/46.png\" \/>\n<meta name=\"twitter:card\" content=\"summary_large_image\" \/>\n<meta name=\"twitter:label1\" content=\"Szacowany czas czytania\" \/>\n\t<meta name=\"twitter:data1\" content=\"3 minuty\" \/>\n<script type=\"application\/ld+json\" class=\"yoast-schema-graph\">{\"@context\":\"https:\/\/schema.org\",\"@graph\":[{\"@type\":\"WebPage\",\"@id\":\"https:\/\/ebenezer-oe.org\/pl\/dokonywanie-aliji\/\",\"url\":\"https:\/\/ebenezer-oe.org\/pl\/dokonywanie-aliji\/\",\"name\":\"Dokonywanie Aliji - Ebenezer Operation Exodus\",\"isPartOf\":{\"@id\":\"https:\/\/ebenezer-oe.org\/#website\"},\"primaryImageOfPage\":{\"@id\":\"https:\/\/ebenezer-oe.org\/pl\/dokonywanie-aliji\/#primaryimage\"},\"image\":{\"@id\":\"https:\/\/ebenezer-oe.org\/pl\/dokonywanie-aliji\/#primaryimage\"},\"thumbnailUrl\":\"https:\/\/ebenezeroe.wpengine.com\/wp-content\/uploads\/2021\/05\/46.png\",\"datePublished\":\"2022-11-16T07:16:42+00:00\",\"dateModified\":\"2023-07-26T09:52:52+00:00\",\"breadcrumb\":{\"@id\":\"https:\/\/ebenezer-oe.org\/pl\/dokonywanie-aliji\/#breadcrumb\"},\"inLanguage\":\"pl-PL\",\"potentialAction\":[{\"@type\":\"ReadAction\",\"target\":[\"https:\/\/ebenezer-oe.org\/pl\/dokonywanie-aliji\/\"]}]},{\"@type\":\"ImageObject\",\"inLanguage\":\"pl-PL\",\"@id\":\"https:\/\/ebenezer-oe.org\/pl\/dokonywanie-aliji\/#primaryimage\",\"url\":\"https:\/\/ebenezeroe.wpengine.com\/wp-content\/uploads\/2021\/05\/46.png\",\"contentUrl\":\"https:\/\/ebenezeroe.wpengine.com\/wp-content\/uploads\/2021\/05\/46.png\"},{\"@type\":\"BreadcrumbList\",\"@id\":\"https:\/\/ebenezer-oe.org\/pl\/dokonywanie-aliji\/#breadcrumb\",\"itemListElement\":[{\"@type\":\"ListItem\",\"position\":1,\"name\":\"Home\",\"item\":\"https:\/\/ebenezer-oe.org\/pl\/\"},{\"@type\":\"ListItem\",\"position\":2,\"name\":\"Dokonywanie Aliji\"}]},{\"@type\":\"WebSite\",\"@id\":\"https:\/\/ebenezer-oe.org\/#website\",\"url\":\"https:\/\/ebenezer-oe.org\/\",\"name\":\"Ebenezer - Operation Exodus\",\"description\":\"\",\"publisher\":{\"@id\":\"https:\/\/ebenezer-oe.org\/#organization\"},\"potentialAction\":[{\"@type\":\"SearchAction\",\"target\":{\"@type\":\"EntryPoint\",\"urlTemplate\":\"https:\/\/ebenezer-oe.org\/?s={search_term_string}\"},\"query-input\":{\"@type\":\"PropertyValueSpecification\",\"valueRequired\":true,\"valueName\":\"search_term_string\"}}],\"inLanguage\":\"pl-PL\"},{\"@type\":\"Organization\",\"@id\":\"https:\/\/ebenezer-oe.org\/#organization\",\"name\":\"Ebenezer - Operation Exodus\",\"url\":\"https:\/\/ebenezer-oe.org\/\",\"logo\":{\"@type\":\"ImageObject\",\"inLanguage\":\"pl-PL\",\"@id\":\"https:\/\/ebenezer-oe.org\/#\/schema\/logo\/image\/\",\"url\":\"https:\/\/ebenezeroe.wpengine.com\/wp-content\/uploads\/2020\/09\/Logo_EOE_EN_Colour-Horizontal.png\",\"contentUrl\":\"https:\/\/ebenezeroe.wpengine.com\/wp-content\/uploads\/2020\/09\/Logo_EOE_EN_Colour-Horizontal.png\",\"width\":1922,\"height\":928,\"caption\":\"Ebenezer - Operation Exodus\"},\"image\":{\"@id\":\"https:\/\/ebenezer-oe.org\/#\/schema\/logo\/image\/\"},\"sameAs\":[\"https:\/\/www.facebook.com\/EbenezerInt\",\"https:\/\/www.instagram.com\/ebenezer_oe_eng\/\",\"https:\/\/www.youtube.com\/channel\/UC6qGHrKKeamFVz95Vd8LR1g\"]}]}<\/script>\n<!-- \/ Yoast SEO plugin. -->","yoast_head_json":{"title":"Dokonywanie Aliji - Ebenezer Operation Exodus","robots":{"index":"index","follow":"follow","max-snippet":"max-snippet:-1","max-image-preview":"max-image-preview:large","max-video-preview":"max-video-preview:-1"},"canonical":"https:\/\/ebenezer-oe.org\/pl\/dokonywanie-aliji\/","og_locale":"pl_PL","og_type":"article","og_title":"Dokonywanie Aliji - Ebenezer Operation Exodus","og_description":"Dokonywanie Aliji Pomagam ci wr\u00f3ci\u0107 do domu Od 1991 roku pomogli\u015bmy ponad 190 000 Olim dokona\u0107 Aliji z wielu r\u00f3\u017cnych narod\u00f3w \u015bwiata. Jeste\u015bmy tutaj, aby uczyni\u0107 proces Aliji bardziej komfortowym. &nbsp; W by\u0142ym Zwi\u0105zku Radzieckim i innych krajach nasze zespo\u0142y znajduj\u0105 i zach\u0119caj\u0105 \u017byd\u00f3w do powrotu do Izraela w celu wype\u0142nienia proroctwa biblijnego. Dzielimy si\u0119&hellip;","og_url":"https:\/\/ebenezer-oe.org\/pl\/dokonywanie-aliji\/","og_site_name":"Ebenezer Operation Exodus","article_publisher":"https:\/\/www.facebook.com\/EbenezerInt","article_modified_time":"2023-07-26T09:52:52+00:00","og_image":[{"url":"https:\/\/ebenezeroe.wpengine.com\/wp-content\/uploads\/2021\/05\/46.png","type":"","width":"","height":""}],"twitter_card":"summary_large_image","twitter_misc":{"Szacowany czas czytania":"3 minuty"},"schema":{"@context":"https:\/\/schema.org","@graph":[{"@type":"WebPage","@id":"https:\/\/ebenezer-oe.org\/pl\/dokonywanie-aliji\/","url":"https:\/\/ebenezer-oe.org\/pl\/dokonywanie-aliji\/","name":"Dokonywanie Aliji - Ebenezer Operation Exodus","isPartOf":{"@id":"https:\/\/ebenezer-oe.org\/#website"},"primaryImageOfPage":{"@id":"https:\/\/ebenezer-oe.org\/pl\/dokonywanie-aliji\/#primaryimage"},"image":{"@id":"https:\/\/ebenezer-oe.org\/pl\/dokonywanie-aliji\/#primaryimage"},"thumbnailUrl":"https:\/\/ebenezeroe.wpengine.com\/wp-content\/uploads\/2021\/05\/46.png","datePublished":"2022-11-16T07:16:42+00:00","dateModified":"2023-07-26T09:52:52+00:00","breadcrumb":{"@id":"https:\/\/ebenezer-oe.org\/pl\/dokonywanie-aliji\/#breadcrumb"},"inLanguage":"pl-PL","potentialAction":[{"@type":"ReadAction","target":["https:\/\/ebenezer-oe.org\/pl\/dokonywanie-aliji\/"]}]},{"@type":"ImageObject","inLanguage":"pl-PL","@id":"https:\/\/ebenezer-oe.org\/pl\/dokonywanie-aliji\/#primaryimage","url":"https:\/\/ebenezeroe.wpengine.com\/wp-content\/uploads\/2021\/05\/46.png","contentUrl":"https:\/\/ebenezeroe.wpengine.com\/wp-content\/uploads\/2021\/05\/46.png"},{"@type":"BreadcrumbList","@id":"https:\/\/ebenezer-oe.org\/pl\/dokonywanie-aliji\/#breadcrumb","itemListElement":[{"@type":"ListItem","position":1,"name":"Home","item":"https:\/\/ebenezer-oe.org\/pl\/"},{"@type":"ListItem","position":2,"name":"Dokonywanie Aliji"}]},{"@type":"WebSite","@id":"https:\/\/ebenezer-oe.org\/#website","url":"https:\/\/ebenezer-oe.org\/","name":"Ebenezer - Operation Exodus","description":"","publisher":{"@id":"https:\/\/ebenezer-oe.org\/#organization"},"potentialAction":[{"@type":"SearchAction","target":{"@type":"EntryPoint","urlTemplate":"https:\/\/ebenezer-oe.org\/?s={search_term_string}"},"query-input":{"@type":"PropertyValueSpecification","valueRequired":true,"valueName":"search_term_string"}}],"inLanguage":"pl-PL"},{"@type":"Organization","@id":"https:\/\/ebenezer-oe.org\/#organization","name":"Ebenezer - Operation Exodus","url":"https:\/\/ebenezer-oe.org\/","logo":{"@type":"ImageObject","inLanguage":"pl-PL","@id":"https:\/\/ebenezer-oe.org\/#\/schema\/logo\/image\/","url":"https:\/\/ebenezeroe.wpengine.com\/wp-content\/uploads\/2020\/09\/Logo_EOE_EN_Colour-Horizontal.png","contentUrl":"https:\/\/ebenezeroe.wpengine.com\/wp-content\/uploads\/2020\/09\/Logo_EOE_EN_Colour-Horizontal.png","width":1922,"height":928,"caption":"Ebenezer - Operation Exodus"},"image":{"@id":"https:\/\/ebenezer-oe.org\/#\/schema\/logo\/image\/"},"sameAs":["https:\/\/www.facebook.com\/EbenezerInt","https:\/\/www.instagram.com\/ebenezer_oe_eng\/","https:\/\/www.youtube.com\/channel\/UC6qGHrKKeamFVz95Vd8LR1g"]}]}},"_links":{"self":[{"href":"https:\/\/ebenezer-oe.org\/pl\/wp-json\/wp\/v2\/pages\/77853","targetHints":{"allow":["GET"]}}],"collection":[{"href":"https:\/\/ebenezer-oe.org\/pl\/wp-json\/wp\/v2\/pages"}],"about":[{"href":"https:\/\/ebenezer-oe.org\/pl\/wp-json\/wp\/v2\/types\/page"}],"author":[{"embeddable":true,"href":"https:\/\/ebenezer-oe.org\/pl\/wp-json\/wp\/v2\/users\/1"}],"replies":[{"embeddable":true,"href":"https:\/\/ebenezer-oe.org\/pl\/wp-json\/wp\/v2\/comments?post=77853"}],"version-history":[{"count":0,"href":"https:\/\/ebenezer-oe.org\/pl\/wp-json\/wp\/v2\/pages\/77853\/revisions"}],"wp:attachment":[{"href":"https:\/\/ebenezer-oe.org\/pl\/wp-json\/wp\/v2\/media?parent=77853"}],"curies":[{"name":"wp","href":"https:\/\/api.w.org\/{rel}","templated":true}]}}