{"id":83821,"date":"2023-01-17T06:50:48","date_gmt":"2023-01-17T06:50:48","guid":{"rendered":"https:\/\/ebenezer-oe.org\/zostan-naszym-partnerem\/dolacz-do-modlitwy\/"},"modified":"2023-07-26T09:47:39","modified_gmt":"2023-07-26T09:47:39","slug":"dolacz-do-modlitwy","status":"publish","type":"page","link":"https:\/\/ebenezer-oe.org\/pl\/zostan-naszym-partnerem\/dolacz-do-modlitwy\/","title":{"rendered":"Do\u0142\u0105cz do modlitwy"},"content":{"rendered":"\n<h1>\n\t\tDo\u0142\u0105cz do modlitwy\n\t<\/h1>\n\t<p>Nasza s\u0142u\u017cba zrodzi\u0142a si\u0119 z modlitwy, a nasi liderzy uwa\u017caj\u0105, \u017ce modlitwa musi by\u0107 podstaw\u0105 wszystkich dzia\u0142a\u0144<strong>&#8230;<\/strong><\/p>\n<p><em>\u201eNa twoich murach, Jeruzalem, postawi\u0142em stra\u017ce: ca\u0142y dzie\u0144 i ca\u0142\u0105 noc nigdy milcze\u0107 nie b\u0119d\u0105. Wy, co przypominacie [wszystko] Panu, sami nie miejcie wytchnienia i Jemu nie dajcie spokoju, dop\u00f3ki nie odnowi i nie uczyni Jeruzalem przedmiotem chwa\u0142y na ziemi.&#8221;<\/em><\/p>\n<p>Ks. Izajasza 62:6-7<\/p>\n\t\t\t\t<img decoding=\"async\" data-src=\"https:\/\/ebenezeroe.wpengine.com\/wp-content\/uploads\/2022\/08\/Website-Images-5.png\" alt=\"Website Images-5\" itemprop=\"image\" title=\"Website Images-5\" onerror=\"this.style.display='none'\" src=\"data:image\/svg+xml;base64,PHN2ZyB3aWR0aD0iMSIgaGVpZ2h0PSIxIiB4bWxucz0iaHR0cDovL3d3dy53My5vcmcvMjAwMC9zdmciPjwvc3ZnPg==\" class=\"lazyload\" \/>\n\t<p>Alija jest Bo\u017c\u0105 inicjatyw\u0105.<\/p>\n\t<p>To On sprowadza \u017byd\u00f3w z powrotem do ich Ziemi. Pan wzywa nas aby\u015bmy stan\u0119li w modlitwie o sytuacj\u0119, w jakiej znajduje si\u0119 rozproszony nar\u00f3d \u017cydowski na ca\u0142ym \u015bwiecie i spe\u0142nienie si\u0119 ich marzenia o powrocie do Ziemi obiecanej im przez Boga. Raz po raz byli\u015bmy \u015bwiadkami jak zmienia\u0142y si\u0119 sytuacje a problemy by\u0142y rozwi\u0105zywane, gdy partnerzy modlitewni wo\u0142ali do nieba o Bo\u017ce odpowiedzi.<\/p>\n\t<p>Zaanga\u017cowanie dotyczy wielu r\u00f3\u017cnych etap\u00f3w i jeste\u015bmy wezwani, aby pokry\u0107 ka\u017cdy z nich modlitw\u0105, otwieraj\u0105c drog\u0119 do domu dla Jego \u017cydowskiego ludu (Ks. Izajasza 62:10). W tych szybko zmieniaj\u0105cych si\u0119 czasach nasza og\u00f3lno\u015bwiatowa sie\u0107 partner\u00f3w modlitewnych wstawia si\u0119 za ludno\u015bci\u0105 \u017cydowsk\u0105, kt\u00f3ra nie rzadko znajduje si\u0119 w stanie zagro\u017cenia lub niepokoju albo stoi w obliczu trudno\u015bci i skrajnego ub\u00f3stwa. Musimy r\u00f3wnie\u017c modli\u0107 si\u0119 o transport i podr\u00f3\u017ce do Izraela, w tym o nag\u0142e utrudnienia w podr\u00f3\u017cy i o wiele, wiele wi\u0119cej!<\/p>\n\t<p>Alija jest aktywna, ekscytuj\u0105ca i cudowna, a modlitwa o Alij\u0119 jest r\u00f3wnie\u017c taka!<\/p>\n\t<h2>Partnerzy Modlitewni<\/h2>\n\t<p>Niekt\u00f3rzy partnerzy modlitewni spotykaj\u0105 si\u0119 regularnie w grupach, aby modli\u0107 si\u0119 za pomoc\u0105 materia\u0142\u00f3w modlitewnych, inni modl\u0105 si\u0119 samotnie w domu. Ka\u017cda modlitwa odgrywa kluczow\u0105 rol\u0119 w trwaj\u0105cym powrocie narodu \u017cydowskiego do Izraela.<\/p>\n<p>Opr\u00f3cz modlitwy w intencji tych, kt\u00f3rzy dokonuj\u0105 Aliji, Pan kieruje nas do skupienia si\u0119 na sprawach takich jak antysemityzm, kraj Izraela oraz obecne i przesz\u0142e wydarzenia, kt\u00f3re maj\u0105 dzi\u015b wp\u0142yw na Alij\u0119. Mi\u0119dzynarodowe grupy gromadz\u0105 si\u0119 na ca\u0142ym \u015bwiecie, aby si\u0119 modli\u0107, w tym w miejscach zag\u0142ady takich jak Auschwitz, gdzie jedne z najgorszych okrucie\u0144stw w historii mia\u0142y miejsce na narodzie \u017cydowskim. Modlitwa tego rodzaju jest regularnie podejmowana w strategicznych miejscach, zgodnie z prowadzeniem Boga.<\/p>\n\t<h2>Oto typowa sytuacja, kt\u00f3ra wymaga\u0142a modlitwy:<\/h2>\n\t\t\t<p><i>Aida zosta\u0142a wychowana przez matk\u0119 i nie mia\u0142a poj\u0119cia o swoim \u017cydowskim pochodzeniu. Dopiero w wieku 35 lat dowiedzia\u0142a si\u0119 o swoim \u017cydowskim ojcu i odkry\u0142a, \u017ce ma izraelskiego brata i siostry. Kiedy zmar\u0142 ich ojciec, rodze\u0144stwo Aidy zaprosi\u0142o j\u0105 do Izraela i bardzo serdecznie j\u0105 przyj\u0119\u0142o! Kilka lat p\u00f3\u017aniej Aida sama wychowywa\u0142a tr\u00f3jk\u0119 swoich dzieci i \u017cy\u0142a w niewiarygodnie trudnych warunkach. Wiedzia\u0142a o mo\u017cliwo\u015bci dokonania Aliji ale test DNA potwierdzaj\u0105cy jej zwi\u0105zki z izraelsk\u0105 rodzin\u0105 by\u0142 bardzo kosztowny, nie wspominaj\u0105c o innych kosztach i praktycznych aspektach przeprowadzki do innego kraju. Ca\u0142y proces wydawa\u0142 si\u0119 niemo\u017cliwy! Partnerzy modlitewni Operacji Exodus Ebenezer na ca\u0142ym \u015bwiecie przynie\u015bli t\u0119 rodzin\u0119 przed Boga w modlitwie &#8211; i wkr\u00f3tce zorganizowano niezb\u0119dne testy DNA, zapewniono fundusze.<\/i><i> Aida i jej dzieci otrzyma\u0142y wizy i s\u0105 teraz szcz\u0119\u015bliwi w Izraelu! <\/i><\/p>\t\t\n\t<p>Nasza Sie\u0107 Modlitewna<\/p>\n\t<p>Aby dowiedzie\u0107 si\u0119 wi\u0119cej i sta\u0107 si\u0119 cz\u0119\u015bci\u0105 tej og\u00f3lno\u015bwiatowej sieci modlitewnej, kt\u00f3ra dzia\u0142a w ponad 55 krajach, zapraszamy do kontaktu, klikaj\u0105c poni\u017cszy przycisk.<\/p>\n\t\t\t<a href=\"https:\/\/ebenezer-oe.org\/pl\/skontaktuj-sie-z-nami\/\" target=\"_self\" rel=\"noopener\">\n\t\t\t\t\t\t\tZapisz mnie!\n\t\t\t\t\t<\/a>\n\n","protected":false},"excerpt":{"rendered":"<p>Do\u0142\u0105cz do modlitwy Nasza s\u0142u\u017cba zrodzi\u0142a si\u0119 z modlitwy, a nasi liderzy uwa\u017caj\u0105, \u017ce modlitwa musi by\u0107 podstaw\u0105 wszystkich dzia\u0142a\u0144&#8230; \u201eNa twoich murach, Jeruzalem, postawi\u0142em stra\u017ce: ca\u0142y dzie\u0144 i ca\u0142\u0105 noc nigdy milcze\u0107 nie b\u0119d\u0105. Wy, co przypominacie [wszystko] Panu, sami nie miejcie wytchnienia i Jemu nie dajcie spokoju, dop\u00f3ki nie odnowi i nie uczyni&hellip;<\/p>\n","protected":false},"author":1,"featured_media":0,"parent":83809,"menu_order":0,"comment_status":"closed","ping_status":"closed","template":"","meta":{"footnotes":""},"class_list":["post-83821","page","type-page","status-publish","hentry"],"yoast_head":"<!-- This site is optimized with the Yoast SEO plugin v27.2 - https:\/\/yoast.com\/product\/yoast-seo-wordpress\/ -->\n<title>Do\u0142\u0105cz do modlitwy - Ebenezer Operation Exodus<\/title>\n<meta name=\"robots\" content=\"index, follow, max-snippet:-1, max-image-preview:large, max-video-preview:-1\" \/>\n<link rel=\"canonical\" href=\"https:\/\/ebenezer-oe.org\/pl\/zostan-naszym-partnerem\/dolacz-do-modlitwy\/\" \/>\n<meta property=\"og:locale\" content=\"pl_PL\" \/>\n<meta property=\"og:type\" content=\"article\" \/>\n<meta property=\"og:title\" content=\"Do\u0142\u0105cz do modlitwy - Ebenezer Operation Exodus\" \/>\n<meta property=\"og:description\" content=\"Do\u0142\u0105cz do modlitwy Nasza s\u0142u\u017cba zrodzi\u0142a si\u0119 z modlitwy, a nasi liderzy uwa\u017caj\u0105, \u017ce modlitwa musi by\u0107 podstaw\u0105 wszystkich dzia\u0142a\u0144&#8230; \u201eNa twoich murach, Jeruzalem, postawi\u0142em stra\u017ce: ca\u0142y dzie\u0144 i ca\u0142\u0105 noc nigdy milcze\u0107 nie b\u0119d\u0105. Wy, co przypominacie [wszystko] Panu, sami nie miejcie wytchnienia i Jemu nie dajcie spokoju, dop\u00f3ki nie odnowi i nie uczyni&hellip;\" \/>\n<meta property=\"og:url\" content=\"https:\/\/ebenezer-oe.org\/pl\/zostan-naszym-partnerem\/dolacz-do-modlitwy\/\" \/>\n<meta property=\"og:site_name\" content=\"Ebenezer Operation Exodus\" \/>\n<meta property=\"article:publisher\" content=\"https:\/\/www.facebook.com\/EbenezerInt\" \/>\n<meta property=\"article:modified_time\" content=\"2023-07-26T09:47:39+00:00\" \/>\n<meta property=\"og:image\" content=\"https:\/\/ebenezeroe.wpengine.com\/wp-content\/uploads\/2022\/08\/Website-Images-5.png\" \/>\n<meta name=\"twitter:card\" content=\"summary_large_image\" \/>\n<meta name=\"twitter:label1\" content=\"Szacowany czas czytania\" \/>\n\t<meta name=\"twitter:data1\" content=\"3 minuty\" \/>\n<script type=\"application\/ld+json\" class=\"yoast-schema-graph\">{\"@context\":\"https:\/\/schema.org\",\"@graph\":[{\"@type\":\"WebPage\",\"@id\":\"https:\/\/ebenezer-oe.org\/pl\/zostan-naszym-partnerem\/dolacz-do-modlitwy\/\",\"url\":\"https:\/\/ebenezer-oe.org\/pl\/zostan-naszym-partnerem\/dolacz-do-modlitwy\/\",\"name\":\"Do\u0142\u0105cz do modlitwy - Ebenezer Operation Exodus\",\"isPartOf\":{\"@id\":\"https:\/\/ebenezer-oe.org\/#website\"},\"primaryImageOfPage\":{\"@id\":\"https:\/\/ebenezer-oe.org\/pl\/zostan-naszym-partnerem\/dolacz-do-modlitwy\/#primaryimage\"},\"image\":{\"@id\":\"https:\/\/ebenezer-oe.org\/pl\/zostan-naszym-partnerem\/dolacz-do-modlitwy\/#primaryimage\"},\"thumbnailUrl\":\"https:\/\/ebenezeroe.wpengine.com\/wp-content\/uploads\/2022\/08\/Website-Images-5.png\",\"datePublished\":\"2023-01-17T06:50:48+00:00\",\"dateModified\":\"2023-07-26T09:47:39+00:00\",\"breadcrumb\":{\"@id\":\"https:\/\/ebenezer-oe.org\/pl\/zostan-naszym-partnerem\/dolacz-do-modlitwy\/#breadcrumb\"},\"inLanguage\":\"pl-PL\",\"potentialAction\":[{\"@type\":\"ReadAction\",\"target\":[\"https:\/\/ebenezer-oe.org\/pl\/zostan-naszym-partnerem\/dolacz-do-modlitwy\/\"]}]},{\"@type\":\"ImageObject\",\"inLanguage\":\"pl-PL\",\"@id\":\"https:\/\/ebenezer-oe.org\/pl\/zostan-naszym-partnerem\/dolacz-do-modlitwy\/#primaryimage\",\"url\":\"https:\/\/ebenezeroe.wpengine.com\/wp-content\/uploads\/2022\/08\/Website-Images-5.png\",\"contentUrl\":\"https:\/\/ebenezeroe.wpengine.com\/wp-content\/uploads\/2022\/08\/Website-Images-5.png\"},{\"@type\":\"BreadcrumbList\",\"@id\":\"https:\/\/ebenezer-oe.org\/pl\/zostan-naszym-partnerem\/dolacz-do-modlitwy\/#breadcrumb\",\"itemListElement\":[{\"@type\":\"ListItem\",\"position\":1,\"name\":\"Home\",\"item\":\"https:\/\/ebenezer-oe.org\/pl\/\"},{\"@type\":\"ListItem\",\"position\":2,\"name\":\"Zosta\u0144 naszym partnerem\",\"item\":\"https:\/\/ebenezer-oe.org\/pl\/zostan-naszym-partnerem\/\"},{\"@type\":\"ListItem\",\"position\":3,\"name\":\"Do\u0142\u0105cz do modlitwy\"}]},{\"@type\":\"WebSite\",\"@id\":\"https:\/\/ebenezer-oe.org\/#website\",\"url\":\"https:\/\/ebenezer-oe.org\/\",\"name\":\"Ebenezer - Operation Exodus\",\"description\":\"\",\"publisher\":{\"@id\":\"https:\/\/ebenezer-oe.org\/#organization\"},\"potentialAction\":[{\"@type\":\"SearchAction\",\"target\":{\"@type\":\"EntryPoint\",\"urlTemplate\":\"https:\/\/ebenezer-oe.org\/?s={search_term_string}\"},\"query-input\":{\"@type\":\"PropertyValueSpecification\",\"valueRequired\":true,\"valueName\":\"search_term_string\"}}],\"inLanguage\":\"pl-PL\"},{\"@type\":\"Organization\",\"@id\":\"https:\/\/ebenezer-oe.org\/#organization\",\"name\":\"Ebenezer - Operation Exodus\",\"url\":\"https:\/\/ebenezer-oe.org\/\",\"logo\":{\"@type\":\"ImageObject\",\"inLanguage\":\"pl-PL\",\"@id\":\"https:\/\/ebenezer-oe.org\/#\/schema\/logo\/image\/\",\"url\":\"https:\/\/ebenezeroe.wpengine.com\/wp-content\/uploads\/2020\/09\/Logo_EOE_EN_Colour-Horizontal.png\",\"contentUrl\":\"https:\/\/ebenezeroe.wpengine.com\/wp-content\/uploads\/2020\/09\/Logo_EOE_EN_Colour-Horizontal.png\",\"width\":1922,\"height\":928,\"caption\":\"Ebenezer - Operation Exodus\"},\"image\":{\"@id\":\"https:\/\/ebenezer-oe.org\/#\/schema\/logo\/image\/\"},\"sameAs\":[\"https:\/\/www.facebook.com\/EbenezerInt\",\"https:\/\/www.instagram.com\/ebenezer_oe_eng\/\",\"https:\/\/www.youtube.com\/channel\/UC6qGHrKKeamFVz95Vd8LR1g\"]}]}<\/script>\n<!-- \/ Yoast SEO plugin. -->","yoast_head_json":{"title":"Do\u0142\u0105cz do modlitwy - Ebenezer Operation Exodus","robots":{"index":"index","follow":"follow","max-snippet":"max-snippet:-1","max-image-preview":"max-image-preview:large","max-video-preview":"max-video-preview:-1"},"canonical":"https:\/\/ebenezer-oe.org\/pl\/zostan-naszym-partnerem\/dolacz-do-modlitwy\/","og_locale":"pl_PL","og_type":"article","og_title":"Do\u0142\u0105cz do modlitwy - Ebenezer Operation Exodus","og_description":"Do\u0142\u0105cz do modlitwy Nasza s\u0142u\u017cba zrodzi\u0142a si\u0119 z modlitwy, a nasi liderzy uwa\u017caj\u0105, \u017ce modlitwa musi by\u0107 podstaw\u0105 wszystkich dzia\u0142a\u0144&#8230; \u201eNa twoich murach, Jeruzalem, postawi\u0142em stra\u017ce: ca\u0142y dzie\u0144 i ca\u0142\u0105 noc nigdy milcze\u0107 nie b\u0119d\u0105. Wy, co przypominacie [wszystko] Panu, sami nie miejcie wytchnienia i Jemu nie dajcie spokoju, dop\u00f3ki nie odnowi i nie uczyni&hellip;","og_url":"https:\/\/ebenezer-oe.org\/pl\/zostan-naszym-partnerem\/dolacz-do-modlitwy\/","og_site_name":"Ebenezer Operation Exodus","article_publisher":"https:\/\/www.facebook.com\/EbenezerInt","article_modified_time":"2023-07-26T09:47:39+00:00","og_image":[{"url":"https:\/\/ebenezeroe.wpengine.com\/wp-content\/uploads\/2022\/08\/Website-Images-5.png","type":"","width":"","height":""}],"twitter_card":"summary_large_image","twitter_misc":{"Szacowany czas czytania":"3 minuty"},"schema":{"@context":"https:\/\/schema.org","@graph":[{"@type":"WebPage","@id":"https:\/\/ebenezer-oe.org\/pl\/zostan-naszym-partnerem\/dolacz-do-modlitwy\/","url":"https:\/\/ebenezer-oe.org\/pl\/zostan-naszym-partnerem\/dolacz-do-modlitwy\/","name":"Do\u0142\u0105cz do modlitwy - Ebenezer Operation Exodus","isPartOf":{"@id":"https:\/\/ebenezer-oe.org\/#website"},"primaryImageOfPage":{"@id":"https:\/\/ebenezer-oe.org\/pl\/zostan-naszym-partnerem\/dolacz-do-modlitwy\/#primaryimage"},"image":{"@id":"https:\/\/ebenezer-oe.org\/pl\/zostan-naszym-partnerem\/dolacz-do-modlitwy\/#primaryimage"},"thumbnailUrl":"https:\/\/ebenezeroe.wpengine.com\/wp-content\/uploads\/2022\/08\/Website-Images-5.png","datePublished":"2023-01-17T06:50:48+00:00","dateModified":"2023-07-26T09:47:39+00:00","breadcrumb":{"@id":"https:\/\/ebenezer-oe.org\/pl\/zostan-naszym-partnerem\/dolacz-do-modlitwy\/#breadcrumb"},"inLanguage":"pl-PL","potentialAction":[{"@type":"ReadAction","target":["https:\/\/ebenezer-oe.org\/pl\/zostan-naszym-partnerem\/dolacz-do-modlitwy\/"]}]},{"@type":"ImageObject","inLanguage":"pl-PL","@id":"https:\/\/ebenezer-oe.org\/pl\/zostan-naszym-partnerem\/dolacz-do-modlitwy\/#primaryimage","url":"https:\/\/ebenezeroe.wpengine.com\/wp-content\/uploads\/2022\/08\/Website-Images-5.png","contentUrl":"https:\/\/ebenezeroe.wpengine.com\/wp-content\/uploads\/2022\/08\/Website-Images-5.png"},{"@type":"BreadcrumbList","@id":"https:\/\/ebenezer-oe.org\/pl\/zostan-naszym-partnerem\/dolacz-do-modlitwy\/#breadcrumb","itemListElement":[{"@type":"ListItem","position":1,"name":"Home","item":"https:\/\/ebenezer-oe.org\/pl\/"},{"@type":"ListItem","position":2,"name":"Zosta\u0144 naszym partnerem","item":"https:\/\/ebenezer-oe.org\/pl\/zostan-naszym-partnerem\/"},{"@type":"ListItem","position":3,"name":"Do\u0142\u0105cz do modlitwy"}]},{"@type":"WebSite","@id":"https:\/\/ebenezer-oe.org\/#website","url":"https:\/\/ebenezer-oe.org\/","name":"Ebenezer - Operation Exodus","description":"","publisher":{"@id":"https:\/\/ebenezer-oe.org\/#organization"},"potentialAction":[{"@type":"SearchAction","target":{"@type":"EntryPoint","urlTemplate":"https:\/\/ebenezer-oe.org\/?s={search_term_string}"},"query-input":{"@type":"PropertyValueSpecification","valueRequired":true,"valueName":"search_term_string"}}],"inLanguage":"pl-PL"},{"@type":"Organization","@id":"https:\/\/ebenezer-oe.org\/#organization","name":"Ebenezer - Operation Exodus","url":"https:\/\/ebenezer-oe.org\/","logo":{"@type":"ImageObject","inLanguage":"pl-PL","@id":"https:\/\/ebenezer-oe.org\/#\/schema\/logo\/image\/","url":"https:\/\/ebenezeroe.wpengine.com\/wp-content\/uploads\/2020\/09\/Logo_EOE_EN_Colour-Horizontal.png","contentUrl":"https:\/\/ebenezeroe.wpengine.com\/wp-content\/uploads\/2020\/09\/Logo_EOE_EN_Colour-Horizontal.png","width":1922,"height":928,"caption":"Ebenezer - Operation Exodus"},"image":{"@id":"https:\/\/ebenezer-oe.org\/#\/schema\/logo\/image\/"},"sameAs":["https:\/\/www.facebook.com\/EbenezerInt","https:\/\/www.instagram.com\/ebenezer_oe_eng\/","https:\/\/www.youtube.com\/channel\/UC6qGHrKKeamFVz95Vd8LR1g"]}]}},"_links":{"self":[{"href":"https:\/\/ebenezer-oe.org\/pl\/wp-json\/wp\/v2\/pages\/83821","targetHints":{"allow":["GET"]}}],"collection":[{"href":"https:\/\/ebenezer-oe.org\/pl\/wp-json\/wp\/v2\/pages"}],"about":[{"href":"https:\/\/ebenezer-oe.org\/pl\/wp-json\/wp\/v2\/types\/page"}],"author":[{"embeddable":true,"href":"https:\/\/ebenezer-oe.org\/pl\/wp-json\/wp\/v2\/users\/1"}],"replies":[{"embeddable":true,"href":"https:\/\/ebenezer-oe.org\/pl\/wp-json\/wp\/v2\/comments?post=83821"}],"version-history":[{"count":0,"href":"https:\/\/ebenezer-oe.org\/pl\/wp-json\/wp\/v2\/pages\/83821\/revisions"}],"up":[{"embeddable":true,"href":"https:\/\/ebenezer-oe.org\/pl\/wp-json\/wp\/v2\/pages\/83809"}],"wp:attachment":[{"href":"https:\/\/ebenezer-oe.org\/pl\/wp-json\/wp\/v2\/media?parent=83821"}],"curies":[{"name":"wp","href":"https:\/\/api.w.org\/{rel}","templated":true}]}}